{"id":8743,"date":"2023-03-17T18:20:48","date_gmt":"2023-03-17T16:20:48","guid":{"rendered":"https:\/\/recover.lajunglebijoux.com\/product\/bague-tete-mort-cesar-argent\/"},"modified":"2023-05-25T15:02:29","modified_gmt":"2023-05-25T15:02:29","slug":"bague-tete-mort-cesar-argent","status":"publish","type":"product","link":"https:\/\/recover.lajunglebijoux.com\/es\/producto\/bague-tete-mort-cesar-argent\/","title":{"rendered":"Anillo C\u00e9sar Memento Mori Plata"},"content":{"rendered":"","protected":false},"excerpt":{"rendered":"<p>Anillo de calavera con corona de C\u00e9sar en lat\u00f3n plateado, aprox. 10 micras.<\/p>\n<p>Hecho por encargo, enviado aproximadamente 2 semanas despu\u00e9s de la fecha del pedido.<\/p>\n<p>Colecci\u00f3n Memento Mori \u00abrecuerda que eres mortal\u00bb en colaboraci\u00f3n con el artista del tatuaje @feverofcreation . La calavera y las tibias cruzadas son s\u00edmbolos hist\u00f3ricos del tatuaje.<\/p>\n<p>Cada anillo est\u00e1 esculpido a mano mediante la t\u00e9cnica tradicional de joyer\u00eda de fundici\u00f3n a la cera perdida.<\/p>\n<p>Uno de los anillos ha sido esmaltado en negro en los ojos y la nariz y los huecos, a elegir en la barra desplegable.<\/p>\n<p>Por favor, indique en los comentarios al final del pedido la talla exacta de su dedo.<\/p>\n","protected":false},"featured_media":7011,"comment_status":"open","ping_status":"closed","template":"","meta":{"_acf_changed":false},"product_cat":[127],"product_tag":[],"class_list":{"0":"post-8743","1":"product","2":"type-product","3":"status-publish","4":"has-post-thumbnail","6":"product_cat-memento-mori-es","7":"pa_modele-anillos","8":"pa_modele-joyas-plata","9":"pa_modele-joyas-hombres","10":"pa_theme-joyas-rock","12":"first","13":"instock","14":"shipping-taxable","15":"purchasable","16":"product-type-variable"},"acf":[],"yoast_head":"<!-- This site is optimized with the Yoast SEO plugin v23.3 - https:\/\/yoast.com\/wordpress\/plugins\/seo\/ -->\n<title>Anillo C\u00e9sar Memento Mori Plata - La Jungle Bijoux<\/title>\n<meta name=\"description\" content=\"Adopta una pieza de joyer\u00eda \u00fanica con el anillo calavera C\u00e9sar. \u00a1Un anillo unisex con estilo rock&#039;n&#039;roll! Disponible en ba\u00f1o de plata y esmalte negro.\" \/>\n<meta name=\"robots\" content=\"index, follow, max-snippet:-1, max-image-preview:large, max-video-preview:-1\" \/>\n<link rel=\"canonical\" href=\"https:\/\/recover.lajunglebijoux.com\/es\/producto\/bague-tete-mort-cesar-argent\/\" \/>\n<meta property=\"og:locale\" content=\"es_ES\" \/>\n<meta property=\"og:type\" content=\"article\" \/>\n<meta property=\"og:title\" content=\"Anillo C\u00e9sar Memento Mori Plata - La Jungle Bijoux\" \/>\n<meta property=\"og:description\" content=\"Adopta una pieza de joyer\u00eda \u00fanica con el anillo calavera C\u00e9sar. \u00a1Un anillo unisex con estilo rock&#039;n&#039;roll! Disponible en ba\u00f1o de plata y esmalte negro.\" \/>\n<meta property=\"og:url\" content=\"https:\/\/recover.lajunglebijoux.com\/es\/producto\/bague-tete-mort-cesar-argent\/\" \/>\n<meta property=\"og:site_name\" content=\"La Jungle Bijoux\" \/>\n<meta property=\"article:modified_time\" content=\"2023-05-25T15:02:29+00:00\" \/>\n<meta property=\"og:image\" content=\"http:\/\/recover.lajunglebijoux.com\/wp-content\/uploads\/2023\/03\/IMG_1218-BIS-scaled.jpg\" \/>\n\t<meta property=\"og:image:width\" content=\"2560\" \/>\n\t<meta property=\"og:image:height\" content=\"1709\" \/>\n\t<meta property=\"og:image:type\" content=\"image\/jpeg\" \/>\n<meta name=\"twitter:card\" content=\"summary_large_image\" \/>\n<script type=\"application\/ld+json\" class=\"yoast-schema-graph\">{\"@context\":\"https:\/\/schema.org\",\"@graph\":[{\"@type\":\"WebPage\",\"@id\":\"https:\/\/recover.lajunglebijoux.com\/es\/producto\/bague-tete-mort-cesar-argent\/\",\"url\":\"https:\/\/recover.lajunglebijoux.com\/es\/producto\/bague-tete-mort-cesar-argent\/\",\"name\":\"Anillo C\u00e9sar Memento Mori Plata - La Jungle Bijoux\",\"isPartOf\":{\"@id\":\"https:\/\/recover.lajunglebijoux.com\/es\/#website\"},\"primaryImageOfPage\":{\"@id\":\"https:\/\/recover.lajunglebijoux.com\/es\/producto\/bague-tete-mort-cesar-argent\/#primaryimage\"},\"image\":{\"@id\":\"https:\/\/recover.lajunglebijoux.com\/es\/producto\/bague-tete-mort-cesar-argent\/#primaryimage\"},\"thumbnailUrl\":\"https:\/\/recover.lajunglebijoux.com\/wp-content\/uploads\/2023\/03\/IMG_1218-BIS-scaled.jpg\",\"datePublished\":\"2023-03-17T16:20:48+00:00\",\"dateModified\":\"2023-05-25T15:02:29+00:00\",\"description\":\"Adopta una pieza de joyer\u00eda \u00fanica con el anillo calavera C\u00e9sar. \u00a1Un anillo unisex con estilo rock'n'roll! Disponible en ba\u00f1o de plata y esmalte negro.\",\"breadcrumb\":{\"@id\":\"https:\/\/recover.lajunglebijoux.com\/es\/producto\/bague-tete-mort-cesar-argent\/#breadcrumb\"},\"inLanguage\":\"es\",\"potentialAction\":[{\"@type\":\"ReadAction\",\"target\":[\"https:\/\/recover.lajunglebijoux.com\/es\/producto\/bague-tete-mort-cesar-argent\/\"]}]},{\"@type\":\"ImageObject\",\"inLanguage\":\"es\",\"@id\":\"https:\/\/recover.lajunglebijoux.com\/es\/producto\/bague-tete-mort-cesar-argent\/#primaryimage\",\"url\":\"https:\/\/recover.lajunglebijoux.com\/wp-content\/uploads\/2023\/03\/IMG_1218-BIS-scaled.jpg\",\"contentUrl\":\"https:\/\/recover.lajunglebijoux.com\/wp-content\/uploads\/2023\/03\/IMG_1218-BIS-scaled.jpg\",\"width\":2560,\"height\":1709,\"caption\":\"bague cr\u00e2ne homme\"},{\"@type\":\"BreadcrumbList\",\"@id\":\"https:\/\/recover.lajunglebijoux.com\/es\/producto\/bague-tete-mort-cesar-argent\/#breadcrumb\",\"itemListElement\":[{\"@type\":\"ListItem\",\"position\":1,\"name\":\"Portada\",\"item\":\"https:\/\/recover.lajunglebijoux.com\/es\/\"},{\"@type\":\"ListItem\",\"position\":2,\"name\":\"Tienda\",\"item\":\"https:\/\/recover.lajunglebijoux.com\/es\/tienda\/\"},{\"@type\":\"ListItem\",\"position\":3,\"name\":\"Anillo C\u00e9sar Memento Mori Plata\"}]},{\"@type\":\"WebSite\",\"@id\":\"https:\/\/recover.lajunglebijoux.com\/es\/#website\",\"url\":\"https:\/\/recover.lajunglebijoux.com\/es\/\",\"name\":\"La Jungle Bijoux\",\"description\":\"\",\"publisher\":{\"@id\":\"https:\/\/recover.lajunglebijoux.com\/es\/#organization\"},\"potentialAction\":[{\"@type\":\"SearchAction\",\"target\":{\"@type\":\"EntryPoint\",\"urlTemplate\":\"https:\/\/recover.lajunglebijoux.com\/es\/?s={search_term_string}\"},\"query-input\":\"required name=search_term_string\"}],\"inLanguage\":\"es\"},{\"@type\":\"Organization\",\"@id\":\"https:\/\/recover.lajunglebijoux.com\/es\/#organization\",\"name\":\"La Jungle Bijoux\",\"url\":\"https:\/\/recover.lajunglebijoux.com\/es\/\",\"logo\":{\"@type\":\"ImageObject\",\"inLanguage\":\"es\",\"@id\":\"https:\/\/recover.lajunglebijoux.com\/es\/#\/schema\/logo\/image\/\",\"url\":\"https:\/\/recover.lajunglebijoux.com\/wp-content\/uploads\/2023\/01\/LOGO-FINAL-Fonce.jpg\",\"contentUrl\":\"https:\/\/recover.lajunglebijoux.com\/wp-content\/uploads\/2023\/01\/LOGO-FINAL-Fonce.jpg\",\"width\":900,\"height\":900,\"caption\":\"La Jungle Bijoux\"},\"image\":{\"@id\":\"https:\/\/recover.lajunglebijoux.com\/es\/#\/schema\/logo\/image\/\"}}]}<\/script>\n<!-- \/ Yoast SEO plugin. -->","yoast_head_json":{"title":"Anillo C\u00e9sar Memento Mori Plata - La Jungle Bijoux","description":"Adopta una pieza de joyer\u00eda \u00fanica con el anillo calavera C\u00e9sar. \u00a1Un anillo unisex con estilo rock'n'roll! Disponible en ba\u00f1o de plata y esmalte negro.","robots":{"index":"index","follow":"follow","max-snippet":"max-snippet:-1","max-image-preview":"max-image-preview:large","max-video-preview":"max-video-preview:-1"},"canonical":"https:\/\/recover.lajunglebijoux.com\/es\/producto\/bague-tete-mort-cesar-argent\/","og_locale":"es_ES","og_type":"article","og_title":"Anillo C\u00e9sar Memento Mori Plata - La Jungle Bijoux","og_description":"Adopta una pieza de joyer\u00eda \u00fanica con el anillo calavera C\u00e9sar. \u00a1Un anillo unisex con estilo rock'n'roll! Disponible en ba\u00f1o de plata y esmalte negro.","og_url":"https:\/\/recover.lajunglebijoux.com\/es\/producto\/bague-tete-mort-cesar-argent\/","og_site_name":"La Jungle Bijoux","article_modified_time":"2023-05-25T15:02:29+00:00","og_image":[{"width":2560,"height":1709,"url":"http:\/\/recover.lajunglebijoux.com\/wp-content\/uploads\/2023\/03\/IMG_1218-BIS-scaled.jpg","type":"image\/jpeg"}],"twitter_card":"summary_large_image","schema":{"@context":"https:\/\/schema.org","@graph":[{"@type":"WebPage","@id":"https:\/\/recover.lajunglebijoux.com\/es\/producto\/bague-tete-mort-cesar-argent\/","url":"https:\/\/recover.lajunglebijoux.com\/es\/producto\/bague-tete-mort-cesar-argent\/","name":"Anillo C\u00e9sar Memento Mori Plata - La Jungle Bijoux","isPartOf":{"@id":"https:\/\/recover.lajunglebijoux.com\/es\/#website"},"primaryImageOfPage":{"@id":"https:\/\/recover.lajunglebijoux.com\/es\/producto\/bague-tete-mort-cesar-argent\/#primaryimage"},"image":{"@id":"https:\/\/recover.lajunglebijoux.com\/es\/producto\/bague-tete-mort-cesar-argent\/#primaryimage"},"thumbnailUrl":"https:\/\/recover.lajunglebijoux.com\/wp-content\/uploads\/2023\/03\/IMG_1218-BIS-scaled.jpg","datePublished":"2023-03-17T16:20:48+00:00","dateModified":"2023-05-25T15:02:29+00:00","description":"Adopta una pieza de joyer\u00eda \u00fanica con el anillo calavera C\u00e9sar. \u00a1Un anillo unisex con estilo rock'n'roll! Disponible en ba\u00f1o de plata y esmalte negro.","breadcrumb":{"@id":"https:\/\/recover.lajunglebijoux.com\/es\/producto\/bague-tete-mort-cesar-argent\/#breadcrumb"},"inLanguage":"es","potentialAction":[{"@type":"ReadAction","target":["https:\/\/recover.lajunglebijoux.com\/es\/producto\/bague-tete-mort-cesar-argent\/"]}]},{"@type":"ImageObject","inLanguage":"es","@id":"https:\/\/recover.lajunglebijoux.com\/es\/producto\/bague-tete-mort-cesar-argent\/#primaryimage","url":"https:\/\/recover.lajunglebijoux.com\/wp-content\/uploads\/2023\/03\/IMG_1218-BIS-scaled.jpg","contentUrl":"https:\/\/recover.lajunglebijoux.com\/wp-content\/uploads\/2023\/03\/IMG_1218-BIS-scaled.jpg","width":2560,"height":1709,"caption":"bague cr\u00e2ne homme"},{"@type":"BreadcrumbList","@id":"https:\/\/recover.lajunglebijoux.com\/es\/producto\/bague-tete-mort-cesar-argent\/#breadcrumb","itemListElement":[{"@type":"ListItem","position":1,"name":"Portada","item":"https:\/\/recover.lajunglebijoux.com\/es\/"},{"@type":"ListItem","position":2,"name":"Tienda","item":"https:\/\/recover.lajunglebijoux.com\/es\/tienda\/"},{"@type":"ListItem","position":3,"name":"Anillo C\u00e9sar Memento Mori Plata"}]},{"@type":"WebSite","@id":"https:\/\/recover.lajunglebijoux.com\/es\/#website","url":"https:\/\/recover.lajunglebijoux.com\/es\/","name":"La Jungle Bijoux","description":"","publisher":{"@id":"https:\/\/recover.lajunglebijoux.com\/es\/#organization"},"potentialAction":[{"@type":"SearchAction","target":{"@type":"EntryPoint","urlTemplate":"https:\/\/recover.lajunglebijoux.com\/es\/?s={search_term_string}"},"query-input":"required name=search_term_string"}],"inLanguage":"es"},{"@type":"Organization","@id":"https:\/\/recover.lajunglebijoux.com\/es\/#organization","name":"La Jungle Bijoux","url":"https:\/\/recover.lajunglebijoux.com\/es\/","logo":{"@type":"ImageObject","inLanguage":"es","@id":"https:\/\/recover.lajunglebijoux.com\/es\/#\/schema\/logo\/image\/","url":"https:\/\/recover.lajunglebijoux.com\/wp-content\/uploads\/2023\/01\/LOGO-FINAL-Fonce.jpg","contentUrl":"https:\/\/recover.lajunglebijoux.com\/wp-content\/uploads\/2023\/01\/LOGO-FINAL-Fonce.jpg","width":900,"height":900,"caption":"La Jungle Bijoux"},"image":{"@id":"https:\/\/recover.lajunglebijoux.com\/es\/#\/schema\/logo\/image\/"}}]}},"_links":{"self":[{"href":"https:\/\/recover.lajunglebijoux.com\/es\/wp-json\/wp\/v2\/product\/8743","targetHints":{"allow":["GET"]}}],"collection":[{"href":"https:\/\/recover.lajunglebijoux.com\/es\/wp-json\/wp\/v2\/product"}],"about":[{"href":"https:\/\/recover.lajunglebijoux.com\/es\/wp-json\/wp\/v2\/types\/product"}],"replies":[{"embeddable":true,"href":"https:\/\/recover.lajunglebijoux.com\/es\/wp-json\/wp\/v2\/comments?post=8743"}],"wp:featuredmedia":[{"embeddable":true,"href":"https:\/\/recover.lajunglebijoux.com\/es\/wp-json\/wp\/v2\/media\/7011"}],"wp:attachment":[{"href":"https:\/\/recover.lajunglebijoux.com\/es\/wp-json\/wp\/v2\/media?parent=8743"}],"wp:term":[{"taxonomy":"product_cat","embeddable":true,"href":"https:\/\/recover.lajunglebijoux.com\/es\/wp-json\/wp\/v2\/product_cat?post=8743"},{"taxonomy":"product_tag","embeddable":true,"href":"https:\/\/recover.lajunglebijoux.com\/es\/wp-json\/wp\/v2\/product_tag?post=8743"}],"curies":[{"name":"wp","href":"https:\/\/api.w.org\/{rel}","templated":true}]}}