{"id":8643,"date":"2022-11-07T10:23:33","date_gmt":"2022-11-07T08:23:33","guid":{"rendered":"https:\/\/recover.lajunglebijoux.com\/product\/collier-chakra-couronne\/"},"modified":"2023-05-25T10:52:49","modified_gmt":"2023-05-25T10:52:49","slug":"collier-chakra-couronne","status":"publish","type":"product","link":"https:\/\/recover.lajunglebijoux.com\/es\/producto\/collier-chakra-couronne\/","title":{"rendered":"CORONA CHAKRA &#8211; collar de oro"},"content":{"rendered":"","protected":false},"excerpt":{"rendered":"<p>Collar de lat\u00f3n chapado en oro de 18 quilates, 3 micras de alta resistencia.<\/p>\n<p>Corto: 40cm + 5cm extensi\u00f3n<\/p>\n<p>Largo medio: 55cm + 5cm de extensi\u00f3n<\/p>\n<p>Collar largo: 80cm<\/p>\n<p>Este chakra est\u00e1 situado en la parte superior del cr\u00e1neo y est\u00e1 simbolizado por el loto de mil p\u00e9talos. Su color es el p\u00farpura.<\/p>\n<p>Es el chakra de la iluminaci\u00f3n o de la autorrealizaci\u00f3n, de la plenitud.<\/p>\n","protected":false},"featured_media":2341,"comment_status":"open","ping_status":"closed","template":"","meta":{"_acf_changed":false},"product_cat":[69],"product_tag":[],"class_list":{"0":"post-8643","1":"product","2":"type-product","3":"status-publish","4":"has-post-thumbnail","6":"product_cat-7-chakras-es","7":"pa_modele-collares","8":"pa_theme-joyas-bienestar","10":"first","11":"instock","12":"shipping-taxable","13":"purchasable","14":"product-type-variable"},"acf":[],"yoast_head":"<!-- This site is optimized with the Yoast SEO plugin v23.3 - https:\/\/yoast.com\/wordpress\/plugins\/seo\/ -->\n<title>CORONA CHAKRA - collar de oro - La Jungle Bijoux<\/title>\n<meta name=\"description\" content=\"Chakra de la iluminaci\u00f3n y la plenitud, el chakra coronario se lleva como un collar de loto con mil p\u00e9talos gracias a nuestra colecci\u00f3n de collares de chakras.\" \/>\n<meta name=\"robots\" content=\"index, follow, max-snippet:-1, max-image-preview:large, max-video-preview:-1\" \/>\n<link rel=\"canonical\" href=\"https:\/\/recover.lajunglebijoux.com\/es\/producto\/collier-chakra-couronne\/\" \/>\n<meta property=\"og:locale\" content=\"es_ES\" \/>\n<meta property=\"og:type\" content=\"article\" \/>\n<meta property=\"og:title\" content=\"CORONA CHAKRA - collar de oro - La Jungle Bijoux\" \/>\n<meta property=\"og:description\" content=\"Chakra de la iluminaci\u00f3n y la plenitud, el chakra coronario se lleva como un collar de loto con mil p\u00e9talos gracias a nuestra colecci\u00f3n de collares de chakras.\" \/>\n<meta property=\"og:url\" content=\"https:\/\/recover.lajunglebijoux.com\/es\/producto\/collier-chakra-couronne\/\" \/>\n<meta property=\"og:site_name\" content=\"La Jungle Bijoux\" \/>\n<meta property=\"article:modified_time\" content=\"2023-05-25T10:52:49+00:00\" \/>\n<meta property=\"og:image\" content=\"https:\/\/recover.lajunglebijoux.com\/wp-content\/uploads\/2022\/11\/IMG_20190813_124048_1-scaled.jpg\" \/>\n\t<meta property=\"og:image:width\" content=\"1920\" \/>\n\t<meta property=\"og:image:height\" content=\"2560\" \/>\n\t<meta property=\"og:image:type\" content=\"image\/jpeg\" \/>\n<meta name=\"twitter:card\" content=\"summary_large_image\" \/>\n<script type=\"application\/ld+json\" class=\"yoast-schema-graph\">{\"@context\":\"https:\/\/schema.org\",\"@graph\":[{\"@type\":\"WebPage\",\"@id\":\"https:\/\/recover.lajunglebijoux.com\/es\/producto\/collier-chakra-couronne\/\",\"url\":\"https:\/\/recover.lajunglebijoux.com\/es\/producto\/collier-chakra-couronne\/\",\"name\":\"CORONA CHAKRA - collar de oro - La Jungle Bijoux\",\"isPartOf\":{\"@id\":\"https:\/\/recover.lajunglebijoux.com\/es\/#website\"},\"primaryImageOfPage\":{\"@id\":\"https:\/\/recover.lajunglebijoux.com\/es\/producto\/collier-chakra-couronne\/#primaryimage\"},\"image\":{\"@id\":\"https:\/\/recover.lajunglebijoux.com\/es\/producto\/collier-chakra-couronne\/#primaryimage\"},\"thumbnailUrl\":\"https:\/\/recover.lajunglebijoux.com\/wp-content\/uploads\/2022\/11\/IMG_20190813_124048_1-scaled.jpg\",\"datePublished\":\"2022-11-07T08:23:33+00:00\",\"dateModified\":\"2023-05-25T10:52:49+00:00\",\"description\":\"Chakra de la iluminaci\u00f3n y la plenitud, el chakra coronario se lleva como un collar de loto con mil p\u00e9talos gracias a nuestra colecci\u00f3n de collares de chakras.\",\"breadcrumb\":{\"@id\":\"https:\/\/recover.lajunglebijoux.com\/es\/producto\/collier-chakra-couronne\/#breadcrumb\"},\"inLanguage\":\"es\",\"potentialAction\":[{\"@type\":\"ReadAction\",\"target\":[\"https:\/\/recover.lajunglebijoux.com\/es\/producto\/collier-chakra-couronne\/\"]}]},{\"@type\":\"ImageObject\",\"inLanguage\":\"es\",\"@id\":\"https:\/\/recover.lajunglebijoux.com\/es\/producto\/collier-chakra-couronne\/#primaryimage\",\"url\":\"https:\/\/recover.lajunglebijoux.com\/wp-content\/uploads\/2022\/11\/IMG_20190813_124048_1-scaled.jpg\",\"contentUrl\":\"https:\/\/recover.lajunglebijoux.com\/wp-content\/uploads\/2022\/11\/IMG_20190813_124048_1-scaled.jpg\",\"width\":1920,\"height\":2560,\"caption\":\"Collier chakra couronne\"},{\"@type\":\"BreadcrumbList\",\"@id\":\"https:\/\/recover.lajunglebijoux.com\/es\/producto\/collier-chakra-couronne\/#breadcrumb\",\"itemListElement\":[{\"@type\":\"ListItem\",\"position\":1,\"name\":\"Portada\",\"item\":\"https:\/\/recover.lajunglebijoux.com\/es\/\"},{\"@type\":\"ListItem\",\"position\":2,\"name\":\"Tienda\",\"item\":\"https:\/\/recover.lajunglebijoux.com\/es\/tienda\/\"},{\"@type\":\"ListItem\",\"position\":3,\"name\":\"CORONA CHAKRA &#8211; collar de oro\"}]},{\"@type\":\"WebSite\",\"@id\":\"https:\/\/recover.lajunglebijoux.com\/es\/#website\",\"url\":\"https:\/\/recover.lajunglebijoux.com\/es\/\",\"name\":\"La Jungle Bijoux\",\"description\":\"\",\"publisher\":{\"@id\":\"https:\/\/recover.lajunglebijoux.com\/es\/#organization\"},\"potentialAction\":[{\"@type\":\"SearchAction\",\"target\":{\"@type\":\"EntryPoint\",\"urlTemplate\":\"https:\/\/recover.lajunglebijoux.com\/es\/?s={search_term_string}\"},\"query-input\":\"required name=search_term_string\"}],\"inLanguage\":\"es\"},{\"@type\":\"Organization\",\"@id\":\"https:\/\/recover.lajunglebijoux.com\/es\/#organization\",\"name\":\"La Jungle Bijoux\",\"url\":\"https:\/\/recover.lajunglebijoux.com\/es\/\",\"logo\":{\"@type\":\"ImageObject\",\"inLanguage\":\"es\",\"@id\":\"https:\/\/recover.lajunglebijoux.com\/es\/#\/schema\/logo\/image\/\",\"url\":\"https:\/\/recover.lajunglebijoux.com\/wp-content\/uploads\/2023\/01\/LOGO-FINAL-Fonce.jpg\",\"contentUrl\":\"https:\/\/recover.lajunglebijoux.com\/wp-content\/uploads\/2023\/01\/LOGO-FINAL-Fonce.jpg\",\"width\":900,\"height\":900,\"caption\":\"La Jungle Bijoux\"},\"image\":{\"@id\":\"https:\/\/recover.lajunglebijoux.com\/es\/#\/schema\/logo\/image\/\"}}]}<\/script>\n<!-- \/ Yoast SEO plugin. -->","yoast_head_json":{"title":"CORONA CHAKRA - collar de oro - La Jungle Bijoux","description":"Chakra de la iluminaci\u00f3n y la plenitud, el chakra coronario se lleva como un collar de loto con mil p\u00e9talos gracias a nuestra colecci\u00f3n de collares de chakras.","robots":{"index":"index","follow":"follow","max-snippet":"max-snippet:-1","max-image-preview":"max-image-preview:large","max-video-preview":"max-video-preview:-1"},"canonical":"https:\/\/recover.lajunglebijoux.com\/es\/producto\/collier-chakra-couronne\/","og_locale":"es_ES","og_type":"article","og_title":"CORONA CHAKRA - collar de oro - La Jungle Bijoux","og_description":"Chakra de la iluminaci\u00f3n y la plenitud, el chakra coronario se lleva como un collar de loto con mil p\u00e9talos gracias a nuestra colecci\u00f3n de collares de chakras.","og_url":"https:\/\/recover.lajunglebijoux.com\/es\/producto\/collier-chakra-couronne\/","og_site_name":"La Jungle Bijoux","article_modified_time":"2023-05-25T10:52:49+00:00","og_image":[{"width":1920,"height":2560,"url":"https:\/\/recover.lajunglebijoux.com\/wp-content\/uploads\/2022\/11\/IMG_20190813_124048_1-scaled.jpg","type":"image\/jpeg"}],"twitter_card":"summary_large_image","schema":{"@context":"https:\/\/schema.org","@graph":[{"@type":"WebPage","@id":"https:\/\/recover.lajunglebijoux.com\/es\/producto\/collier-chakra-couronne\/","url":"https:\/\/recover.lajunglebijoux.com\/es\/producto\/collier-chakra-couronne\/","name":"CORONA CHAKRA - collar de oro - La Jungle Bijoux","isPartOf":{"@id":"https:\/\/recover.lajunglebijoux.com\/es\/#website"},"primaryImageOfPage":{"@id":"https:\/\/recover.lajunglebijoux.com\/es\/producto\/collier-chakra-couronne\/#primaryimage"},"image":{"@id":"https:\/\/recover.lajunglebijoux.com\/es\/producto\/collier-chakra-couronne\/#primaryimage"},"thumbnailUrl":"https:\/\/recover.lajunglebijoux.com\/wp-content\/uploads\/2022\/11\/IMG_20190813_124048_1-scaled.jpg","datePublished":"2022-11-07T08:23:33+00:00","dateModified":"2023-05-25T10:52:49+00:00","description":"Chakra de la iluminaci\u00f3n y la plenitud, el chakra coronario se lleva como un collar de loto con mil p\u00e9talos gracias a nuestra colecci\u00f3n de collares de chakras.","breadcrumb":{"@id":"https:\/\/recover.lajunglebijoux.com\/es\/producto\/collier-chakra-couronne\/#breadcrumb"},"inLanguage":"es","potentialAction":[{"@type":"ReadAction","target":["https:\/\/recover.lajunglebijoux.com\/es\/producto\/collier-chakra-couronne\/"]}]},{"@type":"ImageObject","inLanguage":"es","@id":"https:\/\/recover.lajunglebijoux.com\/es\/producto\/collier-chakra-couronne\/#primaryimage","url":"https:\/\/recover.lajunglebijoux.com\/wp-content\/uploads\/2022\/11\/IMG_20190813_124048_1-scaled.jpg","contentUrl":"https:\/\/recover.lajunglebijoux.com\/wp-content\/uploads\/2022\/11\/IMG_20190813_124048_1-scaled.jpg","width":1920,"height":2560,"caption":"Collier chakra couronne"},{"@type":"BreadcrumbList","@id":"https:\/\/recover.lajunglebijoux.com\/es\/producto\/collier-chakra-couronne\/#breadcrumb","itemListElement":[{"@type":"ListItem","position":1,"name":"Portada","item":"https:\/\/recover.lajunglebijoux.com\/es\/"},{"@type":"ListItem","position":2,"name":"Tienda","item":"https:\/\/recover.lajunglebijoux.com\/es\/tienda\/"},{"@type":"ListItem","position":3,"name":"CORONA CHAKRA &#8211; collar de oro"}]},{"@type":"WebSite","@id":"https:\/\/recover.lajunglebijoux.com\/es\/#website","url":"https:\/\/recover.lajunglebijoux.com\/es\/","name":"La Jungle Bijoux","description":"","publisher":{"@id":"https:\/\/recover.lajunglebijoux.com\/es\/#organization"},"potentialAction":[{"@type":"SearchAction","target":{"@type":"EntryPoint","urlTemplate":"https:\/\/recover.lajunglebijoux.com\/es\/?s={search_term_string}"},"query-input":"required name=search_term_string"}],"inLanguage":"es"},{"@type":"Organization","@id":"https:\/\/recover.lajunglebijoux.com\/es\/#organization","name":"La Jungle Bijoux","url":"https:\/\/recover.lajunglebijoux.com\/es\/","logo":{"@type":"ImageObject","inLanguage":"es","@id":"https:\/\/recover.lajunglebijoux.com\/es\/#\/schema\/logo\/image\/","url":"https:\/\/recover.lajunglebijoux.com\/wp-content\/uploads\/2023\/01\/LOGO-FINAL-Fonce.jpg","contentUrl":"https:\/\/recover.lajunglebijoux.com\/wp-content\/uploads\/2023\/01\/LOGO-FINAL-Fonce.jpg","width":900,"height":900,"caption":"La Jungle Bijoux"},"image":{"@id":"https:\/\/recover.lajunglebijoux.com\/es\/#\/schema\/logo\/image\/"}}]}},"_links":{"self":[{"href":"https:\/\/recover.lajunglebijoux.com\/es\/wp-json\/wp\/v2\/product\/8643","targetHints":{"allow":["GET"]}}],"collection":[{"href":"https:\/\/recover.lajunglebijoux.com\/es\/wp-json\/wp\/v2\/product"}],"about":[{"href":"https:\/\/recover.lajunglebijoux.com\/es\/wp-json\/wp\/v2\/types\/product"}],"replies":[{"embeddable":true,"href":"https:\/\/recover.lajunglebijoux.com\/es\/wp-json\/wp\/v2\/comments?post=8643"}],"wp:featuredmedia":[{"embeddable":true,"href":"https:\/\/recover.lajunglebijoux.com\/es\/wp-json\/wp\/v2\/media\/2341"}],"wp:attachment":[{"href":"https:\/\/recover.lajunglebijoux.com\/es\/wp-json\/wp\/v2\/media?parent=8643"}],"wp:term":[{"taxonomy":"product_cat","embeddable":true,"href":"https:\/\/recover.lajunglebijoux.com\/es\/wp-json\/wp\/v2\/product_cat?post=8643"},{"taxonomy":"product_tag","embeddable":true,"href":"https:\/\/recover.lajunglebijoux.com\/es\/wp-json\/wp\/v2\/product_tag?post=8643"}],"curies":[{"name":"wp","href":"https:\/\/api.w.org\/{rel}","templated":true}]}}