{"id":12718,"date":"2024-05-09T11:37:24","date_gmt":"2024-05-09T09:37:24","guid":{"rendered":"https:\/\/recover.lajunglebijoux.com\/?page_id=12718"},"modified":"2024-05-09T12:48:02","modified_gmt":"2024-05-09T10:48:02","slug":"bijoux-artisanaux-humains","status":"publish","type":"page","link":"https:\/\/recover.lajunglebijoux.com\/es\/bijoux-artisanaux-humains\/","title":{"rendered":"HUMAIN ET ARTISANAT"},"content":{"rendered":"\n<h1 class=\"wp-block-heading has-text-align-center\">HUMAIN ET ARTISANAT<\/h1>\n\n\n\n<p class=\"has-text-align-center has-text-color has-link-color wp-elements-f5264e358ab30eaa7a5999a31c2c0312\" style=\"color:#cd954e\"><strong>Parce que faire na\u00eetre la magie dans un bijou d\u2019intention, ne passe pas uniquement par son message mais aussi parce qu\u2019ils sont fabriqu\u00e9s avec amour et passion. Des bijoux artisanaux qui font du bien \u00e0 leur cr\u00e9atrice comme \u00e0 leurs heureuses destinataires.<\/strong><\/p>\n\n\n\r\n<div id=\"\" class=\"two-columns-free block\">\r\n\r\n    <div class=\"site_width cols \">\r\n\r\n        <div class=\"col left\">\r\n            <p><img fetchpriority=\"high\" decoding=\"async\" fetchpriority=\"high\" class=\"alignnone size-medium wp-image-12758\" src=\"http:\/\/lajunglebijoux.com\/wp-content\/uploads\/2024\/05\/bijoutiere-artisan-or-600x600.jpg\" alt=\"bijouti\u00e8re artisan or\" width=\"600\" height=\"600\" srcset=\"https:\/\/recover.lajunglebijoux.com\/wp-content\/uploads\/2024\/05\/bijoutiere-artisan-or-600x600.jpg 600w, https:\/\/recover.lajunglebijoux.com\/wp-content\/uploads\/2024\/05\/bijoutiere-artisan-or-1024x1024.jpg 1024w, https:\/\/recover.lajunglebijoux.com\/wp-content\/uploads\/2024\/05\/bijoutiere-artisan-or-350x350.jpg 350w, https:\/\/recover.lajunglebijoux.com\/wp-content\/uploads\/2024\/05\/bijoutiere-artisan-or.jpg 1080w\" sizes=\"(max-width: 600px) 100vw, 600px\" \/><\/p>\n                    <\/div>\r\n\r\n        <div class=\"col right\">\r\n            <h2 class=\"cvGsUA direction-ltr align-justify para-style-body\"><span class=\"OYPEnA text-decoration-underline text-strikethrough-none\">Les bijoux artisanaux comme th\u00e9rapie :<\/span><\/h2>\n<p class=\"cvGsUA direction-ltr align-start para-style-body\"><span class=\"OYPEnA text-decoration-none text-strikethrough-none\">Tu as peut-\u00eatre d\u00e9j\u00e0 entendu parler de l\u2019art th\u00e9rapie. La <strong>bijouterie artisanale<\/strong> comme la poterie, la peinture ou m\u00eame le coloriage par exemple, demande patience et concentration.<\/span><\/p>\n<p class=\"cvGsUA direction-ltr align-start para-style-body\"><span class=\"OYPEnA text-decoration-none text-strikethrough-none\">Ces pratiques calment presque instantan\u00e9ment le flux des pens\u00e9es et ont donc un effet tr\u00e8s apaisant.<\/span><\/p>\n<p>&nbsp;<\/p>\n<p class=\"cvGsUA direction-ltr align-start para-style-body\"><span class=\"OYPEnA text-decoration-none text-strikethrough-none\">Associer ce savoir-faire \u00e0 une intention bienveillante pour mes clientes et le tour est jou\u00e9. <strong>En fa\u00e7onnant chaque pi\u00e8ce \u00e0 la main<\/strong>, je profite autant de la joie du r\u00e9sultat final que de la s\u00e9r\u00e9nit\u00e9 du processus.<\/span><\/p>\n                    <\/div>\r\n        \r\n    <\/div>\r\n\r\n<\/div>\n\n\r\n<div id=\"\" class=\"two-columns-free block\">\r\n\r\n    <div class=\"site_width cols \">\r\n\r\n        <div class=\"col left\">\r\n            <p class=\"cvGsUA direction-ltr align-end para-style-body\"><span class=\"OYPEnA text-decoration-underline text-strikethrough-none\">L\u2019humain au coeur de ma d\u00e9marche<\/span>\u00a0:<\/p>\n<p class=\"cvGsUA direction-ltr align-end para-style-body\"><span class=\"OYPEnA text-decoration-none text-strikethrough-none\">Depuis petite, fabriquer de mes propres mains est une passion. \u00c0 No\u00ebl, je demandais toujours des kits de loisirs cr\u00e9atifs.<\/span><\/p>\n<p class=\"cvGsUA direction-ltr align-end para-style-body\"><span class=\"OYPEnA text-decoration-none text-strikethrough-none\">Mais ce qui m\u2019a vraiment plu dans les <strong>bijoux artisanaux<\/strong>, c\u2019est que m\u00eame si je suis seule derri\u00e8re mon \u00e9tabli, en r\u00e9alit\u00e9 nous sommes plusieurs \u00e0 confectionner une seule et m\u00eame cr\u00e9ation.<\/span><\/p>\n                    <\/div>\r\n\r\n        <div class=\"col right\">\r\n            <p><img loading=\"lazy\" decoding=\"async\" class=\"alignnone size-medium wp-image-12760\" src=\"http:\/\/lajunglebijoux.com\/wp-content\/uploads\/2024\/05\/bijoux-artisanaux-bagues-atelier-bijouterie-600x600.jpg\" alt=\"bijoux artisanaux bagues atelier bijouterie\" width=\"600\" height=\"600\" srcset=\"https:\/\/recover.lajunglebijoux.com\/wp-content\/uploads\/2024\/05\/bijoux-artisanaux-bagues-atelier-bijouterie-600x600.jpg 600w, https:\/\/recover.lajunglebijoux.com\/wp-content\/uploads\/2024\/05\/bijoux-artisanaux-bagues-atelier-bijouterie-1024x1024.jpg 1024w, https:\/\/recover.lajunglebijoux.com\/wp-content\/uploads\/2024\/05\/bijoux-artisanaux-bagues-atelier-bijouterie-350x350.jpg 350w, https:\/\/recover.lajunglebijoux.com\/wp-content\/uploads\/2024\/05\/bijoux-artisanaux-bagues-atelier-bijouterie.jpg 1080w\" sizes=\"(max-width: 600px) 100vw, 600px\" \/><\/p>\n                    <\/div>\r\n        \r\n    <\/div>\r\n\r\n<\/div>\n\n\r\n<div id=\"\" class=\"masonry-image-gallery block\">\r\n\r\n    <div class=\"masonry-grid two_columns\">\r\n\r\n        <div class=\"grid-sizer\"><\/div>\r\n\r\n                                    <div class=\"grid-item\">\r\n                    <img loading=\"lazy\" decoding=\"async\" width=\"1024\" height=\"1280\" src=\"https:\/\/recover.lajunglebijoux.com\/wp-content\/uploads\/2024\/05\/bijoux-artisanaux-bijouterie-artisanale-barcelone-1024x1280.jpg\" class=\"skip-lazy\" alt=\"bijoux artisanaux bijouterie artisanale barcelone\" srcset=\"https:\/\/recover.lajunglebijoux.com\/wp-content\/uploads\/2024\/05\/bijoux-artisanaux-bijouterie-artisanale-barcelone-1024x1280.jpg 1024w, https:\/\/recover.lajunglebijoux.com\/wp-content\/uploads\/2024\/05\/bijoux-artisanaux-bijouterie-artisanale-barcelone-600x750.jpg 600w, https:\/\/recover.lajunglebijoux.com\/wp-content\/uploads\/2024\/05\/bijoux-artisanaux-bijouterie-artisanale-barcelone.jpg 1080w\" sizes=\"(max-width: 1024px) 100vw, 1024px\" \/>            <\/div>\r\n                            <div class=\"grid-item\">\r\n                    <img loading=\"lazy\" decoding=\"async\" width=\"1024\" height=\"1280\" src=\"https:\/\/recover.lajunglebijoux.com\/wp-content\/uploads\/2024\/05\/creatrice-artisane-bijoutiere-bijouterie-artisanale-1024x1280.jpg\" class=\"skip-lazy\" alt=\"cr\u00e9atrice artisane bijouti\u00e8re bijouterie artisanale\" srcset=\"https:\/\/recover.lajunglebijoux.com\/wp-content\/uploads\/2024\/05\/creatrice-artisane-bijoutiere-bijouterie-artisanale-1024x1280.jpg 1024w, https:\/\/recover.lajunglebijoux.com\/wp-content\/uploads\/2024\/05\/creatrice-artisane-bijoutiere-bijouterie-artisanale-600x750.jpg 600w, https:\/\/recover.lajunglebijoux.com\/wp-content\/uploads\/2024\/05\/creatrice-artisane-bijoutiere-bijouterie-artisanale.jpg 1080w\" sizes=\"(max-width: 1024px) 100vw, 1024px\" \/>            <\/div>\r\n                            <div class=\"grid-item\">\r\n                    <img loading=\"lazy\" decoding=\"async\" width=\"1024\" height=\"1280\" src=\"https:\/\/recover.lajunglebijoux.com\/wp-content\/uploads\/2024\/05\/bijoux-artisanaux-savoir-faire-francais-creatrice-1024x1280.jpg\" class=\"skip-lazy\" alt=\"bijoux artisanaux savoir faire fran\u00e7ais cr\u00e9atrice\" srcset=\"https:\/\/recover.lajunglebijoux.com\/wp-content\/uploads\/2024\/05\/bijoux-artisanaux-savoir-faire-francais-creatrice-1024x1280.jpg 1024w, https:\/\/recover.lajunglebijoux.com\/wp-content\/uploads\/2024\/05\/bijoux-artisanaux-savoir-faire-francais-creatrice-600x750.jpg 600w, https:\/\/recover.lajunglebijoux.com\/wp-content\/uploads\/2024\/05\/bijoux-artisanaux-savoir-faire-francais-creatrice.jpg 1080w\" sizes=\"(max-width: 1024px) 100vw, 1024px\" \/>            <\/div>\r\n                            <div class=\"grid-item\">\r\n                    <img loading=\"lazy\" decoding=\"async\" width=\"1024\" height=\"1280\" src=\"https:\/\/recover.lajunglebijoux.com\/wp-content\/uploads\/2024\/05\/bijoux-artisanaux-espagne-1024x1280.jpg\" class=\"skip-lazy\" alt=\"bijoux artisanaux espagne\" srcset=\"https:\/\/recover.lajunglebijoux.com\/wp-content\/uploads\/2024\/05\/bijoux-artisanaux-espagne-1024x1280.jpg 1024w, https:\/\/recover.lajunglebijoux.com\/wp-content\/uploads\/2024\/05\/bijoux-artisanaux-espagne-600x750.jpg 600w, https:\/\/recover.lajunglebijoux.com\/wp-content\/uploads\/2024\/05\/bijoux-artisanaux-espagne.jpg 1080w\" sizes=\"(max-width: 1024px) 100vw, 1024px\" \/>            <\/div>\r\n            \r\n    <\/div>\r\n\r\n<\/div>\n\n\n<p>Et puis il reste encore :<\/p>\n\n\n\n<ul class=\"wp-block-list\">\n<li>le <strong>gemmologue<\/strong> qui d\u00e9termine l&#8217;origine et l&#8217;authenticit\u00e9 des pierres &amp;<\/li>\n\n\n\n<li>mon <strong>sertisseur<\/strong> qui fixe sur les bijoux des commandes sur mesure, les pierres les plus pr\u00e9cieuses comme le diamant par exemple,<\/li>\n<\/ul>\n\n\n\r\n<div id=\"\" class=\"two-columns-free block\">\r\n\r\n    <div class=\"site_width cols \">\r\n\r\n        <div class=\"col left\">\r\n            <p><img loading=\"lazy\" decoding=\"async\" class=\"alignnone size-medium wp-image-12762\" src=\"http:\/\/lajunglebijoux.com\/wp-content\/uploads\/2024\/05\/bijoux-artisanaux-barcelone-colliers-600x600.jpg\" alt=\"\" width=\"600\" height=\"600\" srcset=\"https:\/\/recover.lajunglebijoux.com\/wp-content\/uploads\/2024\/05\/bijoux-artisanaux-barcelone-colliers-600x600.jpg 600w, https:\/\/recover.lajunglebijoux.com\/wp-content\/uploads\/2024\/05\/bijoux-artisanaux-barcelone-colliers-1024x1024.jpg 1024w, https:\/\/recover.lajunglebijoux.com\/wp-content\/uploads\/2024\/05\/bijoux-artisanaux-barcelone-colliers-350x350.jpg 350w, https:\/\/recover.lajunglebijoux.com\/wp-content\/uploads\/2024\/05\/bijoux-artisanaux-barcelone-colliers.jpg 1080w\" sizes=\"(max-width: 600px) 100vw, 600px\" \/><\/p>\n                    <\/div>\r\n\r\n        <div class=\"col right\">\r\n            <p class=\"cvGsUA direction-ltr align-end para-style-body\"><span class=\"OYPEnA text-decoration-none text-strikethrough-none\">Tous ces gestes traditionnels empreints de beaut\u00e9 ont \u00e9t\u00e9 transmis d\u2019humain \u00e0 humain de g\u00e9n\u00e9ration en g\u00e9n\u00e9ration.<\/span><\/p>\n<p class=\"cvGsUA direction-ltr align-end para-style-body\"><span class=\"OYPEnA text-decoration-none text-strikethrough-none\">Je souhaite faire perdurer <strong>la po\u00e9sie de l\u2019artisanat<\/strong> c\u2019est pourquoi j\u2019ai choisi avec soin ces ateliers locaux et \u00e0 \u00e9chelle humaine.<\/span><\/p>\n<p class=\"cvGsUA direction-ltr align-end para-style-body\"><span class=\"OYPEnA text-decoration-none text-strikethrough-none\">Les diff\u00e9rents <strong>savoirs-faire<\/strong> qui entrent en jeu sont reconnus \u00e0 leur juste valeur. ce que en fait un produit final <strong>\u00e9thique<\/strong>.<\/span><\/p>\n<p>Tu l\u2019auras compris, nous sommes loin des machines industrielles qui produisent \u00e0 la cha\u00eene sans aucune \u00e9motion. Les <strong>bijoux artisanaux<\/strong> La Jungle sont \u00e9thiques et ont d\u00e9j\u00e0 une <strong>belle histoire<\/strong> avant de te rejoindre.<\/p>\n<p><span style=\"color: #cd945e\"><strong>A toi d\u2019\u00e9crire de nouveaux chapitres en leur compagnie, ta propre histoire.<\/strong><\/span><\/p>\n                            <div class=\"cta_container\">\r\n                    <a class=\"cta_button\" href=\"https:\/\/recover.lajunglebijoux.com\/boutique\/\">\r\n                        <span class=\"anchor\">Voir les bijoux \u00e9thiques<\/span>\r\n                    <\/a>\r\n                <\/div>\r\n                    <\/div>\r\n        \r\n    <\/div>\r\n\r\n<\/div>\n\n\n<p class=\"has-text-align-center\"><\/p>\n\n\n\r\n<div id=\"\" class=\"two-columns-free block\">\r\n\r\n    <div class=\"site_width cols \">\r\n\r\n        <div class=\"col left\">\r\n            <h2 class=\"cvGsUA direction-ltr align-justify para-style-body\"><span class=\"OYPEnA text-decoration-underline text-strikethrough-none\">\u00abGood things take time\u201d :<\/span><\/h2>\n<p class=\"cvGsUA direction-ltr align-justify para-style-body\"><span class=\"OYPEnA text-decoration-none text-strikethrough-none\">Maintenant que tu en sais plus, je crois que cel\u00e0 coule de source, La Jungle s\u2019inscrit dans une <\/span><span class=\"OYPEnA text-decoration-none text-strikethrough-none\">d\u00e9marche <\/span><span class=\"OYPEnA text-decoration-none text-strikethrough-none\">de production <\/span><span class=\"OYPEnA text-decoration-none text-strikethrough-none\">consciente et responsable<\/span><span class=\"OYPEnA text-decoration-none text-strikethrough-none\">, slow-made.<\/span><\/p>\n<p>&nbsp;<\/p>\n<p class=\"cvGsUA direction-ltr align-justify para-style-body\"><span class=\"OYPEnA text-decoration-none text-strikethrough-none\">Dans une soci\u00e9t\u00e9 o\u00f9 \u00e0 mon go\u00fbt tout va trop vite, j\u2019utilise le fait main qui demande \u00e9norm\u00e9ment de patience comme un avantage pour ralentir le temps plut\u00f4t que comme une contrainte.<\/span><\/p>\n<p>&nbsp;<\/p>\n<p>Mes collections sortent seulement lorsque chacune de mes id\u00e9es a eu le temps d\u2019\u00eatre pleinement explor\u00e9e pour s\u2019adapter \u00e0 vos go\u00fbts, besoins de confort et de <strong>durabilit\u00e9<\/strong>. Je travaille sous forme de <strong>petites s\u00e9ries<\/strong>\u00a0et vos mod\u00e8les f\u00e9tiches sont re-fabriqu\u00e9s sur commande.<\/p>\n                    <\/div>\r\n\r\n        <div class=\"col right\">\r\n            <p><img loading=\"lazy\" decoding=\"async\" loading=\"lazy\" class=\"alignnone size-medium wp-image-12764\" src=\"http:\/\/lajunglebijoux.com\/wp-content\/uploads\/2024\/05\/collier-martele-bijoux-artisanaux-creatrice-600x600.jpg\" alt=\"\" width=\"600\" height=\"600\" srcset=\"https:\/\/recover.lajunglebijoux.com\/wp-content\/uploads\/2024\/05\/collier-martele-bijoux-artisanaux-creatrice-600x600.jpg 600w, https:\/\/recover.lajunglebijoux.com\/wp-content\/uploads\/2024\/05\/collier-martele-bijoux-artisanaux-creatrice-1024x1024.jpg 1024w, https:\/\/recover.lajunglebijoux.com\/wp-content\/uploads\/2024\/05\/collier-martele-bijoux-artisanaux-creatrice-350x350.jpg 350w, https:\/\/recover.lajunglebijoux.com\/wp-content\/uploads\/2024\/05\/collier-martele-bijoux-artisanaux-creatrice.jpg 1080w\" sizes=\"auto, (max-width: 600px) 100vw, 600px\" \/><\/p>\n                    <\/div>\r\n        \r\n    <\/div>\r\n\r\n<\/div>\n\n\r\n<div id=\"\" class=\"two-columns-free block\">\r\n\r\n    <div class=\"site_width cols \">\r\n\r\n        <div class=\"col left\">\r\n            <p><img loading=\"lazy\" decoding=\"async\" loading=\"lazy\" class=\"alignnone size-medium wp-image-12766\" src=\"http:\/\/lajunglebijoux.com\/wp-content\/uploads\/2024\/05\/bijoux-ethiques-eco-responsables-packagings-recycles-600x600.jpg\" alt=\"bijoux \u00e9thiques eco responsables packagings recycl\u00e9s\" width=\"600\" height=\"600\" srcset=\"https:\/\/recover.lajunglebijoux.com\/wp-content\/uploads\/2024\/05\/bijoux-ethiques-eco-responsables-packagings-recycles-600x600.jpg 600w, https:\/\/recover.lajunglebijoux.com\/wp-content\/uploads\/2024\/05\/bijoux-ethiques-eco-responsables-packagings-recycles-1024x1024.jpg 1024w, https:\/\/recover.lajunglebijoux.com\/wp-content\/uploads\/2024\/05\/bijoux-ethiques-eco-responsables-packagings-recycles-350x350.jpg 350w, https:\/\/recover.lajunglebijoux.com\/wp-content\/uploads\/2024\/05\/bijoux-ethiques-eco-responsables-packagings-recycles-1920x1920.jpg 1920w, https:\/\/recover.lajunglebijoux.com\/wp-content\/uploads\/2024\/05\/bijoux-ethiques-eco-responsables-packagings-recycles.jpg 2000w\" sizes=\"auto, (max-width: 600px) 100vw, 600px\" \/><\/p>\n                    <\/div>\r\n\r\n        <div class=\"col right\">\r\n            <h2 class=\"cvGsUA direction-ltr align-justify para-style-body\"><span class=\"OYPEnA text-decoration-underline text-strikethrough-none\">Artisanal et responsable jusqu\u2019\u00e0 l\u2019emballage :<\/span><\/h2>\n<p class=\"cvGsUA direction-ltr align-justify para-style-body\"><span class=\"OYPEnA text-decoration-none text-strikethrough-none\">Les pochettes et \u00e9crins qui accueillent les bijoux artisanaux sont en tissu et carton recycl\u00e9. Le tout est imprim\u00e9 \u00e0 la main \u00e0 l\u2019aide d\u2019un tampon fabriqu\u00e9 lui aussi artisanalement.<\/span><\/p>\n<p class=\"cvGsUA direction-ltr align-justify para-style-body\"><span class=\"OYPEnA text-decoration-none text-strikethrough-none\">Enfin les enveloppes dans lesquelles j\u2019exp\u00e9die vos commandes sont en papier issu de for\u00eats g\u00e9r\u00e9es durablement.<\/span><\/p>\n<p><span style=\"color: #cd954e\"><strong>L\u2019engagement \u00e9co-responsable de La Jungle ne s\u2019arr\u00eate pas l\u00e0,<\/strong> <strong>il se construit aussi avec vous main dans la main et pour en savoir plus,<\/strong><\/span><\/p>\n                            <div class=\"cta_container\">\r\n                    <a class=\"cta_button\" href=\"https:\/\/recover.lajunglebijoux.com\/marque-bijoux-ethiques\/\">\r\n                        <span class=\"anchor\">RDV au dernier chapitre de cette histoire<\/span>\r\n                    <\/a>\r\n                <\/div>\r\n                    <\/div>\r\n        \r\n    <\/div>\r\n\r\n<\/div>\n\n\n<p class=\"has-text-align-center has-black-color has-text-color has-link-color wp-elements-59051cf898cd652d19c978dbe621d601\">et s\u2019il te tarde de d\u00e9couvrir mes <strong>bijoux artisanaux<\/strong>,<\/p>\n\n\n\n<div class=\"wp-block-buttons is-content-justification-center is-layout-flex wp-container-core-buttons-is-layout-16018d1d wp-block-buttons-is-layout-flex\">\n<div class=\"wp-block-button is-style-fill\"><a class=\"wp-block-button__link has-white-color has-text-color has-background wp-element-button\" href=\"https:\/\/recover.lajunglebijoux.com\/boutique\/\" style=\"border-radius:0px;background-color:#cd954e\">Ils t\u2019attendent juste ici !<\/a><\/div>\n<\/div>\n","protected":false},"excerpt":{"rendered":"<p>HUMAIN ET ARTISANAT Parce que faire na\u00eetre la magie dans un bijou d\u2019intention, ne passe pas uniquement par son message&#8230;<\/p>\n","protected":false},"author":2,"featured_media":0,"parent":0,"menu_order":1,"comment_status":"closed","ping_status":"closed","template":"","meta":{"_acf_changed":false,"footnotes":""},"class_list":["post-12718","page","type-page","status-publish","hentry"],"acf":[],"yoast_head":"<!-- This site is optimized with the Yoast SEO plugin v23.3 - https:\/\/yoast.com\/wordpress\/plugins\/seo\/ -->\n<title>HUMAIN ET ARTISANAT - La Jungle Bijoux<\/title>\n<meta name=\"description\" content=\"Des bijoux artisanaux fabriqu\u00e9s avec amour et passion pour faire du bien \u00e0 leurs heureuses destinataires comme \u00e0 leur cr\u00e9atrice.\" \/>\n<meta name=\"robots\" content=\"index, follow, max-snippet:-1, max-image-preview:large, max-video-preview:-1\" \/>\n<link rel=\"canonical\" href=\"https:\/\/recover.lajunglebijoux.com\/es\/bijoux-artisanaux-humains\/\" \/>\n<meta property=\"og:locale\" content=\"es_ES\" \/>\n<meta property=\"og:type\" content=\"article\" \/>\n<meta property=\"og:title\" content=\"HUMAIN ET ARTISANAT - La Jungle Bijoux\" \/>\n<meta property=\"og:description\" content=\"Des bijoux artisanaux fabriqu\u00e9s avec amour et passion pour faire du bien \u00e0 leurs heureuses destinataires comme \u00e0 leur cr\u00e9atrice.\" \/>\n<meta property=\"og:url\" content=\"https:\/\/recover.lajunglebijoux.com\/es\/bijoux-artisanaux-humains\/\" \/>\n<meta property=\"og:site_name\" content=\"La Jungle Bijoux\" \/>\n<meta property=\"article:modified_time\" content=\"2024-05-09T10:48:02+00:00\" \/>\n<meta name=\"twitter:card\" content=\"summary_large_image\" \/>\n<meta name=\"twitter:label1\" content=\"Tiempo de lectura\" \/>\n\t<meta name=\"twitter:data1\" content=\"1 minuto\" \/>\n<script type=\"application\/ld+json\" class=\"yoast-schema-graph\">{\"@context\":\"https:\/\/schema.org\",\"@graph\":[{\"@type\":\"WebPage\",\"@id\":\"https:\/\/recover.lajunglebijoux.com\/es\/bijoux-artisanaux-humains\/\",\"url\":\"https:\/\/recover.lajunglebijoux.com\/es\/bijoux-artisanaux-humains\/\",\"name\":\"HUMAIN ET ARTISANAT - La Jungle Bijoux\",\"isPartOf\":{\"@id\":\"https:\/\/recover.lajunglebijoux.com\/es\/#website\"},\"datePublished\":\"2024-05-09T09:37:24+00:00\",\"dateModified\":\"2024-05-09T10:48:02+00:00\",\"description\":\"Des bijoux artisanaux fabriqu\u00e9s avec amour et passion pour faire du bien \u00e0 leurs heureuses destinataires comme \u00e0 leur cr\u00e9atrice.\",\"breadcrumb\":{\"@id\":\"https:\/\/recover.lajunglebijoux.com\/es\/bijoux-artisanaux-humains\/#breadcrumb\"},\"inLanguage\":\"es\",\"potentialAction\":[{\"@type\":\"ReadAction\",\"target\":[\"https:\/\/recover.lajunglebijoux.com\/es\/bijoux-artisanaux-humains\/\"]}]},{\"@type\":\"BreadcrumbList\",\"@id\":\"https:\/\/recover.lajunglebijoux.com\/es\/bijoux-artisanaux-humains\/#breadcrumb\",\"itemListElement\":[{\"@type\":\"ListItem\",\"position\":1,\"name\":\"Portada\",\"item\":\"https:\/\/recover.lajunglebijoux.com\/es\/\"},{\"@type\":\"ListItem\",\"position\":2,\"name\":\"HUMAIN ET ARTISANAT\"}]},{\"@type\":\"WebSite\",\"@id\":\"https:\/\/recover.lajunglebijoux.com\/es\/#website\",\"url\":\"https:\/\/recover.lajunglebijoux.com\/es\/\",\"name\":\"La Jungle Bijoux\",\"description\":\"\",\"publisher\":{\"@id\":\"https:\/\/recover.lajunglebijoux.com\/es\/#organization\"},\"potentialAction\":[{\"@type\":\"SearchAction\",\"target\":{\"@type\":\"EntryPoint\",\"urlTemplate\":\"https:\/\/recover.lajunglebijoux.com\/es\/?s={search_term_string}\"},\"query-input\":\"required name=search_term_string\"}],\"inLanguage\":\"es\"},{\"@type\":\"Organization\",\"@id\":\"https:\/\/recover.lajunglebijoux.com\/es\/#organization\",\"name\":\"La Jungle Bijoux\",\"url\":\"https:\/\/recover.lajunglebijoux.com\/es\/\",\"logo\":{\"@type\":\"ImageObject\",\"inLanguage\":\"es\",\"@id\":\"https:\/\/recover.lajunglebijoux.com\/es\/#\/schema\/logo\/image\/\",\"url\":\"https:\/\/recover.lajunglebijoux.com\/wp-content\/uploads\/2023\/01\/LOGO-FINAL-Fonce.jpg\",\"contentUrl\":\"https:\/\/recover.lajunglebijoux.com\/wp-content\/uploads\/2023\/01\/LOGO-FINAL-Fonce.jpg\",\"width\":900,\"height\":900,\"caption\":\"La Jungle Bijoux\"},\"image\":{\"@id\":\"https:\/\/recover.lajunglebijoux.com\/es\/#\/schema\/logo\/image\/\"}}]}<\/script>\n<!-- \/ Yoast SEO plugin. -->","yoast_head_json":{"title":"HUMAIN ET ARTISANAT - La Jungle Bijoux","description":"Des bijoux artisanaux fabriqu\u00e9s avec amour et passion pour faire du bien \u00e0 leurs heureuses destinataires comme \u00e0 leur cr\u00e9atrice.","robots":{"index":"index","follow":"follow","max-snippet":"max-snippet:-1","max-image-preview":"max-image-preview:large","max-video-preview":"max-video-preview:-1"},"canonical":"https:\/\/recover.lajunglebijoux.com\/es\/bijoux-artisanaux-humains\/","og_locale":"es_ES","og_type":"article","og_title":"HUMAIN ET ARTISANAT - La Jungle Bijoux","og_description":"Des bijoux artisanaux fabriqu\u00e9s avec amour et passion pour faire du bien \u00e0 leurs heureuses destinataires comme \u00e0 leur cr\u00e9atrice.","og_url":"https:\/\/recover.lajunglebijoux.com\/es\/bijoux-artisanaux-humains\/","og_site_name":"La Jungle Bijoux","article_modified_time":"2024-05-09T10:48:02+00:00","twitter_card":"summary_large_image","twitter_misc":{"Tiempo de lectura":"1 minuto"},"schema":{"@context":"https:\/\/schema.org","@graph":[{"@type":"WebPage","@id":"https:\/\/recover.lajunglebijoux.com\/es\/bijoux-artisanaux-humains\/","url":"https:\/\/recover.lajunglebijoux.com\/es\/bijoux-artisanaux-humains\/","name":"HUMAIN ET ARTISANAT - La Jungle Bijoux","isPartOf":{"@id":"https:\/\/recover.lajunglebijoux.com\/es\/#website"},"datePublished":"2024-05-09T09:37:24+00:00","dateModified":"2024-05-09T10:48:02+00:00","description":"Des bijoux artisanaux fabriqu\u00e9s avec amour et passion pour faire du bien \u00e0 leurs heureuses destinataires comme \u00e0 leur cr\u00e9atrice.","breadcrumb":{"@id":"https:\/\/recover.lajunglebijoux.com\/es\/bijoux-artisanaux-humains\/#breadcrumb"},"inLanguage":"es","potentialAction":[{"@type":"ReadAction","target":["https:\/\/recover.lajunglebijoux.com\/es\/bijoux-artisanaux-humains\/"]}]},{"@type":"BreadcrumbList","@id":"https:\/\/recover.lajunglebijoux.com\/es\/bijoux-artisanaux-humains\/#breadcrumb","itemListElement":[{"@type":"ListItem","position":1,"name":"Portada","item":"https:\/\/recover.lajunglebijoux.com\/es\/"},{"@type":"ListItem","position":2,"name":"HUMAIN ET ARTISANAT"}]},{"@type":"WebSite","@id":"https:\/\/recover.lajunglebijoux.com\/es\/#website","url":"https:\/\/recover.lajunglebijoux.com\/es\/","name":"La Jungle Bijoux","description":"","publisher":{"@id":"https:\/\/recover.lajunglebijoux.com\/es\/#organization"},"potentialAction":[{"@type":"SearchAction","target":{"@type":"EntryPoint","urlTemplate":"https:\/\/recover.lajunglebijoux.com\/es\/?s={search_term_string}"},"query-input":"required name=search_term_string"}],"inLanguage":"es"},{"@type":"Organization","@id":"https:\/\/recover.lajunglebijoux.com\/es\/#organization","name":"La Jungle Bijoux","url":"https:\/\/recover.lajunglebijoux.com\/es\/","logo":{"@type":"ImageObject","inLanguage":"es","@id":"https:\/\/recover.lajunglebijoux.com\/es\/#\/schema\/logo\/image\/","url":"https:\/\/recover.lajunglebijoux.com\/wp-content\/uploads\/2023\/01\/LOGO-FINAL-Fonce.jpg","contentUrl":"https:\/\/recover.lajunglebijoux.com\/wp-content\/uploads\/2023\/01\/LOGO-FINAL-Fonce.jpg","width":900,"height":900,"caption":"La Jungle Bijoux"},"image":{"@id":"https:\/\/recover.lajunglebijoux.com\/es\/#\/schema\/logo\/image\/"}}]}},"_links":{"self":[{"href":"https:\/\/recover.lajunglebijoux.com\/es\/wp-json\/wp\/v2\/pages\/12718","targetHints":{"allow":["GET"]}}],"collection":[{"href":"https:\/\/recover.lajunglebijoux.com\/es\/wp-json\/wp\/v2\/pages"}],"about":[{"href":"https:\/\/recover.lajunglebijoux.com\/es\/wp-json\/wp\/v2\/types\/page"}],"author":[{"embeddable":true,"href":"https:\/\/recover.lajunglebijoux.com\/es\/wp-json\/wp\/v2\/users\/2"}],"replies":[{"embeddable":true,"href":"https:\/\/recover.lajunglebijoux.com\/es\/wp-json\/wp\/v2\/comments?post=12718"}],"version-history":[{"count":8,"href":"https:\/\/recover.lajunglebijoux.com\/es\/wp-json\/wp\/v2\/pages\/12718\/revisions"}],"predecessor-version":[{"id":12807,"href":"https:\/\/recover.lajunglebijoux.com\/es\/wp-json\/wp\/v2\/pages\/12718\/revisions\/12807"}],"wp:attachment":[{"href":"https:\/\/recover.lajunglebijoux.com\/es\/wp-json\/wp\/v2\/media?parent=12718"}],"curies":[{"name":"wp","href":"https:\/\/api.w.org\/{rel}","templated":true}]}}