{"id":8933,"date":"2022-12-13T10:47:41","date_gmt":"2022-12-13T08:47:41","guid":{"rendered":"https:\/\/recover.lajunglebijoux.com\/product\/bague-mains-or\/"},"modified":"2023-05-26T13:10:11","modified_gmt":"2023-05-26T13:10:11","slug":"bague-mains-or","status":"publish","type":"product","link":"http:\/\/recover.lajunglebijoux.com\/es\/producto\/bague-mains-or\/","title":{"rendered":"Anillo de mano Amour Propre de oro"},"content":{"rendered":"<h2>Unas palabras de Jen, dise\u00f1adora de La Jungle Bijoux<\/h2>\n<p>Con este anillo de mano quer\u00eda simbolizar el abrazo que nos damos a nosotros mismos. Nuestro cuerpo nos permite experimentar todo lo que la vida nos depara cada d\u00eda. Nuestra personalidad, que nos hace \u00fanicos, significa que tenemos mucho que ofrecer al mundo y a los dem\u00e1s. Aprendiendo a querernos en nuestra totalidad, con nuestras sombras y nuestra luz, podemos empezar a vivir la vida plenamente, a sentir gratitud y a irradiar nuestra hermosa energ\u00eda a nuestro alrededor. Al llevar este anillo de peluche, quiero que recuerdes que cuidarte es una prioridad diaria.<\/p>\n<h2>C\u00f3mo llevar el anillo de oro \u00abClean Love<\/h2>\n<p>Puedes llevar el anillo de oro solo para resaltar su simbolismo cari\u00f1oso. Tambi\u00e9n puedes combinarlo con otros anillos. Dado su sencillo dise\u00f1o, aportar\u00e1 un poco de luz para resaltar las dem\u00e1s joyas. El dise\u00f1o del anillo manos de oro aportar\u00e1 un toque divertido e infantil a su look, sin dejar de ser discreto. Descubra aqu\u00ed todas las dem\u00e1s joyas de la colecci\u00f3n You are magic.<\/p>\n","protected":false},"excerpt":{"rendered":"<p>\u00bfQu\u00e9 tal aprender a quererse a uno mismo? El anillo de mano de oro Amour Propre es un abrazo que te das a ti mismo o a la persona a la que se lo das.<\/p>\n<p>Este anillo ajustable est\u00e1 hecho a mano en Barcelona con un ba\u00f1o de oro de 18 quilates de 3 micras de alta resistencia sobre lat\u00f3n.<\/p>\n<p>Las manos de este anillo te rodean cada d\u00eda como un abrazo, proporcion\u00e1ndote confort y apoyo. Gracias a este anillo, ya no estar\u00e1s solo ante las pruebas y tribulaciones de la vida cotidiana, porque siempre estar\u00e1s rodeado de amor.<\/p>\n<p>El anillo manos de oro es el regalo perfecto para ti, para simbolizar el amor que sientes por tu cuerpo y tu mente. Tambi\u00e9n puedes regal\u00e1rselo a alguien a quien aprecies para simbolizar todo el amor que sientes por esa persona, y no dejarla nunca sin ese abrazo constante.<\/p>\n<p>&nbsp;<\/p>\n","protected":false},"featured_media":3996,"comment_status":"open","ping_status":"closed","template":"","meta":{"_acf_changed":false},"product_cat":[68],"product_tag":[],"class_list":{"0":"post-8933","1":"product","2":"type-product","3":"status-publish","4":"has-post-thumbnail","6":"product_cat-you-are-magic-es","7":"pa_modele-anillos","8":"pa_theme-joyas-amor","10":"first","11":"instock","12":"sale","13":"shipping-taxable","14":"purchasable","15":"product-type-simple"},"acf":[],"yoast_head":"<!-- This site is optimized with the Yoast SEO plugin v23.3 - https:\/\/yoast.com\/wordpress\/plugins\/seo\/ -->\n<title>Anillo de mano Amour Propre de oro - La Jungle Bijoux<\/title>\n<meta name=\"description\" content=\"Aprende a quererte a ti mismo con el anillo de mano de oro Amour Propre. Este adorable s\u00edmbolo representa tu propio amor o el amor que sientes por alguien a quien quieres.\" \/>\n<meta name=\"robots\" content=\"index, follow, max-snippet:-1, max-image-preview:large, max-video-preview:-1\" \/>\n<link rel=\"canonical\" href=\"http:\/\/recover.lajunglebijoux.com\/es\/producto\/bague-mains-or\/\" \/>\n<meta property=\"og:locale\" content=\"es_ES\" \/>\n<meta property=\"og:type\" content=\"article\" \/>\n<meta property=\"og:title\" content=\"Anillo de mano Amour Propre de oro - La Jungle Bijoux\" \/>\n<meta property=\"og:description\" content=\"Aprende a quererte a ti mismo con el anillo de mano de oro Amour Propre. Este adorable s\u00edmbolo representa tu propio amor o el amor que sientes por alguien a quien quieres.\" \/>\n<meta property=\"og:url\" content=\"http:\/\/recover.lajunglebijoux.com\/es\/producto\/bague-mains-or\/\" \/>\n<meta property=\"og:site_name\" content=\"La Jungle Bijoux\" \/>\n<meta property=\"article:modified_time\" content=\"2023-05-26T13:10:11+00:00\" \/>\n<meta property=\"og:image\" content=\"https:\/\/recover.lajunglebijoux.com\/wp-content\/uploads\/2022\/12\/IMG_20210924_145852-scaled.jpg\" \/>\n\t<meta property=\"og:image:width\" content=\"1920\" \/>\n\t<meta property=\"og:image:height\" content=\"2560\" \/>\n\t<meta property=\"og:image:type\" content=\"image\/jpeg\" \/>\n<meta name=\"twitter:card\" content=\"summary_large_image\" \/>\n<meta name=\"twitter:label1\" content=\"Tiempo de lectura\" \/>\n\t<meta name=\"twitter:data1\" content=\"1 minuto\" \/>\n<script type=\"application\/ld+json\" class=\"yoast-schema-graph\">{\"@context\":\"https:\/\/schema.org\",\"@graph\":[{\"@type\":\"WebPage\",\"@id\":\"http:\/\/recover.lajunglebijoux.com\/es\/producto\/bague-mains-or\/\",\"url\":\"http:\/\/recover.lajunglebijoux.com\/es\/producto\/bague-mains-or\/\",\"name\":\"Anillo de mano Amour Propre de oro - La Jungle Bijoux\",\"isPartOf\":{\"@id\":\"https:\/\/recover.lajunglebijoux.com\/es\/#website\"},\"primaryImageOfPage\":{\"@id\":\"http:\/\/recover.lajunglebijoux.com\/es\/producto\/bague-mains-or\/#primaryimage\"},\"image\":{\"@id\":\"http:\/\/recover.lajunglebijoux.com\/es\/producto\/bague-mains-or\/#primaryimage\"},\"thumbnailUrl\":\"http:\/\/recover.lajunglebijoux.com\/wp-content\/uploads\/2022\/12\/IMG_20210924_145852-scaled.jpg\",\"datePublished\":\"2022-12-13T08:47:41+00:00\",\"dateModified\":\"2023-05-26T13:10:11+00:00\",\"description\":\"Aprende a quererte a ti mismo con el anillo de mano de oro Amour Propre. Este adorable s\u00edmbolo representa tu propio amor o el amor que sientes por alguien a quien quieres.\",\"breadcrumb\":{\"@id\":\"http:\/\/recover.lajunglebijoux.com\/es\/producto\/bague-mains-or\/#breadcrumb\"},\"inLanguage\":\"es\",\"potentialAction\":[{\"@type\":\"ReadAction\",\"target\":[\"http:\/\/recover.lajunglebijoux.com\/es\/producto\/bague-mains-or\/\"]}]},{\"@type\":\"ImageObject\",\"inLanguage\":\"es\",\"@id\":\"http:\/\/recover.lajunglebijoux.com\/es\/producto\/bague-mains-or\/#primaryimage\",\"url\":\"http:\/\/recover.lajunglebijoux.com\/wp-content\/uploads\/2022\/12\/IMG_20210924_145852-scaled.jpg\",\"contentUrl\":\"http:\/\/recover.lajunglebijoux.com\/wp-content\/uploads\/2022\/12\/IMG_20210924_145852-scaled.jpg\",\"width\":1920,\"height\":2560,\"caption\":\"bague mains or\"},{\"@type\":\"BreadcrumbList\",\"@id\":\"http:\/\/recover.lajunglebijoux.com\/es\/producto\/bague-mains-or\/#breadcrumb\",\"itemListElement\":[{\"@type\":\"ListItem\",\"position\":1,\"name\":\"Portada\",\"item\":\"http:\/\/recover.lajunglebijoux.com\/es\/\"},{\"@type\":\"ListItem\",\"position\":2,\"name\":\"Tienda\",\"item\":\"http:\/\/recover.lajunglebijoux.com\/es\/tienda\/\"},{\"@type\":\"ListItem\",\"position\":3,\"name\":\"Anillo de mano Amour Propre de oro\"}]},{\"@type\":\"WebSite\",\"@id\":\"https:\/\/recover.lajunglebijoux.com\/es\/#website\",\"url\":\"https:\/\/recover.lajunglebijoux.com\/es\/\",\"name\":\"La Jungle Bijoux\",\"description\":\"\",\"publisher\":{\"@id\":\"https:\/\/recover.lajunglebijoux.com\/es\/#organization\"},\"potentialAction\":[{\"@type\":\"SearchAction\",\"target\":{\"@type\":\"EntryPoint\",\"urlTemplate\":\"https:\/\/recover.lajunglebijoux.com\/es\/?s={search_term_string}\"},\"query-input\":\"required name=search_term_string\"}],\"inLanguage\":\"es\"},{\"@type\":\"Organization\",\"@id\":\"https:\/\/recover.lajunglebijoux.com\/es\/#organization\",\"name\":\"La Jungle Bijoux\",\"url\":\"https:\/\/recover.lajunglebijoux.com\/es\/\",\"logo\":{\"@type\":\"ImageObject\",\"inLanguage\":\"es\",\"@id\":\"https:\/\/recover.lajunglebijoux.com\/es\/#\/schema\/logo\/image\/\",\"url\":\"http:\/\/recover.lajunglebijoux.com\/wp-content\/uploads\/2023\/01\/LOGO-FINAL-Fonce.jpg\",\"contentUrl\":\"http:\/\/recover.lajunglebijoux.com\/wp-content\/uploads\/2023\/01\/LOGO-FINAL-Fonce.jpg\",\"width\":900,\"height\":900,\"caption\":\"La Jungle Bijoux\"},\"image\":{\"@id\":\"https:\/\/recover.lajunglebijoux.com\/es\/#\/schema\/logo\/image\/\"}}]}<\/script>\n<!-- \/ Yoast SEO plugin. -->","yoast_head_json":{"title":"Anillo de mano Amour Propre de oro - La Jungle Bijoux","description":"Aprende a quererte a ti mismo con el anillo de mano de oro Amour Propre. Este adorable s\u00edmbolo representa tu propio amor o el amor que sientes por alguien a quien quieres.","robots":{"index":"index","follow":"follow","max-snippet":"max-snippet:-1","max-image-preview":"max-image-preview:large","max-video-preview":"max-video-preview:-1"},"canonical":"http:\/\/recover.lajunglebijoux.com\/es\/producto\/bague-mains-or\/","og_locale":"es_ES","og_type":"article","og_title":"Anillo de mano Amour Propre de oro - La Jungle Bijoux","og_description":"Aprende a quererte a ti mismo con el anillo de mano de oro Amour Propre. Este adorable s\u00edmbolo representa tu propio amor o el amor que sientes por alguien a quien quieres.","og_url":"http:\/\/recover.lajunglebijoux.com\/es\/producto\/bague-mains-or\/","og_site_name":"La Jungle Bijoux","article_modified_time":"2023-05-26T13:10:11+00:00","og_image":[{"width":1920,"height":2560,"url":"https:\/\/recover.lajunglebijoux.com\/wp-content\/uploads\/2022\/12\/IMG_20210924_145852-scaled.jpg","type":"image\/jpeg"}],"twitter_card":"summary_large_image","twitter_misc":{"Tiempo de lectura":"1 minuto"},"schema":{"@context":"https:\/\/schema.org","@graph":[{"@type":"WebPage","@id":"http:\/\/recover.lajunglebijoux.com\/es\/producto\/bague-mains-or\/","url":"http:\/\/recover.lajunglebijoux.com\/es\/producto\/bague-mains-or\/","name":"Anillo de mano Amour Propre de oro - La Jungle Bijoux","isPartOf":{"@id":"https:\/\/recover.lajunglebijoux.com\/es\/#website"},"primaryImageOfPage":{"@id":"http:\/\/recover.lajunglebijoux.com\/es\/producto\/bague-mains-or\/#primaryimage"},"image":{"@id":"http:\/\/recover.lajunglebijoux.com\/es\/producto\/bague-mains-or\/#primaryimage"},"thumbnailUrl":"http:\/\/recover.lajunglebijoux.com\/wp-content\/uploads\/2022\/12\/IMG_20210924_145852-scaled.jpg","datePublished":"2022-12-13T08:47:41+00:00","dateModified":"2023-05-26T13:10:11+00:00","description":"Aprende a quererte a ti mismo con el anillo de mano de oro Amour Propre. Este adorable s\u00edmbolo representa tu propio amor o el amor que sientes por alguien a quien quieres.","breadcrumb":{"@id":"http:\/\/recover.lajunglebijoux.com\/es\/producto\/bague-mains-or\/#breadcrumb"},"inLanguage":"es","potentialAction":[{"@type":"ReadAction","target":["http:\/\/recover.lajunglebijoux.com\/es\/producto\/bague-mains-or\/"]}]},{"@type":"ImageObject","inLanguage":"es","@id":"http:\/\/recover.lajunglebijoux.com\/es\/producto\/bague-mains-or\/#primaryimage","url":"http:\/\/recover.lajunglebijoux.com\/wp-content\/uploads\/2022\/12\/IMG_20210924_145852-scaled.jpg","contentUrl":"http:\/\/recover.lajunglebijoux.com\/wp-content\/uploads\/2022\/12\/IMG_20210924_145852-scaled.jpg","width":1920,"height":2560,"caption":"bague mains or"},{"@type":"BreadcrumbList","@id":"http:\/\/recover.lajunglebijoux.com\/es\/producto\/bague-mains-or\/#breadcrumb","itemListElement":[{"@type":"ListItem","position":1,"name":"Portada","item":"http:\/\/recover.lajunglebijoux.com\/es\/"},{"@type":"ListItem","position":2,"name":"Tienda","item":"http:\/\/recover.lajunglebijoux.com\/es\/tienda\/"},{"@type":"ListItem","position":3,"name":"Anillo de mano Amour Propre de oro"}]},{"@type":"WebSite","@id":"https:\/\/recover.lajunglebijoux.com\/es\/#website","url":"https:\/\/recover.lajunglebijoux.com\/es\/","name":"La Jungle Bijoux","description":"","publisher":{"@id":"https:\/\/recover.lajunglebijoux.com\/es\/#organization"},"potentialAction":[{"@type":"SearchAction","target":{"@type":"EntryPoint","urlTemplate":"https:\/\/recover.lajunglebijoux.com\/es\/?s={search_term_string}"},"query-input":"required name=search_term_string"}],"inLanguage":"es"},{"@type":"Organization","@id":"https:\/\/recover.lajunglebijoux.com\/es\/#organization","name":"La Jungle Bijoux","url":"https:\/\/recover.lajunglebijoux.com\/es\/","logo":{"@type":"ImageObject","inLanguage":"es","@id":"https:\/\/recover.lajunglebijoux.com\/es\/#\/schema\/logo\/image\/","url":"http:\/\/recover.lajunglebijoux.com\/wp-content\/uploads\/2023\/01\/LOGO-FINAL-Fonce.jpg","contentUrl":"http:\/\/recover.lajunglebijoux.com\/wp-content\/uploads\/2023\/01\/LOGO-FINAL-Fonce.jpg","width":900,"height":900,"caption":"La Jungle Bijoux"},"image":{"@id":"https:\/\/recover.lajunglebijoux.com\/es\/#\/schema\/logo\/image\/"}}]}},"_links":{"self":[{"href":"http:\/\/recover.lajunglebijoux.com\/es\/wp-json\/wp\/v2\/product\/8933","targetHints":{"allow":["GET"]}}],"collection":[{"href":"http:\/\/recover.lajunglebijoux.com\/es\/wp-json\/wp\/v2\/product"}],"about":[{"href":"http:\/\/recover.lajunglebijoux.com\/es\/wp-json\/wp\/v2\/types\/product"}],"replies":[{"embeddable":true,"href":"http:\/\/recover.lajunglebijoux.com\/es\/wp-json\/wp\/v2\/comments?post=8933"}],"wp:featuredmedia":[{"embeddable":true,"href":"http:\/\/recover.lajunglebijoux.com\/es\/wp-json\/wp\/v2\/media\/3996"}],"wp:attachment":[{"href":"http:\/\/recover.lajunglebijoux.com\/es\/wp-json\/wp\/v2\/media?parent=8933"}],"wp:term":[{"taxonomy":"product_cat","embeddable":true,"href":"http:\/\/recover.lajunglebijoux.com\/es\/wp-json\/wp\/v2\/product_cat?post=8933"},{"taxonomy":"product_tag","embeddable":true,"href":"http:\/\/recover.lajunglebijoux.com\/es\/wp-json\/wp\/v2\/product_tag?post=8933"}],"curies":[{"name":"wp","href":"https:\/\/api.w.org\/{rel}","templated":true}]}}