{"id":8932,"date":"2023-01-11T11:29:28","date_gmt":"2023-01-11T09:29:28","guid":{"rendered":"https:\/\/recover.lajunglebijoux.com\/product\/collier-saturne-or\/"},"modified":"2023-07-25T09:53:06","modified_gmt":"2023-07-25T09:53:06","slug":"collar-saturno-oro","status":"publish","type":"product","link":"http:\/\/recover.lajunglebijoux.com\/es\/producto\/collar-saturno-oro\/","title":{"rendered":"Collar Saturno oro"},"content":{"rendered":"<h2>Unas palabras de Jen, creadora de La Jungle Bijou<\/h2>\n<p>Siempre me han fascinado las estrellas y los planetas. Verlos titilar en el cielo te hace darte cuenta de lo humildes que somos y de lo peque\u00f1os que somos en el gran esquema de las cosas. Crear joyas en torno a las estrellas me permite rendir homenaje a la belleza y el misterio de nuestro universo.<\/p>\n<p>En astrolog\u00eda, Saturno rige el signo de Capricornio. A menudo se le asocia con estados de \u00e1nimo taciturnos, pero es un s\u00edmbolo de sabidur\u00eda, un planeta que nos ayuda a conectar las diferentes etapas de nuestra existencia, permiti\u00e9ndonos tomar distancia y aceptar las situaciones con m\u00e1s facilidad. En este sentido, puede ser muy reconfortante.<\/p>\n<p>Saturno es el planeta de la conciencia a largo plazo, que resuena con el mensaje \u00abAcepto\u00bb que quer\u00eda transmitir. Acepto confiar en m\u00ed, amarme con el tiempo, \u00a1simplemente me acepto!<\/p>\n<p>En este collar, Saturno se complementa con estrellas, s\u00edmbolos de armon\u00eda, vitalidad, belleza y salud. Tambi\u00e9n son sin\u00f3nimo de perfecci\u00f3n, porque todo est\u00e1 siempre en su sitio de forma perfectamente imperfecta. Sin sombras no hay luz (sin noche, no hay estrellas visibles) y por eso nos ayudan a empezar a apreciar tambi\u00e9n nuestras sombras.<\/p>\n<p>Esta es, por supuesto, mi interpretaci\u00f3n personal de esta joya como dise\u00f1adora, pero depende de ti asociarle el s\u00edmbolo que quieras o, por supuesto, elegir esta joya s\u00f3lo por su dise\u00f1o.<\/p>\n<p>C\u00f3mo llevar el collar Saturno I accept<\/p>\n<p>Me gusta especialmente llevar el collar Saturno con una gargantilla, como uno de mis collares de cadena de la colecci\u00f3n Rompe tus cadenas. Si eres sensible a las energ\u00edas, s\u00f3lo puedo aconsejarte que lo combines con otra joya talism\u00e1n de la colecci\u00f3n Eres M\u00e1gica, para llevar joyas que te potencien y te llenen de buenas vibraciones.<\/p>\n","protected":false},"excerpt":{"rendered":"<div id=\"wsite-com-product-short-description\">\n<div class=\"paragraph\">\n<p>D\u00e9jese cautivar por el poder y la fuerza de Saturno con el collar J&#8217;accepte.<\/p>\n<p>Realizado con la t\u00e9cnica del reperc\u00e9, el collar J&#8217;accepte rinde homenaje a este planeta considerado el cemento de una vida. S\u00edmbolo de concentraci\u00f3n, Saturno es un astro que aporta fluidez y sabidur\u00eda a cada micro cambio o decisi\u00f3n.<\/p>\n<p>El motivo de Saturno y su anillo se complementa con 3 estrellas alineadas y radiantes, para aportarle la alineaci\u00f3n deseada con su sensibilidad.<\/p>\n<p>Collar Saturno de oro fino de 18 quilates sobre base de lat\u00f3n.<\/p>\n<p>Longitud 40 cm + cadena de prolongaci\u00f3n de 5 cm.<\/p>\n<p>&nbsp;<\/p>\n<\/div>\n<\/div>\n","protected":false},"featured_media":4953,"comment_status":"open","ping_status":"closed","template":"","meta":{"_acf_changed":false},"product_cat":[68],"product_tag":[],"class_list":{"0":"post-8932","1":"product","2":"type-product","3":"status-publish","4":"has-post-thumbnail","6":"product_cat-you-are-magic-es","7":"pa_modele-collares","8":"pa_theme-joyas-astral-tarot","10":"first","11":"instock","12":"shipping-taxable","13":"purchasable","14":"product-type-simple"},"acf":[],"yoast_head":"<!-- This site is optimized with the Yoast SEO plugin v23.3 - https:\/\/yoast.com\/wordpress\/plugins\/seo\/ -->\n<title>Collar Saturno oro - La Jungle Bijoux<\/title>\n<meta name=\"description\" content=\"Descubre el collar Saturno de oro que vestir\u00e1 de luz tu cuello. Es una joya que te invita a so\u00f1ar y a aceptarte a ti misma y a los dem\u00e1s.\" \/>\n<meta name=\"robots\" content=\"index, follow, max-snippet:-1, max-image-preview:large, max-video-preview:-1\" \/>\n<link rel=\"canonical\" href=\"http:\/\/recover.lajunglebijoux.com\/es\/producto\/collar-saturno-oro\/\" \/>\n<meta property=\"og:locale\" content=\"es_ES\" \/>\n<meta property=\"og:type\" content=\"article\" \/>\n<meta property=\"og:title\" content=\"Collar Saturno oro - La Jungle Bijoux\" \/>\n<meta property=\"og:description\" content=\"Descubre el collar Saturno de oro que vestir\u00e1 de luz tu cuello. Es una joya que te invita a so\u00f1ar y a aceptarte a ti misma y a los dem\u00e1s.\" \/>\n<meta property=\"og:url\" content=\"http:\/\/recover.lajunglebijoux.com\/es\/producto\/collar-saturno-oro\/\" \/>\n<meta property=\"og:site_name\" content=\"La Jungle Bijoux\" \/>\n<meta property=\"article:modified_time\" content=\"2023-07-25T09:53:06+00:00\" \/>\n<meta property=\"og:image\" content=\"http:\/\/recover.lajunglebijoux.com\/wp-content\/uploads\/2023\/01\/IMG_20211130_125407.jpg\" \/>\n\t<meta property=\"og:image:width\" content=\"2769\" \/>\n\t<meta property=\"og:image:height\" content=\"2769\" \/>\n\t<meta property=\"og:image:type\" content=\"image\/jpeg\" \/>\n<meta name=\"twitter:card\" content=\"summary_large_image\" \/>\n<meta name=\"twitter:label1\" content=\"Tiempo de lectura\" \/>\n\t<meta name=\"twitter:data1\" content=\"2 minutos\" \/>\n<script type=\"application\/ld+json\" class=\"yoast-schema-graph\">{\"@context\":\"https:\/\/schema.org\",\"@graph\":[{\"@type\":\"WebPage\",\"@id\":\"http:\/\/recover.lajunglebijoux.com\/es\/producto\/collar-saturno-oro\/\",\"url\":\"http:\/\/recover.lajunglebijoux.com\/es\/producto\/collar-saturno-oro\/\",\"name\":\"Collar Saturno oro - La Jungle Bijoux\",\"isPartOf\":{\"@id\":\"https:\/\/recover.lajunglebijoux.com\/es\/#website\"},\"primaryImageOfPage\":{\"@id\":\"http:\/\/recover.lajunglebijoux.com\/es\/producto\/collar-saturno-oro\/#primaryimage\"},\"image\":{\"@id\":\"http:\/\/recover.lajunglebijoux.com\/es\/producto\/collar-saturno-oro\/#primaryimage\"},\"thumbnailUrl\":\"http:\/\/recover.lajunglebijoux.com\/wp-content\/uploads\/2023\/01\/IMG_20211130_125407.jpg\",\"datePublished\":\"2023-01-11T09:29:28+00:00\",\"dateModified\":\"2023-07-25T09:53:06+00:00\",\"description\":\"Descubre el collar Saturno de oro que vestir\u00e1 de luz tu cuello. Es una joya que te invita a so\u00f1ar y a aceptarte a ti misma y a los dem\u00e1s.\",\"breadcrumb\":{\"@id\":\"http:\/\/recover.lajunglebijoux.com\/es\/producto\/collar-saturno-oro\/#breadcrumb\"},\"inLanguage\":\"es\",\"potentialAction\":[{\"@type\":\"ReadAction\",\"target\":[\"http:\/\/recover.lajunglebijoux.com\/es\/producto\/collar-saturno-oro\/\"]}]},{\"@type\":\"ImageObject\",\"inLanguage\":\"es\",\"@id\":\"http:\/\/recover.lajunglebijoux.com\/es\/producto\/collar-saturno-oro\/#primaryimage\",\"url\":\"http:\/\/recover.lajunglebijoux.com\/wp-content\/uploads\/2023\/01\/IMG_20211130_125407.jpg\",\"contentUrl\":\"http:\/\/recover.lajunglebijoux.com\/wp-content\/uploads\/2023\/01\/IMG_20211130_125407.jpg\",\"width\":2769,\"height\":2769,\"caption\":\"collier planete or\"},{\"@type\":\"BreadcrumbList\",\"@id\":\"http:\/\/recover.lajunglebijoux.com\/es\/producto\/collar-saturno-oro\/#breadcrumb\",\"itemListElement\":[{\"@type\":\"ListItem\",\"position\":1,\"name\":\"Portada\",\"item\":\"http:\/\/recover.lajunglebijoux.com\/es\/\"},{\"@type\":\"ListItem\",\"position\":2,\"name\":\"Tienda\",\"item\":\"http:\/\/recover.lajunglebijoux.com\/es\/tienda\/\"},{\"@type\":\"ListItem\",\"position\":3,\"name\":\"Collar Saturno oro\"}]},{\"@type\":\"WebSite\",\"@id\":\"https:\/\/recover.lajunglebijoux.com\/es\/#website\",\"url\":\"https:\/\/recover.lajunglebijoux.com\/es\/\",\"name\":\"La Jungle Bijoux\",\"description\":\"\",\"publisher\":{\"@id\":\"https:\/\/recover.lajunglebijoux.com\/es\/#organization\"},\"potentialAction\":[{\"@type\":\"SearchAction\",\"target\":{\"@type\":\"EntryPoint\",\"urlTemplate\":\"https:\/\/recover.lajunglebijoux.com\/es\/?s={search_term_string}\"},\"query-input\":\"required name=search_term_string\"}],\"inLanguage\":\"es\"},{\"@type\":\"Organization\",\"@id\":\"https:\/\/recover.lajunglebijoux.com\/es\/#organization\",\"name\":\"La Jungle Bijoux\",\"url\":\"https:\/\/recover.lajunglebijoux.com\/es\/\",\"logo\":{\"@type\":\"ImageObject\",\"inLanguage\":\"es\",\"@id\":\"https:\/\/recover.lajunglebijoux.com\/es\/#\/schema\/logo\/image\/\",\"url\":\"http:\/\/recover.lajunglebijoux.com\/wp-content\/uploads\/2023\/01\/LOGO-FINAL-Fonce.jpg\",\"contentUrl\":\"http:\/\/recover.lajunglebijoux.com\/wp-content\/uploads\/2023\/01\/LOGO-FINAL-Fonce.jpg\",\"width\":900,\"height\":900,\"caption\":\"La Jungle Bijoux\"},\"image\":{\"@id\":\"https:\/\/recover.lajunglebijoux.com\/es\/#\/schema\/logo\/image\/\"}}]}<\/script>\n<!-- \/ Yoast SEO plugin. -->","yoast_head_json":{"title":"Collar Saturno oro - La Jungle Bijoux","description":"Descubre el collar Saturno de oro que vestir\u00e1 de luz tu cuello. Es una joya que te invita a so\u00f1ar y a aceptarte a ti misma y a los dem\u00e1s.","robots":{"index":"index","follow":"follow","max-snippet":"max-snippet:-1","max-image-preview":"max-image-preview:large","max-video-preview":"max-video-preview:-1"},"canonical":"http:\/\/recover.lajunglebijoux.com\/es\/producto\/collar-saturno-oro\/","og_locale":"es_ES","og_type":"article","og_title":"Collar Saturno oro - La Jungle Bijoux","og_description":"Descubre el collar Saturno de oro que vestir\u00e1 de luz tu cuello. Es una joya que te invita a so\u00f1ar y a aceptarte a ti misma y a los dem\u00e1s.","og_url":"http:\/\/recover.lajunglebijoux.com\/es\/producto\/collar-saturno-oro\/","og_site_name":"La Jungle Bijoux","article_modified_time":"2023-07-25T09:53:06+00:00","og_image":[{"width":2769,"height":2769,"url":"http:\/\/recover.lajunglebijoux.com\/wp-content\/uploads\/2023\/01\/IMG_20211130_125407.jpg","type":"image\/jpeg"}],"twitter_card":"summary_large_image","twitter_misc":{"Tiempo de lectura":"2 minutos"},"schema":{"@context":"https:\/\/schema.org","@graph":[{"@type":"WebPage","@id":"http:\/\/recover.lajunglebijoux.com\/es\/producto\/collar-saturno-oro\/","url":"http:\/\/recover.lajunglebijoux.com\/es\/producto\/collar-saturno-oro\/","name":"Collar Saturno oro - La Jungle Bijoux","isPartOf":{"@id":"https:\/\/recover.lajunglebijoux.com\/es\/#website"},"primaryImageOfPage":{"@id":"http:\/\/recover.lajunglebijoux.com\/es\/producto\/collar-saturno-oro\/#primaryimage"},"image":{"@id":"http:\/\/recover.lajunglebijoux.com\/es\/producto\/collar-saturno-oro\/#primaryimage"},"thumbnailUrl":"http:\/\/recover.lajunglebijoux.com\/wp-content\/uploads\/2023\/01\/IMG_20211130_125407.jpg","datePublished":"2023-01-11T09:29:28+00:00","dateModified":"2023-07-25T09:53:06+00:00","description":"Descubre el collar Saturno de oro que vestir\u00e1 de luz tu cuello. Es una joya que te invita a so\u00f1ar y a aceptarte a ti misma y a los dem\u00e1s.","breadcrumb":{"@id":"http:\/\/recover.lajunglebijoux.com\/es\/producto\/collar-saturno-oro\/#breadcrumb"},"inLanguage":"es","potentialAction":[{"@type":"ReadAction","target":["http:\/\/recover.lajunglebijoux.com\/es\/producto\/collar-saturno-oro\/"]}]},{"@type":"ImageObject","inLanguage":"es","@id":"http:\/\/recover.lajunglebijoux.com\/es\/producto\/collar-saturno-oro\/#primaryimage","url":"http:\/\/recover.lajunglebijoux.com\/wp-content\/uploads\/2023\/01\/IMG_20211130_125407.jpg","contentUrl":"http:\/\/recover.lajunglebijoux.com\/wp-content\/uploads\/2023\/01\/IMG_20211130_125407.jpg","width":2769,"height":2769,"caption":"collier planete or"},{"@type":"BreadcrumbList","@id":"http:\/\/recover.lajunglebijoux.com\/es\/producto\/collar-saturno-oro\/#breadcrumb","itemListElement":[{"@type":"ListItem","position":1,"name":"Portada","item":"http:\/\/recover.lajunglebijoux.com\/es\/"},{"@type":"ListItem","position":2,"name":"Tienda","item":"http:\/\/recover.lajunglebijoux.com\/es\/tienda\/"},{"@type":"ListItem","position":3,"name":"Collar Saturno oro"}]},{"@type":"WebSite","@id":"https:\/\/recover.lajunglebijoux.com\/es\/#website","url":"https:\/\/recover.lajunglebijoux.com\/es\/","name":"La Jungle Bijoux","description":"","publisher":{"@id":"https:\/\/recover.lajunglebijoux.com\/es\/#organization"},"potentialAction":[{"@type":"SearchAction","target":{"@type":"EntryPoint","urlTemplate":"https:\/\/recover.lajunglebijoux.com\/es\/?s={search_term_string}"},"query-input":"required name=search_term_string"}],"inLanguage":"es"},{"@type":"Organization","@id":"https:\/\/recover.lajunglebijoux.com\/es\/#organization","name":"La Jungle Bijoux","url":"https:\/\/recover.lajunglebijoux.com\/es\/","logo":{"@type":"ImageObject","inLanguage":"es","@id":"https:\/\/recover.lajunglebijoux.com\/es\/#\/schema\/logo\/image\/","url":"http:\/\/recover.lajunglebijoux.com\/wp-content\/uploads\/2023\/01\/LOGO-FINAL-Fonce.jpg","contentUrl":"http:\/\/recover.lajunglebijoux.com\/wp-content\/uploads\/2023\/01\/LOGO-FINAL-Fonce.jpg","width":900,"height":900,"caption":"La Jungle Bijoux"},"image":{"@id":"https:\/\/recover.lajunglebijoux.com\/es\/#\/schema\/logo\/image\/"}}]}},"_links":{"self":[{"href":"http:\/\/recover.lajunglebijoux.com\/es\/wp-json\/wp\/v2\/product\/8932","targetHints":{"allow":["GET"]}}],"collection":[{"href":"http:\/\/recover.lajunglebijoux.com\/es\/wp-json\/wp\/v2\/product"}],"about":[{"href":"http:\/\/recover.lajunglebijoux.com\/es\/wp-json\/wp\/v2\/types\/product"}],"replies":[{"embeddable":true,"href":"http:\/\/recover.lajunglebijoux.com\/es\/wp-json\/wp\/v2\/comments?post=8932"}],"wp:featuredmedia":[{"embeddable":true,"href":"http:\/\/recover.lajunglebijoux.com\/es\/wp-json\/wp\/v2\/media\/4953"}],"wp:attachment":[{"href":"http:\/\/recover.lajunglebijoux.com\/es\/wp-json\/wp\/v2\/media?parent=8932"}],"wp:term":[{"taxonomy":"product_cat","embeddable":true,"href":"http:\/\/recover.lajunglebijoux.com\/es\/wp-json\/wp\/v2\/product_cat?post=8932"},{"taxonomy":"product_tag","embeddable":true,"href":"http:\/\/recover.lajunglebijoux.com\/es\/wp-json\/wp\/v2\/product_tag?post=8932"}],"curies":[{"name":"wp","href":"https:\/\/api.w.org\/{rel}","templated":true}]}}