{"id":8929,"date":"2023-01-31T15:04:17","date_gmt":"2023-01-31T13:04:17","guid":{"rendered":"https:\/\/recover.lajunglebijoux.com\/product\/divine-queen-bague-couronne-or\/"},"modified":"2023-05-26T13:06:21","modified_gmt":"2023-05-26T13:06:21","slug":"divine-queen-bague-couronne-or","status":"publish","type":"product","link":"http:\/\/recover.lajunglebijoux.com\/es\/producto\/divine-queen-bague-couronne-or\/","title":{"rendered":"DIVINE QUEEN &#8211; anillo corona de oro"},"content":{"rendered":"","protected":false},"excerpt":{"rendered":"<p>Anillo de corona de lat\u00f3n chapado en oro de 18 quilates de 3 micras de alta resistencia.<\/p>\n<p>Talla ajustable.<\/p>\n<p>El simbolismo del anillo corona :<\/p>\n<p>CREATIVIDAD<\/p>\n<p>No olvides que, como todos y cada uno de nosotros, llevas dentro una poderosa y divina fuerza creativa y que t\u00fa eres la persona que mejor te conoce.<\/p>\n<p>No tengas miedo de brillar, conf\u00eda en ti mismo y cumplir\u00e1s tu misi\u00f3n en la tierra, que no es otra que vivir la vida de tus sue\u00f1os.<\/p>\n<p>LIBERTAD<\/p>\n<p>Para m\u00ed, este anillo corona representa el poder que toda mujer tiene sobre su vida. Ser la reina de tu reino puede significar que tienes el poder de decidir lo que quieres traer a tu espacio vital. Tenemos el poder de cultivar los valores que son importantes para nosotras y que apreciamos, y nada ni nadie puede contaminar este reino sin nuestro consentimiento.<\/p>\n<p>Como con todas las joyas de esta colecci\u00f3n, quer\u00eda explicarte mi enfoque creativo, pero, por supuesto, coge s\u00f3lo lo que te hable, y si es s\u00f3lo el dise\u00f1o de la joya, tambi\u00e9n est\u00e1 bien.<\/p>\n","protected":false},"featured_media":11469,"comment_status":"open","ping_status":"closed","template":"","meta":{"_acf_changed":false},"product_cat":[68],"product_tag":[],"class_list":{"0":"post-8929","1":"product","2":"type-product","3":"status-publish","4":"has-post-thumbnail","6":"product_cat-you-are-magic-es","7":"pa_modele-anillos","8":"pa_theme-joyas-bienestar","10":"first","11":"instock","12":"sale","13":"shipping-taxable","14":"purchasable","15":"product-type-simple"},"acf":[],"yoast_head":"<!-- This site is optimized with the Yoast SEO plugin v23.3 - https:\/\/yoast.com\/wordpress\/plugins\/seo\/ -->\n<title>DIVINE QUEEN - anillo corona de oro - La Jungle Bijoux<\/title>\n<meta name=\"description\" content=\"Adopte el anillo Reina Divina de oro, un anillo en forma de corona para celebrar la reina que es usted. Tama\u00f1o ajustable.\" \/>\n<meta name=\"robots\" content=\"index, follow, max-snippet:-1, max-image-preview:large, max-video-preview:-1\" \/>\n<link rel=\"canonical\" href=\"http:\/\/recover.lajunglebijoux.com\/es\/producto\/divine-queen-bague-couronne-or\/\" \/>\n<meta property=\"og:locale\" content=\"es_ES\" \/>\n<meta property=\"og:type\" content=\"article\" \/>\n<meta property=\"og:title\" content=\"DIVINE QUEEN - anillo corona de oro - La Jungle Bijoux\" \/>\n<meta property=\"og:description\" content=\"Adopte el anillo Reina Divina de oro, un anillo en forma de corona para celebrar la reina que es usted. Tama\u00f1o ajustable.\" \/>\n<meta property=\"og:url\" content=\"http:\/\/recover.lajunglebijoux.com\/es\/producto\/divine-queen-bague-couronne-or\/\" \/>\n<meta property=\"og:site_name\" content=\"La Jungle Bijoux\" \/>\n<meta property=\"article:modified_time\" content=\"2023-05-26T13:06:21+00:00\" \/>\n<meta property=\"og:image\" content=\"https:\/\/recover.lajunglebijoux.com\/wp-content\/uploads\/2024\/02\/badivine-scaled.jpg\" \/>\n\t<meta property=\"og:image:width\" content=\"2560\" \/>\n\t<meta property=\"og:image:height\" content=\"2556\" \/>\n\t<meta property=\"og:image:type\" content=\"image\/jpeg\" \/>\n<meta name=\"twitter:card\" content=\"summary_large_image\" \/>\n<script type=\"application\/ld+json\" class=\"yoast-schema-graph\">{\"@context\":\"https:\/\/schema.org\",\"@graph\":[{\"@type\":\"WebPage\",\"@id\":\"http:\/\/recover.lajunglebijoux.com\/es\/producto\/divine-queen-bague-couronne-or\/\",\"url\":\"http:\/\/recover.lajunglebijoux.com\/es\/producto\/divine-queen-bague-couronne-or\/\",\"name\":\"DIVINE QUEEN - anillo corona de oro - La Jungle Bijoux\",\"isPartOf\":{\"@id\":\"http:\/\/recover.lajunglebijoux.com\/es\/#website\"},\"primaryImageOfPage\":{\"@id\":\"http:\/\/recover.lajunglebijoux.com\/es\/producto\/divine-queen-bague-couronne-or\/#primaryimage\"},\"image\":{\"@id\":\"http:\/\/recover.lajunglebijoux.com\/es\/producto\/divine-queen-bague-couronne-or\/#primaryimage\"},\"thumbnailUrl\":\"http:\/\/recover.lajunglebijoux.com\/wp-content\/uploads\/2024\/02\/badivine-scaled.jpg\",\"datePublished\":\"2023-01-31T13:04:17+00:00\",\"dateModified\":\"2023-05-26T13:06:21+00:00\",\"description\":\"Adopte el anillo Reina Divina de oro, un anillo en forma de corona para celebrar la reina que es usted. Tama\u00f1o ajustable.\",\"breadcrumb\":{\"@id\":\"http:\/\/recover.lajunglebijoux.com\/es\/producto\/divine-queen-bague-couronne-or\/#breadcrumb\"},\"inLanguage\":\"es\",\"potentialAction\":[{\"@type\":\"ReadAction\",\"target\":[\"http:\/\/recover.lajunglebijoux.com\/es\/producto\/divine-queen-bague-couronne-or\/\"]}]},{\"@type\":\"ImageObject\",\"inLanguage\":\"es\",\"@id\":\"http:\/\/recover.lajunglebijoux.com\/es\/producto\/divine-queen-bague-couronne-or\/#primaryimage\",\"url\":\"http:\/\/recover.lajunglebijoux.com\/wp-content\/uploads\/2024\/02\/badivine-scaled.jpg\",\"contentUrl\":\"http:\/\/recover.lajunglebijoux.com\/wp-content\/uploads\/2024\/02\/badivine-scaled.jpg\",\"width\":2560,\"height\":2556,\"caption\":\"bague couronne or femme\"},{\"@type\":\"BreadcrumbList\",\"@id\":\"http:\/\/recover.lajunglebijoux.com\/es\/producto\/divine-queen-bague-couronne-or\/#breadcrumb\",\"itemListElement\":[{\"@type\":\"ListItem\",\"position\":1,\"name\":\"Portada\",\"item\":\"http:\/\/recover.lajunglebijoux.com\/es\/\"},{\"@type\":\"ListItem\",\"position\":2,\"name\":\"Tienda\",\"item\":\"http:\/\/recover.lajunglebijoux.com\/es\/tienda\/\"},{\"@type\":\"ListItem\",\"position\":3,\"name\":\"DIVINE QUEEN &#8211; anillo corona de oro\"}]},{\"@type\":\"WebSite\",\"@id\":\"http:\/\/recover.lajunglebijoux.com\/es\/#website\",\"url\":\"http:\/\/recover.lajunglebijoux.com\/es\/\",\"name\":\"La Jungle Bijoux\",\"description\":\"\",\"publisher\":{\"@id\":\"http:\/\/recover.lajunglebijoux.com\/es\/#organization\"},\"potentialAction\":[{\"@type\":\"SearchAction\",\"target\":{\"@type\":\"EntryPoint\",\"urlTemplate\":\"http:\/\/recover.lajunglebijoux.com\/es\/?s={search_term_string}\"},\"query-input\":\"required name=search_term_string\"}],\"inLanguage\":\"es\"},{\"@type\":\"Organization\",\"@id\":\"http:\/\/recover.lajunglebijoux.com\/es\/#organization\",\"name\":\"La Jungle Bijoux\",\"url\":\"http:\/\/recover.lajunglebijoux.com\/es\/\",\"logo\":{\"@type\":\"ImageObject\",\"inLanguage\":\"es\",\"@id\":\"http:\/\/recover.lajunglebijoux.com\/es\/#\/schema\/logo\/image\/\",\"url\":\"http:\/\/recover.lajunglebijoux.com\/wp-content\/uploads\/2023\/01\/LOGO-FINAL-Fonce.jpg\",\"contentUrl\":\"http:\/\/recover.lajunglebijoux.com\/wp-content\/uploads\/2023\/01\/LOGO-FINAL-Fonce.jpg\",\"width\":900,\"height\":900,\"caption\":\"La Jungle Bijoux\"},\"image\":{\"@id\":\"http:\/\/recover.lajunglebijoux.com\/es\/#\/schema\/logo\/image\/\"}}]}<\/script>\n<!-- \/ Yoast SEO plugin. -->","yoast_head_json":{"title":"DIVINE QUEEN - anillo corona de oro - La Jungle Bijoux","description":"Adopte el anillo Reina Divina de oro, un anillo en forma de corona para celebrar la reina que es usted. Tama\u00f1o ajustable.","robots":{"index":"index","follow":"follow","max-snippet":"max-snippet:-1","max-image-preview":"max-image-preview:large","max-video-preview":"max-video-preview:-1"},"canonical":"http:\/\/recover.lajunglebijoux.com\/es\/producto\/divine-queen-bague-couronne-or\/","og_locale":"es_ES","og_type":"article","og_title":"DIVINE QUEEN - anillo corona de oro - La Jungle Bijoux","og_description":"Adopte el anillo Reina Divina de oro, un anillo en forma de corona para celebrar la reina que es usted. Tama\u00f1o ajustable.","og_url":"http:\/\/recover.lajunglebijoux.com\/es\/producto\/divine-queen-bague-couronne-or\/","og_site_name":"La Jungle Bijoux","article_modified_time":"2023-05-26T13:06:21+00:00","og_image":[{"width":2560,"height":2556,"url":"https:\/\/recover.lajunglebijoux.com\/wp-content\/uploads\/2024\/02\/badivine-scaled.jpg","type":"image\/jpeg"}],"twitter_card":"summary_large_image","schema":{"@context":"https:\/\/schema.org","@graph":[{"@type":"WebPage","@id":"http:\/\/recover.lajunglebijoux.com\/es\/producto\/divine-queen-bague-couronne-or\/","url":"http:\/\/recover.lajunglebijoux.com\/es\/producto\/divine-queen-bague-couronne-or\/","name":"DIVINE QUEEN - anillo corona de oro - La Jungle Bijoux","isPartOf":{"@id":"http:\/\/recover.lajunglebijoux.com\/es\/#website"},"primaryImageOfPage":{"@id":"http:\/\/recover.lajunglebijoux.com\/es\/producto\/divine-queen-bague-couronne-or\/#primaryimage"},"image":{"@id":"http:\/\/recover.lajunglebijoux.com\/es\/producto\/divine-queen-bague-couronne-or\/#primaryimage"},"thumbnailUrl":"http:\/\/recover.lajunglebijoux.com\/wp-content\/uploads\/2024\/02\/badivine-scaled.jpg","datePublished":"2023-01-31T13:04:17+00:00","dateModified":"2023-05-26T13:06:21+00:00","description":"Adopte el anillo Reina Divina de oro, un anillo en forma de corona para celebrar la reina que es usted. Tama\u00f1o ajustable.","breadcrumb":{"@id":"http:\/\/recover.lajunglebijoux.com\/es\/producto\/divine-queen-bague-couronne-or\/#breadcrumb"},"inLanguage":"es","potentialAction":[{"@type":"ReadAction","target":["http:\/\/recover.lajunglebijoux.com\/es\/producto\/divine-queen-bague-couronne-or\/"]}]},{"@type":"ImageObject","inLanguage":"es","@id":"http:\/\/recover.lajunglebijoux.com\/es\/producto\/divine-queen-bague-couronne-or\/#primaryimage","url":"http:\/\/recover.lajunglebijoux.com\/wp-content\/uploads\/2024\/02\/badivine-scaled.jpg","contentUrl":"http:\/\/recover.lajunglebijoux.com\/wp-content\/uploads\/2024\/02\/badivine-scaled.jpg","width":2560,"height":2556,"caption":"bague couronne or femme"},{"@type":"BreadcrumbList","@id":"http:\/\/recover.lajunglebijoux.com\/es\/producto\/divine-queen-bague-couronne-or\/#breadcrumb","itemListElement":[{"@type":"ListItem","position":1,"name":"Portada","item":"http:\/\/recover.lajunglebijoux.com\/es\/"},{"@type":"ListItem","position":2,"name":"Tienda","item":"http:\/\/recover.lajunglebijoux.com\/es\/tienda\/"},{"@type":"ListItem","position":3,"name":"DIVINE QUEEN &#8211; anillo corona de oro"}]},{"@type":"WebSite","@id":"http:\/\/recover.lajunglebijoux.com\/es\/#website","url":"http:\/\/recover.lajunglebijoux.com\/es\/","name":"La Jungle Bijoux","description":"","publisher":{"@id":"http:\/\/recover.lajunglebijoux.com\/es\/#organization"},"potentialAction":[{"@type":"SearchAction","target":{"@type":"EntryPoint","urlTemplate":"http:\/\/recover.lajunglebijoux.com\/es\/?s={search_term_string}"},"query-input":"required name=search_term_string"}],"inLanguage":"es"},{"@type":"Organization","@id":"http:\/\/recover.lajunglebijoux.com\/es\/#organization","name":"La Jungle Bijoux","url":"http:\/\/recover.lajunglebijoux.com\/es\/","logo":{"@type":"ImageObject","inLanguage":"es","@id":"http:\/\/recover.lajunglebijoux.com\/es\/#\/schema\/logo\/image\/","url":"http:\/\/recover.lajunglebijoux.com\/wp-content\/uploads\/2023\/01\/LOGO-FINAL-Fonce.jpg","contentUrl":"http:\/\/recover.lajunglebijoux.com\/wp-content\/uploads\/2023\/01\/LOGO-FINAL-Fonce.jpg","width":900,"height":900,"caption":"La Jungle Bijoux"},"image":{"@id":"http:\/\/recover.lajunglebijoux.com\/es\/#\/schema\/logo\/image\/"}}]}},"_links":{"self":[{"href":"http:\/\/recover.lajunglebijoux.com\/es\/wp-json\/wp\/v2\/product\/8929","targetHints":{"allow":["GET"]}}],"collection":[{"href":"http:\/\/recover.lajunglebijoux.com\/es\/wp-json\/wp\/v2\/product"}],"about":[{"href":"http:\/\/recover.lajunglebijoux.com\/es\/wp-json\/wp\/v2\/types\/product"}],"replies":[{"embeddable":true,"href":"http:\/\/recover.lajunglebijoux.com\/es\/wp-json\/wp\/v2\/comments?post=8929"}],"wp:featuredmedia":[{"embeddable":true,"href":"http:\/\/recover.lajunglebijoux.com\/es\/wp-json\/wp\/v2\/media\/11469"}],"wp:attachment":[{"href":"http:\/\/recover.lajunglebijoux.com\/es\/wp-json\/wp\/v2\/media?parent=8929"}],"wp:term":[{"taxonomy":"product_cat","embeddable":true,"href":"http:\/\/recover.lajunglebijoux.com\/es\/wp-json\/wp\/v2\/product_cat?post=8929"},{"taxonomy":"product_tag","embeddable":true,"href":"http:\/\/recover.lajunglebijoux.com\/es\/wp-json\/wp\/v2\/product_tag?post=8929"}],"curies":[{"name":"wp","href":"https:\/\/api.w.org\/{rel}","templated":true}]}}