{"id":8922,"date":"2023-02-06T11:40:51","date_gmt":"2023-02-06T09:40:51","guid":{"rendered":"https:\/\/recover.lajunglebijoux.com\/product\/boucles-doreilles-phase-lune\/"},"modified":"2023-05-26T12:56:26","modified_gmt":"2023-05-26T12:56:26","slug":"boucles-doreilles-phase-lune","status":"publish","type":"product","link":"http:\/\/recover.lajunglebijoux.com\/es\/producto\/boucles-doreilles-phase-lune\/","title":{"rendered":"FEMME C\u00c9LESTE &#8211; pendientes de oro"},"content":{"rendered":"","protected":false},"excerpt":{"rendered":"<p>Oro fino de 24 quilates de alta resistencia sobre una base de lat\u00f3n.<\/p>\n<p>Pendientes de fase lunar muy ligeros.<\/p>\n<p>Una vez m\u00e1s, hay todo un simbolismo en torno a la luna que he querido infundir en esta joya.<\/p>\n<p>La luna representa a la mujer y la energ\u00eda femenina por excelencia. Su ciclo de fases (representado aqu\u00ed en estos bucles) significa cambio y renacimiento, adaptabilidad y fluidez ante el cambio.<\/p>\n<p>Es la energ\u00eda YIN cuando el sol es la energ\u00eda Yang, una energ\u00eda interior, m\u00e1s tranquila, m\u00e1s discreta. Despertar tu energ\u00eda femenina, tu energ\u00eda Yin, es decir, tu energ\u00eda lunar, significa dejar hablar a tu coraz\u00f3n, desarrollar tu intuici\u00f3n y saber por fin escuchar tus propias necesidades.<\/p>\n<p>Como con todas las joyas de esta colecci\u00f3n, he querido explicarte mi enfoque creativo, pero, por supuesto, coge s\u00f3lo lo que te hable y si es s\u00f3lo el dise\u00f1o de la joya, tambi\u00e9n est\u00e1 bien.<\/p>\n","protected":false},"featured_media":5717,"comment_status":"open","ping_status":"closed","template":"","meta":{"_acf_changed":false},"product_cat":[68],"product_tag":[],"class_list":{"0":"post-8922","1":"product","2":"type-product","3":"status-publish","4":"has-post-thumbnail","6":"product_cat-you-are-magic-es","7":"pa_modele-pendientes","8":"pa_theme-joyas-astral-tarot","10":"first","11":"outofstock","12":"shipping-taxable","13":"purchasable","14":"product-type-simple"},"acf":[],"yoast_head":"<!-- This site is optimized with the Yoast SEO plugin v23.3 - https:\/\/yoast.com\/wordpress\/plugins\/seo\/ -->\n<title>FEMME C\u00c9LESTE - pendientes de oro - La Jungle Bijoux<\/title>\n<meta name=\"description\" content=\"Aprovecha tu energ\u00eda femenina con estos pendientes que representan las fases de la luna. Son joyas \u00fanicas y llenas de energ\u00eda.\" \/>\n<meta name=\"robots\" content=\"index, follow, max-snippet:-1, max-image-preview:large, max-video-preview:-1\" \/>\n<link rel=\"canonical\" href=\"http:\/\/recover.lajunglebijoux.com\/es\/producto\/boucles-doreilles-phase-lune\/\" \/>\n<meta property=\"og:locale\" content=\"es_ES\" \/>\n<meta property=\"og:type\" content=\"article\" \/>\n<meta property=\"og:title\" content=\"FEMME C\u00c9LESTE - pendientes de oro - La Jungle Bijoux\" \/>\n<meta property=\"og:description\" content=\"Aprovecha tu energ\u00eda femenina con estos pendientes que representan las fases de la luna. Son joyas \u00fanicas y llenas de energ\u00eda.\" \/>\n<meta property=\"og:url\" content=\"http:\/\/recover.lajunglebijoux.com\/es\/producto\/boucles-doreilles-phase-lune\/\" \/>\n<meta property=\"og:site_name\" content=\"La Jungle Bijoux\" \/>\n<meta property=\"article:modified_time\" content=\"2023-05-26T12:56:26+00:00\" \/>\n<meta property=\"og:image\" content=\"http:\/\/recover.lajunglebijoux.com\/wp-content\/uploads\/2023\/02\/IMG_20220328_154506.jpg\" \/>\n\t<meta property=\"og:image:width\" content=\"2057\" \/>\n\t<meta property=\"og:image:height\" content=\"2057\" \/>\n\t<meta property=\"og:image:type\" content=\"image\/jpeg\" \/>\n<meta name=\"twitter:card\" content=\"summary_large_image\" \/>\n<script type=\"application\/ld+json\" class=\"yoast-schema-graph\">{\"@context\":\"https:\/\/schema.org\",\"@graph\":[{\"@type\":\"WebPage\",\"@id\":\"http:\/\/recover.lajunglebijoux.com\/es\/producto\/boucles-doreilles-phase-lune\/\",\"url\":\"http:\/\/recover.lajunglebijoux.com\/es\/producto\/boucles-doreilles-phase-lune\/\",\"name\":\"FEMME C\u00c9LESTE - pendientes de oro - La Jungle Bijoux\",\"isPartOf\":{\"@id\":\"https:\/\/recover.lajunglebijoux.com\/es\/#website\"},\"primaryImageOfPage\":{\"@id\":\"http:\/\/recover.lajunglebijoux.com\/es\/producto\/boucles-doreilles-phase-lune\/#primaryimage\"},\"image\":{\"@id\":\"http:\/\/recover.lajunglebijoux.com\/es\/producto\/boucles-doreilles-phase-lune\/#primaryimage\"},\"thumbnailUrl\":\"http:\/\/recover.lajunglebijoux.com\/wp-content\/uploads\/2023\/02\/IMG_20220328_154506.jpg\",\"datePublished\":\"2023-02-06T09:40:51+00:00\",\"dateModified\":\"2023-05-26T12:56:26+00:00\",\"description\":\"Aprovecha tu energ\u00eda femenina con estos pendientes que representan las fases de la luna. Son joyas \u00fanicas y llenas de energ\u00eda.\",\"breadcrumb\":{\"@id\":\"http:\/\/recover.lajunglebijoux.com\/es\/producto\/boucles-doreilles-phase-lune\/#breadcrumb\"},\"inLanguage\":\"es\",\"potentialAction\":[{\"@type\":\"ReadAction\",\"target\":[\"http:\/\/recover.lajunglebijoux.com\/es\/producto\/boucles-doreilles-phase-lune\/\"]}]},{\"@type\":\"ImageObject\",\"inLanguage\":\"es\",\"@id\":\"http:\/\/recover.lajunglebijoux.com\/es\/producto\/boucles-doreilles-phase-lune\/#primaryimage\",\"url\":\"http:\/\/recover.lajunglebijoux.com\/wp-content\/uploads\/2023\/02\/IMG_20220328_154506.jpg\",\"contentUrl\":\"http:\/\/recover.lajunglebijoux.com\/wp-content\/uploads\/2023\/02\/IMG_20220328_154506.jpg\",\"width\":2057,\"height\":2057,\"caption\":\"boucles oreilles phase de lune\"},{\"@type\":\"BreadcrumbList\",\"@id\":\"http:\/\/recover.lajunglebijoux.com\/es\/producto\/boucles-doreilles-phase-lune\/#breadcrumb\",\"itemListElement\":[{\"@type\":\"ListItem\",\"position\":1,\"name\":\"Portada\",\"item\":\"http:\/\/recover.lajunglebijoux.com\/es\/\"},{\"@type\":\"ListItem\",\"position\":2,\"name\":\"Tienda\",\"item\":\"http:\/\/recover.lajunglebijoux.com\/es\/tienda\/\"},{\"@type\":\"ListItem\",\"position\":3,\"name\":\"FEMME C\u00c9LESTE &#8211; pendientes de oro\"}]},{\"@type\":\"WebSite\",\"@id\":\"https:\/\/recover.lajunglebijoux.com\/es\/#website\",\"url\":\"https:\/\/recover.lajunglebijoux.com\/es\/\",\"name\":\"La Jungle Bijoux\",\"description\":\"\",\"publisher\":{\"@id\":\"https:\/\/recover.lajunglebijoux.com\/es\/#organization\"},\"potentialAction\":[{\"@type\":\"SearchAction\",\"target\":{\"@type\":\"EntryPoint\",\"urlTemplate\":\"https:\/\/recover.lajunglebijoux.com\/es\/?s={search_term_string}\"},\"query-input\":\"required name=search_term_string\"}],\"inLanguage\":\"es\"},{\"@type\":\"Organization\",\"@id\":\"https:\/\/recover.lajunglebijoux.com\/es\/#organization\",\"name\":\"La Jungle Bijoux\",\"url\":\"https:\/\/recover.lajunglebijoux.com\/es\/\",\"logo\":{\"@type\":\"ImageObject\",\"inLanguage\":\"es\",\"@id\":\"https:\/\/recover.lajunglebijoux.com\/es\/#\/schema\/logo\/image\/\",\"url\":\"http:\/\/recover.lajunglebijoux.com\/wp-content\/uploads\/2023\/01\/LOGO-FINAL-Fonce.jpg\",\"contentUrl\":\"http:\/\/recover.lajunglebijoux.com\/wp-content\/uploads\/2023\/01\/LOGO-FINAL-Fonce.jpg\",\"width\":900,\"height\":900,\"caption\":\"La Jungle Bijoux\"},\"image\":{\"@id\":\"https:\/\/recover.lajunglebijoux.com\/es\/#\/schema\/logo\/image\/\"}}]}<\/script>\n<!-- \/ Yoast SEO plugin. -->","yoast_head_json":{"title":"FEMME C\u00c9LESTE - pendientes de oro - La Jungle Bijoux","description":"Aprovecha tu energ\u00eda femenina con estos pendientes que representan las fases de la luna. Son joyas \u00fanicas y llenas de energ\u00eda.","robots":{"index":"index","follow":"follow","max-snippet":"max-snippet:-1","max-image-preview":"max-image-preview:large","max-video-preview":"max-video-preview:-1"},"canonical":"http:\/\/recover.lajunglebijoux.com\/es\/producto\/boucles-doreilles-phase-lune\/","og_locale":"es_ES","og_type":"article","og_title":"FEMME C\u00c9LESTE - pendientes de oro - La Jungle Bijoux","og_description":"Aprovecha tu energ\u00eda femenina con estos pendientes que representan las fases de la luna. Son joyas \u00fanicas y llenas de energ\u00eda.","og_url":"http:\/\/recover.lajunglebijoux.com\/es\/producto\/boucles-doreilles-phase-lune\/","og_site_name":"La Jungle Bijoux","article_modified_time":"2023-05-26T12:56:26+00:00","og_image":[{"width":2057,"height":2057,"url":"http:\/\/recover.lajunglebijoux.com\/wp-content\/uploads\/2023\/02\/IMG_20220328_154506.jpg","type":"image\/jpeg"}],"twitter_card":"summary_large_image","schema":{"@context":"https:\/\/schema.org","@graph":[{"@type":"WebPage","@id":"http:\/\/recover.lajunglebijoux.com\/es\/producto\/boucles-doreilles-phase-lune\/","url":"http:\/\/recover.lajunglebijoux.com\/es\/producto\/boucles-doreilles-phase-lune\/","name":"FEMME C\u00c9LESTE - pendientes de oro - La Jungle Bijoux","isPartOf":{"@id":"https:\/\/recover.lajunglebijoux.com\/es\/#website"},"primaryImageOfPage":{"@id":"http:\/\/recover.lajunglebijoux.com\/es\/producto\/boucles-doreilles-phase-lune\/#primaryimage"},"image":{"@id":"http:\/\/recover.lajunglebijoux.com\/es\/producto\/boucles-doreilles-phase-lune\/#primaryimage"},"thumbnailUrl":"http:\/\/recover.lajunglebijoux.com\/wp-content\/uploads\/2023\/02\/IMG_20220328_154506.jpg","datePublished":"2023-02-06T09:40:51+00:00","dateModified":"2023-05-26T12:56:26+00:00","description":"Aprovecha tu energ\u00eda femenina con estos pendientes que representan las fases de la luna. Son joyas \u00fanicas y llenas de energ\u00eda.","breadcrumb":{"@id":"http:\/\/recover.lajunglebijoux.com\/es\/producto\/boucles-doreilles-phase-lune\/#breadcrumb"},"inLanguage":"es","potentialAction":[{"@type":"ReadAction","target":["http:\/\/recover.lajunglebijoux.com\/es\/producto\/boucles-doreilles-phase-lune\/"]}]},{"@type":"ImageObject","inLanguage":"es","@id":"http:\/\/recover.lajunglebijoux.com\/es\/producto\/boucles-doreilles-phase-lune\/#primaryimage","url":"http:\/\/recover.lajunglebijoux.com\/wp-content\/uploads\/2023\/02\/IMG_20220328_154506.jpg","contentUrl":"http:\/\/recover.lajunglebijoux.com\/wp-content\/uploads\/2023\/02\/IMG_20220328_154506.jpg","width":2057,"height":2057,"caption":"boucles oreilles phase de lune"},{"@type":"BreadcrumbList","@id":"http:\/\/recover.lajunglebijoux.com\/es\/producto\/boucles-doreilles-phase-lune\/#breadcrumb","itemListElement":[{"@type":"ListItem","position":1,"name":"Portada","item":"http:\/\/recover.lajunglebijoux.com\/es\/"},{"@type":"ListItem","position":2,"name":"Tienda","item":"http:\/\/recover.lajunglebijoux.com\/es\/tienda\/"},{"@type":"ListItem","position":3,"name":"FEMME C\u00c9LESTE &#8211; pendientes de oro"}]},{"@type":"WebSite","@id":"https:\/\/recover.lajunglebijoux.com\/es\/#website","url":"https:\/\/recover.lajunglebijoux.com\/es\/","name":"La Jungle Bijoux","description":"","publisher":{"@id":"https:\/\/recover.lajunglebijoux.com\/es\/#organization"},"potentialAction":[{"@type":"SearchAction","target":{"@type":"EntryPoint","urlTemplate":"https:\/\/recover.lajunglebijoux.com\/es\/?s={search_term_string}"},"query-input":"required name=search_term_string"}],"inLanguage":"es"},{"@type":"Organization","@id":"https:\/\/recover.lajunglebijoux.com\/es\/#organization","name":"La Jungle Bijoux","url":"https:\/\/recover.lajunglebijoux.com\/es\/","logo":{"@type":"ImageObject","inLanguage":"es","@id":"https:\/\/recover.lajunglebijoux.com\/es\/#\/schema\/logo\/image\/","url":"http:\/\/recover.lajunglebijoux.com\/wp-content\/uploads\/2023\/01\/LOGO-FINAL-Fonce.jpg","contentUrl":"http:\/\/recover.lajunglebijoux.com\/wp-content\/uploads\/2023\/01\/LOGO-FINAL-Fonce.jpg","width":900,"height":900,"caption":"La Jungle Bijoux"},"image":{"@id":"https:\/\/recover.lajunglebijoux.com\/es\/#\/schema\/logo\/image\/"}}]}},"_links":{"self":[{"href":"http:\/\/recover.lajunglebijoux.com\/es\/wp-json\/wp\/v2\/product\/8922","targetHints":{"allow":["GET"]}}],"collection":[{"href":"http:\/\/recover.lajunglebijoux.com\/es\/wp-json\/wp\/v2\/product"}],"about":[{"href":"http:\/\/recover.lajunglebijoux.com\/es\/wp-json\/wp\/v2\/types\/product"}],"replies":[{"embeddable":true,"href":"http:\/\/recover.lajunglebijoux.com\/es\/wp-json\/wp\/v2\/comments?post=8922"}],"wp:featuredmedia":[{"embeddable":true,"href":"http:\/\/recover.lajunglebijoux.com\/es\/wp-json\/wp\/v2\/media\/5717"}],"wp:attachment":[{"href":"http:\/\/recover.lajunglebijoux.com\/es\/wp-json\/wp\/v2\/media?parent=8922"}],"wp:term":[{"taxonomy":"product_cat","embeddable":true,"href":"http:\/\/recover.lajunglebijoux.com\/es\/wp-json\/wp\/v2\/product_cat?post=8922"},{"taxonomy":"product_tag","embeddable":true,"href":"http:\/\/recover.lajunglebijoux.com\/es\/wp-json\/wp\/v2\/product_tag?post=8922"}],"curies":[{"name":"wp","href":"https:\/\/api.w.org\/{rel}","templated":true}]}}