{"id":8913,"date":"2023-02-21T11:16:15","date_gmt":"2023-02-21T09:16:15","guid":{"rendered":"https:\/\/recover.lajunglebijoux.com\/product\/collier-or-citrine\/"},"modified":"2023-07-11T14:10:09","modified_gmt":"2023-07-11T14:10:09","slug":"collar-citrina-oro","status":"publish","type":"product","link":"http:\/\/recover.lajunglebijoux.com\/es\/producto\/collar-citrina-oro\/","title":{"rendered":"APERTURA &#8211; collar citrina oro"},"content":{"rendered":"","protected":false},"excerpt":{"rendered":"<p>Oro fino de 24 quilates sobre una base de lat\u00f3n.<\/p>\n<p>El collar tiene una cadena de extensi\u00f3n en el cierre, por lo que es ajustable en tama\u00f1o.<\/p>\n<p>Pintura dorada metalizada alrededor de la piedra citrina.<\/p>\n<p>La flor representa el florecimiento de la mujer en todo su esplendor, belleza y vitalidad.<\/p>\n<p>En cuanto a la mano, es un signo de singularidad (no hay dos huellas dactilares iguales, al igual que los seres humanos y las mujeres son \u00fanicos). Tambi\u00e9n representa la acci\u00f3n, retomar el poder, ser creativo y tomar las riendas de la propia vida. Y, por \u00faltimo, tambi\u00e9n es un s\u00edmbolo de apertura a los dem\u00e1s a trav\u00e9s de la expresi\u00f3n, el dar y recibir, la ayuda mutua, la solidaridad, la fraternidad y, por supuesto, la sororidad.<\/p>\n<p>Por \u00faltimo, la piedra citrina acent\u00faa este florecimiento, esta apertura gracias a sus propiedades energizantes. Tambi\u00e9n favorece la alegr\u00eda de vivir, la creatividad y la abundancia. El citrino es una piedra natural, por lo que aunque se tallen con dimensiones similares, todas son \u00fanicas con sus propias particularidades. Por lo tanto, el citrino que reciba puede diferir del de la foto. En mi opini\u00f3n, esto es lo que hace que la naturaleza sea tan bella. Gracias por su comprensi\u00f3n.<\/p>\n<p>Al igual que con todas las joyas de la colecci\u00f3n You Are Magic, he querido explicarle mi proceso creativo, pero, por supuesto, tome s\u00f3lo lo que le hable, y si se trata s\u00f3lo del dise\u00f1o de la joya, tambi\u00e9n est\u00e1 bien.<\/p>\n","protected":false},"featured_media":6116,"comment_status":"open","ping_status":"closed","template":"","meta":{"_acf_changed":false},"product_cat":[68],"product_tag":[],"class_list":{"0":"post-8913","1":"product","2":"type-product","3":"status-publish","4":"has-post-thumbnail","6":"product_cat-you-are-magic-es","7":"pa_modele-collares","8":"pa_theme-joyas-bienestar","9":"pa_theme-joyas-geometricas","10":"pa_theme-joyas-naturaleza","11":"pa_theme-piedras-litoterapia","13":"first","14":"outofstock","15":"shipping-taxable","16":"purchasable","17":"product-type-simple"},"acf":[],"yoast_head":"<!-- This site is optimized with the Yoast SEO plugin v23.3 - https:\/\/yoast.com\/wordpress\/plugins\/seo\/ -->\n<title>APERTURA - collar citrina oro - La Jungle Bijoux<\/title>\n<meta name=\"description\" content=\"Saca a relucir tu feminidad \u00fanica, atrae la abundancia y desarrolla tu creatividad con la piedra citrina y los s\u00edmbolos de manos y flores de este collar.\" \/>\n<meta name=\"robots\" content=\"index, follow, max-snippet:-1, max-image-preview:large, max-video-preview:-1\" \/>\n<link rel=\"canonical\" href=\"http:\/\/recover.lajunglebijoux.com\/es\/producto\/collar-citrina-oro\/\" \/>\n<meta property=\"og:locale\" content=\"es_ES\" \/>\n<meta property=\"og:type\" content=\"article\" \/>\n<meta property=\"og:title\" content=\"APERTURA - collar citrina oro - La Jungle Bijoux\" \/>\n<meta property=\"og:description\" content=\"Saca a relucir tu feminidad \u00fanica, atrae la abundancia y desarrolla tu creatividad con la piedra citrina y los s\u00edmbolos de manos y flores de este collar.\" \/>\n<meta property=\"og:url\" content=\"http:\/\/recover.lajunglebijoux.com\/es\/producto\/collar-citrina-oro\/\" \/>\n<meta property=\"og:site_name\" content=\"La Jungle Bijoux\" \/>\n<meta property=\"article:modified_time\" content=\"2023-07-11T14:10:09+00:00\" \/>\n<meta property=\"og:image\" content=\"http:\/\/recover.lajunglebijoux.com\/wp-content\/uploads\/2023\/02\/IMG_20210924_132818.jpg\" \/>\n\t<meta property=\"og:image:width\" content=\"2920\" \/>\n\t<meta property=\"og:image:height\" content=\"2920\" \/>\n\t<meta property=\"og:image:type\" content=\"image\/jpeg\" \/>\n<meta name=\"twitter:card\" content=\"summary_large_image\" \/>\n<script type=\"application\/ld+json\" class=\"yoast-schema-graph\">{\"@context\":\"https:\/\/schema.org\",\"@graph\":[{\"@type\":\"WebPage\",\"@id\":\"http:\/\/recover.lajunglebijoux.com\/es\/producto\/collar-citrina-oro\/\",\"url\":\"http:\/\/recover.lajunglebijoux.com\/es\/producto\/collar-citrina-oro\/\",\"name\":\"APERTURA - collar citrina oro - La Jungle Bijoux\",\"isPartOf\":{\"@id\":\"https:\/\/recover.lajunglebijoux.com\/es\/#website\"},\"primaryImageOfPage\":{\"@id\":\"http:\/\/recover.lajunglebijoux.com\/es\/producto\/collar-citrina-oro\/#primaryimage\"},\"image\":{\"@id\":\"http:\/\/recover.lajunglebijoux.com\/es\/producto\/collar-citrina-oro\/#primaryimage\"},\"thumbnailUrl\":\"http:\/\/recover.lajunglebijoux.com\/wp-content\/uploads\/2023\/02\/IMG_20210924_132818.jpg\",\"datePublished\":\"2023-02-21T09:16:15+00:00\",\"dateModified\":\"2023-07-11T14:10:09+00:00\",\"description\":\"Saca a relucir tu feminidad \u00fanica, atrae la abundancia y desarrolla tu creatividad con la piedra citrina y los s\u00edmbolos de manos y flores de este collar.\",\"breadcrumb\":{\"@id\":\"http:\/\/recover.lajunglebijoux.com\/es\/producto\/collar-citrina-oro\/#breadcrumb\"},\"inLanguage\":\"es\",\"potentialAction\":[{\"@type\":\"ReadAction\",\"target\":[\"http:\/\/recover.lajunglebijoux.com\/es\/producto\/collar-citrina-oro\/\"]}]},{\"@type\":\"ImageObject\",\"inLanguage\":\"es\",\"@id\":\"http:\/\/recover.lajunglebijoux.com\/es\/producto\/collar-citrina-oro\/#primaryimage\",\"url\":\"http:\/\/recover.lajunglebijoux.com\/wp-content\/uploads\/2023\/02\/IMG_20210924_132818.jpg\",\"contentUrl\":\"http:\/\/recover.lajunglebijoux.com\/wp-content\/uploads\/2023\/02\/IMG_20210924_132818.jpg\",\"width\":2920,\"height\":2920},{\"@type\":\"BreadcrumbList\",\"@id\":\"http:\/\/recover.lajunglebijoux.com\/es\/producto\/collar-citrina-oro\/#breadcrumb\",\"itemListElement\":[{\"@type\":\"ListItem\",\"position\":1,\"name\":\"Portada\",\"item\":\"http:\/\/recover.lajunglebijoux.com\/es\/\"},{\"@type\":\"ListItem\",\"position\":2,\"name\":\"Tienda\",\"item\":\"http:\/\/recover.lajunglebijoux.com\/es\/tienda\/\"},{\"@type\":\"ListItem\",\"position\":3,\"name\":\"APERTURA &#8211; collar citrina oro\"}]},{\"@type\":\"WebSite\",\"@id\":\"https:\/\/recover.lajunglebijoux.com\/es\/#website\",\"url\":\"https:\/\/recover.lajunglebijoux.com\/es\/\",\"name\":\"La Jungle Bijoux\",\"description\":\"\",\"publisher\":{\"@id\":\"https:\/\/recover.lajunglebijoux.com\/es\/#organization\"},\"potentialAction\":[{\"@type\":\"SearchAction\",\"target\":{\"@type\":\"EntryPoint\",\"urlTemplate\":\"https:\/\/recover.lajunglebijoux.com\/es\/?s={search_term_string}\"},\"query-input\":\"required name=search_term_string\"}],\"inLanguage\":\"es\"},{\"@type\":\"Organization\",\"@id\":\"https:\/\/recover.lajunglebijoux.com\/es\/#organization\",\"name\":\"La Jungle Bijoux\",\"url\":\"https:\/\/recover.lajunglebijoux.com\/es\/\",\"logo\":{\"@type\":\"ImageObject\",\"inLanguage\":\"es\",\"@id\":\"https:\/\/recover.lajunglebijoux.com\/es\/#\/schema\/logo\/image\/\",\"url\":\"http:\/\/recover.lajunglebijoux.com\/wp-content\/uploads\/2023\/01\/LOGO-FINAL-Fonce.jpg\",\"contentUrl\":\"http:\/\/recover.lajunglebijoux.com\/wp-content\/uploads\/2023\/01\/LOGO-FINAL-Fonce.jpg\",\"width\":900,\"height\":900,\"caption\":\"La Jungle Bijoux\"},\"image\":{\"@id\":\"https:\/\/recover.lajunglebijoux.com\/es\/#\/schema\/logo\/image\/\"}}]}<\/script>\n<!-- \/ Yoast SEO plugin. -->","yoast_head_json":{"title":"APERTURA - collar citrina oro - La Jungle Bijoux","description":"Saca a relucir tu feminidad \u00fanica, atrae la abundancia y desarrolla tu creatividad con la piedra citrina y los s\u00edmbolos de manos y flores de este collar.","robots":{"index":"index","follow":"follow","max-snippet":"max-snippet:-1","max-image-preview":"max-image-preview:large","max-video-preview":"max-video-preview:-1"},"canonical":"http:\/\/recover.lajunglebijoux.com\/es\/producto\/collar-citrina-oro\/","og_locale":"es_ES","og_type":"article","og_title":"APERTURA - collar citrina oro - La Jungle Bijoux","og_description":"Saca a relucir tu feminidad \u00fanica, atrae la abundancia y desarrolla tu creatividad con la piedra citrina y los s\u00edmbolos de manos y flores de este collar.","og_url":"http:\/\/recover.lajunglebijoux.com\/es\/producto\/collar-citrina-oro\/","og_site_name":"La Jungle Bijoux","article_modified_time":"2023-07-11T14:10:09+00:00","og_image":[{"width":2920,"height":2920,"url":"http:\/\/recover.lajunglebijoux.com\/wp-content\/uploads\/2023\/02\/IMG_20210924_132818.jpg","type":"image\/jpeg"}],"twitter_card":"summary_large_image","schema":{"@context":"https:\/\/schema.org","@graph":[{"@type":"WebPage","@id":"http:\/\/recover.lajunglebijoux.com\/es\/producto\/collar-citrina-oro\/","url":"http:\/\/recover.lajunglebijoux.com\/es\/producto\/collar-citrina-oro\/","name":"APERTURA - collar citrina oro - La Jungle Bijoux","isPartOf":{"@id":"https:\/\/recover.lajunglebijoux.com\/es\/#website"},"primaryImageOfPage":{"@id":"http:\/\/recover.lajunglebijoux.com\/es\/producto\/collar-citrina-oro\/#primaryimage"},"image":{"@id":"http:\/\/recover.lajunglebijoux.com\/es\/producto\/collar-citrina-oro\/#primaryimage"},"thumbnailUrl":"http:\/\/recover.lajunglebijoux.com\/wp-content\/uploads\/2023\/02\/IMG_20210924_132818.jpg","datePublished":"2023-02-21T09:16:15+00:00","dateModified":"2023-07-11T14:10:09+00:00","description":"Saca a relucir tu feminidad \u00fanica, atrae la abundancia y desarrolla tu creatividad con la piedra citrina y los s\u00edmbolos de manos y flores de este collar.","breadcrumb":{"@id":"http:\/\/recover.lajunglebijoux.com\/es\/producto\/collar-citrina-oro\/#breadcrumb"},"inLanguage":"es","potentialAction":[{"@type":"ReadAction","target":["http:\/\/recover.lajunglebijoux.com\/es\/producto\/collar-citrina-oro\/"]}]},{"@type":"ImageObject","inLanguage":"es","@id":"http:\/\/recover.lajunglebijoux.com\/es\/producto\/collar-citrina-oro\/#primaryimage","url":"http:\/\/recover.lajunglebijoux.com\/wp-content\/uploads\/2023\/02\/IMG_20210924_132818.jpg","contentUrl":"http:\/\/recover.lajunglebijoux.com\/wp-content\/uploads\/2023\/02\/IMG_20210924_132818.jpg","width":2920,"height":2920},{"@type":"BreadcrumbList","@id":"http:\/\/recover.lajunglebijoux.com\/es\/producto\/collar-citrina-oro\/#breadcrumb","itemListElement":[{"@type":"ListItem","position":1,"name":"Portada","item":"http:\/\/recover.lajunglebijoux.com\/es\/"},{"@type":"ListItem","position":2,"name":"Tienda","item":"http:\/\/recover.lajunglebijoux.com\/es\/tienda\/"},{"@type":"ListItem","position":3,"name":"APERTURA &#8211; collar citrina oro"}]},{"@type":"WebSite","@id":"https:\/\/recover.lajunglebijoux.com\/es\/#website","url":"https:\/\/recover.lajunglebijoux.com\/es\/","name":"La Jungle Bijoux","description":"","publisher":{"@id":"https:\/\/recover.lajunglebijoux.com\/es\/#organization"},"potentialAction":[{"@type":"SearchAction","target":{"@type":"EntryPoint","urlTemplate":"https:\/\/recover.lajunglebijoux.com\/es\/?s={search_term_string}"},"query-input":"required name=search_term_string"}],"inLanguage":"es"},{"@type":"Organization","@id":"https:\/\/recover.lajunglebijoux.com\/es\/#organization","name":"La Jungle Bijoux","url":"https:\/\/recover.lajunglebijoux.com\/es\/","logo":{"@type":"ImageObject","inLanguage":"es","@id":"https:\/\/recover.lajunglebijoux.com\/es\/#\/schema\/logo\/image\/","url":"http:\/\/recover.lajunglebijoux.com\/wp-content\/uploads\/2023\/01\/LOGO-FINAL-Fonce.jpg","contentUrl":"http:\/\/recover.lajunglebijoux.com\/wp-content\/uploads\/2023\/01\/LOGO-FINAL-Fonce.jpg","width":900,"height":900,"caption":"La Jungle Bijoux"},"image":{"@id":"https:\/\/recover.lajunglebijoux.com\/es\/#\/schema\/logo\/image\/"}}]}},"_links":{"self":[{"href":"http:\/\/recover.lajunglebijoux.com\/es\/wp-json\/wp\/v2\/product\/8913","targetHints":{"allow":["GET"]}}],"collection":[{"href":"http:\/\/recover.lajunglebijoux.com\/es\/wp-json\/wp\/v2\/product"}],"about":[{"href":"http:\/\/recover.lajunglebijoux.com\/es\/wp-json\/wp\/v2\/types\/product"}],"replies":[{"embeddable":true,"href":"http:\/\/recover.lajunglebijoux.com\/es\/wp-json\/wp\/v2\/comments?post=8913"}],"wp:featuredmedia":[{"embeddable":true,"href":"http:\/\/recover.lajunglebijoux.com\/es\/wp-json\/wp\/v2\/media\/6116"}],"wp:attachment":[{"href":"http:\/\/recover.lajunglebijoux.com\/es\/wp-json\/wp\/v2\/media?parent=8913"}],"wp:term":[{"taxonomy":"product_cat","embeddable":true,"href":"http:\/\/recover.lajunglebijoux.com\/es\/wp-json\/wp\/v2\/product_cat?post=8913"},{"taxonomy":"product_tag","embeddable":true,"href":"http:\/\/recover.lajunglebijoux.com\/es\/wp-json\/wp\/v2\/product_tag?post=8913"}],"curies":[{"name":"wp","href":"https:\/\/api.w.org\/{rel}","templated":true}]}}