{"id":8901,"date":"2023-03-20T17:21:25","date_gmt":"2023-03-20T15:21:25","guid":{"rendered":"https:\/\/recover.lajunglebijoux.com\/product\/collier-medailles-gravure-personnalisable\/"},"modified":"2023-05-26T12:25:50","modified_gmt":"2023-05-26T12:25:50","slug":"collier-medailles-gravure-personnalisable","status":"publish","type":"product","link":"http:\/\/recover.lajunglebijoux.com\/es\/producto\/collier-medailles-gravure-personnalisable\/","title":{"rendered":"Medallas con iniciales o n\u00fameros &#8211; GRABADO A MEDIDA"},"content":{"rendered":"<h2>El collar de iniciales, un regalo de nacimiento \u00fanico<\/h2>\n<p>\u00bfTu familia crece con un nuevo beb\u00e9? Con este collar, puedes inmortalizar la llegada del beb\u00e9 con un collar de iniciales personalizado. Ya sea que decidas grabar las iniciales de los padres y del beb\u00e9, las iniciales de los ni\u00f1os o sus fechas de nacimiento, tu collar con medall\u00f3n grabado ser\u00e1 \u00fanico y contar\u00e1 tu propia historia alrededor de tu cuello. Una joya delicada y atemporal, el collar de iniciales o de n\u00fameros es un regalo imprescindible para regalar o regalarse con motivo de un acontecimiento tan importante como un nacimiento. Y, por supuesto, si la familia crece en el futuro, \u00a1siempre puedes a\u00f1adir una medalla adicional para personalizar este collar con el paso de los a\u00f1os!<\/p>\n<h2>Grabe una fecha importante en una joya atemporal<\/h2>\n<p>Graba para siempre una fecha importante en las peque\u00f1as medallas de este collar. Ya sea la fecha en que os conocisteis, la de vuestra boda o la de vuestro nacimiento, podr\u00e1s crear un collar con una fecha especial para ti, utilizando una gama de medallas con n\u00fameros grabados. S\u00f3lo tienes que introducir el n\u00famero o n\u00fameros que deseas grabar en cada medalla en el campo de personalizaci\u00f3n. Con 1 \u00f3 2 n\u00fameros por medalla, puedes, por ejemplo, indicar el d\u00eda en la primera medalla, el mes en la segunda y el a\u00f1o en la tercera (por ejemplo, 19\/02\/23). Crea tu propio collar con fecha y deja que te recuerde este recuerdo personal todos los d\u00edas.<\/p>\n<p>\u00a1Personaliza tu collar medalla a tu gusto!<\/p>\n<p>\u00bfQuieres un collar que muestre un poco de tu personalidad? Componga su palabra favorita o su amuleto de la suerte en medallas de varias letras.<\/p>\n<p>Ejemplos de palabras para formar con 2 medallas: DO.IT<br \/>\nEjemplos de palabras para componer con 3 medallas: A.R.T \/ Y.O.U \/ J.O.Y<br \/>\nEjemplos de palabras que se pueden formar con 4 medallas: L.O.V.E \/ P.A.I.X \/ J.O.I.E \/ X.O.X.O \/ C.O.O.L<br \/>\nPuedes inspirarte en estos ejemplos o, por supuesto, componer la palabra que prefieras. Y no dude en hacer grabar el dise\u00f1o de su elecci\u00f3n.<\/p>\n","protected":false},"excerpt":{"rendered":"<p>Cree su propio collar personalizado con estas peque\u00f1as medallas para grabar. Escriba sus iniciales, las de su pareja, las de sus hijos&#8230; u opte por grabarlas con una fecha importante o n\u00fameros de la suerte. Hay muchas formas de personalizar este sublime collar de peque\u00f1as medallas chapadas en oro.<\/p>\n<p>Para crear su propio collar de medallas grabadas, puede elegir entre 1 y 5 medallas con un m\u00e1ximo de 1 \u00f3 2 letras o n\u00fameros por medalla.<\/p>\n<p>Cree una joya que refleje su imagen inscribiendo sus mejores recuerdos o sus sue\u00f1os y convicciones. Este collar de letras o fechas ser\u00e1 \u00fanico y le acompa\u00f1ar\u00e1 el resto de su vida.<\/p>\n<p>\u00bfLe gustar\u00eda a\u00f1adir un motivo especial, como un coraz\u00f3n o una estrella? \u00a1Es posible! Ind\u00edcalo en el campo de abajo y me pondr\u00e9 en contacto contigo directamente por correo electr\u00f3nico.<\/p>\n<p>Collar de longitud media chapado en oro de 24 quilates de alta resistencia sobre una base de lat\u00f3n.<\/p>\n<p>Este collar est\u00e1 grabado a mano y chapado en oro. Se fabrica y se env\u00eda en su bolsita de tela reciclada \u00a1con mucho amor!<\/p>\n","protected":false},"featured_media":7075,"comment_status":"open","ping_status":"closed","template":"","meta":{"_acf_changed":false},"product_cat":[124],"product_tag":[],"class_list":{"0":"post-8901","1":"product","2":"type-product","3":"status-publish","4":"has-post-thumbnail","6":"product_cat-joyas-personalizables","7":"pa_modele-collares","8":"pa_modele-personalizables","10":"first","11":"instock","12":"shipping-taxable","13":"purchasable","14":"product-type-variable"},"acf":[],"yoast_head":"<!-- This site is optimized with the Yoast SEO plugin v23.3 - https:\/\/yoast.com\/wordpress\/plugins\/seo\/ -->\n<title>Medallas con iniciales o n\u00fameros - GRABADO A MEDIDA - La Jungle Bijoux<\/title>\n<meta name=\"description\" content=\"\u00a1Crea tu propio collar de iniciales o fecha con nuestras mini medallas para grabar! Componga la palabra o la fecha que desee eligiendo el n\u00famero de medallas.\" \/>\n<meta name=\"robots\" content=\"index, follow, max-snippet:-1, max-image-preview:large, max-video-preview:-1\" \/>\n<link rel=\"canonical\" href=\"http:\/\/recover.lajunglebijoux.com\/es\/producto\/collier-medailles-gravure-personnalisable\/\" \/>\n<meta property=\"og:locale\" content=\"es_ES\" \/>\n<meta property=\"og:type\" content=\"article\" \/>\n<meta property=\"og:title\" content=\"Medallas con iniciales o n\u00fameros - GRABADO A MEDIDA - La Jungle Bijoux\" \/>\n<meta property=\"og:description\" content=\"\u00a1Crea tu propio collar de iniciales o fecha con nuestras mini medallas para grabar! Componga la palabra o la fecha que desee eligiendo el n\u00famero de medallas.\" \/>\n<meta property=\"og:url\" content=\"http:\/\/recover.lajunglebijoux.com\/es\/producto\/collier-medailles-gravure-personnalisable\/\" \/>\n<meta property=\"og:site_name\" content=\"La Jungle Bijoux\" \/>\n<meta property=\"article:modified_time\" content=\"2023-05-26T12:25:50+00:00\" \/>\n<meta property=\"og:image\" content=\"http:\/\/recover.lajunglebijoux.com\/wp-content\/uploads\/2023\/03\/IMG_20210511_121807_136.jpg\" \/>\n\t<meta property=\"og:image:width\" content=\"1124\" \/>\n\t<meta property=\"og:image:height\" content=\"1296\" \/>\n\t<meta property=\"og:image:type\" content=\"image\/jpeg\" \/>\n<meta name=\"twitter:card\" content=\"summary_large_image\" \/>\n<meta name=\"twitter:label1\" content=\"Tiempo de lectura\" \/>\n\t<meta name=\"twitter:data1\" content=\"2 minutos\" \/>\n<script type=\"application\/ld+json\" class=\"yoast-schema-graph\">{\"@context\":\"https:\/\/schema.org\",\"@graph\":[{\"@type\":\"WebPage\",\"@id\":\"http:\/\/recover.lajunglebijoux.com\/es\/producto\/collier-medailles-gravure-personnalisable\/\",\"url\":\"http:\/\/recover.lajunglebijoux.com\/es\/producto\/collier-medailles-gravure-personnalisable\/\",\"name\":\"Medallas con iniciales o n\u00fameros - GRABADO A MEDIDA - La Jungle Bijoux\",\"isPartOf\":{\"@id\":\"https:\/\/recover.lajunglebijoux.com\/es\/#website\"},\"primaryImageOfPage\":{\"@id\":\"http:\/\/recover.lajunglebijoux.com\/es\/producto\/collier-medailles-gravure-personnalisable\/#primaryimage\"},\"image\":{\"@id\":\"http:\/\/recover.lajunglebijoux.com\/es\/producto\/collier-medailles-gravure-personnalisable\/#primaryimage\"},\"thumbnailUrl\":\"http:\/\/recover.lajunglebijoux.com\/wp-content\/uploads\/2023\/03\/IMG_20210511_121807_136.jpg\",\"datePublished\":\"2023-03-20T15:21:25+00:00\",\"dateModified\":\"2023-05-26T12:25:50+00:00\",\"description\":\"\u00a1Crea tu propio collar de iniciales o fecha con nuestras mini medallas para grabar! Componga la palabra o la fecha que desee eligiendo el n\u00famero de medallas.\",\"breadcrumb\":{\"@id\":\"http:\/\/recover.lajunglebijoux.com\/es\/producto\/collier-medailles-gravure-personnalisable\/#breadcrumb\"},\"inLanguage\":\"es\",\"potentialAction\":[{\"@type\":\"ReadAction\",\"target\":[\"http:\/\/recover.lajunglebijoux.com\/es\/producto\/collier-medailles-gravure-personnalisable\/\"]}]},{\"@type\":\"ImageObject\",\"inLanguage\":\"es\",\"@id\":\"http:\/\/recover.lajunglebijoux.com\/es\/producto\/collier-medailles-gravure-personnalisable\/#primaryimage\",\"url\":\"http:\/\/recover.lajunglebijoux.com\/wp-content\/uploads\/2023\/03\/IMG_20210511_121807_136.jpg\",\"contentUrl\":\"http:\/\/recover.lajunglebijoux.com\/wp-content\/uploads\/2023\/03\/IMG_20210511_121807_136.jpg\",\"width\":1124,\"height\":1296,\"caption\":\"collier initiales\"},{\"@type\":\"BreadcrumbList\",\"@id\":\"http:\/\/recover.lajunglebijoux.com\/es\/producto\/collier-medailles-gravure-personnalisable\/#breadcrumb\",\"itemListElement\":[{\"@type\":\"ListItem\",\"position\":1,\"name\":\"Portada\",\"item\":\"https:\/\/recover.lajunglebijoux.com\/es\/\"},{\"@type\":\"ListItem\",\"position\":2,\"name\":\"Tienda\",\"item\":\"https:\/\/recover.lajunglebijoux.com\/es\/tienda\/\"},{\"@type\":\"ListItem\",\"position\":3,\"name\":\"Medallas con iniciales o n\u00fameros &#8211; GRABADO A MEDIDA\"}]},{\"@type\":\"WebSite\",\"@id\":\"https:\/\/recover.lajunglebijoux.com\/es\/#website\",\"url\":\"https:\/\/recover.lajunglebijoux.com\/es\/\",\"name\":\"La Jungle Bijoux\",\"description\":\"\",\"publisher\":{\"@id\":\"https:\/\/recover.lajunglebijoux.com\/es\/#organization\"},\"potentialAction\":[{\"@type\":\"SearchAction\",\"target\":{\"@type\":\"EntryPoint\",\"urlTemplate\":\"https:\/\/recover.lajunglebijoux.com\/es\/?s={search_term_string}\"},\"query-input\":\"required name=search_term_string\"}],\"inLanguage\":\"es\"},{\"@type\":\"Organization\",\"@id\":\"https:\/\/recover.lajunglebijoux.com\/es\/#organization\",\"name\":\"La Jungle Bijoux\",\"url\":\"https:\/\/recover.lajunglebijoux.com\/es\/\",\"logo\":{\"@type\":\"ImageObject\",\"inLanguage\":\"es\",\"@id\":\"https:\/\/recover.lajunglebijoux.com\/es\/#\/schema\/logo\/image\/\",\"url\":\"http:\/\/recover.lajunglebijoux.com\/wp-content\/uploads\/2023\/01\/LOGO-FINAL-Fonce.jpg\",\"contentUrl\":\"http:\/\/recover.lajunglebijoux.com\/wp-content\/uploads\/2023\/01\/LOGO-FINAL-Fonce.jpg\",\"width\":900,\"height\":900,\"caption\":\"La Jungle Bijoux\"},\"image\":{\"@id\":\"https:\/\/recover.lajunglebijoux.com\/es\/#\/schema\/logo\/image\/\"}}]}<\/script>\n<!-- \/ Yoast SEO plugin. -->","yoast_head_json":{"title":"Medallas con iniciales o n\u00fameros - GRABADO A MEDIDA - La Jungle Bijoux","description":"\u00a1Crea tu propio collar de iniciales o fecha con nuestras mini medallas para grabar! Componga la palabra o la fecha que desee eligiendo el n\u00famero de medallas.","robots":{"index":"index","follow":"follow","max-snippet":"max-snippet:-1","max-image-preview":"max-image-preview:large","max-video-preview":"max-video-preview:-1"},"canonical":"http:\/\/recover.lajunglebijoux.com\/es\/producto\/collier-medailles-gravure-personnalisable\/","og_locale":"es_ES","og_type":"article","og_title":"Medallas con iniciales o n\u00fameros - GRABADO A MEDIDA - La Jungle Bijoux","og_description":"\u00a1Crea tu propio collar de iniciales o fecha con nuestras mini medallas para grabar! Componga la palabra o la fecha que desee eligiendo el n\u00famero de medallas.","og_url":"http:\/\/recover.lajunglebijoux.com\/es\/producto\/collier-medailles-gravure-personnalisable\/","og_site_name":"La Jungle Bijoux","article_modified_time":"2023-05-26T12:25:50+00:00","og_image":[{"width":1124,"height":1296,"url":"http:\/\/recover.lajunglebijoux.com\/wp-content\/uploads\/2023\/03\/IMG_20210511_121807_136.jpg","type":"image\/jpeg"}],"twitter_card":"summary_large_image","twitter_misc":{"Tiempo de lectura":"2 minutos"},"schema":{"@context":"https:\/\/schema.org","@graph":[{"@type":"WebPage","@id":"http:\/\/recover.lajunglebijoux.com\/es\/producto\/collier-medailles-gravure-personnalisable\/","url":"http:\/\/recover.lajunglebijoux.com\/es\/producto\/collier-medailles-gravure-personnalisable\/","name":"Medallas con iniciales o n\u00fameros - GRABADO A MEDIDA - La Jungle Bijoux","isPartOf":{"@id":"https:\/\/recover.lajunglebijoux.com\/es\/#website"},"primaryImageOfPage":{"@id":"http:\/\/recover.lajunglebijoux.com\/es\/producto\/collier-medailles-gravure-personnalisable\/#primaryimage"},"image":{"@id":"http:\/\/recover.lajunglebijoux.com\/es\/producto\/collier-medailles-gravure-personnalisable\/#primaryimage"},"thumbnailUrl":"http:\/\/recover.lajunglebijoux.com\/wp-content\/uploads\/2023\/03\/IMG_20210511_121807_136.jpg","datePublished":"2023-03-20T15:21:25+00:00","dateModified":"2023-05-26T12:25:50+00:00","description":"\u00a1Crea tu propio collar de iniciales o fecha con nuestras mini medallas para grabar! Componga la palabra o la fecha que desee eligiendo el n\u00famero de medallas.","breadcrumb":{"@id":"http:\/\/recover.lajunglebijoux.com\/es\/producto\/collier-medailles-gravure-personnalisable\/#breadcrumb"},"inLanguage":"es","potentialAction":[{"@type":"ReadAction","target":["http:\/\/recover.lajunglebijoux.com\/es\/producto\/collier-medailles-gravure-personnalisable\/"]}]},{"@type":"ImageObject","inLanguage":"es","@id":"http:\/\/recover.lajunglebijoux.com\/es\/producto\/collier-medailles-gravure-personnalisable\/#primaryimage","url":"http:\/\/recover.lajunglebijoux.com\/wp-content\/uploads\/2023\/03\/IMG_20210511_121807_136.jpg","contentUrl":"http:\/\/recover.lajunglebijoux.com\/wp-content\/uploads\/2023\/03\/IMG_20210511_121807_136.jpg","width":1124,"height":1296,"caption":"collier initiales"},{"@type":"BreadcrumbList","@id":"http:\/\/recover.lajunglebijoux.com\/es\/producto\/collier-medailles-gravure-personnalisable\/#breadcrumb","itemListElement":[{"@type":"ListItem","position":1,"name":"Portada","item":"https:\/\/recover.lajunglebijoux.com\/es\/"},{"@type":"ListItem","position":2,"name":"Tienda","item":"https:\/\/recover.lajunglebijoux.com\/es\/tienda\/"},{"@type":"ListItem","position":3,"name":"Medallas con iniciales o n\u00fameros &#8211; GRABADO A MEDIDA"}]},{"@type":"WebSite","@id":"https:\/\/recover.lajunglebijoux.com\/es\/#website","url":"https:\/\/recover.lajunglebijoux.com\/es\/","name":"La Jungle Bijoux","description":"","publisher":{"@id":"https:\/\/recover.lajunglebijoux.com\/es\/#organization"},"potentialAction":[{"@type":"SearchAction","target":{"@type":"EntryPoint","urlTemplate":"https:\/\/recover.lajunglebijoux.com\/es\/?s={search_term_string}"},"query-input":"required name=search_term_string"}],"inLanguage":"es"},{"@type":"Organization","@id":"https:\/\/recover.lajunglebijoux.com\/es\/#organization","name":"La Jungle Bijoux","url":"https:\/\/recover.lajunglebijoux.com\/es\/","logo":{"@type":"ImageObject","inLanguage":"es","@id":"https:\/\/recover.lajunglebijoux.com\/es\/#\/schema\/logo\/image\/","url":"http:\/\/recover.lajunglebijoux.com\/wp-content\/uploads\/2023\/01\/LOGO-FINAL-Fonce.jpg","contentUrl":"http:\/\/recover.lajunglebijoux.com\/wp-content\/uploads\/2023\/01\/LOGO-FINAL-Fonce.jpg","width":900,"height":900,"caption":"La Jungle Bijoux"},"image":{"@id":"https:\/\/recover.lajunglebijoux.com\/es\/#\/schema\/logo\/image\/"}}]}},"_links":{"self":[{"href":"http:\/\/recover.lajunglebijoux.com\/es\/wp-json\/wp\/v2\/product\/8901","targetHints":{"allow":["GET"]}}],"collection":[{"href":"http:\/\/recover.lajunglebijoux.com\/es\/wp-json\/wp\/v2\/product"}],"about":[{"href":"http:\/\/recover.lajunglebijoux.com\/es\/wp-json\/wp\/v2\/types\/product"}],"replies":[{"embeddable":true,"href":"http:\/\/recover.lajunglebijoux.com\/es\/wp-json\/wp\/v2\/comments?post=8901"}],"wp:featuredmedia":[{"embeddable":true,"href":"http:\/\/recover.lajunglebijoux.com\/es\/wp-json\/wp\/v2\/media\/7075"}],"wp:attachment":[{"href":"http:\/\/recover.lajunglebijoux.com\/es\/wp-json\/wp\/v2\/media?parent=8901"}],"wp:term":[{"taxonomy":"product_cat","embeddable":true,"href":"http:\/\/recover.lajunglebijoux.com\/es\/wp-json\/wp\/v2\/product_cat?post=8901"},{"taxonomy":"product_tag","embeddable":true,"href":"http:\/\/recover.lajunglebijoux.com\/es\/wp-json\/wp\/v2\/product_tag?post=8901"}],"curies":[{"name":"wp","href":"https:\/\/api.w.org\/{rel}","templated":true}]}}