{"id":8890,"date":"2022-12-13T09:23:34","date_gmt":"2022-12-13T07:23:34","guid":{"rendered":"https:\/\/recover.lajunglebijoux.com\/product\/collier-medaille-multirang\/"},"modified":"2023-05-26T12:20:01","modified_gmt":"2023-05-26T12:20:01","slug":"collier-medaille-multirang","status":"publish","type":"product","link":"http:\/\/recover.lajunglebijoux.com\/es\/producto\/collier-medaille-multirang\/","title":{"rendered":"Collar medalla multifila Lola Moonrise en oro"},"content":{"rendered":"<h2>Unas palabras de Jen, dise\u00f1adora de La Jungle Bijoux<\/h2>\n<p>Imagin\u00e9 el collar de 3 filas para las mujeres que quieren combinar lo moderno y lo cl\u00e1sico. El collar medall\u00f3n me recuerda a las joyas que sol\u00edan llevar las mujeres y que conten\u00edan una foto. Estas medallas eran como tesoros que siempre guardaban cerca de su coraz\u00f3n.<br \/>\nPara el collar medalla, tambi\u00e9n quise a\u00f1adir el efecto texturizado caracter\u00edstico de La Jungle.<br \/>\nLo combin\u00e9 con una gargantilla m\u00e1s rocosa, pero inspirada en la naturaleza, con sus eslabones que recuerdan a escamas u hojas.<\/p>\n<h2>C\u00f3mo llevar el collar de varias filas Lola Moonrise<\/h2>\n<p>Este collar dorado de 3 filas es para ti si te gusta la tendencia maximalista y de acumulaci\u00f3n. Mezclando un toque rockero con la gargantilla, y un toque m\u00e1s cl\u00e1sico con el collar gargantilla y el collar medall\u00f3n, te ayudar\u00e1 a pulir tu look. Aportar\u00e1 elegancia a un estilo rockero y un toque m\u00e1s desenfadado a un look cl\u00e1sico. Ya sea para tu madre, tu hermana, tu abuela o para ti misma, este collar es la guinda de un gran conjunto.<\/p>\n","protected":false},"excerpt":{"rendered":"<p>El collar medalla multifila se convertir\u00e1 en un imprescindible de su joyero. Viste tu cuello y alegra tu rostro. El collar multifila es tambi\u00e9n un aliado para las indecisas, ya que te permite llevar todos tus collares favoritos al mismo tiempo. El collar de tres hileras Lola Moonrise de oro es una joya que combina un collar gargantilla, un collar de longitud media y un collar medalla.<\/p>\n<p>Dorado con oro fino de 18 quilates de 1 micra sobre una base de lat\u00f3n, este collar es ajustable gracias a una cadena extensible.<\/p>\n<p>La medalla con textura efecto chorro de arena es de lat\u00f3n galvanizado de alta resistencia.<\/p>\n<p>Es el collar perfecto si te gusta la tendencia de acumular joyas. Tanto si te lo regalas a ti misma como a un ser querido, seguro que complementa tanto los looks minimalistas como los maximalistas.<\/p>\n<p>&nbsp;<\/p>\n","protected":false},"featured_media":3964,"comment_status":"open","ping_status":"closed","template":"","meta":{"_acf_changed":false},"product_cat":[158],"product_tag":[],"class_list":{"0":"post-8890","1":"product","2":"type-product","3":"status-publish","4":"has-post-thumbnail","6":"product_cat-sueno","7":"pa_modele-collares","8":"pa_modele-collares-a-capas","9":"pa_modele-collares-gargantillas","10":"pa_modele-joyas-martilladas","11":"pa_theme-joyas-finas","12":"pa_theme-joyas-geometricas","14":"first","15":"instock","16":"shipping-taxable","17":"purchasable","18":"product-type-simple"},"acf":[],"yoast_head":"<!-- This site is optimized with the Yoast SEO plugin v23.3 - https:\/\/yoast.com\/wordpress\/plugins\/seo\/ -->\n<title>Collar medalla multifila Lola Moonrise en oro - La Jungle Bijoux<\/title>\n<meta name=\"description\" content=\"Descubre el collar de tres filas Lola Moonrise en oro. Este collar de varias hileras se adaptar\u00e1 a todos los looks, a todos los estilos y a todas las mujeres. Hecho a mano.\" \/>\n<meta name=\"robots\" content=\"index, follow, max-snippet:-1, max-image-preview:large, max-video-preview:-1\" \/>\n<link rel=\"canonical\" href=\"http:\/\/recover.lajunglebijoux.com\/es\/producto\/collier-medaille-multirang\/\" \/>\n<meta property=\"og:locale\" content=\"es_ES\" \/>\n<meta property=\"og:type\" content=\"article\" \/>\n<meta property=\"og:title\" content=\"Collar medalla multifila Lola Moonrise en oro - La Jungle Bijoux\" \/>\n<meta property=\"og:description\" content=\"Descubre el collar de tres filas Lola Moonrise en oro. Este collar de varias hileras se adaptar\u00e1 a todos los looks, a todos los estilos y a todas las mujeres. Hecho a mano.\" \/>\n<meta property=\"og:url\" content=\"http:\/\/recover.lajunglebijoux.com\/es\/producto\/collier-medaille-multirang\/\" \/>\n<meta property=\"og:site_name\" content=\"La Jungle Bijoux\" \/>\n<meta property=\"article:modified_time\" content=\"2023-05-26T12:20:01+00:00\" \/>\n<meta property=\"og:image\" content=\"http:\/\/recover.lajunglebijoux.com\/wp-content\/uploads\/2022\/12\/LOLA-MOONRISE.jpg\" \/>\n\t<meta property=\"og:image:width\" content=\"1080\" \/>\n\t<meta property=\"og:image:height\" content=\"1079\" \/>\n\t<meta property=\"og:image:type\" content=\"image\/jpeg\" \/>\n<meta name=\"twitter:card\" content=\"summary_large_image\" \/>\n<meta name=\"twitter:label1\" content=\"Tiempo de lectura\" \/>\n\t<meta name=\"twitter:data1\" content=\"1 minuto\" \/>\n<script type=\"application\/ld+json\" class=\"yoast-schema-graph\">{\"@context\":\"https:\/\/schema.org\",\"@graph\":[{\"@type\":\"WebPage\",\"@id\":\"http:\/\/recover.lajunglebijoux.com\/es\/producto\/collier-medaille-multirang\/\",\"url\":\"http:\/\/recover.lajunglebijoux.com\/es\/producto\/collier-medaille-multirang\/\",\"name\":\"Collar medalla multifila Lola Moonrise en oro - La Jungle Bijoux\",\"isPartOf\":{\"@id\":\"https:\/\/recover.lajunglebijoux.com\/es\/#website\"},\"primaryImageOfPage\":{\"@id\":\"http:\/\/recover.lajunglebijoux.com\/es\/producto\/collier-medaille-multirang\/#primaryimage\"},\"image\":{\"@id\":\"http:\/\/recover.lajunglebijoux.com\/es\/producto\/collier-medaille-multirang\/#primaryimage\"},\"thumbnailUrl\":\"http:\/\/recover.lajunglebijoux.com\/wp-content\/uploads\/2022\/12\/LOLA-MOONRISE.jpg\",\"datePublished\":\"2022-12-13T07:23:34+00:00\",\"dateModified\":\"2023-05-26T12:20:01+00:00\",\"description\":\"Descubre el collar de tres filas Lola Moonrise en oro. Este collar de varias hileras se adaptar\u00e1 a todos los looks, a todos los estilos y a todas las mujeres. Hecho a mano.\",\"breadcrumb\":{\"@id\":\"http:\/\/recover.lajunglebijoux.com\/es\/producto\/collier-medaille-multirang\/#breadcrumb\"},\"inLanguage\":\"es\",\"potentialAction\":[{\"@type\":\"ReadAction\",\"target\":[\"http:\/\/recover.lajunglebijoux.com\/es\/producto\/collier-medaille-multirang\/\"]}]},{\"@type\":\"ImageObject\",\"inLanguage\":\"es\",\"@id\":\"http:\/\/recover.lajunglebijoux.com\/es\/producto\/collier-medaille-multirang\/#primaryimage\",\"url\":\"http:\/\/recover.lajunglebijoux.com\/wp-content\/uploads\/2022\/12\/LOLA-MOONRISE.jpg\",\"contentUrl\":\"http:\/\/recover.lajunglebijoux.com\/wp-content\/uploads\/2022\/12\/LOLA-MOONRISE.jpg\",\"width\":1080,\"height\":1079,\"caption\":\"collie\"},{\"@type\":\"BreadcrumbList\",\"@id\":\"http:\/\/recover.lajunglebijoux.com\/es\/producto\/collier-medaille-multirang\/#breadcrumb\",\"itemListElement\":[{\"@type\":\"ListItem\",\"position\":1,\"name\":\"Portada\",\"item\":\"http:\/\/recover.lajunglebijoux.com\/es\/\"},{\"@type\":\"ListItem\",\"position\":2,\"name\":\"Tienda\",\"item\":\"http:\/\/recover.lajunglebijoux.com\/es\/tienda\/\"},{\"@type\":\"ListItem\",\"position\":3,\"name\":\"Collar medalla multifila Lola Moonrise en oro\"}]},{\"@type\":\"WebSite\",\"@id\":\"https:\/\/recover.lajunglebijoux.com\/es\/#website\",\"url\":\"https:\/\/recover.lajunglebijoux.com\/es\/\",\"name\":\"La Jungle Bijoux\",\"description\":\"\",\"publisher\":{\"@id\":\"https:\/\/recover.lajunglebijoux.com\/es\/#organization\"},\"potentialAction\":[{\"@type\":\"SearchAction\",\"target\":{\"@type\":\"EntryPoint\",\"urlTemplate\":\"https:\/\/recover.lajunglebijoux.com\/es\/?s={search_term_string}\"},\"query-input\":\"required name=search_term_string\"}],\"inLanguage\":\"es\"},{\"@type\":\"Organization\",\"@id\":\"https:\/\/recover.lajunglebijoux.com\/es\/#organization\",\"name\":\"La Jungle Bijoux\",\"url\":\"https:\/\/recover.lajunglebijoux.com\/es\/\",\"logo\":{\"@type\":\"ImageObject\",\"inLanguage\":\"es\",\"@id\":\"https:\/\/recover.lajunglebijoux.com\/es\/#\/schema\/logo\/image\/\",\"url\":\"http:\/\/recover.lajunglebijoux.com\/wp-content\/uploads\/2023\/01\/LOGO-FINAL-Fonce.jpg\",\"contentUrl\":\"http:\/\/recover.lajunglebijoux.com\/wp-content\/uploads\/2023\/01\/LOGO-FINAL-Fonce.jpg\",\"width\":900,\"height\":900,\"caption\":\"La Jungle Bijoux\"},\"image\":{\"@id\":\"https:\/\/recover.lajunglebijoux.com\/es\/#\/schema\/logo\/image\/\"}}]}<\/script>\n<!-- \/ Yoast SEO plugin. -->","yoast_head_json":{"title":"Collar medalla multifila Lola Moonrise en oro - La Jungle Bijoux","description":"Descubre el collar de tres filas Lola Moonrise en oro. Este collar de varias hileras se adaptar\u00e1 a todos los looks, a todos los estilos y a todas las mujeres. Hecho a mano.","robots":{"index":"index","follow":"follow","max-snippet":"max-snippet:-1","max-image-preview":"max-image-preview:large","max-video-preview":"max-video-preview:-1"},"canonical":"http:\/\/recover.lajunglebijoux.com\/es\/producto\/collier-medaille-multirang\/","og_locale":"es_ES","og_type":"article","og_title":"Collar medalla multifila Lola Moonrise en oro - La Jungle Bijoux","og_description":"Descubre el collar de tres filas Lola Moonrise en oro. Este collar de varias hileras se adaptar\u00e1 a todos los looks, a todos los estilos y a todas las mujeres. Hecho a mano.","og_url":"http:\/\/recover.lajunglebijoux.com\/es\/producto\/collier-medaille-multirang\/","og_site_name":"La Jungle Bijoux","article_modified_time":"2023-05-26T12:20:01+00:00","og_image":[{"width":1080,"height":1079,"url":"http:\/\/recover.lajunglebijoux.com\/wp-content\/uploads\/2022\/12\/LOLA-MOONRISE.jpg","type":"image\/jpeg"}],"twitter_card":"summary_large_image","twitter_misc":{"Tiempo de lectura":"1 minuto"},"schema":{"@context":"https:\/\/schema.org","@graph":[{"@type":"WebPage","@id":"http:\/\/recover.lajunglebijoux.com\/es\/producto\/collier-medaille-multirang\/","url":"http:\/\/recover.lajunglebijoux.com\/es\/producto\/collier-medaille-multirang\/","name":"Collar medalla multifila Lola Moonrise en oro - La Jungle Bijoux","isPartOf":{"@id":"https:\/\/recover.lajunglebijoux.com\/es\/#website"},"primaryImageOfPage":{"@id":"http:\/\/recover.lajunglebijoux.com\/es\/producto\/collier-medaille-multirang\/#primaryimage"},"image":{"@id":"http:\/\/recover.lajunglebijoux.com\/es\/producto\/collier-medaille-multirang\/#primaryimage"},"thumbnailUrl":"http:\/\/recover.lajunglebijoux.com\/wp-content\/uploads\/2022\/12\/LOLA-MOONRISE.jpg","datePublished":"2022-12-13T07:23:34+00:00","dateModified":"2023-05-26T12:20:01+00:00","description":"Descubre el collar de tres filas Lola Moonrise en oro. Este collar de varias hileras se adaptar\u00e1 a todos los looks, a todos los estilos y a todas las mujeres. Hecho a mano.","breadcrumb":{"@id":"http:\/\/recover.lajunglebijoux.com\/es\/producto\/collier-medaille-multirang\/#breadcrumb"},"inLanguage":"es","potentialAction":[{"@type":"ReadAction","target":["http:\/\/recover.lajunglebijoux.com\/es\/producto\/collier-medaille-multirang\/"]}]},{"@type":"ImageObject","inLanguage":"es","@id":"http:\/\/recover.lajunglebijoux.com\/es\/producto\/collier-medaille-multirang\/#primaryimage","url":"http:\/\/recover.lajunglebijoux.com\/wp-content\/uploads\/2022\/12\/LOLA-MOONRISE.jpg","contentUrl":"http:\/\/recover.lajunglebijoux.com\/wp-content\/uploads\/2022\/12\/LOLA-MOONRISE.jpg","width":1080,"height":1079,"caption":"collie"},{"@type":"BreadcrumbList","@id":"http:\/\/recover.lajunglebijoux.com\/es\/producto\/collier-medaille-multirang\/#breadcrumb","itemListElement":[{"@type":"ListItem","position":1,"name":"Portada","item":"http:\/\/recover.lajunglebijoux.com\/es\/"},{"@type":"ListItem","position":2,"name":"Tienda","item":"http:\/\/recover.lajunglebijoux.com\/es\/tienda\/"},{"@type":"ListItem","position":3,"name":"Collar medalla multifila Lola Moonrise en oro"}]},{"@type":"WebSite","@id":"https:\/\/recover.lajunglebijoux.com\/es\/#website","url":"https:\/\/recover.lajunglebijoux.com\/es\/","name":"La Jungle Bijoux","description":"","publisher":{"@id":"https:\/\/recover.lajunglebijoux.com\/es\/#organization"},"potentialAction":[{"@type":"SearchAction","target":{"@type":"EntryPoint","urlTemplate":"https:\/\/recover.lajunglebijoux.com\/es\/?s={search_term_string}"},"query-input":"required name=search_term_string"}],"inLanguage":"es"},{"@type":"Organization","@id":"https:\/\/recover.lajunglebijoux.com\/es\/#organization","name":"La Jungle Bijoux","url":"https:\/\/recover.lajunglebijoux.com\/es\/","logo":{"@type":"ImageObject","inLanguage":"es","@id":"https:\/\/recover.lajunglebijoux.com\/es\/#\/schema\/logo\/image\/","url":"http:\/\/recover.lajunglebijoux.com\/wp-content\/uploads\/2023\/01\/LOGO-FINAL-Fonce.jpg","contentUrl":"http:\/\/recover.lajunglebijoux.com\/wp-content\/uploads\/2023\/01\/LOGO-FINAL-Fonce.jpg","width":900,"height":900,"caption":"La Jungle Bijoux"},"image":{"@id":"https:\/\/recover.lajunglebijoux.com\/es\/#\/schema\/logo\/image\/"}}]}},"_links":{"self":[{"href":"http:\/\/recover.lajunglebijoux.com\/es\/wp-json\/wp\/v2\/product\/8890","targetHints":{"allow":["GET"]}}],"collection":[{"href":"http:\/\/recover.lajunglebijoux.com\/es\/wp-json\/wp\/v2\/product"}],"about":[{"href":"http:\/\/recover.lajunglebijoux.com\/es\/wp-json\/wp\/v2\/types\/product"}],"replies":[{"embeddable":true,"href":"http:\/\/recover.lajunglebijoux.com\/es\/wp-json\/wp\/v2\/comments?post=8890"}],"wp:featuredmedia":[{"embeddable":true,"href":"http:\/\/recover.lajunglebijoux.com\/es\/wp-json\/wp\/v2\/media\/3964"}],"wp:attachment":[{"href":"http:\/\/recover.lajunglebijoux.com\/es\/wp-json\/wp\/v2\/media?parent=8890"}],"wp:term":[{"taxonomy":"product_cat","embeddable":true,"href":"http:\/\/recover.lajunglebijoux.com\/es\/wp-json\/wp\/v2\/product_cat?post=8890"},{"taxonomy":"product_tag","embeddable":true,"href":"http:\/\/recover.lajunglebijoux.com\/es\/wp-json\/wp\/v2\/product_tag?post=8890"}],"curies":[{"name":"wp","href":"https:\/\/api.w.org\/{rel}","templated":true}]}}