{"id":8878,"date":"2022-04-22T07:54:10","date_gmt":"2022-04-22T05:54:10","guid":{"rendered":"https:\/\/recover.lajunglebijoux.com\/product\/bague-martelee-gravure\/"},"modified":"2023-05-26T12:16:55","modified_gmt":"2023-05-26T12:16:55","slug":"bague-martelee-gravure","status":"publish","type":"product","link":"http:\/\/recover.lajunglebijoux.com\/es\/producto\/bague-martelee-gravure\/","title":{"rendered":"Anillo grabado martillado personalizado"},"content":{"rendered":"","protected":false},"excerpt":{"rendered":"<p>Anillo de oro martillado con medall\u00f3n grabado.<\/p>\n<p>Escriba sus iniciales, las de su media naranja, sus amigos, su familia, sus hijos&#8230;<\/p>\n<p>Haga grabar una palabra que le acompa\u00f1ar\u00e1 a todas partes como un amuleto de la suerte.<\/p>\n<p>(4 letras m\u00e1ximo para la palabra). Una magn\u00edfica idea de regalo para el D\u00eda de la Madre, cumplea\u00f1os o Navidad.<\/p>\n<p>Oro fino de alta resistencia sobre base de lat\u00f3n. Tama\u00f1o ajustable.<\/p>\n<p>Si desea a\u00f1adir un motivo, no hay recargo, s\u00f3lo tiene que elegirlo en el men\u00fa desplegable. El ejemplo de la foto muestra las letras L y J y los motivos coraz\u00f3n y estrella?<\/p>\n<p>Tambi\u00e9n puede elegir un medall\u00f3n de oro sencillo, sin ning\u00fan grabado, ind\u00edquelo en la casilla, por ejemplo: \u00abQuiero un medall\u00f3n sin grabado\u00bb.<\/p>\n<p>Fabricado por encargo, se env\u00eda en un plazo de 10 d\u00edas.<\/p>\n","protected":false},"featured_media":379,"comment_status":"open","ping_status":"closed","template":"","meta":{"_acf_changed":false},"product_cat":[124],"product_tag":[],"class_list":{"0":"post-8878","1":"product","2":"type-product","3":"status-publish","4":"has-post-thumbnail","6":"product_cat-joyas-personalizables","7":"pa_modele-anillos","8":"pa_modele-joyas-martilladas","9":"pa_modele-personalizables","10":"pa_theme-joyas-finas","11":"pa_theme-estilo-vintage","13":"first","14":"instock","15":"purchasable","16":"product-type-variable"},"acf":[],"yoast_head":"<!-- This site is optimized with the Yoast SEO plugin v23.3 - https:\/\/yoast.com\/wordpress\/plugins\/seo\/ -->\n<title>Bague martel\u00e9e or gravure personnalisable<\/title>\n<meta name=\"description\" content=\"BMango chapado en oro martillado con medall\u00f3n grabado. Escriba sus iniciales, las de su pareja, las de sus hijos... Oro fino de alta resistencia sobre base de lat\u00f3n. Tama\u00f1o ajustable.\" \/>\n<meta name=\"robots\" content=\"index, follow, max-snippet:-1, max-image-preview:large, max-video-preview:-1\" \/>\n<link rel=\"canonical\" href=\"http:\/\/recover.lajunglebijoux.com\/es\/producto\/bague-martelee-gravure\/\" \/>\n<meta property=\"og:locale\" content=\"es_ES\" \/>\n<meta property=\"og:type\" content=\"article\" \/>\n<meta property=\"og:title\" content=\"Bague martel\u00e9e or gravure personnalisable\" \/>\n<meta property=\"og:description\" content=\"BMango chapado en oro martillado con medall\u00f3n grabado. Escriba sus iniciales, las de su pareja, las de sus hijos... Oro fino de alta resistencia sobre base de lat\u00f3n. Tama\u00f1o ajustable.\" \/>\n<meta property=\"og:url\" content=\"http:\/\/recover.lajunglebijoux.com\/es\/producto\/bague-martelee-gravure\/\" \/>\n<meta property=\"og:site_name\" content=\"La Jungle Bijoux\" \/>\n<meta property=\"article:modified_time\" content=\"2023-05-26T12:16:55+00:00\" \/>\n<meta property=\"og:image\" content=\"http:\/\/recover.lajunglebijoux.com\/wp-content\/uploads\/2022\/04\/IMG_20220420_170412-scaled.jpg\" \/>\n\t<meta property=\"og:image:width\" content=\"1920\" \/>\n\t<meta property=\"og:image:height\" content=\"2560\" \/>\n\t<meta property=\"og:image:type\" content=\"image\/jpeg\" \/>\n<meta name=\"twitter:card\" content=\"summary_large_image\" \/>\n<script type=\"application\/ld+json\" class=\"yoast-schema-graph\">{\"@context\":\"https:\/\/schema.org\",\"@graph\":[{\"@type\":\"WebPage\",\"@id\":\"http:\/\/recover.lajunglebijoux.com\/es\/producto\/bague-martelee-gravure\/\",\"url\":\"http:\/\/recover.lajunglebijoux.com\/es\/producto\/bague-martelee-gravure\/\",\"name\":\"Bague martel\u00e9e or gravure personnalisable\",\"isPartOf\":{\"@id\":\"https:\/\/recover.lajunglebijoux.com\/es\/#website\"},\"primaryImageOfPage\":{\"@id\":\"http:\/\/recover.lajunglebijoux.com\/es\/producto\/bague-martelee-gravure\/#primaryimage\"},\"image\":{\"@id\":\"http:\/\/recover.lajunglebijoux.com\/es\/producto\/bague-martelee-gravure\/#primaryimage\"},\"thumbnailUrl\":\"http:\/\/recover.lajunglebijoux.com\/wp-content\/uploads\/2022\/04\/IMG_20220420_170412-scaled.jpg\",\"datePublished\":\"2022-04-22T05:54:10+00:00\",\"dateModified\":\"2023-05-26T12:16:55+00:00\",\"description\":\"BMango chapado en oro martillado con medall\u00f3n grabado. Escriba sus iniciales, las de su pareja, las de sus hijos... Oro fino de alta resistencia sobre base de lat\u00f3n. Tama\u00f1o ajustable.\",\"breadcrumb\":{\"@id\":\"http:\/\/recover.lajunglebijoux.com\/es\/producto\/bague-martelee-gravure\/#breadcrumb\"},\"inLanguage\":\"es\",\"potentialAction\":[{\"@type\":\"ReadAction\",\"target\":[\"http:\/\/recover.lajunglebijoux.com\/es\/producto\/bague-martelee-gravure\/\"]}]},{\"@type\":\"ImageObject\",\"inLanguage\":\"es\",\"@id\":\"http:\/\/recover.lajunglebijoux.com\/es\/producto\/bague-martelee-gravure\/#primaryimage\",\"url\":\"http:\/\/recover.lajunglebijoux.com\/wp-content\/uploads\/2022\/04\/IMG_20220420_170412-scaled.jpg\",\"contentUrl\":\"http:\/\/recover.lajunglebijoux.com\/wp-content\/uploads\/2022\/04\/IMG_20220420_170412-scaled.jpg\",\"width\":1920,\"height\":2560},{\"@type\":\"BreadcrumbList\",\"@id\":\"http:\/\/recover.lajunglebijoux.com\/es\/producto\/bague-martelee-gravure\/#breadcrumb\",\"itemListElement\":[{\"@type\":\"ListItem\",\"position\":1,\"name\":\"Portada\",\"item\":\"https:\/\/recover.lajunglebijoux.com\/es\/\"},{\"@type\":\"ListItem\",\"position\":2,\"name\":\"Tienda\",\"item\":\"https:\/\/recover.lajunglebijoux.com\/es\/tienda\/\"},{\"@type\":\"ListItem\",\"position\":3,\"name\":\"Anillo grabado martillado personalizado\"}]},{\"@type\":\"WebSite\",\"@id\":\"https:\/\/recover.lajunglebijoux.com\/es\/#website\",\"url\":\"https:\/\/recover.lajunglebijoux.com\/es\/\",\"name\":\"La Jungle Bijoux\",\"description\":\"\",\"publisher\":{\"@id\":\"https:\/\/recover.lajunglebijoux.com\/es\/#organization\"},\"potentialAction\":[{\"@type\":\"SearchAction\",\"target\":{\"@type\":\"EntryPoint\",\"urlTemplate\":\"https:\/\/recover.lajunglebijoux.com\/es\/?s={search_term_string}\"},\"query-input\":\"required name=search_term_string\"}],\"inLanguage\":\"es\"},{\"@type\":\"Organization\",\"@id\":\"https:\/\/recover.lajunglebijoux.com\/es\/#organization\",\"name\":\"La Jungle Bijoux\",\"url\":\"https:\/\/recover.lajunglebijoux.com\/es\/\",\"logo\":{\"@type\":\"ImageObject\",\"inLanguage\":\"es\",\"@id\":\"https:\/\/recover.lajunglebijoux.com\/es\/#\/schema\/logo\/image\/\",\"url\":\"http:\/\/recover.lajunglebijoux.com\/wp-content\/uploads\/2023\/01\/LOGO-FINAL-Fonce.jpg\",\"contentUrl\":\"http:\/\/recover.lajunglebijoux.com\/wp-content\/uploads\/2023\/01\/LOGO-FINAL-Fonce.jpg\",\"width\":900,\"height\":900,\"caption\":\"La Jungle Bijoux\"},\"image\":{\"@id\":\"https:\/\/recover.lajunglebijoux.com\/es\/#\/schema\/logo\/image\/\"}}]}<\/script>\n<!-- \/ Yoast SEO plugin. -->","yoast_head_json":{"title":"Bague martel\u00e9e or gravure personnalisable","description":"BMango chapado en oro martillado con medall\u00f3n grabado. Escriba sus iniciales, las de su pareja, las de sus hijos... Oro fino de alta resistencia sobre base de lat\u00f3n. Tama\u00f1o ajustable.","robots":{"index":"index","follow":"follow","max-snippet":"max-snippet:-1","max-image-preview":"max-image-preview:large","max-video-preview":"max-video-preview:-1"},"canonical":"http:\/\/recover.lajunglebijoux.com\/es\/producto\/bague-martelee-gravure\/","og_locale":"es_ES","og_type":"article","og_title":"Bague martel\u00e9e or gravure personnalisable","og_description":"BMango chapado en oro martillado con medall\u00f3n grabado. Escriba sus iniciales, las de su pareja, las de sus hijos... Oro fino de alta resistencia sobre base de lat\u00f3n. Tama\u00f1o ajustable.","og_url":"http:\/\/recover.lajunglebijoux.com\/es\/producto\/bague-martelee-gravure\/","og_site_name":"La Jungle Bijoux","article_modified_time":"2023-05-26T12:16:55+00:00","og_image":[{"width":1920,"height":2560,"url":"http:\/\/recover.lajunglebijoux.com\/wp-content\/uploads\/2022\/04\/IMG_20220420_170412-scaled.jpg","type":"image\/jpeg"}],"twitter_card":"summary_large_image","schema":{"@context":"https:\/\/schema.org","@graph":[{"@type":"WebPage","@id":"http:\/\/recover.lajunglebijoux.com\/es\/producto\/bague-martelee-gravure\/","url":"http:\/\/recover.lajunglebijoux.com\/es\/producto\/bague-martelee-gravure\/","name":"Bague martel\u00e9e or gravure personnalisable","isPartOf":{"@id":"https:\/\/recover.lajunglebijoux.com\/es\/#website"},"primaryImageOfPage":{"@id":"http:\/\/recover.lajunglebijoux.com\/es\/producto\/bague-martelee-gravure\/#primaryimage"},"image":{"@id":"http:\/\/recover.lajunglebijoux.com\/es\/producto\/bague-martelee-gravure\/#primaryimage"},"thumbnailUrl":"http:\/\/recover.lajunglebijoux.com\/wp-content\/uploads\/2022\/04\/IMG_20220420_170412-scaled.jpg","datePublished":"2022-04-22T05:54:10+00:00","dateModified":"2023-05-26T12:16:55+00:00","description":"BMango chapado en oro martillado con medall\u00f3n grabado. Escriba sus iniciales, las de su pareja, las de sus hijos... Oro fino de alta resistencia sobre base de lat\u00f3n. Tama\u00f1o ajustable.","breadcrumb":{"@id":"http:\/\/recover.lajunglebijoux.com\/es\/producto\/bague-martelee-gravure\/#breadcrumb"},"inLanguage":"es","potentialAction":[{"@type":"ReadAction","target":["http:\/\/recover.lajunglebijoux.com\/es\/producto\/bague-martelee-gravure\/"]}]},{"@type":"ImageObject","inLanguage":"es","@id":"http:\/\/recover.lajunglebijoux.com\/es\/producto\/bague-martelee-gravure\/#primaryimage","url":"http:\/\/recover.lajunglebijoux.com\/wp-content\/uploads\/2022\/04\/IMG_20220420_170412-scaled.jpg","contentUrl":"http:\/\/recover.lajunglebijoux.com\/wp-content\/uploads\/2022\/04\/IMG_20220420_170412-scaled.jpg","width":1920,"height":2560},{"@type":"BreadcrumbList","@id":"http:\/\/recover.lajunglebijoux.com\/es\/producto\/bague-martelee-gravure\/#breadcrumb","itemListElement":[{"@type":"ListItem","position":1,"name":"Portada","item":"https:\/\/recover.lajunglebijoux.com\/es\/"},{"@type":"ListItem","position":2,"name":"Tienda","item":"https:\/\/recover.lajunglebijoux.com\/es\/tienda\/"},{"@type":"ListItem","position":3,"name":"Anillo grabado martillado personalizado"}]},{"@type":"WebSite","@id":"https:\/\/recover.lajunglebijoux.com\/es\/#website","url":"https:\/\/recover.lajunglebijoux.com\/es\/","name":"La Jungle Bijoux","description":"","publisher":{"@id":"https:\/\/recover.lajunglebijoux.com\/es\/#organization"},"potentialAction":[{"@type":"SearchAction","target":{"@type":"EntryPoint","urlTemplate":"https:\/\/recover.lajunglebijoux.com\/es\/?s={search_term_string}"},"query-input":"required name=search_term_string"}],"inLanguage":"es"},{"@type":"Organization","@id":"https:\/\/recover.lajunglebijoux.com\/es\/#organization","name":"La Jungle Bijoux","url":"https:\/\/recover.lajunglebijoux.com\/es\/","logo":{"@type":"ImageObject","inLanguage":"es","@id":"https:\/\/recover.lajunglebijoux.com\/es\/#\/schema\/logo\/image\/","url":"http:\/\/recover.lajunglebijoux.com\/wp-content\/uploads\/2023\/01\/LOGO-FINAL-Fonce.jpg","contentUrl":"http:\/\/recover.lajunglebijoux.com\/wp-content\/uploads\/2023\/01\/LOGO-FINAL-Fonce.jpg","width":900,"height":900,"caption":"La Jungle Bijoux"},"image":{"@id":"https:\/\/recover.lajunglebijoux.com\/es\/#\/schema\/logo\/image\/"}}]}},"_links":{"self":[{"href":"http:\/\/recover.lajunglebijoux.com\/es\/wp-json\/wp\/v2\/product\/8878","targetHints":{"allow":["GET"]}}],"collection":[{"href":"http:\/\/recover.lajunglebijoux.com\/es\/wp-json\/wp\/v2\/product"}],"about":[{"href":"http:\/\/recover.lajunglebijoux.com\/es\/wp-json\/wp\/v2\/types\/product"}],"replies":[{"embeddable":true,"href":"http:\/\/recover.lajunglebijoux.com\/es\/wp-json\/wp\/v2\/comments?post=8878"}],"wp:featuredmedia":[{"embeddable":true,"href":"http:\/\/recover.lajunglebijoux.com\/es\/wp-json\/wp\/v2\/media\/379"}],"wp:attachment":[{"href":"http:\/\/recover.lajunglebijoux.com\/es\/wp-json\/wp\/v2\/media?parent=8878"}],"wp:term":[{"taxonomy":"product_cat","embeddable":true,"href":"http:\/\/recover.lajunglebijoux.com\/es\/wp-json\/wp\/v2\/product_cat?post=8878"},{"taxonomy":"product_tag","embeddable":true,"href":"http:\/\/recover.lajunglebijoux.com\/es\/wp-json\/wp\/v2\/product_tag?post=8878"}],"curies":[{"name":"wp","href":"https:\/\/api.w.org\/{rel}","templated":true}]}}