{"id":8870,"date":"2023-04-07T20:37:09","date_gmt":"2023-04-07T18:37:09","guid":{"rendered":"https:\/\/recover.lajunglebijoux.com\/product\/juliette-collier-coeur-or\/"},"modified":"2023-05-26T12:10:58","modified_gmt":"2023-05-26T12:10:58","slug":"juliette-collier-coeur-or","status":"publish","type":"product","link":"http:\/\/recover.lajunglebijoux.com\/es\/producto\/juliette-collier-coeur-or\/","title":{"rendered":"JULIETTE &#8211; collar coraz\u00f3n de oro"},"content":{"rendered":"","protected":false},"excerpt":{"rendered":"<p>Simboliza el amor incondicional y el amor propio.<\/p>\n<p>Collar coraz\u00f3n de oro fino de 24 quilates de alta resistencia sobre base de lat\u00f3n.<\/p>\n<p>Cadena trenzada, longitud 50 cm + 5 cm de prolongaci\u00f3n.<\/p>\n<p>El nombre de la joya hace referencia a la dise\u00f1adora \u00abLes petites cuill\u00e8res de Juliette\u00bb, para quien se cre\u00f3 esta joya por primera vez.<\/p>\n","protected":false},"featured_media":7594,"comment_status":"open","ping_status":"closed","template":"","meta":{"_acf_changed":false},"product_cat":[158],"product_tag":[],"class_list":{"0":"post-8870","1":"product","2":"type-product","3":"status-publish","4":"has-post-thumbnail","6":"product_cat-sueno","7":"pa_modele-collares","8":"pa_theme-joyas-amor","9":"pa_theme-estilo-vintage","11":"first","12":"instock","13":"sale","14":"shipping-taxable","15":"purchasable","16":"product-type-simple"},"acf":[],"yoast_head":"<!-- This site is optimized with the Yoast SEO plugin v23.3 - https:\/\/yoast.com\/wordpress\/plugins\/seo\/ -->\n<title>JULIETTE - collar coraz\u00f3n de oro - La Jungle Bijoux<\/title>\n<meta name=\"description\" content=\"Un collar de coraz\u00f3n dorado con oro fino de 24 quilates, para regalar o regalarse una celebraci\u00f3n del amor en todas sus formas. Hecho a mano. Existencias limitadas.\" \/>\n<meta name=\"robots\" content=\"index, follow, max-snippet:-1, max-image-preview:large, max-video-preview:-1\" \/>\n<link rel=\"canonical\" href=\"http:\/\/recover.lajunglebijoux.com\/es\/producto\/juliette-collier-coeur-or\/\" \/>\n<meta property=\"og:locale\" content=\"es_ES\" \/>\n<meta property=\"og:type\" content=\"article\" \/>\n<meta property=\"og:title\" content=\"JULIETTE - collar coraz\u00f3n de oro - La Jungle Bijoux\" \/>\n<meta property=\"og:description\" content=\"Un collar de coraz\u00f3n dorado con oro fino de 24 quilates, para regalar o regalarse una celebraci\u00f3n del amor en todas sus formas. Hecho a mano. Existencias limitadas.\" \/>\n<meta property=\"og:url\" content=\"http:\/\/recover.lajunglebijoux.com\/es\/producto\/juliette-collier-coeur-or\/\" \/>\n<meta property=\"og:site_name\" content=\"La Jungle Bijoux\" \/>\n<meta property=\"article:modified_time\" content=\"2023-05-26T12:10:58+00:00\" \/>\n<meta property=\"og:image\" content=\"http:\/\/recover.lajunglebijoux.com\/wp-content\/uploads\/2023\/04\/JULIETTE-5.jpg\" \/>\n\t<meta property=\"og:image:width\" content=\"2560\" \/>\n\t<meta property=\"og:image:height\" content=\"2560\" \/>\n\t<meta property=\"og:image:type\" content=\"image\/jpeg\" \/>\n<meta name=\"twitter:card\" content=\"summary_large_image\" \/>\n<script type=\"application\/ld+json\" class=\"yoast-schema-graph\">{\"@context\":\"https:\/\/schema.org\",\"@graph\":[{\"@type\":\"WebPage\",\"@id\":\"http:\/\/recover.lajunglebijoux.com\/es\/producto\/juliette-collier-coeur-or\/\",\"url\":\"http:\/\/recover.lajunglebijoux.com\/es\/producto\/juliette-collier-coeur-or\/\",\"name\":\"JULIETTE - collar coraz\u00f3n de oro - La Jungle Bijoux\",\"isPartOf\":{\"@id\":\"https:\/\/recover.lajunglebijoux.com\/es\/#website\"},\"primaryImageOfPage\":{\"@id\":\"http:\/\/recover.lajunglebijoux.com\/es\/producto\/juliette-collier-coeur-or\/#primaryimage\"},\"image\":{\"@id\":\"http:\/\/recover.lajunglebijoux.com\/es\/producto\/juliette-collier-coeur-or\/#primaryimage\"},\"thumbnailUrl\":\"http:\/\/recover.lajunglebijoux.com\/wp-content\/uploads\/2023\/04\/JULIETTE-5.jpg\",\"datePublished\":\"2023-04-07T18:37:09+00:00\",\"dateModified\":\"2023-05-26T12:10:58+00:00\",\"description\":\"Un collar de coraz\u00f3n dorado con oro fino de 24 quilates, para regalar o regalarse una celebraci\u00f3n del amor en todas sus formas. Hecho a mano. Existencias limitadas.\",\"breadcrumb\":{\"@id\":\"http:\/\/recover.lajunglebijoux.com\/es\/producto\/juliette-collier-coeur-or\/#breadcrumb\"},\"inLanguage\":\"es\",\"potentialAction\":[{\"@type\":\"ReadAction\",\"target\":[\"http:\/\/recover.lajunglebijoux.com\/es\/producto\/juliette-collier-coeur-or\/\"]}]},{\"@type\":\"ImageObject\",\"inLanguage\":\"es\",\"@id\":\"http:\/\/recover.lajunglebijoux.com\/es\/producto\/juliette-collier-coeur-or\/#primaryimage\",\"url\":\"http:\/\/recover.lajunglebijoux.com\/wp-content\/uploads\/2023\/04\/JULIETTE-5.jpg\",\"contentUrl\":\"http:\/\/recover.lajunglebijoux.com\/wp-content\/uploads\/2023\/04\/JULIETTE-5.jpg\",\"width\":2560,\"height\":2560,\"caption\":\"collier coeur juliette\"},{\"@type\":\"BreadcrumbList\",\"@id\":\"http:\/\/recover.lajunglebijoux.com\/es\/producto\/juliette-collier-coeur-or\/#breadcrumb\",\"itemListElement\":[{\"@type\":\"ListItem\",\"position\":1,\"name\":\"Portada\",\"item\":\"http:\/\/recover.lajunglebijoux.com\/es\/\"},{\"@type\":\"ListItem\",\"position\":2,\"name\":\"Tienda\",\"item\":\"http:\/\/recover.lajunglebijoux.com\/es\/tienda\/\"},{\"@type\":\"ListItem\",\"position\":3,\"name\":\"JULIETTE &#8211; collar coraz\u00f3n de oro\"}]},{\"@type\":\"WebSite\",\"@id\":\"https:\/\/recover.lajunglebijoux.com\/es\/#website\",\"url\":\"https:\/\/recover.lajunglebijoux.com\/es\/\",\"name\":\"La Jungle Bijoux\",\"description\":\"\",\"publisher\":{\"@id\":\"https:\/\/recover.lajunglebijoux.com\/es\/#organization\"},\"potentialAction\":[{\"@type\":\"SearchAction\",\"target\":{\"@type\":\"EntryPoint\",\"urlTemplate\":\"https:\/\/recover.lajunglebijoux.com\/es\/?s={search_term_string}\"},\"query-input\":\"required name=search_term_string\"}],\"inLanguage\":\"es\"},{\"@type\":\"Organization\",\"@id\":\"https:\/\/recover.lajunglebijoux.com\/es\/#organization\",\"name\":\"La Jungle Bijoux\",\"url\":\"https:\/\/recover.lajunglebijoux.com\/es\/\",\"logo\":{\"@type\":\"ImageObject\",\"inLanguage\":\"es\",\"@id\":\"https:\/\/recover.lajunglebijoux.com\/es\/#\/schema\/logo\/image\/\",\"url\":\"http:\/\/recover.lajunglebijoux.com\/wp-content\/uploads\/2023\/01\/LOGO-FINAL-Fonce.jpg\",\"contentUrl\":\"http:\/\/recover.lajunglebijoux.com\/wp-content\/uploads\/2023\/01\/LOGO-FINAL-Fonce.jpg\",\"width\":900,\"height\":900,\"caption\":\"La Jungle Bijoux\"},\"image\":{\"@id\":\"https:\/\/recover.lajunglebijoux.com\/es\/#\/schema\/logo\/image\/\"}}]}<\/script>\n<!-- \/ Yoast SEO plugin. -->","yoast_head_json":{"title":"JULIETTE - collar coraz\u00f3n de oro - La Jungle Bijoux","description":"Un collar de coraz\u00f3n dorado con oro fino de 24 quilates, para regalar o regalarse una celebraci\u00f3n del amor en todas sus formas. Hecho a mano. Existencias limitadas.","robots":{"index":"index","follow":"follow","max-snippet":"max-snippet:-1","max-image-preview":"max-image-preview:large","max-video-preview":"max-video-preview:-1"},"canonical":"http:\/\/recover.lajunglebijoux.com\/es\/producto\/juliette-collier-coeur-or\/","og_locale":"es_ES","og_type":"article","og_title":"JULIETTE - collar coraz\u00f3n de oro - La Jungle Bijoux","og_description":"Un collar de coraz\u00f3n dorado con oro fino de 24 quilates, para regalar o regalarse una celebraci\u00f3n del amor en todas sus formas. Hecho a mano. Existencias limitadas.","og_url":"http:\/\/recover.lajunglebijoux.com\/es\/producto\/juliette-collier-coeur-or\/","og_site_name":"La Jungle Bijoux","article_modified_time":"2023-05-26T12:10:58+00:00","og_image":[{"width":2560,"height":2560,"url":"http:\/\/recover.lajunglebijoux.com\/wp-content\/uploads\/2023\/04\/JULIETTE-5.jpg","type":"image\/jpeg"}],"twitter_card":"summary_large_image","schema":{"@context":"https:\/\/schema.org","@graph":[{"@type":"WebPage","@id":"http:\/\/recover.lajunglebijoux.com\/es\/producto\/juliette-collier-coeur-or\/","url":"http:\/\/recover.lajunglebijoux.com\/es\/producto\/juliette-collier-coeur-or\/","name":"JULIETTE - collar coraz\u00f3n de oro - La Jungle Bijoux","isPartOf":{"@id":"https:\/\/recover.lajunglebijoux.com\/es\/#website"},"primaryImageOfPage":{"@id":"http:\/\/recover.lajunglebijoux.com\/es\/producto\/juliette-collier-coeur-or\/#primaryimage"},"image":{"@id":"http:\/\/recover.lajunglebijoux.com\/es\/producto\/juliette-collier-coeur-or\/#primaryimage"},"thumbnailUrl":"http:\/\/recover.lajunglebijoux.com\/wp-content\/uploads\/2023\/04\/JULIETTE-5.jpg","datePublished":"2023-04-07T18:37:09+00:00","dateModified":"2023-05-26T12:10:58+00:00","description":"Un collar de coraz\u00f3n dorado con oro fino de 24 quilates, para regalar o regalarse una celebraci\u00f3n del amor en todas sus formas. Hecho a mano. Existencias limitadas.","breadcrumb":{"@id":"http:\/\/recover.lajunglebijoux.com\/es\/producto\/juliette-collier-coeur-or\/#breadcrumb"},"inLanguage":"es","potentialAction":[{"@type":"ReadAction","target":["http:\/\/recover.lajunglebijoux.com\/es\/producto\/juliette-collier-coeur-or\/"]}]},{"@type":"ImageObject","inLanguage":"es","@id":"http:\/\/recover.lajunglebijoux.com\/es\/producto\/juliette-collier-coeur-or\/#primaryimage","url":"http:\/\/recover.lajunglebijoux.com\/wp-content\/uploads\/2023\/04\/JULIETTE-5.jpg","contentUrl":"http:\/\/recover.lajunglebijoux.com\/wp-content\/uploads\/2023\/04\/JULIETTE-5.jpg","width":2560,"height":2560,"caption":"collier coeur juliette"},{"@type":"BreadcrumbList","@id":"http:\/\/recover.lajunglebijoux.com\/es\/producto\/juliette-collier-coeur-or\/#breadcrumb","itemListElement":[{"@type":"ListItem","position":1,"name":"Portada","item":"http:\/\/recover.lajunglebijoux.com\/es\/"},{"@type":"ListItem","position":2,"name":"Tienda","item":"http:\/\/recover.lajunglebijoux.com\/es\/tienda\/"},{"@type":"ListItem","position":3,"name":"JULIETTE &#8211; collar coraz\u00f3n de oro"}]},{"@type":"WebSite","@id":"https:\/\/recover.lajunglebijoux.com\/es\/#website","url":"https:\/\/recover.lajunglebijoux.com\/es\/","name":"La Jungle Bijoux","description":"","publisher":{"@id":"https:\/\/recover.lajunglebijoux.com\/es\/#organization"},"potentialAction":[{"@type":"SearchAction","target":{"@type":"EntryPoint","urlTemplate":"https:\/\/recover.lajunglebijoux.com\/es\/?s={search_term_string}"},"query-input":"required name=search_term_string"}],"inLanguage":"es"},{"@type":"Organization","@id":"https:\/\/recover.lajunglebijoux.com\/es\/#organization","name":"La Jungle Bijoux","url":"https:\/\/recover.lajunglebijoux.com\/es\/","logo":{"@type":"ImageObject","inLanguage":"es","@id":"https:\/\/recover.lajunglebijoux.com\/es\/#\/schema\/logo\/image\/","url":"http:\/\/recover.lajunglebijoux.com\/wp-content\/uploads\/2023\/01\/LOGO-FINAL-Fonce.jpg","contentUrl":"http:\/\/recover.lajunglebijoux.com\/wp-content\/uploads\/2023\/01\/LOGO-FINAL-Fonce.jpg","width":900,"height":900,"caption":"La Jungle Bijoux"},"image":{"@id":"https:\/\/recover.lajunglebijoux.com\/es\/#\/schema\/logo\/image\/"}}]}},"_links":{"self":[{"href":"http:\/\/recover.lajunglebijoux.com\/es\/wp-json\/wp\/v2\/product\/8870","targetHints":{"allow":["GET"]}}],"collection":[{"href":"http:\/\/recover.lajunglebijoux.com\/es\/wp-json\/wp\/v2\/product"}],"about":[{"href":"http:\/\/recover.lajunglebijoux.com\/es\/wp-json\/wp\/v2\/types\/product"}],"replies":[{"embeddable":true,"href":"http:\/\/recover.lajunglebijoux.com\/es\/wp-json\/wp\/v2\/comments?post=8870"}],"wp:featuredmedia":[{"embeddable":true,"href":"http:\/\/recover.lajunglebijoux.com\/es\/wp-json\/wp\/v2\/media\/7594"}],"wp:attachment":[{"href":"http:\/\/recover.lajunglebijoux.com\/es\/wp-json\/wp\/v2\/media?parent=8870"}],"wp:term":[{"taxonomy":"product_cat","embeddable":true,"href":"http:\/\/recover.lajunglebijoux.com\/es\/wp-json\/wp\/v2\/product_cat?post=8870"},{"taxonomy":"product_tag","embeddable":true,"href":"http:\/\/recover.lajunglebijoux.com\/es\/wp-json\/wp\/v2\/product_tag?post=8870"}],"curies":[{"name":"wp","href":"https:\/\/api.w.org\/{rel}","templated":true}]}}