{"id":8855,"date":"2022-11-14T11:54:08","date_gmt":"2022-11-14T09:54:08","guid":{"rendered":"https:\/\/recover.lajunglebijoux.com\/product\/bracelet-love-hope\/"},"modified":"2024-01-08T13:07:20","modified_gmt":"2024-01-08T11:07:20","slug":"pulsera-love-hope","status":"publish","type":"product","link":"http:\/\/recover.lajunglebijoux.com\/es\/producto\/pulsera-love-hope\/","title":{"rendered":"Pulsera LOVE \/ HOPE oro"},"content":{"rendered":"","protected":false},"excerpt":{"rendered":"<p>Pulsera con mensaje de amor y esperanza, tama\u00f1o ajustable, chapada en oro.<\/p>\n<p>Alta calidad, duradera, en garant\u00eda, consulte la p\u00e1gina de joyas en garant\u00eda.<\/p>\n<p>Ll\u00e9vala todos los d\u00edas para que siempre te acompa\u00f1e la energ\u00eda del amor y la esperanza. Nos recuerda que debemos perseverar y ser pacientes, ver las cosas desde el \u00e1ngulo del amor y estar abiertos al aprendizaje del amor que el universo est\u00e1 dispuesto a ense\u00f1arnos.<\/p>\n<p>Estas pulseras tambi\u00e9n se pueden regalar a alguien que est\u00e9 atravesando un periodo dif\u00edcil en su vida. O simplemente a alguien a quien aprecias, para demostrarle que te importa y estar cerca de \u00e9l en todo momento.<\/p>\n<p>La pulsera con mensaje de amor es tambi\u00e9n una invitaci\u00f3n a quererse incondicionalmente, con su lado luminoso y su lado oscuro. Cada ser humano es suficiente y perfecto tal y como es. Si empezamos por amarnos a nosotros mismos, podremos difundir esta energ\u00eda de amor a nuestro alrededor.<\/p>\n<p>Para llevar sola o como una acumulaci\u00f3n de pulseras.<\/p>\n<p>Hechas a mano en mi taller de Barcelona con la t\u00e9cnica del reperc\u00e9.<\/p>\n","protected":false},"featured_media":2642,"comment_status":"open","ping_status":"closed","template":"","meta":{"_acf_changed":false},"product_cat":[170],"product_tag":[],"class_list":{"0":"post-8855","1":"product","2":"type-product","3":"status-publish","4":"has-post-thumbnail","6":"product_cat-los-simbolos","7":"pa_modele-pulseras","8":"pa_theme-joyas-finas","9":"pa_theme-joyas-amor","11":"first","12":"instock","13":"sale","14":"shipping-taxable","15":"purchasable","16":"product-type-variable"},"acf":[],"yoast_head":"<!-- This site is optimized with the Yoast SEO plugin v23.3 - https:\/\/yoast.com\/wordpress\/plugins\/seo\/ -->\n<title>Pulsera LOVE \/ HOPE oro - La Jungle Bijoux<\/title>\n<meta name=\"description\" content=\"Ddescubra nuestra pulsera con mensaje de amor o esperanza, un mensaje a elegir seg\u00fan sus deseos. Hecho a mano en Espa\u00f1a.\" \/>\n<meta name=\"robots\" content=\"index, follow, max-snippet:-1, max-image-preview:large, max-video-preview:-1\" \/>\n<link rel=\"canonical\" href=\"http:\/\/recover.lajunglebijoux.com\/es\/producto\/pulsera-love-hope\/\" \/>\n<meta property=\"og:locale\" content=\"es_ES\" \/>\n<meta property=\"og:type\" content=\"article\" \/>\n<meta property=\"og:title\" content=\"Pulsera LOVE \/ HOPE oro - La Jungle Bijoux\" \/>\n<meta property=\"og:description\" content=\"Ddescubra nuestra pulsera con mensaje de amor o esperanza, un mensaje a elegir seg\u00fan sus deseos. Hecho a mano en Espa\u00f1a.\" \/>\n<meta property=\"og:url\" content=\"http:\/\/recover.lajunglebijoux.com\/es\/producto\/pulsera-love-hope\/\" \/>\n<meta property=\"og:site_name\" content=\"La Jungle Bijoux\" \/>\n<meta property=\"article:modified_time\" content=\"2024-01-08T11:07:20+00:00\" \/>\n<meta property=\"og:image\" content=\"http:\/\/recover.lajunglebijoux.com\/wp-content\/uploads\/2022\/11\/IMG_20220307_154652COUV.jpg\" \/>\n\t<meta property=\"og:image:width\" content=\"2617\" \/>\n\t<meta property=\"og:image:height\" content=\"2618\" \/>\n\t<meta property=\"og:image:type\" content=\"image\/jpeg\" \/>\n<meta name=\"twitter:card\" content=\"summary_large_image\" \/>\n<script type=\"application\/ld+json\" class=\"yoast-schema-graph\">{\"@context\":\"https:\/\/schema.org\",\"@graph\":[{\"@type\":\"WebPage\",\"@id\":\"http:\/\/recover.lajunglebijoux.com\/es\/producto\/pulsera-love-hope\/\",\"url\":\"http:\/\/recover.lajunglebijoux.com\/es\/producto\/pulsera-love-hope\/\",\"name\":\"Pulsera LOVE \/ HOPE oro - La Jungle Bijoux\",\"isPartOf\":{\"@id\":\"https:\/\/recover.lajunglebijoux.com\/es\/#website\"},\"primaryImageOfPage\":{\"@id\":\"http:\/\/recover.lajunglebijoux.com\/es\/producto\/pulsera-love-hope\/#primaryimage\"},\"image\":{\"@id\":\"http:\/\/recover.lajunglebijoux.com\/es\/producto\/pulsera-love-hope\/#primaryimage\"},\"thumbnailUrl\":\"http:\/\/recover.lajunglebijoux.com\/wp-content\/uploads\/2022\/11\/IMG_20220307_154652COUV.jpg\",\"datePublished\":\"2022-11-14T09:54:08+00:00\",\"dateModified\":\"2024-01-08T11:07:20+00:00\",\"description\":\"Ddescubra nuestra pulsera con mensaje de amor o esperanza, un mensaje a elegir seg\u00fan sus deseos. Hecho a mano en Espa\u00f1a.\",\"breadcrumb\":{\"@id\":\"http:\/\/recover.lajunglebijoux.com\/es\/producto\/pulsera-love-hope\/#breadcrumb\"},\"inLanguage\":\"es\",\"potentialAction\":[{\"@type\":\"ReadAction\",\"target\":[\"http:\/\/recover.lajunglebijoux.com\/es\/producto\/pulsera-love-hope\/\"]}]},{\"@type\":\"ImageObject\",\"inLanguage\":\"es\",\"@id\":\"http:\/\/recover.lajunglebijoux.com\/es\/producto\/pulsera-love-hope\/#primaryimage\",\"url\":\"http:\/\/recover.lajunglebijoux.com\/wp-content\/uploads\/2022\/11\/IMG_20220307_154652COUV.jpg\",\"contentUrl\":\"http:\/\/recover.lajunglebijoux.com\/wp-content\/uploads\/2022\/11\/IMG_20220307_154652COUV.jpg\",\"width\":2617,\"height\":2618,\"caption\":\"bracelet message love hope\"},{\"@type\":\"BreadcrumbList\",\"@id\":\"http:\/\/recover.lajunglebijoux.com\/es\/producto\/pulsera-love-hope\/#breadcrumb\",\"itemListElement\":[{\"@type\":\"ListItem\",\"position\":1,\"name\":\"Portada\",\"item\":\"http:\/\/recover.lajunglebijoux.com\/es\/\"},{\"@type\":\"ListItem\",\"position\":2,\"name\":\"Tienda\",\"item\":\"http:\/\/recover.lajunglebijoux.com\/es\/tienda\/\"},{\"@type\":\"ListItem\",\"position\":3,\"name\":\"Pulsera LOVE \/ HOPE oro\"}]},{\"@type\":\"WebSite\",\"@id\":\"https:\/\/recover.lajunglebijoux.com\/es\/#website\",\"url\":\"https:\/\/recover.lajunglebijoux.com\/es\/\",\"name\":\"La Jungle Bijoux\",\"description\":\"\",\"publisher\":{\"@id\":\"https:\/\/recover.lajunglebijoux.com\/es\/#organization\"},\"potentialAction\":[{\"@type\":\"SearchAction\",\"target\":{\"@type\":\"EntryPoint\",\"urlTemplate\":\"https:\/\/recover.lajunglebijoux.com\/es\/?s={search_term_string}\"},\"query-input\":\"required name=search_term_string\"}],\"inLanguage\":\"es\"},{\"@type\":\"Organization\",\"@id\":\"https:\/\/recover.lajunglebijoux.com\/es\/#organization\",\"name\":\"La Jungle Bijoux\",\"url\":\"https:\/\/recover.lajunglebijoux.com\/es\/\",\"logo\":{\"@type\":\"ImageObject\",\"inLanguage\":\"es\",\"@id\":\"https:\/\/recover.lajunglebijoux.com\/es\/#\/schema\/logo\/image\/\",\"url\":\"http:\/\/recover.lajunglebijoux.com\/wp-content\/uploads\/2023\/01\/LOGO-FINAL-Fonce.jpg\",\"contentUrl\":\"http:\/\/recover.lajunglebijoux.com\/wp-content\/uploads\/2023\/01\/LOGO-FINAL-Fonce.jpg\",\"width\":900,\"height\":900,\"caption\":\"La Jungle Bijoux\"},\"image\":{\"@id\":\"https:\/\/recover.lajunglebijoux.com\/es\/#\/schema\/logo\/image\/\"}}]}<\/script>\n<!-- \/ Yoast SEO plugin. -->","yoast_head_json":{"title":"Pulsera LOVE \/ HOPE oro - La Jungle Bijoux","description":"Ddescubra nuestra pulsera con mensaje de amor o esperanza, un mensaje a elegir seg\u00fan sus deseos. Hecho a mano en Espa\u00f1a.","robots":{"index":"index","follow":"follow","max-snippet":"max-snippet:-1","max-image-preview":"max-image-preview:large","max-video-preview":"max-video-preview:-1"},"canonical":"http:\/\/recover.lajunglebijoux.com\/es\/producto\/pulsera-love-hope\/","og_locale":"es_ES","og_type":"article","og_title":"Pulsera LOVE \/ HOPE oro - La Jungle Bijoux","og_description":"Ddescubra nuestra pulsera con mensaje de amor o esperanza, un mensaje a elegir seg\u00fan sus deseos. Hecho a mano en Espa\u00f1a.","og_url":"http:\/\/recover.lajunglebijoux.com\/es\/producto\/pulsera-love-hope\/","og_site_name":"La Jungle Bijoux","article_modified_time":"2024-01-08T11:07:20+00:00","og_image":[{"width":2617,"height":2618,"url":"http:\/\/recover.lajunglebijoux.com\/wp-content\/uploads\/2022\/11\/IMG_20220307_154652COUV.jpg","type":"image\/jpeg"}],"twitter_card":"summary_large_image","schema":{"@context":"https:\/\/schema.org","@graph":[{"@type":"WebPage","@id":"http:\/\/recover.lajunglebijoux.com\/es\/producto\/pulsera-love-hope\/","url":"http:\/\/recover.lajunglebijoux.com\/es\/producto\/pulsera-love-hope\/","name":"Pulsera LOVE \/ HOPE oro - La Jungle Bijoux","isPartOf":{"@id":"https:\/\/recover.lajunglebijoux.com\/es\/#website"},"primaryImageOfPage":{"@id":"http:\/\/recover.lajunglebijoux.com\/es\/producto\/pulsera-love-hope\/#primaryimage"},"image":{"@id":"http:\/\/recover.lajunglebijoux.com\/es\/producto\/pulsera-love-hope\/#primaryimage"},"thumbnailUrl":"http:\/\/recover.lajunglebijoux.com\/wp-content\/uploads\/2022\/11\/IMG_20220307_154652COUV.jpg","datePublished":"2022-11-14T09:54:08+00:00","dateModified":"2024-01-08T11:07:20+00:00","description":"Ddescubra nuestra pulsera con mensaje de amor o esperanza, un mensaje a elegir seg\u00fan sus deseos. Hecho a mano en Espa\u00f1a.","breadcrumb":{"@id":"http:\/\/recover.lajunglebijoux.com\/es\/producto\/pulsera-love-hope\/#breadcrumb"},"inLanguage":"es","potentialAction":[{"@type":"ReadAction","target":["http:\/\/recover.lajunglebijoux.com\/es\/producto\/pulsera-love-hope\/"]}]},{"@type":"ImageObject","inLanguage":"es","@id":"http:\/\/recover.lajunglebijoux.com\/es\/producto\/pulsera-love-hope\/#primaryimage","url":"http:\/\/recover.lajunglebijoux.com\/wp-content\/uploads\/2022\/11\/IMG_20220307_154652COUV.jpg","contentUrl":"http:\/\/recover.lajunglebijoux.com\/wp-content\/uploads\/2022\/11\/IMG_20220307_154652COUV.jpg","width":2617,"height":2618,"caption":"bracelet message love hope"},{"@type":"BreadcrumbList","@id":"http:\/\/recover.lajunglebijoux.com\/es\/producto\/pulsera-love-hope\/#breadcrumb","itemListElement":[{"@type":"ListItem","position":1,"name":"Portada","item":"http:\/\/recover.lajunglebijoux.com\/es\/"},{"@type":"ListItem","position":2,"name":"Tienda","item":"http:\/\/recover.lajunglebijoux.com\/es\/tienda\/"},{"@type":"ListItem","position":3,"name":"Pulsera LOVE \/ HOPE oro"}]},{"@type":"WebSite","@id":"https:\/\/recover.lajunglebijoux.com\/es\/#website","url":"https:\/\/recover.lajunglebijoux.com\/es\/","name":"La Jungle Bijoux","description":"","publisher":{"@id":"https:\/\/recover.lajunglebijoux.com\/es\/#organization"},"potentialAction":[{"@type":"SearchAction","target":{"@type":"EntryPoint","urlTemplate":"https:\/\/recover.lajunglebijoux.com\/es\/?s={search_term_string}"},"query-input":"required name=search_term_string"}],"inLanguage":"es"},{"@type":"Organization","@id":"https:\/\/recover.lajunglebijoux.com\/es\/#organization","name":"La Jungle Bijoux","url":"https:\/\/recover.lajunglebijoux.com\/es\/","logo":{"@type":"ImageObject","inLanguage":"es","@id":"https:\/\/recover.lajunglebijoux.com\/es\/#\/schema\/logo\/image\/","url":"http:\/\/recover.lajunglebijoux.com\/wp-content\/uploads\/2023\/01\/LOGO-FINAL-Fonce.jpg","contentUrl":"http:\/\/recover.lajunglebijoux.com\/wp-content\/uploads\/2023\/01\/LOGO-FINAL-Fonce.jpg","width":900,"height":900,"caption":"La Jungle Bijoux"},"image":{"@id":"https:\/\/recover.lajunglebijoux.com\/es\/#\/schema\/logo\/image\/"}}]}},"_links":{"self":[{"href":"http:\/\/recover.lajunglebijoux.com\/es\/wp-json\/wp\/v2\/product\/8855","targetHints":{"allow":["GET"]}}],"collection":[{"href":"http:\/\/recover.lajunglebijoux.com\/es\/wp-json\/wp\/v2\/product"}],"about":[{"href":"http:\/\/recover.lajunglebijoux.com\/es\/wp-json\/wp\/v2\/types\/product"}],"replies":[{"embeddable":true,"href":"http:\/\/recover.lajunglebijoux.com\/es\/wp-json\/wp\/v2\/comments?post=8855"}],"wp:featuredmedia":[{"embeddable":true,"href":"http:\/\/recover.lajunglebijoux.com\/es\/wp-json\/wp\/v2\/media\/2642"}],"wp:attachment":[{"href":"http:\/\/recover.lajunglebijoux.com\/es\/wp-json\/wp\/v2\/media?parent=8855"}],"wp:term":[{"taxonomy":"product_cat","embeddable":true,"href":"http:\/\/recover.lajunglebijoux.com\/es\/wp-json\/wp\/v2\/product_cat?post=8855"},{"taxonomy":"product_tag","embeddable":true,"href":"http:\/\/recover.lajunglebijoux.com\/es\/wp-json\/wp\/v2\/product_tag?post=8855"}],"curies":[{"name":"wp","href":"https:\/\/api.w.org\/{rel}","templated":true}]}}