{"id":8850,"date":"2022-12-07T12:32:02","date_gmt":"2022-12-07T10:32:02","guid":{"rendered":"https:\/\/recover.lajunglebijoux.com\/product\/bracelet-unisexe-or\/"},"modified":"2023-05-26T10:31:05","modified_gmt":"2023-05-26T10:31:05","slug":"bracelet-unisexe-or","status":"publish","type":"product","link":"http:\/\/recover.lajunglebijoux.com\/es\/producto\/bracelet-unisexe-or\/","title":{"rendered":"Pulsera de oro unisex"},"content":{"rendered":"<h2>Unas palabras de Jen, dise\u00f1adora de La Jungle Bijoux<\/h2>\n<p>Esta pulsera unisex fue una de las primeras joyas que dise\u00f1\u00e9. Es una joya f\u00e1cil de llevar tanto para hombres como para mujeres. Es una joya f\u00e1cil de llevar a diario y se puede combinar con otras joyas. Sin embargo, he trabajado el juego de texturas y el efecto cepillado en varias direcciones, para dar a la joya car\u00e1cter y un aspecto estructurado y contrastado. Es una de las t\u00e9cnicas que me caracterizan. Le da un efecto artesanal \u00fanico, \u00a1y adem\u00e1s permite que el junco capte mejor la luz para que la refleje mejor!<\/p>\n<p>Aunque La Jungle tiene casi 6 a\u00f1os, es muy importante para m\u00ed seguir ofreciendo esta pulsera de junco, porque es gracias a toda una serie de joyas con textura cepillada que he podido darme cuenta de que mis joyas gustan. Eso me dio el impulso necesario para tomarme en serio la fabricaci\u00f3n de joyas artesanales.<\/p>\n<h2>C\u00f3mo llevar la pulsera brazalete minimalista<\/h2>\n<p>La pulsera brazalete es la joya minimalista por excelencia. La imagin\u00e9 como una pulsera f\u00e1cil de llevar y adaptable a todas las formas del cuerpo, por lo que no puede faltar en ning\u00fan joyero.<\/p>\n<p>La banda de oro unisex puede llevarse sola para a\u00f1adir un poco de brillo a un look minimalista. Tambi\u00e9n se puede llevar como acumulaci\u00f3n para a\u00f1adir un poco de luz entre otras joyas. Este anillo es perfecto tanto para hombres como para mujeres.<\/p>\n","protected":false},"excerpt":{"rendered":"<p>La pulsera \u00abTextura cepillada\u00bb es una pulsera mixta y minimalista que gustar\u00e1 a todo el mundo. Esta pulsera ajustable se adapta a todos los tama\u00f1os de mu\u00f1eca, y realzar\u00e1 tanto los looks m\u00e1s minimalistas como los m\u00e1s extravagantes. \u00a1Es la joya multiusos de nuestra colecci\u00f3n!<\/p>\n<p>La textura trabajada de la banda a\u00f1ade brillo y destellos para un estilo \u00fanico.<\/p>\n<p>Disponible en :<\/p>\n<p>Oro fino de 18 quilates de alta resistencia (1 micra) sobre base de lat\u00f3n;<br \/>\nChapado en oro de 18 quilates de muy alta resistencia (3 micras) sobre una base de lat\u00f3n;<br \/>\nLat\u00f3n sin tratar (puede oxidarse seg\u00fan el pH de la piel).<br \/>\nEsta joya se fabrica artesanalmente en Barcelona. La fina banda chapada en oro se fabrica por encargo (aproximadamente 15 d\u00edas antes del env\u00edo).<\/p>\n<p>&nbsp;<\/p>\n","protected":false},"featured_media":3889,"comment_status":"open","ping_status":"closed","template":"","meta":{"_acf_changed":false},"product_cat":[16],"product_tag":[],"class_list":{"0":"post-8850","1":"product","2":"type-product","3":"status-publish","4":"has-post-thumbnail","6":"product_cat-uncategorized","7":"pa_modele-pulseras","8":"pa_modele-joyas-martilladas","9":"pa_modele-joyas-hombres","10":"pa_theme-joyas-finas","11":"pa_theme-joyas-geometricas","13":"first","14":"instock","15":"shipping-taxable","16":"purchasable","17":"product-type-variable"},"acf":[],"yoast_head":"<!-- This site is optimized with the Yoast SEO plugin v23.3 - https:\/\/yoast.com\/wordpress\/plugins\/seo\/ -->\n<title>Pulsera de oro unisex - La Jungle Bijoux<\/title>\n<meta name=\"description\" content=\"Adopte un look \u00fanico con la pulsera brazalete unisex. Hecha a mano en oro cepillado, \u00a1se adapta a todas las mu\u00f1ecas y estilos!\" \/>\n<meta name=\"robots\" content=\"index, follow, max-snippet:-1, max-image-preview:large, max-video-preview:-1\" \/>\n<link rel=\"canonical\" href=\"http:\/\/recover.lajunglebijoux.com\/es\/producto\/bracelet-unisexe-or\/\" \/>\n<meta property=\"og:locale\" content=\"es_ES\" \/>\n<meta property=\"og:type\" content=\"article\" \/>\n<meta property=\"og:title\" content=\"Pulsera de oro unisex - La Jungle Bijoux\" \/>\n<meta property=\"og:description\" content=\"Adopte un look \u00fanico con la pulsera brazalete unisex. Hecha a mano en oro cepillado, \u00a1se adapta a todas las mu\u00f1ecas y estilos!\" \/>\n<meta property=\"og:url\" content=\"http:\/\/recover.lajunglebijoux.com\/es\/producto\/bracelet-unisexe-or\/\" \/>\n<meta property=\"og:site_name\" content=\"La Jungle Bijoux\" \/>\n<meta property=\"article:modified_time\" content=\"2023-05-26T10:31:05+00:00\" \/>\n<meta property=\"og:image\" content=\"http:\/\/recover.lajunglebijoux.com\/wp-content\/uploads\/2022\/12\/IMG_6782-scaled.jpg\" \/>\n\t<meta property=\"og:image:width\" content=\"2560\" \/>\n\t<meta property=\"og:image:height\" content=\"1709\" \/>\n\t<meta property=\"og:image:type\" content=\"image\/jpeg\" \/>\n<meta name=\"twitter:card\" content=\"summary_large_image\" \/>\n<meta name=\"twitter:label1\" content=\"Tiempo de lectura\" \/>\n\t<meta name=\"twitter:data1\" content=\"2 minutos\" \/>\n<script type=\"application\/ld+json\" class=\"yoast-schema-graph\">{\"@context\":\"https:\/\/schema.org\",\"@graph\":[{\"@type\":\"WebPage\",\"@id\":\"http:\/\/recover.lajunglebijoux.com\/es\/producto\/bracelet-unisexe-or\/\",\"url\":\"http:\/\/recover.lajunglebijoux.com\/es\/producto\/bracelet-unisexe-or\/\",\"name\":\"Pulsera de oro unisex - La Jungle Bijoux\",\"isPartOf\":{\"@id\":\"https:\/\/recover.lajunglebijoux.com\/es\/#website\"},\"primaryImageOfPage\":{\"@id\":\"http:\/\/recover.lajunglebijoux.com\/es\/producto\/bracelet-unisexe-or\/#primaryimage\"},\"image\":{\"@id\":\"http:\/\/recover.lajunglebijoux.com\/es\/producto\/bracelet-unisexe-or\/#primaryimage\"},\"thumbnailUrl\":\"http:\/\/recover.lajunglebijoux.com\/wp-content\/uploads\/2022\/12\/IMG_6782-scaled.jpg\",\"datePublished\":\"2022-12-07T10:32:02+00:00\",\"dateModified\":\"2023-05-26T10:31:05+00:00\",\"description\":\"Adopte un look \u00fanico con la pulsera brazalete unisex. Hecha a mano en oro cepillado, \u00a1se adapta a todas las mu\u00f1ecas y estilos!\",\"breadcrumb\":{\"@id\":\"http:\/\/recover.lajunglebijoux.com\/es\/producto\/bracelet-unisexe-or\/#breadcrumb\"},\"inLanguage\":\"es\",\"potentialAction\":[{\"@type\":\"ReadAction\",\"target\":[\"http:\/\/recover.lajunglebijoux.com\/es\/producto\/bracelet-unisexe-or\/\"]}]},{\"@type\":\"ImageObject\",\"inLanguage\":\"es\",\"@id\":\"http:\/\/recover.lajunglebijoux.com\/es\/producto\/bracelet-unisexe-or\/#primaryimage\",\"url\":\"http:\/\/recover.lajunglebijoux.com\/wp-content\/uploads\/2022\/12\/IMG_6782-scaled.jpg\",\"contentUrl\":\"http:\/\/recover.lajunglebijoux.com\/wp-content\/uploads\/2022\/12\/IMG_6782-scaled.jpg\",\"width\":2560,\"height\":1709,\"caption\":\"bracelet unisexe or\"},{\"@type\":\"BreadcrumbList\",\"@id\":\"http:\/\/recover.lajunglebijoux.com\/es\/producto\/bracelet-unisexe-or\/#breadcrumb\",\"itemListElement\":[{\"@type\":\"ListItem\",\"position\":1,\"name\":\"Portada\",\"item\":\"https:\/\/recover.lajunglebijoux.com\/es\/\"},{\"@type\":\"ListItem\",\"position\":2,\"name\":\"Tienda\",\"item\":\"https:\/\/recover.lajunglebijoux.com\/es\/tienda\/\"},{\"@type\":\"ListItem\",\"position\":3,\"name\":\"Pulsera de oro unisex\"}]},{\"@type\":\"WebSite\",\"@id\":\"https:\/\/recover.lajunglebijoux.com\/es\/#website\",\"url\":\"https:\/\/recover.lajunglebijoux.com\/es\/\",\"name\":\"La Jungle Bijoux\",\"description\":\"\",\"publisher\":{\"@id\":\"https:\/\/recover.lajunglebijoux.com\/es\/#organization\"},\"potentialAction\":[{\"@type\":\"SearchAction\",\"target\":{\"@type\":\"EntryPoint\",\"urlTemplate\":\"https:\/\/recover.lajunglebijoux.com\/es\/?s={search_term_string}\"},\"query-input\":\"required name=search_term_string\"}],\"inLanguage\":\"es\"},{\"@type\":\"Organization\",\"@id\":\"https:\/\/recover.lajunglebijoux.com\/es\/#organization\",\"name\":\"La Jungle Bijoux\",\"url\":\"https:\/\/recover.lajunglebijoux.com\/es\/\",\"logo\":{\"@type\":\"ImageObject\",\"inLanguage\":\"es\",\"@id\":\"https:\/\/recover.lajunglebijoux.com\/es\/#\/schema\/logo\/image\/\",\"url\":\"http:\/\/recover.lajunglebijoux.com\/wp-content\/uploads\/2023\/01\/LOGO-FINAL-Fonce.jpg\",\"contentUrl\":\"http:\/\/recover.lajunglebijoux.com\/wp-content\/uploads\/2023\/01\/LOGO-FINAL-Fonce.jpg\",\"width\":900,\"height\":900,\"caption\":\"La Jungle Bijoux\"},\"image\":{\"@id\":\"https:\/\/recover.lajunglebijoux.com\/es\/#\/schema\/logo\/image\/\"}}]}<\/script>\n<!-- \/ Yoast SEO plugin. -->","yoast_head_json":{"title":"Pulsera de oro unisex - La Jungle Bijoux","description":"Adopte un look \u00fanico con la pulsera brazalete unisex. Hecha a mano en oro cepillado, \u00a1se adapta a todas las mu\u00f1ecas y estilos!","robots":{"index":"index","follow":"follow","max-snippet":"max-snippet:-1","max-image-preview":"max-image-preview:large","max-video-preview":"max-video-preview:-1"},"canonical":"http:\/\/recover.lajunglebijoux.com\/es\/producto\/bracelet-unisexe-or\/","og_locale":"es_ES","og_type":"article","og_title":"Pulsera de oro unisex - La Jungle Bijoux","og_description":"Adopte un look \u00fanico con la pulsera brazalete unisex. Hecha a mano en oro cepillado, \u00a1se adapta a todas las mu\u00f1ecas y estilos!","og_url":"http:\/\/recover.lajunglebijoux.com\/es\/producto\/bracelet-unisexe-or\/","og_site_name":"La Jungle Bijoux","article_modified_time":"2023-05-26T10:31:05+00:00","og_image":[{"width":2560,"height":1709,"url":"http:\/\/recover.lajunglebijoux.com\/wp-content\/uploads\/2022\/12\/IMG_6782-scaled.jpg","type":"image\/jpeg"}],"twitter_card":"summary_large_image","twitter_misc":{"Tiempo de lectura":"2 minutos"},"schema":{"@context":"https:\/\/schema.org","@graph":[{"@type":"WebPage","@id":"http:\/\/recover.lajunglebijoux.com\/es\/producto\/bracelet-unisexe-or\/","url":"http:\/\/recover.lajunglebijoux.com\/es\/producto\/bracelet-unisexe-or\/","name":"Pulsera de oro unisex - La Jungle Bijoux","isPartOf":{"@id":"https:\/\/recover.lajunglebijoux.com\/es\/#website"},"primaryImageOfPage":{"@id":"http:\/\/recover.lajunglebijoux.com\/es\/producto\/bracelet-unisexe-or\/#primaryimage"},"image":{"@id":"http:\/\/recover.lajunglebijoux.com\/es\/producto\/bracelet-unisexe-or\/#primaryimage"},"thumbnailUrl":"http:\/\/recover.lajunglebijoux.com\/wp-content\/uploads\/2022\/12\/IMG_6782-scaled.jpg","datePublished":"2022-12-07T10:32:02+00:00","dateModified":"2023-05-26T10:31:05+00:00","description":"Adopte un look \u00fanico con la pulsera brazalete unisex. Hecha a mano en oro cepillado, \u00a1se adapta a todas las mu\u00f1ecas y estilos!","breadcrumb":{"@id":"http:\/\/recover.lajunglebijoux.com\/es\/producto\/bracelet-unisexe-or\/#breadcrumb"},"inLanguage":"es","potentialAction":[{"@type":"ReadAction","target":["http:\/\/recover.lajunglebijoux.com\/es\/producto\/bracelet-unisexe-or\/"]}]},{"@type":"ImageObject","inLanguage":"es","@id":"http:\/\/recover.lajunglebijoux.com\/es\/producto\/bracelet-unisexe-or\/#primaryimage","url":"http:\/\/recover.lajunglebijoux.com\/wp-content\/uploads\/2022\/12\/IMG_6782-scaled.jpg","contentUrl":"http:\/\/recover.lajunglebijoux.com\/wp-content\/uploads\/2022\/12\/IMG_6782-scaled.jpg","width":2560,"height":1709,"caption":"bracelet unisexe or"},{"@type":"BreadcrumbList","@id":"http:\/\/recover.lajunglebijoux.com\/es\/producto\/bracelet-unisexe-or\/#breadcrumb","itemListElement":[{"@type":"ListItem","position":1,"name":"Portada","item":"https:\/\/recover.lajunglebijoux.com\/es\/"},{"@type":"ListItem","position":2,"name":"Tienda","item":"https:\/\/recover.lajunglebijoux.com\/es\/tienda\/"},{"@type":"ListItem","position":3,"name":"Pulsera de oro unisex"}]},{"@type":"WebSite","@id":"https:\/\/recover.lajunglebijoux.com\/es\/#website","url":"https:\/\/recover.lajunglebijoux.com\/es\/","name":"La Jungle Bijoux","description":"","publisher":{"@id":"https:\/\/recover.lajunglebijoux.com\/es\/#organization"},"potentialAction":[{"@type":"SearchAction","target":{"@type":"EntryPoint","urlTemplate":"https:\/\/recover.lajunglebijoux.com\/es\/?s={search_term_string}"},"query-input":"required name=search_term_string"}],"inLanguage":"es"},{"@type":"Organization","@id":"https:\/\/recover.lajunglebijoux.com\/es\/#organization","name":"La Jungle Bijoux","url":"https:\/\/recover.lajunglebijoux.com\/es\/","logo":{"@type":"ImageObject","inLanguage":"es","@id":"https:\/\/recover.lajunglebijoux.com\/es\/#\/schema\/logo\/image\/","url":"http:\/\/recover.lajunglebijoux.com\/wp-content\/uploads\/2023\/01\/LOGO-FINAL-Fonce.jpg","contentUrl":"http:\/\/recover.lajunglebijoux.com\/wp-content\/uploads\/2023\/01\/LOGO-FINAL-Fonce.jpg","width":900,"height":900,"caption":"La Jungle Bijoux"},"image":{"@id":"https:\/\/recover.lajunglebijoux.com\/es\/#\/schema\/logo\/image\/"}}]}},"_links":{"self":[{"href":"http:\/\/recover.lajunglebijoux.com\/es\/wp-json\/wp\/v2\/product\/8850","targetHints":{"allow":["GET"]}}],"collection":[{"href":"http:\/\/recover.lajunglebijoux.com\/es\/wp-json\/wp\/v2\/product"}],"about":[{"href":"http:\/\/recover.lajunglebijoux.com\/es\/wp-json\/wp\/v2\/types\/product"}],"replies":[{"embeddable":true,"href":"http:\/\/recover.lajunglebijoux.com\/es\/wp-json\/wp\/v2\/comments?post=8850"}],"wp:featuredmedia":[{"embeddable":true,"href":"http:\/\/recover.lajunglebijoux.com\/es\/wp-json\/wp\/v2\/media\/3889"}],"wp:attachment":[{"href":"http:\/\/recover.lajunglebijoux.com\/es\/wp-json\/wp\/v2\/media?parent=8850"}],"wp:term":[{"taxonomy":"product_cat","embeddable":true,"href":"http:\/\/recover.lajunglebijoux.com\/es\/wp-json\/wp\/v2\/product_cat?post=8850"},{"taxonomy":"product_tag","embeddable":true,"href":"http:\/\/recover.lajunglebijoux.com\/es\/wp-json\/wp\/v2\/product_tag?post=8850"}],"curies":[{"name":"wp","href":"https:\/\/api.w.org\/{rel}","templated":true}]}}