{"id":8837,"date":"2023-02-06T11:32:56","date_gmt":"2023-02-06T09:32:56","guid":{"rendered":"https:\/\/recover.lajunglebijoux.com\/product\/brush-bracelet-jonc-dore\/"},"modified":"2023-05-26T10:17:14","modified_gmt":"2023-05-26T10:17:14","slug":"brush-bracelet-jonc-dore","status":"publish","type":"product","link":"http:\/\/recover.lajunglebijoux.com\/es\/producto\/brush-bracelet-jonc-dore\/","title":{"rendered":"BRUSH &#8211; Sobrio bisel de oro cepillado"},"content":{"rendered":"","protected":false},"excerpt":{"rendered":"<p>Sencilla banda de anchura media y textura cepillada.<\/p>\n<p>Oro fino de 18 quilates de alta resistencia sobre base de lat\u00f3n.<\/p>\n<p>Tama\u00f1o ajustable gracias a la flexibilidad del material.<\/p>\n<p>Puede llevarse combinada con otras pulseras o sola en la mu\u00f1eca.<\/p>\n","protected":false},"featured_media":5723,"comment_status":"open","ping_status":"closed","template":"","meta":{"_acf_changed":false},"product_cat":[141],"product_tag":[],"class_list":{"0":"post-8837","1":"product","2":"type-product","3":"status-publish","4":"has-post-thumbnail","6":"product_cat-vitamin-summer-vibes-es","7":"pa_modele-pulseras","8":"pa_modele-joyas-martilladas","9":"pa_modele-joyas-hombres","10":"pa_theme-joyas-finas","12":"first","13":"instock","14":"sale","15":"shipping-taxable","16":"purchasable","17":"product-type-simple"},"acf":[],"yoast_head":"<!-- This site is optimized with the Yoast SEO plugin v23.3 - https:\/\/yoast.com\/wordpress\/plugins\/seo\/ -->\n<title>BRUSH - Sobrio bisel de oro cepillado - La Jungle Bijoux<\/title>\n<meta name=\"robots\" content=\"index, follow, max-snippet:-1, max-image-preview:large, max-video-preview:-1\" \/>\n<link rel=\"canonical\" href=\"http:\/\/recover.lajunglebijoux.com\/es\/producto\/brush-bracelet-jonc-dore\/\" \/>\n<meta property=\"og:locale\" content=\"es_ES\" \/>\n<meta property=\"og:type\" content=\"article\" \/>\n<meta property=\"og:title\" content=\"BRUSH - Sobrio bisel de oro cepillado - La Jungle Bijoux\" \/>\n<meta property=\"og:description\" content=\"Sencilla banda de anchura media y textura cepillada.  Oro fino de 18 quilates de alta resistencia sobre base de lat\u00f3n.  Tama\u00f1o ajustable gracias a la flexibilidad del material.  Puede llevarse combinada con otras pulseras o sola en la mu\u00f1eca.\" \/>\n<meta property=\"og:url\" content=\"http:\/\/recover.lajunglebijoux.com\/es\/producto\/brush-bracelet-jonc-dore\/\" \/>\n<meta property=\"og:site_name\" content=\"La Jungle Bijoux\" \/>\n<meta property=\"article:modified_time\" content=\"2023-05-26T10:17:14+00:00\" \/>\n<meta property=\"og:image\" content=\"http:\/\/recover.lajunglebijoux.com\/wp-content\/uploads\/2023\/02\/manchette-BRACELET-JONC-or-brosse-made-in-france-fait-main-creatrice-francaise.jpg\" \/>\n\t<meta property=\"og:image:width\" content=\"530\" \/>\n\t<meta property=\"og:image:height\" content=\"620\" \/>\n\t<meta property=\"og:image:type\" content=\"image\/jpeg\" \/>\n<meta name=\"twitter:card\" content=\"summary_large_image\" \/>\n<script type=\"application\/ld+json\" class=\"yoast-schema-graph\">{\"@context\":\"https:\/\/schema.org\",\"@graph\":[{\"@type\":\"WebPage\",\"@id\":\"http:\/\/recover.lajunglebijoux.com\/es\/producto\/brush-bracelet-jonc-dore\/\",\"url\":\"http:\/\/recover.lajunglebijoux.com\/es\/producto\/brush-bracelet-jonc-dore\/\",\"name\":\"BRUSH - Sobrio bisel de oro cepillado - La Jungle Bijoux\",\"isPartOf\":{\"@id\":\"https:\/\/recover.lajunglebijoux.com\/es\/#website\"},\"primaryImageOfPage\":{\"@id\":\"http:\/\/recover.lajunglebijoux.com\/es\/producto\/brush-bracelet-jonc-dore\/#primaryimage\"},\"image\":{\"@id\":\"http:\/\/recover.lajunglebijoux.com\/es\/producto\/brush-bracelet-jonc-dore\/#primaryimage\"},\"thumbnailUrl\":\"http:\/\/recover.lajunglebijoux.com\/wp-content\/uploads\/2023\/02\/manchette-BRACELET-JONC-or-brosse-made-in-france-fait-main-creatrice-francaise.jpg\",\"datePublished\":\"2023-02-06T09:32:56+00:00\",\"dateModified\":\"2023-05-26T10:17:14+00:00\",\"breadcrumb\":{\"@id\":\"http:\/\/recover.lajunglebijoux.com\/es\/producto\/brush-bracelet-jonc-dore\/#breadcrumb\"},\"inLanguage\":\"es\",\"potentialAction\":[{\"@type\":\"ReadAction\",\"target\":[\"http:\/\/recover.lajunglebijoux.com\/es\/producto\/brush-bracelet-jonc-dore\/\"]}]},{\"@type\":\"ImageObject\",\"inLanguage\":\"es\",\"@id\":\"http:\/\/recover.lajunglebijoux.com\/es\/producto\/brush-bracelet-jonc-dore\/#primaryimage\",\"url\":\"http:\/\/recover.lajunglebijoux.com\/wp-content\/uploads\/2023\/02\/manchette-BRACELET-JONC-or-brosse-made-in-france-fait-main-creatrice-francaise.jpg\",\"contentUrl\":\"http:\/\/recover.lajunglebijoux.com\/wp-content\/uploads\/2023\/02\/manchette-BRACELET-JONC-or-brosse-made-in-france-fait-main-creatrice-francaise.jpg\",\"width\":530,\"height\":620,\"caption\":\"bracelet jonc dor\u00e9\"},{\"@type\":\"BreadcrumbList\",\"@id\":\"http:\/\/recover.lajunglebijoux.com\/es\/producto\/brush-bracelet-jonc-dore\/#breadcrumb\",\"itemListElement\":[{\"@type\":\"ListItem\",\"position\":1,\"name\":\"Portada\",\"item\":\"https:\/\/recover.lajunglebijoux.com\/es\/\"},{\"@type\":\"ListItem\",\"position\":2,\"name\":\"Tienda\",\"item\":\"https:\/\/recover.lajunglebijoux.com\/es\/tienda\/\"},{\"@type\":\"ListItem\",\"position\":3,\"name\":\"BRUSH &#8211; Sobrio bisel de oro cepillado\"}]},{\"@type\":\"WebSite\",\"@id\":\"https:\/\/recover.lajunglebijoux.com\/es\/#website\",\"url\":\"https:\/\/recover.lajunglebijoux.com\/es\/\",\"name\":\"La Jungle Bijoux\",\"description\":\"\",\"publisher\":{\"@id\":\"https:\/\/recover.lajunglebijoux.com\/es\/#organization\"},\"potentialAction\":[{\"@type\":\"SearchAction\",\"target\":{\"@type\":\"EntryPoint\",\"urlTemplate\":\"https:\/\/recover.lajunglebijoux.com\/es\/?s={search_term_string}\"},\"query-input\":\"required name=search_term_string\"}],\"inLanguage\":\"es\"},{\"@type\":\"Organization\",\"@id\":\"https:\/\/recover.lajunglebijoux.com\/es\/#organization\",\"name\":\"La Jungle Bijoux\",\"url\":\"https:\/\/recover.lajunglebijoux.com\/es\/\",\"logo\":{\"@type\":\"ImageObject\",\"inLanguage\":\"es\",\"@id\":\"https:\/\/recover.lajunglebijoux.com\/es\/#\/schema\/logo\/image\/\",\"url\":\"http:\/\/recover.lajunglebijoux.com\/wp-content\/uploads\/2023\/01\/LOGO-FINAL-Fonce.jpg\",\"contentUrl\":\"http:\/\/recover.lajunglebijoux.com\/wp-content\/uploads\/2023\/01\/LOGO-FINAL-Fonce.jpg\",\"width\":900,\"height\":900,\"caption\":\"La Jungle Bijoux\"},\"image\":{\"@id\":\"https:\/\/recover.lajunglebijoux.com\/es\/#\/schema\/logo\/image\/\"}}]}<\/script>\n<!-- \/ Yoast SEO plugin. -->","yoast_head_json":{"title":"BRUSH - Sobrio bisel de oro cepillado - La Jungle Bijoux","robots":{"index":"index","follow":"follow","max-snippet":"max-snippet:-1","max-image-preview":"max-image-preview:large","max-video-preview":"max-video-preview:-1"},"canonical":"http:\/\/recover.lajunglebijoux.com\/es\/producto\/brush-bracelet-jonc-dore\/","og_locale":"es_ES","og_type":"article","og_title":"BRUSH - Sobrio bisel de oro cepillado - La Jungle Bijoux","og_description":"Sencilla banda de anchura media y textura cepillada.  Oro fino de 18 quilates de alta resistencia sobre base de lat\u00f3n.  Tama\u00f1o ajustable gracias a la flexibilidad del material.  Puede llevarse combinada con otras pulseras o sola en la mu\u00f1eca.","og_url":"http:\/\/recover.lajunglebijoux.com\/es\/producto\/brush-bracelet-jonc-dore\/","og_site_name":"La Jungle Bijoux","article_modified_time":"2023-05-26T10:17:14+00:00","og_image":[{"width":530,"height":620,"url":"http:\/\/recover.lajunglebijoux.com\/wp-content\/uploads\/2023\/02\/manchette-BRACELET-JONC-or-brosse-made-in-france-fait-main-creatrice-francaise.jpg","type":"image\/jpeg"}],"twitter_card":"summary_large_image","schema":{"@context":"https:\/\/schema.org","@graph":[{"@type":"WebPage","@id":"http:\/\/recover.lajunglebijoux.com\/es\/producto\/brush-bracelet-jonc-dore\/","url":"http:\/\/recover.lajunglebijoux.com\/es\/producto\/brush-bracelet-jonc-dore\/","name":"BRUSH - Sobrio bisel de oro cepillado - La Jungle Bijoux","isPartOf":{"@id":"https:\/\/recover.lajunglebijoux.com\/es\/#website"},"primaryImageOfPage":{"@id":"http:\/\/recover.lajunglebijoux.com\/es\/producto\/brush-bracelet-jonc-dore\/#primaryimage"},"image":{"@id":"http:\/\/recover.lajunglebijoux.com\/es\/producto\/brush-bracelet-jonc-dore\/#primaryimage"},"thumbnailUrl":"http:\/\/recover.lajunglebijoux.com\/wp-content\/uploads\/2023\/02\/manchette-BRACELET-JONC-or-brosse-made-in-france-fait-main-creatrice-francaise.jpg","datePublished":"2023-02-06T09:32:56+00:00","dateModified":"2023-05-26T10:17:14+00:00","breadcrumb":{"@id":"http:\/\/recover.lajunglebijoux.com\/es\/producto\/brush-bracelet-jonc-dore\/#breadcrumb"},"inLanguage":"es","potentialAction":[{"@type":"ReadAction","target":["http:\/\/recover.lajunglebijoux.com\/es\/producto\/brush-bracelet-jonc-dore\/"]}]},{"@type":"ImageObject","inLanguage":"es","@id":"http:\/\/recover.lajunglebijoux.com\/es\/producto\/brush-bracelet-jonc-dore\/#primaryimage","url":"http:\/\/recover.lajunglebijoux.com\/wp-content\/uploads\/2023\/02\/manchette-BRACELET-JONC-or-brosse-made-in-france-fait-main-creatrice-francaise.jpg","contentUrl":"http:\/\/recover.lajunglebijoux.com\/wp-content\/uploads\/2023\/02\/manchette-BRACELET-JONC-or-brosse-made-in-france-fait-main-creatrice-francaise.jpg","width":530,"height":620,"caption":"bracelet jonc dor\u00e9"},{"@type":"BreadcrumbList","@id":"http:\/\/recover.lajunglebijoux.com\/es\/producto\/brush-bracelet-jonc-dore\/#breadcrumb","itemListElement":[{"@type":"ListItem","position":1,"name":"Portada","item":"https:\/\/recover.lajunglebijoux.com\/es\/"},{"@type":"ListItem","position":2,"name":"Tienda","item":"https:\/\/recover.lajunglebijoux.com\/es\/tienda\/"},{"@type":"ListItem","position":3,"name":"BRUSH &#8211; Sobrio bisel de oro cepillado"}]},{"@type":"WebSite","@id":"https:\/\/recover.lajunglebijoux.com\/es\/#website","url":"https:\/\/recover.lajunglebijoux.com\/es\/","name":"La Jungle Bijoux","description":"","publisher":{"@id":"https:\/\/recover.lajunglebijoux.com\/es\/#organization"},"potentialAction":[{"@type":"SearchAction","target":{"@type":"EntryPoint","urlTemplate":"https:\/\/recover.lajunglebijoux.com\/es\/?s={search_term_string}"},"query-input":"required name=search_term_string"}],"inLanguage":"es"},{"@type":"Organization","@id":"https:\/\/recover.lajunglebijoux.com\/es\/#organization","name":"La Jungle Bijoux","url":"https:\/\/recover.lajunglebijoux.com\/es\/","logo":{"@type":"ImageObject","inLanguage":"es","@id":"https:\/\/recover.lajunglebijoux.com\/es\/#\/schema\/logo\/image\/","url":"http:\/\/recover.lajunglebijoux.com\/wp-content\/uploads\/2023\/01\/LOGO-FINAL-Fonce.jpg","contentUrl":"http:\/\/recover.lajunglebijoux.com\/wp-content\/uploads\/2023\/01\/LOGO-FINAL-Fonce.jpg","width":900,"height":900,"caption":"La Jungle Bijoux"},"image":{"@id":"https:\/\/recover.lajunglebijoux.com\/es\/#\/schema\/logo\/image\/"}}]}},"_links":{"self":[{"href":"http:\/\/recover.lajunglebijoux.com\/es\/wp-json\/wp\/v2\/product\/8837","targetHints":{"allow":["GET"]}}],"collection":[{"href":"http:\/\/recover.lajunglebijoux.com\/es\/wp-json\/wp\/v2\/product"}],"about":[{"href":"http:\/\/recover.lajunglebijoux.com\/es\/wp-json\/wp\/v2\/types\/product"}],"replies":[{"embeddable":true,"href":"http:\/\/recover.lajunglebijoux.com\/es\/wp-json\/wp\/v2\/comments?post=8837"}],"wp:featuredmedia":[{"embeddable":true,"href":"http:\/\/recover.lajunglebijoux.com\/es\/wp-json\/wp\/v2\/media\/5723"}],"wp:attachment":[{"href":"http:\/\/recover.lajunglebijoux.com\/es\/wp-json\/wp\/v2\/media?parent=8837"}],"wp:term":[{"taxonomy":"product_cat","embeddable":true,"href":"http:\/\/recover.lajunglebijoux.com\/es\/wp-json\/wp\/v2\/product_cat?post=8837"},{"taxonomy":"product_tag","embeddable":true,"href":"http:\/\/recover.lajunglebijoux.com\/es\/wp-json\/wp\/v2\/product_tag?post=8837"}],"curies":[{"name":"wp","href":"https:\/\/api.w.org\/{rel}","templated":true}]}}