{"id":8831,"date":"2022-06-14T11:15:37","date_gmt":"2022-06-14T09:15:37","guid":{"rendered":"https:\/\/recover.lajunglebijoux.com\/product\/collier-ras-du-cou\/"},"modified":"2023-05-26T10:13:03","modified_gmt":"2023-05-26T10:13:03","slug":"collier-ras-du-cou","status":"publish","type":"product","link":"http:\/\/recover.lajunglebijoux.com\/es\/producto\/collier-ras-du-cou\/","title":{"rendered":"Collar gargantilla Esmeralda de oro o plata"},"content":{"rendered":"<h2>Unas palabras de Jen, dise\u00f1adora de La Jungle Bijoux<\/h2>\n<p>Para el collar gargantilla Esmeralda, me inspir\u00e9 en Oriente, y m\u00e1s concretamente en las bailarinas de la danza del vientre. Cuando bailan, siempre se atan a la cintura un pa\u00f1uelo con peque\u00f1as borlas para que cada uno de sus movimientos vaya acompa\u00f1ado de un sonido. Encontrar\u00e1 estos mismos colgantes en el collar Esmeralda. Para m\u00ed, esta joya es la encarnaci\u00f3n de la mujer seductora y responsable de s\u00ed misma.<\/p>\n<h2>C\u00f3mo llevar la gargantilla Esmeralda en oro o plata<\/h2>\n<p>Puedes llevar la gargantilla Esmeralda sola con un escote bajo para lucirla y dar un toque de luz a tu conjunto. Por sencilla que sea, esta gargantilla siempre llama la atenci\u00f3n. La joya tambi\u00e9n quedar\u00e1 genial llevada sobre un top de cuello alto o de cuello alto. Su forma de gargantilla hace que el collar Esmeralda sea muy f\u00e1cil de llevar como acumulaci\u00f3n. Haz una declaraci\u00f3n de estilo combin\u00e1ndolo con otras piezas de la colecci\u00f3n Little Shapes of Memories, como el collar de hojas de longitud media.<\/p>\n","protected":false},"excerpt":{"rendered":"<p>\u00a1Despierta tu bohemia interior con el collar gargantilla Esmeralda! Puedes elegir entre dorado o plateado para combinar con tu atuendo. Este collar de inspiraci\u00f3n oriental animar\u00e1 tu look.<\/p>\n<p>Ensamblado a mano en el taller La Jungle de Barcelona, ha sido dise\u00f1ado para ser de alta calidad y duradero. La versi\u00f3n dorada del collar est\u00e1 ba\u00f1ada en oro fino de 1 micra. El collar de plata, por su parte, ha sido dise\u00f1ado con rodio sobre una base de lat\u00f3n para ser m\u00e1s resistente que la plata en forma de ba\u00f1o. Y con la gargantilla Esmeralda no hay de qu\u00e9 preocuparse, porque es ajustable y se adapta a todas las formas del cuerpo.<\/p>\n<p>Es el regalo ideal para regalar o para regalarse a uno mismo, \u00a1para que cualquier look sea \u00fanico!<\/p>\n<p>&nbsp;<\/p>\n","protected":false},"featured_media":808,"comment_status":"open","ping_status":"closed","template":"","meta":{"_acf_changed":false},"product_cat":[140],"product_tag":[],"class_list":{"0":"post-8831","1":"product","2":"type-product","3":"status-publish","4":"has-post-thumbnail","6":"product_cat-little-shape-of-memories-es","7":"pa_modele-collares","8":"pa_modele-collares-gargantillas","9":"pa_modele-joyas-plata","10":"pa_theme-joyas-finas","12":"first","13":"instock","14":"shipping-taxable","15":"purchasable","16":"product-type-variable"},"acf":[],"yoast_head":"<!-- This site is optimized with the Yoast SEO plugin v23.3 - https:\/\/yoast.com\/wordpress\/plugins\/seo\/ -->\n<title>Collar gargantilla Esmeralda de oro o plata - La Jungle Bijoux<\/title>\n<meta name=\"description\" content=\"Revela la bohemia que llevas dentro con esta gargantilla Esmeralda de inspiraci\u00f3n oriental. Disponible en oro o plata. Montada a mano.\" \/>\n<meta name=\"robots\" content=\"index, follow, max-snippet:-1, max-image-preview:large, max-video-preview:-1\" \/>\n<link rel=\"canonical\" href=\"http:\/\/recover.lajunglebijoux.com\/es\/producto\/collier-ras-du-cou\/\" \/>\n<meta property=\"og:locale\" content=\"es_ES\" \/>\n<meta property=\"og:type\" content=\"article\" \/>\n<meta property=\"og:title\" content=\"Collar gargantilla Esmeralda de oro o plata - La Jungle Bijoux\" \/>\n<meta property=\"og:description\" content=\"Revela la bohemia que llevas dentro con esta gargantilla Esmeralda de inspiraci\u00f3n oriental. Disponible en oro o plata. Montada a mano.\" \/>\n<meta property=\"og:url\" content=\"http:\/\/recover.lajunglebijoux.com\/es\/producto\/collier-ras-du-cou\/\" \/>\n<meta property=\"og:site_name\" content=\"La Jungle Bijoux\" \/>\n<meta property=\"article:modified_time\" content=\"2023-05-26T10:13:03+00:00\" \/>\n<meta property=\"og:image\" content=\"https:\/\/recover.lajunglebijoux.com\/wp-content\/uploads\/2022\/06\/COLLIER-ESMERALDA-COUVERTURE-scaled.jpg\" \/>\n\t<meta property=\"og:image:width\" content=\"1709\" \/>\n\t<meta property=\"og:image:height\" content=\"2560\" \/>\n\t<meta property=\"og:image:type\" content=\"image\/jpeg\" \/>\n<meta name=\"twitter:card\" content=\"summary_large_image\" \/>\n<meta name=\"twitter:label1\" content=\"Tiempo de lectura\" \/>\n\t<meta name=\"twitter:data1\" content=\"1 minuto\" \/>\n<script type=\"application\/ld+json\" class=\"yoast-schema-graph\">{\"@context\":\"https:\/\/schema.org\",\"@graph\":[{\"@type\":\"WebPage\",\"@id\":\"http:\/\/recover.lajunglebijoux.com\/es\/producto\/collier-ras-du-cou\/\",\"url\":\"http:\/\/recover.lajunglebijoux.com\/es\/producto\/collier-ras-du-cou\/\",\"name\":\"Collar gargantilla Esmeralda de oro o plata - La Jungle Bijoux\",\"isPartOf\":{\"@id\":\"https:\/\/recover.lajunglebijoux.com\/es\/#website\"},\"primaryImageOfPage\":{\"@id\":\"http:\/\/recover.lajunglebijoux.com\/es\/producto\/collier-ras-du-cou\/#primaryimage\"},\"image\":{\"@id\":\"http:\/\/recover.lajunglebijoux.com\/es\/producto\/collier-ras-du-cou\/#primaryimage\"},\"thumbnailUrl\":\"http:\/\/recover.lajunglebijoux.com\/wp-content\/uploads\/2022\/06\/COLLIER-ESMERALDA-COUVERTURE-scaled.jpg\",\"datePublished\":\"2022-06-14T09:15:37+00:00\",\"dateModified\":\"2023-05-26T10:13:03+00:00\",\"description\":\"Revela la bohemia que llevas dentro con esta gargantilla Esmeralda de inspiraci\u00f3n oriental. Disponible en oro o plata. Montada a mano.\",\"breadcrumb\":{\"@id\":\"http:\/\/recover.lajunglebijoux.com\/es\/producto\/collier-ras-du-cou\/#breadcrumb\"},\"inLanguage\":\"es\",\"potentialAction\":[{\"@type\":\"ReadAction\",\"target\":[\"http:\/\/recover.lajunglebijoux.com\/es\/producto\/collier-ras-du-cou\/\"]}]},{\"@type\":\"ImageObject\",\"inLanguage\":\"es\",\"@id\":\"http:\/\/recover.lajunglebijoux.com\/es\/producto\/collier-ras-du-cou\/#primaryimage\",\"url\":\"http:\/\/recover.lajunglebijoux.com\/wp-content\/uploads\/2022\/06\/COLLIER-ESMERALDA-COUVERTURE-scaled.jpg\",\"contentUrl\":\"http:\/\/recover.lajunglebijoux.com\/wp-content\/uploads\/2022\/06\/COLLIER-ESMERALDA-COUVERTURE-scaled.jpg\",\"width\":1709,\"height\":2560,\"caption\":\"ras de cou or ou argent pour femme\"},{\"@type\":\"BreadcrumbList\",\"@id\":\"http:\/\/recover.lajunglebijoux.com\/es\/producto\/collier-ras-du-cou\/#breadcrumb\",\"itemListElement\":[{\"@type\":\"ListItem\",\"position\":1,\"name\":\"Portada\",\"item\":\"http:\/\/recover.lajunglebijoux.com\/es\/\"},{\"@type\":\"ListItem\",\"position\":2,\"name\":\"Tienda\",\"item\":\"http:\/\/recover.lajunglebijoux.com\/es\/tienda\/\"},{\"@type\":\"ListItem\",\"position\":3,\"name\":\"Collar gargantilla Esmeralda de oro o plata\"}]},{\"@type\":\"WebSite\",\"@id\":\"https:\/\/recover.lajunglebijoux.com\/es\/#website\",\"url\":\"https:\/\/recover.lajunglebijoux.com\/es\/\",\"name\":\"La Jungle Bijoux\",\"description\":\"\",\"publisher\":{\"@id\":\"https:\/\/recover.lajunglebijoux.com\/es\/#organization\"},\"potentialAction\":[{\"@type\":\"SearchAction\",\"target\":{\"@type\":\"EntryPoint\",\"urlTemplate\":\"https:\/\/recover.lajunglebijoux.com\/es\/?s={search_term_string}\"},\"query-input\":\"required name=search_term_string\"}],\"inLanguage\":\"es\"},{\"@type\":\"Organization\",\"@id\":\"https:\/\/recover.lajunglebijoux.com\/es\/#organization\",\"name\":\"La Jungle Bijoux\",\"url\":\"https:\/\/recover.lajunglebijoux.com\/es\/\",\"logo\":{\"@type\":\"ImageObject\",\"inLanguage\":\"es\",\"@id\":\"https:\/\/recover.lajunglebijoux.com\/es\/#\/schema\/logo\/image\/\",\"url\":\"http:\/\/recover.lajunglebijoux.com\/wp-content\/uploads\/2023\/01\/LOGO-FINAL-Fonce.jpg\",\"contentUrl\":\"http:\/\/recover.lajunglebijoux.com\/wp-content\/uploads\/2023\/01\/LOGO-FINAL-Fonce.jpg\",\"width\":900,\"height\":900,\"caption\":\"La Jungle Bijoux\"},\"image\":{\"@id\":\"https:\/\/recover.lajunglebijoux.com\/es\/#\/schema\/logo\/image\/\"}}]}<\/script>\n<!-- \/ Yoast SEO plugin. -->","yoast_head_json":{"title":"Collar gargantilla Esmeralda de oro o plata - La Jungle Bijoux","description":"Revela la bohemia que llevas dentro con esta gargantilla Esmeralda de inspiraci\u00f3n oriental. Disponible en oro o plata. Montada a mano.","robots":{"index":"index","follow":"follow","max-snippet":"max-snippet:-1","max-image-preview":"max-image-preview:large","max-video-preview":"max-video-preview:-1"},"canonical":"http:\/\/recover.lajunglebijoux.com\/es\/producto\/collier-ras-du-cou\/","og_locale":"es_ES","og_type":"article","og_title":"Collar gargantilla Esmeralda de oro o plata - La Jungle Bijoux","og_description":"Revela la bohemia que llevas dentro con esta gargantilla Esmeralda de inspiraci\u00f3n oriental. Disponible en oro o plata. Montada a mano.","og_url":"http:\/\/recover.lajunglebijoux.com\/es\/producto\/collier-ras-du-cou\/","og_site_name":"La Jungle Bijoux","article_modified_time":"2023-05-26T10:13:03+00:00","og_image":[{"width":1709,"height":2560,"url":"https:\/\/recover.lajunglebijoux.com\/wp-content\/uploads\/2022\/06\/COLLIER-ESMERALDA-COUVERTURE-scaled.jpg","type":"image\/jpeg"}],"twitter_card":"summary_large_image","twitter_misc":{"Tiempo de lectura":"1 minuto"},"schema":{"@context":"https:\/\/schema.org","@graph":[{"@type":"WebPage","@id":"http:\/\/recover.lajunglebijoux.com\/es\/producto\/collier-ras-du-cou\/","url":"http:\/\/recover.lajunglebijoux.com\/es\/producto\/collier-ras-du-cou\/","name":"Collar gargantilla Esmeralda de oro o plata - La Jungle Bijoux","isPartOf":{"@id":"https:\/\/recover.lajunglebijoux.com\/es\/#website"},"primaryImageOfPage":{"@id":"http:\/\/recover.lajunglebijoux.com\/es\/producto\/collier-ras-du-cou\/#primaryimage"},"image":{"@id":"http:\/\/recover.lajunglebijoux.com\/es\/producto\/collier-ras-du-cou\/#primaryimage"},"thumbnailUrl":"http:\/\/recover.lajunglebijoux.com\/wp-content\/uploads\/2022\/06\/COLLIER-ESMERALDA-COUVERTURE-scaled.jpg","datePublished":"2022-06-14T09:15:37+00:00","dateModified":"2023-05-26T10:13:03+00:00","description":"Revela la bohemia que llevas dentro con esta gargantilla Esmeralda de inspiraci\u00f3n oriental. Disponible en oro o plata. Montada a mano.","breadcrumb":{"@id":"http:\/\/recover.lajunglebijoux.com\/es\/producto\/collier-ras-du-cou\/#breadcrumb"},"inLanguage":"es","potentialAction":[{"@type":"ReadAction","target":["http:\/\/recover.lajunglebijoux.com\/es\/producto\/collier-ras-du-cou\/"]}]},{"@type":"ImageObject","inLanguage":"es","@id":"http:\/\/recover.lajunglebijoux.com\/es\/producto\/collier-ras-du-cou\/#primaryimage","url":"http:\/\/recover.lajunglebijoux.com\/wp-content\/uploads\/2022\/06\/COLLIER-ESMERALDA-COUVERTURE-scaled.jpg","contentUrl":"http:\/\/recover.lajunglebijoux.com\/wp-content\/uploads\/2022\/06\/COLLIER-ESMERALDA-COUVERTURE-scaled.jpg","width":1709,"height":2560,"caption":"ras de cou or ou argent pour femme"},{"@type":"BreadcrumbList","@id":"http:\/\/recover.lajunglebijoux.com\/es\/producto\/collier-ras-du-cou\/#breadcrumb","itemListElement":[{"@type":"ListItem","position":1,"name":"Portada","item":"http:\/\/recover.lajunglebijoux.com\/es\/"},{"@type":"ListItem","position":2,"name":"Tienda","item":"http:\/\/recover.lajunglebijoux.com\/es\/tienda\/"},{"@type":"ListItem","position":3,"name":"Collar gargantilla Esmeralda de oro o plata"}]},{"@type":"WebSite","@id":"https:\/\/recover.lajunglebijoux.com\/es\/#website","url":"https:\/\/recover.lajunglebijoux.com\/es\/","name":"La Jungle Bijoux","description":"","publisher":{"@id":"https:\/\/recover.lajunglebijoux.com\/es\/#organization"},"potentialAction":[{"@type":"SearchAction","target":{"@type":"EntryPoint","urlTemplate":"https:\/\/recover.lajunglebijoux.com\/es\/?s={search_term_string}"},"query-input":"required name=search_term_string"}],"inLanguage":"es"},{"@type":"Organization","@id":"https:\/\/recover.lajunglebijoux.com\/es\/#organization","name":"La Jungle Bijoux","url":"https:\/\/recover.lajunglebijoux.com\/es\/","logo":{"@type":"ImageObject","inLanguage":"es","@id":"https:\/\/recover.lajunglebijoux.com\/es\/#\/schema\/logo\/image\/","url":"http:\/\/recover.lajunglebijoux.com\/wp-content\/uploads\/2023\/01\/LOGO-FINAL-Fonce.jpg","contentUrl":"http:\/\/recover.lajunglebijoux.com\/wp-content\/uploads\/2023\/01\/LOGO-FINAL-Fonce.jpg","width":900,"height":900,"caption":"La Jungle Bijoux"},"image":{"@id":"https:\/\/recover.lajunglebijoux.com\/es\/#\/schema\/logo\/image\/"}}]}},"_links":{"self":[{"href":"http:\/\/recover.lajunglebijoux.com\/es\/wp-json\/wp\/v2\/product\/8831","targetHints":{"allow":["GET"]}}],"collection":[{"href":"http:\/\/recover.lajunglebijoux.com\/es\/wp-json\/wp\/v2\/product"}],"about":[{"href":"http:\/\/recover.lajunglebijoux.com\/es\/wp-json\/wp\/v2\/types\/product"}],"replies":[{"embeddable":true,"href":"http:\/\/recover.lajunglebijoux.com\/es\/wp-json\/wp\/v2\/comments?post=8831"}],"wp:featuredmedia":[{"embeddable":true,"href":"http:\/\/recover.lajunglebijoux.com\/es\/wp-json\/wp\/v2\/media\/808"}],"wp:attachment":[{"href":"http:\/\/recover.lajunglebijoux.com\/es\/wp-json\/wp\/v2\/media?parent=8831"}],"wp:term":[{"taxonomy":"product_cat","embeddable":true,"href":"http:\/\/recover.lajunglebijoux.com\/es\/wp-json\/wp\/v2\/product_cat?post=8831"},{"taxonomy":"product_tag","embeddable":true,"href":"http:\/\/recover.lajunglebijoux.com\/es\/wp-json\/wp\/v2\/product_tag?post=8831"}],"curies":[{"name":"wp","href":"https:\/\/api.w.org\/{rel}","templated":true}]}}