{"id":8767,"date":"2022-12-23T14:11:14","date_gmt":"2022-12-23T12:11:14","guid":{"rendered":"https:\/\/recover.lajunglebijoux.com\/product\/bague-chat\/"},"modified":"2023-05-25T15:35:07","modified_gmt":"2023-05-25T15:35:07","slug":"bague-chat","status":"publish","type":"product","link":"http:\/\/recover.lajunglebijoux.com\/es\/producto\/bague-chat\/","title":{"rendered":"Anillo gato Bastet de oro o plata"},"content":{"rendered":"<h2>Unas palabras de Jen, creadora de La Jungle Bijoux<\/h2>\n<p>Para el anillo del gato de oro o plata, eleg\u00ed el s\u00edmbolo de Bastet, la diosa ben\u00e9vola del hogar, la figura de la mujer tranquilizadora y reconfortante en la que se puede confiar. Esta diosa egipcia era una figura protectora en la antig\u00fcedad, que alejaba las enfermedades contagiosas y los malos esp\u00edritus.<\/p>\n<p>En su \u00e9poca, Bastet encarnaba a la perfecci\u00f3n la dualidad presente en la mujer: una personalidad dulce, pero que a veces adopta el aspecto de una mujer guerrera representada por una leona. Una dualidad femenina que sigue presente hoy en d\u00eda.<br \/>\nBastet es tambi\u00e9n la diosa de la alegr\u00eda, que ama la m\u00fasica y la danza, artes sagradas para ella.<\/p>\n<p>El anillo del gato se cre\u00f3 en colaboraci\u00f3n con Sarah, coach de vida y negocios de Inspire Ose Aime, que ofrece liderazgo inspirador, energ\u00eda y mentalidad. Ayuda a las mujeres a reconectar con su singularidad, sus talentos y su alegr\u00eda de vivir.<\/p>\n<p>Para m\u00ed, esta joya es un talism\u00e1n porque se le ha infundido la energ\u00eda que lleva la intenci\u00f3n de su simbolismo. Pero t\u00fa tambi\u00e9n puedes encontrarle tu propio significado. Y si es s\u00f3lo el dise\u00f1o lo que te atrae, porque te encantan los gatos, mejor que mejor.<\/p>\n<p>&nbsp;<\/p>\n","protected":false},"excerpt":{"rendered":"<p>El anillo del gato Bastet en oro o plata es una pieza de joyer\u00eda talism\u00e1nica que representa a la diosa protectora Bastet.<\/p>\n<p>Est\u00e1 chapado en oro de 18 quilates de 3 micras de alta resistencia o fabricado en plata 925. El anillo del gato es muy resistente.<\/p>\n<p>Gracias a su tama\u00f1o ajustable, es c\u00f3modo de llevar y se adapta a todos los tama\u00f1os de dedo.<br \/>\nEste anillo de oro o plata es el regalo perfecto para transmitir la energ\u00eda felina de la diosa gata.<\/p>\n<p>Modelo de oro: se fabrica por encargo y se env\u00eda en un plazo aproximado de 10 d\u00edas a un m\u00e1ximo de 2 semanas despu\u00e9s de la fecha del pedido. Este enfoque es una elecci\u00f3n sostenible y eco-responsable, para evitar la sobreproducci\u00f3n. Gracias por su comprensi\u00f3n y por ayudar al medio ambiente \ud83c\udf0e.<\/p>\n","protected":false},"featured_media":4128,"comment_status":"open","ping_status":"closed","template":"","meta":{"_acf_changed":false},"product_cat":[275],"product_tag":[],"class_list":{"0":"post-8767","1":"product","2":"type-product","3":"status-publish","4":"has-post-thumbnail","6":"product_cat-deesse-moderne-es","7":"pa_modele-anillos","8":"pa_modele-joyas-plata","9":"pa_theme-joyas-energeticas","10":"pa_theme-joyas-bienestar","12":"first","13":"outofstock","14":"shipping-taxable","15":"purchasable","16":"product-type-variable"},"acf":[],"yoast_head":"<!-- This site is optimized with the Yoast SEO plugin v23.3 - https:\/\/yoast.com\/wordpress\/plugins\/seo\/ -->\n<title>Anillo gato Bastet de oro o plata - La Jungle Bijoux<\/title>\n<meta name=\"description\" content=\"Adopta el anillo de gato La Jungle Bijoux. Inspirado en la diosa Bastet, este anillo con cabeza de gato en oro o plata ser\u00e1 tu talism\u00e1n protector.\" \/>\n<meta name=\"robots\" content=\"index, follow, max-snippet:-1, max-image-preview:large, max-video-preview:-1\" \/>\n<link rel=\"canonical\" href=\"http:\/\/recover.lajunglebijoux.com\/es\/producto\/bague-chat\/\" \/>\n<meta property=\"og:locale\" content=\"es_ES\" \/>\n<meta property=\"og:type\" content=\"article\" \/>\n<meta property=\"og:title\" content=\"Anillo gato Bastet de oro o plata - La Jungle Bijoux\" \/>\n<meta property=\"og:description\" content=\"Adopta el anillo de gato La Jungle Bijoux. Inspirado en la diosa Bastet, este anillo con cabeza de gato en oro o plata ser\u00e1 tu talism\u00e1n protector.\" \/>\n<meta property=\"og:url\" content=\"http:\/\/recover.lajunglebijoux.com\/es\/producto\/bague-chat\/\" \/>\n<meta property=\"og:site_name\" content=\"La Jungle Bijoux\" \/>\n<meta property=\"article:modified_time\" content=\"2023-05-25T15:35:07+00:00\" \/>\n<meta property=\"og:image\" content=\"http:\/\/recover.lajunglebijoux.com\/wp-content\/uploads\/2022\/12\/IMG_20221021_174948.jpg\" \/>\n\t<meta property=\"og:image:width\" content=\"2533\" \/>\n\t<meta property=\"og:image:height\" content=\"2533\" \/>\n\t<meta property=\"og:image:type\" content=\"image\/jpeg\" \/>\n<meta name=\"twitter:card\" content=\"summary_large_image\" \/>\n<meta name=\"twitter:label1\" content=\"Tiempo de lectura\" \/>\n\t<meta name=\"twitter:data1\" content=\"2 minutos\" \/>\n<script type=\"application\/ld+json\" class=\"yoast-schema-graph\">{\"@context\":\"https:\/\/schema.org\",\"@graph\":[{\"@type\":\"WebPage\",\"@id\":\"http:\/\/recover.lajunglebijoux.com\/es\/producto\/bague-chat\/\",\"url\":\"http:\/\/recover.lajunglebijoux.com\/es\/producto\/bague-chat\/\",\"name\":\"Anillo gato Bastet de oro o plata - La Jungle Bijoux\",\"isPartOf\":{\"@id\":\"https:\/\/recover.lajunglebijoux.com\/es\/#website\"},\"primaryImageOfPage\":{\"@id\":\"http:\/\/recover.lajunglebijoux.com\/es\/producto\/bague-chat\/#primaryimage\"},\"image\":{\"@id\":\"http:\/\/recover.lajunglebijoux.com\/es\/producto\/bague-chat\/#primaryimage\"},\"thumbnailUrl\":\"http:\/\/recover.lajunglebijoux.com\/wp-content\/uploads\/2022\/12\/IMG_20221021_174948.jpg\",\"datePublished\":\"2022-12-23T12:11:14+00:00\",\"dateModified\":\"2023-05-25T15:35:07+00:00\",\"description\":\"Adopta el anillo de gato La Jungle Bijoux. Inspirado en la diosa Bastet, este anillo con cabeza de gato en oro o plata ser\u00e1 tu talism\u00e1n protector.\",\"breadcrumb\":{\"@id\":\"http:\/\/recover.lajunglebijoux.com\/es\/producto\/bague-chat\/#breadcrumb\"},\"inLanguage\":\"es\",\"potentialAction\":[{\"@type\":\"ReadAction\",\"target\":[\"http:\/\/recover.lajunglebijoux.com\/es\/producto\/bague-chat\/\"]}]},{\"@type\":\"ImageObject\",\"inLanguage\":\"es\",\"@id\":\"http:\/\/recover.lajunglebijoux.com\/es\/producto\/bague-chat\/#primaryimage\",\"url\":\"http:\/\/recover.lajunglebijoux.com\/wp-content\/uploads\/2022\/12\/IMG_20221021_174948.jpg\",\"contentUrl\":\"http:\/\/recover.lajunglebijoux.com\/wp-content\/uploads\/2022\/12\/IMG_20221021_174948.jpg\",\"width\":2533,\"height\":2533,\"caption\":\"bague chat or argent\"},{\"@type\":\"BreadcrumbList\",\"@id\":\"http:\/\/recover.lajunglebijoux.com\/es\/producto\/bague-chat\/#breadcrumb\",\"itemListElement\":[{\"@type\":\"ListItem\",\"position\":1,\"name\":\"Portada\",\"item\":\"http:\/\/recover.lajunglebijoux.com\/es\/\"},{\"@type\":\"ListItem\",\"position\":2,\"name\":\"Tienda\",\"item\":\"http:\/\/recover.lajunglebijoux.com\/es\/tienda\/\"},{\"@type\":\"ListItem\",\"position\":3,\"name\":\"Anillo gato Bastet de oro o plata\"}]},{\"@type\":\"WebSite\",\"@id\":\"https:\/\/recover.lajunglebijoux.com\/es\/#website\",\"url\":\"https:\/\/recover.lajunglebijoux.com\/es\/\",\"name\":\"La Jungle Bijoux\",\"description\":\"\",\"publisher\":{\"@id\":\"https:\/\/recover.lajunglebijoux.com\/es\/#organization\"},\"potentialAction\":[{\"@type\":\"SearchAction\",\"target\":{\"@type\":\"EntryPoint\",\"urlTemplate\":\"https:\/\/recover.lajunglebijoux.com\/es\/?s={search_term_string}\"},\"query-input\":\"required name=search_term_string\"}],\"inLanguage\":\"es\"},{\"@type\":\"Organization\",\"@id\":\"https:\/\/recover.lajunglebijoux.com\/es\/#organization\",\"name\":\"La Jungle Bijoux\",\"url\":\"https:\/\/recover.lajunglebijoux.com\/es\/\",\"logo\":{\"@type\":\"ImageObject\",\"inLanguage\":\"es\",\"@id\":\"https:\/\/recover.lajunglebijoux.com\/es\/#\/schema\/logo\/image\/\",\"url\":\"http:\/\/recover.lajunglebijoux.com\/wp-content\/uploads\/2023\/01\/LOGO-FINAL-Fonce.jpg\",\"contentUrl\":\"http:\/\/recover.lajunglebijoux.com\/wp-content\/uploads\/2023\/01\/LOGO-FINAL-Fonce.jpg\",\"width\":900,\"height\":900,\"caption\":\"La Jungle Bijoux\"},\"image\":{\"@id\":\"https:\/\/recover.lajunglebijoux.com\/es\/#\/schema\/logo\/image\/\"}}]}<\/script>\n<!-- \/ Yoast SEO plugin. -->","yoast_head_json":{"title":"Anillo gato Bastet de oro o plata - La Jungle Bijoux","description":"Adopta el anillo de gato La Jungle Bijoux. Inspirado en la diosa Bastet, este anillo con cabeza de gato en oro o plata ser\u00e1 tu talism\u00e1n protector.","robots":{"index":"index","follow":"follow","max-snippet":"max-snippet:-1","max-image-preview":"max-image-preview:large","max-video-preview":"max-video-preview:-1"},"canonical":"http:\/\/recover.lajunglebijoux.com\/es\/producto\/bague-chat\/","og_locale":"es_ES","og_type":"article","og_title":"Anillo gato Bastet de oro o plata - La Jungle Bijoux","og_description":"Adopta el anillo de gato La Jungle Bijoux. Inspirado en la diosa Bastet, este anillo con cabeza de gato en oro o plata ser\u00e1 tu talism\u00e1n protector.","og_url":"http:\/\/recover.lajunglebijoux.com\/es\/producto\/bague-chat\/","og_site_name":"La Jungle Bijoux","article_modified_time":"2023-05-25T15:35:07+00:00","og_image":[{"width":2533,"height":2533,"url":"http:\/\/recover.lajunglebijoux.com\/wp-content\/uploads\/2022\/12\/IMG_20221021_174948.jpg","type":"image\/jpeg"}],"twitter_card":"summary_large_image","twitter_misc":{"Tiempo de lectura":"2 minutos"},"schema":{"@context":"https:\/\/schema.org","@graph":[{"@type":"WebPage","@id":"http:\/\/recover.lajunglebijoux.com\/es\/producto\/bague-chat\/","url":"http:\/\/recover.lajunglebijoux.com\/es\/producto\/bague-chat\/","name":"Anillo gato Bastet de oro o plata - La Jungle Bijoux","isPartOf":{"@id":"https:\/\/recover.lajunglebijoux.com\/es\/#website"},"primaryImageOfPage":{"@id":"http:\/\/recover.lajunglebijoux.com\/es\/producto\/bague-chat\/#primaryimage"},"image":{"@id":"http:\/\/recover.lajunglebijoux.com\/es\/producto\/bague-chat\/#primaryimage"},"thumbnailUrl":"http:\/\/recover.lajunglebijoux.com\/wp-content\/uploads\/2022\/12\/IMG_20221021_174948.jpg","datePublished":"2022-12-23T12:11:14+00:00","dateModified":"2023-05-25T15:35:07+00:00","description":"Adopta el anillo de gato La Jungle Bijoux. Inspirado en la diosa Bastet, este anillo con cabeza de gato en oro o plata ser\u00e1 tu talism\u00e1n protector.","breadcrumb":{"@id":"http:\/\/recover.lajunglebijoux.com\/es\/producto\/bague-chat\/#breadcrumb"},"inLanguage":"es","potentialAction":[{"@type":"ReadAction","target":["http:\/\/recover.lajunglebijoux.com\/es\/producto\/bague-chat\/"]}]},{"@type":"ImageObject","inLanguage":"es","@id":"http:\/\/recover.lajunglebijoux.com\/es\/producto\/bague-chat\/#primaryimage","url":"http:\/\/recover.lajunglebijoux.com\/wp-content\/uploads\/2022\/12\/IMG_20221021_174948.jpg","contentUrl":"http:\/\/recover.lajunglebijoux.com\/wp-content\/uploads\/2022\/12\/IMG_20221021_174948.jpg","width":2533,"height":2533,"caption":"bague chat or argent"},{"@type":"BreadcrumbList","@id":"http:\/\/recover.lajunglebijoux.com\/es\/producto\/bague-chat\/#breadcrumb","itemListElement":[{"@type":"ListItem","position":1,"name":"Portada","item":"http:\/\/recover.lajunglebijoux.com\/es\/"},{"@type":"ListItem","position":2,"name":"Tienda","item":"http:\/\/recover.lajunglebijoux.com\/es\/tienda\/"},{"@type":"ListItem","position":3,"name":"Anillo gato Bastet de oro o plata"}]},{"@type":"WebSite","@id":"https:\/\/recover.lajunglebijoux.com\/es\/#website","url":"https:\/\/recover.lajunglebijoux.com\/es\/","name":"La Jungle Bijoux","description":"","publisher":{"@id":"https:\/\/recover.lajunglebijoux.com\/es\/#organization"},"potentialAction":[{"@type":"SearchAction","target":{"@type":"EntryPoint","urlTemplate":"https:\/\/recover.lajunglebijoux.com\/es\/?s={search_term_string}"},"query-input":"required name=search_term_string"}],"inLanguage":"es"},{"@type":"Organization","@id":"https:\/\/recover.lajunglebijoux.com\/es\/#organization","name":"La Jungle Bijoux","url":"https:\/\/recover.lajunglebijoux.com\/es\/","logo":{"@type":"ImageObject","inLanguage":"es","@id":"https:\/\/recover.lajunglebijoux.com\/es\/#\/schema\/logo\/image\/","url":"http:\/\/recover.lajunglebijoux.com\/wp-content\/uploads\/2023\/01\/LOGO-FINAL-Fonce.jpg","contentUrl":"http:\/\/recover.lajunglebijoux.com\/wp-content\/uploads\/2023\/01\/LOGO-FINAL-Fonce.jpg","width":900,"height":900,"caption":"La Jungle Bijoux"},"image":{"@id":"https:\/\/recover.lajunglebijoux.com\/es\/#\/schema\/logo\/image\/"}}]}},"_links":{"self":[{"href":"http:\/\/recover.lajunglebijoux.com\/es\/wp-json\/wp\/v2\/product\/8767","targetHints":{"allow":["GET"]}}],"collection":[{"href":"http:\/\/recover.lajunglebijoux.com\/es\/wp-json\/wp\/v2\/product"}],"about":[{"href":"http:\/\/recover.lajunglebijoux.com\/es\/wp-json\/wp\/v2\/types\/product"}],"replies":[{"embeddable":true,"href":"http:\/\/recover.lajunglebijoux.com\/es\/wp-json\/wp\/v2\/comments?post=8767"}],"wp:featuredmedia":[{"embeddable":true,"href":"http:\/\/recover.lajunglebijoux.com\/es\/wp-json\/wp\/v2\/media\/4128"}],"wp:attachment":[{"href":"http:\/\/recover.lajunglebijoux.com\/es\/wp-json\/wp\/v2\/media?parent=8767"}],"wp:term":[{"taxonomy":"product_cat","embeddable":true,"href":"http:\/\/recover.lajunglebijoux.com\/es\/wp-json\/wp\/v2\/product_cat?post=8767"},{"taxonomy":"product_tag","embeddable":true,"href":"http:\/\/recover.lajunglebijoux.com\/es\/wp-json\/wp\/v2\/product_tag?post=8767"}],"curies":[{"name":"wp","href":"https:\/\/api.w.org\/{rel}","templated":true}]}}