{"id":8762,"date":"2023-02-02T10:12:36","date_gmt":"2023-02-02T08:12:36","guid":{"rendered":"https:\/\/recover.lajunglebijoux.com\/product\/bague-tete-mort-roses\/"},"modified":"2023-05-25T15:16:51","modified_gmt":"2023-05-25T15:16:51","slug":"bague-tete-mort-roses","status":"publish","type":"product","link":"http:\/\/recover.lajunglebijoux.com\/es\/producto\/bague-tete-mort-roses\/","title":{"rendered":"Anillo Memento Mori &#8211; Rosas de oro"},"content":{"rendered":"","protected":false},"excerpt":{"rendered":"<p>Anillo de calavera y tibias cruzadas, coronado con flores rosas como las m\u00e1scaras mexicanas para el d\u00eda de los muertos.<\/p>\n<p>Elecci\u00f3n del acabado en la barra desplegable, del menos resistente al m\u00e1s resistente:<\/p>\n<p>lat\u00f3n bruto color oro ligeramente menos luminoso<br \/>\noro amarillo fino de 18 quilates de 1 micra sobre base de lat\u00f3n<br \/>\nlat\u00f3n ba\u00f1ado en oro de 18 quilates de 3 micras de alta resistencia<br \/>\nLas 2 \u00faltimas opciones tienen el mismo color y brillo. Es el grosor de la capa de oro lo que es diferente y, por tanto, afecta a la resistencia.<\/p>\n<p>Colecci\u00f3n Memento Mori \u00abRecuerda que eres mortal\u00bb en colaboraci\u00f3n con el artista del tatuaje @feverofcreation .<\/p>\n<p>La calavera y las tibias cruzadas es un s\u00edmbolo hist\u00f3ricamente fuerte del tatuaje.<\/p>\n<p>Cada anillo se fabrica y esculpe a mano mediante la t\u00e9cnica tradicional de joyer\u00eda de fundici\u00f3n a la cera perdida.<\/p>\n<p>Hecho por encargo, tarda alrededor de 1 mes m\u00e1ximo antes del env\u00edo. Como joyero artesano, soy el \u00fanico que fabrica sus joyas una a una.<\/p>\n<p>Cada pieza se corta, lima, pule o esculpe a mano.<\/p>\n<p>Le agradezco su comprensi\u00f3n y el inter\u00e9s y respeto que tiene por mi trabajo y mi pasi\u00f3n.<\/p>\n<p><strong>El tama\u00f1o del dedo debe indicarse en los comentarios al final del pedido.<\/strong><\/p>\n","protected":false},"featured_media":5604,"comment_status":"open","ping_status":"closed","template":"","meta":{"_acf_changed":false},"product_cat":[127],"product_tag":[],"class_list":{"0":"post-8762","1":"product","2":"type-product","3":"status-publish","4":"has-post-thumbnail","6":"product_cat-memento-mori-es","7":"pa_modele-anillos","8":"pa_modele-joyas-hombres","9":"pa_theme-joyas-naturaleza","10":"pa_theme-joyas-rock","12":"first","13":"instock","14":"shipping-taxable","15":"purchasable","16":"product-type-variable"},"acf":[],"yoast_head":"<!-- This site is optimized with the Yoast SEO plugin v23.3 - https:\/\/yoast.com\/wordpress\/plugins\/seo\/ -->\n<title>Anillo Memento Mori - Rosas de oro - La Jungle Bijoux<\/title>\n<meta name=\"description\" content=\"El anillo Memento Mori es un homenaje al D\u00eda de los Muertos, con una calavera y huesos cruzados rodeados de rosas. Anillo de calavera para hombre y mujer.\" \/>\n<meta name=\"robots\" content=\"index, follow, max-snippet:-1, max-image-preview:large, max-video-preview:-1\" \/>\n<link rel=\"canonical\" href=\"http:\/\/recover.lajunglebijoux.com\/es\/producto\/bague-tete-mort-roses\/\" \/>\n<meta property=\"og:locale\" content=\"es_ES\" \/>\n<meta property=\"og:type\" content=\"article\" \/>\n<meta property=\"og:title\" content=\"Anillo Memento Mori - Rosas de oro - La Jungle Bijoux\" \/>\n<meta property=\"og:description\" content=\"El anillo Memento Mori es un homenaje al D\u00eda de los Muertos, con una calavera y huesos cruzados rodeados de rosas. Anillo de calavera para hombre y mujer.\" \/>\n<meta property=\"og:url\" content=\"http:\/\/recover.lajunglebijoux.com\/es\/producto\/bague-tete-mort-roses\/\" \/>\n<meta property=\"og:site_name\" content=\"La Jungle Bijoux\" \/>\n<meta property=\"article:modified_time\" content=\"2023-05-25T15:16:51+00:00\" \/>\n<meta property=\"og:image\" content=\"http:\/\/recover.lajunglebijoux.com\/wp-content\/uploads\/2023\/02\/IMG_1255-BIS-scaled.jpg\" \/>\n\t<meta property=\"og:image:width\" content=\"2560\" \/>\n\t<meta property=\"og:image:height\" content=\"1709\" \/>\n\t<meta property=\"og:image:type\" content=\"image\/jpeg\" \/>\n<meta name=\"twitter:card\" content=\"summary_large_image\" \/>\n<script type=\"application\/ld+json\" class=\"yoast-schema-graph\">{\"@context\":\"https:\/\/schema.org\",\"@graph\":[{\"@type\":\"WebPage\",\"@id\":\"http:\/\/recover.lajunglebijoux.com\/es\/producto\/bague-tete-mort-roses\/\",\"url\":\"http:\/\/recover.lajunglebijoux.com\/es\/producto\/bague-tete-mort-roses\/\",\"name\":\"Anillo Memento Mori - Rosas de oro - La Jungle Bijoux\",\"isPartOf\":{\"@id\":\"http:\/\/recover.lajunglebijoux.com\/es\/#website\"},\"primaryImageOfPage\":{\"@id\":\"http:\/\/recover.lajunglebijoux.com\/es\/producto\/bague-tete-mort-roses\/#primaryimage\"},\"image\":{\"@id\":\"http:\/\/recover.lajunglebijoux.com\/es\/producto\/bague-tete-mort-roses\/#primaryimage\"},\"thumbnailUrl\":\"http:\/\/recover.lajunglebijoux.com\/wp-content\/uploads\/2023\/02\/IMG_1255-BIS-scaled.jpg\",\"datePublished\":\"2023-02-02T08:12:36+00:00\",\"dateModified\":\"2023-05-25T15:16:51+00:00\",\"description\":\"El anillo Memento Mori es un homenaje al D\u00eda de los Muertos, con una calavera y huesos cruzados rodeados de rosas. Anillo de calavera para hombre y mujer.\",\"breadcrumb\":{\"@id\":\"http:\/\/recover.lajunglebijoux.com\/es\/producto\/bague-tete-mort-roses\/#breadcrumb\"},\"inLanguage\":\"es\",\"potentialAction\":[{\"@type\":\"ReadAction\",\"target\":[\"http:\/\/recover.lajunglebijoux.com\/es\/producto\/bague-tete-mort-roses\/\"]}]},{\"@type\":\"ImageObject\",\"inLanguage\":\"es\",\"@id\":\"http:\/\/recover.lajunglebijoux.com\/es\/producto\/bague-tete-mort-roses\/#primaryimage\",\"url\":\"http:\/\/recover.lajunglebijoux.com\/wp-content\/uploads\/2023\/02\/IMG_1255-BIS-scaled.jpg\",\"contentUrl\":\"http:\/\/recover.lajunglebijoux.com\/wp-content\/uploads\/2023\/02\/IMG_1255-BIS-scaled.jpg\",\"width\":2560,\"height\":1709,\"caption\":\"bague t\u00eate de mort femme\"},{\"@type\":\"BreadcrumbList\",\"@id\":\"http:\/\/recover.lajunglebijoux.com\/es\/producto\/bague-tete-mort-roses\/#breadcrumb\",\"itemListElement\":[{\"@type\":\"ListItem\",\"position\":1,\"name\":\"Portada\",\"item\":\"http:\/\/recover.lajunglebijoux.com\/es\/\"},{\"@type\":\"ListItem\",\"position\":2,\"name\":\"Tienda\",\"item\":\"http:\/\/recover.lajunglebijoux.com\/es\/tienda\/\"},{\"@type\":\"ListItem\",\"position\":3,\"name\":\"Anillo Memento Mori &#8211; Rosas de oro\"}]},{\"@type\":\"WebSite\",\"@id\":\"http:\/\/recover.lajunglebijoux.com\/es\/#website\",\"url\":\"http:\/\/recover.lajunglebijoux.com\/es\/\",\"name\":\"La Jungle Bijoux\",\"description\":\"\",\"publisher\":{\"@id\":\"http:\/\/recover.lajunglebijoux.com\/es\/#organization\"},\"potentialAction\":[{\"@type\":\"SearchAction\",\"target\":{\"@type\":\"EntryPoint\",\"urlTemplate\":\"http:\/\/recover.lajunglebijoux.com\/es\/?s={search_term_string}\"},\"query-input\":\"required name=search_term_string\"}],\"inLanguage\":\"es\"},{\"@type\":\"Organization\",\"@id\":\"http:\/\/recover.lajunglebijoux.com\/es\/#organization\",\"name\":\"La Jungle Bijoux\",\"url\":\"http:\/\/recover.lajunglebijoux.com\/es\/\",\"logo\":{\"@type\":\"ImageObject\",\"inLanguage\":\"es\",\"@id\":\"http:\/\/recover.lajunglebijoux.com\/es\/#\/schema\/logo\/image\/\",\"url\":\"http:\/\/recover.lajunglebijoux.com\/wp-content\/uploads\/2023\/01\/LOGO-FINAL-Fonce.jpg\",\"contentUrl\":\"http:\/\/recover.lajunglebijoux.com\/wp-content\/uploads\/2023\/01\/LOGO-FINAL-Fonce.jpg\",\"width\":900,\"height\":900,\"caption\":\"La Jungle Bijoux\"},\"image\":{\"@id\":\"http:\/\/recover.lajunglebijoux.com\/es\/#\/schema\/logo\/image\/\"}}]}<\/script>\n<!-- \/ Yoast SEO plugin. -->","yoast_head_json":{"title":"Anillo Memento Mori - Rosas de oro - La Jungle Bijoux","description":"El anillo Memento Mori es un homenaje al D\u00eda de los Muertos, con una calavera y huesos cruzados rodeados de rosas. Anillo de calavera para hombre y mujer.","robots":{"index":"index","follow":"follow","max-snippet":"max-snippet:-1","max-image-preview":"max-image-preview:large","max-video-preview":"max-video-preview:-1"},"canonical":"http:\/\/recover.lajunglebijoux.com\/es\/producto\/bague-tete-mort-roses\/","og_locale":"es_ES","og_type":"article","og_title":"Anillo Memento Mori - Rosas de oro - La Jungle Bijoux","og_description":"El anillo Memento Mori es un homenaje al D\u00eda de los Muertos, con una calavera y huesos cruzados rodeados de rosas. Anillo de calavera para hombre y mujer.","og_url":"http:\/\/recover.lajunglebijoux.com\/es\/producto\/bague-tete-mort-roses\/","og_site_name":"La Jungle Bijoux","article_modified_time":"2023-05-25T15:16:51+00:00","og_image":[{"width":2560,"height":1709,"url":"http:\/\/recover.lajunglebijoux.com\/wp-content\/uploads\/2023\/02\/IMG_1255-BIS-scaled.jpg","type":"image\/jpeg"}],"twitter_card":"summary_large_image","schema":{"@context":"https:\/\/schema.org","@graph":[{"@type":"WebPage","@id":"http:\/\/recover.lajunglebijoux.com\/es\/producto\/bague-tete-mort-roses\/","url":"http:\/\/recover.lajunglebijoux.com\/es\/producto\/bague-tete-mort-roses\/","name":"Anillo Memento Mori - Rosas de oro - La Jungle Bijoux","isPartOf":{"@id":"http:\/\/recover.lajunglebijoux.com\/es\/#website"},"primaryImageOfPage":{"@id":"http:\/\/recover.lajunglebijoux.com\/es\/producto\/bague-tete-mort-roses\/#primaryimage"},"image":{"@id":"http:\/\/recover.lajunglebijoux.com\/es\/producto\/bague-tete-mort-roses\/#primaryimage"},"thumbnailUrl":"http:\/\/recover.lajunglebijoux.com\/wp-content\/uploads\/2023\/02\/IMG_1255-BIS-scaled.jpg","datePublished":"2023-02-02T08:12:36+00:00","dateModified":"2023-05-25T15:16:51+00:00","description":"El anillo Memento Mori es un homenaje al D\u00eda de los Muertos, con una calavera y huesos cruzados rodeados de rosas. Anillo de calavera para hombre y mujer.","breadcrumb":{"@id":"http:\/\/recover.lajunglebijoux.com\/es\/producto\/bague-tete-mort-roses\/#breadcrumb"},"inLanguage":"es","potentialAction":[{"@type":"ReadAction","target":["http:\/\/recover.lajunglebijoux.com\/es\/producto\/bague-tete-mort-roses\/"]}]},{"@type":"ImageObject","inLanguage":"es","@id":"http:\/\/recover.lajunglebijoux.com\/es\/producto\/bague-tete-mort-roses\/#primaryimage","url":"http:\/\/recover.lajunglebijoux.com\/wp-content\/uploads\/2023\/02\/IMG_1255-BIS-scaled.jpg","contentUrl":"http:\/\/recover.lajunglebijoux.com\/wp-content\/uploads\/2023\/02\/IMG_1255-BIS-scaled.jpg","width":2560,"height":1709,"caption":"bague t\u00eate de mort femme"},{"@type":"BreadcrumbList","@id":"http:\/\/recover.lajunglebijoux.com\/es\/producto\/bague-tete-mort-roses\/#breadcrumb","itemListElement":[{"@type":"ListItem","position":1,"name":"Portada","item":"http:\/\/recover.lajunglebijoux.com\/es\/"},{"@type":"ListItem","position":2,"name":"Tienda","item":"http:\/\/recover.lajunglebijoux.com\/es\/tienda\/"},{"@type":"ListItem","position":3,"name":"Anillo Memento Mori &#8211; Rosas de oro"}]},{"@type":"WebSite","@id":"http:\/\/recover.lajunglebijoux.com\/es\/#website","url":"http:\/\/recover.lajunglebijoux.com\/es\/","name":"La Jungle Bijoux","description":"","publisher":{"@id":"http:\/\/recover.lajunglebijoux.com\/es\/#organization"},"potentialAction":[{"@type":"SearchAction","target":{"@type":"EntryPoint","urlTemplate":"http:\/\/recover.lajunglebijoux.com\/es\/?s={search_term_string}"},"query-input":"required name=search_term_string"}],"inLanguage":"es"},{"@type":"Organization","@id":"http:\/\/recover.lajunglebijoux.com\/es\/#organization","name":"La Jungle Bijoux","url":"http:\/\/recover.lajunglebijoux.com\/es\/","logo":{"@type":"ImageObject","inLanguage":"es","@id":"http:\/\/recover.lajunglebijoux.com\/es\/#\/schema\/logo\/image\/","url":"http:\/\/recover.lajunglebijoux.com\/wp-content\/uploads\/2023\/01\/LOGO-FINAL-Fonce.jpg","contentUrl":"http:\/\/recover.lajunglebijoux.com\/wp-content\/uploads\/2023\/01\/LOGO-FINAL-Fonce.jpg","width":900,"height":900,"caption":"La Jungle Bijoux"},"image":{"@id":"http:\/\/recover.lajunglebijoux.com\/es\/#\/schema\/logo\/image\/"}}]}},"_links":{"self":[{"href":"http:\/\/recover.lajunglebijoux.com\/es\/wp-json\/wp\/v2\/product\/8762","targetHints":{"allow":["GET"]}}],"collection":[{"href":"http:\/\/recover.lajunglebijoux.com\/es\/wp-json\/wp\/v2\/product"}],"about":[{"href":"http:\/\/recover.lajunglebijoux.com\/es\/wp-json\/wp\/v2\/types\/product"}],"replies":[{"embeddable":true,"href":"http:\/\/recover.lajunglebijoux.com\/es\/wp-json\/wp\/v2\/comments?post=8762"}],"wp:featuredmedia":[{"embeddable":true,"href":"http:\/\/recover.lajunglebijoux.com\/es\/wp-json\/wp\/v2\/media\/5604"}],"wp:attachment":[{"href":"http:\/\/recover.lajunglebijoux.com\/es\/wp-json\/wp\/v2\/media?parent=8762"}],"wp:term":[{"taxonomy":"product_cat","embeddable":true,"href":"http:\/\/recover.lajunglebijoux.com\/es\/wp-json\/wp\/v2\/product_cat?post=8762"},{"taxonomy":"product_tag","embeddable":true,"href":"http:\/\/recover.lajunglebijoux.com\/es\/wp-json\/wp\/v2\/product_tag?post=8762"}],"curies":[{"name":"wp","href":"https:\/\/api.w.org\/{rel}","templated":true}]}}