{"id":8751,"date":"2023-02-09T17:48:42","date_gmt":"2023-02-09T15:48:42","guid":{"rendered":"https:\/\/recover.lajunglebijoux.com\/product\/bague-memento-mori-roses\/"},"modified":"2023-05-25T15:11:01","modified_gmt":"2023-05-25T15:11:01","slug":"bague-memento-mori-roses","status":"publish","type":"product","link":"http:\/\/recover.lajunglebijoux.com\/es\/producto\/bague-memento-mori-roses\/","title":{"rendered":"Anillo Memento Mori Roses"},"content":{"rendered":"","protected":false},"excerpt":{"rendered":"<p>Anillo de calavera y tibias cruzadas con flores rosas como las m\u00e1scaras mexicanas para el D\u00eda de los muertos.<\/p>\n<p>Elecci\u00f3n del acabado en la barra desplegable:<\/p>\n<p>cobre bruto esmaltado en blanco (color rosa)<br \/>\nplata 925 en bruto<br \/>\nplata 925 con p\u00e1tina negra en los ojos, las fosas nasales y los p\u00e9talos de las rosas<br \/>\nTambi\u00e9n disponible en chapado en oro.<\/p>\n<p>Colecci\u00f3n Memento Mori \u00abrecuerda que eres mortal\u00bb en colaboraci\u00f3n con la artista del tatuaje @feverofcreation .<\/p>\n<p>La calavera y las tibias cruzadas son hist\u00f3ricamente uno de los s\u00edmbolos del tatuaje.<\/p>\n<p>Cada anillo se fabrica y esculpe a mano mediante la t\u00e9cnica tradicional de joyer\u00eda de fundici\u00f3n a la cera perdida.<\/p>\n<p>Hecho por encargo, tarda alrededor de 1 mes m\u00e1ximo antes del env\u00edo. Como joyero artesano, soy el \u00fanico que fabrica sus joyas una a una.<\/p>\n<p>Cada pieza se corta, lima, pule o esculpe a mano.<\/p>\n<p>Le agradezco su comprensi\u00f3n y el inter\u00e9s y respeto que tiene por mi trabajo y mi pasi\u00f3n.<\/p>\n<p><strong>El tama\u00f1o del dedo debe indicarse en los comentarios al final del pedido.<\/strong><\/p>\n","protected":false},"featured_media":5814,"comment_status":"open","ping_status":"closed","template":"","meta":{"_acf_changed":false},"product_cat":[127],"product_tag":[],"class_list":{"0":"post-8751","1":"product","2":"type-product","3":"status-publish","4":"has-post-thumbnail","6":"product_cat-memento-mori-es","7":"pa_modele-anillos","8":"pa_modele-joyas-plata","9":"pa_modele-joyas-hombres","10":"pa_theme-joyas-naturaleza","11":"pa_theme-joyas-rock","13":"first","14":"instock","15":"shipping-taxable","16":"purchasable","17":"product-type-variable"},"acf":[],"yoast_head":"<!-- This site is optimized with the Yoast SEO plugin v23.3 - https:\/\/yoast.com\/wordpress\/plugins\/seo\/ -->\n<title>Anillo Memento Mori Roses - La Jungle Bijoux<\/title>\n<meta name=\"robots\" content=\"index, follow, max-snippet:-1, max-image-preview:large, max-video-preview:-1\" \/>\n<link rel=\"canonical\" href=\"http:\/\/recover.lajunglebijoux.com\/es\/producto\/bague-memento-mori-roses\/\" \/>\n<meta property=\"og:locale\" content=\"es_ES\" \/>\n<meta property=\"og:type\" content=\"article\" \/>\n<meta property=\"og:title\" content=\"Anillo Memento Mori Roses - La Jungle Bijoux\" \/>\n<meta property=\"og:description\" content=\"Anillo de calavera y tibias cruzadas con flores rosas como las m\u00e1scaras mexicanas para el D\u00eda de los muertos.  Elecci\u00f3n del acabado en la barra desplegable:  cobre bruto esmaltado en blanco (color rosa) plata 925 en bruto plata 925 con p\u00e1tina negra en los ojos, las fosas nasales y los p\u00e9talos de las rosas Tambi\u00e9n disponible en chapado en oro.  Colecci\u00f3n Memento Mori &quot;recuerda que eres mortal&quot; en colaboraci\u00f3n con la artista del tatuaje @feverofcreation .  La calavera y las tibias cruzadas son hist\u00f3ricamente uno de los s\u00edmbolos del tatuaje.  Cada anillo se fabrica y esculpe a mano mediante la t\u00e9cnica tradicional de joyer\u00eda de fundici\u00f3n a la cera perdida.  Hecho por encargo, tarda alrededor de 1 mes m\u00e1ximo antes del env\u00edo. Como joyero artesano, soy el \u00fanico que fabrica sus joyas una a una.  Cada pieza se corta, lima, pule o esculpe a mano.  Le agradezco su comprensi\u00f3n y el inter\u00e9s y respeto que tiene por mi trabajo y mi pasi\u00f3n.  El tama\u00f1o del dedo debe indicarse en los comentarios al final del pedido.\" \/>\n<meta property=\"og:url\" content=\"http:\/\/recover.lajunglebijoux.com\/es\/producto\/bague-memento-mori-roses\/\" \/>\n<meta property=\"og:site_name\" content=\"La Jungle Bijoux\" \/>\n<meta property=\"article:modified_time\" content=\"2023-05-25T15:11:01+00:00\" \/>\n<meta property=\"og:image\" content=\"http:\/\/recover.lajunglebijoux.com\/wp-content\/uploads\/2023\/02\/IMG_1271-BIS-scaled.jpg\" \/>\n\t<meta property=\"og:image:width\" content=\"2560\" \/>\n\t<meta property=\"og:image:height\" content=\"1709\" \/>\n\t<meta property=\"og:image:type\" content=\"image\/jpeg\" \/>\n<meta name=\"twitter:card\" content=\"summary_large_image\" \/>\n<script type=\"application\/ld+json\" class=\"yoast-schema-graph\">{\"@context\":\"https:\/\/schema.org\",\"@graph\":[{\"@type\":\"WebPage\",\"@id\":\"http:\/\/recover.lajunglebijoux.com\/es\/producto\/bague-memento-mori-roses\/\",\"url\":\"http:\/\/recover.lajunglebijoux.com\/es\/producto\/bague-memento-mori-roses\/\",\"name\":\"Anillo Memento Mori Roses - La Jungle Bijoux\",\"isPartOf\":{\"@id\":\"https:\/\/recover.lajunglebijoux.com\/es\/#website\"},\"primaryImageOfPage\":{\"@id\":\"http:\/\/recover.lajunglebijoux.com\/es\/producto\/bague-memento-mori-roses\/#primaryimage\"},\"image\":{\"@id\":\"http:\/\/recover.lajunglebijoux.com\/es\/producto\/bague-memento-mori-roses\/#primaryimage\"},\"thumbnailUrl\":\"http:\/\/recover.lajunglebijoux.com\/wp-content\/uploads\/2023\/02\/IMG_1271-BIS-scaled.jpg\",\"datePublished\":\"2023-02-09T15:48:42+00:00\",\"dateModified\":\"2023-05-25T15:11:01+00:00\",\"breadcrumb\":{\"@id\":\"http:\/\/recover.lajunglebijoux.com\/es\/producto\/bague-memento-mori-roses\/#breadcrumb\"},\"inLanguage\":\"es\",\"potentialAction\":[{\"@type\":\"ReadAction\",\"target\":[\"http:\/\/recover.lajunglebijoux.com\/es\/producto\/bague-memento-mori-roses\/\"]}]},{\"@type\":\"ImageObject\",\"inLanguage\":\"es\",\"@id\":\"http:\/\/recover.lajunglebijoux.com\/es\/producto\/bague-memento-mori-roses\/#primaryimage\",\"url\":\"http:\/\/recover.lajunglebijoux.com\/wp-content\/uploads\/2023\/02\/IMG_1271-BIS-scaled.jpg\",\"contentUrl\":\"http:\/\/recover.lajunglebijoux.com\/wp-content\/uploads\/2023\/02\/IMG_1271-BIS-scaled.jpg\",\"width\":2560,\"height\":1709,\"caption\":\"bague t\u00eate de mort cuivre\"},{\"@type\":\"BreadcrumbList\",\"@id\":\"http:\/\/recover.lajunglebijoux.com\/es\/producto\/bague-memento-mori-roses\/#breadcrumb\",\"itemListElement\":[{\"@type\":\"ListItem\",\"position\":1,\"name\":\"Portada\",\"item\":\"http:\/\/recover.lajunglebijoux.com\/es\/\"},{\"@type\":\"ListItem\",\"position\":2,\"name\":\"Tienda\",\"item\":\"http:\/\/recover.lajunglebijoux.com\/es\/tienda\/\"},{\"@type\":\"ListItem\",\"position\":3,\"name\":\"Anillo Memento Mori Roses\"}]},{\"@type\":\"WebSite\",\"@id\":\"https:\/\/recover.lajunglebijoux.com\/es\/#website\",\"url\":\"https:\/\/recover.lajunglebijoux.com\/es\/\",\"name\":\"La Jungle Bijoux\",\"description\":\"\",\"publisher\":{\"@id\":\"https:\/\/recover.lajunglebijoux.com\/es\/#organization\"},\"potentialAction\":[{\"@type\":\"SearchAction\",\"target\":{\"@type\":\"EntryPoint\",\"urlTemplate\":\"https:\/\/recover.lajunglebijoux.com\/es\/?s={search_term_string}\"},\"query-input\":\"required name=search_term_string\"}],\"inLanguage\":\"es\"},{\"@type\":\"Organization\",\"@id\":\"https:\/\/recover.lajunglebijoux.com\/es\/#organization\",\"name\":\"La Jungle Bijoux\",\"url\":\"https:\/\/recover.lajunglebijoux.com\/es\/\",\"logo\":{\"@type\":\"ImageObject\",\"inLanguage\":\"es\",\"@id\":\"https:\/\/recover.lajunglebijoux.com\/es\/#\/schema\/logo\/image\/\",\"url\":\"http:\/\/recover.lajunglebijoux.com\/wp-content\/uploads\/2023\/01\/LOGO-FINAL-Fonce.jpg\",\"contentUrl\":\"http:\/\/recover.lajunglebijoux.com\/wp-content\/uploads\/2023\/01\/LOGO-FINAL-Fonce.jpg\",\"width\":900,\"height\":900,\"caption\":\"La Jungle Bijoux\"},\"image\":{\"@id\":\"https:\/\/recover.lajunglebijoux.com\/es\/#\/schema\/logo\/image\/\"}}]}<\/script>\n<!-- \/ Yoast SEO plugin. -->","yoast_head_json":{"title":"Anillo Memento Mori Roses - La Jungle Bijoux","robots":{"index":"index","follow":"follow","max-snippet":"max-snippet:-1","max-image-preview":"max-image-preview:large","max-video-preview":"max-video-preview:-1"},"canonical":"http:\/\/recover.lajunglebijoux.com\/es\/producto\/bague-memento-mori-roses\/","og_locale":"es_ES","og_type":"article","og_title":"Anillo Memento Mori Roses - La Jungle Bijoux","og_description":"Anillo de calavera y tibias cruzadas con flores rosas como las m\u00e1scaras mexicanas para el D\u00eda de los muertos.  Elecci\u00f3n del acabado en la barra desplegable:  cobre bruto esmaltado en blanco (color rosa) plata 925 en bruto plata 925 con p\u00e1tina negra en los ojos, las fosas nasales y los p\u00e9talos de las rosas Tambi\u00e9n disponible en chapado en oro.  Colecci\u00f3n Memento Mori \"recuerda que eres mortal\" en colaboraci\u00f3n con la artista del tatuaje @feverofcreation .  La calavera y las tibias cruzadas son hist\u00f3ricamente uno de los s\u00edmbolos del tatuaje.  Cada anillo se fabrica y esculpe a mano mediante la t\u00e9cnica tradicional de joyer\u00eda de fundici\u00f3n a la cera perdida.  Hecho por encargo, tarda alrededor de 1 mes m\u00e1ximo antes del env\u00edo. Como joyero artesano, soy el \u00fanico que fabrica sus joyas una a una.  Cada pieza se corta, lima, pule o esculpe a mano.  Le agradezco su comprensi\u00f3n y el inter\u00e9s y respeto que tiene por mi trabajo y mi pasi\u00f3n.  El tama\u00f1o del dedo debe indicarse en los comentarios al final del pedido.","og_url":"http:\/\/recover.lajunglebijoux.com\/es\/producto\/bague-memento-mori-roses\/","og_site_name":"La Jungle Bijoux","article_modified_time":"2023-05-25T15:11:01+00:00","og_image":[{"width":2560,"height":1709,"url":"http:\/\/recover.lajunglebijoux.com\/wp-content\/uploads\/2023\/02\/IMG_1271-BIS-scaled.jpg","type":"image\/jpeg"}],"twitter_card":"summary_large_image","schema":{"@context":"https:\/\/schema.org","@graph":[{"@type":"WebPage","@id":"http:\/\/recover.lajunglebijoux.com\/es\/producto\/bague-memento-mori-roses\/","url":"http:\/\/recover.lajunglebijoux.com\/es\/producto\/bague-memento-mori-roses\/","name":"Anillo Memento Mori Roses - La Jungle Bijoux","isPartOf":{"@id":"https:\/\/recover.lajunglebijoux.com\/es\/#website"},"primaryImageOfPage":{"@id":"http:\/\/recover.lajunglebijoux.com\/es\/producto\/bague-memento-mori-roses\/#primaryimage"},"image":{"@id":"http:\/\/recover.lajunglebijoux.com\/es\/producto\/bague-memento-mori-roses\/#primaryimage"},"thumbnailUrl":"http:\/\/recover.lajunglebijoux.com\/wp-content\/uploads\/2023\/02\/IMG_1271-BIS-scaled.jpg","datePublished":"2023-02-09T15:48:42+00:00","dateModified":"2023-05-25T15:11:01+00:00","breadcrumb":{"@id":"http:\/\/recover.lajunglebijoux.com\/es\/producto\/bague-memento-mori-roses\/#breadcrumb"},"inLanguage":"es","potentialAction":[{"@type":"ReadAction","target":["http:\/\/recover.lajunglebijoux.com\/es\/producto\/bague-memento-mori-roses\/"]}]},{"@type":"ImageObject","inLanguage":"es","@id":"http:\/\/recover.lajunglebijoux.com\/es\/producto\/bague-memento-mori-roses\/#primaryimage","url":"http:\/\/recover.lajunglebijoux.com\/wp-content\/uploads\/2023\/02\/IMG_1271-BIS-scaled.jpg","contentUrl":"http:\/\/recover.lajunglebijoux.com\/wp-content\/uploads\/2023\/02\/IMG_1271-BIS-scaled.jpg","width":2560,"height":1709,"caption":"bague t\u00eate de mort cuivre"},{"@type":"BreadcrumbList","@id":"http:\/\/recover.lajunglebijoux.com\/es\/producto\/bague-memento-mori-roses\/#breadcrumb","itemListElement":[{"@type":"ListItem","position":1,"name":"Portada","item":"http:\/\/recover.lajunglebijoux.com\/es\/"},{"@type":"ListItem","position":2,"name":"Tienda","item":"http:\/\/recover.lajunglebijoux.com\/es\/tienda\/"},{"@type":"ListItem","position":3,"name":"Anillo Memento Mori Roses"}]},{"@type":"WebSite","@id":"https:\/\/recover.lajunglebijoux.com\/es\/#website","url":"https:\/\/recover.lajunglebijoux.com\/es\/","name":"La Jungle Bijoux","description":"","publisher":{"@id":"https:\/\/recover.lajunglebijoux.com\/es\/#organization"},"potentialAction":[{"@type":"SearchAction","target":{"@type":"EntryPoint","urlTemplate":"https:\/\/recover.lajunglebijoux.com\/es\/?s={search_term_string}"},"query-input":"required name=search_term_string"}],"inLanguage":"es"},{"@type":"Organization","@id":"https:\/\/recover.lajunglebijoux.com\/es\/#organization","name":"La Jungle Bijoux","url":"https:\/\/recover.lajunglebijoux.com\/es\/","logo":{"@type":"ImageObject","inLanguage":"es","@id":"https:\/\/recover.lajunglebijoux.com\/es\/#\/schema\/logo\/image\/","url":"http:\/\/recover.lajunglebijoux.com\/wp-content\/uploads\/2023\/01\/LOGO-FINAL-Fonce.jpg","contentUrl":"http:\/\/recover.lajunglebijoux.com\/wp-content\/uploads\/2023\/01\/LOGO-FINAL-Fonce.jpg","width":900,"height":900,"caption":"La Jungle Bijoux"},"image":{"@id":"https:\/\/recover.lajunglebijoux.com\/es\/#\/schema\/logo\/image\/"}}]}},"_links":{"self":[{"href":"http:\/\/recover.lajunglebijoux.com\/es\/wp-json\/wp\/v2\/product\/8751","targetHints":{"allow":["GET"]}}],"collection":[{"href":"http:\/\/recover.lajunglebijoux.com\/es\/wp-json\/wp\/v2\/product"}],"about":[{"href":"http:\/\/recover.lajunglebijoux.com\/es\/wp-json\/wp\/v2\/types\/product"}],"replies":[{"embeddable":true,"href":"http:\/\/recover.lajunglebijoux.com\/es\/wp-json\/wp\/v2\/comments?post=8751"}],"wp:featuredmedia":[{"embeddable":true,"href":"http:\/\/recover.lajunglebijoux.com\/es\/wp-json\/wp\/v2\/media\/5814"}],"wp:attachment":[{"href":"http:\/\/recover.lajunglebijoux.com\/es\/wp-json\/wp\/v2\/media?parent=8751"}],"wp:term":[{"taxonomy":"product_cat","embeddable":true,"href":"http:\/\/recover.lajunglebijoux.com\/es\/wp-json\/wp\/v2\/product_cat?post=8751"},{"taxonomy":"product_tag","embeddable":true,"href":"http:\/\/recover.lajunglebijoux.com\/es\/wp-json\/wp\/v2\/product_tag?post=8751"}],"curies":[{"name":"wp","href":"https:\/\/api.w.org\/{rel}","templated":true}]}}