{"id":8733,"date":"2023-03-06T15:33:56","date_gmt":"2023-03-06T13:33:56","guid":{"rendered":"https:\/\/recover.lajunglebijoux.com\/product\/lemon-queen-bague-couronne-or\/"},"modified":"2023-05-26T08:21:35","modified_gmt":"2023-05-26T08:21:35","slug":"lemon-queen-bague-couronne-or","status":"publish","type":"product","link":"http:\/\/recover.lajunglebijoux.com\/es\/producto\/lemon-queen-bague-couronne-or\/","title":{"rendered":"LEMON QUEEN- anillo corona de oro"},"content":{"rendered":"","protected":false},"excerpt":{"rendered":"<p>Anillo corona de oro, tama\u00f1o ajustable.<\/p>\n<p>Dorado con oro fino de 1 micra.<\/p>\n<p>Resistente a la vida, a la ducha, al sue\u00f1o&#8230;<\/p>\n<p>Disponible en versi\u00f3n plateada.<\/p>\n<p>En garant\u00eda, consulte la p\u00e1gina de garant\u00eda.<\/p>\n<h2>Reina del lim\u00f3n, \u00bfpor qu\u00e9 este nombre?<\/h2>\n<p>Es un peque\u00f1o gui\u00f1o a Queen B, Beyonc\u00e9 y su \u00e1lbum Lemonade. Esa mujer que muchos consideran una reina feminista y que a m\u00ed me parece muy inspiradora por el lugar que se ha permitido ocupar en el mundo, por ciertos mensajes que transmite y \u00a1porque no tiene miedo a brillar!<\/p>\n<h2>El simbolismo del anillo corona :<\/h2>\n<p>Este anillo corona representa para m\u00ed el poder que toda mujer tiene sobre su vida. Ser la reina de nuestro reino puede significar que tenemos el poder de decidir qu\u00e9 queremos introducir en nuestro espacio vital. Tenemos el poder de cultivar los valores que apreciamos, que valoramos, y nada ni nadie puede contaminar ese reino sin nuestro consentimiento.<\/p>\n","protected":false},"featured_media":6682,"comment_status":"open","ping_status":"closed","template":"","meta":{"_acf_changed":false},"product_cat":[141],"product_tag":[],"class_list":{"0":"post-8733","1":"product","2":"type-product","3":"status-publish","4":"has-post-thumbnail","6":"product_cat-vitamin-summer-vibes-es","7":"pa_modele-anillos","8":"pa_theme-joyas-bienestar","10":"first","11":"instock","12":"sale","13":"shipping-taxable","14":"purchasable","15":"product-type-simple"},"acf":[],"yoast_head":"<!-- This site is optimized with the Yoast SEO plugin v23.3 - https:\/\/yoast.com\/wordpress\/plugins\/seo\/ -->\n<title>LEMON QUEEN- anillo corona de oro - La Jungle Bijoux<\/title>\n<meta name=\"description\" content=\"Adopta un elegante anillo corona con sus motivos cincelados en metal dorado. \u00a1Deja que brille la reina que hay en ti!\" \/>\n<meta name=\"robots\" content=\"index, follow, max-snippet:-1, max-image-preview:large, max-video-preview:-1\" \/>\n<link rel=\"canonical\" href=\"http:\/\/recover.lajunglebijoux.com\/es\/producto\/lemon-queen-bague-couronne-or\/\" \/>\n<meta property=\"og:locale\" content=\"es_ES\" \/>\n<meta property=\"og:type\" content=\"article\" \/>\n<meta property=\"og:title\" content=\"LEMON QUEEN- anillo corona de oro - La Jungle Bijoux\" \/>\n<meta property=\"og:description\" content=\"Adopta un elegante anillo corona con sus motivos cincelados en metal dorado. \u00a1Deja que brille la reina que hay en ti!\" \/>\n<meta property=\"og:url\" content=\"http:\/\/recover.lajunglebijoux.com\/es\/producto\/lemon-queen-bague-couronne-or\/\" \/>\n<meta property=\"og:site_name\" content=\"La Jungle Bijoux\" \/>\n<meta property=\"article:modified_time\" content=\"2023-05-26T08:21:35+00:00\" \/>\n<meta property=\"og:image\" content=\"http:\/\/recover.lajunglebijoux.com\/wp-content\/uploads\/2023\/03\/COUVERTURE-LEMON-QUEEN.jpg\" \/>\n\t<meta property=\"og:image:width\" content=\"2326\" \/>\n\t<meta property=\"og:image:height\" content=\"1553\" \/>\n\t<meta property=\"og:image:type\" content=\"image\/jpeg\" \/>\n<meta name=\"twitter:card\" content=\"summary_large_image\" \/>\n<script type=\"application\/ld+json\" class=\"yoast-schema-graph\">{\"@context\":\"https:\/\/schema.org\",\"@graph\":[{\"@type\":\"WebPage\",\"@id\":\"http:\/\/recover.lajunglebijoux.com\/es\/producto\/lemon-queen-bague-couronne-or\/\",\"url\":\"http:\/\/recover.lajunglebijoux.com\/es\/producto\/lemon-queen-bague-couronne-or\/\",\"name\":\"LEMON QUEEN- anillo corona de oro - La Jungle Bijoux\",\"isPartOf\":{\"@id\":\"https:\/\/recover.lajunglebijoux.com\/es\/#website\"},\"primaryImageOfPage\":{\"@id\":\"http:\/\/recover.lajunglebijoux.com\/es\/producto\/lemon-queen-bague-couronne-or\/#primaryimage\"},\"image\":{\"@id\":\"http:\/\/recover.lajunglebijoux.com\/es\/producto\/lemon-queen-bague-couronne-or\/#primaryimage\"},\"thumbnailUrl\":\"http:\/\/recover.lajunglebijoux.com\/wp-content\/uploads\/2023\/03\/COUVERTURE-LEMON-QUEEN.jpg\",\"datePublished\":\"2023-03-06T13:33:56+00:00\",\"dateModified\":\"2023-05-26T08:21:35+00:00\",\"description\":\"Adopta un elegante anillo corona con sus motivos cincelados en metal dorado. \u00a1Deja que brille la reina que hay en ti!\",\"breadcrumb\":{\"@id\":\"http:\/\/recover.lajunglebijoux.com\/es\/producto\/lemon-queen-bague-couronne-or\/#breadcrumb\"},\"inLanguage\":\"es\",\"potentialAction\":[{\"@type\":\"ReadAction\",\"target\":[\"http:\/\/recover.lajunglebijoux.com\/es\/producto\/lemon-queen-bague-couronne-or\/\"]}]},{\"@type\":\"ImageObject\",\"inLanguage\":\"es\",\"@id\":\"http:\/\/recover.lajunglebijoux.com\/es\/producto\/lemon-queen-bague-couronne-or\/#primaryimage\",\"url\":\"http:\/\/recover.lajunglebijoux.com\/wp-content\/uploads\/2023\/03\/COUVERTURE-LEMON-QUEEN.jpg\",\"contentUrl\":\"http:\/\/recover.lajunglebijoux.com\/wp-content\/uploads\/2023\/03\/COUVERTURE-LEMON-QUEEN.jpg\",\"width\":2326,\"height\":1553,\"caption\":\"bague couronne femme\"},{\"@type\":\"BreadcrumbList\",\"@id\":\"http:\/\/recover.lajunglebijoux.com\/es\/producto\/lemon-queen-bague-couronne-or\/#breadcrumb\",\"itemListElement\":[{\"@type\":\"ListItem\",\"position\":1,\"name\":\"Portada\",\"item\":\"http:\/\/recover.lajunglebijoux.com\/es\/\"},{\"@type\":\"ListItem\",\"position\":2,\"name\":\"Tienda\",\"item\":\"http:\/\/recover.lajunglebijoux.com\/es\/tienda\/\"},{\"@type\":\"ListItem\",\"position\":3,\"name\":\"LEMON QUEEN- anillo corona de oro\"}]},{\"@type\":\"WebSite\",\"@id\":\"https:\/\/recover.lajunglebijoux.com\/es\/#website\",\"url\":\"https:\/\/recover.lajunglebijoux.com\/es\/\",\"name\":\"La Jungle Bijoux\",\"description\":\"\",\"publisher\":{\"@id\":\"https:\/\/recover.lajunglebijoux.com\/es\/#organization\"},\"potentialAction\":[{\"@type\":\"SearchAction\",\"target\":{\"@type\":\"EntryPoint\",\"urlTemplate\":\"https:\/\/recover.lajunglebijoux.com\/es\/?s={search_term_string}\"},\"query-input\":\"required name=search_term_string\"}],\"inLanguage\":\"es\"},{\"@type\":\"Organization\",\"@id\":\"https:\/\/recover.lajunglebijoux.com\/es\/#organization\",\"name\":\"La Jungle Bijoux\",\"url\":\"https:\/\/recover.lajunglebijoux.com\/es\/\",\"logo\":{\"@type\":\"ImageObject\",\"inLanguage\":\"es\",\"@id\":\"https:\/\/recover.lajunglebijoux.com\/es\/#\/schema\/logo\/image\/\",\"url\":\"http:\/\/recover.lajunglebijoux.com\/wp-content\/uploads\/2023\/01\/LOGO-FINAL-Fonce.jpg\",\"contentUrl\":\"http:\/\/recover.lajunglebijoux.com\/wp-content\/uploads\/2023\/01\/LOGO-FINAL-Fonce.jpg\",\"width\":900,\"height\":900,\"caption\":\"La Jungle Bijoux\"},\"image\":{\"@id\":\"https:\/\/recover.lajunglebijoux.com\/es\/#\/schema\/logo\/image\/\"}}]}<\/script>\n<!-- \/ Yoast SEO plugin. -->","yoast_head_json":{"title":"LEMON QUEEN- anillo corona de oro - La Jungle Bijoux","description":"Adopta un elegante anillo corona con sus motivos cincelados en metal dorado. \u00a1Deja que brille la reina que hay en ti!","robots":{"index":"index","follow":"follow","max-snippet":"max-snippet:-1","max-image-preview":"max-image-preview:large","max-video-preview":"max-video-preview:-1"},"canonical":"http:\/\/recover.lajunglebijoux.com\/es\/producto\/lemon-queen-bague-couronne-or\/","og_locale":"es_ES","og_type":"article","og_title":"LEMON QUEEN- anillo corona de oro - La Jungle Bijoux","og_description":"Adopta un elegante anillo corona con sus motivos cincelados en metal dorado. \u00a1Deja que brille la reina que hay en ti!","og_url":"http:\/\/recover.lajunglebijoux.com\/es\/producto\/lemon-queen-bague-couronne-or\/","og_site_name":"La Jungle Bijoux","article_modified_time":"2023-05-26T08:21:35+00:00","og_image":[{"width":2326,"height":1553,"url":"http:\/\/recover.lajunglebijoux.com\/wp-content\/uploads\/2023\/03\/COUVERTURE-LEMON-QUEEN.jpg","type":"image\/jpeg"}],"twitter_card":"summary_large_image","schema":{"@context":"https:\/\/schema.org","@graph":[{"@type":"WebPage","@id":"http:\/\/recover.lajunglebijoux.com\/es\/producto\/lemon-queen-bague-couronne-or\/","url":"http:\/\/recover.lajunglebijoux.com\/es\/producto\/lemon-queen-bague-couronne-or\/","name":"LEMON QUEEN- anillo corona de oro - La Jungle Bijoux","isPartOf":{"@id":"https:\/\/recover.lajunglebijoux.com\/es\/#website"},"primaryImageOfPage":{"@id":"http:\/\/recover.lajunglebijoux.com\/es\/producto\/lemon-queen-bague-couronne-or\/#primaryimage"},"image":{"@id":"http:\/\/recover.lajunglebijoux.com\/es\/producto\/lemon-queen-bague-couronne-or\/#primaryimage"},"thumbnailUrl":"http:\/\/recover.lajunglebijoux.com\/wp-content\/uploads\/2023\/03\/COUVERTURE-LEMON-QUEEN.jpg","datePublished":"2023-03-06T13:33:56+00:00","dateModified":"2023-05-26T08:21:35+00:00","description":"Adopta un elegante anillo corona con sus motivos cincelados en metal dorado. \u00a1Deja que brille la reina que hay en ti!","breadcrumb":{"@id":"http:\/\/recover.lajunglebijoux.com\/es\/producto\/lemon-queen-bague-couronne-or\/#breadcrumb"},"inLanguage":"es","potentialAction":[{"@type":"ReadAction","target":["http:\/\/recover.lajunglebijoux.com\/es\/producto\/lemon-queen-bague-couronne-or\/"]}]},{"@type":"ImageObject","inLanguage":"es","@id":"http:\/\/recover.lajunglebijoux.com\/es\/producto\/lemon-queen-bague-couronne-or\/#primaryimage","url":"http:\/\/recover.lajunglebijoux.com\/wp-content\/uploads\/2023\/03\/COUVERTURE-LEMON-QUEEN.jpg","contentUrl":"http:\/\/recover.lajunglebijoux.com\/wp-content\/uploads\/2023\/03\/COUVERTURE-LEMON-QUEEN.jpg","width":2326,"height":1553,"caption":"bague couronne femme"},{"@type":"BreadcrumbList","@id":"http:\/\/recover.lajunglebijoux.com\/es\/producto\/lemon-queen-bague-couronne-or\/#breadcrumb","itemListElement":[{"@type":"ListItem","position":1,"name":"Portada","item":"http:\/\/recover.lajunglebijoux.com\/es\/"},{"@type":"ListItem","position":2,"name":"Tienda","item":"http:\/\/recover.lajunglebijoux.com\/es\/tienda\/"},{"@type":"ListItem","position":3,"name":"LEMON QUEEN- anillo corona de oro"}]},{"@type":"WebSite","@id":"https:\/\/recover.lajunglebijoux.com\/es\/#website","url":"https:\/\/recover.lajunglebijoux.com\/es\/","name":"La Jungle Bijoux","description":"","publisher":{"@id":"https:\/\/recover.lajunglebijoux.com\/es\/#organization"},"potentialAction":[{"@type":"SearchAction","target":{"@type":"EntryPoint","urlTemplate":"https:\/\/recover.lajunglebijoux.com\/es\/?s={search_term_string}"},"query-input":"required name=search_term_string"}],"inLanguage":"es"},{"@type":"Organization","@id":"https:\/\/recover.lajunglebijoux.com\/es\/#organization","name":"La Jungle Bijoux","url":"https:\/\/recover.lajunglebijoux.com\/es\/","logo":{"@type":"ImageObject","inLanguage":"es","@id":"https:\/\/recover.lajunglebijoux.com\/es\/#\/schema\/logo\/image\/","url":"http:\/\/recover.lajunglebijoux.com\/wp-content\/uploads\/2023\/01\/LOGO-FINAL-Fonce.jpg","contentUrl":"http:\/\/recover.lajunglebijoux.com\/wp-content\/uploads\/2023\/01\/LOGO-FINAL-Fonce.jpg","width":900,"height":900,"caption":"La Jungle Bijoux"},"image":{"@id":"https:\/\/recover.lajunglebijoux.com\/es\/#\/schema\/logo\/image\/"}}]}},"_links":{"self":[{"href":"http:\/\/recover.lajunglebijoux.com\/es\/wp-json\/wp\/v2\/product\/8733","targetHints":{"allow":["GET"]}}],"collection":[{"href":"http:\/\/recover.lajunglebijoux.com\/es\/wp-json\/wp\/v2\/product"}],"about":[{"href":"http:\/\/recover.lajunglebijoux.com\/es\/wp-json\/wp\/v2\/types\/product"}],"replies":[{"embeddable":true,"href":"http:\/\/recover.lajunglebijoux.com\/es\/wp-json\/wp\/v2\/comments?post=8733"}],"wp:featuredmedia":[{"embeddable":true,"href":"http:\/\/recover.lajunglebijoux.com\/es\/wp-json\/wp\/v2\/media\/6682"}],"wp:attachment":[{"href":"http:\/\/recover.lajunglebijoux.com\/es\/wp-json\/wp\/v2\/media?parent=8733"}],"wp:term":[{"taxonomy":"product_cat","embeddable":true,"href":"http:\/\/recover.lajunglebijoux.com\/es\/wp-json\/wp\/v2\/product_cat?post=8733"},{"taxonomy":"product_tag","embeddable":true,"href":"http:\/\/recover.lajunglebijoux.com\/es\/wp-json\/wp\/v2\/product_tag?post=8733"}],"curies":[{"name":"wp","href":"https:\/\/api.w.org\/{rel}","templated":true}]}}