{"id":8725,"date":"2023-04-04T19:57:05","date_gmt":"2023-04-04T17:57:05","guid":{"rendered":"https:\/\/recover.lajunglebijoux.com\/product\/beautiful-strong-collier-personnalisable\/"},"modified":"2023-05-25T14:13:32","modified_gmt":"2023-05-25T14:13:32","slug":"beautiful-strong-collier-personnalisable","status":"publish","type":"product","link":"http:\/\/recover.lajunglebijoux.com\/es\/producto\/beautiful-strong-collier-personnalisable\/","title":{"rendered":"Beautiful &#038; Strong &#8211; collar personalizable"},"content":{"rendered":"","protected":false},"excerpt":{"rendered":"<p>Collier en colaboraci\u00f3n con Sarah\/Inspire Ose Aime, coach de vida y negocios, liderazgo inspirador, energ\u00eda y mentalidad. Acompa\u00f1a a las mujeres a reconectar con su unicidad, sus talentos, su alegr\u00eda de vivir &#8230;<\/p>\n<p>Oro fino de 24 quilates de alta resistencia sobre base de lat\u00f3n.<\/p>\n<p>Longitud 40 cm + 5cm cadena de extensi\u00f3n<\/p>\n<p>Talla ajustable m\u00e1s larga o m\u00e1s corta gracias a los eslabones de la cadena.<\/p>\n<p><strong>La estrella:<\/strong> La estrella brillante es s\u00edmbolo de armon\u00eda, vitalidad, belleza y salud. Sus ramas captan las energ\u00edas positivas y nos invitan a dar rienda suelta a nuestra sensibilidad y empat\u00eda.<br \/>\n<strong>La mano:<\/strong> La mano conecta el esp\u00edritu y el alma con la materia. Es un amuleto que nos invita a ponernos en acci\u00f3n para sentirnos verdaderamente en el asiento del conductor de nuestras vidas. No hay dos manos iguales, ni dos huellas dactilares id\u00e9nticas, por eso es un signo de singularidad: \u00a1t\u00fa eres \u00fanico!<br \/>\n<strong>La Luna:<\/strong> La Luna representa a la mujer y la energ\u00eda femenina por excelencia. Por su ciclo, es sin\u00f3nimo de cambio y renacimiento. Tambi\u00e9n es un s\u00edmbolo de creaci\u00f3n: \u00bfcu\u00e1l es la vida que quieres crear para ti?<br \/>\n<strong>La Estrella Polar:<\/strong> Se dice que la Estrella Polar trae buena suerte porque act\u00faa como gu\u00eda para mostrarnos qu\u00e9 camino tomar en nuestras vidas.<br \/>\n<strong>El amuleto del sol<\/strong>, m\u00e1s grande y situado en el centro. El sol es la energ\u00eda YANG, una energ\u00eda que mira hacia fuera, hacia lo que nos rodea. El sol tambi\u00e9n invita al sentimiento de gratitud porque permite la vida.<\/p>\n<p>Y, por \u00faltimo, el amuleto del sol, m\u00e1s grande y situado en el centro.<\/p>\n<p>Las fotos de las joyas puestas no son necesariamente con el mismo mensaje grabado. Est\u00e1n ah\u00ed para mostrarte c\u00f3mo quedan los distintos amuletos con diferentes combinaciones. Todas las medallas de las colecciones Modern Goddess e Inspire Dare Love tienen el mismo di\u00e1metro.<\/p>\n<h2>Haz una compra solidaria y apoya a la asociaci\u00f3n Women For Women<\/h2>\n<p>El 5% de <strong>las ventas<\/strong> de la colecci\u00f3n se donar\u00e1 a <strong>Women For Women,<\/strong> que en pa\u00edses afectados por conflictos y guerras ayuda a las mujeres a ganar y ahorrar dinero, mejorar su salud y bienestar, influir en las decisiones de sus hogares y comunidades y conectar con redes de apoyo.<\/p>\n","protected":false},"featured_media":7365,"comment_status":"open","ping_status":"closed","template":"","meta":{"_acf_changed":false},"product_cat":[124,71],"product_tag":[],"class_list":{"0":"post-8725","1":"product","2":"type-product","3":"status-publish","4":"has-post-thumbnail","6":"product_cat-joyas-personalizables","7":"product_cat-inspirar-atreverse-amar","8":"pa_modele-collares","9":"pa_modele-personalizables","10":"pa_theme-joyas-bienestar","12":"first","13":"outofstock","14":"shipping-taxable","15":"purchasable","16":"product-type-variable"},"acf":[],"yoast_head":"<!-- This site is optimized with the Yoast SEO plugin v23.3 - https:\/\/yoast.com\/wordpress\/plugins\/seo\/ -->\n<title>Beautiful &amp; Strong - collar personalizable - La Jungle Bijoux<\/title>\n<meta name=\"description\" content=\"\u00a1Hermoso y fuerte! Personaliza este collar con un mensaje simb\u00f3lico y el grigris que elijas: estrella polar, sol, luna, mano... Collar personalizable.\" \/>\n<meta name=\"robots\" content=\"index, follow, max-snippet:-1, max-image-preview:large, max-video-preview:-1\" \/>\n<link rel=\"canonical\" href=\"http:\/\/recover.lajunglebijoux.com\/es\/producto\/beautiful-strong-collier-personnalisable\/\" \/>\n<meta property=\"og:locale\" content=\"es_ES\" \/>\n<meta property=\"og:type\" content=\"article\" \/>\n<meta property=\"og:title\" content=\"Beautiful &amp; Strong - collar personalizable - La Jungle Bijoux\" \/>\n<meta property=\"og:description\" content=\"\u00a1Hermoso y fuerte! Personaliza este collar con un mensaje simb\u00f3lico y el grigris que elijas: estrella polar, sol, luna, mano... Collar personalizable.\" \/>\n<meta property=\"og:url\" content=\"http:\/\/recover.lajunglebijoux.com\/es\/producto\/beautiful-strong-collier-personnalisable\/\" \/>\n<meta property=\"og:site_name\" content=\"La Jungle Bijoux\" \/>\n<meta property=\"article:modified_time\" content=\"2023-05-25T14:13:32+00:00\" \/>\n<meta property=\"og:image\" content=\"http:\/\/recover.lajunglebijoux.com\/wp-content\/uploads\/2023\/04\/IMG_20211017_124004-1.jpg\" \/>\n\t<meta property=\"og:image:width\" content=\"2288\" \/>\n\t<meta property=\"og:image:height\" content=\"2288\" \/>\n\t<meta property=\"og:image:type\" content=\"image\/jpeg\" \/>\n<meta name=\"twitter:card\" content=\"summary_large_image\" \/>\n<script type=\"application\/ld+json\" class=\"yoast-schema-graph\">{\"@context\":\"https:\/\/schema.org\",\"@graph\":[{\"@type\":\"WebPage\",\"@id\":\"http:\/\/recover.lajunglebijoux.com\/es\/producto\/beautiful-strong-collier-personnalisable\/\",\"url\":\"http:\/\/recover.lajunglebijoux.com\/es\/producto\/beautiful-strong-collier-personnalisable\/\",\"name\":\"Beautiful & Strong - collar personalizable - La Jungle Bijoux\",\"isPartOf\":{\"@id\":\"https:\/\/recover.lajunglebijoux.com\/es\/#website\"},\"primaryImageOfPage\":{\"@id\":\"http:\/\/recover.lajunglebijoux.com\/es\/producto\/beautiful-strong-collier-personnalisable\/#primaryimage\"},\"image\":{\"@id\":\"http:\/\/recover.lajunglebijoux.com\/es\/producto\/beautiful-strong-collier-personnalisable\/#primaryimage\"},\"thumbnailUrl\":\"http:\/\/recover.lajunglebijoux.com\/wp-content\/uploads\/2023\/04\/IMG_20211017_124004-1.jpg\",\"datePublished\":\"2023-04-04T17:57:05+00:00\",\"dateModified\":\"2023-05-25T14:13:32+00:00\",\"description\":\"\u00a1Hermoso y fuerte! Personaliza este collar con un mensaje simb\u00f3lico y el grigris que elijas: estrella polar, sol, luna, mano... Collar personalizable.\",\"breadcrumb\":{\"@id\":\"http:\/\/recover.lajunglebijoux.com\/es\/producto\/beautiful-strong-collier-personnalisable\/#breadcrumb\"},\"inLanguage\":\"es\",\"potentialAction\":[{\"@type\":\"ReadAction\",\"target\":[\"http:\/\/recover.lajunglebijoux.com\/es\/producto\/beautiful-strong-collier-personnalisable\/\"]}]},{\"@type\":\"ImageObject\",\"inLanguage\":\"es\",\"@id\":\"http:\/\/recover.lajunglebijoux.com\/es\/producto\/beautiful-strong-collier-personnalisable\/#primaryimage\",\"url\":\"http:\/\/recover.lajunglebijoux.com\/wp-content\/uploads\/2023\/04\/IMG_20211017_124004-1.jpg\",\"contentUrl\":\"http:\/\/recover.lajunglebijoux.com\/wp-content\/uploads\/2023\/04\/IMG_20211017_124004-1.jpg\",\"width\":2288,\"height\":2288,\"caption\":\"collier beautiful and strong\"},{\"@type\":\"BreadcrumbList\",\"@id\":\"http:\/\/recover.lajunglebijoux.com\/es\/producto\/beautiful-strong-collier-personnalisable\/#breadcrumb\",\"itemListElement\":[{\"@type\":\"ListItem\",\"position\":1,\"name\":\"Portada\",\"item\":\"http:\/\/recover.lajunglebijoux.com\/es\/\"},{\"@type\":\"ListItem\",\"position\":2,\"name\":\"Tienda\",\"item\":\"http:\/\/recover.lajunglebijoux.com\/es\/tienda\/\"},{\"@type\":\"ListItem\",\"position\":3,\"name\":\"Beautiful &#038; Strong &#8211; collar personalizable\"}]},{\"@type\":\"WebSite\",\"@id\":\"https:\/\/recover.lajunglebijoux.com\/es\/#website\",\"url\":\"https:\/\/recover.lajunglebijoux.com\/es\/\",\"name\":\"La Jungle Bijoux\",\"description\":\"\",\"publisher\":{\"@id\":\"https:\/\/recover.lajunglebijoux.com\/es\/#organization\"},\"potentialAction\":[{\"@type\":\"SearchAction\",\"target\":{\"@type\":\"EntryPoint\",\"urlTemplate\":\"https:\/\/recover.lajunglebijoux.com\/es\/?s={search_term_string}\"},\"query-input\":\"required name=search_term_string\"}],\"inLanguage\":\"es\"},{\"@type\":\"Organization\",\"@id\":\"https:\/\/recover.lajunglebijoux.com\/es\/#organization\",\"name\":\"La Jungle Bijoux\",\"url\":\"https:\/\/recover.lajunglebijoux.com\/es\/\",\"logo\":{\"@type\":\"ImageObject\",\"inLanguage\":\"es\",\"@id\":\"https:\/\/recover.lajunglebijoux.com\/es\/#\/schema\/logo\/image\/\",\"url\":\"http:\/\/recover.lajunglebijoux.com\/wp-content\/uploads\/2023\/01\/LOGO-FINAL-Fonce.jpg\",\"contentUrl\":\"http:\/\/recover.lajunglebijoux.com\/wp-content\/uploads\/2023\/01\/LOGO-FINAL-Fonce.jpg\",\"width\":900,\"height\":900,\"caption\":\"La Jungle Bijoux\"},\"image\":{\"@id\":\"https:\/\/recover.lajunglebijoux.com\/es\/#\/schema\/logo\/image\/\"}}]}<\/script>\n<!-- \/ Yoast SEO plugin. -->","yoast_head_json":{"title":"Beautiful & Strong - collar personalizable - La Jungle Bijoux","description":"\u00a1Hermoso y fuerte! Personaliza este collar con un mensaje simb\u00f3lico y el grigris que elijas: estrella polar, sol, luna, mano... Collar personalizable.","robots":{"index":"index","follow":"follow","max-snippet":"max-snippet:-1","max-image-preview":"max-image-preview:large","max-video-preview":"max-video-preview:-1"},"canonical":"http:\/\/recover.lajunglebijoux.com\/es\/producto\/beautiful-strong-collier-personnalisable\/","og_locale":"es_ES","og_type":"article","og_title":"Beautiful & Strong - collar personalizable - La Jungle Bijoux","og_description":"\u00a1Hermoso y fuerte! Personaliza este collar con un mensaje simb\u00f3lico y el grigris que elijas: estrella polar, sol, luna, mano... Collar personalizable.","og_url":"http:\/\/recover.lajunglebijoux.com\/es\/producto\/beautiful-strong-collier-personnalisable\/","og_site_name":"La Jungle Bijoux","article_modified_time":"2023-05-25T14:13:32+00:00","og_image":[{"width":2288,"height":2288,"url":"http:\/\/recover.lajunglebijoux.com\/wp-content\/uploads\/2023\/04\/IMG_20211017_124004-1.jpg","type":"image\/jpeg"}],"twitter_card":"summary_large_image","schema":{"@context":"https:\/\/schema.org","@graph":[{"@type":"WebPage","@id":"http:\/\/recover.lajunglebijoux.com\/es\/producto\/beautiful-strong-collier-personnalisable\/","url":"http:\/\/recover.lajunglebijoux.com\/es\/producto\/beautiful-strong-collier-personnalisable\/","name":"Beautiful & Strong - collar personalizable - La Jungle Bijoux","isPartOf":{"@id":"https:\/\/recover.lajunglebijoux.com\/es\/#website"},"primaryImageOfPage":{"@id":"http:\/\/recover.lajunglebijoux.com\/es\/producto\/beautiful-strong-collier-personnalisable\/#primaryimage"},"image":{"@id":"http:\/\/recover.lajunglebijoux.com\/es\/producto\/beautiful-strong-collier-personnalisable\/#primaryimage"},"thumbnailUrl":"http:\/\/recover.lajunglebijoux.com\/wp-content\/uploads\/2023\/04\/IMG_20211017_124004-1.jpg","datePublished":"2023-04-04T17:57:05+00:00","dateModified":"2023-05-25T14:13:32+00:00","description":"\u00a1Hermoso y fuerte! Personaliza este collar con un mensaje simb\u00f3lico y el grigris que elijas: estrella polar, sol, luna, mano... Collar personalizable.","breadcrumb":{"@id":"http:\/\/recover.lajunglebijoux.com\/es\/producto\/beautiful-strong-collier-personnalisable\/#breadcrumb"},"inLanguage":"es","potentialAction":[{"@type":"ReadAction","target":["http:\/\/recover.lajunglebijoux.com\/es\/producto\/beautiful-strong-collier-personnalisable\/"]}]},{"@type":"ImageObject","inLanguage":"es","@id":"http:\/\/recover.lajunglebijoux.com\/es\/producto\/beautiful-strong-collier-personnalisable\/#primaryimage","url":"http:\/\/recover.lajunglebijoux.com\/wp-content\/uploads\/2023\/04\/IMG_20211017_124004-1.jpg","contentUrl":"http:\/\/recover.lajunglebijoux.com\/wp-content\/uploads\/2023\/04\/IMG_20211017_124004-1.jpg","width":2288,"height":2288,"caption":"collier beautiful and strong"},{"@type":"BreadcrumbList","@id":"http:\/\/recover.lajunglebijoux.com\/es\/producto\/beautiful-strong-collier-personnalisable\/#breadcrumb","itemListElement":[{"@type":"ListItem","position":1,"name":"Portada","item":"http:\/\/recover.lajunglebijoux.com\/es\/"},{"@type":"ListItem","position":2,"name":"Tienda","item":"http:\/\/recover.lajunglebijoux.com\/es\/tienda\/"},{"@type":"ListItem","position":3,"name":"Beautiful &#038; Strong &#8211; collar personalizable"}]},{"@type":"WebSite","@id":"https:\/\/recover.lajunglebijoux.com\/es\/#website","url":"https:\/\/recover.lajunglebijoux.com\/es\/","name":"La Jungle Bijoux","description":"","publisher":{"@id":"https:\/\/recover.lajunglebijoux.com\/es\/#organization"},"potentialAction":[{"@type":"SearchAction","target":{"@type":"EntryPoint","urlTemplate":"https:\/\/recover.lajunglebijoux.com\/es\/?s={search_term_string}"},"query-input":"required name=search_term_string"}],"inLanguage":"es"},{"@type":"Organization","@id":"https:\/\/recover.lajunglebijoux.com\/es\/#organization","name":"La Jungle Bijoux","url":"https:\/\/recover.lajunglebijoux.com\/es\/","logo":{"@type":"ImageObject","inLanguage":"es","@id":"https:\/\/recover.lajunglebijoux.com\/es\/#\/schema\/logo\/image\/","url":"http:\/\/recover.lajunglebijoux.com\/wp-content\/uploads\/2023\/01\/LOGO-FINAL-Fonce.jpg","contentUrl":"http:\/\/recover.lajunglebijoux.com\/wp-content\/uploads\/2023\/01\/LOGO-FINAL-Fonce.jpg","width":900,"height":900,"caption":"La Jungle Bijoux"},"image":{"@id":"https:\/\/recover.lajunglebijoux.com\/es\/#\/schema\/logo\/image\/"}}]}},"_links":{"self":[{"href":"http:\/\/recover.lajunglebijoux.com\/es\/wp-json\/wp\/v2\/product\/8725","targetHints":{"allow":["GET"]}}],"collection":[{"href":"http:\/\/recover.lajunglebijoux.com\/es\/wp-json\/wp\/v2\/product"}],"about":[{"href":"http:\/\/recover.lajunglebijoux.com\/es\/wp-json\/wp\/v2\/types\/product"}],"replies":[{"embeddable":true,"href":"http:\/\/recover.lajunglebijoux.com\/es\/wp-json\/wp\/v2\/comments?post=8725"}],"wp:featuredmedia":[{"embeddable":true,"href":"http:\/\/recover.lajunglebijoux.com\/es\/wp-json\/wp\/v2\/media\/7365"}],"wp:attachment":[{"href":"http:\/\/recover.lajunglebijoux.com\/es\/wp-json\/wp\/v2\/media?parent=8725"}],"wp:term":[{"taxonomy":"product_cat","embeddable":true,"href":"http:\/\/recover.lajunglebijoux.com\/es\/wp-json\/wp\/v2\/product_cat?post=8725"},{"taxonomy":"product_tag","embeddable":true,"href":"http:\/\/recover.lajunglebijoux.com\/es\/wp-json\/wp\/v2\/product_tag?post=8725"}],"curies":[{"name":"wp","href":"https:\/\/api.w.org\/{rel}","templated":true}]}}