{"id":8689,"date":"2022-11-17T17:35:46","date_gmt":"2022-11-17T15:35:46","guid":{"rendered":"https:\/\/recover.lajunglebijoux.com\/product\/medaille-inspire-ose-aime\/"},"modified":"2023-05-25T13:58:27","modified_gmt":"2023-05-25T13:58:27","slug":"medaille-inspire-ose-aime","status":"publish","type":"product","link":"http:\/\/recover.lajunglebijoux.com\/es\/producto\/medaille-inspire-ose-aime\/","title":{"rendered":"Medalla de oro grabada Inspire Dare Love"},"content":{"rendered":"<h2>Unas palabras de Jen, creadora de La Jungle Bijoux<\/h2>\n<p>Apoyo la hermandad trabajando con mujeres inspiradoras. As\u00ed que fue natural que creara esta colecci\u00f3n en colaboraci\u00f3n con Sarah, una coach que se dedica a ayudar a las mujeres a retomar su destino y a sentirse mejor consigo mismas y con sus vidas.<\/p>\n<p>El mensaje de este collar est\u00e1 ah\u00ed cuando te sientes perdida, abrumada por los acontecimientos de la vida o al l\u00edmite. Te devuelve a tu camino con esta combinaci\u00f3n ganadora.<\/p>\n<p>Inspira, encarna lo que quieres ser para inspirar a las mujeres que te rodean a hacer lo mismo. Atr\u00e9vete, si sigues tu intuici\u00f3n, no puedes fallar, o ganas o aprendes. Ama, y ver\u00e1s que el mundo ser\u00e1 m\u00e1s bello.<\/p>\n<p>Elige tus amuletos de protecci\u00f3n y lleva con orgullo este collar medalla grabado que te aportar\u00e1 valor y determinaci\u00f3n en tu vida diaria.<\/p>\n<h2>El significado de los diferentes amuletos<\/h2>\n<p><strong>La estrella:<\/strong> La estrella brillante es s\u00edmbolo de armon\u00eda, vitalidad, belleza y salud. Sus ramas captan las energ\u00edas positivas y nos invitan a dar rienda suelta a nuestra sensibilidad y empat\u00eda.<br \/>\n<strong>La mano:<\/strong> La mano conecta el esp\u00edritu y el alma con la materia. Es un amuleto que nos invita a ponernos en acci\u00f3n para sentirnos verdaderamente en el asiento del conductor de nuestras vidas. No hay dos manos iguales, ni dos huellas dactilares id\u00e9nticas, por eso es un signo de singularidad: \u00a1t\u00fa eres \u00fanico!<br \/>\n<strong>La Luna:<\/strong> La Luna representa a la mujer y la energ\u00eda femenina por excelencia. Por su ciclo, es sin\u00f3nimo de cambio y renacimiento. Tambi\u00e9n es un s\u00edmbolo de creaci\u00f3n: \u00bfcu\u00e1l es la vida que quieres crear para ti?<br \/>\n<strong>La Estrella Polar:<\/strong> Se dice que la Estrella Polar trae buena suerte porque act\u00faa como gu\u00eda para mostrarnos qu\u00e9 camino tomar en nuestras vidas.<br \/>\n<strong>El amuleto del sol<\/strong>, m\u00e1s grande y situado en el centro. El sol es la energ\u00eda YANG, una energ\u00eda que mira hacia fuera, hacia lo que nos rodea. El sol tambi\u00e9n invita al sentimiento de gratitud porque permite la vida.<\/p>\n<h2>\nHaz una compra solidaria y apoya a la asociaci\u00f3n Women For Women<\/h2>\n<p>El 5% de las ventas de la colecci\u00f3n se donar\u00e1 a Women For Women, que ayuda a las mujeres de pa\u00edses afectados por conflictos y guerras a ganar y ahorrar dinero, mejorar su salud y bienestar, influir en las decisiones de sus hogares y comunidades y conectarse a redes de apoyo.<\/p>\n","protected":false},"excerpt":{"rendered":"<p>Este collar con mensaje grabado \u00abInspire, Dare, Love\u00bb fue creado en colaboraci\u00f3n con Sarah \/ Inspire Ose Aime, coach de vida y negocios, liderazgo inspirador, energ\u00eda y mentalidad.<\/p>\n<p>Acompa\u00f1a a las mujeres a reconectar con su singularidad, sus talentos y su alegr\u00eda de vivir.<\/p>\n<p>La idea de esta joya es acompa\u00f1ar su medalla grabada con amuletos de la suerte a elegir seg\u00fan su gusto.<\/p>\n<p>El collar est\u00e1 dorado con oro fino de 18 quilates sobre una base de lat\u00f3n. La cadena mide 40 cm + 5 cm de prolongaci\u00f3n.<\/p>\n<p>A tener en cuenta: las fotos de las joyas no llevan necesariamente el mismo mensaje grabado. Est\u00e1n ah\u00ed para mostrarle c\u00f3mo quedan los diferentes amuletos con distintas combinaciones. Todas las medallas de las colecciones Modern Goddess e Inspire Ose Aime tienen el mismo di\u00e1metro.<\/p>\n<p>Con un enfoque sostenible y ecorresponsable, para evitar la sobreproducci\u00f3n, esta colecci\u00f3n s\u00f3lo se fabrica por encargo. Por favor, espere de 10 d\u00edas a un m\u00e1ximo de 2 semanas antes del env\u00edo. Gracias por su comprensi\u00f3n y su gesto por el medio ambiente \ud83c\udf0e.<\/p>\n","protected":false},"featured_media":3148,"comment_status":"open","ping_status":"closed","template":"","meta":{"_acf_changed":false},"product_cat":[71],"product_tag":[],"class_list":{"0":"post-8689","1":"product","2":"type-product","3":"status-publish","4":"has-post-thumbnail","6":"product_cat-inspirar-atreverse-amar","7":"pa_modele-collares","8":"pa_theme-joyas-astral-tarot","9":"pa_theme-joyas-bienestar","11":"first","12":"instock","13":"shipping-taxable","14":"purchasable","15":"product-type-variable"},"acf":[],"yoast_head":"<!-- This site is optimized with the Yoast SEO plugin v23.3 - https:\/\/yoast.com\/wordpress\/plugins\/seo\/ -->\n<title>Medalla de oro grabada Inspire Dare Love - La Jungle Bijoux<\/title>\n<meta name=\"description\" content=\"Descubre un colgante realizado en colaboraci\u00f3n con Sarah, life coach de Inspire, Dare, Love. Muestra con orgullo tus prop\u00f3sitos con este colgante de oro fino.\" \/>\n<meta name=\"robots\" content=\"index, follow, max-snippet:-1, max-image-preview:large, max-video-preview:-1\" \/>\n<link rel=\"canonical\" href=\"http:\/\/recover.lajunglebijoux.com\/es\/producto\/medaille-inspire-ose-aime\/\" \/>\n<meta property=\"og:locale\" content=\"es_ES\" \/>\n<meta property=\"og:type\" content=\"article\" \/>\n<meta property=\"og:title\" content=\"Medalla de oro grabada Inspire Dare Love - La Jungle Bijoux\" \/>\n<meta property=\"og:description\" content=\"Descubre un colgante realizado en colaboraci\u00f3n con Sarah, life coach de Inspire, Dare, Love. Muestra con orgullo tus prop\u00f3sitos con este colgante de oro fino.\" \/>\n<meta property=\"og:url\" content=\"http:\/\/recover.lajunglebijoux.com\/es\/producto\/medaille-inspire-ose-aime\/\" \/>\n<meta property=\"og:site_name\" content=\"La Jungle Bijoux\" \/>\n<meta property=\"article:modified_time\" content=\"2023-05-25T13:58:27+00:00\" \/>\n<meta property=\"og:image\" content=\"http:\/\/recover.lajunglebijoux.com\/wp-content\/uploads\/2022\/11\/IMG_20211017_132427.jpg\" \/>\n\t<meta property=\"og:image:width\" content=\"2235\" \/>\n\t<meta property=\"og:image:height\" content=\"2235\" \/>\n\t<meta property=\"og:image:type\" content=\"image\/jpeg\" \/>\n<meta name=\"twitter:card\" content=\"summary_large_image\" \/>\n<meta name=\"twitter:label1\" content=\"Tiempo de lectura\" \/>\n\t<meta name=\"twitter:data1\" content=\"3 minutos\" \/>\n<script type=\"application\/ld+json\" class=\"yoast-schema-graph\">{\"@context\":\"https:\/\/schema.org\",\"@graph\":[{\"@type\":\"WebPage\",\"@id\":\"http:\/\/recover.lajunglebijoux.com\/es\/producto\/medaille-inspire-ose-aime\/\",\"url\":\"http:\/\/recover.lajunglebijoux.com\/es\/producto\/medaille-inspire-ose-aime\/\",\"name\":\"Medalla de oro grabada Inspire Dare Love - La Jungle Bijoux\",\"isPartOf\":{\"@id\":\"http:\/\/recover.lajunglebijoux.com\/es\/#website\"},\"primaryImageOfPage\":{\"@id\":\"http:\/\/recover.lajunglebijoux.com\/es\/producto\/medaille-inspire-ose-aime\/#primaryimage\"},\"image\":{\"@id\":\"http:\/\/recover.lajunglebijoux.com\/es\/producto\/medaille-inspire-ose-aime\/#primaryimage\"},\"thumbnailUrl\":\"http:\/\/recover.lajunglebijoux.com\/wp-content\/uploads\/2022\/11\/IMG_20211017_132427.jpg\",\"datePublished\":\"2022-11-17T15:35:46+00:00\",\"dateModified\":\"2023-05-25T13:58:27+00:00\",\"description\":\"Descubre un colgante realizado en colaboraci\u00f3n con Sarah, life coach de Inspire, Dare, Love. Muestra con orgullo tus prop\u00f3sitos con este colgante de oro fino.\",\"breadcrumb\":{\"@id\":\"http:\/\/recover.lajunglebijoux.com\/es\/producto\/medaille-inspire-ose-aime\/#breadcrumb\"},\"inLanguage\":\"es\",\"potentialAction\":[{\"@type\":\"ReadAction\",\"target\":[\"http:\/\/recover.lajunglebijoux.com\/es\/producto\/medaille-inspire-ose-aime\/\"]}]},{\"@type\":\"ImageObject\",\"inLanguage\":\"es\",\"@id\":\"http:\/\/recover.lajunglebijoux.com\/es\/producto\/medaille-inspire-ose-aime\/#primaryimage\",\"url\":\"http:\/\/recover.lajunglebijoux.com\/wp-content\/uploads\/2022\/11\/IMG_20211017_132427.jpg\",\"contentUrl\":\"http:\/\/recover.lajunglebijoux.com\/wp-content\/uploads\/2022\/11\/IMG_20211017_132427.jpg\",\"width\":2235,\"height\":2235,\"caption\":\"collier or pendentifs\"},{\"@type\":\"BreadcrumbList\",\"@id\":\"http:\/\/recover.lajunglebijoux.com\/es\/producto\/medaille-inspire-ose-aime\/#breadcrumb\",\"itemListElement\":[{\"@type\":\"ListItem\",\"position\":1,\"name\":\"Portada\",\"item\":\"http:\/\/recover.lajunglebijoux.com\/es\/\"},{\"@type\":\"ListItem\",\"position\":2,\"name\":\"Tienda\",\"item\":\"http:\/\/recover.lajunglebijoux.com\/es\/tienda\/\"},{\"@type\":\"ListItem\",\"position\":3,\"name\":\"Medalla de oro grabada Inspire Dare Love\"}]},{\"@type\":\"WebSite\",\"@id\":\"http:\/\/recover.lajunglebijoux.com\/es\/#website\",\"url\":\"http:\/\/recover.lajunglebijoux.com\/es\/\",\"name\":\"La Jungle Bijoux\",\"description\":\"\",\"publisher\":{\"@id\":\"http:\/\/recover.lajunglebijoux.com\/es\/#organization\"},\"potentialAction\":[{\"@type\":\"SearchAction\",\"target\":{\"@type\":\"EntryPoint\",\"urlTemplate\":\"http:\/\/recover.lajunglebijoux.com\/es\/?s={search_term_string}\"},\"query-input\":\"required name=search_term_string\"}],\"inLanguage\":\"es\"},{\"@type\":\"Organization\",\"@id\":\"http:\/\/recover.lajunglebijoux.com\/es\/#organization\",\"name\":\"La Jungle Bijoux\",\"url\":\"http:\/\/recover.lajunglebijoux.com\/es\/\",\"logo\":{\"@type\":\"ImageObject\",\"inLanguage\":\"es\",\"@id\":\"http:\/\/recover.lajunglebijoux.com\/es\/#\/schema\/logo\/image\/\",\"url\":\"http:\/\/recover.lajunglebijoux.com\/wp-content\/uploads\/2023\/01\/LOGO-FINAL-Fonce.jpg\",\"contentUrl\":\"http:\/\/recover.lajunglebijoux.com\/wp-content\/uploads\/2023\/01\/LOGO-FINAL-Fonce.jpg\",\"width\":900,\"height\":900,\"caption\":\"La Jungle Bijoux\"},\"image\":{\"@id\":\"http:\/\/recover.lajunglebijoux.com\/es\/#\/schema\/logo\/image\/\"}}]}<\/script>\n<!-- \/ Yoast SEO plugin. -->","yoast_head_json":{"title":"Medalla de oro grabada Inspire Dare Love - La Jungle Bijoux","description":"Descubre un colgante realizado en colaboraci\u00f3n con Sarah, life coach de Inspire, Dare, Love. Muestra con orgullo tus prop\u00f3sitos con este colgante de oro fino.","robots":{"index":"index","follow":"follow","max-snippet":"max-snippet:-1","max-image-preview":"max-image-preview:large","max-video-preview":"max-video-preview:-1"},"canonical":"http:\/\/recover.lajunglebijoux.com\/es\/producto\/medaille-inspire-ose-aime\/","og_locale":"es_ES","og_type":"article","og_title":"Medalla de oro grabada Inspire Dare Love - La Jungle Bijoux","og_description":"Descubre un colgante realizado en colaboraci\u00f3n con Sarah, life coach de Inspire, Dare, Love. Muestra con orgullo tus prop\u00f3sitos con este colgante de oro fino.","og_url":"http:\/\/recover.lajunglebijoux.com\/es\/producto\/medaille-inspire-ose-aime\/","og_site_name":"La Jungle Bijoux","article_modified_time":"2023-05-25T13:58:27+00:00","og_image":[{"width":2235,"height":2235,"url":"http:\/\/recover.lajunglebijoux.com\/wp-content\/uploads\/2022\/11\/IMG_20211017_132427.jpg","type":"image\/jpeg"}],"twitter_card":"summary_large_image","twitter_misc":{"Tiempo de lectura":"3 minutos"},"schema":{"@context":"https:\/\/schema.org","@graph":[{"@type":"WebPage","@id":"http:\/\/recover.lajunglebijoux.com\/es\/producto\/medaille-inspire-ose-aime\/","url":"http:\/\/recover.lajunglebijoux.com\/es\/producto\/medaille-inspire-ose-aime\/","name":"Medalla de oro grabada Inspire Dare Love - La Jungle Bijoux","isPartOf":{"@id":"http:\/\/recover.lajunglebijoux.com\/es\/#website"},"primaryImageOfPage":{"@id":"http:\/\/recover.lajunglebijoux.com\/es\/producto\/medaille-inspire-ose-aime\/#primaryimage"},"image":{"@id":"http:\/\/recover.lajunglebijoux.com\/es\/producto\/medaille-inspire-ose-aime\/#primaryimage"},"thumbnailUrl":"http:\/\/recover.lajunglebijoux.com\/wp-content\/uploads\/2022\/11\/IMG_20211017_132427.jpg","datePublished":"2022-11-17T15:35:46+00:00","dateModified":"2023-05-25T13:58:27+00:00","description":"Descubre un colgante realizado en colaboraci\u00f3n con Sarah, life coach de Inspire, Dare, Love. Muestra con orgullo tus prop\u00f3sitos con este colgante de oro fino.","breadcrumb":{"@id":"http:\/\/recover.lajunglebijoux.com\/es\/producto\/medaille-inspire-ose-aime\/#breadcrumb"},"inLanguage":"es","potentialAction":[{"@type":"ReadAction","target":["http:\/\/recover.lajunglebijoux.com\/es\/producto\/medaille-inspire-ose-aime\/"]}]},{"@type":"ImageObject","inLanguage":"es","@id":"http:\/\/recover.lajunglebijoux.com\/es\/producto\/medaille-inspire-ose-aime\/#primaryimage","url":"http:\/\/recover.lajunglebijoux.com\/wp-content\/uploads\/2022\/11\/IMG_20211017_132427.jpg","contentUrl":"http:\/\/recover.lajunglebijoux.com\/wp-content\/uploads\/2022\/11\/IMG_20211017_132427.jpg","width":2235,"height":2235,"caption":"collier or pendentifs"},{"@type":"BreadcrumbList","@id":"http:\/\/recover.lajunglebijoux.com\/es\/producto\/medaille-inspire-ose-aime\/#breadcrumb","itemListElement":[{"@type":"ListItem","position":1,"name":"Portada","item":"http:\/\/recover.lajunglebijoux.com\/es\/"},{"@type":"ListItem","position":2,"name":"Tienda","item":"http:\/\/recover.lajunglebijoux.com\/es\/tienda\/"},{"@type":"ListItem","position":3,"name":"Medalla de oro grabada Inspire Dare Love"}]},{"@type":"WebSite","@id":"http:\/\/recover.lajunglebijoux.com\/es\/#website","url":"http:\/\/recover.lajunglebijoux.com\/es\/","name":"La Jungle Bijoux","description":"","publisher":{"@id":"http:\/\/recover.lajunglebijoux.com\/es\/#organization"},"potentialAction":[{"@type":"SearchAction","target":{"@type":"EntryPoint","urlTemplate":"http:\/\/recover.lajunglebijoux.com\/es\/?s={search_term_string}"},"query-input":"required name=search_term_string"}],"inLanguage":"es"},{"@type":"Organization","@id":"http:\/\/recover.lajunglebijoux.com\/es\/#organization","name":"La Jungle Bijoux","url":"http:\/\/recover.lajunglebijoux.com\/es\/","logo":{"@type":"ImageObject","inLanguage":"es","@id":"http:\/\/recover.lajunglebijoux.com\/es\/#\/schema\/logo\/image\/","url":"http:\/\/recover.lajunglebijoux.com\/wp-content\/uploads\/2023\/01\/LOGO-FINAL-Fonce.jpg","contentUrl":"http:\/\/recover.lajunglebijoux.com\/wp-content\/uploads\/2023\/01\/LOGO-FINAL-Fonce.jpg","width":900,"height":900,"caption":"La Jungle Bijoux"},"image":{"@id":"http:\/\/recover.lajunglebijoux.com\/es\/#\/schema\/logo\/image\/"}}]}},"_links":{"self":[{"href":"http:\/\/recover.lajunglebijoux.com\/es\/wp-json\/wp\/v2\/product\/8689","targetHints":{"allow":["GET"]}}],"collection":[{"href":"http:\/\/recover.lajunglebijoux.com\/es\/wp-json\/wp\/v2\/product"}],"about":[{"href":"http:\/\/recover.lajunglebijoux.com\/es\/wp-json\/wp\/v2\/types\/product"}],"replies":[{"embeddable":true,"href":"http:\/\/recover.lajunglebijoux.com\/es\/wp-json\/wp\/v2\/comments?post=8689"}],"wp:featuredmedia":[{"embeddable":true,"href":"http:\/\/recover.lajunglebijoux.com\/es\/wp-json\/wp\/v2\/media\/3148"}],"wp:attachment":[{"href":"http:\/\/recover.lajunglebijoux.com\/es\/wp-json\/wp\/v2\/media?parent=8689"}],"wp:term":[{"taxonomy":"product_cat","embeddable":true,"href":"http:\/\/recover.lajunglebijoux.com\/es\/wp-json\/wp\/v2\/product_cat?post=8689"},{"taxonomy":"product_tag","embeddable":true,"href":"http:\/\/recover.lajunglebijoux.com\/es\/wp-json\/wp\/v2\/product_tag?post=8689"}],"curies":[{"name":"wp","href":"https:\/\/api.w.org\/{rel}","templated":true}]}}