{"id":8671,"date":"2022-11-18T09:38:03","date_gmt":"2022-11-18T07:38:03","guid":{"rendered":"https:\/\/recover.lajunglebijoux.com\/product\/boucles-oreilles-amulettes\/"},"modified":"2023-05-25T11:21:59","modified_gmt":"2023-05-25T11:21:59","slug":"boucles-oreilles-amulettes","status":"publish","type":"product","link":"http:\/\/recover.lajunglebijoux.com\/es\/producto\/boucles-oreilles-amulettes\/","title":{"rendered":"AMULETTES &#8211; Pendientes por par"},"content":{"rendered":"<h2>Unas palabras de Jen, la creadora de La Jungle Bijoux<\/h2>\n<p>Me encanta el simbolismo de los amuletos protectores y el hecho de que puedas elegir los que m\u00e1s te gusten. Al dise\u00f1ar esta colecci\u00f3n con Sarah, hemos querido resaltar la singularidad de las mujeres y permitirles llevar una joya que les hable.<\/p>\n<p>Puedes elegir el par de amuletos que m\u00e1s te inspire al hacer tu pedido.<\/p>\n<h2>El simbolismo de los amuletos<\/h2>\n<p><strong>1 . La estrella<\/strong>: La estrella representa la perfecci\u00f3n: todo est\u00e1 siempre en su sitio, todo es siempre correcto. Este amuleto act\u00faa como un suave recordatorio: sin sombra, no hay luz.<\/p>\n<p><strong>2 . La mano:<\/strong> La mano es sin\u00f3nimo de transmisi\u00f3n y de saber dar y recibir. La mano abierta significa \u00abla mano tendida hacia el otro\u00bb, ayuda mutua, solidaridad, fraternidad.<\/p>\n<p><strong>3 . La luna<\/strong>: La luna habla de nuestro paso por la tierra y nos invita a dejar el pasado en el pasado para aprovechar mejor el momento presente. La luna est\u00e1 asociada al elemento agua. El agua alivia, acuna y calma. Este elemento aporta fluidez y adaptabilidad.<\/p>\n<p><strong>4 . La Estrella Polar<\/strong>: La Estrella Polar tiene un simbolismo de referencia y estabilidad. Es muy tranquilizadora y nos invita a confiar en la vida y en el universo.<\/p>\n<p>&nbsp;<\/p>\n<p>&nbsp;<\/p>\n","protected":false},"excerpt":{"rendered":"<p>Estos mini pendientes fueron creados en colaboraci\u00f3n con Sarah, Inspire, Dare, Love life coach.<\/p>\n<p>Ella ayuda a las mujeres a reconectar con su singularidad, sus talentos, su alegr\u00eda de vivir. As\u00ed que me pareci\u00f3 obvio co-crear joyas inspiradas con ella.<\/p>\n<p>Estos pendientes son muy ligeros de llevar, y est\u00e1n dorados con oro fino de 18 quilates de alta resistencia sobre una base de lat\u00f3n.<\/p>\n<p>Aqu\u00ed, los pendientes se venden por pares, pero tambi\u00e9n puede comprarlos individualmente.<\/p>\n<p>&nbsp;<\/p>\n","protected":false},"featured_media":3209,"comment_status":"open","ping_status":"closed","template":"","meta":{"_acf_changed":false},"product_cat":[71],"product_tag":[],"class_list":{"0":"post-8671","1":"product","2":"type-product","3":"status-publish","4":"has-post-thumbnail","6":"product_cat-inspirar-atreverse-amar","7":"pa_modele-pendientes","8":"pa_theme-joyas-astral-tarot","9":"pa_theme-joyas-bienestar","11":"first","12":"instock","13":"sale","14":"shipping-taxable","15":"purchasable","16":"product-type-variable"},"acf":[],"yoast_head":"<!-- This site is optimized with the Yoast SEO plugin v23.3 - https:\/\/yoast.com\/wordpress\/plugins\/seo\/ -->\n<title>AMULETTES - Pendientes por par - La Jungle Bijoux<\/title>\n<meta name=\"description\" content=\"Pendientes chapados en oro de 18 quilates con forma de estrella, mano, luna o estrella del Norte. Elija entre nuestros pendientes amuleto.\" \/>\n<meta name=\"robots\" content=\"index, follow, max-snippet:-1, max-image-preview:large, max-video-preview:-1\" \/>\n<link rel=\"canonical\" href=\"http:\/\/recover.lajunglebijoux.com\/es\/producto\/boucles-oreilles-amulettes\/\" \/>\n<meta property=\"og:locale\" content=\"es_ES\" \/>\n<meta property=\"og:type\" content=\"article\" \/>\n<meta property=\"og:title\" content=\"AMULETTES - Pendientes por par - La Jungle Bijoux\" \/>\n<meta property=\"og:description\" content=\"Pendientes chapados en oro de 18 quilates con forma de estrella, mano, luna o estrella del Norte. Elija entre nuestros pendientes amuleto.\" \/>\n<meta property=\"og:url\" content=\"http:\/\/recover.lajunglebijoux.com\/es\/producto\/boucles-oreilles-amulettes\/\" \/>\n<meta property=\"og:site_name\" content=\"La Jungle Bijoux\" \/>\n<meta property=\"article:modified_time\" content=\"2023-05-25T11:21:59+00:00\" \/>\n<meta property=\"og:image\" content=\"http:\/\/recover.lajunglebijoux.com\/wp-content\/uploads\/2022\/11\/IMG_20211018_095844-1.jpg\" \/>\n\t<meta property=\"og:image:width\" content=\"1673\" \/>\n\t<meta property=\"og:image:height\" content=\"1672\" \/>\n\t<meta property=\"og:image:type\" content=\"image\/jpeg\" \/>\n<meta name=\"twitter:card\" content=\"summary_large_image\" \/>\n<meta name=\"twitter:label1\" content=\"Tiempo de lectura\" \/>\n\t<meta name=\"twitter:data1\" content=\"2 minutos\" \/>\n<script type=\"application\/ld+json\" class=\"yoast-schema-graph\">{\"@context\":\"https:\/\/schema.org\",\"@graph\":[{\"@type\":\"WebPage\",\"@id\":\"http:\/\/recover.lajunglebijoux.com\/es\/producto\/boucles-oreilles-amulettes\/\",\"url\":\"http:\/\/recover.lajunglebijoux.com\/es\/producto\/boucles-oreilles-amulettes\/\",\"name\":\"AMULETTES - Pendientes por par - La Jungle Bijoux\",\"isPartOf\":{\"@id\":\"https:\/\/recover.lajunglebijoux.com\/es\/#website\"},\"primaryImageOfPage\":{\"@id\":\"http:\/\/recover.lajunglebijoux.com\/es\/producto\/boucles-oreilles-amulettes\/#primaryimage\"},\"image\":{\"@id\":\"http:\/\/recover.lajunglebijoux.com\/es\/producto\/boucles-oreilles-amulettes\/#primaryimage\"},\"thumbnailUrl\":\"http:\/\/recover.lajunglebijoux.com\/wp-content\/uploads\/2022\/11\/IMG_20211018_095844-1.jpg\",\"datePublished\":\"2022-11-18T07:38:03+00:00\",\"dateModified\":\"2023-05-25T11:21:59+00:00\",\"description\":\"Pendientes chapados en oro de 18 quilates con forma de estrella, mano, luna o estrella del Norte. Elija entre nuestros pendientes amuleto.\",\"breadcrumb\":{\"@id\":\"http:\/\/recover.lajunglebijoux.com\/es\/producto\/boucles-oreilles-amulettes\/#breadcrumb\"},\"inLanguage\":\"es\",\"potentialAction\":[{\"@type\":\"ReadAction\",\"target\":[\"http:\/\/recover.lajunglebijoux.com\/es\/producto\/boucles-oreilles-amulettes\/\"]}]},{\"@type\":\"ImageObject\",\"inLanguage\":\"es\",\"@id\":\"http:\/\/recover.lajunglebijoux.com\/es\/producto\/boucles-oreilles-amulettes\/#primaryimage\",\"url\":\"http:\/\/recover.lajunglebijoux.com\/wp-content\/uploads\/2022\/11\/IMG_20211018_095844-1.jpg\",\"contentUrl\":\"http:\/\/recover.lajunglebijoux.com\/wp-content\/uploads\/2022\/11\/IMG_20211018_095844-1.jpg\",\"width\":1673,\"height\":1672,\"caption\":\"dav\"},{\"@type\":\"BreadcrumbList\",\"@id\":\"http:\/\/recover.lajunglebijoux.com\/es\/producto\/boucles-oreilles-amulettes\/#breadcrumb\",\"itemListElement\":[{\"@type\":\"ListItem\",\"position\":1,\"name\":\"Portada\",\"item\":\"https:\/\/recover.lajunglebijoux.com\/es\/\"},{\"@type\":\"ListItem\",\"position\":2,\"name\":\"Tienda\",\"item\":\"https:\/\/recover.lajunglebijoux.com\/es\/tienda\/\"},{\"@type\":\"ListItem\",\"position\":3,\"name\":\"AMULETTES &#8211; Pendientes por par\"}]},{\"@type\":\"WebSite\",\"@id\":\"https:\/\/recover.lajunglebijoux.com\/es\/#website\",\"url\":\"https:\/\/recover.lajunglebijoux.com\/es\/\",\"name\":\"La Jungle Bijoux\",\"description\":\"\",\"publisher\":{\"@id\":\"https:\/\/recover.lajunglebijoux.com\/es\/#organization\"},\"potentialAction\":[{\"@type\":\"SearchAction\",\"target\":{\"@type\":\"EntryPoint\",\"urlTemplate\":\"https:\/\/recover.lajunglebijoux.com\/es\/?s={search_term_string}\"},\"query-input\":\"required name=search_term_string\"}],\"inLanguage\":\"es\"},{\"@type\":\"Organization\",\"@id\":\"https:\/\/recover.lajunglebijoux.com\/es\/#organization\",\"name\":\"La Jungle Bijoux\",\"url\":\"https:\/\/recover.lajunglebijoux.com\/es\/\",\"logo\":{\"@type\":\"ImageObject\",\"inLanguage\":\"es\",\"@id\":\"https:\/\/recover.lajunglebijoux.com\/es\/#\/schema\/logo\/image\/\",\"url\":\"http:\/\/recover.lajunglebijoux.com\/wp-content\/uploads\/2023\/01\/LOGO-FINAL-Fonce.jpg\",\"contentUrl\":\"http:\/\/recover.lajunglebijoux.com\/wp-content\/uploads\/2023\/01\/LOGO-FINAL-Fonce.jpg\",\"width\":900,\"height\":900,\"caption\":\"La Jungle Bijoux\"},\"image\":{\"@id\":\"https:\/\/recover.lajunglebijoux.com\/es\/#\/schema\/logo\/image\/\"}}]}<\/script>\n<!-- \/ Yoast SEO plugin. -->","yoast_head_json":{"title":"AMULETTES - Pendientes por par - La Jungle Bijoux","description":"Pendientes chapados en oro de 18 quilates con forma de estrella, mano, luna o estrella del Norte. Elija entre nuestros pendientes amuleto.","robots":{"index":"index","follow":"follow","max-snippet":"max-snippet:-1","max-image-preview":"max-image-preview:large","max-video-preview":"max-video-preview:-1"},"canonical":"http:\/\/recover.lajunglebijoux.com\/es\/producto\/boucles-oreilles-amulettes\/","og_locale":"es_ES","og_type":"article","og_title":"AMULETTES - Pendientes por par - La Jungle Bijoux","og_description":"Pendientes chapados en oro de 18 quilates con forma de estrella, mano, luna o estrella del Norte. Elija entre nuestros pendientes amuleto.","og_url":"http:\/\/recover.lajunglebijoux.com\/es\/producto\/boucles-oreilles-amulettes\/","og_site_name":"La Jungle Bijoux","article_modified_time":"2023-05-25T11:21:59+00:00","og_image":[{"width":1673,"height":1672,"url":"http:\/\/recover.lajunglebijoux.com\/wp-content\/uploads\/2022\/11\/IMG_20211018_095844-1.jpg","type":"image\/jpeg"}],"twitter_card":"summary_large_image","twitter_misc":{"Tiempo de lectura":"2 minutos"},"schema":{"@context":"https:\/\/schema.org","@graph":[{"@type":"WebPage","@id":"http:\/\/recover.lajunglebijoux.com\/es\/producto\/boucles-oreilles-amulettes\/","url":"http:\/\/recover.lajunglebijoux.com\/es\/producto\/boucles-oreilles-amulettes\/","name":"AMULETTES - Pendientes por par - La Jungle Bijoux","isPartOf":{"@id":"https:\/\/recover.lajunglebijoux.com\/es\/#website"},"primaryImageOfPage":{"@id":"http:\/\/recover.lajunglebijoux.com\/es\/producto\/boucles-oreilles-amulettes\/#primaryimage"},"image":{"@id":"http:\/\/recover.lajunglebijoux.com\/es\/producto\/boucles-oreilles-amulettes\/#primaryimage"},"thumbnailUrl":"http:\/\/recover.lajunglebijoux.com\/wp-content\/uploads\/2022\/11\/IMG_20211018_095844-1.jpg","datePublished":"2022-11-18T07:38:03+00:00","dateModified":"2023-05-25T11:21:59+00:00","description":"Pendientes chapados en oro de 18 quilates con forma de estrella, mano, luna o estrella del Norte. Elija entre nuestros pendientes amuleto.","breadcrumb":{"@id":"http:\/\/recover.lajunglebijoux.com\/es\/producto\/boucles-oreilles-amulettes\/#breadcrumb"},"inLanguage":"es","potentialAction":[{"@type":"ReadAction","target":["http:\/\/recover.lajunglebijoux.com\/es\/producto\/boucles-oreilles-amulettes\/"]}]},{"@type":"ImageObject","inLanguage":"es","@id":"http:\/\/recover.lajunglebijoux.com\/es\/producto\/boucles-oreilles-amulettes\/#primaryimage","url":"http:\/\/recover.lajunglebijoux.com\/wp-content\/uploads\/2022\/11\/IMG_20211018_095844-1.jpg","contentUrl":"http:\/\/recover.lajunglebijoux.com\/wp-content\/uploads\/2022\/11\/IMG_20211018_095844-1.jpg","width":1673,"height":1672,"caption":"dav"},{"@type":"BreadcrumbList","@id":"http:\/\/recover.lajunglebijoux.com\/es\/producto\/boucles-oreilles-amulettes\/#breadcrumb","itemListElement":[{"@type":"ListItem","position":1,"name":"Portada","item":"https:\/\/recover.lajunglebijoux.com\/es\/"},{"@type":"ListItem","position":2,"name":"Tienda","item":"https:\/\/recover.lajunglebijoux.com\/es\/tienda\/"},{"@type":"ListItem","position":3,"name":"AMULETTES &#8211; Pendientes por par"}]},{"@type":"WebSite","@id":"https:\/\/recover.lajunglebijoux.com\/es\/#website","url":"https:\/\/recover.lajunglebijoux.com\/es\/","name":"La Jungle Bijoux","description":"","publisher":{"@id":"https:\/\/recover.lajunglebijoux.com\/es\/#organization"},"potentialAction":[{"@type":"SearchAction","target":{"@type":"EntryPoint","urlTemplate":"https:\/\/recover.lajunglebijoux.com\/es\/?s={search_term_string}"},"query-input":"required name=search_term_string"}],"inLanguage":"es"},{"@type":"Organization","@id":"https:\/\/recover.lajunglebijoux.com\/es\/#organization","name":"La Jungle Bijoux","url":"https:\/\/recover.lajunglebijoux.com\/es\/","logo":{"@type":"ImageObject","inLanguage":"es","@id":"https:\/\/recover.lajunglebijoux.com\/es\/#\/schema\/logo\/image\/","url":"http:\/\/recover.lajunglebijoux.com\/wp-content\/uploads\/2023\/01\/LOGO-FINAL-Fonce.jpg","contentUrl":"http:\/\/recover.lajunglebijoux.com\/wp-content\/uploads\/2023\/01\/LOGO-FINAL-Fonce.jpg","width":900,"height":900,"caption":"La Jungle Bijoux"},"image":{"@id":"https:\/\/recover.lajunglebijoux.com\/es\/#\/schema\/logo\/image\/"}}]}},"_links":{"self":[{"href":"http:\/\/recover.lajunglebijoux.com\/es\/wp-json\/wp\/v2\/product\/8671","targetHints":{"allow":["GET"]}}],"collection":[{"href":"http:\/\/recover.lajunglebijoux.com\/es\/wp-json\/wp\/v2\/product"}],"about":[{"href":"http:\/\/recover.lajunglebijoux.com\/es\/wp-json\/wp\/v2\/types\/product"}],"replies":[{"embeddable":true,"href":"http:\/\/recover.lajunglebijoux.com\/es\/wp-json\/wp\/v2\/comments?post=8671"}],"wp:featuredmedia":[{"embeddable":true,"href":"http:\/\/recover.lajunglebijoux.com\/es\/wp-json\/wp\/v2\/media\/3209"}],"wp:attachment":[{"href":"http:\/\/recover.lajunglebijoux.com\/es\/wp-json\/wp\/v2\/media?parent=8671"}],"wp:term":[{"taxonomy":"product_cat","embeddable":true,"href":"http:\/\/recover.lajunglebijoux.com\/es\/wp-json\/wp\/v2\/product_cat?post=8671"},{"taxonomy":"product_tag","embeddable":true,"href":"http:\/\/recover.lajunglebijoux.com\/es\/wp-json\/wp\/v2\/product_tag?post=8671"}],"curies":[{"name":"wp","href":"https:\/\/api.w.org\/{rel}","templated":true}]}}