{"id":8662,"date":"2022-11-04T15:09:49","date_gmt":"2022-11-04T13:09:49","guid":{"rendered":"https:\/\/recover.lajunglebijoux.com\/product\/collier-chakra-troisieme-oeil\/"},"modified":"2023-05-25T11:06:35","modified_gmt":"2023-05-25T11:06:35","slug":"collier-chakra-troisieme-oeil","status":"publish","type":"product","link":"http:\/\/recover.lajunglebijoux.com\/es\/producto\/collier-chakra-troisieme-oeil\/","title":{"rendered":"CHAKRA DEL TERCER OJO &#8211; collar de oro"},"content":{"rendered":"","protected":false},"excerpt":{"rendered":"<p>Collar chakra del tercer ojo en lat\u00f3n chapado en oro de 18 quilates de 3 micras de alta resistencia.<\/p>\n<p>Corto: 40cm + 5cm extensi\u00f3n<\/p>\n<p>Largo medio: 55cm + 5cm extensi\u00f3n<\/p>\n<p>Collar largo: 80cm<\/p>\n<p>Est\u00e1 simbolizado por un loto con 2 p\u00e9talos, su color es el \u00edndigo. El chakra del tercer ojo est\u00e1 situado entre las dos cejas.<\/p>\n<p>Este chakra, relacionado con la visi\u00f3n de la realidad y la intuici\u00f3n, es la sede de las fuerzas mentales superiores que favorecen las percepciones extrasensoriales, el intelecto, la conciencia y tambi\u00e9n la imaginaci\u00f3n.<\/p>\n","protected":false},"featured_media":2222,"comment_status":"open","ping_status":"closed","template":"","meta":{"_acf_changed":false},"product_cat":[69],"product_tag":[],"class_list":{"0":"post-8662","1":"product","2":"type-product","3":"status-publish","4":"has-post-thumbnail","6":"product_cat-7-chakras-es","7":"pa_modele-collares","8":"pa_theme-joyas-astral-tarot","9":"pa_theme-joyas-bienestar","11":"first","12":"instock","13":"shipping-taxable","14":"purchasable","15":"product-type-variable"},"acf":[],"yoast_head":"<!-- This site is optimized with the Yoast SEO plugin v23.3 - https:\/\/yoast.com\/wordpress\/plugins\/seo\/ -->\n<title>CHAKRA DEL TERCER OJO - collar de oro - La Jungle Bijoux<\/title>\n<meta name=\"description\" content=\"Descubra nuestro collar Chakra del Tercer Ojo, en forma de loto con 2 p\u00e9talos. Fabricado en lat\u00f3n chapado en oro de 18 quilates, 3 micras de alta resistencia.\" \/>\n<meta name=\"robots\" content=\"index, follow, max-snippet:-1, max-image-preview:large, max-video-preview:-1\" \/>\n<link rel=\"canonical\" href=\"http:\/\/recover.lajunglebijoux.com\/es\/producto\/collier-chakra-troisieme-oeil\/\" \/>\n<meta property=\"og:locale\" content=\"es_ES\" \/>\n<meta property=\"og:type\" content=\"article\" \/>\n<meta property=\"og:title\" content=\"CHAKRA DEL TERCER OJO - collar de oro - La Jungle Bijoux\" \/>\n<meta property=\"og:description\" content=\"Descubra nuestro collar Chakra del Tercer Ojo, en forma de loto con 2 p\u00e9talos. Fabricado en lat\u00f3n chapado en oro de 18 quilates, 3 micras de alta resistencia.\" \/>\n<meta property=\"og:url\" content=\"http:\/\/recover.lajunglebijoux.com\/es\/producto\/collier-chakra-troisieme-oeil\/\" \/>\n<meta property=\"og:site_name\" content=\"La Jungle Bijoux\" \/>\n<meta property=\"article:modified_time\" content=\"2023-05-25T11:06:35+00:00\" \/>\n<meta property=\"og:image\" content=\"http:\/\/recover.lajunglebijoux.com\/wp-content\/uploads\/2022\/11\/IMG_20190813_124252-scaled.jpg\" \/>\n\t<meta property=\"og:image:width\" content=\"1920\" \/>\n\t<meta property=\"og:image:height\" content=\"2560\" \/>\n\t<meta property=\"og:image:type\" content=\"image\/jpeg\" \/>\n<meta name=\"twitter:card\" content=\"summary_large_image\" \/>\n<script type=\"application\/ld+json\" class=\"yoast-schema-graph\">{\"@context\":\"https:\/\/schema.org\",\"@graph\":[{\"@type\":\"WebPage\",\"@id\":\"http:\/\/recover.lajunglebijoux.com\/es\/producto\/collier-chakra-troisieme-oeil\/\",\"url\":\"http:\/\/recover.lajunglebijoux.com\/es\/producto\/collier-chakra-troisieme-oeil\/\",\"name\":\"CHAKRA DEL TERCER OJO - collar de oro - La Jungle Bijoux\",\"isPartOf\":{\"@id\":\"http:\/\/recover.lajunglebijoux.com\/es\/#website\"},\"primaryImageOfPage\":{\"@id\":\"http:\/\/recover.lajunglebijoux.com\/es\/producto\/collier-chakra-troisieme-oeil\/#primaryimage\"},\"image\":{\"@id\":\"http:\/\/recover.lajunglebijoux.com\/es\/producto\/collier-chakra-troisieme-oeil\/#primaryimage\"},\"thumbnailUrl\":\"http:\/\/recover.lajunglebijoux.com\/wp-content\/uploads\/2022\/11\/IMG_20190813_124252-scaled.jpg\",\"datePublished\":\"2022-11-04T13:09:49+00:00\",\"dateModified\":\"2023-05-25T11:06:35+00:00\",\"description\":\"Descubra nuestro collar Chakra del Tercer Ojo, en forma de loto con 2 p\u00e9talos. Fabricado en lat\u00f3n chapado en oro de 18 quilates, 3 micras de alta resistencia.\",\"breadcrumb\":{\"@id\":\"http:\/\/recover.lajunglebijoux.com\/es\/producto\/collier-chakra-troisieme-oeil\/#breadcrumb\"},\"inLanguage\":\"es\",\"potentialAction\":[{\"@type\":\"ReadAction\",\"target\":[\"http:\/\/recover.lajunglebijoux.com\/es\/producto\/collier-chakra-troisieme-oeil\/\"]}]},{\"@type\":\"ImageObject\",\"inLanguage\":\"es\",\"@id\":\"http:\/\/recover.lajunglebijoux.com\/es\/producto\/collier-chakra-troisieme-oeil\/#primaryimage\",\"url\":\"http:\/\/recover.lajunglebijoux.com\/wp-content\/uploads\/2022\/11\/IMG_20190813_124252-scaled.jpg\",\"contentUrl\":\"http:\/\/recover.lajunglebijoux.com\/wp-content\/uploads\/2022\/11\/IMG_20190813_124252-scaled.jpg\",\"width\":1920,\"height\":2560,\"caption\":\"collier chakra troisieme oeil\"},{\"@type\":\"BreadcrumbList\",\"@id\":\"http:\/\/recover.lajunglebijoux.com\/es\/producto\/collier-chakra-troisieme-oeil\/#breadcrumb\",\"itemListElement\":[{\"@type\":\"ListItem\",\"position\":1,\"name\":\"Portada\",\"item\":\"http:\/\/recover.lajunglebijoux.com\/es\/\"},{\"@type\":\"ListItem\",\"position\":2,\"name\":\"Tienda\",\"item\":\"http:\/\/recover.lajunglebijoux.com\/es\/tienda\/\"},{\"@type\":\"ListItem\",\"position\":3,\"name\":\"CHAKRA DEL TERCER OJO &#8211; collar de oro\"}]},{\"@type\":\"WebSite\",\"@id\":\"http:\/\/recover.lajunglebijoux.com\/es\/#website\",\"url\":\"http:\/\/recover.lajunglebijoux.com\/es\/\",\"name\":\"La Jungle Bijoux\",\"description\":\"\",\"publisher\":{\"@id\":\"http:\/\/recover.lajunglebijoux.com\/es\/#organization\"},\"potentialAction\":[{\"@type\":\"SearchAction\",\"target\":{\"@type\":\"EntryPoint\",\"urlTemplate\":\"http:\/\/recover.lajunglebijoux.com\/es\/?s={search_term_string}\"},\"query-input\":\"required name=search_term_string\"}],\"inLanguage\":\"es\"},{\"@type\":\"Organization\",\"@id\":\"http:\/\/recover.lajunglebijoux.com\/es\/#organization\",\"name\":\"La Jungle Bijoux\",\"url\":\"http:\/\/recover.lajunglebijoux.com\/es\/\",\"logo\":{\"@type\":\"ImageObject\",\"inLanguage\":\"es\",\"@id\":\"http:\/\/recover.lajunglebijoux.com\/es\/#\/schema\/logo\/image\/\",\"url\":\"http:\/\/recover.lajunglebijoux.com\/wp-content\/uploads\/2023\/01\/LOGO-FINAL-Fonce.jpg\",\"contentUrl\":\"http:\/\/recover.lajunglebijoux.com\/wp-content\/uploads\/2023\/01\/LOGO-FINAL-Fonce.jpg\",\"width\":900,\"height\":900,\"caption\":\"La Jungle Bijoux\"},\"image\":{\"@id\":\"http:\/\/recover.lajunglebijoux.com\/es\/#\/schema\/logo\/image\/\"}}]}<\/script>\n<!-- \/ Yoast SEO plugin. -->","yoast_head_json":{"title":"CHAKRA DEL TERCER OJO - collar de oro - La Jungle Bijoux","description":"Descubra nuestro collar Chakra del Tercer Ojo, en forma de loto con 2 p\u00e9talos. Fabricado en lat\u00f3n chapado en oro de 18 quilates, 3 micras de alta resistencia.","robots":{"index":"index","follow":"follow","max-snippet":"max-snippet:-1","max-image-preview":"max-image-preview:large","max-video-preview":"max-video-preview:-1"},"canonical":"http:\/\/recover.lajunglebijoux.com\/es\/producto\/collier-chakra-troisieme-oeil\/","og_locale":"es_ES","og_type":"article","og_title":"CHAKRA DEL TERCER OJO - collar de oro - La Jungle Bijoux","og_description":"Descubra nuestro collar Chakra del Tercer Ojo, en forma de loto con 2 p\u00e9talos. Fabricado en lat\u00f3n chapado en oro de 18 quilates, 3 micras de alta resistencia.","og_url":"http:\/\/recover.lajunglebijoux.com\/es\/producto\/collier-chakra-troisieme-oeil\/","og_site_name":"La Jungle Bijoux","article_modified_time":"2023-05-25T11:06:35+00:00","og_image":[{"width":1920,"height":2560,"url":"http:\/\/recover.lajunglebijoux.com\/wp-content\/uploads\/2022\/11\/IMG_20190813_124252-scaled.jpg","type":"image\/jpeg"}],"twitter_card":"summary_large_image","schema":{"@context":"https:\/\/schema.org","@graph":[{"@type":"WebPage","@id":"http:\/\/recover.lajunglebijoux.com\/es\/producto\/collier-chakra-troisieme-oeil\/","url":"http:\/\/recover.lajunglebijoux.com\/es\/producto\/collier-chakra-troisieme-oeil\/","name":"CHAKRA DEL TERCER OJO - collar de oro - La Jungle Bijoux","isPartOf":{"@id":"http:\/\/recover.lajunglebijoux.com\/es\/#website"},"primaryImageOfPage":{"@id":"http:\/\/recover.lajunglebijoux.com\/es\/producto\/collier-chakra-troisieme-oeil\/#primaryimage"},"image":{"@id":"http:\/\/recover.lajunglebijoux.com\/es\/producto\/collier-chakra-troisieme-oeil\/#primaryimage"},"thumbnailUrl":"http:\/\/recover.lajunglebijoux.com\/wp-content\/uploads\/2022\/11\/IMG_20190813_124252-scaled.jpg","datePublished":"2022-11-04T13:09:49+00:00","dateModified":"2023-05-25T11:06:35+00:00","description":"Descubra nuestro collar Chakra del Tercer Ojo, en forma de loto con 2 p\u00e9talos. Fabricado en lat\u00f3n chapado en oro de 18 quilates, 3 micras de alta resistencia.","breadcrumb":{"@id":"http:\/\/recover.lajunglebijoux.com\/es\/producto\/collier-chakra-troisieme-oeil\/#breadcrumb"},"inLanguage":"es","potentialAction":[{"@type":"ReadAction","target":["http:\/\/recover.lajunglebijoux.com\/es\/producto\/collier-chakra-troisieme-oeil\/"]}]},{"@type":"ImageObject","inLanguage":"es","@id":"http:\/\/recover.lajunglebijoux.com\/es\/producto\/collier-chakra-troisieme-oeil\/#primaryimage","url":"http:\/\/recover.lajunglebijoux.com\/wp-content\/uploads\/2022\/11\/IMG_20190813_124252-scaled.jpg","contentUrl":"http:\/\/recover.lajunglebijoux.com\/wp-content\/uploads\/2022\/11\/IMG_20190813_124252-scaled.jpg","width":1920,"height":2560,"caption":"collier chakra troisieme oeil"},{"@type":"BreadcrumbList","@id":"http:\/\/recover.lajunglebijoux.com\/es\/producto\/collier-chakra-troisieme-oeil\/#breadcrumb","itemListElement":[{"@type":"ListItem","position":1,"name":"Portada","item":"http:\/\/recover.lajunglebijoux.com\/es\/"},{"@type":"ListItem","position":2,"name":"Tienda","item":"http:\/\/recover.lajunglebijoux.com\/es\/tienda\/"},{"@type":"ListItem","position":3,"name":"CHAKRA DEL TERCER OJO &#8211; collar de oro"}]},{"@type":"WebSite","@id":"http:\/\/recover.lajunglebijoux.com\/es\/#website","url":"http:\/\/recover.lajunglebijoux.com\/es\/","name":"La Jungle Bijoux","description":"","publisher":{"@id":"http:\/\/recover.lajunglebijoux.com\/es\/#organization"},"potentialAction":[{"@type":"SearchAction","target":{"@type":"EntryPoint","urlTemplate":"http:\/\/recover.lajunglebijoux.com\/es\/?s={search_term_string}"},"query-input":"required name=search_term_string"}],"inLanguage":"es"},{"@type":"Organization","@id":"http:\/\/recover.lajunglebijoux.com\/es\/#organization","name":"La Jungle Bijoux","url":"http:\/\/recover.lajunglebijoux.com\/es\/","logo":{"@type":"ImageObject","inLanguage":"es","@id":"http:\/\/recover.lajunglebijoux.com\/es\/#\/schema\/logo\/image\/","url":"http:\/\/recover.lajunglebijoux.com\/wp-content\/uploads\/2023\/01\/LOGO-FINAL-Fonce.jpg","contentUrl":"http:\/\/recover.lajunglebijoux.com\/wp-content\/uploads\/2023\/01\/LOGO-FINAL-Fonce.jpg","width":900,"height":900,"caption":"La Jungle Bijoux"},"image":{"@id":"http:\/\/recover.lajunglebijoux.com\/es\/#\/schema\/logo\/image\/"}}]}},"_links":{"self":[{"href":"http:\/\/recover.lajunglebijoux.com\/es\/wp-json\/wp\/v2\/product\/8662","targetHints":{"allow":["GET"]}}],"collection":[{"href":"http:\/\/recover.lajunglebijoux.com\/es\/wp-json\/wp\/v2\/product"}],"about":[{"href":"http:\/\/recover.lajunglebijoux.com\/es\/wp-json\/wp\/v2\/types\/product"}],"replies":[{"embeddable":true,"href":"http:\/\/recover.lajunglebijoux.com\/es\/wp-json\/wp\/v2\/comments?post=8662"}],"wp:featuredmedia":[{"embeddable":true,"href":"http:\/\/recover.lajunglebijoux.com\/es\/wp-json\/wp\/v2\/media\/2222"}],"wp:attachment":[{"href":"http:\/\/recover.lajunglebijoux.com\/es\/wp-json\/wp\/v2\/media?parent=8662"}],"wp:term":[{"taxonomy":"product_cat","embeddable":true,"href":"http:\/\/recover.lajunglebijoux.com\/es\/wp-json\/wp\/v2\/product_cat?post=8662"},{"taxonomy":"product_tag","embeddable":true,"href":"http:\/\/recover.lajunglebijoux.com\/es\/wp-json\/wp\/v2\/product_tag?post=8662"}],"curies":[{"name":"wp","href":"https:\/\/api.w.org\/{rel}","templated":true}]}}