{"id":8220,"date":"2022-11-17T14:50:53","date_gmt":"2022-11-17T12:50:53","guid":{"rendered":"https:\/\/recover.lajunglebijoux.com\/product\/bijoux-oeil-boucles-doreilles\/"},"modified":"2023-05-25T10:05:58","modified_gmt":"2023-05-25T10:05:58","slug":"bijoux-oeil-boucles-doreilles","status":"publish","type":"product","link":"http:\/\/recover.lajunglebijoux.com\/es\/producto\/bijoux-oeil-boucles-doreilles\/","title":{"rendered":"Pendientes Motivo ojo Joan Mir\u00f3"},"content":{"rendered":"","protected":false},"excerpt":{"rendered":"<p>Estos pendientes \u00abojo\u00bb se inspiran en el ic\u00f3nico ojo del artista espa\u00f1ol Joan Mir\u00f3, que aparece a menudo tanto en sus cuadros como en sus esculturas.<\/p>\n<p>Son perfectos para dar un toque de dinamismo a tu look o para iluminar tu rostro.<\/p>\n<p>Son muy ligeros de llevar y vienen con cierres de silicona transparente para que no los pierda. Estos pendientes de ojal est\u00e1n hechos de oro de 18 quilates de alta resistencia sobre una base de lat\u00f3n.<\/p>\n<p>&nbsp;<\/p>\n<p>&nbsp;<\/p>\n","protected":false},"featured_media":3089,"comment_status":"open","ping_status":"closed","template":"","meta":{"_acf_changed":false},"product_cat":[70],"product_tag":[],"class_list":{"0":"post-8220","1":"product","2":"type-product","3":"status-publish","4":"has-post-thumbnail","6":"product_cat-miro-bcn-es","7":"pa_modele-pendientes","8":"pa_theme-joyas-astral-tarot","10":"first","11":"instock","12":"sale","13":"shipping-taxable","14":"purchasable","15":"product-type-simple"},"acf":[],"yoast_head":"<!-- This site is optimized with the Yoast SEO plugin v23.3 - https:\/\/yoast.com\/wordpress\/plugins\/seo\/ -->\n<title>Pendientes Motivo ojo Joan Mir\u00f3 - La Jungle Bijoux<\/title>\n<meta name=\"description\" content=\"Descubra estos sublimes pendientes con forma de ojo chapados en oro e inspirados en el artista espa\u00f1ol Joan Mir\u00f3. Este motivo clave de este pintor surrealista iluminar\u00e1 tu rostro.\" \/>\n<meta name=\"robots\" content=\"index, follow, max-snippet:-1, max-image-preview:large, max-video-preview:-1\" \/>\n<link rel=\"canonical\" href=\"http:\/\/recover.lajunglebijoux.com\/es\/producto\/bijoux-oeil-boucles-doreilles\/\" \/>\n<meta property=\"og:locale\" content=\"es_ES\" \/>\n<meta property=\"og:type\" content=\"article\" \/>\n<meta property=\"og:title\" content=\"Pendientes Motivo ojo Joan Mir\u00f3 - La Jungle Bijoux\" \/>\n<meta property=\"og:description\" content=\"Descubra estos sublimes pendientes con forma de ojo chapados en oro e inspirados en el artista espa\u00f1ol Joan Mir\u00f3. Este motivo clave de este pintor surrealista iluminar\u00e1 tu rostro.\" \/>\n<meta property=\"og:url\" content=\"http:\/\/recover.lajunglebijoux.com\/es\/producto\/bijoux-oeil-boucles-doreilles\/\" \/>\n<meta property=\"og:site_name\" content=\"La Jungle Bijoux\" \/>\n<meta property=\"article:modified_time\" content=\"2023-05-25T10:05:58+00:00\" \/>\n<meta property=\"og:image\" content=\"http:\/\/recover.lajunglebijoux.com\/wp-content\/uploads\/2022\/11\/IMG_20220325_152345-3.jpg\" \/>\n\t<meta property=\"og:image:width\" content=\"2523\" \/>\n\t<meta property=\"og:image:height\" content=\"2523\" \/>\n\t<meta property=\"og:image:type\" content=\"image\/jpeg\" \/>\n<meta name=\"twitter:card\" content=\"summary_large_image\" \/>\n<script type=\"application\/ld+json\" class=\"yoast-schema-graph\">{\"@context\":\"https:\/\/schema.org\",\"@graph\":[{\"@type\":\"WebPage\",\"@id\":\"http:\/\/recover.lajunglebijoux.com\/es\/producto\/bijoux-oeil-boucles-doreilles\/\",\"url\":\"http:\/\/recover.lajunglebijoux.com\/es\/producto\/bijoux-oeil-boucles-doreilles\/\",\"name\":\"Pendientes Motivo ojo Joan Mir\u00f3 - La Jungle Bijoux\",\"isPartOf\":{\"@id\":\"https:\/\/recover.lajunglebijoux.com\/es\/#website\"},\"primaryImageOfPage\":{\"@id\":\"http:\/\/recover.lajunglebijoux.com\/es\/producto\/bijoux-oeil-boucles-doreilles\/#primaryimage\"},\"image\":{\"@id\":\"http:\/\/recover.lajunglebijoux.com\/es\/producto\/bijoux-oeil-boucles-doreilles\/#primaryimage\"},\"thumbnailUrl\":\"http:\/\/recover.lajunglebijoux.com\/wp-content\/uploads\/2022\/11\/IMG_20220325_152345-3.jpg\",\"datePublished\":\"2022-11-17T12:50:53+00:00\",\"dateModified\":\"2023-05-25T10:05:58+00:00\",\"description\":\"Descubra estos sublimes pendientes con forma de ojo chapados en oro e inspirados en el artista espa\u00f1ol Joan Mir\u00f3. Este motivo clave de este pintor surrealista iluminar\u00e1 tu rostro.\",\"breadcrumb\":{\"@id\":\"http:\/\/recover.lajunglebijoux.com\/es\/producto\/bijoux-oeil-boucles-doreilles\/#breadcrumb\"},\"inLanguage\":\"es\",\"potentialAction\":[{\"@type\":\"ReadAction\",\"target\":[\"http:\/\/recover.lajunglebijoux.com\/es\/producto\/bijoux-oeil-boucles-doreilles\/\"]}]},{\"@type\":\"ImageObject\",\"inLanguage\":\"es\",\"@id\":\"http:\/\/recover.lajunglebijoux.com\/es\/producto\/bijoux-oeil-boucles-doreilles\/#primaryimage\",\"url\":\"http:\/\/recover.lajunglebijoux.com\/wp-content\/uploads\/2022\/11\/IMG_20220325_152345-3.jpg\",\"contentUrl\":\"http:\/\/recover.lajunglebijoux.com\/wp-content\/uploads\/2022\/11\/IMG_20220325_152345-3.jpg\",\"width\":2523,\"height\":2523},{\"@type\":\"BreadcrumbList\",\"@id\":\"http:\/\/recover.lajunglebijoux.com\/es\/producto\/bijoux-oeil-boucles-doreilles\/#breadcrumb\",\"itemListElement\":[{\"@type\":\"ListItem\",\"position\":1,\"name\":\"Portada\",\"item\":\"https:\/\/recover.lajunglebijoux.com\/es\/\"},{\"@type\":\"ListItem\",\"position\":2,\"name\":\"Tienda\",\"item\":\"https:\/\/recover.lajunglebijoux.com\/es\/tienda\/\"},{\"@type\":\"ListItem\",\"position\":3,\"name\":\"Pendientes Motivo ojo Joan Mir\u00f3\"}]},{\"@type\":\"WebSite\",\"@id\":\"https:\/\/recover.lajunglebijoux.com\/es\/#website\",\"url\":\"https:\/\/recover.lajunglebijoux.com\/es\/\",\"name\":\"La Jungle Bijoux\",\"description\":\"\",\"publisher\":{\"@id\":\"https:\/\/recover.lajunglebijoux.com\/es\/#organization\"},\"potentialAction\":[{\"@type\":\"SearchAction\",\"target\":{\"@type\":\"EntryPoint\",\"urlTemplate\":\"https:\/\/recover.lajunglebijoux.com\/es\/?s={search_term_string}\"},\"query-input\":\"required name=search_term_string\"}],\"inLanguage\":\"es\"},{\"@type\":\"Organization\",\"@id\":\"https:\/\/recover.lajunglebijoux.com\/es\/#organization\",\"name\":\"La Jungle Bijoux\",\"url\":\"https:\/\/recover.lajunglebijoux.com\/es\/\",\"logo\":{\"@type\":\"ImageObject\",\"inLanguage\":\"es\",\"@id\":\"https:\/\/recover.lajunglebijoux.com\/es\/#\/schema\/logo\/image\/\",\"url\":\"http:\/\/recover.lajunglebijoux.com\/wp-content\/uploads\/2023\/01\/LOGO-FINAL-Fonce.jpg\",\"contentUrl\":\"http:\/\/recover.lajunglebijoux.com\/wp-content\/uploads\/2023\/01\/LOGO-FINAL-Fonce.jpg\",\"width\":900,\"height\":900,\"caption\":\"La Jungle Bijoux\"},\"image\":{\"@id\":\"https:\/\/recover.lajunglebijoux.com\/es\/#\/schema\/logo\/image\/\"}}]}<\/script>\n<!-- \/ Yoast SEO plugin. -->","yoast_head_json":{"title":"Pendientes Motivo ojo Joan Mir\u00f3 - La Jungle Bijoux","description":"Descubra estos sublimes pendientes con forma de ojo chapados en oro e inspirados en el artista espa\u00f1ol Joan Mir\u00f3. Este motivo clave de este pintor surrealista iluminar\u00e1 tu rostro.","robots":{"index":"index","follow":"follow","max-snippet":"max-snippet:-1","max-image-preview":"max-image-preview:large","max-video-preview":"max-video-preview:-1"},"canonical":"http:\/\/recover.lajunglebijoux.com\/es\/producto\/bijoux-oeil-boucles-doreilles\/","og_locale":"es_ES","og_type":"article","og_title":"Pendientes Motivo ojo Joan Mir\u00f3 - La Jungle Bijoux","og_description":"Descubra estos sublimes pendientes con forma de ojo chapados en oro e inspirados en el artista espa\u00f1ol Joan Mir\u00f3. Este motivo clave de este pintor surrealista iluminar\u00e1 tu rostro.","og_url":"http:\/\/recover.lajunglebijoux.com\/es\/producto\/bijoux-oeil-boucles-doreilles\/","og_site_name":"La Jungle Bijoux","article_modified_time":"2023-05-25T10:05:58+00:00","og_image":[{"width":2523,"height":2523,"url":"http:\/\/recover.lajunglebijoux.com\/wp-content\/uploads\/2022\/11\/IMG_20220325_152345-3.jpg","type":"image\/jpeg"}],"twitter_card":"summary_large_image","schema":{"@context":"https:\/\/schema.org","@graph":[{"@type":"WebPage","@id":"http:\/\/recover.lajunglebijoux.com\/es\/producto\/bijoux-oeil-boucles-doreilles\/","url":"http:\/\/recover.lajunglebijoux.com\/es\/producto\/bijoux-oeil-boucles-doreilles\/","name":"Pendientes Motivo ojo Joan Mir\u00f3 - La Jungle Bijoux","isPartOf":{"@id":"https:\/\/recover.lajunglebijoux.com\/es\/#website"},"primaryImageOfPage":{"@id":"http:\/\/recover.lajunglebijoux.com\/es\/producto\/bijoux-oeil-boucles-doreilles\/#primaryimage"},"image":{"@id":"http:\/\/recover.lajunglebijoux.com\/es\/producto\/bijoux-oeil-boucles-doreilles\/#primaryimage"},"thumbnailUrl":"http:\/\/recover.lajunglebijoux.com\/wp-content\/uploads\/2022\/11\/IMG_20220325_152345-3.jpg","datePublished":"2022-11-17T12:50:53+00:00","dateModified":"2023-05-25T10:05:58+00:00","description":"Descubra estos sublimes pendientes con forma de ojo chapados en oro e inspirados en el artista espa\u00f1ol Joan Mir\u00f3. Este motivo clave de este pintor surrealista iluminar\u00e1 tu rostro.","breadcrumb":{"@id":"http:\/\/recover.lajunglebijoux.com\/es\/producto\/bijoux-oeil-boucles-doreilles\/#breadcrumb"},"inLanguage":"es","potentialAction":[{"@type":"ReadAction","target":["http:\/\/recover.lajunglebijoux.com\/es\/producto\/bijoux-oeil-boucles-doreilles\/"]}]},{"@type":"ImageObject","inLanguage":"es","@id":"http:\/\/recover.lajunglebijoux.com\/es\/producto\/bijoux-oeil-boucles-doreilles\/#primaryimage","url":"http:\/\/recover.lajunglebijoux.com\/wp-content\/uploads\/2022\/11\/IMG_20220325_152345-3.jpg","contentUrl":"http:\/\/recover.lajunglebijoux.com\/wp-content\/uploads\/2022\/11\/IMG_20220325_152345-3.jpg","width":2523,"height":2523},{"@type":"BreadcrumbList","@id":"http:\/\/recover.lajunglebijoux.com\/es\/producto\/bijoux-oeil-boucles-doreilles\/#breadcrumb","itemListElement":[{"@type":"ListItem","position":1,"name":"Portada","item":"https:\/\/recover.lajunglebijoux.com\/es\/"},{"@type":"ListItem","position":2,"name":"Tienda","item":"https:\/\/recover.lajunglebijoux.com\/es\/tienda\/"},{"@type":"ListItem","position":3,"name":"Pendientes Motivo ojo Joan Mir\u00f3"}]},{"@type":"WebSite","@id":"https:\/\/recover.lajunglebijoux.com\/es\/#website","url":"https:\/\/recover.lajunglebijoux.com\/es\/","name":"La Jungle Bijoux","description":"","publisher":{"@id":"https:\/\/recover.lajunglebijoux.com\/es\/#organization"},"potentialAction":[{"@type":"SearchAction","target":{"@type":"EntryPoint","urlTemplate":"https:\/\/recover.lajunglebijoux.com\/es\/?s={search_term_string}"},"query-input":"required name=search_term_string"}],"inLanguage":"es"},{"@type":"Organization","@id":"https:\/\/recover.lajunglebijoux.com\/es\/#organization","name":"La Jungle Bijoux","url":"https:\/\/recover.lajunglebijoux.com\/es\/","logo":{"@type":"ImageObject","inLanguage":"es","@id":"https:\/\/recover.lajunglebijoux.com\/es\/#\/schema\/logo\/image\/","url":"http:\/\/recover.lajunglebijoux.com\/wp-content\/uploads\/2023\/01\/LOGO-FINAL-Fonce.jpg","contentUrl":"http:\/\/recover.lajunglebijoux.com\/wp-content\/uploads\/2023\/01\/LOGO-FINAL-Fonce.jpg","width":900,"height":900,"caption":"La Jungle Bijoux"},"image":{"@id":"https:\/\/recover.lajunglebijoux.com\/es\/#\/schema\/logo\/image\/"}}]}},"_links":{"self":[{"href":"http:\/\/recover.lajunglebijoux.com\/es\/wp-json\/wp\/v2\/product\/8220","targetHints":{"allow":["GET"]}}],"collection":[{"href":"http:\/\/recover.lajunglebijoux.com\/es\/wp-json\/wp\/v2\/product"}],"about":[{"href":"http:\/\/recover.lajunglebijoux.com\/es\/wp-json\/wp\/v2\/types\/product"}],"replies":[{"embeddable":true,"href":"http:\/\/recover.lajunglebijoux.com\/es\/wp-json\/wp\/v2\/comments?post=8220"}],"wp:featuredmedia":[{"embeddable":true,"href":"http:\/\/recover.lajunglebijoux.com\/es\/wp-json\/wp\/v2\/media\/3089"}],"wp:attachment":[{"href":"http:\/\/recover.lajunglebijoux.com\/es\/wp-json\/wp\/v2\/media?parent=8220"}],"wp:term":[{"taxonomy":"product_cat","embeddable":true,"href":"http:\/\/recover.lajunglebijoux.com\/es\/wp-json\/wp\/v2\/product_cat?post=8220"},{"taxonomy":"product_tag","embeddable":true,"href":"http:\/\/recover.lajunglebijoux.com\/es\/wp-json\/wp\/v2\/product_tag?post=8220"}],"curies":[{"name":"wp","href":"https:\/\/api.w.org\/{rel}","templated":true}]}}