{"id":8218,"date":"2022-12-23T14:24:50","date_gmt":"2022-12-23T12:24:50","guid":{"rendered":"https:\/\/recover.lajunglebijoux.com\/product\/collier-etoile-miro-or\/"},"modified":"2023-05-25T10:03:31","modified_gmt":"2023-05-25T10:03:31","slug":"collier-etoile-miro-or","status":"publish","type":"product","link":"http:\/\/recover.lajunglebijoux.com\/es\/producto\/collier-etoile-miro-or\/","title":{"rendered":"Collar estrella Mir\u00f3 oro"},"content":{"rendered":"","protected":false},"excerpt":{"rendered":"<p>El collar estrella Mir\u00f3 es una joya discreta y elegante que brillar\u00e1 en su cuello. Este collar est\u00e1 fabricado en oro de 24 quilates de alta resistencia sobre una base de lat\u00f3n y lleva incrustado un cristal de Swarovski en el centro de su medalla grabada con un motivo de estrella.<\/p>\n<p>Puede lucirla sola o combinada con las dem\u00e1s joyas de la colecci\u00f3n Mir\u00f3.<\/p>\n<p>Longitud: 40 cm m\u00e1s una cadena de prolongaci\u00f3n de 5 cm.<\/p>\n<p>&nbsp;<\/p>\n","protected":false},"featured_media":4150,"comment_status":"open","ping_status":"closed","template":"","meta":{"_acf_changed":false},"product_cat":[70],"product_tag":[],"class_list":{"0":"post-8218","1":"product","2":"type-product","3":"status-publish","4":"has-post-thumbnail","6":"product_cat-miro-bcn-es","7":"pa_modele-collares","8":"pa_theme-joyas-astral-tarot","10":"first","11":"instock","12":"sale","13":"shipping-taxable","14":"purchasable","15":"product-type-simple"},"acf":[],"yoast_head":"<!-- This site is optimized with the Yoast SEO plugin v23.3 - https:\/\/yoast.com\/wordpress\/plugins\/seo\/ -->\n<title>Collar estrella Mir\u00f3 oro - La Jungle Bijoux<\/title>\n<meta name=\"description\" content=\"El collar estrella Mir\u00f3 de oro con incrustaci\u00f3n de cristal de Swarovski brilla en la base de su cuello como una estrella en la noche. Collar de oro fino de 24 quilates.\" \/>\n<meta name=\"robots\" content=\"index, follow, max-snippet:-1, max-image-preview:large, max-video-preview:-1\" \/>\n<link rel=\"canonical\" href=\"http:\/\/recover.lajunglebijoux.com\/es\/producto\/collier-etoile-miro-or\/\" \/>\n<meta property=\"og:locale\" content=\"es_ES\" \/>\n<meta property=\"og:type\" content=\"article\" \/>\n<meta property=\"og:title\" content=\"Collar estrella Mir\u00f3 oro - La Jungle Bijoux\" \/>\n<meta property=\"og:description\" content=\"El collar estrella Mir\u00f3 de oro con incrustaci\u00f3n de cristal de Swarovski brilla en la base de su cuello como una estrella en la noche. Collar de oro fino de 24 quilates.\" \/>\n<meta property=\"og:url\" content=\"http:\/\/recover.lajunglebijoux.com\/es\/producto\/collier-etoile-miro-or\/\" \/>\n<meta property=\"og:site_name\" content=\"La Jungle Bijoux\" \/>\n<meta property=\"article:modified_time\" content=\"2023-05-25T10:03:31+00:00\" \/>\n<meta property=\"og:image\" content=\"http:\/\/recover.lajunglebijoux.com\/wp-content\/uploads\/2022\/12\/IMG_20210408_122329.jpg\" \/>\n\t<meta property=\"og:image:width\" content=\"3456\" \/>\n\t<meta property=\"og:image:height\" content=\"3456\" \/>\n\t<meta property=\"og:image:type\" content=\"image\/jpeg\" \/>\n<meta name=\"twitter:card\" content=\"summary_large_image\" \/>\n<script type=\"application\/ld+json\" class=\"yoast-schema-graph\">{\"@context\":\"https:\/\/schema.org\",\"@graph\":[{\"@type\":\"WebPage\",\"@id\":\"http:\/\/recover.lajunglebijoux.com\/es\/producto\/collier-etoile-miro-or\/\",\"url\":\"http:\/\/recover.lajunglebijoux.com\/es\/producto\/collier-etoile-miro-or\/\",\"name\":\"Collar estrella Mir\u00f3 oro - La Jungle Bijoux\",\"isPartOf\":{\"@id\":\"https:\/\/recover.lajunglebijoux.com\/es\/#website\"},\"primaryImageOfPage\":{\"@id\":\"http:\/\/recover.lajunglebijoux.com\/es\/producto\/collier-etoile-miro-or\/#primaryimage\"},\"image\":{\"@id\":\"http:\/\/recover.lajunglebijoux.com\/es\/producto\/collier-etoile-miro-or\/#primaryimage\"},\"thumbnailUrl\":\"http:\/\/recover.lajunglebijoux.com\/wp-content\/uploads\/2022\/12\/IMG_20210408_122329.jpg\",\"datePublished\":\"2022-12-23T12:24:50+00:00\",\"dateModified\":\"2023-05-25T10:03:31+00:00\",\"description\":\"El collar estrella Mir\u00f3 de oro con incrustaci\u00f3n de cristal de Swarovski brilla en la base de su cuello como una estrella en la noche. Collar de oro fino de 24 quilates.\",\"breadcrumb\":{\"@id\":\"http:\/\/recover.lajunglebijoux.com\/es\/producto\/collier-etoile-miro-or\/#breadcrumb\"},\"inLanguage\":\"es\",\"potentialAction\":[{\"@type\":\"ReadAction\",\"target\":[\"http:\/\/recover.lajunglebijoux.com\/es\/producto\/collier-etoile-miro-or\/\"]}]},{\"@type\":\"ImageObject\",\"inLanguage\":\"es\",\"@id\":\"http:\/\/recover.lajunglebijoux.com\/es\/producto\/collier-etoile-miro-or\/#primaryimage\",\"url\":\"http:\/\/recover.lajunglebijoux.com\/wp-content\/uploads\/2022\/12\/IMG_20210408_122329.jpg\",\"contentUrl\":\"http:\/\/recover.lajunglebijoux.com\/wp-content\/uploads\/2022\/12\/IMG_20210408_122329.jpg\",\"width\":3456,\"height\":3456,\"caption\":\"collier-etoile-or\"},{\"@type\":\"BreadcrumbList\",\"@id\":\"http:\/\/recover.lajunglebijoux.com\/es\/producto\/collier-etoile-miro-or\/#breadcrumb\",\"itemListElement\":[{\"@type\":\"ListItem\",\"position\":1,\"name\":\"Portada\",\"item\":\"http:\/\/recover.lajunglebijoux.com\/es\/\"},{\"@type\":\"ListItem\",\"position\":2,\"name\":\"Tienda\",\"item\":\"http:\/\/recover.lajunglebijoux.com\/es\/tienda\/\"},{\"@type\":\"ListItem\",\"position\":3,\"name\":\"Collar estrella Mir\u00f3 oro\"}]},{\"@type\":\"WebSite\",\"@id\":\"https:\/\/recover.lajunglebijoux.com\/es\/#website\",\"url\":\"https:\/\/recover.lajunglebijoux.com\/es\/\",\"name\":\"La Jungle Bijoux\",\"description\":\"\",\"publisher\":{\"@id\":\"https:\/\/recover.lajunglebijoux.com\/es\/#organization\"},\"potentialAction\":[{\"@type\":\"SearchAction\",\"target\":{\"@type\":\"EntryPoint\",\"urlTemplate\":\"https:\/\/recover.lajunglebijoux.com\/es\/?s={search_term_string}\"},\"query-input\":\"required name=search_term_string\"}],\"inLanguage\":\"es\"},{\"@type\":\"Organization\",\"@id\":\"https:\/\/recover.lajunglebijoux.com\/es\/#organization\",\"name\":\"La Jungle Bijoux\",\"url\":\"https:\/\/recover.lajunglebijoux.com\/es\/\",\"logo\":{\"@type\":\"ImageObject\",\"inLanguage\":\"es\",\"@id\":\"https:\/\/recover.lajunglebijoux.com\/es\/#\/schema\/logo\/image\/\",\"url\":\"http:\/\/recover.lajunglebijoux.com\/wp-content\/uploads\/2023\/01\/LOGO-FINAL-Fonce.jpg\",\"contentUrl\":\"http:\/\/recover.lajunglebijoux.com\/wp-content\/uploads\/2023\/01\/LOGO-FINAL-Fonce.jpg\",\"width\":900,\"height\":900,\"caption\":\"La Jungle Bijoux\"},\"image\":{\"@id\":\"https:\/\/recover.lajunglebijoux.com\/es\/#\/schema\/logo\/image\/\"}}]}<\/script>\n<!-- \/ Yoast SEO plugin. -->","yoast_head_json":{"title":"Collar estrella Mir\u00f3 oro - La Jungle Bijoux","description":"El collar estrella Mir\u00f3 de oro con incrustaci\u00f3n de cristal de Swarovski brilla en la base de su cuello como una estrella en la noche. Collar de oro fino de 24 quilates.","robots":{"index":"index","follow":"follow","max-snippet":"max-snippet:-1","max-image-preview":"max-image-preview:large","max-video-preview":"max-video-preview:-1"},"canonical":"http:\/\/recover.lajunglebijoux.com\/es\/producto\/collier-etoile-miro-or\/","og_locale":"es_ES","og_type":"article","og_title":"Collar estrella Mir\u00f3 oro - La Jungle Bijoux","og_description":"El collar estrella Mir\u00f3 de oro con incrustaci\u00f3n de cristal de Swarovski brilla en la base de su cuello como una estrella en la noche. Collar de oro fino de 24 quilates.","og_url":"http:\/\/recover.lajunglebijoux.com\/es\/producto\/collier-etoile-miro-or\/","og_site_name":"La Jungle Bijoux","article_modified_time":"2023-05-25T10:03:31+00:00","og_image":[{"width":3456,"height":3456,"url":"http:\/\/recover.lajunglebijoux.com\/wp-content\/uploads\/2022\/12\/IMG_20210408_122329.jpg","type":"image\/jpeg"}],"twitter_card":"summary_large_image","schema":{"@context":"https:\/\/schema.org","@graph":[{"@type":"WebPage","@id":"http:\/\/recover.lajunglebijoux.com\/es\/producto\/collier-etoile-miro-or\/","url":"http:\/\/recover.lajunglebijoux.com\/es\/producto\/collier-etoile-miro-or\/","name":"Collar estrella Mir\u00f3 oro - La Jungle Bijoux","isPartOf":{"@id":"https:\/\/recover.lajunglebijoux.com\/es\/#website"},"primaryImageOfPage":{"@id":"http:\/\/recover.lajunglebijoux.com\/es\/producto\/collier-etoile-miro-or\/#primaryimage"},"image":{"@id":"http:\/\/recover.lajunglebijoux.com\/es\/producto\/collier-etoile-miro-or\/#primaryimage"},"thumbnailUrl":"http:\/\/recover.lajunglebijoux.com\/wp-content\/uploads\/2022\/12\/IMG_20210408_122329.jpg","datePublished":"2022-12-23T12:24:50+00:00","dateModified":"2023-05-25T10:03:31+00:00","description":"El collar estrella Mir\u00f3 de oro con incrustaci\u00f3n de cristal de Swarovski brilla en la base de su cuello como una estrella en la noche. Collar de oro fino de 24 quilates.","breadcrumb":{"@id":"http:\/\/recover.lajunglebijoux.com\/es\/producto\/collier-etoile-miro-or\/#breadcrumb"},"inLanguage":"es","potentialAction":[{"@type":"ReadAction","target":["http:\/\/recover.lajunglebijoux.com\/es\/producto\/collier-etoile-miro-or\/"]}]},{"@type":"ImageObject","inLanguage":"es","@id":"http:\/\/recover.lajunglebijoux.com\/es\/producto\/collier-etoile-miro-or\/#primaryimage","url":"http:\/\/recover.lajunglebijoux.com\/wp-content\/uploads\/2022\/12\/IMG_20210408_122329.jpg","contentUrl":"http:\/\/recover.lajunglebijoux.com\/wp-content\/uploads\/2022\/12\/IMG_20210408_122329.jpg","width":3456,"height":3456,"caption":"collier-etoile-or"},{"@type":"BreadcrumbList","@id":"http:\/\/recover.lajunglebijoux.com\/es\/producto\/collier-etoile-miro-or\/#breadcrumb","itemListElement":[{"@type":"ListItem","position":1,"name":"Portada","item":"http:\/\/recover.lajunglebijoux.com\/es\/"},{"@type":"ListItem","position":2,"name":"Tienda","item":"http:\/\/recover.lajunglebijoux.com\/es\/tienda\/"},{"@type":"ListItem","position":3,"name":"Collar estrella Mir\u00f3 oro"}]},{"@type":"WebSite","@id":"https:\/\/recover.lajunglebijoux.com\/es\/#website","url":"https:\/\/recover.lajunglebijoux.com\/es\/","name":"La Jungle Bijoux","description":"","publisher":{"@id":"https:\/\/recover.lajunglebijoux.com\/es\/#organization"},"potentialAction":[{"@type":"SearchAction","target":{"@type":"EntryPoint","urlTemplate":"https:\/\/recover.lajunglebijoux.com\/es\/?s={search_term_string}"},"query-input":"required name=search_term_string"}],"inLanguage":"es"},{"@type":"Organization","@id":"https:\/\/recover.lajunglebijoux.com\/es\/#organization","name":"La Jungle Bijoux","url":"https:\/\/recover.lajunglebijoux.com\/es\/","logo":{"@type":"ImageObject","inLanguage":"es","@id":"https:\/\/recover.lajunglebijoux.com\/es\/#\/schema\/logo\/image\/","url":"http:\/\/recover.lajunglebijoux.com\/wp-content\/uploads\/2023\/01\/LOGO-FINAL-Fonce.jpg","contentUrl":"http:\/\/recover.lajunglebijoux.com\/wp-content\/uploads\/2023\/01\/LOGO-FINAL-Fonce.jpg","width":900,"height":900,"caption":"La Jungle Bijoux"},"image":{"@id":"https:\/\/recover.lajunglebijoux.com\/es\/#\/schema\/logo\/image\/"}}]}},"_links":{"self":[{"href":"http:\/\/recover.lajunglebijoux.com\/es\/wp-json\/wp\/v2\/product\/8218","targetHints":{"allow":["GET"]}}],"collection":[{"href":"http:\/\/recover.lajunglebijoux.com\/es\/wp-json\/wp\/v2\/product"}],"about":[{"href":"http:\/\/recover.lajunglebijoux.com\/es\/wp-json\/wp\/v2\/types\/product"}],"replies":[{"embeddable":true,"href":"http:\/\/recover.lajunglebijoux.com\/es\/wp-json\/wp\/v2\/comments?post=8218"}],"wp:featuredmedia":[{"embeddable":true,"href":"http:\/\/recover.lajunglebijoux.com\/es\/wp-json\/wp\/v2\/media\/4150"}],"wp:attachment":[{"href":"http:\/\/recover.lajunglebijoux.com\/es\/wp-json\/wp\/v2\/media?parent=8218"}],"wp:term":[{"taxonomy":"product_cat","embeddable":true,"href":"http:\/\/recover.lajunglebijoux.com\/es\/wp-json\/wp\/v2\/product_cat?post=8218"},{"taxonomy":"product_tag","embeddable":true,"href":"http:\/\/recover.lajunglebijoux.com\/es\/wp-json\/wp\/v2\/product_tag?post=8218"}],"curies":[{"name":"wp","href":"https:\/\/api.w.org\/{rel}","templated":true}]}}