{"id":8214,"date":"2023-02-14T17:15:27","date_gmt":"2023-02-14T15:15:27","guid":{"rendered":"https:\/\/recover.lajunglebijoux.com\/product\/boucles-oreilles-chaines-billes\/"},"modified":"2023-05-25T09:58:06","modified_gmt":"2023-05-25T09:58:06","slug":"boucles-oreilles-chaines-billes","status":"publish","type":"product","link":"http:\/\/recover.lajunglebijoux.com\/es\/producto\/boucles-oreilles-chaines-billes\/","title":{"rendered":"MIR\u00d3 &#8211; Pendientes de cadena de bolas"},"content":{"rendered":"","protected":false},"excerpt":{"rendered":"<p>Pendientes chapados en oro.<\/p>\n<p>Cadenas de bolas soldadas en los extremos en 3 filas.<\/p>\n<p>Muy ligeros de llevar.<\/p>\n<p>Dorado en garant\u00eda. Consulte nuestra p\u00e1gina de garant\u00eda.<\/p>\n","protected":false},"featured_media":5840,"comment_status":"open","ping_status":"closed","template":"","meta":{"_acf_changed":false},"product_cat":[70],"product_tag":[],"class_list":{"0":"post-8214","1":"product","2":"type-product","3":"status-publish","4":"has-post-thumbnail","6":"product_cat-miro-bcn-es","7":"pa_modele-pendientes","9":"first","10":"outofstock","11":"shipping-taxable","12":"purchasable","13":"product-type-simple"},"acf":[],"yoast_head":"<!-- This site is optimized with the Yoast SEO plugin v23.3 - https:\/\/yoast.com\/wordpress\/plugins\/seo\/ -->\n<title>MIR\u00d3 - Pendientes de cadena de bolas - La Jungle Bijoux<\/title>\n<meta name=\"description\" content=\"Adopte los pendientes de cadena Mir\u00f3, pendientes originales y elegantes. Hechos a mano. Stock limitado.\" \/>\n<meta name=\"robots\" content=\"index, follow, max-snippet:-1, max-image-preview:large, max-video-preview:-1\" \/>\n<link rel=\"canonical\" href=\"http:\/\/recover.lajunglebijoux.com\/es\/producto\/boucles-oreilles-chaines-billes\/\" \/>\n<meta property=\"og:locale\" content=\"es_ES\" \/>\n<meta property=\"og:type\" content=\"article\" \/>\n<meta property=\"og:title\" content=\"MIR\u00d3 - Pendientes de cadena de bolas - La Jungle Bijoux\" \/>\n<meta property=\"og:description\" content=\"Adopte los pendientes de cadena Mir\u00f3, pendientes originales y elegantes. Hechos a mano. Stock limitado.\" \/>\n<meta property=\"og:url\" content=\"http:\/\/recover.lajunglebijoux.com\/es\/producto\/boucles-oreilles-chaines-billes\/\" \/>\n<meta property=\"og:site_name\" content=\"La Jungle Bijoux\" \/>\n<meta property=\"article:modified_time\" content=\"2023-05-25T09:58:06+00:00\" \/>\n<meta property=\"og:image\" content=\"https:\/\/recover.lajunglebijoux.com\/wp-content\/uploads\/2023\/02\/IMG_20210408_133922.jpg\" \/>\n\t<meta property=\"og:image:width\" content=\"3097\" \/>\n\t<meta property=\"og:image:height\" content=\"3097\" \/>\n\t<meta property=\"og:image:type\" content=\"image\/jpeg\" \/>\n<meta name=\"twitter:card\" content=\"summary_large_image\" \/>\n<script type=\"application\/ld+json\" class=\"yoast-schema-graph\">{\"@context\":\"https:\/\/schema.org\",\"@graph\":[{\"@type\":\"WebPage\",\"@id\":\"http:\/\/recover.lajunglebijoux.com\/es\/producto\/boucles-oreilles-chaines-billes\/\",\"url\":\"http:\/\/recover.lajunglebijoux.com\/es\/producto\/boucles-oreilles-chaines-billes\/\",\"name\":\"MIR\u00d3 - Pendientes de cadena de bolas - La Jungle Bijoux\",\"isPartOf\":{\"@id\":\"http:\/\/recover.lajunglebijoux.com\/es\/#website\"},\"primaryImageOfPage\":{\"@id\":\"http:\/\/recover.lajunglebijoux.com\/es\/producto\/boucles-oreilles-chaines-billes\/#primaryimage\"},\"image\":{\"@id\":\"http:\/\/recover.lajunglebijoux.com\/es\/producto\/boucles-oreilles-chaines-billes\/#primaryimage\"},\"thumbnailUrl\":\"http:\/\/recover.lajunglebijoux.com\/wp-content\/uploads\/2023\/02\/IMG_20210408_133922.jpg\",\"datePublished\":\"2023-02-14T15:15:27+00:00\",\"dateModified\":\"2023-05-25T09:58:06+00:00\",\"description\":\"Adopte los pendientes de cadena Mir\u00f3, pendientes originales y elegantes. Hechos a mano. Stock limitado.\",\"breadcrumb\":{\"@id\":\"http:\/\/recover.lajunglebijoux.com\/es\/producto\/boucles-oreilles-chaines-billes\/#breadcrumb\"},\"inLanguage\":\"es\",\"potentialAction\":[{\"@type\":\"ReadAction\",\"target\":[\"http:\/\/recover.lajunglebijoux.com\/es\/producto\/boucles-oreilles-chaines-billes\/\"]}]},{\"@type\":\"ImageObject\",\"inLanguage\":\"es\",\"@id\":\"http:\/\/recover.lajunglebijoux.com\/es\/producto\/boucles-oreilles-chaines-billes\/#primaryimage\",\"url\":\"http:\/\/recover.lajunglebijoux.com\/wp-content\/uploads\/2023\/02\/IMG_20210408_133922.jpg\",\"contentUrl\":\"http:\/\/recover.lajunglebijoux.com\/wp-content\/uploads\/2023\/02\/IMG_20210408_133922.jpg\",\"width\":3097,\"height\":3097,\"caption\":\"boucles oreilles cha\u00eene\"},{\"@type\":\"BreadcrumbList\",\"@id\":\"http:\/\/recover.lajunglebijoux.com\/es\/producto\/boucles-oreilles-chaines-billes\/#breadcrumb\",\"itemListElement\":[{\"@type\":\"ListItem\",\"position\":1,\"name\":\"Portada\",\"item\":\"http:\/\/recover.lajunglebijoux.com\/es\/\"},{\"@type\":\"ListItem\",\"position\":2,\"name\":\"Tienda\",\"item\":\"http:\/\/recover.lajunglebijoux.com\/es\/tienda\/\"},{\"@type\":\"ListItem\",\"position\":3,\"name\":\"MIR\u00d3 &#8211; Pendientes de cadena de bolas\"}]},{\"@type\":\"WebSite\",\"@id\":\"http:\/\/recover.lajunglebijoux.com\/es\/#website\",\"url\":\"http:\/\/recover.lajunglebijoux.com\/es\/\",\"name\":\"La Jungle Bijoux\",\"description\":\"\",\"publisher\":{\"@id\":\"http:\/\/recover.lajunglebijoux.com\/es\/#organization\"},\"potentialAction\":[{\"@type\":\"SearchAction\",\"target\":{\"@type\":\"EntryPoint\",\"urlTemplate\":\"http:\/\/recover.lajunglebijoux.com\/es\/?s={search_term_string}\"},\"query-input\":\"required name=search_term_string\"}],\"inLanguage\":\"es\"},{\"@type\":\"Organization\",\"@id\":\"http:\/\/recover.lajunglebijoux.com\/es\/#organization\",\"name\":\"La Jungle Bijoux\",\"url\":\"http:\/\/recover.lajunglebijoux.com\/es\/\",\"logo\":{\"@type\":\"ImageObject\",\"inLanguage\":\"es\",\"@id\":\"http:\/\/recover.lajunglebijoux.com\/es\/#\/schema\/logo\/image\/\",\"url\":\"http:\/\/recover.lajunglebijoux.com\/wp-content\/uploads\/2023\/01\/LOGO-FINAL-Fonce.jpg\",\"contentUrl\":\"http:\/\/recover.lajunglebijoux.com\/wp-content\/uploads\/2023\/01\/LOGO-FINAL-Fonce.jpg\",\"width\":900,\"height\":900,\"caption\":\"La Jungle Bijoux\"},\"image\":{\"@id\":\"http:\/\/recover.lajunglebijoux.com\/es\/#\/schema\/logo\/image\/\"}}]}<\/script>\n<!-- \/ Yoast SEO plugin. -->","yoast_head_json":{"title":"MIR\u00d3 - Pendientes de cadena de bolas - La Jungle Bijoux","description":"Adopte los pendientes de cadena Mir\u00f3, pendientes originales y elegantes. Hechos a mano. Stock limitado.","robots":{"index":"index","follow":"follow","max-snippet":"max-snippet:-1","max-image-preview":"max-image-preview:large","max-video-preview":"max-video-preview:-1"},"canonical":"http:\/\/recover.lajunglebijoux.com\/es\/producto\/boucles-oreilles-chaines-billes\/","og_locale":"es_ES","og_type":"article","og_title":"MIR\u00d3 - Pendientes de cadena de bolas - La Jungle Bijoux","og_description":"Adopte los pendientes de cadena Mir\u00f3, pendientes originales y elegantes. Hechos a mano. Stock limitado.","og_url":"http:\/\/recover.lajunglebijoux.com\/es\/producto\/boucles-oreilles-chaines-billes\/","og_site_name":"La Jungle Bijoux","article_modified_time":"2023-05-25T09:58:06+00:00","og_image":[{"width":3097,"height":3097,"url":"https:\/\/recover.lajunglebijoux.com\/wp-content\/uploads\/2023\/02\/IMG_20210408_133922.jpg","type":"image\/jpeg"}],"twitter_card":"summary_large_image","schema":{"@context":"https:\/\/schema.org","@graph":[{"@type":"WebPage","@id":"http:\/\/recover.lajunglebijoux.com\/es\/producto\/boucles-oreilles-chaines-billes\/","url":"http:\/\/recover.lajunglebijoux.com\/es\/producto\/boucles-oreilles-chaines-billes\/","name":"MIR\u00d3 - Pendientes de cadena de bolas - La Jungle Bijoux","isPartOf":{"@id":"http:\/\/recover.lajunglebijoux.com\/es\/#website"},"primaryImageOfPage":{"@id":"http:\/\/recover.lajunglebijoux.com\/es\/producto\/boucles-oreilles-chaines-billes\/#primaryimage"},"image":{"@id":"http:\/\/recover.lajunglebijoux.com\/es\/producto\/boucles-oreilles-chaines-billes\/#primaryimage"},"thumbnailUrl":"http:\/\/recover.lajunglebijoux.com\/wp-content\/uploads\/2023\/02\/IMG_20210408_133922.jpg","datePublished":"2023-02-14T15:15:27+00:00","dateModified":"2023-05-25T09:58:06+00:00","description":"Adopte los pendientes de cadena Mir\u00f3, pendientes originales y elegantes. Hechos a mano. Stock limitado.","breadcrumb":{"@id":"http:\/\/recover.lajunglebijoux.com\/es\/producto\/boucles-oreilles-chaines-billes\/#breadcrumb"},"inLanguage":"es","potentialAction":[{"@type":"ReadAction","target":["http:\/\/recover.lajunglebijoux.com\/es\/producto\/boucles-oreilles-chaines-billes\/"]}]},{"@type":"ImageObject","inLanguage":"es","@id":"http:\/\/recover.lajunglebijoux.com\/es\/producto\/boucles-oreilles-chaines-billes\/#primaryimage","url":"http:\/\/recover.lajunglebijoux.com\/wp-content\/uploads\/2023\/02\/IMG_20210408_133922.jpg","contentUrl":"http:\/\/recover.lajunglebijoux.com\/wp-content\/uploads\/2023\/02\/IMG_20210408_133922.jpg","width":3097,"height":3097,"caption":"boucles oreilles cha\u00eene"},{"@type":"BreadcrumbList","@id":"http:\/\/recover.lajunglebijoux.com\/es\/producto\/boucles-oreilles-chaines-billes\/#breadcrumb","itemListElement":[{"@type":"ListItem","position":1,"name":"Portada","item":"http:\/\/recover.lajunglebijoux.com\/es\/"},{"@type":"ListItem","position":2,"name":"Tienda","item":"http:\/\/recover.lajunglebijoux.com\/es\/tienda\/"},{"@type":"ListItem","position":3,"name":"MIR\u00d3 &#8211; Pendientes de cadena de bolas"}]},{"@type":"WebSite","@id":"http:\/\/recover.lajunglebijoux.com\/es\/#website","url":"http:\/\/recover.lajunglebijoux.com\/es\/","name":"La Jungle Bijoux","description":"","publisher":{"@id":"http:\/\/recover.lajunglebijoux.com\/es\/#organization"},"potentialAction":[{"@type":"SearchAction","target":{"@type":"EntryPoint","urlTemplate":"http:\/\/recover.lajunglebijoux.com\/es\/?s={search_term_string}"},"query-input":"required name=search_term_string"}],"inLanguage":"es"},{"@type":"Organization","@id":"http:\/\/recover.lajunglebijoux.com\/es\/#organization","name":"La Jungle Bijoux","url":"http:\/\/recover.lajunglebijoux.com\/es\/","logo":{"@type":"ImageObject","inLanguage":"es","@id":"http:\/\/recover.lajunglebijoux.com\/es\/#\/schema\/logo\/image\/","url":"http:\/\/recover.lajunglebijoux.com\/wp-content\/uploads\/2023\/01\/LOGO-FINAL-Fonce.jpg","contentUrl":"http:\/\/recover.lajunglebijoux.com\/wp-content\/uploads\/2023\/01\/LOGO-FINAL-Fonce.jpg","width":900,"height":900,"caption":"La Jungle Bijoux"},"image":{"@id":"http:\/\/recover.lajunglebijoux.com\/es\/#\/schema\/logo\/image\/"}}]}},"_links":{"self":[{"href":"http:\/\/recover.lajunglebijoux.com\/es\/wp-json\/wp\/v2\/product\/8214","targetHints":{"allow":["GET"]}}],"collection":[{"href":"http:\/\/recover.lajunglebijoux.com\/es\/wp-json\/wp\/v2\/product"}],"about":[{"href":"http:\/\/recover.lajunglebijoux.com\/es\/wp-json\/wp\/v2\/types\/product"}],"replies":[{"embeddable":true,"href":"http:\/\/recover.lajunglebijoux.com\/es\/wp-json\/wp\/v2\/comments?post=8214"}],"wp:featuredmedia":[{"embeddable":true,"href":"http:\/\/recover.lajunglebijoux.com\/es\/wp-json\/wp\/v2\/media\/5840"}],"wp:attachment":[{"href":"http:\/\/recover.lajunglebijoux.com\/es\/wp-json\/wp\/v2\/media?parent=8214"}],"wp:term":[{"taxonomy":"product_cat","embeddable":true,"href":"http:\/\/recover.lajunglebijoux.com\/es\/wp-json\/wp\/v2\/product_cat?post=8214"},{"taxonomy":"product_tag","embeddable":true,"href":"http:\/\/recover.lajunglebijoux.com\/es\/wp-json\/wp\/v2\/product_tag?post=8214"}],"curies":[{"name":"wp","href":"https:\/\/api.w.org\/{rel}","templated":true}]}}