{"id":8187,"date":"2023-01-11T09:11:39","date_gmt":"2023-01-11T07:11:39","guid":{"rendered":"https:\/\/recover.lajunglebijoux.com\/product\/collier-harmonie\/"},"modified":"2023-06-08T09:22:10","modified_gmt":"2023-06-08T09:22:10","slug":"collar-cristal-oro-armonia","status":"publish","type":"product","link":"http:\/\/recover.lajunglebijoux.com\/es\/producto\/collar-cristal-oro-armonia\/","title":{"rendered":"Armon\u00eda &#8211; collar oro cristal de roca"},"content":{"rendered":"","protected":false},"excerpt":{"rendered":"<p>Oro fino de 24 quilates de alta resistencia sobre una base de lat\u00f3n para la cadena y el anillo, pintura dorada met\u00e1lica especializada alrededor del cristal. La pintura tambi\u00e9n contiene oro aut\u00e9ntico.<\/p>\n<p>Longitud 50 cm ajustable con cadena de extensi\u00f3n de 5 cm.<\/p>\n<p>El Cristal de Roca es una piedra que favorece la meditaci\u00f3n, descansa la mente y calma el esp\u00edritu, favoreciendo la concentraci\u00f3n.<\/p>\n<p>Las vibraciones del Cristal de Roca aumentan la confianza en uno mismo y la intuici\u00f3n. Ayuda a canalizar las ideas y favorece la escucha y la apertura de esp\u00edritu.<\/p>\n<p>Piedra armoniosa y antiestr\u00e9s, el Cristal de Roca captura las energ\u00edas negativas para dejar sitio a la armon\u00eda. A nivel espiritual, ayuda a deshacer los bloqueos energ\u00e9ticos y emocionales. Tambi\u00e9n amplificar\u00e1 las percepciones espirituales y las sensibilidades de otro mundo.<\/p>\n<p>Al igual que con muchas de las joyas de La Jungle, quer\u00eda explicar mi proceso creativo y la intenci\u00f3n detr\u00e1s de esta joya, pero por supuesto s\u00f3lo tomar lo que te habla y si es s\u00f3lo el dise\u00f1o de la joya, que est\u00e1 muy bien tambi\u00e9n.<\/p>\n","protected":false},"featured_media":4845,"comment_status":"open","ping_status":"closed","template":"","meta":{"_acf_changed":false},"product_cat":[123],"product_tag":[],"class_list":{"0":"post-8187","1":"product","2":"type-product","3":"status-publish","4":"has-post-thumbnail","6":"product_cat-talisman-es","7":"pa_modele-collares","8":"pa_theme-joyas-energeticas","9":"pa_theme-joyas-bienestar","10":"pa_theme-piedras-litoterapia","12":"first","13":"outofstock","14":"shipping-taxable","15":"purchasable","16":"product-type-simple"},"acf":[],"yoast_head":"<!-- This site is optimized with the Yoast SEO plugin v23.3 - https:\/\/yoast.com\/wordpress\/plugins\/seo\/ -->\n<title>Armon\u00eda - collar oro cristal de roca - La Jungle Bijoux<\/title>\n<meta name=\"description\" content=\"Tranquil\u00edcese con el collar Armon\u00eda de oro y cristal de roca. Es una joya que invita al descanso, la meditaci\u00f3n y la concentraci\u00f3n.\" \/>\n<meta name=\"robots\" content=\"index, follow, max-snippet:-1, max-image-preview:large, max-video-preview:-1\" \/>\n<link rel=\"canonical\" href=\"http:\/\/recover.lajunglebijoux.com\/es\/producto\/collar-cristal-oro-armonia\/\" \/>\n<meta property=\"og:locale\" content=\"es_ES\" \/>\n<meta property=\"og:type\" content=\"article\" \/>\n<meta property=\"og:title\" content=\"Armon\u00eda - collar oro cristal de roca - La Jungle Bijoux\" \/>\n<meta property=\"og:description\" content=\"Tranquil\u00edcese con el collar Armon\u00eda de oro y cristal de roca. Es una joya que invita al descanso, la meditaci\u00f3n y la concentraci\u00f3n.\" \/>\n<meta property=\"og:url\" content=\"http:\/\/recover.lajunglebijoux.com\/es\/producto\/collar-cristal-oro-armonia\/\" \/>\n<meta property=\"og:site_name\" content=\"La Jungle Bijoux\" \/>\n<meta property=\"article:modified_time\" content=\"2023-06-08T09:22:10+00:00\" \/>\n<meta property=\"og:image\" content=\"http:\/\/recover.lajunglebijoux.com\/wp-content\/uploads\/2023\/01\/IMG_20220510_0943201.jpg\" \/>\n\t<meta property=\"og:image:width\" content=\"2965\" \/>\n\t<meta property=\"og:image:height\" content=\"2965\" \/>\n\t<meta property=\"og:image:type\" content=\"image\/jpeg\" \/>\n<meta name=\"twitter:card\" content=\"summary_large_image\" \/>\n<script type=\"application\/ld+json\" class=\"yoast-schema-graph\">{\"@context\":\"https:\/\/schema.org\",\"@graph\":[{\"@type\":\"WebPage\",\"@id\":\"http:\/\/recover.lajunglebijoux.com\/es\/producto\/collar-cristal-oro-armonia\/\",\"url\":\"http:\/\/recover.lajunglebijoux.com\/es\/producto\/collar-cristal-oro-armonia\/\",\"name\":\"Armon\u00eda - collar oro cristal de roca - La Jungle Bijoux\",\"isPartOf\":{\"@id\":\"https:\/\/recover.lajunglebijoux.com\/es\/#website\"},\"primaryImageOfPage\":{\"@id\":\"http:\/\/recover.lajunglebijoux.com\/es\/producto\/collar-cristal-oro-armonia\/#primaryimage\"},\"image\":{\"@id\":\"http:\/\/recover.lajunglebijoux.com\/es\/producto\/collar-cristal-oro-armonia\/#primaryimage\"},\"thumbnailUrl\":\"http:\/\/recover.lajunglebijoux.com\/wp-content\/uploads\/2023\/01\/IMG_20220510_0943201.jpg\",\"datePublished\":\"2023-01-11T07:11:39+00:00\",\"dateModified\":\"2023-06-08T09:22:10+00:00\",\"description\":\"Tranquil\u00edcese con el collar Armon\u00eda de oro y cristal de roca. Es una joya que invita al descanso, la meditaci\u00f3n y la concentraci\u00f3n.\",\"breadcrumb\":{\"@id\":\"http:\/\/recover.lajunglebijoux.com\/es\/producto\/collar-cristal-oro-armonia\/#breadcrumb\"},\"inLanguage\":\"es\",\"potentialAction\":[{\"@type\":\"ReadAction\",\"target\":[\"http:\/\/recover.lajunglebijoux.com\/es\/producto\/collar-cristal-oro-armonia\/\"]}]},{\"@type\":\"ImageObject\",\"inLanguage\":\"es\",\"@id\":\"http:\/\/recover.lajunglebijoux.com\/es\/producto\/collar-cristal-oro-armonia\/#primaryimage\",\"url\":\"http:\/\/recover.lajunglebijoux.com\/wp-content\/uploads\/2023\/01\/IMG_20220510_0943201.jpg\",\"contentUrl\":\"http:\/\/recover.lajunglebijoux.com\/wp-content\/uploads\/2023\/01\/IMG_20220510_0943201.jpg\",\"width\":2965,\"height\":2965,\"caption\":\"collier or cristal de roch\"},{\"@type\":\"BreadcrumbList\",\"@id\":\"http:\/\/recover.lajunglebijoux.com\/es\/producto\/collar-cristal-oro-armonia\/#breadcrumb\",\"itemListElement\":[{\"@type\":\"ListItem\",\"position\":1,\"name\":\"Portada\",\"item\":\"http:\/\/recover.lajunglebijoux.com\/es\/\"},{\"@type\":\"ListItem\",\"position\":2,\"name\":\"Tienda\",\"item\":\"http:\/\/recover.lajunglebijoux.com\/es\/tienda\/\"},{\"@type\":\"ListItem\",\"position\":3,\"name\":\"Armon\u00eda &#8211; collar oro cristal de roca\"}]},{\"@type\":\"WebSite\",\"@id\":\"https:\/\/recover.lajunglebijoux.com\/es\/#website\",\"url\":\"https:\/\/recover.lajunglebijoux.com\/es\/\",\"name\":\"La Jungle Bijoux\",\"description\":\"\",\"publisher\":{\"@id\":\"https:\/\/recover.lajunglebijoux.com\/es\/#organization\"},\"potentialAction\":[{\"@type\":\"SearchAction\",\"target\":{\"@type\":\"EntryPoint\",\"urlTemplate\":\"https:\/\/recover.lajunglebijoux.com\/es\/?s={search_term_string}\"},\"query-input\":\"required name=search_term_string\"}],\"inLanguage\":\"es\"},{\"@type\":\"Organization\",\"@id\":\"https:\/\/recover.lajunglebijoux.com\/es\/#organization\",\"name\":\"La Jungle Bijoux\",\"url\":\"https:\/\/recover.lajunglebijoux.com\/es\/\",\"logo\":{\"@type\":\"ImageObject\",\"inLanguage\":\"es\",\"@id\":\"https:\/\/recover.lajunglebijoux.com\/es\/#\/schema\/logo\/image\/\",\"url\":\"http:\/\/recover.lajunglebijoux.com\/wp-content\/uploads\/2023\/01\/LOGO-FINAL-Fonce.jpg\",\"contentUrl\":\"http:\/\/recover.lajunglebijoux.com\/wp-content\/uploads\/2023\/01\/LOGO-FINAL-Fonce.jpg\",\"width\":900,\"height\":900,\"caption\":\"La Jungle Bijoux\"},\"image\":{\"@id\":\"https:\/\/recover.lajunglebijoux.com\/es\/#\/schema\/logo\/image\/\"}}]}<\/script>\n<!-- \/ Yoast SEO plugin. -->","yoast_head_json":{"title":"Armon\u00eda - collar oro cristal de roca - La Jungle Bijoux","description":"Tranquil\u00edcese con el collar Armon\u00eda de oro y cristal de roca. Es una joya que invita al descanso, la meditaci\u00f3n y la concentraci\u00f3n.","robots":{"index":"index","follow":"follow","max-snippet":"max-snippet:-1","max-image-preview":"max-image-preview:large","max-video-preview":"max-video-preview:-1"},"canonical":"http:\/\/recover.lajunglebijoux.com\/es\/producto\/collar-cristal-oro-armonia\/","og_locale":"es_ES","og_type":"article","og_title":"Armon\u00eda - collar oro cristal de roca - La Jungle Bijoux","og_description":"Tranquil\u00edcese con el collar Armon\u00eda de oro y cristal de roca. Es una joya que invita al descanso, la meditaci\u00f3n y la concentraci\u00f3n.","og_url":"http:\/\/recover.lajunglebijoux.com\/es\/producto\/collar-cristal-oro-armonia\/","og_site_name":"La Jungle Bijoux","article_modified_time":"2023-06-08T09:22:10+00:00","og_image":[{"width":2965,"height":2965,"url":"http:\/\/recover.lajunglebijoux.com\/wp-content\/uploads\/2023\/01\/IMG_20220510_0943201.jpg","type":"image\/jpeg"}],"twitter_card":"summary_large_image","schema":{"@context":"https:\/\/schema.org","@graph":[{"@type":"WebPage","@id":"http:\/\/recover.lajunglebijoux.com\/es\/producto\/collar-cristal-oro-armonia\/","url":"http:\/\/recover.lajunglebijoux.com\/es\/producto\/collar-cristal-oro-armonia\/","name":"Armon\u00eda - collar oro cristal de roca - La Jungle Bijoux","isPartOf":{"@id":"https:\/\/recover.lajunglebijoux.com\/es\/#website"},"primaryImageOfPage":{"@id":"http:\/\/recover.lajunglebijoux.com\/es\/producto\/collar-cristal-oro-armonia\/#primaryimage"},"image":{"@id":"http:\/\/recover.lajunglebijoux.com\/es\/producto\/collar-cristal-oro-armonia\/#primaryimage"},"thumbnailUrl":"http:\/\/recover.lajunglebijoux.com\/wp-content\/uploads\/2023\/01\/IMG_20220510_0943201.jpg","datePublished":"2023-01-11T07:11:39+00:00","dateModified":"2023-06-08T09:22:10+00:00","description":"Tranquil\u00edcese con el collar Armon\u00eda de oro y cristal de roca. Es una joya que invita al descanso, la meditaci\u00f3n y la concentraci\u00f3n.","breadcrumb":{"@id":"http:\/\/recover.lajunglebijoux.com\/es\/producto\/collar-cristal-oro-armonia\/#breadcrumb"},"inLanguage":"es","potentialAction":[{"@type":"ReadAction","target":["http:\/\/recover.lajunglebijoux.com\/es\/producto\/collar-cristal-oro-armonia\/"]}]},{"@type":"ImageObject","inLanguage":"es","@id":"http:\/\/recover.lajunglebijoux.com\/es\/producto\/collar-cristal-oro-armonia\/#primaryimage","url":"http:\/\/recover.lajunglebijoux.com\/wp-content\/uploads\/2023\/01\/IMG_20220510_0943201.jpg","contentUrl":"http:\/\/recover.lajunglebijoux.com\/wp-content\/uploads\/2023\/01\/IMG_20220510_0943201.jpg","width":2965,"height":2965,"caption":"collier or cristal de roch"},{"@type":"BreadcrumbList","@id":"http:\/\/recover.lajunglebijoux.com\/es\/producto\/collar-cristal-oro-armonia\/#breadcrumb","itemListElement":[{"@type":"ListItem","position":1,"name":"Portada","item":"http:\/\/recover.lajunglebijoux.com\/es\/"},{"@type":"ListItem","position":2,"name":"Tienda","item":"http:\/\/recover.lajunglebijoux.com\/es\/tienda\/"},{"@type":"ListItem","position":3,"name":"Armon\u00eda &#8211; collar oro cristal de roca"}]},{"@type":"WebSite","@id":"https:\/\/recover.lajunglebijoux.com\/es\/#website","url":"https:\/\/recover.lajunglebijoux.com\/es\/","name":"La Jungle Bijoux","description":"","publisher":{"@id":"https:\/\/recover.lajunglebijoux.com\/es\/#organization"},"potentialAction":[{"@type":"SearchAction","target":{"@type":"EntryPoint","urlTemplate":"https:\/\/recover.lajunglebijoux.com\/es\/?s={search_term_string}"},"query-input":"required name=search_term_string"}],"inLanguage":"es"},{"@type":"Organization","@id":"https:\/\/recover.lajunglebijoux.com\/es\/#organization","name":"La Jungle Bijoux","url":"https:\/\/recover.lajunglebijoux.com\/es\/","logo":{"@type":"ImageObject","inLanguage":"es","@id":"https:\/\/recover.lajunglebijoux.com\/es\/#\/schema\/logo\/image\/","url":"http:\/\/recover.lajunglebijoux.com\/wp-content\/uploads\/2023\/01\/LOGO-FINAL-Fonce.jpg","contentUrl":"http:\/\/recover.lajunglebijoux.com\/wp-content\/uploads\/2023\/01\/LOGO-FINAL-Fonce.jpg","width":900,"height":900,"caption":"La Jungle Bijoux"},"image":{"@id":"https:\/\/recover.lajunglebijoux.com\/es\/#\/schema\/logo\/image\/"}}]}},"_links":{"self":[{"href":"http:\/\/recover.lajunglebijoux.com\/es\/wp-json\/wp\/v2\/product\/8187","targetHints":{"allow":["GET"]}}],"collection":[{"href":"http:\/\/recover.lajunglebijoux.com\/es\/wp-json\/wp\/v2\/product"}],"about":[{"href":"http:\/\/recover.lajunglebijoux.com\/es\/wp-json\/wp\/v2\/types\/product"}],"replies":[{"embeddable":true,"href":"http:\/\/recover.lajunglebijoux.com\/es\/wp-json\/wp\/v2\/comments?post=8187"}],"wp:featuredmedia":[{"embeddable":true,"href":"http:\/\/recover.lajunglebijoux.com\/es\/wp-json\/wp\/v2\/media\/4845"}],"wp:attachment":[{"href":"http:\/\/recover.lajunglebijoux.com\/es\/wp-json\/wp\/v2\/media?parent=8187"}],"wp:term":[{"taxonomy":"product_cat","embeddable":true,"href":"http:\/\/recover.lajunglebijoux.com\/es\/wp-json\/wp\/v2\/product_cat?post=8187"},{"taxonomy":"product_tag","embeddable":true,"href":"http:\/\/recover.lajunglebijoux.com\/es\/wp-json\/wp\/v2\/product_tag?post=8187"}],"curies":[{"name":"wp","href":"https:\/\/api.w.org\/{rel}","templated":true}]}}