{"id":8185,"date":"2022-12-07T13:34:02","date_gmt":"2022-12-07T11:34:02","guid":{"rendered":"https:\/\/recover.lajunglebijoux.com\/product\/collier-medaille-guidance-or\/"},"modified":"2023-05-24T16:06:48","modified_gmt":"2023-05-24T16:06:48","slug":"collar-medalla-oro-guia","status":"publish","type":"product","link":"http:\/\/recover.lajunglebijoux.com\/es\/producto\/collar-medalla-oro-guia\/","title":{"rendered":"GU\u00cdA collar medalla de oro"},"content":{"rendered":"<h2>Le mot de Jen, cr\u00e9atrice de La Jungle Bijoux<\/h2>\n<p>J\u2019ai cr\u00e9\u00e9 ce collier avec une m\u00e9daille en or pour te rappeler qu\u2019en \u00e9coutant tes guidances (celle de l\u2019univers et ta guidance int\u00e9rieure), tu fais de la place pour recevoir tout le positif que la vie a \u00e0 t\u2019offrir. Tu r\u00e9aliseras que tu n\u2019as pas \u00e0 tout prendre en charge seule.<\/p>\n<p>Le collier m\u00e9daille \u201cguidance\u201d est un excellent r\u00e9ceptacle, donc ose demander \u00e0 l\u2019univers, formule tes v\u0153ux et tu recevras ! La vie ne veut que le meilleur pour toi ! Ce bijou porte-bonheur t\u2019invite \u00e0 laisser de la place au silence, \u00e0 \u00ab\u00eatre\u00bb plut\u00f4t qu&#8217;\u00e0 \u00abfaire\u00bb. En te laissant guider, tu es alors apte \u00e0 accueillir dans ta vie tout ce qui fait vibrer ton \u00e2me. Alors tu brilleras autant que le collier m\u00e9daille \u201cGuidance\u201d, tu inspireras les autres, et les inviteras \u00e0 faire de m\u00eame.<\/p>\n<p>Ce collier porte-bonheur, je l\u2019ai cr\u00e9\u00e9 pour que tu te souviennes que donner permet de mieux recevoir. Si tu apportes du positif dans la vie des gens, ils te le donneront en retour.<\/p>\n<h2>Comment porter le collier m\u00e9daille \u201cGuidance\u201d en or<\/h2>\n<p>Le collier m\u00e9daille \u201cguidance\u201d en or peut se porter seul ou <a href=\"http:\/\/jkjpwtk.cluster026.hosting.ovh.net\/store\/c48\/ASTRAL_%2F_TAROT_%2F_3EME_%C5%92IL.html\">en accumulation avec d\u2019autres bijoux grigris<\/a> ou <a href=\"http:\/\/jkjpwtk.cluster026.hosting.ovh.net\/store\/c29\/COLLIERS_RAS_DU_COU.html\">avec un collier ras de cou<\/a>. Ce qui est s\u00fbr, c\u2019est que seul ou accompagn\u00e9 il donnera toujours un petit twist \u201csorci\u00e8re moderne\u201d \u00e0 ton look.<\/p>\n<p>Associe ce collier porte bonheur avec des <a href=\"http:\/\/jkjpwtk.cluster026.hosting.ovh.net\/store\/p353\/PUCES_G%C3%89OM%C3%89TRIQUES_OR_-_minis_boucles_d%27oreilles.html\">petites boucles d\u2019oreilles puces en or <\/a>pour apporter de la luminosit\u00e9 \u00e0 ton visage et une touche moderne \u00e0 ton look.<\/p>\n","protected":false},"excerpt":{"rendered":"<p>El collar medalla GU\u00cdA es una oportunidad para pedir un deseo. Como una lectura de las cartas del tarot, el collar GU\u00cdA te invita a seguir tu intuici\u00f3n y las se\u00f1ales del destino para desarrollar la confianza en ti misma. Es un aut\u00e9ntico amuleto de la suerte para llevar todos los d\u00edas.<\/p>\n<p>El collar medalla Gu\u00eda est\u00e1 hecho a mano en lat\u00f3n chapado en oro de 24 quilates. Mide 40 cm de largo m\u00e1s una cadena de prolongaci\u00f3n de 5 cm, que lo hace ligeramente ajustable. Tambi\u00e9n existe en una versi\u00f3n m\u00e1s original con doble cierre, \u00a1por si quieres lucir un estilo m\u00e1s vintage!<\/p>\n<p>Es el regalo perfecto para hacer o regalarse. \u00a1El collar medalla Guidance se convertir\u00e1 en la joya de la que nunca te separar\u00e1s!<\/p>\n","protected":false},"featured_media":3924,"comment_status":"open","ping_status":"closed","template":"","meta":{"_acf_changed":false},"product_cat":[123],"product_tag":[],"class_list":{"0":"post-8185","1":"product","2":"type-product","3":"status-publish","4":"has-post-thumbnail","6":"product_cat-talisman-es","7":"pa_modele-collares","8":"pa_theme-joyas-energeticas","9":"pa_theme-joyas-astral-tarot","11":"first","12":"instock","13":"shipping-taxable","14":"purchasable","15":"product-type-simple"},"acf":[],"yoast_head":"<!-- This site is optimized with the Yoast SEO plugin v23.3 - https:\/\/yoast.com\/wordpress\/plugins\/seo\/ -->\n<title>GU\u00cdA collar medalla de oro - La Jungle Bijoux<\/title>\n<meta name=\"description\" content=\"\u00a1Luce un aut\u00e9ntico amuleto de la suerte! El collar medalla Gu\u00eda en oro te invita a hacer realidad tus deseos. Est\u00e1 hecho a mano en Barcelona.\" \/>\n<meta name=\"robots\" content=\"index, follow, max-snippet:-1, max-image-preview:large, max-video-preview:-1\" \/>\n<link rel=\"canonical\" href=\"http:\/\/recover.lajunglebijoux.com\/es\/producto\/collar-medalla-oro-guia\/\" \/>\n<meta property=\"og:locale\" content=\"es_ES\" \/>\n<meta property=\"og:type\" content=\"article\" \/>\n<meta property=\"og:title\" content=\"GU\u00cdA collar medalla de oro - La Jungle Bijoux\" \/>\n<meta property=\"og:description\" content=\"\u00a1Luce un aut\u00e9ntico amuleto de la suerte! El collar medalla Gu\u00eda en oro te invita a hacer realidad tus deseos. Est\u00e1 hecho a mano en Barcelona.\" \/>\n<meta property=\"og:url\" content=\"http:\/\/recover.lajunglebijoux.com\/es\/producto\/collar-medalla-oro-guia\/\" \/>\n<meta property=\"og:site_name\" content=\"La Jungle Bijoux\" \/>\n<meta property=\"article:modified_time\" content=\"2023-05-24T16:06:48+00:00\" \/>\n<meta property=\"og:image\" content=\"https:\/\/recover.lajunglebijoux.com\/wp-content\/uploads\/2022\/12\/IMG_20220510_103454-scaled.jpg\" \/>\n\t<meta property=\"og:image:width\" content=\"1920\" \/>\n\t<meta property=\"og:image:height\" content=\"2560\" \/>\n\t<meta property=\"og:image:type\" content=\"image\/jpeg\" \/>\n<meta name=\"twitter:card\" content=\"summary_large_image\" \/>\n<meta name=\"twitter:label1\" content=\"Tiempo de lectura\" \/>\n\t<meta name=\"twitter:data1\" content=\"2 minutos\" \/>\n<script type=\"application\/ld+json\" class=\"yoast-schema-graph\">{\"@context\":\"https:\/\/schema.org\",\"@graph\":[{\"@type\":\"WebPage\",\"@id\":\"http:\/\/recover.lajunglebijoux.com\/es\/producto\/collar-medalla-oro-guia\/\",\"url\":\"http:\/\/recover.lajunglebijoux.com\/es\/producto\/collar-medalla-oro-guia\/\",\"name\":\"GU\u00cdA collar medalla de oro - La Jungle Bijoux\",\"isPartOf\":{\"@id\":\"https:\/\/recover.lajunglebijoux.com\/es\/#website\"},\"primaryImageOfPage\":{\"@id\":\"http:\/\/recover.lajunglebijoux.com\/es\/producto\/collar-medalla-oro-guia\/#primaryimage\"},\"image\":{\"@id\":\"http:\/\/recover.lajunglebijoux.com\/es\/producto\/collar-medalla-oro-guia\/#primaryimage\"},\"thumbnailUrl\":\"http:\/\/recover.lajunglebijoux.com\/wp-content\/uploads\/2022\/12\/IMG_20220510_103454-scaled.jpg\",\"datePublished\":\"2022-12-07T11:34:02+00:00\",\"dateModified\":\"2023-05-24T16:06:48+00:00\",\"description\":\"\u00a1Luce un aut\u00e9ntico amuleto de la suerte! El collar medalla Gu\u00eda en oro te invita a hacer realidad tus deseos. Est\u00e1 hecho a mano en Barcelona.\",\"breadcrumb\":{\"@id\":\"http:\/\/recover.lajunglebijoux.com\/es\/producto\/collar-medalla-oro-guia\/#breadcrumb\"},\"inLanguage\":\"es\",\"potentialAction\":[{\"@type\":\"ReadAction\",\"target\":[\"http:\/\/recover.lajunglebijoux.com\/es\/producto\/collar-medalla-oro-guia\/\"]}]},{\"@type\":\"ImageObject\",\"inLanguage\":\"es\",\"@id\":\"http:\/\/recover.lajunglebijoux.com\/es\/producto\/collar-medalla-oro-guia\/#primaryimage\",\"url\":\"http:\/\/recover.lajunglebijoux.com\/wp-content\/uploads\/2022\/12\/IMG_20220510_103454-scaled.jpg\",\"contentUrl\":\"http:\/\/recover.lajunglebijoux.com\/wp-content\/uploads\/2022\/12\/IMG_20220510_103454-scaled.jpg\",\"width\":1920,\"height\":2560,\"caption\":\"collier medaille or\"},{\"@type\":\"BreadcrumbList\",\"@id\":\"http:\/\/recover.lajunglebijoux.com\/es\/producto\/collar-medalla-oro-guia\/#breadcrumb\",\"itemListElement\":[{\"@type\":\"ListItem\",\"position\":1,\"name\":\"Portada\",\"item\":\"http:\/\/recover.lajunglebijoux.com\/es\/\"},{\"@type\":\"ListItem\",\"position\":2,\"name\":\"Tienda\",\"item\":\"http:\/\/recover.lajunglebijoux.com\/es\/tienda\/\"},{\"@type\":\"ListItem\",\"position\":3,\"name\":\"GU\u00cdA collar medalla de oro\"}]},{\"@type\":\"WebSite\",\"@id\":\"https:\/\/recover.lajunglebijoux.com\/es\/#website\",\"url\":\"https:\/\/recover.lajunglebijoux.com\/es\/\",\"name\":\"La Jungle Bijoux\",\"description\":\"\",\"publisher\":{\"@id\":\"https:\/\/recover.lajunglebijoux.com\/es\/#organization\"},\"potentialAction\":[{\"@type\":\"SearchAction\",\"target\":{\"@type\":\"EntryPoint\",\"urlTemplate\":\"https:\/\/recover.lajunglebijoux.com\/es\/?s={search_term_string}\"},\"query-input\":\"required name=search_term_string\"}],\"inLanguage\":\"es\"},{\"@type\":\"Organization\",\"@id\":\"https:\/\/recover.lajunglebijoux.com\/es\/#organization\",\"name\":\"La Jungle Bijoux\",\"url\":\"https:\/\/recover.lajunglebijoux.com\/es\/\",\"logo\":{\"@type\":\"ImageObject\",\"inLanguage\":\"es\",\"@id\":\"https:\/\/recover.lajunglebijoux.com\/es\/#\/schema\/logo\/image\/\",\"url\":\"http:\/\/recover.lajunglebijoux.com\/wp-content\/uploads\/2023\/01\/LOGO-FINAL-Fonce.jpg\",\"contentUrl\":\"http:\/\/recover.lajunglebijoux.com\/wp-content\/uploads\/2023\/01\/LOGO-FINAL-Fonce.jpg\",\"width\":900,\"height\":900,\"caption\":\"La Jungle Bijoux\"},\"image\":{\"@id\":\"https:\/\/recover.lajunglebijoux.com\/es\/#\/schema\/logo\/image\/\"}}]}<\/script>\n<!-- \/ Yoast SEO plugin. -->","yoast_head_json":{"title":"GU\u00cdA collar medalla de oro - La Jungle Bijoux","description":"\u00a1Luce un aut\u00e9ntico amuleto de la suerte! El collar medalla Gu\u00eda en oro te invita a hacer realidad tus deseos. Est\u00e1 hecho a mano en Barcelona.","robots":{"index":"index","follow":"follow","max-snippet":"max-snippet:-1","max-image-preview":"max-image-preview:large","max-video-preview":"max-video-preview:-1"},"canonical":"http:\/\/recover.lajunglebijoux.com\/es\/producto\/collar-medalla-oro-guia\/","og_locale":"es_ES","og_type":"article","og_title":"GU\u00cdA collar medalla de oro - La Jungle Bijoux","og_description":"\u00a1Luce un aut\u00e9ntico amuleto de la suerte! El collar medalla Gu\u00eda en oro te invita a hacer realidad tus deseos. Est\u00e1 hecho a mano en Barcelona.","og_url":"http:\/\/recover.lajunglebijoux.com\/es\/producto\/collar-medalla-oro-guia\/","og_site_name":"La Jungle Bijoux","article_modified_time":"2023-05-24T16:06:48+00:00","og_image":[{"width":1920,"height":2560,"url":"https:\/\/recover.lajunglebijoux.com\/wp-content\/uploads\/2022\/12\/IMG_20220510_103454-scaled.jpg","type":"image\/jpeg"}],"twitter_card":"summary_large_image","twitter_misc":{"Tiempo de lectura":"2 minutos"},"schema":{"@context":"https:\/\/schema.org","@graph":[{"@type":"WebPage","@id":"http:\/\/recover.lajunglebijoux.com\/es\/producto\/collar-medalla-oro-guia\/","url":"http:\/\/recover.lajunglebijoux.com\/es\/producto\/collar-medalla-oro-guia\/","name":"GU\u00cdA collar medalla de oro - La Jungle Bijoux","isPartOf":{"@id":"https:\/\/recover.lajunglebijoux.com\/es\/#website"},"primaryImageOfPage":{"@id":"http:\/\/recover.lajunglebijoux.com\/es\/producto\/collar-medalla-oro-guia\/#primaryimage"},"image":{"@id":"http:\/\/recover.lajunglebijoux.com\/es\/producto\/collar-medalla-oro-guia\/#primaryimage"},"thumbnailUrl":"http:\/\/recover.lajunglebijoux.com\/wp-content\/uploads\/2022\/12\/IMG_20220510_103454-scaled.jpg","datePublished":"2022-12-07T11:34:02+00:00","dateModified":"2023-05-24T16:06:48+00:00","description":"\u00a1Luce un aut\u00e9ntico amuleto de la suerte! El collar medalla Gu\u00eda en oro te invita a hacer realidad tus deseos. Est\u00e1 hecho a mano en Barcelona.","breadcrumb":{"@id":"http:\/\/recover.lajunglebijoux.com\/es\/producto\/collar-medalla-oro-guia\/#breadcrumb"},"inLanguage":"es","potentialAction":[{"@type":"ReadAction","target":["http:\/\/recover.lajunglebijoux.com\/es\/producto\/collar-medalla-oro-guia\/"]}]},{"@type":"ImageObject","inLanguage":"es","@id":"http:\/\/recover.lajunglebijoux.com\/es\/producto\/collar-medalla-oro-guia\/#primaryimage","url":"http:\/\/recover.lajunglebijoux.com\/wp-content\/uploads\/2022\/12\/IMG_20220510_103454-scaled.jpg","contentUrl":"http:\/\/recover.lajunglebijoux.com\/wp-content\/uploads\/2022\/12\/IMG_20220510_103454-scaled.jpg","width":1920,"height":2560,"caption":"collier medaille or"},{"@type":"BreadcrumbList","@id":"http:\/\/recover.lajunglebijoux.com\/es\/producto\/collar-medalla-oro-guia\/#breadcrumb","itemListElement":[{"@type":"ListItem","position":1,"name":"Portada","item":"http:\/\/recover.lajunglebijoux.com\/es\/"},{"@type":"ListItem","position":2,"name":"Tienda","item":"http:\/\/recover.lajunglebijoux.com\/es\/tienda\/"},{"@type":"ListItem","position":3,"name":"GU\u00cdA collar medalla de oro"}]},{"@type":"WebSite","@id":"https:\/\/recover.lajunglebijoux.com\/es\/#website","url":"https:\/\/recover.lajunglebijoux.com\/es\/","name":"La Jungle Bijoux","description":"","publisher":{"@id":"https:\/\/recover.lajunglebijoux.com\/es\/#organization"},"potentialAction":[{"@type":"SearchAction","target":{"@type":"EntryPoint","urlTemplate":"https:\/\/recover.lajunglebijoux.com\/es\/?s={search_term_string}"},"query-input":"required name=search_term_string"}],"inLanguage":"es"},{"@type":"Organization","@id":"https:\/\/recover.lajunglebijoux.com\/es\/#organization","name":"La Jungle Bijoux","url":"https:\/\/recover.lajunglebijoux.com\/es\/","logo":{"@type":"ImageObject","inLanguage":"es","@id":"https:\/\/recover.lajunglebijoux.com\/es\/#\/schema\/logo\/image\/","url":"http:\/\/recover.lajunglebijoux.com\/wp-content\/uploads\/2023\/01\/LOGO-FINAL-Fonce.jpg","contentUrl":"http:\/\/recover.lajunglebijoux.com\/wp-content\/uploads\/2023\/01\/LOGO-FINAL-Fonce.jpg","width":900,"height":900,"caption":"La Jungle Bijoux"},"image":{"@id":"https:\/\/recover.lajunglebijoux.com\/es\/#\/schema\/logo\/image\/"}}]}},"_links":{"self":[{"href":"http:\/\/recover.lajunglebijoux.com\/es\/wp-json\/wp\/v2\/product\/8185","targetHints":{"allow":["GET"]}}],"collection":[{"href":"http:\/\/recover.lajunglebijoux.com\/es\/wp-json\/wp\/v2\/product"}],"about":[{"href":"http:\/\/recover.lajunglebijoux.com\/es\/wp-json\/wp\/v2\/types\/product"}],"replies":[{"embeddable":true,"href":"http:\/\/recover.lajunglebijoux.com\/es\/wp-json\/wp\/v2\/comments?post=8185"}],"wp:featuredmedia":[{"embeddable":true,"href":"http:\/\/recover.lajunglebijoux.com\/es\/wp-json\/wp\/v2\/media\/3924"}],"wp:attachment":[{"href":"http:\/\/recover.lajunglebijoux.com\/es\/wp-json\/wp\/v2\/media?parent=8185"}],"wp:term":[{"taxonomy":"product_cat","embeddable":true,"href":"http:\/\/recover.lajunglebijoux.com\/es\/wp-json\/wp\/v2\/product_cat?post=8185"},{"taxonomy":"product_tag","embeddable":true,"href":"http:\/\/recover.lajunglebijoux.com\/es\/wp-json\/wp\/v2\/product_tag?post=8185"}],"curies":[{"name":"wp","href":"https:\/\/api.w.org\/{rel}","templated":true}]}}