{"id":8179,"date":"2022-11-16T11:56:54","date_gmt":"2022-11-16T09:56:54","guid":{"rendered":"https:\/\/recover.lajunglebijoux.com\/product\/collier-amethyste\/"},"modified":"2023-05-24T15:44:11","modified_gmt":"2023-05-24T15:44:11","slug":"collar-amatista-oro","status":"publish","type":"product","link":"http:\/\/recover.lajunglebijoux.com\/es\/producto\/collar-amatista-oro\/","title":{"rendered":"Ser una misma, Ser mujer &#8211; collar amuleto de amatista"},"content":{"rendered":"<h2>Unas palabras de Jen, creadora de La Jungle Joyas<\/h2>\n<p><strong>Un amuleto<\/strong> es un peque\u00f1o objeto que se lleva encima, hecho con la intenci\u00f3n de dar protecci\u00f3n y buena suerte. Para m\u00ed, los amuletos son como peque\u00f1as herramientas que nos permiten recordar que debemos alimentar nuestro cuerpo y nuestra alma con lo que nos hace vibrar, para sentirnos plenamente vivos. Nos devuelven al camino correcto a trav\u00e9s de su simbolismo y de la intenci\u00f3n con la que fueron creados. Nos ayudan a aceptar tanto nuestro lado oscuro como nuestro lado luminoso y as\u00ed irradiar permitiendo a los dem\u00e1s hacer lo mismo. <strong>EL TERCER OJO<\/strong> es una met\u00e1fora de Oriente para designar, m\u00e1s all\u00e1 de los dos ojos y de la vista, un ojo adicional: el del autoconocimiento. Este s\u00edmbolo est\u00e1 muy presente en las joyas La Jungle porque llevarlo y cruzarlo regularmente nos invita a aprender a conocernos mejor para saber responder perfectamente a nuestras necesidades y as\u00ed florecer, brillar y compartir nuestra hermosa energ\u00eda con todos los que nos rodean. Es otra puerta a nuestro mundo interior, a nuestra verdad \u00fanica<\/p>\n<p><strong>La serpiente<\/strong> es el s\u00edmbolo de la energ\u00eda Kundalini, una energ\u00eda como una serpiente enroscada en el nacimiento de nuestra columna vertebral, el chakra ra\u00edz. Se trata de una energ\u00eda femenina creativa muy poderosa y expansiva que asciende hasta la parte superior de la cabeza, desenroll\u00e1ndose como una serpiente y pasando por todos los centros energ\u00e9ticos de nuestro cuerpo, los chakras. Al despertarla, la kundalini nos permite revelar nuestro poder femenino y nuestra diosa creativa interior. Como una reina que retoma el control de su reino, pero con gracia. Es una energ\u00eda creativa pero tambi\u00e9n sanadora, te hace sentir m\u00e1s viva, m\u00e1s conectada, m\u00e1s consciente pero antes vendr\u00e1 a sanar el sufrimiento f\u00edsico y emocional que te atraviesa. Como con muchas de las joyas de La Jungle, quise explicar mi proceso creativo y la intenci\u00f3n detr\u00e1s de esta joya pero por supuesto solo toma lo que te habla y si es solo el dise\u00f1o de la joya, esta bien tambi\u00e9n.<\/p>\n<p>&nbsp;<\/p>\n","protected":false},"excerpt":{"rendered":"<p>Oro de 24 quilates de alta resistencia sobre base de lat\u00f3n. Longitud 44 cm + 5 cm de extensi\u00f3n. Para llevar solo o como acumulaci\u00f3n de collares. Fotos llevadas con el modelo de cuarzo rosa del mismo tama\u00f1o para que se haga una idea del efecto<\/p>\n","protected":false},"featured_media":2941,"comment_status":"open","ping_status":"closed","template":"","meta":{"_acf_changed":false},"product_cat":[123],"product_tag":[],"class_list":{"0":"post-8179","1":"product","2":"type-product","3":"status-publish","4":"has-post-thumbnail","6":"product_cat-talisman-es","7":"pa_modele-collares","8":"pa_theme-joyas-energeticas","9":"pa_theme-joyas-astral-tarot","10":"pa_theme-piedras-litoterapia","12":"first","13":"instock","14":"shipping-taxable","15":"purchasable","16":"product-type-variable"},"acf":[],"yoast_head":"<!-- This site is optimized with the Yoast SEO plugin v23.3 - https:\/\/yoast.com\/wordpress\/plugins\/seo\/ -->\n<title>Ser una misma, Ser mujer - collar amuleto de amatista - La Jungle Bijoux<\/title>\n<meta name=\"description\" content=\"Nuestro collar amuleto de amatista de oro de 24 quilates ser\u00e1 su nuevo amuleto de la suerte. Hecho a mano.\" \/>\n<meta name=\"robots\" content=\"index, follow, max-snippet:-1, max-image-preview:large, max-video-preview:-1\" \/>\n<link rel=\"canonical\" href=\"http:\/\/recover.lajunglebijoux.com\/es\/producto\/collar-amatista-oro\/\" \/>\n<meta property=\"og:locale\" content=\"es_ES\" \/>\n<meta property=\"og:type\" content=\"article\" \/>\n<meta property=\"og:title\" content=\"Ser una misma, Ser mujer - collar amuleto de amatista - La Jungle Bijoux\" \/>\n<meta property=\"og:description\" content=\"Nuestro collar amuleto de amatista de oro de 24 quilates ser\u00e1 su nuevo amuleto de la suerte. Hecho a mano.\" \/>\n<meta property=\"og:url\" content=\"http:\/\/recover.lajunglebijoux.com\/es\/producto\/collar-amatista-oro\/\" \/>\n<meta property=\"og:site_name\" content=\"La Jungle Bijoux\" \/>\n<meta property=\"article:modified_time\" content=\"2023-05-24T15:44:11+00:00\" \/>\n<meta property=\"og:image\" content=\"https:\/\/recover.lajunglebijoux.com\/wp-content\/uploads\/2022\/11\/IMG_20220427_123005.jpg\" \/>\n\t<meta property=\"og:image:width\" content=\"2764\" \/>\n\t<meta property=\"og:image:height\" content=\"2764\" \/>\n\t<meta property=\"og:image:type\" content=\"image\/jpeg\" \/>\n<meta name=\"twitter:card\" content=\"summary_large_image\" \/>\n<meta name=\"twitter:label1\" content=\"Tiempo de lectura\" \/>\n\t<meta name=\"twitter:data1\" content=\"2 minutos\" \/>\n<script type=\"application\/ld+json\" class=\"yoast-schema-graph\">{\"@context\":\"https:\/\/schema.org\",\"@graph\":[{\"@type\":\"WebPage\",\"@id\":\"http:\/\/recover.lajunglebijoux.com\/es\/producto\/collar-amatista-oro\/\",\"url\":\"http:\/\/recover.lajunglebijoux.com\/es\/producto\/collar-amatista-oro\/\",\"name\":\"Ser una misma, Ser mujer - collar amuleto de amatista - La Jungle Bijoux\",\"isPartOf\":{\"@id\":\"https:\/\/recover.lajunglebijoux.com\/es\/#website\"},\"primaryImageOfPage\":{\"@id\":\"http:\/\/recover.lajunglebijoux.com\/es\/producto\/collar-amatista-oro\/#primaryimage\"},\"image\":{\"@id\":\"http:\/\/recover.lajunglebijoux.com\/es\/producto\/collar-amatista-oro\/#primaryimage\"},\"thumbnailUrl\":\"http:\/\/recover.lajunglebijoux.com\/wp-content\/uploads\/2022\/11\/IMG_20220427_123005.jpg\",\"datePublished\":\"2022-11-16T09:56:54+00:00\",\"dateModified\":\"2023-05-24T15:44:11+00:00\",\"description\":\"Nuestro collar amuleto de amatista de oro de 24 quilates ser\u00e1 su nuevo amuleto de la suerte. Hecho a mano.\",\"breadcrumb\":{\"@id\":\"http:\/\/recover.lajunglebijoux.com\/es\/producto\/collar-amatista-oro\/#breadcrumb\"},\"inLanguage\":\"es\",\"potentialAction\":[{\"@type\":\"ReadAction\",\"target\":[\"http:\/\/recover.lajunglebijoux.com\/es\/producto\/collar-amatista-oro\/\"]}]},{\"@type\":\"ImageObject\",\"inLanguage\":\"es\",\"@id\":\"http:\/\/recover.lajunglebijoux.com\/es\/producto\/collar-amatista-oro\/#primaryimage\",\"url\":\"http:\/\/recover.lajunglebijoux.com\/wp-content\/uploads\/2022\/11\/IMG_20220427_123005.jpg\",\"contentUrl\":\"http:\/\/recover.lajunglebijoux.com\/wp-content\/uploads\/2022\/11\/IMG_20220427_123005.jpg\",\"width\":2764,\"height\":2764},{\"@type\":\"BreadcrumbList\",\"@id\":\"http:\/\/recover.lajunglebijoux.com\/es\/producto\/collar-amatista-oro\/#breadcrumb\",\"itemListElement\":[{\"@type\":\"ListItem\",\"position\":1,\"name\":\"Portada\",\"item\":\"http:\/\/recover.lajunglebijoux.com\/es\/\"},{\"@type\":\"ListItem\",\"position\":2,\"name\":\"Tienda\",\"item\":\"http:\/\/recover.lajunglebijoux.com\/es\/tienda\/\"},{\"@type\":\"ListItem\",\"position\":3,\"name\":\"Ser una misma, Ser mujer &#8211; collar amuleto de amatista\"}]},{\"@type\":\"WebSite\",\"@id\":\"https:\/\/recover.lajunglebijoux.com\/es\/#website\",\"url\":\"https:\/\/recover.lajunglebijoux.com\/es\/\",\"name\":\"La Jungle Bijoux\",\"description\":\"\",\"publisher\":{\"@id\":\"https:\/\/recover.lajunglebijoux.com\/es\/#organization\"},\"potentialAction\":[{\"@type\":\"SearchAction\",\"target\":{\"@type\":\"EntryPoint\",\"urlTemplate\":\"https:\/\/recover.lajunglebijoux.com\/es\/?s={search_term_string}\"},\"query-input\":\"required name=search_term_string\"}],\"inLanguage\":\"es\"},{\"@type\":\"Organization\",\"@id\":\"https:\/\/recover.lajunglebijoux.com\/es\/#organization\",\"name\":\"La Jungle Bijoux\",\"url\":\"https:\/\/recover.lajunglebijoux.com\/es\/\",\"logo\":{\"@type\":\"ImageObject\",\"inLanguage\":\"es\",\"@id\":\"https:\/\/recover.lajunglebijoux.com\/es\/#\/schema\/logo\/image\/\",\"url\":\"http:\/\/recover.lajunglebijoux.com\/wp-content\/uploads\/2023\/01\/LOGO-FINAL-Fonce.jpg\",\"contentUrl\":\"http:\/\/recover.lajunglebijoux.com\/wp-content\/uploads\/2023\/01\/LOGO-FINAL-Fonce.jpg\",\"width\":900,\"height\":900,\"caption\":\"La Jungle Bijoux\"},\"image\":{\"@id\":\"https:\/\/recover.lajunglebijoux.com\/es\/#\/schema\/logo\/image\/\"}}]}<\/script>\n<!-- \/ Yoast SEO plugin. -->","yoast_head_json":{"title":"Ser una misma, Ser mujer - collar amuleto de amatista - La Jungle Bijoux","description":"Nuestro collar amuleto de amatista de oro de 24 quilates ser\u00e1 su nuevo amuleto de la suerte. Hecho a mano.","robots":{"index":"index","follow":"follow","max-snippet":"max-snippet:-1","max-image-preview":"max-image-preview:large","max-video-preview":"max-video-preview:-1"},"canonical":"http:\/\/recover.lajunglebijoux.com\/es\/producto\/collar-amatista-oro\/","og_locale":"es_ES","og_type":"article","og_title":"Ser una misma, Ser mujer - collar amuleto de amatista - La Jungle Bijoux","og_description":"Nuestro collar amuleto de amatista de oro de 24 quilates ser\u00e1 su nuevo amuleto de la suerte. Hecho a mano.","og_url":"http:\/\/recover.lajunglebijoux.com\/es\/producto\/collar-amatista-oro\/","og_site_name":"La Jungle Bijoux","article_modified_time":"2023-05-24T15:44:11+00:00","og_image":[{"width":2764,"height":2764,"url":"https:\/\/recover.lajunglebijoux.com\/wp-content\/uploads\/2022\/11\/IMG_20220427_123005.jpg","type":"image\/jpeg"}],"twitter_card":"summary_large_image","twitter_misc":{"Tiempo de lectura":"2 minutos"},"schema":{"@context":"https:\/\/schema.org","@graph":[{"@type":"WebPage","@id":"http:\/\/recover.lajunglebijoux.com\/es\/producto\/collar-amatista-oro\/","url":"http:\/\/recover.lajunglebijoux.com\/es\/producto\/collar-amatista-oro\/","name":"Ser una misma, Ser mujer - collar amuleto de amatista - La Jungle Bijoux","isPartOf":{"@id":"https:\/\/recover.lajunglebijoux.com\/es\/#website"},"primaryImageOfPage":{"@id":"http:\/\/recover.lajunglebijoux.com\/es\/producto\/collar-amatista-oro\/#primaryimage"},"image":{"@id":"http:\/\/recover.lajunglebijoux.com\/es\/producto\/collar-amatista-oro\/#primaryimage"},"thumbnailUrl":"http:\/\/recover.lajunglebijoux.com\/wp-content\/uploads\/2022\/11\/IMG_20220427_123005.jpg","datePublished":"2022-11-16T09:56:54+00:00","dateModified":"2023-05-24T15:44:11+00:00","description":"Nuestro collar amuleto de amatista de oro de 24 quilates ser\u00e1 su nuevo amuleto de la suerte. Hecho a mano.","breadcrumb":{"@id":"http:\/\/recover.lajunglebijoux.com\/es\/producto\/collar-amatista-oro\/#breadcrumb"},"inLanguage":"es","potentialAction":[{"@type":"ReadAction","target":["http:\/\/recover.lajunglebijoux.com\/es\/producto\/collar-amatista-oro\/"]}]},{"@type":"ImageObject","inLanguage":"es","@id":"http:\/\/recover.lajunglebijoux.com\/es\/producto\/collar-amatista-oro\/#primaryimage","url":"http:\/\/recover.lajunglebijoux.com\/wp-content\/uploads\/2022\/11\/IMG_20220427_123005.jpg","contentUrl":"http:\/\/recover.lajunglebijoux.com\/wp-content\/uploads\/2022\/11\/IMG_20220427_123005.jpg","width":2764,"height":2764},{"@type":"BreadcrumbList","@id":"http:\/\/recover.lajunglebijoux.com\/es\/producto\/collar-amatista-oro\/#breadcrumb","itemListElement":[{"@type":"ListItem","position":1,"name":"Portada","item":"http:\/\/recover.lajunglebijoux.com\/es\/"},{"@type":"ListItem","position":2,"name":"Tienda","item":"http:\/\/recover.lajunglebijoux.com\/es\/tienda\/"},{"@type":"ListItem","position":3,"name":"Ser una misma, Ser mujer &#8211; collar amuleto de amatista"}]},{"@type":"WebSite","@id":"https:\/\/recover.lajunglebijoux.com\/es\/#website","url":"https:\/\/recover.lajunglebijoux.com\/es\/","name":"La Jungle Bijoux","description":"","publisher":{"@id":"https:\/\/recover.lajunglebijoux.com\/es\/#organization"},"potentialAction":[{"@type":"SearchAction","target":{"@type":"EntryPoint","urlTemplate":"https:\/\/recover.lajunglebijoux.com\/es\/?s={search_term_string}"},"query-input":"required name=search_term_string"}],"inLanguage":"es"},{"@type":"Organization","@id":"https:\/\/recover.lajunglebijoux.com\/es\/#organization","name":"La Jungle Bijoux","url":"https:\/\/recover.lajunglebijoux.com\/es\/","logo":{"@type":"ImageObject","inLanguage":"es","@id":"https:\/\/recover.lajunglebijoux.com\/es\/#\/schema\/logo\/image\/","url":"http:\/\/recover.lajunglebijoux.com\/wp-content\/uploads\/2023\/01\/LOGO-FINAL-Fonce.jpg","contentUrl":"http:\/\/recover.lajunglebijoux.com\/wp-content\/uploads\/2023\/01\/LOGO-FINAL-Fonce.jpg","width":900,"height":900,"caption":"La Jungle Bijoux"},"image":{"@id":"https:\/\/recover.lajunglebijoux.com\/es\/#\/schema\/logo\/image\/"}}]}},"_links":{"self":[{"href":"http:\/\/recover.lajunglebijoux.com\/es\/wp-json\/wp\/v2\/product\/8179","targetHints":{"allow":["GET"]}}],"collection":[{"href":"http:\/\/recover.lajunglebijoux.com\/es\/wp-json\/wp\/v2\/product"}],"about":[{"href":"http:\/\/recover.lajunglebijoux.com\/es\/wp-json\/wp\/v2\/types\/product"}],"replies":[{"embeddable":true,"href":"http:\/\/recover.lajunglebijoux.com\/es\/wp-json\/wp\/v2\/comments?post=8179"}],"wp:featuredmedia":[{"embeddable":true,"href":"http:\/\/recover.lajunglebijoux.com\/es\/wp-json\/wp\/v2\/media\/2941"}],"wp:attachment":[{"href":"http:\/\/recover.lajunglebijoux.com\/es\/wp-json\/wp\/v2\/media?parent=8179"}],"wp:term":[{"taxonomy":"product_cat","embeddable":true,"href":"http:\/\/recover.lajunglebijoux.com\/es\/wp-json\/wp\/v2\/product_cat?post=8179"},{"taxonomy":"product_tag","embeddable":true,"href":"http:\/\/recover.lajunglebijoux.com\/es\/wp-json\/wp\/v2\/product_tag?post=8179"}],"curies":[{"name":"wp","href":"https:\/\/api.w.org\/{rel}","templated":true}]}}