{"id":8177,"date":"2023-01-12T11:24:58","date_gmt":"2023-01-12T09:24:58","guid":{"rendered":"https:\/\/recover.lajunglebijoux.com\/product\/boucles-oreilles-amethyste\/"},"modified":"2024-03-11T17:17:34","modified_gmt":"2024-03-11T15:17:34","slug":"pendientes-amatista-oro","status":"publish","type":"product","link":"http:\/\/recover.lajunglebijoux.com\/es\/producto\/pendientes-amatista-oro\/","title":{"rendered":"CREATIVIDAD &#8211; mini pendientes de amatista"},"content":{"rendered":"","protected":false},"excerpt":{"rendered":"<p><strong>Amatista<\/strong>: Esta piedra de litoterapia ayuda a la creaci\u00f3n. Relaja, calma y tranquiliza la mente, orienta los pensamientos y las emociones hacia una mayor positividad. Gracias a sus virtudes, permitir\u00e1 que el coraz\u00f3n ocupe su lugar en nuestras elecciones. Oro de 24 quilates de alta resistencia sobre una base de lat\u00f3n. Para llevar solo o en combinaci\u00f3n con pendientes \/ piercings.<\/p>\n","protected":false},"featured_media":5115,"comment_status":"open","ping_status":"closed","template":"","meta":{"_acf_changed":false},"product_cat":[123],"product_tag":[],"class_list":{"0":"post-8177","1":"product","2":"type-product","3":"status-publish","4":"has-post-thumbnail","6":"product_cat-talisman-es","7":"pa_modele-pendientes","8":"pa_theme-joyas-energeticas","9":"pa_theme-piedras-litoterapia","11":"first","12":"instock","13":"shipping-taxable","14":"purchasable","15":"product-type-simple"},"acf":[],"yoast_head":"<!-- This site is optimized with the Yoast SEO plugin v23.3 - https:\/\/yoast.com\/wordpress\/plugins\/seo\/ -->\n<title>CREATIVIDAD - mini pendientes de amatista - La Jungle Bijoux<\/title>\n<meta name=\"description\" content=\"Calma tu alma con los mini pendientes Creatividad de oro y amatista. Hechos a mano en Barcelona.\" \/>\n<meta name=\"robots\" content=\"index, follow, max-snippet:-1, max-image-preview:large, max-video-preview:-1\" \/>\n<link rel=\"canonical\" href=\"http:\/\/recover.lajunglebijoux.com\/es\/producto\/pendientes-amatista-oro\/\" \/>\n<meta property=\"og:locale\" content=\"es_ES\" \/>\n<meta property=\"og:type\" content=\"article\" \/>\n<meta property=\"og:title\" content=\"CREATIVIDAD - mini pendientes de amatista - La Jungle Bijoux\" \/>\n<meta property=\"og:description\" content=\"Calma tu alma con los mini pendientes Creatividad de oro y amatista. Hechos a mano en Barcelona.\" \/>\n<meta property=\"og:url\" content=\"http:\/\/recover.lajunglebijoux.com\/es\/producto\/pendientes-amatista-oro\/\" \/>\n<meta property=\"og:site_name\" content=\"La Jungle Bijoux\" \/>\n<meta property=\"article:modified_time\" content=\"2024-03-11T15:17:34+00:00\" \/>\n<meta property=\"og:image\" content=\"http:\/\/recover.lajunglebijoux.com\/wp-content\/uploads\/2023\/01\/IMG_20220427_123658.jpg\" \/>\n\t<meta property=\"og:image:width\" content=\"3373\" \/>\n\t<meta property=\"og:image:height\" content=\"3373\" \/>\n\t<meta property=\"og:image:type\" content=\"image\/jpeg\" \/>\n<meta name=\"twitter:card\" content=\"summary_large_image\" \/>\n<script type=\"application\/ld+json\" class=\"yoast-schema-graph\">{\"@context\":\"https:\/\/schema.org\",\"@graph\":[{\"@type\":\"WebPage\",\"@id\":\"http:\/\/recover.lajunglebijoux.com\/es\/producto\/pendientes-amatista-oro\/\",\"url\":\"http:\/\/recover.lajunglebijoux.com\/es\/producto\/pendientes-amatista-oro\/\",\"name\":\"CREATIVIDAD - mini pendientes de amatista - La Jungle Bijoux\",\"isPartOf\":{\"@id\":\"https:\/\/recover.lajunglebijoux.com\/es\/#website\"},\"primaryImageOfPage\":{\"@id\":\"http:\/\/recover.lajunglebijoux.com\/es\/producto\/pendientes-amatista-oro\/#primaryimage\"},\"image\":{\"@id\":\"http:\/\/recover.lajunglebijoux.com\/es\/producto\/pendientes-amatista-oro\/#primaryimage\"},\"thumbnailUrl\":\"http:\/\/recover.lajunglebijoux.com\/wp-content\/uploads\/2023\/01\/IMG_20220427_123658.jpg\",\"datePublished\":\"2023-01-12T09:24:58+00:00\",\"dateModified\":\"2024-03-11T15:17:34+00:00\",\"description\":\"Calma tu alma con los mini pendientes Creatividad de oro y amatista. Hechos a mano en Barcelona.\",\"breadcrumb\":{\"@id\":\"http:\/\/recover.lajunglebijoux.com\/es\/producto\/pendientes-amatista-oro\/#breadcrumb\"},\"inLanguage\":\"es\",\"potentialAction\":[{\"@type\":\"ReadAction\",\"target\":[\"http:\/\/recover.lajunglebijoux.com\/es\/producto\/pendientes-amatista-oro\/\"]}]},{\"@type\":\"ImageObject\",\"inLanguage\":\"es\",\"@id\":\"http:\/\/recover.lajunglebijoux.com\/es\/producto\/pendientes-amatista-oro\/#primaryimage\",\"url\":\"http:\/\/recover.lajunglebijoux.com\/wp-content\/uploads\/2023\/01\/IMG_20220427_123658.jpg\",\"contentUrl\":\"http:\/\/recover.lajunglebijoux.com\/wp-content\/uploads\/2023\/01\/IMG_20220427_123658.jpg\",\"width\":3373,\"height\":3373,\"caption\":\"boucles oreilles amethyste\"},{\"@type\":\"BreadcrumbList\",\"@id\":\"http:\/\/recover.lajunglebijoux.com\/es\/producto\/pendientes-amatista-oro\/#breadcrumb\",\"itemListElement\":[{\"@type\":\"ListItem\",\"position\":1,\"name\":\"Portada\",\"item\":\"http:\/\/recover.lajunglebijoux.com\/es\/\"},{\"@type\":\"ListItem\",\"position\":2,\"name\":\"Tienda\",\"item\":\"http:\/\/recover.lajunglebijoux.com\/es\/tienda\/\"},{\"@type\":\"ListItem\",\"position\":3,\"name\":\"CREATIVIDAD &#8211; mini pendientes de amatista\"}]},{\"@type\":\"WebSite\",\"@id\":\"https:\/\/recover.lajunglebijoux.com\/es\/#website\",\"url\":\"https:\/\/recover.lajunglebijoux.com\/es\/\",\"name\":\"La Jungle Bijoux\",\"description\":\"\",\"publisher\":{\"@id\":\"https:\/\/recover.lajunglebijoux.com\/es\/#organization\"},\"potentialAction\":[{\"@type\":\"SearchAction\",\"target\":{\"@type\":\"EntryPoint\",\"urlTemplate\":\"https:\/\/recover.lajunglebijoux.com\/es\/?s={search_term_string}\"},\"query-input\":\"required name=search_term_string\"}],\"inLanguage\":\"es\"},{\"@type\":\"Organization\",\"@id\":\"https:\/\/recover.lajunglebijoux.com\/es\/#organization\",\"name\":\"La Jungle Bijoux\",\"url\":\"https:\/\/recover.lajunglebijoux.com\/es\/\",\"logo\":{\"@type\":\"ImageObject\",\"inLanguage\":\"es\",\"@id\":\"https:\/\/recover.lajunglebijoux.com\/es\/#\/schema\/logo\/image\/\",\"url\":\"http:\/\/recover.lajunglebijoux.com\/wp-content\/uploads\/2023\/01\/LOGO-FINAL-Fonce.jpg\",\"contentUrl\":\"http:\/\/recover.lajunglebijoux.com\/wp-content\/uploads\/2023\/01\/LOGO-FINAL-Fonce.jpg\",\"width\":900,\"height\":900,\"caption\":\"La Jungle Bijoux\"},\"image\":{\"@id\":\"https:\/\/recover.lajunglebijoux.com\/es\/#\/schema\/logo\/image\/\"}}]}<\/script>\n<!-- \/ Yoast SEO plugin. -->","yoast_head_json":{"title":"CREATIVIDAD - mini pendientes de amatista - La Jungle Bijoux","description":"Calma tu alma con los mini pendientes Creatividad de oro y amatista. Hechos a mano en Barcelona.","robots":{"index":"index","follow":"follow","max-snippet":"max-snippet:-1","max-image-preview":"max-image-preview:large","max-video-preview":"max-video-preview:-1"},"canonical":"http:\/\/recover.lajunglebijoux.com\/es\/producto\/pendientes-amatista-oro\/","og_locale":"es_ES","og_type":"article","og_title":"CREATIVIDAD - mini pendientes de amatista - La Jungle Bijoux","og_description":"Calma tu alma con los mini pendientes Creatividad de oro y amatista. Hechos a mano en Barcelona.","og_url":"http:\/\/recover.lajunglebijoux.com\/es\/producto\/pendientes-amatista-oro\/","og_site_name":"La Jungle Bijoux","article_modified_time":"2024-03-11T15:17:34+00:00","og_image":[{"width":3373,"height":3373,"url":"http:\/\/recover.lajunglebijoux.com\/wp-content\/uploads\/2023\/01\/IMG_20220427_123658.jpg","type":"image\/jpeg"}],"twitter_card":"summary_large_image","schema":{"@context":"https:\/\/schema.org","@graph":[{"@type":"WebPage","@id":"http:\/\/recover.lajunglebijoux.com\/es\/producto\/pendientes-amatista-oro\/","url":"http:\/\/recover.lajunglebijoux.com\/es\/producto\/pendientes-amatista-oro\/","name":"CREATIVIDAD - mini pendientes de amatista - La Jungle Bijoux","isPartOf":{"@id":"https:\/\/recover.lajunglebijoux.com\/es\/#website"},"primaryImageOfPage":{"@id":"http:\/\/recover.lajunglebijoux.com\/es\/producto\/pendientes-amatista-oro\/#primaryimage"},"image":{"@id":"http:\/\/recover.lajunglebijoux.com\/es\/producto\/pendientes-amatista-oro\/#primaryimage"},"thumbnailUrl":"http:\/\/recover.lajunglebijoux.com\/wp-content\/uploads\/2023\/01\/IMG_20220427_123658.jpg","datePublished":"2023-01-12T09:24:58+00:00","dateModified":"2024-03-11T15:17:34+00:00","description":"Calma tu alma con los mini pendientes Creatividad de oro y amatista. Hechos a mano en Barcelona.","breadcrumb":{"@id":"http:\/\/recover.lajunglebijoux.com\/es\/producto\/pendientes-amatista-oro\/#breadcrumb"},"inLanguage":"es","potentialAction":[{"@type":"ReadAction","target":["http:\/\/recover.lajunglebijoux.com\/es\/producto\/pendientes-amatista-oro\/"]}]},{"@type":"ImageObject","inLanguage":"es","@id":"http:\/\/recover.lajunglebijoux.com\/es\/producto\/pendientes-amatista-oro\/#primaryimage","url":"http:\/\/recover.lajunglebijoux.com\/wp-content\/uploads\/2023\/01\/IMG_20220427_123658.jpg","contentUrl":"http:\/\/recover.lajunglebijoux.com\/wp-content\/uploads\/2023\/01\/IMG_20220427_123658.jpg","width":3373,"height":3373,"caption":"boucles oreilles amethyste"},{"@type":"BreadcrumbList","@id":"http:\/\/recover.lajunglebijoux.com\/es\/producto\/pendientes-amatista-oro\/#breadcrumb","itemListElement":[{"@type":"ListItem","position":1,"name":"Portada","item":"http:\/\/recover.lajunglebijoux.com\/es\/"},{"@type":"ListItem","position":2,"name":"Tienda","item":"http:\/\/recover.lajunglebijoux.com\/es\/tienda\/"},{"@type":"ListItem","position":3,"name":"CREATIVIDAD &#8211; mini pendientes de amatista"}]},{"@type":"WebSite","@id":"https:\/\/recover.lajunglebijoux.com\/es\/#website","url":"https:\/\/recover.lajunglebijoux.com\/es\/","name":"La Jungle Bijoux","description":"","publisher":{"@id":"https:\/\/recover.lajunglebijoux.com\/es\/#organization"},"potentialAction":[{"@type":"SearchAction","target":{"@type":"EntryPoint","urlTemplate":"https:\/\/recover.lajunglebijoux.com\/es\/?s={search_term_string}"},"query-input":"required name=search_term_string"}],"inLanguage":"es"},{"@type":"Organization","@id":"https:\/\/recover.lajunglebijoux.com\/es\/#organization","name":"La Jungle Bijoux","url":"https:\/\/recover.lajunglebijoux.com\/es\/","logo":{"@type":"ImageObject","inLanguage":"es","@id":"https:\/\/recover.lajunglebijoux.com\/es\/#\/schema\/logo\/image\/","url":"http:\/\/recover.lajunglebijoux.com\/wp-content\/uploads\/2023\/01\/LOGO-FINAL-Fonce.jpg","contentUrl":"http:\/\/recover.lajunglebijoux.com\/wp-content\/uploads\/2023\/01\/LOGO-FINAL-Fonce.jpg","width":900,"height":900,"caption":"La Jungle Bijoux"},"image":{"@id":"https:\/\/recover.lajunglebijoux.com\/es\/#\/schema\/logo\/image\/"}}]}},"_links":{"self":[{"href":"http:\/\/recover.lajunglebijoux.com\/es\/wp-json\/wp\/v2\/product\/8177","targetHints":{"allow":["GET"]}}],"collection":[{"href":"http:\/\/recover.lajunglebijoux.com\/es\/wp-json\/wp\/v2\/product"}],"about":[{"href":"http:\/\/recover.lajunglebijoux.com\/es\/wp-json\/wp\/v2\/types\/product"}],"replies":[{"embeddable":true,"href":"http:\/\/recover.lajunglebijoux.com\/es\/wp-json\/wp\/v2\/comments?post=8177"}],"wp:featuredmedia":[{"embeddable":true,"href":"http:\/\/recover.lajunglebijoux.com\/es\/wp-json\/wp\/v2\/media\/5115"}],"wp:attachment":[{"href":"http:\/\/recover.lajunglebijoux.com\/es\/wp-json\/wp\/v2\/media?parent=8177"}],"wp:term":[{"taxonomy":"product_cat","embeddable":true,"href":"http:\/\/recover.lajunglebijoux.com\/es\/wp-json\/wp\/v2\/product_cat?post=8177"},{"taxonomy":"product_tag","embeddable":true,"href":"http:\/\/recover.lajunglebijoux.com\/es\/wp-json\/wp\/v2\/product_tag?post=8177"}],"curies":[{"name":"wp","href":"https:\/\/api.w.org\/{rel}","templated":true}]}}