{"id":8173,"date":"2023-01-23T13:19:10","date_gmt":"2023-01-23T11:19:10","guid":{"rendered":"https:\/\/recover.lajunglebijoux.com\/product\/minis-creoles-parfaites\/"},"modified":"2023-05-24T13:50:42","modified_gmt":"2023-05-24T13:50:42","slug":"pendientes-aros-mini-oro","status":"publish","type":"product","link":"http:\/\/recover.lajunglebijoux.com\/es\/producto\/pendientes-aros-mini-oro\/","title":{"rendered":"Mini aros dorados Los Perfectos"},"content":{"rendered":"<h2>Le mot de Jen, cr\u00e9atrice de La Jungle Bijoux<\/h2>\n<p>Avec La Jungle, j\u2019adore revisiter les classiques de nos bo\u00eetes \u00e0 bijoux pour y ajouter une touche originale. Pour moi, les petites cr\u00e9oles sont comme la petite robe noire revisit\u00e9e par Gabrielle Chanel. Un bijou incontournable, \u00e9l\u00e9gant et intemporel.<\/p>\n<p>J\u2019ai ajout\u00e9 toutes ces petites billes \u00e0 une cr\u00e9ole classique pour faire comme un collier de perles que l\u2019on porterait \u00e0 nos oreilles. Cela donne aux cr\u00e9oles un c\u00f4t\u00e9 \u201cmignon\u201d que j\u2019ai voulu accentuer avec le format mini, qui est parfait si comme moi tu aimes l\u2019accumulation de bijoux \u00e0 tes oreilles.<\/p>\n<h2>Comment porter les minis cr\u00e9oles en or Les Parfaites<\/h2>\n<p>Ces boucles d\u2019oreilles en or se portent aussi bien seules, pour un look discret et apporter un peu de lumi\u00e8re \u00e0 ton visage, qu\u2019en accumulation. Si tu veux jouer avec le style maximaliste, tu peux aller dans l\u2019originalit\u00e9 avec les <a href=\"http:\/\/jkjpwtk.cluster026.hosting.ovh.net\/produit\/boucles-deesse-coquillage\/\">boucles d\u2019oreilles coquillages<\/a> ou rester plus discr\u00e8tes avec des <a href=\"http:\/\/jkjpwtk.cluster026.hosting.ovh.net\/produit\/mini-boucles-coeur\/\">puces d\u2019oreilles en coeur<\/a>. Peu importe si tu choisis de faire des minis cr\u00e9oles en or Les Parfaites les stars de tes accessoires ou non, elles sauront toujours sublimer ta tenue qu\u2019elle soit classique, ultra mode, ou rock.<\/p>\n","protected":false},"excerpt":{"rendered":"<p>\u00bfLe gustan las joyas discretas pero originales? \u00a1Los mini aros Los Perfectos en oro est\u00e1n hechos para usted! Estos pendientes son el resultado de una joya cl\u00e1sica revisitada: las criollas. Imprescindibles en cualquier joyero, son unos pendientes polivalentes que har\u00e1n las delicias de todas las generaciones y todos los looks. Los mini pendientes Les Parfaites est\u00e1n chapados en oro de 24 quilates de 3 micras de alta resistencia y fabricados artesanalmente en el taller La Jungle de Barcelona. Es la joya perfecta en cualquier situaci\u00f3n que iluminar\u00e1 tu rostro.<\/p>\n","protected":false},"featured_media":5364,"comment_status":"open","ping_status":"closed","template":"","meta":{"_acf_changed":false},"product_cat":[123],"product_tag":[],"class_list":{"0":"post-8173","1":"product","2":"type-product","3":"status-publish","4":"has-post-thumbnail","6":"product_cat-talisman-es","7":"pa_modele-pendientes","8":"pa_theme-joyas-finas","9":"pa_theme-estilo-vintage","11":"first","12":"instock","13":"shipping-taxable","14":"purchasable","15":"product-type-simple"},"acf":[],"yoast_head":"<!-- This site is optimized with the Yoast SEO plugin v23.3 - https:\/\/yoast.com\/wordpress\/plugins\/seo\/ -->\n<title>Mini aros dorados Los Perfectos - La Jungle Bijoux<\/title>\n<meta name=\"description\" content=\"Descubra unos pendientes discretos y originales con los mini aros Los Perfectos en oro. Una joya cl\u00e1sica revisitada y fabricada en Barcelona.\" \/>\n<meta name=\"robots\" content=\"index, follow, max-snippet:-1, max-image-preview:large, max-video-preview:-1\" \/>\n<link rel=\"canonical\" href=\"http:\/\/recover.lajunglebijoux.com\/es\/producto\/pendientes-aros-mini-oro\/\" \/>\n<meta property=\"og:locale\" content=\"es_ES\" \/>\n<meta property=\"og:type\" content=\"article\" \/>\n<meta property=\"og:title\" content=\"Mini aros dorados Los Perfectos - La Jungle Bijoux\" \/>\n<meta property=\"og:description\" content=\"Descubra unos pendientes discretos y originales con los mini aros Los Perfectos en oro. Una joya cl\u00e1sica revisitada y fabricada en Barcelona.\" \/>\n<meta property=\"og:url\" content=\"http:\/\/recover.lajunglebijoux.com\/es\/producto\/pendientes-aros-mini-oro\/\" \/>\n<meta property=\"og:site_name\" content=\"La Jungle Bijoux\" \/>\n<meta property=\"article:modified_time\" content=\"2023-05-24T13:50:42+00:00\" \/>\n<meta property=\"og:image\" content=\"https:\/\/recover.lajunglebijoux.com\/wp-content\/uploads\/2023\/01\/IMG_20220510_112557.jpg\" \/>\n\t<meta property=\"og:image:width\" content=\"2740\" \/>\n\t<meta property=\"og:image:height\" content=\"2740\" \/>\n\t<meta property=\"og:image:type\" content=\"image\/jpeg\" \/>\n<meta name=\"twitter:card\" content=\"summary_large_image\" \/>\n<meta name=\"twitter:label1\" content=\"Tiempo de lectura\" \/>\n\t<meta name=\"twitter:data1\" content=\"2 minutos\" \/>\n<script type=\"application\/ld+json\" class=\"yoast-schema-graph\">{\"@context\":\"https:\/\/schema.org\",\"@graph\":[{\"@type\":\"WebPage\",\"@id\":\"http:\/\/recover.lajunglebijoux.com\/es\/producto\/pendientes-aros-mini-oro\/\",\"url\":\"http:\/\/recover.lajunglebijoux.com\/es\/producto\/pendientes-aros-mini-oro\/\",\"name\":\"Mini aros dorados Los Perfectos - La Jungle Bijoux\",\"isPartOf\":{\"@id\":\"https:\/\/recover.lajunglebijoux.com\/es\/#website\"},\"primaryImageOfPage\":{\"@id\":\"http:\/\/recover.lajunglebijoux.com\/es\/producto\/pendientes-aros-mini-oro\/#primaryimage\"},\"image\":{\"@id\":\"http:\/\/recover.lajunglebijoux.com\/es\/producto\/pendientes-aros-mini-oro\/#primaryimage\"},\"thumbnailUrl\":\"http:\/\/recover.lajunglebijoux.com\/wp-content\/uploads\/2023\/01\/IMG_20220510_112557.jpg\",\"datePublished\":\"2023-01-23T11:19:10+00:00\",\"dateModified\":\"2023-05-24T13:50:42+00:00\",\"description\":\"Descubra unos pendientes discretos y originales con los mini aros Los Perfectos en oro. Una joya cl\u00e1sica revisitada y fabricada en Barcelona.\",\"breadcrumb\":{\"@id\":\"http:\/\/recover.lajunglebijoux.com\/es\/producto\/pendientes-aros-mini-oro\/#breadcrumb\"},\"inLanguage\":\"es\",\"potentialAction\":[{\"@type\":\"ReadAction\",\"target\":[\"http:\/\/recover.lajunglebijoux.com\/es\/producto\/pendientes-aros-mini-oro\/\"]}]},{\"@type\":\"ImageObject\",\"inLanguage\":\"es\",\"@id\":\"http:\/\/recover.lajunglebijoux.com\/es\/producto\/pendientes-aros-mini-oro\/#primaryimage\",\"url\":\"http:\/\/recover.lajunglebijoux.com\/wp-content\/uploads\/2023\/01\/IMG_20220510_112557.jpg\",\"contentUrl\":\"http:\/\/recover.lajunglebijoux.com\/wp-content\/uploads\/2023\/01\/IMG_20220510_112557.jpg\",\"width\":2740,\"height\":2740,\"caption\":\"creoles or les parfaites\"},{\"@type\":\"BreadcrumbList\",\"@id\":\"http:\/\/recover.lajunglebijoux.com\/es\/producto\/pendientes-aros-mini-oro\/#breadcrumb\",\"itemListElement\":[{\"@type\":\"ListItem\",\"position\":1,\"name\":\"Portada\",\"item\":\"http:\/\/recover.lajunglebijoux.com\/es\/\"},{\"@type\":\"ListItem\",\"position\":2,\"name\":\"Tienda\",\"item\":\"http:\/\/recover.lajunglebijoux.com\/es\/tienda\/\"},{\"@type\":\"ListItem\",\"position\":3,\"name\":\"Mini aros dorados Los Perfectos\"}]},{\"@type\":\"WebSite\",\"@id\":\"https:\/\/recover.lajunglebijoux.com\/es\/#website\",\"url\":\"https:\/\/recover.lajunglebijoux.com\/es\/\",\"name\":\"La Jungle Bijoux\",\"description\":\"\",\"publisher\":{\"@id\":\"https:\/\/recover.lajunglebijoux.com\/es\/#organization\"},\"potentialAction\":[{\"@type\":\"SearchAction\",\"target\":{\"@type\":\"EntryPoint\",\"urlTemplate\":\"https:\/\/recover.lajunglebijoux.com\/es\/?s={search_term_string}\"},\"query-input\":\"required name=search_term_string\"}],\"inLanguage\":\"es\"},{\"@type\":\"Organization\",\"@id\":\"https:\/\/recover.lajunglebijoux.com\/es\/#organization\",\"name\":\"La Jungle Bijoux\",\"url\":\"https:\/\/recover.lajunglebijoux.com\/es\/\",\"logo\":{\"@type\":\"ImageObject\",\"inLanguage\":\"es\",\"@id\":\"https:\/\/recover.lajunglebijoux.com\/es\/#\/schema\/logo\/image\/\",\"url\":\"http:\/\/recover.lajunglebijoux.com\/wp-content\/uploads\/2023\/01\/LOGO-FINAL-Fonce.jpg\",\"contentUrl\":\"http:\/\/recover.lajunglebijoux.com\/wp-content\/uploads\/2023\/01\/LOGO-FINAL-Fonce.jpg\",\"width\":900,\"height\":900,\"caption\":\"La Jungle Bijoux\"},\"image\":{\"@id\":\"https:\/\/recover.lajunglebijoux.com\/es\/#\/schema\/logo\/image\/\"}}]}<\/script>\n<!-- \/ Yoast SEO plugin. -->","yoast_head_json":{"title":"Mini aros dorados Los Perfectos - La Jungle Bijoux","description":"Descubra unos pendientes discretos y originales con los mini aros Los Perfectos en oro. Una joya cl\u00e1sica revisitada y fabricada en Barcelona.","robots":{"index":"index","follow":"follow","max-snippet":"max-snippet:-1","max-image-preview":"max-image-preview:large","max-video-preview":"max-video-preview:-1"},"canonical":"http:\/\/recover.lajunglebijoux.com\/es\/producto\/pendientes-aros-mini-oro\/","og_locale":"es_ES","og_type":"article","og_title":"Mini aros dorados Los Perfectos - La Jungle Bijoux","og_description":"Descubra unos pendientes discretos y originales con los mini aros Los Perfectos en oro. Una joya cl\u00e1sica revisitada y fabricada en Barcelona.","og_url":"http:\/\/recover.lajunglebijoux.com\/es\/producto\/pendientes-aros-mini-oro\/","og_site_name":"La Jungle Bijoux","article_modified_time":"2023-05-24T13:50:42+00:00","og_image":[{"width":2740,"height":2740,"url":"https:\/\/recover.lajunglebijoux.com\/wp-content\/uploads\/2023\/01\/IMG_20220510_112557.jpg","type":"image\/jpeg"}],"twitter_card":"summary_large_image","twitter_misc":{"Tiempo de lectura":"2 minutos"},"schema":{"@context":"https:\/\/schema.org","@graph":[{"@type":"WebPage","@id":"http:\/\/recover.lajunglebijoux.com\/es\/producto\/pendientes-aros-mini-oro\/","url":"http:\/\/recover.lajunglebijoux.com\/es\/producto\/pendientes-aros-mini-oro\/","name":"Mini aros dorados Los Perfectos - La Jungle Bijoux","isPartOf":{"@id":"https:\/\/recover.lajunglebijoux.com\/es\/#website"},"primaryImageOfPage":{"@id":"http:\/\/recover.lajunglebijoux.com\/es\/producto\/pendientes-aros-mini-oro\/#primaryimage"},"image":{"@id":"http:\/\/recover.lajunglebijoux.com\/es\/producto\/pendientes-aros-mini-oro\/#primaryimage"},"thumbnailUrl":"http:\/\/recover.lajunglebijoux.com\/wp-content\/uploads\/2023\/01\/IMG_20220510_112557.jpg","datePublished":"2023-01-23T11:19:10+00:00","dateModified":"2023-05-24T13:50:42+00:00","description":"Descubra unos pendientes discretos y originales con los mini aros Los Perfectos en oro. Una joya cl\u00e1sica revisitada y fabricada en Barcelona.","breadcrumb":{"@id":"http:\/\/recover.lajunglebijoux.com\/es\/producto\/pendientes-aros-mini-oro\/#breadcrumb"},"inLanguage":"es","potentialAction":[{"@type":"ReadAction","target":["http:\/\/recover.lajunglebijoux.com\/es\/producto\/pendientes-aros-mini-oro\/"]}]},{"@type":"ImageObject","inLanguage":"es","@id":"http:\/\/recover.lajunglebijoux.com\/es\/producto\/pendientes-aros-mini-oro\/#primaryimage","url":"http:\/\/recover.lajunglebijoux.com\/wp-content\/uploads\/2023\/01\/IMG_20220510_112557.jpg","contentUrl":"http:\/\/recover.lajunglebijoux.com\/wp-content\/uploads\/2023\/01\/IMG_20220510_112557.jpg","width":2740,"height":2740,"caption":"creoles or les parfaites"},{"@type":"BreadcrumbList","@id":"http:\/\/recover.lajunglebijoux.com\/es\/producto\/pendientes-aros-mini-oro\/#breadcrumb","itemListElement":[{"@type":"ListItem","position":1,"name":"Portada","item":"http:\/\/recover.lajunglebijoux.com\/es\/"},{"@type":"ListItem","position":2,"name":"Tienda","item":"http:\/\/recover.lajunglebijoux.com\/es\/tienda\/"},{"@type":"ListItem","position":3,"name":"Mini aros dorados Los Perfectos"}]},{"@type":"WebSite","@id":"https:\/\/recover.lajunglebijoux.com\/es\/#website","url":"https:\/\/recover.lajunglebijoux.com\/es\/","name":"La Jungle Bijoux","description":"","publisher":{"@id":"https:\/\/recover.lajunglebijoux.com\/es\/#organization"},"potentialAction":[{"@type":"SearchAction","target":{"@type":"EntryPoint","urlTemplate":"https:\/\/recover.lajunglebijoux.com\/es\/?s={search_term_string}"},"query-input":"required name=search_term_string"}],"inLanguage":"es"},{"@type":"Organization","@id":"https:\/\/recover.lajunglebijoux.com\/es\/#organization","name":"La Jungle Bijoux","url":"https:\/\/recover.lajunglebijoux.com\/es\/","logo":{"@type":"ImageObject","inLanguage":"es","@id":"https:\/\/recover.lajunglebijoux.com\/es\/#\/schema\/logo\/image\/","url":"http:\/\/recover.lajunglebijoux.com\/wp-content\/uploads\/2023\/01\/LOGO-FINAL-Fonce.jpg","contentUrl":"http:\/\/recover.lajunglebijoux.com\/wp-content\/uploads\/2023\/01\/LOGO-FINAL-Fonce.jpg","width":900,"height":900,"caption":"La Jungle Bijoux"},"image":{"@id":"https:\/\/recover.lajunglebijoux.com\/es\/#\/schema\/logo\/image\/"}}]}},"_links":{"self":[{"href":"http:\/\/recover.lajunglebijoux.com\/es\/wp-json\/wp\/v2\/product\/8173","targetHints":{"allow":["GET"]}}],"collection":[{"href":"http:\/\/recover.lajunglebijoux.com\/es\/wp-json\/wp\/v2\/product"}],"about":[{"href":"http:\/\/recover.lajunglebijoux.com\/es\/wp-json\/wp\/v2\/types\/product"}],"replies":[{"embeddable":true,"href":"http:\/\/recover.lajunglebijoux.com\/es\/wp-json\/wp\/v2\/comments?post=8173"}],"wp:featuredmedia":[{"embeddable":true,"href":"http:\/\/recover.lajunglebijoux.com\/es\/wp-json\/wp\/v2\/media\/5364"}],"wp:attachment":[{"href":"http:\/\/recover.lajunglebijoux.com\/es\/wp-json\/wp\/v2\/media?parent=8173"}],"wp:term":[{"taxonomy":"product_cat","embeddable":true,"href":"http:\/\/recover.lajunglebijoux.com\/es\/wp-json\/wp\/v2\/product_cat?post=8173"},{"taxonomy":"product_tag","embeddable":true,"href":"http:\/\/recover.lajunglebijoux.com\/es\/wp-json\/wp\/v2\/product_tag?post=8173"}],"curies":[{"name":"wp","href":"https:\/\/api.w.org\/{rel}","templated":true}]}}