{"id":8169,"date":"2023-02-17T17:32:44","date_gmt":"2023-02-17T15:32:44","guid":{"rendered":"https:\/\/recover.lajunglebijoux.com\/product\/collier-tournesol-lune\/"},"modified":"2023-05-24T13:44:54","modified_gmt":"2023-05-24T13:44:54","slug":"collar-girasol-flor","status":"publish","type":"product","link":"http:\/\/recover.lajunglebijoux.com\/es\/producto\/collar-girasol-flor\/","title":{"rendered":"Equilibrio &#8211; collar luna girasol"},"content":{"rendered":"","protected":false},"excerpt":{"rendered":"<p>Collar girasol sol y luna. Lat\u00f3n chapado en oro de 24 quilates de 3 micras. Longitud 40 cm + 5 cm de prolongaci\u00f3n.<\/p>\n<p>EL GIRASOL Y LA LUNA :<\/p>\n<p>El girasol por su naturaleza debe recibir la luz del sol para poder revelar sus bellos y radiantes p\u00e9talos dorados. La luna en su coraz\u00f3n nos invita a encontrar el equilibrio de manera general y el equilibrio entre la energ\u00eda masculina solar y la energ\u00eda femenina lunar. Para ser capaz de dar, de irradiar, primero hay que ser capaz de recibir. Equilibrar las energ\u00edas femenina (yin) y masculina (yang) es estar en acci\u00f3n, ser eficiente pero tambi\u00e9n tomarse el tiempo de no hacer nada, de simplemente ser. Significa aceptarse y realizarse en su totalidad, en su dualidad.<\/p>\n","protected":false},"featured_media":6030,"comment_status":"open","ping_status":"closed","template":"","meta":{"_acf_changed":false},"product_cat":[123],"product_tag":[],"class_list":{"0":"post-8169","1":"product","2":"type-product","3":"status-publish","4":"has-post-thumbnail","6":"product_cat-talisman-es","7":"pa_modele-collares","8":"pa_theme-joyas-energeticas","9":"pa_theme-joyas-astral-tarot","10":"pa_theme-joyas-bienestar","11":"pa_theme-joyas-naturaleza","13":"first","14":"outofstock","15":"shipping-taxable","16":"purchasable","17":"product-type-simple"},"acf":[],"yoast_head":"<!-- This site is optimized with the Yoast SEO plugin v23.3 - https:\/\/yoast.com\/wordpress\/plugins\/seo\/ -->\n<title>Equilibrio - collar luna girasol - La Jungle Bijoux<\/title>\n<meta name=\"description\" content=\"Lleve un rayo de sol alrededor del cuello con el collar Girasol y Luna de oro fino de 24 quilates. Collar talism\u00e1n fino y delicado. Hecho a mano.\" \/>\n<meta name=\"robots\" content=\"index, follow, max-snippet:-1, max-image-preview:large, max-video-preview:-1\" \/>\n<link rel=\"canonical\" href=\"http:\/\/recover.lajunglebijoux.com\/es\/producto\/collar-girasol-flor\/\" \/>\n<meta property=\"og:locale\" content=\"es_ES\" \/>\n<meta property=\"og:type\" content=\"article\" \/>\n<meta property=\"og:title\" content=\"Equilibrio - collar luna girasol - La Jungle Bijoux\" \/>\n<meta property=\"og:description\" content=\"Lleve un rayo de sol alrededor del cuello con el collar Girasol y Luna de oro fino de 24 quilates. Collar talism\u00e1n fino y delicado. Hecho a mano.\" \/>\n<meta property=\"og:url\" content=\"http:\/\/recover.lajunglebijoux.com\/es\/producto\/collar-girasol-flor\/\" \/>\n<meta property=\"og:site_name\" content=\"La Jungle Bijoux\" \/>\n<meta property=\"article:modified_time\" content=\"2023-05-24T13:44:54+00:00\" \/>\n<meta property=\"og:image\" content=\"http:\/\/recover.lajunglebijoux.com\/wp-content\/uploads\/2023\/02\/IMG_20220510_103218.jpg\" \/>\n\t<meta property=\"og:image:width\" content=\"3286\" \/>\n\t<meta property=\"og:image:height\" content=\"3286\" \/>\n\t<meta property=\"og:image:type\" content=\"image\/jpeg\" \/>\n<meta name=\"twitter:card\" content=\"summary_large_image\" \/>\n<script type=\"application\/ld+json\" class=\"yoast-schema-graph\">{\"@context\":\"https:\/\/schema.org\",\"@graph\":[{\"@type\":\"WebPage\",\"@id\":\"http:\/\/recover.lajunglebijoux.com\/es\/producto\/collar-girasol-flor\/\",\"url\":\"http:\/\/recover.lajunglebijoux.com\/es\/producto\/collar-girasol-flor\/\",\"name\":\"Equilibrio - collar luna girasol - La Jungle Bijoux\",\"isPartOf\":{\"@id\":\"http:\/\/recover.lajunglebijoux.com\/es\/#website\"},\"primaryImageOfPage\":{\"@id\":\"http:\/\/recover.lajunglebijoux.com\/es\/producto\/collar-girasol-flor\/#primaryimage\"},\"image\":{\"@id\":\"http:\/\/recover.lajunglebijoux.com\/es\/producto\/collar-girasol-flor\/#primaryimage\"},\"thumbnailUrl\":\"http:\/\/recover.lajunglebijoux.com\/wp-content\/uploads\/2023\/02\/IMG_20220510_103218.jpg\",\"datePublished\":\"2023-02-17T15:32:44+00:00\",\"dateModified\":\"2023-05-24T13:44:54+00:00\",\"description\":\"Lleve un rayo de sol alrededor del cuello con el collar Girasol y Luna de oro fino de 24 quilates. Collar talism\u00e1n fino y delicado. Hecho a mano.\",\"breadcrumb\":{\"@id\":\"http:\/\/recover.lajunglebijoux.com\/es\/producto\/collar-girasol-flor\/#breadcrumb\"},\"inLanguage\":\"es\",\"potentialAction\":[{\"@type\":\"ReadAction\",\"target\":[\"http:\/\/recover.lajunglebijoux.com\/es\/producto\/collar-girasol-flor\/\"]}]},{\"@type\":\"ImageObject\",\"inLanguage\":\"es\",\"@id\":\"http:\/\/recover.lajunglebijoux.com\/es\/producto\/collar-girasol-flor\/#primaryimage\",\"url\":\"http:\/\/recover.lajunglebijoux.com\/wp-content\/uploads\/2023\/02\/IMG_20220510_103218.jpg\",\"contentUrl\":\"http:\/\/recover.lajunglebijoux.com\/wp-content\/uploads\/2023\/02\/IMG_20220510_103218.jpg\",\"width\":3286,\"height\":3286,\"caption\":\"collier tournesol or\"},{\"@type\":\"BreadcrumbList\",\"@id\":\"http:\/\/recover.lajunglebijoux.com\/es\/producto\/collar-girasol-flor\/#breadcrumb\",\"itemListElement\":[{\"@type\":\"ListItem\",\"position\":1,\"name\":\"Portada\",\"item\":\"http:\/\/recover.lajunglebijoux.com\/es\/\"},{\"@type\":\"ListItem\",\"position\":2,\"name\":\"Tienda\",\"item\":\"http:\/\/recover.lajunglebijoux.com\/es\/tienda\/\"},{\"@type\":\"ListItem\",\"position\":3,\"name\":\"Equilibrio &#8211; collar luna girasol\"}]},{\"@type\":\"WebSite\",\"@id\":\"http:\/\/recover.lajunglebijoux.com\/es\/#website\",\"url\":\"http:\/\/recover.lajunglebijoux.com\/es\/\",\"name\":\"La Jungle Bijoux\",\"description\":\"\",\"publisher\":{\"@id\":\"http:\/\/recover.lajunglebijoux.com\/es\/#organization\"},\"potentialAction\":[{\"@type\":\"SearchAction\",\"target\":{\"@type\":\"EntryPoint\",\"urlTemplate\":\"http:\/\/recover.lajunglebijoux.com\/es\/?s={search_term_string}\"},\"query-input\":\"required name=search_term_string\"}],\"inLanguage\":\"es\"},{\"@type\":\"Organization\",\"@id\":\"http:\/\/recover.lajunglebijoux.com\/es\/#organization\",\"name\":\"La Jungle Bijoux\",\"url\":\"http:\/\/recover.lajunglebijoux.com\/es\/\",\"logo\":{\"@type\":\"ImageObject\",\"inLanguage\":\"es\",\"@id\":\"http:\/\/recover.lajunglebijoux.com\/es\/#\/schema\/logo\/image\/\",\"url\":\"http:\/\/recover.lajunglebijoux.com\/wp-content\/uploads\/2023\/01\/LOGO-FINAL-Fonce.jpg\",\"contentUrl\":\"http:\/\/recover.lajunglebijoux.com\/wp-content\/uploads\/2023\/01\/LOGO-FINAL-Fonce.jpg\",\"width\":900,\"height\":900,\"caption\":\"La Jungle Bijoux\"},\"image\":{\"@id\":\"http:\/\/recover.lajunglebijoux.com\/es\/#\/schema\/logo\/image\/\"}}]}<\/script>\n<!-- \/ Yoast SEO plugin. -->","yoast_head_json":{"title":"Equilibrio - collar luna girasol - La Jungle Bijoux","description":"Lleve un rayo de sol alrededor del cuello con el collar Girasol y Luna de oro fino de 24 quilates. Collar talism\u00e1n fino y delicado. Hecho a mano.","robots":{"index":"index","follow":"follow","max-snippet":"max-snippet:-1","max-image-preview":"max-image-preview:large","max-video-preview":"max-video-preview:-1"},"canonical":"http:\/\/recover.lajunglebijoux.com\/es\/producto\/collar-girasol-flor\/","og_locale":"es_ES","og_type":"article","og_title":"Equilibrio - collar luna girasol - La Jungle Bijoux","og_description":"Lleve un rayo de sol alrededor del cuello con el collar Girasol y Luna de oro fino de 24 quilates. Collar talism\u00e1n fino y delicado. Hecho a mano.","og_url":"http:\/\/recover.lajunglebijoux.com\/es\/producto\/collar-girasol-flor\/","og_site_name":"La Jungle Bijoux","article_modified_time":"2023-05-24T13:44:54+00:00","og_image":[{"width":3286,"height":3286,"url":"http:\/\/recover.lajunglebijoux.com\/wp-content\/uploads\/2023\/02\/IMG_20220510_103218.jpg","type":"image\/jpeg"}],"twitter_card":"summary_large_image","schema":{"@context":"https:\/\/schema.org","@graph":[{"@type":"WebPage","@id":"http:\/\/recover.lajunglebijoux.com\/es\/producto\/collar-girasol-flor\/","url":"http:\/\/recover.lajunglebijoux.com\/es\/producto\/collar-girasol-flor\/","name":"Equilibrio - collar luna girasol - La Jungle Bijoux","isPartOf":{"@id":"http:\/\/recover.lajunglebijoux.com\/es\/#website"},"primaryImageOfPage":{"@id":"http:\/\/recover.lajunglebijoux.com\/es\/producto\/collar-girasol-flor\/#primaryimage"},"image":{"@id":"http:\/\/recover.lajunglebijoux.com\/es\/producto\/collar-girasol-flor\/#primaryimage"},"thumbnailUrl":"http:\/\/recover.lajunglebijoux.com\/wp-content\/uploads\/2023\/02\/IMG_20220510_103218.jpg","datePublished":"2023-02-17T15:32:44+00:00","dateModified":"2023-05-24T13:44:54+00:00","description":"Lleve un rayo de sol alrededor del cuello con el collar Girasol y Luna de oro fino de 24 quilates. Collar talism\u00e1n fino y delicado. Hecho a mano.","breadcrumb":{"@id":"http:\/\/recover.lajunglebijoux.com\/es\/producto\/collar-girasol-flor\/#breadcrumb"},"inLanguage":"es","potentialAction":[{"@type":"ReadAction","target":["http:\/\/recover.lajunglebijoux.com\/es\/producto\/collar-girasol-flor\/"]}]},{"@type":"ImageObject","inLanguage":"es","@id":"http:\/\/recover.lajunglebijoux.com\/es\/producto\/collar-girasol-flor\/#primaryimage","url":"http:\/\/recover.lajunglebijoux.com\/wp-content\/uploads\/2023\/02\/IMG_20220510_103218.jpg","contentUrl":"http:\/\/recover.lajunglebijoux.com\/wp-content\/uploads\/2023\/02\/IMG_20220510_103218.jpg","width":3286,"height":3286,"caption":"collier tournesol or"},{"@type":"BreadcrumbList","@id":"http:\/\/recover.lajunglebijoux.com\/es\/producto\/collar-girasol-flor\/#breadcrumb","itemListElement":[{"@type":"ListItem","position":1,"name":"Portada","item":"http:\/\/recover.lajunglebijoux.com\/es\/"},{"@type":"ListItem","position":2,"name":"Tienda","item":"http:\/\/recover.lajunglebijoux.com\/es\/tienda\/"},{"@type":"ListItem","position":3,"name":"Equilibrio &#8211; collar luna girasol"}]},{"@type":"WebSite","@id":"http:\/\/recover.lajunglebijoux.com\/es\/#website","url":"http:\/\/recover.lajunglebijoux.com\/es\/","name":"La Jungle Bijoux","description":"","publisher":{"@id":"http:\/\/recover.lajunglebijoux.com\/es\/#organization"},"potentialAction":[{"@type":"SearchAction","target":{"@type":"EntryPoint","urlTemplate":"http:\/\/recover.lajunglebijoux.com\/es\/?s={search_term_string}"},"query-input":"required name=search_term_string"}],"inLanguage":"es"},{"@type":"Organization","@id":"http:\/\/recover.lajunglebijoux.com\/es\/#organization","name":"La Jungle Bijoux","url":"http:\/\/recover.lajunglebijoux.com\/es\/","logo":{"@type":"ImageObject","inLanguage":"es","@id":"http:\/\/recover.lajunglebijoux.com\/es\/#\/schema\/logo\/image\/","url":"http:\/\/recover.lajunglebijoux.com\/wp-content\/uploads\/2023\/01\/LOGO-FINAL-Fonce.jpg","contentUrl":"http:\/\/recover.lajunglebijoux.com\/wp-content\/uploads\/2023\/01\/LOGO-FINAL-Fonce.jpg","width":900,"height":900,"caption":"La Jungle Bijoux"},"image":{"@id":"http:\/\/recover.lajunglebijoux.com\/es\/#\/schema\/logo\/image\/"}}]}},"_links":{"self":[{"href":"http:\/\/recover.lajunglebijoux.com\/es\/wp-json\/wp\/v2\/product\/8169","targetHints":{"allow":["GET"]}}],"collection":[{"href":"http:\/\/recover.lajunglebijoux.com\/es\/wp-json\/wp\/v2\/product"}],"about":[{"href":"http:\/\/recover.lajunglebijoux.com\/es\/wp-json\/wp\/v2\/types\/product"}],"replies":[{"embeddable":true,"href":"http:\/\/recover.lajunglebijoux.com\/es\/wp-json\/wp\/v2\/comments?post=8169"}],"wp:featuredmedia":[{"embeddable":true,"href":"http:\/\/recover.lajunglebijoux.com\/es\/wp-json\/wp\/v2\/media\/6030"}],"wp:attachment":[{"href":"http:\/\/recover.lajunglebijoux.com\/es\/wp-json\/wp\/v2\/media?parent=8169"}],"wp:term":[{"taxonomy":"product_cat","embeddable":true,"href":"http:\/\/recover.lajunglebijoux.com\/es\/wp-json\/wp\/v2\/product_cat?post=8169"},{"taxonomy":"product_tag","embeddable":true,"href":"http:\/\/recover.lajunglebijoux.com\/es\/wp-json\/wp\/v2\/product_tag?post=8169"}],"curies":[{"name":"wp","href":"https:\/\/api.w.org\/{rel}","templated":true}]}}