{"id":8157,"date":"2023-01-31T16:03:33","date_gmt":"2023-01-31T14:03:33","guid":{"rendered":"https:\/\/recover.lajunglebijoux.com\/product\/energie-collier-cristaux-roses\/"},"modified":"2023-05-24T10:53:56","modified_gmt":"2023-05-24T10:53:56","slug":"energia-collar-cristal-rosas","status":"publish","type":"product","link":"http:\/\/recover.lajunglebijoux.com\/es\/producto\/energia-collar-cristal-rosas\/","title":{"rendered":"ENERG\u00cdA &#8211; Collar cristal rosas"},"content":{"rendered":"<h2>CRISTALES y ROSAS :<\/h2>\n<p>En esta joya he querido armonizar los cristales que, como su nombre indica, est\u00e1n cristalizados en la forma, en el tiempo&#8230; y las rosas que est\u00e1n llenas de vida. A primera vista, hay una forma de dualidad en este collar, pero al final, sabiendo que todo es energ\u00eda, que hay tanta energ\u00eda en las rosas como en los cristales y en nuestro cuerpo, observamos la uni\u00f3n. Somos uno con el todo mayor, co-creamos y avanzamos juntos. Este collar te recordar\u00e1 que no tienes que cargar con todo sobre tus hombros, que eres guiado y amado y que est\u00e1s aqu\u00ed en la Tierra para aprender a jugar con esta energ\u00eda por el bien mayor. As\u00ed que experimenta, divi\u00e9rtete, no tengas miedo al fracaso, es s\u00f3lo un experimento. Como con muchas de las joyas de La Jungle, quer\u00eda explicar mi proceso creativo y la intenci\u00f3n detr\u00e1s de esta joya como talism\u00e1n, pero por supuesto, s\u00f3lo toma lo que te habla. Si es s\u00f3lo el dise\u00f1o de la joya, tambi\u00e9n est\u00e1 bien.<\/p>\n","protected":false},"excerpt":{"rendered":"<p>Collar de cristal de flor rosa. Oro de 24 quilates de alta resistencia sobre base de lat\u00f3n. Longitud 63 cm + 5 cm de extensi\u00f3n.<\/p>\n<p>&nbsp;<\/p>\n<p>&nbsp;<\/p>\n","protected":false},"featured_media":5500,"comment_status":"open","ping_status":"closed","template":"","meta":{"_acf_changed":false},"product_cat":[123],"product_tag":[],"class_list":{"0":"post-8157","1":"product","2":"type-product","3":"status-publish","4":"has-post-thumbnail","6":"product_cat-talisman-es","7":"pa_modele-collares","8":"pa_theme-joyas-energeticas","9":"pa_theme-joyas-bienestar","10":"pa_theme-joyas-naturaleza","12":"first","13":"instock","14":"sale","15":"shipping-taxable","16":"purchasable","17":"product-type-simple"},"acf":[],"yoast_head":"<!-- This site is optimized with the Yoast SEO plugin v23.3 - https:\/\/yoast.com\/wordpress\/plugins\/seo\/ -->\n<title>ENERG\u00cdA - Collar cristal rosas - La Jungle Bijoux<\/title>\n<meta name=\"description\" content=\"Abrace la energ\u00eda del collar de cristal y rosa, un dise\u00f1o elegante y ligero. Oro fino de 24 quilates de alta resistencia sobre una base de lat\u00f3n.\" \/>\n<meta name=\"robots\" content=\"index, follow, max-snippet:-1, max-image-preview:large, max-video-preview:-1\" \/>\n<link rel=\"canonical\" href=\"http:\/\/recover.lajunglebijoux.com\/es\/producto\/energia-collar-cristal-rosas\/\" \/>\n<meta property=\"og:locale\" content=\"es_ES\" \/>\n<meta property=\"og:type\" content=\"article\" \/>\n<meta property=\"og:title\" content=\"ENERG\u00cdA - Collar cristal rosas - La Jungle Bijoux\" \/>\n<meta property=\"og:description\" content=\"Abrace la energ\u00eda del collar de cristal y rosa, un dise\u00f1o elegante y ligero. Oro fino de 24 quilates de alta resistencia sobre una base de lat\u00f3n.\" \/>\n<meta property=\"og:url\" content=\"http:\/\/recover.lajunglebijoux.com\/es\/producto\/energia-collar-cristal-rosas\/\" \/>\n<meta property=\"og:site_name\" content=\"La Jungle Bijoux\" \/>\n<meta property=\"article:modified_time\" content=\"2023-05-24T10:53:56+00:00\" \/>\n<meta property=\"og:image\" content=\"http:\/\/recover.lajunglebijoux.com\/wp-content\/uploads\/2023\/01\/IMG_20220510_110935.jpg\" \/>\n\t<meta property=\"og:image:width\" content=\"2951\" \/>\n\t<meta property=\"og:image:height\" content=\"2951\" \/>\n\t<meta property=\"og:image:type\" content=\"image\/jpeg\" \/>\n<meta name=\"twitter:card\" content=\"summary_large_image\" \/>\n<meta name=\"twitter:label1\" content=\"Tiempo de lectura\" \/>\n\t<meta name=\"twitter:data1\" content=\"1 minuto\" \/>\n<script type=\"application\/ld+json\" class=\"yoast-schema-graph\">{\"@context\":\"https:\/\/schema.org\",\"@graph\":[{\"@type\":\"WebPage\",\"@id\":\"http:\/\/recover.lajunglebijoux.com\/es\/producto\/energia-collar-cristal-rosas\/\",\"url\":\"http:\/\/recover.lajunglebijoux.com\/es\/producto\/energia-collar-cristal-rosas\/\",\"name\":\"ENERG\u00cdA - Collar cristal rosas - La Jungle Bijoux\",\"isPartOf\":{\"@id\":\"https:\/\/recover.lajunglebijoux.com\/es\/#website\"},\"primaryImageOfPage\":{\"@id\":\"http:\/\/recover.lajunglebijoux.com\/es\/producto\/energia-collar-cristal-rosas\/#primaryimage\"},\"image\":{\"@id\":\"http:\/\/recover.lajunglebijoux.com\/es\/producto\/energia-collar-cristal-rosas\/#primaryimage\"},\"thumbnailUrl\":\"http:\/\/recover.lajunglebijoux.com\/wp-content\/uploads\/2023\/01\/IMG_20220510_110935.jpg\",\"datePublished\":\"2023-01-31T14:03:33+00:00\",\"dateModified\":\"2023-05-24T10:53:56+00:00\",\"description\":\"Abrace la energ\u00eda del collar de cristal y rosa, un dise\u00f1o elegante y ligero. Oro fino de 24 quilates de alta resistencia sobre una base de lat\u00f3n.\",\"breadcrumb\":{\"@id\":\"http:\/\/recover.lajunglebijoux.com\/es\/producto\/energia-collar-cristal-rosas\/#breadcrumb\"},\"inLanguage\":\"es\",\"potentialAction\":[{\"@type\":\"ReadAction\",\"target\":[\"http:\/\/recover.lajunglebijoux.com\/es\/producto\/energia-collar-cristal-rosas\/\"]}]},{\"@type\":\"ImageObject\",\"inLanguage\":\"es\",\"@id\":\"http:\/\/recover.lajunglebijoux.com\/es\/producto\/energia-collar-cristal-rosas\/#primaryimage\",\"url\":\"http:\/\/recover.lajunglebijoux.com\/wp-content\/uploads\/2023\/01\/IMG_20220510_110935.jpg\",\"contentUrl\":\"http:\/\/recover.lajunglebijoux.com\/wp-content\/uploads\/2023\/01\/IMG_20220510_110935.jpg\",\"width\":2951,\"height\":2951,\"caption\":\"collier cristaux roses\"},{\"@type\":\"BreadcrumbList\",\"@id\":\"http:\/\/recover.lajunglebijoux.com\/es\/producto\/energia-collar-cristal-rosas\/#breadcrumb\",\"itemListElement\":[{\"@type\":\"ListItem\",\"position\":1,\"name\":\"Portada\",\"item\":\"http:\/\/recover.lajunglebijoux.com\/es\/\"},{\"@type\":\"ListItem\",\"position\":2,\"name\":\"Tienda\",\"item\":\"http:\/\/recover.lajunglebijoux.com\/es\/tienda\/\"},{\"@type\":\"ListItem\",\"position\":3,\"name\":\"ENERG\u00cdA &#8211; Collar cristal rosas\"}]},{\"@type\":\"WebSite\",\"@id\":\"https:\/\/recover.lajunglebijoux.com\/es\/#website\",\"url\":\"https:\/\/recover.lajunglebijoux.com\/es\/\",\"name\":\"La Jungle Bijoux\",\"description\":\"\",\"publisher\":{\"@id\":\"https:\/\/recover.lajunglebijoux.com\/es\/#organization\"},\"potentialAction\":[{\"@type\":\"SearchAction\",\"target\":{\"@type\":\"EntryPoint\",\"urlTemplate\":\"https:\/\/recover.lajunglebijoux.com\/es\/?s={search_term_string}\"},\"query-input\":\"required name=search_term_string\"}],\"inLanguage\":\"es\"},{\"@type\":\"Organization\",\"@id\":\"https:\/\/recover.lajunglebijoux.com\/es\/#organization\",\"name\":\"La Jungle Bijoux\",\"url\":\"https:\/\/recover.lajunglebijoux.com\/es\/\",\"logo\":{\"@type\":\"ImageObject\",\"inLanguage\":\"es\",\"@id\":\"https:\/\/recover.lajunglebijoux.com\/es\/#\/schema\/logo\/image\/\",\"url\":\"http:\/\/recover.lajunglebijoux.com\/wp-content\/uploads\/2023\/01\/LOGO-FINAL-Fonce.jpg\",\"contentUrl\":\"http:\/\/recover.lajunglebijoux.com\/wp-content\/uploads\/2023\/01\/LOGO-FINAL-Fonce.jpg\",\"width\":900,\"height\":900,\"caption\":\"La Jungle Bijoux\"},\"image\":{\"@id\":\"https:\/\/recover.lajunglebijoux.com\/es\/#\/schema\/logo\/image\/\"}}]}<\/script>\n<!-- \/ Yoast SEO plugin. -->","yoast_head_json":{"title":"ENERG\u00cdA - Collar cristal rosas - La Jungle Bijoux","description":"Abrace la energ\u00eda del collar de cristal y rosa, un dise\u00f1o elegante y ligero. Oro fino de 24 quilates de alta resistencia sobre una base de lat\u00f3n.","robots":{"index":"index","follow":"follow","max-snippet":"max-snippet:-1","max-image-preview":"max-image-preview:large","max-video-preview":"max-video-preview:-1"},"canonical":"http:\/\/recover.lajunglebijoux.com\/es\/producto\/energia-collar-cristal-rosas\/","og_locale":"es_ES","og_type":"article","og_title":"ENERG\u00cdA - Collar cristal rosas - La Jungle Bijoux","og_description":"Abrace la energ\u00eda del collar de cristal y rosa, un dise\u00f1o elegante y ligero. Oro fino de 24 quilates de alta resistencia sobre una base de lat\u00f3n.","og_url":"http:\/\/recover.lajunglebijoux.com\/es\/producto\/energia-collar-cristal-rosas\/","og_site_name":"La Jungle Bijoux","article_modified_time":"2023-05-24T10:53:56+00:00","og_image":[{"width":2951,"height":2951,"url":"http:\/\/recover.lajunglebijoux.com\/wp-content\/uploads\/2023\/01\/IMG_20220510_110935.jpg","type":"image\/jpeg"}],"twitter_card":"summary_large_image","twitter_misc":{"Tiempo de lectura":"1 minuto"},"schema":{"@context":"https:\/\/schema.org","@graph":[{"@type":"WebPage","@id":"http:\/\/recover.lajunglebijoux.com\/es\/producto\/energia-collar-cristal-rosas\/","url":"http:\/\/recover.lajunglebijoux.com\/es\/producto\/energia-collar-cristal-rosas\/","name":"ENERG\u00cdA - Collar cristal rosas - La Jungle Bijoux","isPartOf":{"@id":"https:\/\/recover.lajunglebijoux.com\/es\/#website"},"primaryImageOfPage":{"@id":"http:\/\/recover.lajunglebijoux.com\/es\/producto\/energia-collar-cristal-rosas\/#primaryimage"},"image":{"@id":"http:\/\/recover.lajunglebijoux.com\/es\/producto\/energia-collar-cristal-rosas\/#primaryimage"},"thumbnailUrl":"http:\/\/recover.lajunglebijoux.com\/wp-content\/uploads\/2023\/01\/IMG_20220510_110935.jpg","datePublished":"2023-01-31T14:03:33+00:00","dateModified":"2023-05-24T10:53:56+00:00","description":"Abrace la energ\u00eda del collar de cristal y rosa, un dise\u00f1o elegante y ligero. Oro fino de 24 quilates de alta resistencia sobre una base de lat\u00f3n.","breadcrumb":{"@id":"http:\/\/recover.lajunglebijoux.com\/es\/producto\/energia-collar-cristal-rosas\/#breadcrumb"},"inLanguage":"es","potentialAction":[{"@type":"ReadAction","target":["http:\/\/recover.lajunglebijoux.com\/es\/producto\/energia-collar-cristal-rosas\/"]}]},{"@type":"ImageObject","inLanguage":"es","@id":"http:\/\/recover.lajunglebijoux.com\/es\/producto\/energia-collar-cristal-rosas\/#primaryimage","url":"http:\/\/recover.lajunglebijoux.com\/wp-content\/uploads\/2023\/01\/IMG_20220510_110935.jpg","contentUrl":"http:\/\/recover.lajunglebijoux.com\/wp-content\/uploads\/2023\/01\/IMG_20220510_110935.jpg","width":2951,"height":2951,"caption":"collier cristaux roses"},{"@type":"BreadcrumbList","@id":"http:\/\/recover.lajunglebijoux.com\/es\/producto\/energia-collar-cristal-rosas\/#breadcrumb","itemListElement":[{"@type":"ListItem","position":1,"name":"Portada","item":"http:\/\/recover.lajunglebijoux.com\/es\/"},{"@type":"ListItem","position":2,"name":"Tienda","item":"http:\/\/recover.lajunglebijoux.com\/es\/tienda\/"},{"@type":"ListItem","position":3,"name":"ENERG\u00cdA &#8211; Collar cristal rosas"}]},{"@type":"WebSite","@id":"https:\/\/recover.lajunglebijoux.com\/es\/#website","url":"https:\/\/recover.lajunglebijoux.com\/es\/","name":"La Jungle Bijoux","description":"","publisher":{"@id":"https:\/\/recover.lajunglebijoux.com\/es\/#organization"},"potentialAction":[{"@type":"SearchAction","target":{"@type":"EntryPoint","urlTemplate":"https:\/\/recover.lajunglebijoux.com\/es\/?s={search_term_string}"},"query-input":"required name=search_term_string"}],"inLanguage":"es"},{"@type":"Organization","@id":"https:\/\/recover.lajunglebijoux.com\/es\/#organization","name":"La Jungle Bijoux","url":"https:\/\/recover.lajunglebijoux.com\/es\/","logo":{"@type":"ImageObject","inLanguage":"es","@id":"https:\/\/recover.lajunglebijoux.com\/es\/#\/schema\/logo\/image\/","url":"http:\/\/recover.lajunglebijoux.com\/wp-content\/uploads\/2023\/01\/LOGO-FINAL-Fonce.jpg","contentUrl":"http:\/\/recover.lajunglebijoux.com\/wp-content\/uploads\/2023\/01\/LOGO-FINAL-Fonce.jpg","width":900,"height":900,"caption":"La Jungle Bijoux"},"image":{"@id":"https:\/\/recover.lajunglebijoux.com\/es\/#\/schema\/logo\/image\/"}}]}},"_links":{"self":[{"href":"http:\/\/recover.lajunglebijoux.com\/es\/wp-json\/wp\/v2\/product\/8157","targetHints":{"allow":["GET"]}}],"collection":[{"href":"http:\/\/recover.lajunglebijoux.com\/es\/wp-json\/wp\/v2\/product"}],"about":[{"href":"http:\/\/recover.lajunglebijoux.com\/es\/wp-json\/wp\/v2\/types\/product"}],"replies":[{"embeddable":true,"href":"http:\/\/recover.lajunglebijoux.com\/es\/wp-json\/wp\/v2\/comments?post=8157"}],"wp:featuredmedia":[{"embeddable":true,"href":"http:\/\/recover.lajunglebijoux.com\/es\/wp-json\/wp\/v2\/media\/5500"}],"wp:attachment":[{"href":"http:\/\/recover.lajunglebijoux.com\/es\/wp-json\/wp\/v2\/media?parent=8157"}],"wp:term":[{"taxonomy":"product_cat","embeddable":true,"href":"http:\/\/recover.lajunglebijoux.com\/es\/wp-json\/wp\/v2\/product_cat?post=8157"},{"taxonomy":"product_tag","embeddable":true,"href":"http:\/\/recover.lajunglebijoux.com\/es\/wp-json\/wp\/v2\/product_tag?post=8157"}],"curies":[{"name":"wp","href":"https:\/\/api.w.org\/{rel}","templated":true}]}}