{"id":8142,"date":"2023-01-11T09:30:14","date_gmt":"2023-01-11T07:30:14","guid":{"rendered":"https:\/\/recover.lajunglebijoux.com\/product\/collier-coeur-agate-noire\/"},"modified":"2023-05-22T13:11:31","modified_gmt":"2023-05-22T13:11:31","slug":"collar-corazon-piedra","status":"publish","type":"product","link":"http:\/\/recover.lajunglebijoux.com\/es\/producto\/collar-corazon-piedra\/","title":{"rendered":"Collar \u00e1gata negra coraz\u00f3n Alma Profunda"},"content":{"rendered":"","protected":false},"excerpt":{"rendered":"<p>Oro de 24 quilates de alta resistencia sobre una base de lat\u00f3n. Para llevar solo o como una acumulaci\u00f3n de collares. Este collar te recuerda que tu alma m\u00e1s profunda es amor, al igual que el universo. Tu poder creativo reside en tu capacidad para sustituir el miedo por el amor. Co-crear con el universo actuando, tomando decisiones desde el amor, siendo y difundiendo amor, es la misi\u00f3n de vida m\u00e1s hermosa que existe y se te agradecer\u00e1 que aceptes esta misi\u00f3n. El hecho de volver a nuestra alma m\u00e1s profunda se ve reforzado por esta piedra de litoterapia. El \u00e1gata negra es una piedra muy poderosa, especialmente en situaciones complicadas y dif\u00edciles. Llevar un collar de \u00e1gata negra da verdadera fortaleza de \u00e1nimo y apoyo en estos momentos dif\u00edciles. Las vibraciones del \u00e1gata negra aumentan la confianza en uno mismo, la sensaci\u00f3n de seguridad, la calma y la serenidad.<\/p>\n","protected":false},"featured_media":4871,"comment_status":"open","ping_status":"closed","template":"","meta":{"_acf_changed":false},"product_cat":[123],"product_tag":[],"class_list":{"0":"post-8142","1":"product","2":"type-product","3":"status-publish","4":"has-post-thumbnail","6":"product_cat-talisman-es","7":"pa_modele-collares","8":"pa_theme-joyas-energeticas","9":"pa_theme-joyas-bienestar","10":"pa_theme-joyas-amor","11":"pa_theme-piedras-litoterapia","12":"pa_theme-joyas-rock","13":"pa_theme-estilo-vintage","15":"first","16":"instock","17":"shipping-taxable","18":"purchasable","19":"product-type-simple"},"acf":[],"yoast_head":"<!-- This site is optimized with the Yoast SEO plugin v23.3 - https:\/\/yoast.com\/wordpress\/plugins\/seo\/ -->\n<title>Collar \u00e1gata negra coraz\u00f3n Alma Profunda - La Jungle Bijoux<\/title>\n<meta name=\"description\" content=\"Descubre una aut\u00e9ntica joya talism\u00e1n con el collar coraz\u00f3n de oro y piedra de \u00e1gata negra. Hecho a mano en el taller La Jungle de Barcelona\" \/>\n<meta name=\"robots\" content=\"index, follow, max-snippet:-1, max-image-preview:large, max-video-preview:-1\" \/>\n<link rel=\"canonical\" href=\"http:\/\/recover.lajunglebijoux.com\/es\/producto\/collar-corazon-piedra\/\" \/>\n<meta property=\"og:locale\" content=\"es_ES\" \/>\n<meta property=\"og:type\" content=\"article\" \/>\n<meta property=\"og:title\" content=\"Collar \u00e1gata negra coraz\u00f3n Alma Profunda - La Jungle Bijoux\" \/>\n<meta property=\"og:description\" content=\"Descubre una aut\u00e9ntica joya talism\u00e1n con el collar coraz\u00f3n de oro y piedra de \u00e1gata negra. Hecho a mano en el taller La Jungle de Barcelona\" \/>\n<meta property=\"og:url\" content=\"http:\/\/recover.lajunglebijoux.com\/es\/producto\/collar-corazon-piedra\/\" \/>\n<meta property=\"og:site_name\" content=\"La Jungle Bijoux\" \/>\n<meta property=\"article:modified_time\" content=\"2023-05-22T13:11:31+00:00\" \/>\n<meta property=\"og:image\" content=\"http:\/\/recover.lajunglebijoux.com\/wp-content\/uploads\/2023\/01\/IMG_20220427_100936.jpg\" \/>\n\t<meta property=\"og:image:width\" content=\"2471\" \/>\n\t<meta property=\"og:image:height\" content=\"2471\" \/>\n\t<meta property=\"og:image:type\" content=\"image\/jpeg\" \/>\n<meta name=\"twitter:card\" content=\"summary_large_image\" \/>\n<script type=\"application\/ld+json\" class=\"yoast-schema-graph\">{\"@context\":\"https:\/\/schema.org\",\"@graph\":[{\"@type\":\"WebPage\",\"@id\":\"http:\/\/recover.lajunglebijoux.com\/es\/producto\/collar-corazon-piedra\/\",\"url\":\"http:\/\/recover.lajunglebijoux.com\/es\/producto\/collar-corazon-piedra\/\",\"name\":\"Collar \u00e1gata negra coraz\u00f3n Alma Profunda - La Jungle Bijoux\",\"isPartOf\":{\"@id\":\"http:\/\/recover.lajunglebijoux.com\/es\/#website\"},\"primaryImageOfPage\":{\"@id\":\"http:\/\/recover.lajunglebijoux.com\/es\/producto\/collar-corazon-piedra\/#primaryimage\"},\"image\":{\"@id\":\"http:\/\/recover.lajunglebijoux.com\/es\/producto\/collar-corazon-piedra\/#primaryimage\"},\"thumbnailUrl\":\"http:\/\/recover.lajunglebijoux.com\/wp-content\/uploads\/2023\/01\/IMG_20220427_100936.jpg\",\"datePublished\":\"2023-01-11T07:30:14+00:00\",\"dateModified\":\"2023-05-22T13:11:31+00:00\",\"description\":\"Descubre una aut\u00e9ntica joya talism\u00e1n con el collar coraz\u00f3n de oro y piedra de \u00e1gata negra. Hecho a mano en el taller La Jungle de Barcelona\",\"breadcrumb\":{\"@id\":\"http:\/\/recover.lajunglebijoux.com\/es\/producto\/collar-corazon-piedra\/#breadcrumb\"},\"inLanguage\":\"es\",\"potentialAction\":[{\"@type\":\"ReadAction\",\"target\":[\"http:\/\/recover.lajunglebijoux.com\/es\/producto\/collar-corazon-piedra\/\"]}]},{\"@type\":\"ImageObject\",\"inLanguage\":\"es\",\"@id\":\"http:\/\/recover.lajunglebijoux.com\/es\/producto\/collar-corazon-piedra\/#primaryimage\",\"url\":\"http:\/\/recover.lajunglebijoux.com\/wp-content\/uploads\/2023\/01\/IMG_20220427_100936.jpg\",\"contentUrl\":\"http:\/\/recover.lajunglebijoux.com\/wp-content\/uploads\/2023\/01\/IMG_20220427_100936.jpg\",\"width\":2471,\"height\":2471,\"caption\":\"collier\"},{\"@type\":\"BreadcrumbList\",\"@id\":\"http:\/\/recover.lajunglebijoux.com\/es\/producto\/collar-corazon-piedra\/#breadcrumb\",\"itemListElement\":[{\"@type\":\"ListItem\",\"position\":1,\"name\":\"Portada\",\"item\":\"http:\/\/recover.lajunglebijoux.com\/es\/\"},{\"@type\":\"ListItem\",\"position\":2,\"name\":\"Tienda\",\"item\":\"http:\/\/recover.lajunglebijoux.com\/es\/tienda\/\"},{\"@type\":\"ListItem\",\"position\":3,\"name\":\"Collar \u00e1gata negra coraz\u00f3n Alma Profunda\"}]},{\"@type\":\"WebSite\",\"@id\":\"http:\/\/recover.lajunglebijoux.com\/es\/#website\",\"url\":\"http:\/\/recover.lajunglebijoux.com\/es\/\",\"name\":\"La Jungle Bijoux\",\"description\":\"\",\"publisher\":{\"@id\":\"http:\/\/recover.lajunglebijoux.com\/es\/#organization\"},\"potentialAction\":[{\"@type\":\"SearchAction\",\"target\":{\"@type\":\"EntryPoint\",\"urlTemplate\":\"http:\/\/recover.lajunglebijoux.com\/es\/?s={search_term_string}\"},\"query-input\":\"required name=search_term_string\"}],\"inLanguage\":\"es\"},{\"@type\":\"Organization\",\"@id\":\"http:\/\/recover.lajunglebijoux.com\/es\/#organization\",\"name\":\"La Jungle Bijoux\",\"url\":\"http:\/\/recover.lajunglebijoux.com\/es\/\",\"logo\":{\"@type\":\"ImageObject\",\"inLanguage\":\"es\",\"@id\":\"http:\/\/recover.lajunglebijoux.com\/es\/#\/schema\/logo\/image\/\",\"url\":\"http:\/\/recover.lajunglebijoux.com\/wp-content\/uploads\/2023\/01\/LOGO-FINAL-Fonce.jpg\",\"contentUrl\":\"http:\/\/recover.lajunglebijoux.com\/wp-content\/uploads\/2023\/01\/LOGO-FINAL-Fonce.jpg\",\"width\":900,\"height\":900,\"caption\":\"La Jungle Bijoux\"},\"image\":{\"@id\":\"http:\/\/recover.lajunglebijoux.com\/es\/#\/schema\/logo\/image\/\"}}]}<\/script>\n<!-- \/ Yoast SEO plugin. -->","yoast_head_json":{"title":"Collar \u00e1gata negra coraz\u00f3n Alma Profunda - La Jungle Bijoux","description":"Descubre una aut\u00e9ntica joya talism\u00e1n con el collar coraz\u00f3n de oro y piedra de \u00e1gata negra. Hecho a mano en el taller La Jungle de Barcelona","robots":{"index":"index","follow":"follow","max-snippet":"max-snippet:-1","max-image-preview":"max-image-preview:large","max-video-preview":"max-video-preview:-1"},"canonical":"http:\/\/recover.lajunglebijoux.com\/es\/producto\/collar-corazon-piedra\/","og_locale":"es_ES","og_type":"article","og_title":"Collar \u00e1gata negra coraz\u00f3n Alma Profunda - La Jungle Bijoux","og_description":"Descubre una aut\u00e9ntica joya talism\u00e1n con el collar coraz\u00f3n de oro y piedra de \u00e1gata negra. Hecho a mano en el taller La Jungle de Barcelona","og_url":"http:\/\/recover.lajunglebijoux.com\/es\/producto\/collar-corazon-piedra\/","og_site_name":"La Jungle Bijoux","article_modified_time":"2023-05-22T13:11:31+00:00","og_image":[{"width":2471,"height":2471,"url":"http:\/\/recover.lajunglebijoux.com\/wp-content\/uploads\/2023\/01\/IMG_20220427_100936.jpg","type":"image\/jpeg"}],"twitter_card":"summary_large_image","schema":{"@context":"https:\/\/schema.org","@graph":[{"@type":"WebPage","@id":"http:\/\/recover.lajunglebijoux.com\/es\/producto\/collar-corazon-piedra\/","url":"http:\/\/recover.lajunglebijoux.com\/es\/producto\/collar-corazon-piedra\/","name":"Collar \u00e1gata negra coraz\u00f3n Alma Profunda - La Jungle Bijoux","isPartOf":{"@id":"http:\/\/recover.lajunglebijoux.com\/es\/#website"},"primaryImageOfPage":{"@id":"http:\/\/recover.lajunglebijoux.com\/es\/producto\/collar-corazon-piedra\/#primaryimage"},"image":{"@id":"http:\/\/recover.lajunglebijoux.com\/es\/producto\/collar-corazon-piedra\/#primaryimage"},"thumbnailUrl":"http:\/\/recover.lajunglebijoux.com\/wp-content\/uploads\/2023\/01\/IMG_20220427_100936.jpg","datePublished":"2023-01-11T07:30:14+00:00","dateModified":"2023-05-22T13:11:31+00:00","description":"Descubre una aut\u00e9ntica joya talism\u00e1n con el collar coraz\u00f3n de oro y piedra de \u00e1gata negra. Hecho a mano en el taller La Jungle de Barcelona","breadcrumb":{"@id":"http:\/\/recover.lajunglebijoux.com\/es\/producto\/collar-corazon-piedra\/#breadcrumb"},"inLanguage":"es","potentialAction":[{"@type":"ReadAction","target":["http:\/\/recover.lajunglebijoux.com\/es\/producto\/collar-corazon-piedra\/"]}]},{"@type":"ImageObject","inLanguage":"es","@id":"http:\/\/recover.lajunglebijoux.com\/es\/producto\/collar-corazon-piedra\/#primaryimage","url":"http:\/\/recover.lajunglebijoux.com\/wp-content\/uploads\/2023\/01\/IMG_20220427_100936.jpg","contentUrl":"http:\/\/recover.lajunglebijoux.com\/wp-content\/uploads\/2023\/01\/IMG_20220427_100936.jpg","width":2471,"height":2471,"caption":"collier"},{"@type":"BreadcrumbList","@id":"http:\/\/recover.lajunglebijoux.com\/es\/producto\/collar-corazon-piedra\/#breadcrumb","itemListElement":[{"@type":"ListItem","position":1,"name":"Portada","item":"http:\/\/recover.lajunglebijoux.com\/es\/"},{"@type":"ListItem","position":2,"name":"Tienda","item":"http:\/\/recover.lajunglebijoux.com\/es\/tienda\/"},{"@type":"ListItem","position":3,"name":"Collar \u00e1gata negra coraz\u00f3n Alma Profunda"}]},{"@type":"WebSite","@id":"http:\/\/recover.lajunglebijoux.com\/es\/#website","url":"http:\/\/recover.lajunglebijoux.com\/es\/","name":"La Jungle Bijoux","description":"","publisher":{"@id":"http:\/\/recover.lajunglebijoux.com\/es\/#organization"},"potentialAction":[{"@type":"SearchAction","target":{"@type":"EntryPoint","urlTemplate":"http:\/\/recover.lajunglebijoux.com\/es\/?s={search_term_string}"},"query-input":"required name=search_term_string"}],"inLanguage":"es"},{"@type":"Organization","@id":"http:\/\/recover.lajunglebijoux.com\/es\/#organization","name":"La Jungle Bijoux","url":"http:\/\/recover.lajunglebijoux.com\/es\/","logo":{"@type":"ImageObject","inLanguage":"es","@id":"http:\/\/recover.lajunglebijoux.com\/es\/#\/schema\/logo\/image\/","url":"http:\/\/recover.lajunglebijoux.com\/wp-content\/uploads\/2023\/01\/LOGO-FINAL-Fonce.jpg","contentUrl":"http:\/\/recover.lajunglebijoux.com\/wp-content\/uploads\/2023\/01\/LOGO-FINAL-Fonce.jpg","width":900,"height":900,"caption":"La Jungle Bijoux"},"image":{"@id":"http:\/\/recover.lajunglebijoux.com\/es\/#\/schema\/logo\/image\/"}}]}},"_links":{"self":[{"href":"http:\/\/recover.lajunglebijoux.com\/es\/wp-json\/wp\/v2\/product\/8142","targetHints":{"allow":["GET"]}}],"collection":[{"href":"http:\/\/recover.lajunglebijoux.com\/es\/wp-json\/wp\/v2\/product"}],"about":[{"href":"http:\/\/recover.lajunglebijoux.com\/es\/wp-json\/wp\/v2\/types\/product"}],"replies":[{"embeddable":true,"href":"http:\/\/recover.lajunglebijoux.com\/es\/wp-json\/wp\/v2\/comments?post=8142"}],"wp:featuredmedia":[{"embeddable":true,"href":"http:\/\/recover.lajunglebijoux.com\/es\/wp-json\/wp\/v2\/media\/4871"}],"wp:attachment":[{"href":"http:\/\/recover.lajunglebijoux.com\/es\/wp-json\/wp\/v2\/media?parent=8142"}],"wp:term":[{"taxonomy":"product_cat","embeddable":true,"href":"http:\/\/recover.lajunglebijoux.com\/es\/wp-json\/wp\/v2\/product_cat?post=8142"},{"taxonomy":"product_tag","embeddable":true,"href":"http:\/\/recover.lajunglebijoux.com\/es\/wp-json\/wp\/v2\/product_tag?post=8142"}],"curies":[{"name":"wp","href":"https:\/\/api.w.org\/{rel}","templated":true}]}}