{"id":8138,"date":"2023-01-23T13:31:36","date_gmt":"2023-01-23T11:31:36","guid":{"rendered":"https:\/\/recover.lajunglebijoux.com\/product\/collier-amethyste-coeur\/"},"modified":"2023-05-22T12:06:26","modified_gmt":"2023-05-22T12:06:26","slug":"collar-corazon-amatista","status":"publish","type":"product","link":"http:\/\/recover.lajunglebijoux.com\/es\/producto\/collar-corazon-amatista\/","title":{"rendered":"Collar amatista coraz\u00f3n Alma Profunda"},"content":{"rendered":"<h2>Unas palabras de Jen, creadora de La Jungle Joyas<\/h2>\n<p>He creado este collar de piedra amatista en forma de coraz\u00f3n para recordarte que tu alma m\u00e1s profunda es amor, al igual que el universo. Tienes una verdadera fuerza creativa que reside en tu capacidad de sustituir el miedo por el amor. Al llevar este collar de coraz\u00f3n, te invito a co-crear el camino de tu vida con el universo dejando que el amor sea tu gu\u00eda. La misi\u00f3n m\u00e1s bella y natural en la vida es encarnar y difundir el amor. El coraz\u00f3n de amatista est\u00e1 ah\u00ed para ayudarte en esta creaci\u00f3n. Esta piedra de litoterapia relaja, calma y tranquiliza la mente. Le acompa\u00f1ar\u00e1 en la adopci\u00f3n de pensamientos y emociones m\u00e1s positivos. Gracias a sus virtudes, la amatista le permite tomar decisiones y dejarse guiar por su instinto y sobre todo por su coraz\u00f3n.<\/p>\n","protected":false},"excerpt":{"rendered":"<p>Reconecta con lo m\u00e1s profundo de tu alma con este colgante de amatista en forma de coraz\u00f3n, que te acompa\u00f1a y te recuerda que el camino de la vida debe guiarse por el amor a ti mismo, a los dem\u00e1s y a tu entorno. Este collar en forma de coraz\u00f3n est\u00e1 fabricado en oro de 24 quilates de alta resistencia sobre una base de lat\u00f3n, y est\u00e1 hecho a mano (con mucho amor) en el taller La Jungle de Barcelona. Es el regalo que debes hacer a las mujeres que amas y quieres que escuchen un poco m\u00e1s a su coraz\u00f3n. Tambi\u00e9n puedes regal\u00e1rtelo a ti misma como recordatorio de la prueba de amor m\u00e1s hermosa que existe: el amor que te tienes a ti misma.<\/p>\n","protected":false},"featured_media":5379,"comment_status":"open","ping_status":"closed","template":"","meta":{"_acf_changed":false},"product_cat":[123],"product_tag":[],"class_list":{"0":"post-8138","1":"product","2":"type-product","3":"status-publish","4":"has-post-thumbnail","6":"product_cat-talisman-es","7":"pa_modele-collares","8":"pa_theme-joyas-energeticas","9":"pa_theme-joyas-amor","10":"pa_theme-piedras-litoterapia","12":"first","13":"outofstock","14":"sale","15":"shipping-taxable","16":"purchasable","17":"product-type-simple"},"acf":[],"yoast_head":"<!-- This site is optimized with the Yoast SEO plugin v23.3 - https:\/\/yoast.com\/wordpress\/plugins\/seo\/ -->\n<title>Collar amatista coraz\u00f3n Alma Profunda - La Jungle Bijoux<\/title>\n<meta name=\"description\" content=\"Reconecta con lo m\u00e1s profundo de tu alma y deja que el amor te gu\u00ede con este collar de oro y colgante de piedra amatista en forma de coraz\u00f3n. Fabricado en Barcelona\" \/>\n<meta name=\"robots\" content=\"index, follow, max-snippet:-1, max-image-preview:large, max-video-preview:-1\" \/>\n<link rel=\"canonical\" href=\"http:\/\/recover.lajunglebijoux.com\/es\/producto\/collar-corazon-amatista\/\" \/>\n<meta property=\"og:locale\" content=\"es_ES\" \/>\n<meta property=\"og:type\" content=\"article\" \/>\n<meta property=\"og:title\" content=\"Collar amatista coraz\u00f3n Alma Profunda - La Jungle Bijoux\" \/>\n<meta property=\"og:description\" content=\"Reconecta con lo m\u00e1s profundo de tu alma y deja que el amor te gu\u00ede con este collar de oro y colgante de piedra amatista en forma de coraz\u00f3n. Fabricado en Barcelona\" \/>\n<meta property=\"og:url\" content=\"http:\/\/recover.lajunglebijoux.com\/es\/producto\/collar-corazon-amatista\/\" \/>\n<meta property=\"og:site_name\" content=\"La Jungle Bijoux\" \/>\n<meta property=\"article:modified_time\" content=\"2023-05-22T12:06:26+00:00\" \/>\n<meta property=\"og:image\" content=\"http:\/\/recover.lajunglebijoux.com\/wp-content\/uploads\/2023\/01\/IMG_20220427_100918-scaled.jpg\" \/>\n\t<meta property=\"og:image:width\" content=\"3123\" \/>\n\t<meta property=\"og:image:height\" content=\"4164\" \/>\n\t<meta property=\"og:image:type\" content=\"image\/jpeg\" \/>\n<meta name=\"twitter:card\" content=\"summary_large_image\" \/>\n<meta name=\"twitter:label1\" content=\"Tiempo de lectura\" \/>\n\t<meta name=\"twitter:data1\" content=\"1 minuto\" \/>\n<script type=\"application\/ld+json\" class=\"yoast-schema-graph\">{\"@context\":\"https:\/\/schema.org\",\"@graph\":[{\"@type\":\"WebPage\",\"@id\":\"http:\/\/recover.lajunglebijoux.com\/es\/producto\/collar-corazon-amatista\/\",\"url\":\"http:\/\/recover.lajunglebijoux.com\/es\/producto\/collar-corazon-amatista\/\",\"name\":\"Collar amatista coraz\u00f3n Alma Profunda - La Jungle Bijoux\",\"isPartOf\":{\"@id\":\"http:\/\/recover.lajunglebijoux.com\/es\/#website\"},\"primaryImageOfPage\":{\"@id\":\"http:\/\/recover.lajunglebijoux.com\/es\/producto\/collar-corazon-amatista\/#primaryimage\"},\"image\":{\"@id\":\"http:\/\/recover.lajunglebijoux.com\/es\/producto\/collar-corazon-amatista\/#primaryimage\"},\"thumbnailUrl\":\"http:\/\/recover.lajunglebijoux.com\/wp-content\/uploads\/2023\/01\/IMG_20220427_100918-scaled.jpg\",\"datePublished\":\"2023-01-23T11:31:36+00:00\",\"dateModified\":\"2023-05-22T12:06:26+00:00\",\"description\":\"Reconecta con lo m\u00e1s profundo de tu alma y deja que el amor te gu\u00ede con este collar de oro y colgante de piedra amatista en forma de coraz\u00f3n. Fabricado en Barcelona\",\"breadcrumb\":{\"@id\":\"http:\/\/recover.lajunglebijoux.com\/es\/producto\/collar-corazon-amatista\/#breadcrumb\"},\"inLanguage\":\"es\",\"potentialAction\":[{\"@type\":\"ReadAction\",\"target\":[\"http:\/\/recover.lajunglebijoux.com\/es\/producto\/collar-corazon-amatista\/\"]}]},{\"@type\":\"ImageObject\",\"inLanguage\":\"es\",\"@id\":\"http:\/\/recover.lajunglebijoux.com\/es\/producto\/collar-corazon-amatista\/#primaryimage\",\"url\":\"http:\/\/recover.lajunglebijoux.com\/wp-content\/uploads\/2023\/01\/IMG_20220427_100918-scaled.jpg\",\"contentUrl\":\"http:\/\/recover.lajunglebijoux.com\/wp-content\/uploads\/2023\/01\/IMG_20220427_100918-scaled.jpg\",\"width\":3123,\"height\":4164,\"caption\":\"collier coeur amethyste\"},{\"@type\":\"BreadcrumbList\",\"@id\":\"http:\/\/recover.lajunglebijoux.com\/es\/producto\/collar-corazon-amatista\/#breadcrumb\",\"itemListElement\":[{\"@type\":\"ListItem\",\"position\":1,\"name\":\"Portada\",\"item\":\"http:\/\/recover.lajunglebijoux.com\/es\/\"},{\"@type\":\"ListItem\",\"position\":2,\"name\":\"Tienda\",\"item\":\"http:\/\/recover.lajunglebijoux.com\/es\/tienda\/\"},{\"@type\":\"ListItem\",\"position\":3,\"name\":\"Collar amatista coraz\u00f3n Alma Profunda\"}]},{\"@type\":\"WebSite\",\"@id\":\"http:\/\/recover.lajunglebijoux.com\/es\/#website\",\"url\":\"http:\/\/recover.lajunglebijoux.com\/es\/\",\"name\":\"La Jungle Bijoux\",\"description\":\"\",\"publisher\":{\"@id\":\"http:\/\/recover.lajunglebijoux.com\/es\/#organization\"},\"potentialAction\":[{\"@type\":\"SearchAction\",\"target\":{\"@type\":\"EntryPoint\",\"urlTemplate\":\"http:\/\/recover.lajunglebijoux.com\/es\/?s={search_term_string}\"},\"query-input\":\"required name=search_term_string\"}],\"inLanguage\":\"es\"},{\"@type\":\"Organization\",\"@id\":\"http:\/\/recover.lajunglebijoux.com\/es\/#organization\",\"name\":\"La Jungle Bijoux\",\"url\":\"http:\/\/recover.lajunglebijoux.com\/es\/\",\"logo\":{\"@type\":\"ImageObject\",\"inLanguage\":\"es\",\"@id\":\"http:\/\/recover.lajunglebijoux.com\/es\/#\/schema\/logo\/image\/\",\"url\":\"http:\/\/recover.lajunglebijoux.com\/wp-content\/uploads\/2023\/01\/LOGO-FINAL-Fonce.jpg\",\"contentUrl\":\"http:\/\/recover.lajunglebijoux.com\/wp-content\/uploads\/2023\/01\/LOGO-FINAL-Fonce.jpg\",\"width\":900,\"height\":900,\"caption\":\"La Jungle Bijoux\"},\"image\":{\"@id\":\"http:\/\/recover.lajunglebijoux.com\/es\/#\/schema\/logo\/image\/\"}}]}<\/script>\n<!-- \/ Yoast SEO plugin. -->","yoast_head_json":{"title":"Collar amatista coraz\u00f3n Alma Profunda - La Jungle Bijoux","description":"Reconecta con lo m\u00e1s profundo de tu alma y deja que el amor te gu\u00ede con este collar de oro y colgante de piedra amatista en forma de coraz\u00f3n. Fabricado en Barcelona","robots":{"index":"index","follow":"follow","max-snippet":"max-snippet:-1","max-image-preview":"max-image-preview:large","max-video-preview":"max-video-preview:-1"},"canonical":"http:\/\/recover.lajunglebijoux.com\/es\/producto\/collar-corazon-amatista\/","og_locale":"es_ES","og_type":"article","og_title":"Collar amatista coraz\u00f3n Alma Profunda - La Jungle Bijoux","og_description":"Reconecta con lo m\u00e1s profundo de tu alma y deja que el amor te gu\u00ede con este collar de oro y colgante de piedra amatista en forma de coraz\u00f3n. Fabricado en Barcelona","og_url":"http:\/\/recover.lajunglebijoux.com\/es\/producto\/collar-corazon-amatista\/","og_site_name":"La Jungle Bijoux","article_modified_time":"2023-05-22T12:06:26+00:00","og_image":[{"width":3123,"height":4164,"url":"http:\/\/recover.lajunglebijoux.com\/wp-content\/uploads\/2023\/01\/IMG_20220427_100918-scaled.jpg","type":"image\/jpeg"}],"twitter_card":"summary_large_image","twitter_misc":{"Tiempo de lectura":"1 minuto"},"schema":{"@context":"https:\/\/schema.org","@graph":[{"@type":"WebPage","@id":"http:\/\/recover.lajunglebijoux.com\/es\/producto\/collar-corazon-amatista\/","url":"http:\/\/recover.lajunglebijoux.com\/es\/producto\/collar-corazon-amatista\/","name":"Collar amatista coraz\u00f3n Alma Profunda - La Jungle Bijoux","isPartOf":{"@id":"http:\/\/recover.lajunglebijoux.com\/es\/#website"},"primaryImageOfPage":{"@id":"http:\/\/recover.lajunglebijoux.com\/es\/producto\/collar-corazon-amatista\/#primaryimage"},"image":{"@id":"http:\/\/recover.lajunglebijoux.com\/es\/producto\/collar-corazon-amatista\/#primaryimage"},"thumbnailUrl":"http:\/\/recover.lajunglebijoux.com\/wp-content\/uploads\/2023\/01\/IMG_20220427_100918-scaled.jpg","datePublished":"2023-01-23T11:31:36+00:00","dateModified":"2023-05-22T12:06:26+00:00","description":"Reconecta con lo m\u00e1s profundo de tu alma y deja que el amor te gu\u00ede con este collar de oro y colgante de piedra amatista en forma de coraz\u00f3n. Fabricado en Barcelona","breadcrumb":{"@id":"http:\/\/recover.lajunglebijoux.com\/es\/producto\/collar-corazon-amatista\/#breadcrumb"},"inLanguage":"es","potentialAction":[{"@type":"ReadAction","target":["http:\/\/recover.lajunglebijoux.com\/es\/producto\/collar-corazon-amatista\/"]}]},{"@type":"ImageObject","inLanguage":"es","@id":"http:\/\/recover.lajunglebijoux.com\/es\/producto\/collar-corazon-amatista\/#primaryimage","url":"http:\/\/recover.lajunglebijoux.com\/wp-content\/uploads\/2023\/01\/IMG_20220427_100918-scaled.jpg","contentUrl":"http:\/\/recover.lajunglebijoux.com\/wp-content\/uploads\/2023\/01\/IMG_20220427_100918-scaled.jpg","width":3123,"height":4164,"caption":"collier coeur amethyste"},{"@type":"BreadcrumbList","@id":"http:\/\/recover.lajunglebijoux.com\/es\/producto\/collar-corazon-amatista\/#breadcrumb","itemListElement":[{"@type":"ListItem","position":1,"name":"Portada","item":"http:\/\/recover.lajunglebijoux.com\/es\/"},{"@type":"ListItem","position":2,"name":"Tienda","item":"http:\/\/recover.lajunglebijoux.com\/es\/tienda\/"},{"@type":"ListItem","position":3,"name":"Collar amatista coraz\u00f3n Alma Profunda"}]},{"@type":"WebSite","@id":"http:\/\/recover.lajunglebijoux.com\/es\/#website","url":"http:\/\/recover.lajunglebijoux.com\/es\/","name":"La Jungle Bijoux","description":"","publisher":{"@id":"http:\/\/recover.lajunglebijoux.com\/es\/#organization"},"potentialAction":[{"@type":"SearchAction","target":{"@type":"EntryPoint","urlTemplate":"http:\/\/recover.lajunglebijoux.com\/es\/?s={search_term_string}"},"query-input":"required name=search_term_string"}],"inLanguage":"es"},{"@type":"Organization","@id":"http:\/\/recover.lajunglebijoux.com\/es\/#organization","name":"La Jungle Bijoux","url":"http:\/\/recover.lajunglebijoux.com\/es\/","logo":{"@type":"ImageObject","inLanguage":"es","@id":"http:\/\/recover.lajunglebijoux.com\/es\/#\/schema\/logo\/image\/","url":"http:\/\/recover.lajunglebijoux.com\/wp-content\/uploads\/2023\/01\/LOGO-FINAL-Fonce.jpg","contentUrl":"http:\/\/recover.lajunglebijoux.com\/wp-content\/uploads\/2023\/01\/LOGO-FINAL-Fonce.jpg","width":900,"height":900,"caption":"La Jungle Bijoux"},"image":{"@id":"http:\/\/recover.lajunglebijoux.com\/es\/#\/schema\/logo\/image\/"}}]}},"_links":{"self":[{"href":"http:\/\/recover.lajunglebijoux.com\/es\/wp-json\/wp\/v2\/product\/8138","targetHints":{"allow":["GET"]}}],"collection":[{"href":"http:\/\/recover.lajunglebijoux.com\/es\/wp-json\/wp\/v2\/product"}],"about":[{"href":"http:\/\/recover.lajunglebijoux.com\/es\/wp-json\/wp\/v2\/types\/product"}],"replies":[{"embeddable":true,"href":"http:\/\/recover.lajunglebijoux.com\/es\/wp-json\/wp\/v2\/comments?post=8138"}],"wp:featuredmedia":[{"embeddable":true,"href":"http:\/\/recover.lajunglebijoux.com\/es\/wp-json\/wp\/v2\/media\/5379"}],"wp:attachment":[{"href":"http:\/\/recover.lajunglebijoux.com\/es\/wp-json\/wp\/v2\/media?parent=8138"}],"wp:term":[{"taxonomy":"product_cat","embeddable":true,"href":"http:\/\/recover.lajunglebijoux.com\/es\/wp-json\/wp\/v2\/product_cat?post=8138"},{"taxonomy":"product_tag","embeddable":true,"href":"http:\/\/recover.lajunglebijoux.com\/es\/wp-json\/wp\/v2\/product_tag?post=8138"}],"curies":[{"name":"wp","href":"https:\/\/api.w.org\/{rel}","templated":true}]}}