{"id":8136,"date":"2023-01-11T11:10:00","date_gmt":"2023-01-11T09:10:00","guid":{"rendered":"https:\/\/recover.lajunglebijoux.com\/product\/collier-serenite\/"},"modified":"2023-05-22T12:00:05","modified_gmt":"2023-05-22T12:00:05","slug":"collar-cristal-de-roca","status":"publish","type":"product","link":"http:\/\/recover.lajunglebijoux.com\/es\/producto\/collar-cristal-de-roca\/","title":{"rendered":"SERENIDAD &#8211; collar de oro y cristal de roca"},"content":{"rendered":"","protected":false},"excerpt":{"rendered":"<p>Collar de cristal de roca, cadena original. Oro de 24 quilates de alta resistencia sobre base de lat\u00f3n. Longitud de la cadena 40cm + 5cm de prolongaci\u00f3n. CRISTAL DE ROCA : El cristal de roca es una piedra que favorece la meditaci\u00f3n, el descanso y la calma de la mente. Las vibraciones del cristal de roca aumentan la confianza en uno mismo y la intuici\u00f3n. Ayuda a canalizar las ideas y favorece la apertura de esp\u00edritu. Piedra armoniosa y antiestr\u00e9s, el cristal de roca tambi\u00e9n captura las energ\u00edas negativas para dejar sitio a la serenidad. Por \u00faltimo, ayuda a deshacer los bloqueos energ\u00e9ticos y emocionales. Como con muchas de las joyas de La Jungle, quer\u00eda explicar mi proceso creativo y la intenci\u00f3n que hay detr\u00e1s de esta joya pero, por supuesto, coge s\u00f3lo lo que te suena y si es s\u00f3lo el dise\u00f1o de la joya, tambi\u00e9n est\u00e1 perfecto as\u00ed.<\/p>\n","protected":false},"featured_media":4937,"comment_status":"open","ping_status":"closed","template":"","meta":{"_acf_changed":false},"product_cat":[123],"product_tag":[],"class_list":{"0":"post-8136","1":"product","2":"type-product","3":"status-publish","4":"has-post-thumbnail","6":"product_cat-talisman-es","7":"pa_modele-collares","8":"pa_theme-joyas-energeticas","9":"pa_theme-joyas-bienestar","10":"pa_theme-piedras-litoterapia","12":"first","13":"instock","14":"shipping-taxable","15":"purchasable","16":"product-type-simple"},"acf":[],"yoast_head":"<!-- This site is optimized with the Yoast SEO plugin v23.3 - https:\/\/yoast.com\/wordpress\/plugins\/seo\/ -->\n<title>SERENIDAD - collar de oro y cristal de roca - La Jungle Bijoux<\/title>\n<meta name=\"description\" content=\"T\u00f3mate un tiempo para ti con el collar Serenidad de oro y cristal de roca. Esta piedra de litoterapia te invita a bajar el ritmo y tomarte un tiempo\" \/>\n<meta name=\"robots\" content=\"index, follow, max-snippet:-1, max-image-preview:large, max-video-preview:-1\" \/>\n<link rel=\"canonical\" href=\"http:\/\/recover.lajunglebijoux.com\/es\/producto\/collar-cristal-de-roca\/\" \/>\n<meta property=\"og:locale\" content=\"es_ES\" \/>\n<meta property=\"og:type\" content=\"article\" \/>\n<meta property=\"og:title\" content=\"SERENIDAD - collar de oro y cristal de roca - La Jungle Bijoux\" \/>\n<meta property=\"og:description\" content=\"T\u00f3mate un tiempo para ti con el collar Serenidad de oro y cristal de roca. Esta piedra de litoterapia te invita a bajar el ritmo y tomarte un tiempo\" \/>\n<meta property=\"og:url\" content=\"http:\/\/recover.lajunglebijoux.com\/es\/producto\/collar-cristal-de-roca\/\" \/>\n<meta property=\"og:site_name\" content=\"La Jungle Bijoux\" \/>\n<meta property=\"article:modified_time\" content=\"2023-05-22T12:00:05+00:00\" \/>\n<meta property=\"og:image\" content=\"http:\/\/recover.lajunglebijoux.com\/wp-content\/uploads\/2023\/01\/IMG_20220427_113559.jpg\" \/>\n\t<meta property=\"og:image:width\" content=\"2869\" \/>\n\t<meta property=\"og:image:height\" content=\"2869\" \/>\n\t<meta property=\"og:image:type\" content=\"image\/jpeg\" \/>\n<meta name=\"twitter:card\" content=\"summary_large_image\" \/>\n<script type=\"application\/ld+json\" class=\"yoast-schema-graph\">{\"@context\":\"https:\/\/schema.org\",\"@graph\":[{\"@type\":\"WebPage\",\"@id\":\"http:\/\/recover.lajunglebijoux.com\/es\/producto\/collar-cristal-de-roca\/\",\"url\":\"http:\/\/recover.lajunglebijoux.com\/es\/producto\/collar-cristal-de-roca\/\",\"name\":\"SERENIDAD - collar de oro y cristal de roca - La Jungle Bijoux\",\"isPartOf\":{\"@id\":\"https:\/\/recover.lajunglebijoux.com\/es\/#website\"},\"primaryImageOfPage\":{\"@id\":\"http:\/\/recover.lajunglebijoux.com\/es\/producto\/collar-cristal-de-roca\/#primaryimage\"},\"image\":{\"@id\":\"http:\/\/recover.lajunglebijoux.com\/es\/producto\/collar-cristal-de-roca\/#primaryimage\"},\"thumbnailUrl\":\"http:\/\/recover.lajunglebijoux.com\/wp-content\/uploads\/2023\/01\/IMG_20220427_113559.jpg\",\"datePublished\":\"2023-01-11T09:10:00+00:00\",\"dateModified\":\"2023-05-22T12:00:05+00:00\",\"description\":\"T\u00f3mate un tiempo para ti con el collar Serenidad de oro y cristal de roca. Esta piedra de litoterapia te invita a bajar el ritmo y tomarte un tiempo\",\"breadcrumb\":{\"@id\":\"http:\/\/recover.lajunglebijoux.com\/es\/producto\/collar-cristal-de-roca\/#breadcrumb\"},\"inLanguage\":\"es\",\"potentialAction\":[{\"@type\":\"ReadAction\",\"target\":[\"http:\/\/recover.lajunglebijoux.com\/es\/producto\/collar-cristal-de-roca\/\"]}]},{\"@type\":\"ImageObject\",\"inLanguage\":\"es\",\"@id\":\"http:\/\/recover.lajunglebijoux.com\/es\/producto\/collar-cristal-de-roca\/#primaryimage\",\"url\":\"http:\/\/recover.lajunglebijoux.com\/wp-content\/uploads\/2023\/01\/IMG_20220427_113559.jpg\",\"contentUrl\":\"http:\/\/recover.lajunglebijoux.com\/wp-content\/uploads\/2023\/01\/IMG_20220427_113559.jpg\",\"width\":2869,\"height\":2869,\"caption\":\"collier or cristal de roche\"},{\"@type\":\"BreadcrumbList\",\"@id\":\"http:\/\/recover.lajunglebijoux.com\/es\/producto\/collar-cristal-de-roca\/#breadcrumb\",\"itemListElement\":[{\"@type\":\"ListItem\",\"position\":1,\"name\":\"Portada\",\"item\":\"https:\/\/recover.lajunglebijoux.com\/es\/\"},{\"@type\":\"ListItem\",\"position\":2,\"name\":\"Tienda\",\"item\":\"https:\/\/recover.lajunglebijoux.com\/es\/tienda\/\"},{\"@type\":\"ListItem\",\"position\":3,\"name\":\"SERENIDAD &#8211; collar de oro y cristal de roca\"}]},{\"@type\":\"WebSite\",\"@id\":\"https:\/\/recover.lajunglebijoux.com\/es\/#website\",\"url\":\"https:\/\/recover.lajunglebijoux.com\/es\/\",\"name\":\"La Jungle Bijoux\",\"description\":\"\",\"publisher\":{\"@id\":\"https:\/\/recover.lajunglebijoux.com\/es\/#organization\"},\"potentialAction\":[{\"@type\":\"SearchAction\",\"target\":{\"@type\":\"EntryPoint\",\"urlTemplate\":\"https:\/\/recover.lajunglebijoux.com\/es\/?s={search_term_string}\"},\"query-input\":\"required name=search_term_string\"}],\"inLanguage\":\"es\"},{\"@type\":\"Organization\",\"@id\":\"https:\/\/recover.lajunglebijoux.com\/es\/#organization\",\"name\":\"La Jungle Bijoux\",\"url\":\"https:\/\/recover.lajunglebijoux.com\/es\/\",\"logo\":{\"@type\":\"ImageObject\",\"inLanguage\":\"es\",\"@id\":\"https:\/\/recover.lajunglebijoux.com\/es\/#\/schema\/logo\/image\/\",\"url\":\"http:\/\/recover.lajunglebijoux.com\/wp-content\/uploads\/2023\/01\/LOGO-FINAL-Fonce.jpg\",\"contentUrl\":\"http:\/\/recover.lajunglebijoux.com\/wp-content\/uploads\/2023\/01\/LOGO-FINAL-Fonce.jpg\",\"width\":900,\"height\":900,\"caption\":\"La Jungle Bijoux\"},\"image\":{\"@id\":\"https:\/\/recover.lajunglebijoux.com\/es\/#\/schema\/logo\/image\/\"}}]}<\/script>\n<!-- \/ Yoast SEO plugin. -->","yoast_head_json":{"title":"SERENIDAD - collar de oro y cristal de roca - La Jungle Bijoux","description":"T\u00f3mate un tiempo para ti con el collar Serenidad de oro y cristal de roca. Esta piedra de litoterapia te invita a bajar el ritmo y tomarte un tiempo","robots":{"index":"index","follow":"follow","max-snippet":"max-snippet:-1","max-image-preview":"max-image-preview:large","max-video-preview":"max-video-preview:-1"},"canonical":"http:\/\/recover.lajunglebijoux.com\/es\/producto\/collar-cristal-de-roca\/","og_locale":"es_ES","og_type":"article","og_title":"SERENIDAD - collar de oro y cristal de roca - La Jungle Bijoux","og_description":"T\u00f3mate un tiempo para ti con el collar Serenidad de oro y cristal de roca. Esta piedra de litoterapia te invita a bajar el ritmo y tomarte un tiempo","og_url":"http:\/\/recover.lajunglebijoux.com\/es\/producto\/collar-cristal-de-roca\/","og_site_name":"La Jungle Bijoux","article_modified_time":"2023-05-22T12:00:05+00:00","og_image":[{"width":2869,"height":2869,"url":"http:\/\/recover.lajunglebijoux.com\/wp-content\/uploads\/2023\/01\/IMG_20220427_113559.jpg","type":"image\/jpeg"}],"twitter_card":"summary_large_image","schema":{"@context":"https:\/\/schema.org","@graph":[{"@type":"WebPage","@id":"http:\/\/recover.lajunglebijoux.com\/es\/producto\/collar-cristal-de-roca\/","url":"http:\/\/recover.lajunglebijoux.com\/es\/producto\/collar-cristal-de-roca\/","name":"SERENIDAD - collar de oro y cristal de roca - La Jungle Bijoux","isPartOf":{"@id":"https:\/\/recover.lajunglebijoux.com\/es\/#website"},"primaryImageOfPage":{"@id":"http:\/\/recover.lajunglebijoux.com\/es\/producto\/collar-cristal-de-roca\/#primaryimage"},"image":{"@id":"http:\/\/recover.lajunglebijoux.com\/es\/producto\/collar-cristal-de-roca\/#primaryimage"},"thumbnailUrl":"http:\/\/recover.lajunglebijoux.com\/wp-content\/uploads\/2023\/01\/IMG_20220427_113559.jpg","datePublished":"2023-01-11T09:10:00+00:00","dateModified":"2023-05-22T12:00:05+00:00","description":"T\u00f3mate un tiempo para ti con el collar Serenidad de oro y cristal de roca. Esta piedra de litoterapia te invita a bajar el ritmo y tomarte un tiempo","breadcrumb":{"@id":"http:\/\/recover.lajunglebijoux.com\/es\/producto\/collar-cristal-de-roca\/#breadcrumb"},"inLanguage":"es","potentialAction":[{"@type":"ReadAction","target":["http:\/\/recover.lajunglebijoux.com\/es\/producto\/collar-cristal-de-roca\/"]}]},{"@type":"ImageObject","inLanguage":"es","@id":"http:\/\/recover.lajunglebijoux.com\/es\/producto\/collar-cristal-de-roca\/#primaryimage","url":"http:\/\/recover.lajunglebijoux.com\/wp-content\/uploads\/2023\/01\/IMG_20220427_113559.jpg","contentUrl":"http:\/\/recover.lajunglebijoux.com\/wp-content\/uploads\/2023\/01\/IMG_20220427_113559.jpg","width":2869,"height":2869,"caption":"collier or cristal de roche"},{"@type":"BreadcrumbList","@id":"http:\/\/recover.lajunglebijoux.com\/es\/producto\/collar-cristal-de-roca\/#breadcrumb","itemListElement":[{"@type":"ListItem","position":1,"name":"Portada","item":"https:\/\/recover.lajunglebijoux.com\/es\/"},{"@type":"ListItem","position":2,"name":"Tienda","item":"https:\/\/recover.lajunglebijoux.com\/es\/tienda\/"},{"@type":"ListItem","position":3,"name":"SERENIDAD &#8211; collar de oro y cristal de roca"}]},{"@type":"WebSite","@id":"https:\/\/recover.lajunglebijoux.com\/es\/#website","url":"https:\/\/recover.lajunglebijoux.com\/es\/","name":"La Jungle Bijoux","description":"","publisher":{"@id":"https:\/\/recover.lajunglebijoux.com\/es\/#organization"},"potentialAction":[{"@type":"SearchAction","target":{"@type":"EntryPoint","urlTemplate":"https:\/\/recover.lajunglebijoux.com\/es\/?s={search_term_string}"},"query-input":"required name=search_term_string"}],"inLanguage":"es"},{"@type":"Organization","@id":"https:\/\/recover.lajunglebijoux.com\/es\/#organization","name":"La Jungle Bijoux","url":"https:\/\/recover.lajunglebijoux.com\/es\/","logo":{"@type":"ImageObject","inLanguage":"es","@id":"https:\/\/recover.lajunglebijoux.com\/es\/#\/schema\/logo\/image\/","url":"http:\/\/recover.lajunglebijoux.com\/wp-content\/uploads\/2023\/01\/LOGO-FINAL-Fonce.jpg","contentUrl":"http:\/\/recover.lajunglebijoux.com\/wp-content\/uploads\/2023\/01\/LOGO-FINAL-Fonce.jpg","width":900,"height":900,"caption":"La Jungle Bijoux"},"image":{"@id":"https:\/\/recover.lajunglebijoux.com\/es\/#\/schema\/logo\/image\/"}}]}},"_links":{"self":[{"href":"http:\/\/recover.lajunglebijoux.com\/es\/wp-json\/wp\/v2\/product\/8136","targetHints":{"allow":["GET"]}}],"collection":[{"href":"http:\/\/recover.lajunglebijoux.com\/es\/wp-json\/wp\/v2\/product"}],"about":[{"href":"http:\/\/recover.lajunglebijoux.com\/es\/wp-json\/wp\/v2\/types\/product"}],"replies":[{"embeddable":true,"href":"http:\/\/recover.lajunglebijoux.com\/es\/wp-json\/wp\/v2\/comments?post=8136"}],"wp:featuredmedia":[{"embeddable":true,"href":"http:\/\/recover.lajunglebijoux.com\/es\/wp-json\/wp\/v2\/media\/4937"}],"wp:attachment":[{"href":"http:\/\/recover.lajunglebijoux.com\/es\/wp-json\/wp\/v2\/media?parent=8136"}],"wp:term":[{"taxonomy":"product_cat","embeddable":true,"href":"http:\/\/recover.lajunglebijoux.com\/es\/wp-json\/wp\/v2\/product_cat?post=8136"},{"taxonomy":"product_tag","embeddable":true,"href":"http:\/\/recover.lajunglebijoux.com\/es\/wp-json\/wp\/v2\/product_tag?post=8136"}],"curies":[{"name":"wp","href":"https:\/\/api.w.org\/{rel}","templated":true}]}}