{"id":8128,"date":"2022-11-16T12:07:06","date_gmt":"2022-11-16T10:07:06","guid":{"rendered":"https:\/\/recover.lajunglebijoux.com\/product\/collier-or-fern\/"},"modified":"2023-05-22T11:17:53","modified_gmt":"2023-05-22T11:17:53","slug":"collar-fern-oro","status":"publish","type":"product","link":"http:\/\/recover.lajunglebijoux.com\/es\/producto\/collar-fern-oro\/","title":{"rendered":"FERN collar oro"},"content":{"rendered":"","protected":false},"excerpt":{"rendered":"<p>Collar helecho calathea sobre cadena de 40 cm de longitud + 5 cm de cadena de extensi\u00f3n. Oro de 24 quilates sobre base de lat\u00f3n. Colecci\u00f3n en colaboraci\u00f3n con la tienda de plantas at\u00edpicas de Barcelona : Casa Pampa Fern plant necklace on 40 cm long chain + 5 cm extension chain. 24 carat gold on brass base. Collection in collaboration with the atypical plant shop in Barcelona : Casa Pampa<\/p>\n","protected":false},"featured_media":2963,"comment_status":"open","ping_status":"closed","template":"","meta":{"_acf_changed":false},"product_cat":[66],"product_tag":[],"class_list":{"0":"post-8128","1":"product","2":"type-product","3":"status-publish","4":"has-post-thumbnail","6":"product_cat-casa-pampa-es","7":"pa_modele-collares","8":"pa_theme-joyas-naturaleza","10":"first","11":"instock","12":"shipping-taxable","13":"purchasable","14":"product-type-simple"},"acf":[],"yoast_head":"<!-- This site is optimized with the Yoast SEO plugin v23.3 - https:\/\/yoast.com\/wordpress\/plugins\/seo\/ -->\n<title>FERN collar oro - La Jungle Bijoux<\/title>\n<meta name=\"description\" content=\"Descubra nuestro collar helecho con un colgante de hoja de helecho de oro fino montado en una cadena de 40 cm. Hecho a mano.\" \/>\n<meta name=\"robots\" content=\"index, follow, max-snippet:-1, max-image-preview:large, max-video-preview:-1\" \/>\n<link rel=\"canonical\" href=\"http:\/\/recover.lajunglebijoux.com\/es\/producto\/collar-fern-oro\/\" \/>\n<meta property=\"og:locale\" content=\"es_ES\" \/>\n<meta property=\"og:type\" content=\"article\" \/>\n<meta property=\"og:title\" content=\"FERN collar oro - La Jungle Bijoux\" \/>\n<meta property=\"og:description\" content=\"Descubra nuestro collar helecho con un colgante de hoja de helecho de oro fino montado en una cadena de 40 cm. Hecho a mano.\" \/>\n<meta property=\"og:url\" content=\"http:\/\/recover.lajunglebijoux.com\/es\/producto\/collar-fern-oro\/\" \/>\n<meta property=\"og:site_name\" content=\"La Jungle Bijoux\" \/>\n<meta property=\"article:modified_time\" content=\"2023-05-22T11:17:53+00:00\" \/>\n<meta property=\"og:image\" content=\"http:\/\/recover.lajunglebijoux.com\/wp-content\/uploads\/2022\/11\/IMG_20210601_151149.jpg\" \/>\n\t<meta property=\"og:image:width\" content=\"2952\" \/>\n\t<meta property=\"og:image:height\" content=\"2952\" \/>\n\t<meta property=\"og:image:type\" content=\"image\/jpeg\" \/>\n<meta name=\"twitter:card\" content=\"summary_large_image\" \/>\n<script type=\"application\/ld+json\" class=\"yoast-schema-graph\">{\"@context\":\"https:\/\/schema.org\",\"@graph\":[{\"@type\":\"WebPage\",\"@id\":\"http:\/\/recover.lajunglebijoux.com\/es\/producto\/collar-fern-oro\/\",\"url\":\"http:\/\/recover.lajunglebijoux.com\/es\/producto\/collar-fern-oro\/\",\"name\":\"FERN collar oro - La Jungle Bijoux\",\"isPartOf\":{\"@id\":\"http:\/\/recover.lajunglebijoux.com\/es\/#website\"},\"primaryImageOfPage\":{\"@id\":\"http:\/\/recover.lajunglebijoux.com\/es\/producto\/collar-fern-oro\/#primaryimage\"},\"image\":{\"@id\":\"http:\/\/recover.lajunglebijoux.com\/es\/producto\/collar-fern-oro\/#primaryimage\"},\"thumbnailUrl\":\"http:\/\/recover.lajunglebijoux.com\/wp-content\/uploads\/2022\/11\/IMG_20210601_151149.jpg\",\"datePublished\":\"2022-11-16T10:07:06+00:00\",\"dateModified\":\"2023-05-22T11:17:53+00:00\",\"description\":\"Descubra nuestro collar helecho con un colgante de hoja de helecho de oro fino montado en una cadena de 40 cm. Hecho a mano.\",\"breadcrumb\":{\"@id\":\"http:\/\/recover.lajunglebijoux.com\/es\/producto\/collar-fern-oro\/#breadcrumb\"},\"inLanguage\":\"es\",\"potentialAction\":[{\"@type\":\"ReadAction\",\"target\":[\"http:\/\/recover.lajunglebijoux.com\/es\/producto\/collar-fern-oro\/\"]}]},{\"@type\":\"ImageObject\",\"inLanguage\":\"es\",\"@id\":\"http:\/\/recover.lajunglebijoux.com\/es\/producto\/collar-fern-oro\/#primaryimage\",\"url\":\"http:\/\/recover.lajunglebijoux.com\/wp-content\/uploads\/2022\/11\/IMG_20210601_151149.jpg\",\"contentUrl\":\"http:\/\/recover.lajunglebijoux.com\/wp-content\/uploads\/2022\/11\/IMG_20210601_151149.jpg\",\"width\":2952,\"height\":2952},{\"@type\":\"BreadcrumbList\",\"@id\":\"http:\/\/recover.lajunglebijoux.com\/es\/producto\/collar-fern-oro\/#breadcrumb\",\"itemListElement\":[{\"@type\":\"ListItem\",\"position\":1,\"name\":\"Portada\",\"item\":\"http:\/\/recover.lajunglebijoux.com\/es\/\"},{\"@type\":\"ListItem\",\"position\":2,\"name\":\"Tienda\",\"item\":\"http:\/\/recover.lajunglebijoux.com\/es\/tienda\/\"},{\"@type\":\"ListItem\",\"position\":3,\"name\":\"FERN collar oro\"}]},{\"@type\":\"WebSite\",\"@id\":\"http:\/\/recover.lajunglebijoux.com\/es\/#website\",\"url\":\"http:\/\/recover.lajunglebijoux.com\/es\/\",\"name\":\"La Jungle Bijoux\",\"description\":\"\",\"publisher\":{\"@id\":\"http:\/\/recover.lajunglebijoux.com\/es\/#organization\"},\"potentialAction\":[{\"@type\":\"SearchAction\",\"target\":{\"@type\":\"EntryPoint\",\"urlTemplate\":\"http:\/\/recover.lajunglebijoux.com\/es\/?s={search_term_string}\"},\"query-input\":\"required name=search_term_string\"}],\"inLanguage\":\"es\"},{\"@type\":\"Organization\",\"@id\":\"http:\/\/recover.lajunglebijoux.com\/es\/#organization\",\"name\":\"La Jungle Bijoux\",\"url\":\"http:\/\/recover.lajunglebijoux.com\/es\/\",\"logo\":{\"@type\":\"ImageObject\",\"inLanguage\":\"es\",\"@id\":\"http:\/\/recover.lajunglebijoux.com\/es\/#\/schema\/logo\/image\/\",\"url\":\"http:\/\/recover.lajunglebijoux.com\/wp-content\/uploads\/2023\/01\/LOGO-FINAL-Fonce.jpg\",\"contentUrl\":\"http:\/\/recover.lajunglebijoux.com\/wp-content\/uploads\/2023\/01\/LOGO-FINAL-Fonce.jpg\",\"width\":900,\"height\":900,\"caption\":\"La Jungle Bijoux\"},\"image\":{\"@id\":\"http:\/\/recover.lajunglebijoux.com\/es\/#\/schema\/logo\/image\/\"}}]}<\/script>\n<!-- \/ Yoast SEO plugin. -->","yoast_head_json":{"title":"FERN collar oro - La Jungle Bijoux","description":"Descubra nuestro collar helecho con un colgante de hoja de helecho de oro fino montado en una cadena de 40 cm. Hecho a mano.","robots":{"index":"index","follow":"follow","max-snippet":"max-snippet:-1","max-image-preview":"max-image-preview:large","max-video-preview":"max-video-preview:-1"},"canonical":"http:\/\/recover.lajunglebijoux.com\/es\/producto\/collar-fern-oro\/","og_locale":"es_ES","og_type":"article","og_title":"FERN collar oro - La Jungle Bijoux","og_description":"Descubra nuestro collar helecho con un colgante de hoja de helecho de oro fino montado en una cadena de 40 cm. Hecho a mano.","og_url":"http:\/\/recover.lajunglebijoux.com\/es\/producto\/collar-fern-oro\/","og_site_name":"La Jungle Bijoux","article_modified_time":"2023-05-22T11:17:53+00:00","og_image":[{"width":2952,"height":2952,"url":"http:\/\/recover.lajunglebijoux.com\/wp-content\/uploads\/2022\/11\/IMG_20210601_151149.jpg","type":"image\/jpeg"}],"twitter_card":"summary_large_image","schema":{"@context":"https:\/\/schema.org","@graph":[{"@type":"WebPage","@id":"http:\/\/recover.lajunglebijoux.com\/es\/producto\/collar-fern-oro\/","url":"http:\/\/recover.lajunglebijoux.com\/es\/producto\/collar-fern-oro\/","name":"FERN collar oro - La Jungle Bijoux","isPartOf":{"@id":"http:\/\/recover.lajunglebijoux.com\/es\/#website"},"primaryImageOfPage":{"@id":"http:\/\/recover.lajunglebijoux.com\/es\/producto\/collar-fern-oro\/#primaryimage"},"image":{"@id":"http:\/\/recover.lajunglebijoux.com\/es\/producto\/collar-fern-oro\/#primaryimage"},"thumbnailUrl":"http:\/\/recover.lajunglebijoux.com\/wp-content\/uploads\/2022\/11\/IMG_20210601_151149.jpg","datePublished":"2022-11-16T10:07:06+00:00","dateModified":"2023-05-22T11:17:53+00:00","description":"Descubra nuestro collar helecho con un colgante de hoja de helecho de oro fino montado en una cadena de 40 cm. Hecho a mano.","breadcrumb":{"@id":"http:\/\/recover.lajunglebijoux.com\/es\/producto\/collar-fern-oro\/#breadcrumb"},"inLanguage":"es","potentialAction":[{"@type":"ReadAction","target":["http:\/\/recover.lajunglebijoux.com\/es\/producto\/collar-fern-oro\/"]}]},{"@type":"ImageObject","inLanguage":"es","@id":"http:\/\/recover.lajunglebijoux.com\/es\/producto\/collar-fern-oro\/#primaryimage","url":"http:\/\/recover.lajunglebijoux.com\/wp-content\/uploads\/2022\/11\/IMG_20210601_151149.jpg","contentUrl":"http:\/\/recover.lajunglebijoux.com\/wp-content\/uploads\/2022\/11\/IMG_20210601_151149.jpg","width":2952,"height":2952},{"@type":"BreadcrumbList","@id":"http:\/\/recover.lajunglebijoux.com\/es\/producto\/collar-fern-oro\/#breadcrumb","itemListElement":[{"@type":"ListItem","position":1,"name":"Portada","item":"http:\/\/recover.lajunglebijoux.com\/es\/"},{"@type":"ListItem","position":2,"name":"Tienda","item":"http:\/\/recover.lajunglebijoux.com\/es\/tienda\/"},{"@type":"ListItem","position":3,"name":"FERN collar oro"}]},{"@type":"WebSite","@id":"http:\/\/recover.lajunglebijoux.com\/es\/#website","url":"http:\/\/recover.lajunglebijoux.com\/es\/","name":"La Jungle Bijoux","description":"","publisher":{"@id":"http:\/\/recover.lajunglebijoux.com\/es\/#organization"},"potentialAction":[{"@type":"SearchAction","target":{"@type":"EntryPoint","urlTemplate":"http:\/\/recover.lajunglebijoux.com\/es\/?s={search_term_string}"},"query-input":"required name=search_term_string"}],"inLanguage":"es"},{"@type":"Organization","@id":"http:\/\/recover.lajunglebijoux.com\/es\/#organization","name":"La Jungle Bijoux","url":"http:\/\/recover.lajunglebijoux.com\/es\/","logo":{"@type":"ImageObject","inLanguage":"es","@id":"http:\/\/recover.lajunglebijoux.com\/es\/#\/schema\/logo\/image\/","url":"http:\/\/recover.lajunglebijoux.com\/wp-content\/uploads\/2023\/01\/LOGO-FINAL-Fonce.jpg","contentUrl":"http:\/\/recover.lajunglebijoux.com\/wp-content\/uploads\/2023\/01\/LOGO-FINAL-Fonce.jpg","width":900,"height":900,"caption":"La Jungle Bijoux"},"image":{"@id":"http:\/\/recover.lajunglebijoux.com\/es\/#\/schema\/logo\/image\/"}}]}},"_links":{"self":[{"href":"http:\/\/recover.lajunglebijoux.com\/es\/wp-json\/wp\/v2\/product\/8128","targetHints":{"allow":["GET"]}}],"collection":[{"href":"http:\/\/recover.lajunglebijoux.com\/es\/wp-json\/wp\/v2\/product"}],"about":[{"href":"http:\/\/recover.lajunglebijoux.com\/es\/wp-json\/wp\/v2\/types\/product"}],"replies":[{"embeddable":true,"href":"http:\/\/recover.lajunglebijoux.com\/es\/wp-json\/wp\/v2\/comments?post=8128"}],"wp:featuredmedia":[{"embeddable":true,"href":"http:\/\/recover.lajunglebijoux.com\/es\/wp-json\/wp\/v2\/media\/2963"}],"wp:attachment":[{"href":"http:\/\/recover.lajunglebijoux.com\/es\/wp-json\/wp\/v2\/media?parent=8128"}],"wp:term":[{"taxonomy":"product_cat","embeddable":true,"href":"http:\/\/recover.lajunglebijoux.com\/es\/wp-json\/wp\/v2\/product_cat?post=8128"},{"taxonomy":"product_tag","embeddable":true,"href":"http:\/\/recover.lajunglebijoux.com\/es\/wp-json\/wp\/v2\/product_tag?post=8128"}],"curies":[{"name":"wp","href":"https:\/\/api.w.org\/{rel}","templated":true}]}}