{"id":8118,"date":"2022-06-13T15:23:32","date_gmt":"2022-06-13T13:23:32","guid":{"rendered":"https:\/\/recover.lajunglebijoux.com\/product\/bague-feuille-or\/"},"modified":"2023-05-22T10:26:35","modified_gmt":"2023-05-22T10:26:35","slug":"anillo-hoja-oro","status":"publish","type":"product","link":"http:\/\/recover.lajunglebijoux.com\/es\/producto\/anillo-hoja-oro\/","title":{"rendered":"Anillo Monstera Deliciosa hoja &#8211; oro"},"content":{"rendered":"<h2>Le mot de Jen, cr\u00e9atrice de La Jungle Bijoux<\/h2>\n<p>Pour la cr\u00e9ation de cette bague en or, je me suis inspir\u00e9e de la nature, et plus particuli\u00e8rement de la Monstera Deliciosa, une plante australienne tr\u00e8s pr\u00e9sente dans nos int\u00e9rieurs. C\u2019est aussi une plante phare de la boutique barcelonaise Casa Pampa, avec qui j\u2019ai collabor\u00e9 pour cette collection de bijoux inspir\u00e9s de la nature.<\/p>\n<p>Je voulais un bijou intemporel et unisexe, et qui puisse rendre hommage \u00e0 la nature de fa\u00e7on originale. Avec ses grandes feuilles \u00e0 trou, la Monstera est une plante iconique que de nombreuses personnes ont adopt\u00e9 pour leur int\u00e9rieur. La bague Monstera Deliciosa apporte un v\u00e9ritable bol d\u2019air pur dans ma vie citadine. En portant la bague feuille Monstera Deliciosa argent, je t\u2019invite \u00e0 te reconnecter \u00e0 la nature et \u00e0 en admirer sa beaut\u00e9.<\/p>\n<h2>Comment porter la bague feuille Monstera Deliciosa en or<\/h2>\n<p>La bague v\u00e9g\u00e9tale Monstera Deliciosa peut se porter en parure avec les autres bijoux de la <a href=\"http:\/\/jkjpwtk.cluster026.hosting.ovh.net\/collection\/casa-pampa\/\">collection Casa Pampa<\/a>, comme le <a href=\"http:\/\/jkjpwtk.cluster026.hosting.ovh.net\/produit\/collier-monstera-variegata-or\/\">collier Monstera<\/a> et les <a href=\"http:\/\/jkjpwtk.cluster026.hosting.ovh.net\/produit\/creoles-or-monstera\/\">boucles d\u2019oreilles feuilles<\/a>. Tu peux l\u2019associer aussi \u00e0 d\u2019autres bagues qui mettront en valeur la feuille de monstera, comme la <a href=\"http:\/\/jkjpwtk.cluster026.hosting.ovh.net\/produit\/bague-geometrique-or\/\">bague Long Island<\/a>. La bague feuille Monstera Deliciosa apporte un twist original \u00e0 ton look !<\/p>\n","protected":false},"excerpt":{"rendered":"<p>El anillo ideal para los amantes de la naturaleza. Con el anillo dorado Hoja de Monstera Deliciosa, la naturaleza nunca te abandonar\u00e1. El anillo de oro Monstera Deliciosa forma parte de la colecci\u00f3n Casa Pampa, una colecci\u00f3n de joyas que rinde homenaje a las plantas y la naturaleza, creada en colaboraci\u00f3n con la original tienda de plantas Casa Pampa. El anillo de hoja est\u00e1 hecho a mano en el taller La Jungle de Barcelona. Dorado con oro fino de 1 micra, ofrece una gran resistencia y est\u00e1 garantizado. Con su tama\u00f1o ajustable, el anillo hoja Monstera Deliciosa har\u00e1 las delicias de cualquier mano.<\/p>\n","protected":false},"featured_media":587,"comment_status":"open","ping_status":"closed","template":"","meta":{"_acf_changed":false},"product_cat":[140,66],"product_tag":[],"class_list":{"0":"post-8118","1":"product","2":"type-product","3":"status-publish","4":"has-post-thumbnail","6":"product_cat-little-shape-of-memories-es","7":"product_cat-casa-pampa-es","8":"pa_modele-anillos","9":"pa_theme-joyas-naturaleza","11":"first","12":"instock","13":"shipping-taxable","14":"purchasable","15":"product-type-simple"},"acf":[],"yoast_head":"<!-- This site is optimized with the Yoast SEO plugin v23.3 - https:\/\/yoast.com\/wordpress\/plugins\/seo\/ -->\n<title>Anillo Monstera Deliciosa hoja - oro - La Jungle Bijoux<\/title>\n<meta name=\"description\" content=\"Adopte el anillo hoja de Monstera Deliciosa en oro para una joya tropical y original. Hecho a mano en Barcelona por la dise\u00f1adora francesa Jen&#039;.\" \/>\n<meta name=\"robots\" content=\"index, follow, max-snippet:-1, max-image-preview:large, max-video-preview:-1\" \/>\n<link rel=\"canonical\" href=\"http:\/\/recover.lajunglebijoux.com\/es\/producto\/anillo-hoja-oro\/\" \/>\n<meta property=\"og:locale\" content=\"es_ES\" \/>\n<meta property=\"og:type\" content=\"article\" \/>\n<meta property=\"og:title\" content=\"Anillo Monstera Deliciosa hoja - oro - La Jungle Bijoux\" \/>\n<meta property=\"og:description\" content=\"Adopte el anillo hoja de Monstera Deliciosa en oro para una joya tropical y original. Hecho a mano en Barcelona por la dise\u00f1adora francesa Jen&#039;.\" \/>\n<meta property=\"og:url\" content=\"http:\/\/recover.lajunglebijoux.com\/es\/producto\/anillo-hoja-oro\/\" \/>\n<meta property=\"og:site_name\" content=\"La Jungle Bijoux\" \/>\n<meta property=\"article:modified_time\" content=\"2023-05-22T10:26:35+00:00\" \/>\n<meta property=\"og:image\" content=\"http:\/\/recover.lajunglebijoux.com\/wp-content\/uploads\/2022\/06\/monstera-couverture-scaled.jpg\" \/>\n\t<meta property=\"og:image:width\" content=\"2816\" \/>\n\t<meta property=\"og:image:height\" content=\"1880\" \/>\n\t<meta property=\"og:image:type\" content=\"image\/jpeg\" \/>\n<meta name=\"twitter:card\" content=\"summary_large_image\" \/>\n<meta name=\"twitter:label1\" content=\"Tiempo de lectura\" \/>\n\t<meta name=\"twitter:data1\" content=\"2 minutos\" \/>\n<script type=\"application\/ld+json\" class=\"yoast-schema-graph\">{\"@context\":\"https:\/\/schema.org\",\"@graph\":[{\"@type\":\"WebPage\",\"@id\":\"http:\/\/recover.lajunglebijoux.com\/es\/producto\/anillo-hoja-oro\/\",\"url\":\"http:\/\/recover.lajunglebijoux.com\/es\/producto\/anillo-hoja-oro\/\",\"name\":\"Anillo Monstera Deliciosa hoja - oro - La Jungle Bijoux\",\"isPartOf\":{\"@id\":\"http:\/\/recover.lajunglebijoux.com\/es\/#website\"},\"primaryImageOfPage\":{\"@id\":\"http:\/\/recover.lajunglebijoux.com\/es\/producto\/anillo-hoja-oro\/#primaryimage\"},\"image\":{\"@id\":\"http:\/\/recover.lajunglebijoux.com\/es\/producto\/anillo-hoja-oro\/#primaryimage\"},\"thumbnailUrl\":\"http:\/\/recover.lajunglebijoux.com\/wp-content\/uploads\/2022\/06\/monstera-couverture-scaled.jpg\",\"datePublished\":\"2022-06-13T13:23:32+00:00\",\"dateModified\":\"2023-05-22T10:26:35+00:00\",\"description\":\"Adopte el anillo hoja de Monstera Deliciosa en oro para una joya tropical y original. Hecho a mano en Barcelona por la dise\u00f1adora francesa Jen'.\",\"breadcrumb\":{\"@id\":\"http:\/\/recover.lajunglebijoux.com\/es\/producto\/anillo-hoja-oro\/#breadcrumb\"},\"inLanguage\":\"es\",\"potentialAction\":[{\"@type\":\"ReadAction\",\"target\":[\"http:\/\/recover.lajunglebijoux.com\/es\/producto\/anillo-hoja-oro\/\"]}]},{\"@type\":\"ImageObject\",\"inLanguage\":\"es\",\"@id\":\"http:\/\/recover.lajunglebijoux.com\/es\/producto\/anillo-hoja-oro\/#primaryimage\",\"url\":\"http:\/\/recover.lajunglebijoux.com\/wp-content\/uploads\/2022\/06\/monstera-couverture-scaled.jpg\",\"contentUrl\":\"http:\/\/recover.lajunglebijoux.com\/wp-content\/uploads\/2022\/06\/monstera-couverture-scaled.jpg\",\"width\":2816,\"height\":1880},{\"@type\":\"BreadcrumbList\",\"@id\":\"http:\/\/recover.lajunglebijoux.com\/es\/producto\/anillo-hoja-oro\/#breadcrumb\",\"itemListElement\":[{\"@type\":\"ListItem\",\"position\":1,\"name\":\"Portada\",\"item\":\"http:\/\/recover.lajunglebijoux.com\/es\/\"},{\"@type\":\"ListItem\",\"position\":2,\"name\":\"Tienda\",\"item\":\"http:\/\/recover.lajunglebijoux.com\/es\/tienda\/\"},{\"@type\":\"ListItem\",\"position\":3,\"name\":\"Anillo Monstera Deliciosa hoja &#8211; oro\"}]},{\"@type\":\"WebSite\",\"@id\":\"http:\/\/recover.lajunglebijoux.com\/es\/#website\",\"url\":\"http:\/\/recover.lajunglebijoux.com\/es\/\",\"name\":\"La Jungle Bijoux\",\"description\":\"\",\"publisher\":{\"@id\":\"http:\/\/recover.lajunglebijoux.com\/es\/#organization\"},\"potentialAction\":[{\"@type\":\"SearchAction\",\"target\":{\"@type\":\"EntryPoint\",\"urlTemplate\":\"http:\/\/recover.lajunglebijoux.com\/es\/?s={search_term_string}\"},\"query-input\":\"required name=search_term_string\"}],\"inLanguage\":\"es\"},{\"@type\":\"Organization\",\"@id\":\"http:\/\/recover.lajunglebijoux.com\/es\/#organization\",\"name\":\"La Jungle Bijoux\",\"url\":\"http:\/\/recover.lajunglebijoux.com\/es\/\",\"logo\":{\"@type\":\"ImageObject\",\"inLanguage\":\"es\",\"@id\":\"http:\/\/recover.lajunglebijoux.com\/es\/#\/schema\/logo\/image\/\",\"url\":\"http:\/\/recover.lajunglebijoux.com\/wp-content\/uploads\/2023\/01\/LOGO-FINAL-Fonce.jpg\",\"contentUrl\":\"http:\/\/recover.lajunglebijoux.com\/wp-content\/uploads\/2023\/01\/LOGO-FINAL-Fonce.jpg\",\"width\":900,\"height\":900,\"caption\":\"La Jungle Bijoux\"},\"image\":{\"@id\":\"http:\/\/recover.lajunglebijoux.com\/es\/#\/schema\/logo\/image\/\"}}]}<\/script>\n<!-- \/ Yoast SEO plugin. -->","yoast_head_json":{"title":"Anillo Monstera Deliciosa hoja - oro - La Jungle Bijoux","description":"Adopte el anillo hoja de Monstera Deliciosa en oro para una joya tropical y original. Hecho a mano en Barcelona por la dise\u00f1adora francesa Jen'.","robots":{"index":"index","follow":"follow","max-snippet":"max-snippet:-1","max-image-preview":"max-image-preview:large","max-video-preview":"max-video-preview:-1"},"canonical":"http:\/\/recover.lajunglebijoux.com\/es\/producto\/anillo-hoja-oro\/","og_locale":"es_ES","og_type":"article","og_title":"Anillo Monstera Deliciosa hoja - oro - La Jungle Bijoux","og_description":"Adopte el anillo hoja de Monstera Deliciosa en oro para una joya tropical y original. Hecho a mano en Barcelona por la dise\u00f1adora francesa Jen'.","og_url":"http:\/\/recover.lajunglebijoux.com\/es\/producto\/anillo-hoja-oro\/","og_site_name":"La Jungle Bijoux","article_modified_time":"2023-05-22T10:26:35+00:00","og_image":[{"width":2816,"height":1880,"url":"http:\/\/recover.lajunglebijoux.com\/wp-content\/uploads\/2022\/06\/monstera-couverture-scaled.jpg","type":"image\/jpeg"}],"twitter_card":"summary_large_image","twitter_misc":{"Tiempo de lectura":"2 minutos"},"schema":{"@context":"https:\/\/schema.org","@graph":[{"@type":"WebPage","@id":"http:\/\/recover.lajunglebijoux.com\/es\/producto\/anillo-hoja-oro\/","url":"http:\/\/recover.lajunglebijoux.com\/es\/producto\/anillo-hoja-oro\/","name":"Anillo Monstera Deliciosa hoja - oro - La Jungle Bijoux","isPartOf":{"@id":"http:\/\/recover.lajunglebijoux.com\/es\/#website"},"primaryImageOfPage":{"@id":"http:\/\/recover.lajunglebijoux.com\/es\/producto\/anillo-hoja-oro\/#primaryimage"},"image":{"@id":"http:\/\/recover.lajunglebijoux.com\/es\/producto\/anillo-hoja-oro\/#primaryimage"},"thumbnailUrl":"http:\/\/recover.lajunglebijoux.com\/wp-content\/uploads\/2022\/06\/monstera-couverture-scaled.jpg","datePublished":"2022-06-13T13:23:32+00:00","dateModified":"2023-05-22T10:26:35+00:00","description":"Adopte el anillo hoja de Monstera Deliciosa en oro para una joya tropical y original. Hecho a mano en Barcelona por la dise\u00f1adora francesa Jen'.","breadcrumb":{"@id":"http:\/\/recover.lajunglebijoux.com\/es\/producto\/anillo-hoja-oro\/#breadcrumb"},"inLanguage":"es","potentialAction":[{"@type":"ReadAction","target":["http:\/\/recover.lajunglebijoux.com\/es\/producto\/anillo-hoja-oro\/"]}]},{"@type":"ImageObject","inLanguage":"es","@id":"http:\/\/recover.lajunglebijoux.com\/es\/producto\/anillo-hoja-oro\/#primaryimage","url":"http:\/\/recover.lajunglebijoux.com\/wp-content\/uploads\/2022\/06\/monstera-couverture-scaled.jpg","contentUrl":"http:\/\/recover.lajunglebijoux.com\/wp-content\/uploads\/2022\/06\/monstera-couverture-scaled.jpg","width":2816,"height":1880},{"@type":"BreadcrumbList","@id":"http:\/\/recover.lajunglebijoux.com\/es\/producto\/anillo-hoja-oro\/#breadcrumb","itemListElement":[{"@type":"ListItem","position":1,"name":"Portada","item":"http:\/\/recover.lajunglebijoux.com\/es\/"},{"@type":"ListItem","position":2,"name":"Tienda","item":"http:\/\/recover.lajunglebijoux.com\/es\/tienda\/"},{"@type":"ListItem","position":3,"name":"Anillo Monstera Deliciosa hoja &#8211; oro"}]},{"@type":"WebSite","@id":"http:\/\/recover.lajunglebijoux.com\/es\/#website","url":"http:\/\/recover.lajunglebijoux.com\/es\/","name":"La Jungle Bijoux","description":"","publisher":{"@id":"http:\/\/recover.lajunglebijoux.com\/es\/#organization"},"potentialAction":[{"@type":"SearchAction","target":{"@type":"EntryPoint","urlTemplate":"http:\/\/recover.lajunglebijoux.com\/es\/?s={search_term_string}"},"query-input":"required name=search_term_string"}],"inLanguage":"es"},{"@type":"Organization","@id":"http:\/\/recover.lajunglebijoux.com\/es\/#organization","name":"La Jungle Bijoux","url":"http:\/\/recover.lajunglebijoux.com\/es\/","logo":{"@type":"ImageObject","inLanguage":"es","@id":"http:\/\/recover.lajunglebijoux.com\/es\/#\/schema\/logo\/image\/","url":"http:\/\/recover.lajunglebijoux.com\/wp-content\/uploads\/2023\/01\/LOGO-FINAL-Fonce.jpg","contentUrl":"http:\/\/recover.lajunglebijoux.com\/wp-content\/uploads\/2023\/01\/LOGO-FINAL-Fonce.jpg","width":900,"height":900,"caption":"La Jungle Bijoux"},"image":{"@id":"http:\/\/recover.lajunglebijoux.com\/es\/#\/schema\/logo\/image\/"}}]}},"_links":{"self":[{"href":"http:\/\/recover.lajunglebijoux.com\/es\/wp-json\/wp\/v2\/product\/8118","targetHints":{"allow":["GET"]}}],"collection":[{"href":"http:\/\/recover.lajunglebijoux.com\/es\/wp-json\/wp\/v2\/product"}],"about":[{"href":"http:\/\/recover.lajunglebijoux.com\/es\/wp-json\/wp\/v2\/types\/product"}],"replies":[{"embeddable":true,"href":"http:\/\/recover.lajunglebijoux.com\/es\/wp-json\/wp\/v2\/comments?post=8118"}],"wp:featuredmedia":[{"embeddable":true,"href":"http:\/\/recover.lajunglebijoux.com\/es\/wp-json\/wp\/v2\/media\/587"}],"wp:attachment":[{"href":"http:\/\/recover.lajunglebijoux.com\/es\/wp-json\/wp\/v2\/media?parent=8118"}],"wp:term":[{"taxonomy":"product_cat","embeddable":true,"href":"http:\/\/recover.lajunglebijoux.com\/es\/wp-json\/wp\/v2\/product_cat?post=8118"},{"taxonomy":"product_tag","embeddable":true,"href":"http:\/\/recover.lajunglebijoux.com\/es\/wp-json\/wp\/v2\/product_tag?post=8118"}],"curies":[{"name":"wp","href":"https:\/\/api.w.org\/{rel}","templated":true}]}}