{"id":7836,"date":"2022-09-07T14:12:48","date_gmt":"2022-09-07T12:12:48","guid":{"rendered":"http:\/\/jkjpwtk.cluster026.hosting.ovh.net\/product\/bague-coeur-or\/"},"modified":"2024-03-11T17:17:35","modified_gmt":"2024-03-11T15:17:35","slug":"bague-corazon-oro","status":"publish","type":"product","link":"http:\/\/recover.lajunglebijoux.com\/es\/producto\/bague-corazon-oro\/","title":{"rendered":"Anillo coraz\u00f3n de oro AMARSE"},"content":{"rendered":"<h2><b>Unas palabras de Jen, dise\u00f1adora de La Jungle Joyas<\/b><\/h2>\n<p><span style=\"font-weight: 400;\">Con el anillo coraz\u00f3n de oro quer\u00eda simbolizar el amor incondicional hacia los dem\u00e1s y hacia uno mismo. Al llevar este anillo, te invito a aceptar tus propios defectos, debilidades y sombras, as\u00ed como los de los dem\u00e1s. Muestra empat\u00eda y tolerancia contigo mismo y con los dem\u00e1s. Recuerda que ante todo somos humanos. Mira tu relaci\u00f3n contigo mismo y con el mundo que te rodea desde el coraz\u00f3n.<\/span><\/p>\n<p><span style=\"font-weight: 400;\">Como ocurre con muchas de las joyas de La Jungle, para m\u00ed es importante explicar el proceso de creaci\u00f3n de este anillo. Pero da igual que elijas el anillo coraz\u00f3n porque te gusta el dise\u00f1o, \u00a1esa es la belleza de las joyas!<\/span><\/p>\n<p>&nbsp;<\/p>\n","protected":false},"excerpt":{"rendered":"<p><span style=\"font-weight: 400;\">Regala un poco de amor con el anillo de oro en forma de coraz\u00f3n Amarse. Este anillo en forma de coraz\u00f3n simboliza el aprendizaje del amor a uno mismo para poder amar a los dem\u00e1s. El anillo coraz\u00f3n est\u00e1 chapado en oro de 24 quilates de 3 micras de alta resistencia. Gracias a su tama\u00f1o ajustable, se adapta a todas las manos.<\/span><\/p>\n<p>&nbsp;<\/p>\n<p><span style=\"font-weight: 400;\">El anillo de oro en forma de coraz\u00f3n es el regalo ideal para demostrar su amor a alguien que le importa, pero tambi\u00e9n para regalarse a s\u00ed misma y recordarse que siempre hay que mimarse y quererse.<\/span><\/p>\n<p><a href=\"http:\/\/jkjpwtk.cluster026.hosting.ovh.net\/produit\/bague-coeur-argent\/\"><span style=\"font-weight: 400;\">Disponible en plata rodiada.<\/span><\/a><\/p>\n","protected":false},"featured_media":1760,"comment_status":"open","ping_status":"closed","template":"","meta":{"_acf_changed":false},"product_cat":[123],"product_tag":[],"class_list":{"0":"post-7836","1":"product","2":"type-product","3":"status-publish","4":"has-post-thumbnail","6":"product_cat-talisman-es","7":"pa_modele-anillos","8":"pa_theme-joyas-amor","9":"pa_theme-estilo-vintage","11":"first","12":"instock","13":"shipping-taxable","14":"purchasable","15":"product-type-simple"},"acf":[],"yoast_head":"<!-- This site is optimized with the Yoast SEO plugin v23.3 - https:\/\/yoast.com\/wordpress\/plugins\/seo\/ -->\n<title>Anillo coraz\u00f3n de oro AMARSE - La Jungle Bijoux<\/title>\n<meta name=\"description\" content=\"Reg\u00e1late un poco de amor con el anillo coraz\u00f3n de oro Amarse. Anillo en forma de coraz\u00f3n chapado en oro de 24 quilates.\" \/>\n<meta name=\"robots\" content=\"index, follow, max-snippet:-1, max-image-preview:large, max-video-preview:-1\" \/>\n<link rel=\"canonical\" href=\"http:\/\/recover.lajunglebijoux.com\/es\/producto\/bague-corazon-oro\/\" \/>\n<meta property=\"og:locale\" content=\"es_ES\" \/>\n<meta property=\"og:type\" content=\"article\" \/>\n<meta property=\"og:title\" content=\"Anillo coraz\u00f3n de oro AMARSE - La Jungle Bijoux\" \/>\n<meta property=\"og:description\" content=\"Reg\u00e1late un poco de amor con el anillo coraz\u00f3n de oro Amarse. Anillo en forma de coraz\u00f3n chapado en oro de 24 quilates.\" \/>\n<meta property=\"og:url\" content=\"http:\/\/recover.lajunglebijoux.com\/es\/producto\/bague-corazon-oro\/\" \/>\n<meta property=\"og:site_name\" content=\"La Jungle Bijoux\" \/>\n<meta property=\"article:modified_time\" content=\"2024-03-11T15:17:35+00:00\" \/>\n<meta property=\"og:image\" content=\"http:\/\/recover.lajunglebijoux.com\/wp-content\/uploads\/2022\/09\/IMG_20220826_094855.jpg\" \/>\n\t<meta property=\"og:image:width\" content=\"2848\" \/>\n\t<meta property=\"og:image:height\" content=\"2848\" \/>\n\t<meta property=\"og:image:type\" content=\"image\/jpeg\" \/>\n<meta name=\"twitter:card\" content=\"summary_large_image\" \/>\n<meta name=\"twitter:label1\" content=\"Tiempo de lectura\" \/>\n\t<meta name=\"twitter:data1\" content=\"1 minuto\" \/>\n<script type=\"application\/ld+json\" class=\"yoast-schema-graph\">{\"@context\":\"https:\/\/schema.org\",\"@graph\":[{\"@type\":\"WebPage\",\"@id\":\"http:\/\/recover.lajunglebijoux.com\/es\/producto\/bague-corazon-oro\/\",\"url\":\"http:\/\/recover.lajunglebijoux.com\/es\/producto\/bague-corazon-oro\/\",\"name\":\"Anillo coraz\u00f3n de oro AMARSE - La Jungle Bijoux\",\"isPartOf\":{\"@id\":\"https:\/\/recover.lajunglebijoux.com\/es\/#website\"},\"primaryImageOfPage\":{\"@id\":\"http:\/\/recover.lajunglebijoux.com\/es\/producto\/bague-corazon-oro\/#primaryimage\"},\"image\":{\"@id\":\"http:\/\/recover.lajunglebijoux.com\/es\/producto\/bague-corazon-oro\/#primaryimage\"},\"thumbnailUrl\":\"http:\/\/recover.lajunglebijoux.com\/wp-content\/uploads\/2022\/09\/IMG_20220826_094855.jpg\",\"datePublished\":\"2022-09-07T12:12:48+00:00\",\"dateModified\":\"2024-03-11T15:17:35+00:00\",\"description\":\"Reg\u00e1late un poco de amor con el anillo coraz\u00f3n de oro Amarse. Anillo en forma de coraz\u00f3n chapado en oro de 24 quilates.\",\"breadcrumb\":{\"@id\":\"http:\/\/recover.lajunglebijoux.com\/es\/producto\/bague-corazon-oro\/#breadcrumb\"},\"inLanguage\":\"es\",\"potentialAction\":[{\"@type\":\"ReadAction\",\"target\":[\"http:\/\/recover.lajunglebijoux.com\/es\/producto\/bague-corazon-oro\/\"]}]},{\"@type\":\"ImageObject\",\"inLanguage\":\"es\",\"@id\":\"http:\/\/recover.lajunglebijoux.com\/es\/producto\/bague-corazon-oro\/#primaryimage\",\"url\":\"http:\/\/recover.lajunglebijoux.com\/wp-content\/uploads\/2022\/09\/IMG_20220826_094855.jpg\",\"contentUrl\":\"http:\/\/recover.lajunglebijoux.com\/wp-content\/uploads\/2022\/09\/IMG_20220826_094855.jpg\",\"width\":2848,\"height\":2848},{\"@type\":\"BreadcrumbList\",\"@id\":\"http:\/\/recover.lajunglebijoux.com\/es\/producto\/bague-corazon-oro\/#breadcrumb\",\"itemListElement\":[{\"@type\":\"ListItem\",\"position\":1,\"name\":\"Portada\",\"item\":\"http:\/\/recover.lajunglebijoux.com\/es\/\"},{\"@type\":\"ListItem\",\"position\":2,\"name\":\"Tienda\",\"item\":\"http:\/\/recover.lajunglebijoux.com\/es\/tienda\/\"},{\"@type\":\"ListItem\",\"position\":3,\"name\":\"Anillo coraz\u00f3n de oro AMARSE\"}]},{\"@type\":\"WebSite\",\"@id\":\"https:\/\/recover.lajunglebijoux.com\/es\/#website\",\"url\":\"https:\/\/recover.lajunglebijoux.com\/es\/\",\"name\":\"La Jungle Bijoux\",\"description\":\"\",\"publisher\":{\"@id\":\"https:\/\/recover.lajunglebijoux.com\/es\/#organization\"},\"potentialAction\":[{\"@type\":\"SearchAction\",\"target\":{\"@type\":\"EntryPoint\",\"urlTemplate\":\"https:\/\/recover.lajunglebijoux.com\/es\/?s={search_term_string}\"},\"query-input\":\"required name=search_term_string\"}],\"inLanguage\":\"es\"},{\"@type\":\"Organization\",\"@id\":\"https:\/\/recover.lajunglebijoux.com\/es\/#organization\",\"name\":\"La Jungle Bijoux\",\"url\":\"https:\/\/recover.lajunglebijoux.com\/es\/\",\"logo\":{\"@type\":\"ImageObject\",\"inLanguage\":\"es\",\"@id\":\"https:\/\/recover.lajunglebijoux.com\/es\/#\/schema\/logo\/image\/\",\"url\":\"http:\/\/recover.lajunglebijoux.com\/wp-content\/uploads\/2023\/01\/LOGO-FINAL-Fonce.jpg\",\"contentUrl\":\"http:\/\/recover.lajunglebijoux.com\/wp-content\/uploads\/2023\/01\/LOGO-FINAL-Fonce.jpg\",\"width\":900,\"height\":900,\"caption\":\"La Jungle Bijoux\"},\"image\":{\"@id\":\"https:\/\/recover.lajunglebijoux.com\/es\/#\/schema\/logo\/image\/\"}}]}<\/script>\n<!-- \/ Yoast SEO plugin. -->","yoast_head_json":{"title":"Anillo coraz\u00f3n de oro AMARSE - La Jungle Bijoux","description":"Reg\u00e1late un poco de amor con el anillo coraz\u00f3n de oro Amarse. Anillo en forma de coraz\u00f3n chapado en oro de 24 quilates.","robots":{"index":"index","follow":"follow","max-snippet":"max-snippet:-1","max-image-preview":"max-image-preview:large","max-video-preview":"max-video-preview:-1"},"canonical":"http:\/\/recover.lajunglebijoux.com\/es\/producto\/bague-corazon-oro\/","og_locale":"es_ES","og_type":"article","og_title":"Anillo coraz\u00f3n de oro AMARSE - La Jungle Bijoux","og_description":"Reg\u00e1late un poco de amor con el anillo coraz\u00f3n de oro Amarse. Anillo en forma de coraz\u00f3n chapado en oro de 24 quilates.","og_url":"http:\/\/recover.lajunglebijoux.com\/es\/producto\/bague-corazon-oro\/","og_site_name":"La Jungle Bijoux","article_modified_time":"2024-03-11T15:17:35+00:00","og_image":[{"width":2848,"height":2848,"url":"http:\/\/recover.lajunglebijoux.com\/wp-content\/uploads\/2022\/09\/IMG_20220826_094855.jpg","type":"image\/jpeg"}],"twitter_card":"summary_large_image","twitter_misc":{"Tiempo de lectura":"1 minuto"},"schema":{"@context":"https:\/\/schema.org","@graph":[{"@type":"WebPage","@id":"http:\/\/recover.lajunglebijoux.com\/es\/producto\/bague-corazon-oro\/","url":"http:\/\/recover.lajunglebijoux.com\/es\/producto\/bague-corazon-oro\/","name":"Anillo coraz\u00f3n de oro AMARSE - La Jungle Bijoux","isPartOf":{"@id":"https:\/\/recover.lajunglebijoux.com\/es\/#website"},"primaryImageOfPage":{"@id":"http:\/\/recover.lajunglebijoux.com\/es\/producto\/bague-corazon-oro\/#primaryimage"},"image":{"@id":"http:\/\/recover.lajunglebijoux.com\/es\/producto\/bague-corazon-oro\/#primaryimage"},"thumbnailUrl":"http:\/\/recover.lajunglebijoux.com\/wp-content\/uploads\/2022\/09\/IMG_20220826_094855.jpg","datePublished":"2022-09-07T12:12:48+00:00","dateModified":"2024-03-11T15:17:35+00:00","description":"Reg\u00e1late un poco de amor con el anillo coraz\u00f3n de oro Amarse. Anillo en forma de coraz\u00f3n chapado en oro de 24 quilates.","breadcrumb":{"@id":"http:\/\/recover.lajunglebijoux.com\/es\/producto\/bague-corazon-oro\/#breadcrumb"},"inLanguage":"es","potentialAction":[{"@type":"ReadAction","target":["http:\/\/recover.lajunglebijoux.com\/es\/producto\/bague-corazon-oro\/"]}]},{"@type":"ImageObject","inLanguage":"es","@id":"http:\/\/recover.lajunglebijoux.com\/es\/producto\/bague-corazon-oro\/#primaryimage","url":"http:\/\/recover.lajunglebijoux.com\/wp-content\/uploads\/2022\/09\/IMG_20220826_094855.jpg","contentUrl":"http:\/\/recover.lajunglebijoux.com\/wp-content\/uploads\/2022\/09\/IMG_20220826_094855.jpg","width":2848,"height":2848},{"@type":"BreadcrumbList","@id":"http:\/\/recover.lajunglebijoux.com\/es\/producto\/bague-corazon-oro\/#breadcrumb","itemListElement":[{"@type":"ListItem","position":1,"name":"Portada","item":"http:\/\/recover.lajunglebijoux.com\/es\/"},{"@type":"ListItem","position":2,"name":"Tienda","item":"http:\/\/recover.lajunglebijoux.com\/es\/tienda\/"},{"@type":"ListItem","position":3,"name":"Anillo coraz\u00f3n de oro AMARSE"}]},{"@type":"WebSite","@id":"https:\/\/recover.lajunglebijoux.com\/es\/#website","url":"https:\/\/recover.lajunglebijoux.com\/es\/","name":"La Jungle Bijoux","description":"","publisher":{"@id":"https:\/\/recover.lajunglebijoux.com\/es\/#organization"},"potentialAction":[{"@type":"SearchAction","target":{"@type":"EntryPoint","urlTemplate":"https:\/\/recover.lajunglebijoux.com\/es\/?s={search_term_string}"},"query-input":"required name=search_term_string"}],"inLanguage":"es"},{"@type":"Organization","@id":"https:\/\/recover.lajunglebijoux.com\/es\/#organization","name":"La Jungle Bijoux","url":"https:\/\/recover.lajunglebijoux.com\/es\/","logo":{"@type":"ImageObject","inLanguage":"es","@id":"https:\/\/recover.lajunglebijoux.com\/es\/#\/schema\/logo\/image\/","url":"http:\/\/recover.lajunglebijoux.com\/wp-content\/uploads\/2023\/01\/LOGO-FINAL-Fonce.jpg","contentUrl":"http:\/\/recover.lajunglebijoux.com\/wp-content\/uploads\/2023\/01\/LOGO-FINAL-Fonce.jpg","width":900,"height":900,"caption":"La Jungle Bijoux"},"image":{"@id":"https:\/\/recover.lajunglebijoux.com\/es\/#\/schema\/logo\/image\/"}}]}},"_links":{"self":[{"href":"http:\/\/recover.lajunglebijoux.com\/es\/wp-json\/wp\/v2\/product\/7836","targetHints":{"allow":["GET"]}}],"collection":[{"href":"http:\/\/recover.lajunglebijoux.com\/es\/wp-json\/wp\/v2\/product"}],"about":[{"href":"http:\/\/recover.lajunglebijoux.com\/es\/wp-json\/wp\/v2\/types\/product"}],"replies":[{"embeddable":true,"href":"http:\/\/recover.lajunglebijoux.com\/es\/wp-json\/wp\/v2\/comments?post=7836"}],"wp:featuredmedia":[{"embeddable":true,"href":"http:\/\/recover.lajunglebijoux.com\/es\/wp-json\/wp\/v2\/media\/1760"}],"wp:attachment":[{"href":"http:\/\/recover.lajunglebijoux.com\/es\/wp-json\/wp\/v2\/media?parent=7836"}],"wp:term":[{"taxonomy":"product_cat","embeddable":true,"href":"http:\/\/recover.lajunglebijoux.com\/es\/wp-json\/wp\/v2\/product_cat?post=7836"},{"taxonomy":"product_tag","embeddable":true,"href":"http:\/\/recover.lajunglebijoux.com\/es\/wp-json\/wp\/v2\/product_tag?post=7836"}],"curies":[{"name":"wp","href":"https:\/\/api.w.org\/{rel}","templated":true}]}}