{"id":7834,"date":"2022-09-07T13:42:50","date_gmt":"2022-09-07T11:42:50","guid":{"rendered":"http:\/\/jkjpwtk.cluster026.hosting.ovh.net\/product\/bague-fleur-lotus-or\/"},"modified":"2023-04-17T15:50:55","modified_gmt":"2023-04-17T15:50:55","slug":"bague-flor-loto-oro","status":"publish","type":"product","link":"http:\/\/recover.lajunglebijoux.com\/es\/producto\/bague-flor-loto-oro\/","title":{"rendered":"Anillo Flor de Loto Esperanza de Oro"},"content":{"rendered":"<h2><b>Unas palabras de Jen, dise\u00f1adora de La Jungle Joyas<\/b><\/h2>\n<p><span style=\"font-weight: 400;\">Para el anillo Esperanza, eleg\u00ed el s\u00edmbolo de la flor de loto, que es un s\u00edmbolo de renacimiento. El loto es una flor muy interesante porque puede desaparecer durante varios a\u00f1os antes de renacer. Es la flor de la pureza, el desapego y la devoci\u00f3n. Al llevar el Anillo Flor de Loto Esperanza en oro, te invito a dejar ir tus creencias limitantes para encontrar la plenitud en tu vida y en tu alma. Este anillo de oro es el regalo perfecto para las mujeres que desean un cambio positivo en sus vidas.<\/span><\/p>\n","protected":false},"excerpt":{"rendered":"<p><span style=\"font-weight: 400;\">\u00a1Adopte una flor en joyer\u00eda! Descubra la delicadeza del anillo Hope flor de loto en oro. Iluminar\u00e1 su mano con un s\u00edmbolo fuerte: el del renacimiento.<\/span><\/p>\n<p><span style=\"font-weight: 400;\">Este anillo, chapado en oro de 24 quilates sobre lat\u00f3n y fabricado artesanalmente en Barcelona, se adapta a todos los dedos porque es ajustable, fino y c\u00f3modo.<\/span><\/p>\n<p><span style=\"font-weight: 400;\">El anillo de loto de oro es una joya femenina que realzar\u00e1 su mano. Es el regalo que hay que hacer a las mujeres a las que les gustan las joyas vegetales discretas y elegantes.<\/span><\/p>\n","protected":false},"featured_media":1747,"comment_status":"open","ping_status":"closed","template":"","meta":{"_acf_changed":false},"product_cat":[123],"product_tag":[],"class_list":{"0":"post-7834","1":"product","2":"type-product","3":"status-publish","4":"has-post-thumbnail","6":"product_cat-talisman-es","7":"pa_modele-anillos","8":"pa_theme-joyas-bienestar","9":"pa_theme-joyas-naturaleza","11":"first","12":"instock","13":"sale","14":"shipping-taxable","15":"purchasable","16":"product-type-simple"},"acf":[],"yoast_head":"<!-- This site is optimized with the Yoast SEO plugin v23.3 - https:\/\/yoast.com\/wordpress\/plugins\/seo\/ -->\n<title>Anillo Flor de Loto Esperanza de Oro - La Jungle Bijoux<\/title>\n<meta name=\"description\" content=\"\u00bfNecesitas un impulso? Descubre el anillo Esperanza flor de loto en oro. Esta joya de oro hecha a mano aportar\u00e1 luz a tu mano y a tu vida.\" \/>\n<meta name=\"robots\" content=\"index, follow, max-snippet:-1, max-image-preview:large, max-video-preview:-1\" \/>\n<link rel=\"canonical\" href=\"http:\/\/recover.lajunglebijoux.com\/es\/producto\/bague-flor-loto-oro\/\" \/>\n<meta property=\"og:locale\" content=\"es_ES\" \/>\n<meta property=\"og:type\" content=\"article\" \/>\n<meta property=\"og:title\" content=\"Anillo Flor de Loto Esperanza de Oro - La Jungle Bijoux\" \/>\n<meta property=\"og:description\" content=\"\u00bfNecesitas un impulso? Descubre el anillo Esperanza flor de loto en oro. Esta joya de oro hecha a mano aportar\u00e1 luz a tu mano y a tu vida.\" \/>\n<meta property=\"og:url\" content=\"http:\/\/recover.lajunglebijoux.com\/es\/producto\/bague-flor-loto-oro\/\" \/>\n<meta property=\"og:site_name\" content=\"La Jungle Bijoux\" \/>\n<meta property=\"article:modified_time\" content=\"2023-04-17T15:50:55+00:00\" \/>\n<meta property=\"og:image\" content=\"http:\/\/recover.lajunglebijoux.com\/wp-content\/uploads\/2022\/09\/IMG_20220826_094632.jpg\" \/>\n\t<meta property=\"og:image:width\" content=\"2365\" \/>\n\t<meta property=\"og:image:height\" content=\"2365\" \/>\n\t<meta property=\"og:image:type\" content=\"image\/jpeg\" \/>\n<meta name=\"twitter:card\" content=\"summary_large_image\" \/>\n<meta name=\"twitter:label1\" content=\"Tiempo de lectura\" \/>\n\t<meta name=\"twitter:data1\" content=\"1 minuto\" \/>\n<script type=\"application\/ld+json\" class=\"yoast-schema-graph\">{\"@context\":\"https:\/\/schema.org\",\"@graph\":[{\"@type\":\"WebPage\",\"@id\":\"http:\/\/recover.lajunglebijoux.com\/es\/producto\/bague-flor-loto-oro\/\",\"url\":\"http:\/\/recover.lajunglebijoux.com\/es\/producto\/bague-flor-loto-oro\/\",\"name\":\"Anillo Flor de Loto Esperanza de Oro - La Jungle Bijoux\",\"isPartOf\":{\"@id\":\"https:\/\/recover.lajunglebijoux.com\/es\/#website\"},\"primaryImageOfPage\":{\"@id\":\"http:\/\/recover.lajunglebijoux.com\/es\/producto\/bague-flor-loto-oro\/#primaryimage\"},\"image\":{\"@id\":\"http:\/\/recover.lajunglebijoux.com\/es\/producto\/bague-flor-loto-oro\/#primaryimage\"},\"thumbnailUrl\":\"http:\/\/recover.lajunglebijoux.com\/wp-content\/uploads\/2022\/09\/IMG_20220826_094632.jpg\",\"datePublished\":\"2022-09-07T11:42:50+00:00\",\"dateModified\":\"2023-04-17T15:50:55+00:00\",\"description\":\"\u00bfNecesitas un impulso? Descubre el anillo Esperanza flor de loto en oro. Esta joya de oro hecha a mano aportar\u00e1 luz a tu mano y a tu vida.\",\"breadcrumb\":{\"@id\":\"http:\/\/recover.lajunglebijoux.com\/es\/producto\/bague-flor-loto-oro\/#breadcrumb\"},\"inLanguage\":\"es\",\"potentialAction\":[{\"@type\":\"ReadAction\",\"target\":[\"http:\/\/recover.lajunglebijoux.com\/es\/producto\/bague-flor-loto-oro\/\"]}]},{\"@type\":\"ImageObject\",\"inLanguage\":\"es\",\"@id\":\"http:\/\/recover.lajunglebijoux.com\/es\/producto\/bague-flor-loto-oro\/#primaryimage\",\"url\":\"http:\/\/recover.lajunglebijoux.com\/wp-content\/uploads\/2022\/09\/IMG_20220826_094632.jpg\",\"contentUrl\":\"http:\/\/recover.lajunglebijoux.com\/wp-content\/uploads\/2022\/09\/IMG_20220826_094632.jpg\",\"width\":2365,\"height\":2365,\"caption\":\"bague lotus espoir 1\"},{\"@type\":\"BreadcrumbList\",\"@id\":\"http:\/\/recover.lajunglebijoux.com\/es\/producto\/bague-flor-loto-oro\/#breadcrumb\",\"itemListElement\":[{\"@type\":\"ListItem\",\"position\":1,\"name\":\"Portada\",\"item\":\"http:\/\/recover.lajunglebijoux.com\/es\/\"},{\"@type\":\"ListItem\",\"position\":2,\"name\":\"Tienda\",\"item\":\"http:\/\/recover.lajunglebijoux.com\/es\/tienda\/\"},{\"@type\":\"ListItem\",\"position\":3,\"name\":\"Anillo Flor de Loto Esperanza de Oro\"}]},{\"@type\":\"WebSite\",\"@id\":\"https:\/\/recover.lajunglebijoux.com\/es\/#website\",\"url\":\"https:\/\/recover.lajunglebijoux.com\/es\/\",\"name\":\"La Jungle Bijoux\",\"description\":\"\",\"publisher\":{\"@id\":\"https:\/\/recover.lajunglebijoux.com\/es\/#organization\"},\"potentialAction\":[{\"@type\":\"SearchAction\",\"target\":{\"@type\":\"EntryPoint\",\"urlTemplate\":\"https:\/\/recover.lajunglebijoux.com\/es\/?s={search_term_string}\"},\"query-input\":\"required name=search_term_string\"}],\"inLanguage\":\"es\"},{\"@type\":\"Organization\",\"@id\":\"https:\/\/recover.lajunglebijoux.com\/es\/#organization\",\"name\":\"La Jungle Bijoux\",\"url\":\"https:\/\/recover.lajunglebijoux.com\/es\/\",\"logo\":{\"@type\":\"ImageObject\",\"inLanguage\":\"es\",\"@id\":\"https:\/\/recover.lajunglebijoux.com\/es\/#\/schema\/logo\/image\/\",\"url\":\"http:\/\/recover.lajunglebijoux.com\/wp-content\/uploads\/2023\/01\/LOGO-FINAL-Fonce.jpg\",\"contentUrl\":\"http:\/\/recover.lajunglebijoux.com\/wp-content\/uploads\/2023\/01\/LOGO-FINAL-Fonce.jpg\",\"width\":900,\"height\":900,\"caption\":\"La Jungle Bijoux\"},\"image\":{\"@id\":\"https:\/\/recover.lajunglebijoux.com\/es\/#\/schema\/logo\/image\/\"}}]}<\/script>\n<!-- \/ Yoast SEO plugin. -->","yoast_head_json":{"title":"Anillo Flor de Loto Esperanza de Oro - La Jungle Bijoux","description":"\u00bfNecesitas un impulso? Descubre el anillo Esperanza flor de loto en oro. Esta joya de oro hecha a mano aportar\u00e1 luz a tu mano y a tu vida.","robots":{"index":"index","follow":"follow","max-snippet":"max-snippet:-1","max-image-preview":"max-image-preview:large","max-video-preview":"max-video-preview:-1"},"canonical":"http:\/\/recover.lajunglebijoux.com\/es\/producto\/bague-flor-loto-oro\/","og_locale":"es_ES","og_type":"article","og_title":"Anillo Flor de Loto Esperanza de Oro - La Jungle Bijoux","og_description":"\u00bfNecesitas un impulso? Descubre el anillo Esperanza flor de loto en oro. Esta joya de oro hecha a mano aportar\u00e1 luz a tu mano y a tu vida.","og_url":"http:\/\/recover.lajunglebijoux.com\/es\/producto\/bague-flor-loto-oro\/","og_site_name":"La Jungle Bijoux","article_modified_time":"2023-04-17T15:50:55+00:00","og_image":[{"width":2365,"height":2365,"url":"http:\/\/recover.lajunglebijoux.com\/wp-content\/uploads\/2022\/09\/IMG_20220826_094632.jpg","type":"image\/jpeg"}],"twitter_card":"summary_large_image","twitter_misc":{"Tiempo de lectura":"1 minuto"},"schema":{"@context":"https:\/\/schema.org","@graph":[{"@type":"WebPage","@id":"http:\/\/recover.lajunglebijoux.com\/es\/producto\/bague-flor-loto-oro\/","url":"http:\/\/recover.lajunglebijoux.com\/es\/producto\/bague-flor-loto-oro\/","name":"Anillo Flor de Loto Esperanza de Oro - La Jungle Bijoux","isPartOf":{"@id":"https:\/\/recover.lajunglebijoux.com\/es\/#website"},"primaryImageOfPage":{"@id":"http:\/\/recover.lajunglebijoux.com\/es\/producto\/bague-flor-loto-oro\/#primaryimage"},"image":{"@id":"http:\/\/recover.lajunglebijoux.com\/es\/producto\/bague-flor-loto-oro\/#primaryimage"},"thumbnailUrl":"http:\/\/recover.lajunglebijoux.com\/wp-content\/uploads\/2022\/09\/IMG_20220826_094632.jpg","datePublished":"2022-09-07T11:42:50+00:00","dateModified":"2023-04-17T15:50:55+00:00","description":"\u00bfNecesitas un impulso? Descubre el anillo Esperanza flor de loto en oro. Esta joya de oro hecha a mano aportar\u00e1 luz a tu mano y a tu vida.","breadcrumb":{"@id":"http:\/\/recover.lajunglebijoux.com\/es\/producto\/bague-flor-loto-oro\/#breadcrumb"},"inLanguage":"es","potentialAction":[{"@type":"ReadAction","target":["http:\/\/recover.lajunglebijoux.com\/es\/producto\/bague-flor-loto-oro\/"]}]},{"@type":"ImageObject","inLanguage":"es","@id":"http:\/\/recover.lajunglebijoux.com\/es\/producto\/bague-flor-loto-oro\/#primaryimage","url":"http:\/\/recover.lajunglebijoux.com\/wp-content\/uploads\/2022\/09\/IMG_20220826_094632.jpg","contentUrl":"http:\/\/recover.lajunglebijoux.com\/wp-content\/uploads\/2022\/09\/IMG_20220826_094632.jpg","width":2365,"height":2365,"caption":"bague lotus espoir 1"},{"@type":"BreadcrumbList","@id":"http:\/\/recover.lajunglebijoux.com\/es\/producto\/bague-flor-loto-oro\/#breadcrumb","itemListElement":[{"@type":"ListItem","position":1,"name":"Portada","item":"http:\/\/recover.lajunglebijoux.com\/es\/"},{"@type":"ListItem","position":2,"name":"Tienda","item":"http:\/\/recover.lajunglebijoux.com\/es\/tienda\/"},{"@type":"ListItem","position":3,"name":"Anillo Flor de Loto Esperanza de Oro"}]},{"@type":"WebSite","@id":"https:\/\/recover.lajunglebijoux.com\/es\/#website","url":"https:\/\/recover.lajunglebijoux.com\/es\/","name":"La Jungle Bijoux","description":"","publisher":{"@id":"https:\/\/recover.lajunglebijoux.com\/es\/#organization"},"potentialAction":[{"@type":"SearchAction","target":{"@type":"EntryPoint","urlTemplate":"https:\/\/recover.lajunglebijoux.com\/es\/?s={search_term_string}"},"query-input":"required name=search_term_string"}],"inLanguage":"es"},{"@type":"Organization","@id":"https:\/\/recover.lajunglebijoux.com\/es\/#organization","name":"La Jungle Bijoux","url":"https:\/\/recover.lajunglebijoux.com\/es\/","logo":{"@type":"ImageObject","inLanguage":"es","@id":"https:\/\/recover.lajunglebijoux.com\/es\/#\/schema\/logo\/image\/","url":"http:\/\/recover.lajunglebijoux.com\/wp-content\/uploads\/2023\/01\/LOGO-FINAL-Fonce.jpg","contentUrl":"http:\/\/recover.lajunglebijoux.com\/wp-content\/uploads\/2023\/01\/LOGO-FINAL-Fonce.jpg","width":900,"height":900,"caption":"La Jungle Bijoux"},"image":{"@id":"https:\/\/recover.lajunglebijoux.com\/es\/#\/schema\/logo\/image\/"}}]}},"_links":{"self":[{"href":"http:\/\/recover.lajunglebijoux.com\/es\/wp-json\/wp\/v2\/product\/7834","targetHints":{"allow":["GET"]}}],"collection":[{"href":"http:\/\/recover.lajunglebijoux.com\/es\/wp-json\/wp\/v2\/product"}],"about":[{"href":"http:\/\/recover.lajunglebijoux.com\/es\/wp-json\/wp\/v2\/types\/product"}],"replies":[{"embeddable":true,"href":"http:\/\/recover.lajunglebijoux.com\/es\/wp-json\/wp\/v2\/comments?post=7834"}],"wp:featuredmedia":[{"embeddable":true,"href":"http:\/\/recover.lajunglebijoux.com\/es\/wp-json\/wp\/v2\/media\/1747"}],"wp:attachment":[{"href":"http:\/\/recover.lajunglebijoux.com\/es\/wp-json\/wp\/v2\/media?parent=7834"}],"wp:term":[{"taxonomy":"product_cat","embeddable":true,"href":"http:\/\/recover.lajunglebijoux.com\/es\/wp-json\/wp\/v2\/product_cat?post=7834"},{"taxonomy":"product_tag","embeddable":true,"href":"http:\/\/recover.lajunglebijoux.com\/es\/wp-json\/wp\/v2\/product_tag?post=7834"}],"curies":[{"name":"wp","href":"https:\/\/api.w.org\/{rel}","templated":true}]}}