{"id":7821,"date":"2023-01-02T10:00:16","date_gmt":"2023-01-02T08:00:16","guid":{"rendered":"http:\/\/jkjpwtk.cluster026.hosting.ovh.net\/product\/collier-etoile-cosmos\/"},"modified":"2023-04-15T14:49:34","modified_gmt":"2023-04-15T14:49:34","slug":"collar-estrellas-cosmos","status":"publish","type":"product","link":"http:\/\/recover.lajunglebijoux.com\/es\/producto\/collar-estrellas-cosmos\/","title":{"rendered":"Collar estrella cosmos de oro y circonitas"},"content":{"rendered":"<h2>Unas palabras de Jen, creadora de La Jungle Joyas<\/h2>\n<p>Eleg\u00ed a\u00f1adir circonitas, piedras naturales y semipreciosas, para simbolizar las estrellas, pero tambi\u00e9n porque se utilizan en litoterapia para calmar los dolores del cuerpo y de la mente.<\/p>\n","protected":false},"excerpt":{"rendered":"<p>\u00bfTe pasas el tiempo mirando el cielo estrellado y sue\u00f1as con \u00e9l? El collar estrella Cosmos de oro y piedras de circ\u00f3n est\u00e1 hecho para ti. Gracias a sus piedras de circ\u00f3n p\u00farpura, rosa y gris claro, brilla como las estrellas que podr\u00edas ver en el cosmos. El efecto martillado de la medalla recuerda los contrastes irregulares de la galaxia.<\/p>\n<p>Fabricado a mano en el taller La Jungle de Barcelona, el collar Cosmos est\u00e1 chapado en oro de 24 quilates de alta resistencia sobre una base de lat\u00f3n.<\/p>\n<p>Longitud: 40 cm, pero se puede alargar con la cadena de 5 cm.<\/p>\n<p>Una joya brillante, para llevar sin moderaci\u00f3n.<\/p>\n","protected":false},"featured_media":4291,"comment_status":"open","ping_status":"closed","template":"","meta":{"_acf_changed":false},"product_cat":[244],"product_tag":[],"class_list":{"0":"post-7821","1":"product","2":"type-product","3":"status-publish","4":"has-post-thumbnail","6":"product_cat-life-es","7":"pa_modele-collares","8":"pa_theme-joyas-astral-tarot","9":"pa_theme-piedras-litoterapia","11":"first","12":"instock","13":"shipping-taxable","14":"purchasable","15":"product-type-simple"},"acf":[],"yoast_head":"<!-- This site is optimized with the Yoast SEO plugin v23.3 - https:\/\/yoast.com\/wordpress\/plugins\/seo\/ -->\n<title>Collar estrella cosmos de oro y circonitas - La Jungle Bijoux<\/title>\n<meta name=\"description\" content=\"Adopta el collar estrella Cosmos en oro y piedras de circ\u00f3n. Hecho a mano en el taller La Jungle de Barcelona y chapado en oro de 24 quilates.\" \/>\n<meta name=\"robots\" content=\"index, follow, max-snippet:-1, max-image-preview:large, max-video-preview:-1\" \/>\n<link rel=\"canonical\" href=\"http:\/\/recover.lajunglebijoux.com\/es\/producto\/collar-estrellas-cosmos\/\" \/>\n<meta property=\"og:locale\" content=\"es_ES\" \/>\n<meta property=\"og:type\" content=\"article\" \/>\n<meta property=\"og:title\" content=\"Collar estrella cosmos de oro y circonitas - La Jungle Bijoux\" \/>\n<meta property=\"og:description\" content=\"Adopta el collar estrella Cosmos en oro y piedras de circ\u00f3n. Hecho a mano en el taller La Jungle de Barcelona y chapado en oro de 24 quilates.\" \/>\n<meta property=\"og:url\" content=\"http:\/\/recover.lajunglebijoux.com\/es\/producto\/collar-estrellas-cosmos\/\" \/>\n<meta property=\"og:site_name\" content=\"La Jungle Bijoux\" \/>\n<meta property=\"article:modified_time\" content=\"2023-04-15T14:49:34+00:00\" \/>\n<meta property=\"og:image\" content=\"http:\/\/recover.lajunglebijoux.com\/wp-content\/uploads\/2023\/01\/IMG_20221102_1635571.jpg\" \/>\n\t<meta property=\"og:image:width\" content=\"2637\" \/>\n\t<meta property=\"og:image:height\" content=\"2637\" \/>\n\t<meta property=\"og:image:type\" content=\"image\/jpeg\" \/>\n<meta name=\"twitter:card\" content=\"summary_large_image\" \/>\n<meta name=\"twitter:label1\" content=\"Tiempo de lectura\" \/>\n\t<meta name=\"twitter:data1\" content=\"1 minuto\" \/>\n<script type=\"application\/ld+json\" class=\"yoast-schema-graph\">{\"@context\":\"https:\/\/schema.org\",\"@graph\":[{\"@type\":\"WebPage\",\"@id\":\"http:\/\/recover.lajunglebijoux.com\/es\/producto\/collar-estrellas-cosmos\/\",\"url\":\"http:\/\/recover.lajunglebijoux.com\/es\/producto\/collar-estrellas-cosmos\/\",\"name\":\"Collar estrella cosmos de oro y circonitas - La Jungle Bijoux\",\"isPartOf\":{\"@id\":\"https:\/\/recover.lajunglebijoux.com\/es\/#website\"},\"primaryImageOfPage\":{\"@id\":\"http:\/\/recover.lajunglebijoux.com\/es\/producto\/collar-estrellas-cosmos\/#primaryimage\"},\"image\":{\"@id\":\"http:\/\/recover.lajunglebijoux.com\/es\/producto\/collar-estrellas-cosmos\/#primaryimage\"},\"thumbnailUrl\":\"http:\/\/recover.lajunglebijoux.com\/wp-content\/uploads\/2023\/01\/IMG_20221102_1635571.jpg\",\"datePublished\":\"2023-01-02T08:00:16+00:00\",\"dateModified\":\"2023-04-15T14:49:34+00:00\",\"description\":\"Adopta el collar estrella Cosmos en oro y piedras de circ\u00f3n. Hecho a mano en el taller La Jungle de Barcelona y chapado en oro de 24 quilates.\",\"breadcrumb\":{\"@id\":\"http:\/\/recover.lajunglebijoux.com\/es\/producto\/collar-estrellas-cosmos\/#breadcrumb\"},\"inLanguage\":\"es\",\"potentialAction\":[{\"@type\":\"ReadAction\",\"target\":[\"http:\/\/recover.lajunglebijoux.com\/es\/producto\/collar-estrellas-cosmos\/\"]}]},{\"@type\":\"ImageObject\",\"inLanguage\":\"es\",\"@id\":\"http:\/\/recover.lajunglebijoux.com\/es\/producto\/collar-estrellas-cosmos\/#primaryimage\",\"url\":\"http:\/\/recover.lajunglebijoux.com\/wp-content\/uploads\/2023\/01\/IMG_20221102_1635571.jpg\",\"contentUrl\":\"http:\/\/recover.lajunglebijoux.com\/wp-content\/uploads\/2023\/01\/IMG_20221102_1635571.jpg\",\"width\":2637,\"height\":2637,\"caption\":\"collier etoile cristal or\"},{\"@type\":\"BreadcrumbList\",\"@id\":\"http:\/\/recover.lajunglebijoux.com\/es\/producto\/collar-estrellas-cosmos\/#breadcrumb\",\"itemListElement\":[{\"@type\":\"ListItem\",\"position\":1,\"name\":\"Portada\",\"item\":\"https:\/\/recover.lajunglebijoux.com\/es\/\"},{\"@type\":\"ListItem\",\"position\":2,\"name\":\"Tienda\",\"item\":\"https:\/\/recover.lajunglebijoux.com\/es\/tienda\/\"},{\"@type\":\"ListItem\",\"position\":3,\"name\":\"Collar estrella cosmos de oro y circonitas\"}]},{\"@type\":\"WebSite\",\"@id\":\"https:\/\/recover.lajunglebijoux.com\/es\/#website\",\"url\":\"https:\/\/recover.lajunglebijoux.com\/es\/\",\"name\":\"La Jungle Bijoux\",\"description\":\"\",\"publisher\":{\"@id\":\"https:\/\/recover.lajunglebijoux.com\/es\/#organization\"},\"potentialAction\":[{\"@type\":\"SearchAction\",\"target\":{\"@type\":\"EntryPoint\",\"urlTemplate\":\"https:\/\/recover.lajunglebijoux.com\/es\/?s={search_term_string}\"},\"query-input\":\"required name=search_term_string\"}],\"inLanguage\":\"es\"},{\"@type\":\"Organization\",\"@id\":\"https:\/\/recover.lajunglebijoux.com\/es\/#organization\",\"name\":\"La Jungle Bijoux\",\"url\":\"https:\/\/recover.lajunglebijoux.com\/es\/\",\"logo\":{\"@type\":\"ImageObject\",\"inLanguage\":\"es\",\"@id\":\"https:\/\/recover.lajunglebijoux.com\/es\/#\/schema\/logo\/image\/\",\"url\":\"http:\/\/recover.lajunglebijoux.com\/wp-content\/uploads\/2023\/01\/LOGO-FINAL-Fonce.jpg\",\"contentUrl\":\"http:\/\/recover.lajunglebijoux.com\/wp-content\/uploads\/2023\/01\/LOGO-FINAL-Fonce.jpg\",\"width\":900,\"height\":900,\"caption\":\"La Jungle Bijoux\"},\"image\":{\"@id\":\"https:\/\/recover.lajunglebijoux.com\/es\/#\/schema\/logo\/image\/\"}}]}<\/script>\n<!-- \/ Yoast SEO plugin. -->","yoast_head_json":{"title":"Collar estrella cosmos de oro y circonitas - La Jungle Bijoux","description":"Adopta el collar estrella Cosmos en oro y piedras de circ\u00f3n. Hecho a mano en el taller La Jungle de Barcelona y chapado en oro de 24 quilates.","robots":{"index":"index","follow":"follow","max-snippet":"max-snippet:-1","max-image-preview":"max-image-preview:large","max-video-preview":"max-video-preview:-1"},"canonical":"http:\/\/recover.lajunglebijoux.com\/es\/producto\/collar-estrellas-cosmos\/","og_locale":"es_ES","og_type":"article","og_title":"Collar estrella cosmos de oro y circonitas - La Jungle Bijoux","og_description":"Adopta el collar estrella Cosmos en oro y piedras de circ\u00f3n. Hecho a mano en el taller La Jungle de Barcelona y chapado en oro de 24 quilates.","og_url":"http:\/\/recover.lajunglebijoux.com\/es\/producto\/collar-estrellas-cosmos\/","og_site_name":"La Jungle Bijoux","article_modified_time":"2023-04-15T14:49:34+00:00","og_image":[{"width":2637,"height":2637,"url":"http:\/\/recover.lajunglebijoux.com\/wp-content\/uploads\/2023\/01\/IMG_20221102_1635571.jpg","type":"image\/jpeg"}],"twitter_card":"summary_large_image","twitter_misc":{"Tiempo de lectura":"1 minuto"},"schema":{"@context":"https:\/\/schema.org","@graph":[{"@type":"WebPage","@id":"http:\/\/recover.lajunglebijoux.com\/es\/producto\/collar-estrellas-cosmos\/","url":"http:\/\/recover.lajunglebijoux.com\/es\/producto\/collar-estrellas-cosmos\/","name":"Collar estrella cosmos de oro y circonitas - La Jungle Bijoux","isPartOf":{"@id":"https:\/\/recover.lajunglebijoux.com\/es\/#website"},"primaryImageOfPage":{"@id":"http:\/\/recover.lajunglebijoux.com\/es\/producto\/collar-estrellas-cosmos\/#primaryimage"},"image":{"@id":"http:\/\/recover.lajunglebijoux.com\/es\/producto\/collar-estrellas-cosmos\/#primaryimage"},"thumbnailUrl":"http:\/\/recover.lajunglebijoux.com\/wp-content\/uploads\/2023\/01\/IMG_20221102_1635571.jpg","datePublished":"2023-01-02T08:00:16+00:00","dateModified":"2023-04-15T14:49:34+00:00","description":"Adopta el collar estrella Cosmos en oro y piedras de circ\u00f3n. Hecho a mano en el taller La Jungle de Barcelona y chapado en oro de 24 quilates.","breadcrumb":{"@id":"http:\/\/recover.lajunglebijoux.com\/es\/producto\/collar-estrellas-cosmos\/#breadcrumb"},"inLanguage":"es","potentialAction":[{"@type":"ReadAction","target":["http:\/\/recover.lajunglebijoux.com\/es\/producto\/collar-estrellas-cosmos\/"]}]},{"@type":"ImageObject","inLanguage":"es","@id":"http:\/\/recover.lajunglebijoux.com\/es\/producto\/collar-estrellas-cosmos\/#primaryimage","url":"http:\/\/recover.lajunglebijoux.com\/wp-content\/uploads\/2023\/01\/IMG_20221102_1635571.jpg","contentUrl":"http:\/\/recover.lajunglebijoux.com\/wp-content\/uploads\/2023\/01\/IMG_20221102_1635571.jpg","width":2637,"height":2637,"caption":"collier etoile cristal or"},{"@type":"BreadcrumbList","@id":"http:\/\/recover.lajunglebijoux.com\/es\/producto\/collar-estrellas-cosmos\/#breadcrumb","itemListElement":[{"@type":"ListItem","position":1,"name":"Portada","item":"https:\/\/recover.lajunglebijoux.com\/es\/"},{"@type":"ListItem","position":2,"name":"Tienda","item":"https:\/\/recover.lajunglebijoux.com\/es\/tienda\/"},{"@type":"ListItem","position":3,"name":"Collar estrella cosmos de oro y circonitas"}]},{"@type":"WebSite","@id":"https:\/\/recover.lajunglebijoux.com\/es\/#website","url":"https:\/\/recover.lajunglebijoux.com\/es\/","name":"La Jungle Bijoux","description":"","publisher":{"@id":"https:\/\/recover.lajunglebijoux.com\/es\/#organization"},"potentialAction":[{"@type":"SearchAction","target":{"@type":"EntryPoint","urlTemplate":"https:\/\/recover.lajunglebijoux.com\/es\/?s={search_term_string}"},"query-input":"required name=search_term_string"}],"inLanguage":"es"},{"@type":"Organization","@id":"https:\/\/recover.lajunglebijoux.com\/es\/#organization","name":"La Jungle Bijoux","url":"https:\/\/recover.lajunglebijoux.com\/es\/","logo":{"@type":"ImageObject","inLanguage":"es","@id":"https:\/\/recover.lajunglebijoux.com\/es\/#\/schema\/logo\/image\/","url":"http:\/\/recover.lajunglebijoux.com\/wp-content\/uploads\/2023\/01\/LOGO-FINAL-Fonce.jpg","contentUrl":"http:\/\/recover.lajunglebijoux.com\/wp-content\/uploads\/2023\/01\/LOGO-FINAL-Fonce.jpg","width":900,"height":900,"caption":"La Jungle Bijoux"},"image":{"@id":"https:\/\/recover.lajunglebijoux.com\/es\/#\/schema\/logo\/image\/"}}]}},"_links":{"self":[{"href":"http:\/\/recover.lajunglebijoux.com\/es\/wp-json\/wp\/v2\/product\/7821","targetHints":{"allow":["GET"]}}],"collection":[{"href":"http:\/\/recover.lajunglebijoux.com\/es\/wp-json\/wp\/v2\/product"}],"about":[{"href":"http:\/\/recover.lajunglebijoux.com\/es\/wp-json\/wp\/v2\/types\/product"}],"replies":[{"embeddable":true,"href":"http:\/\/recover.lajunglebijoux.com\/es\/wp-json\/wp\/v2\/comments?post=7821"}],"wp:featuredmedia":[{"embeddable":true,"href":"http:\/\/recover.lajunglebijoux.com\/es\/wp-json\/wp\/v2\/media\/4291"}],"wp:attachment":[{"href":"http:\/\/recover.lajunglebijoux.com\/es\/wp-json\/wp\/v2\/media?parent=7821"}],"wp:term":[{"taxonomy":"product_cat","embeddable":true,"href":"http:\/\/recover.lajunglebijoux.com\/es\/wp-json\/wp\/v2\/product_cat?post=7821"},{"taxonomy":"product_tag","embeddable":true,"href":"http:\/\/recover.lajunglebijoux.com\/es\/wp-json\/wp\/v2\/product_tag?post=7821"}],"curies":[{"name":"wp","href":"https:\/\/api.w.org\/{rel}","templated":true}]}}