{"id":7814,"date":"2023-01-12T08:54:36","date_gmt":"2023-01-12T06:54:36","guid":{"rendered":"http:\/\/jkjpwtk.cluster026.hosting.ovh.net\/product\/boucles-oreilles-fleurs-rayonnantes\/"},"modified":"2023-04-15T14:18:35","modified_gmt":"2023-04-15T14:18:35","slug":"pendientes-inspiracion-floral","status":"publish","type":"product","link":"http:\/\/recover.lajunglebijoux.com\/es\/producto\/pendientes-inspiracion-floral\/","title":{"rendered":"Pendientes de inspiraci\u00f3n floral"},"content":{"rendered":"","protected":false},"excerpt":{"rendered":"<p>Pendientes inspirados en la est\u00e9tica de las flores para conectar con la naturaleza y su vitalidad. Simbolizan la belleza luminosa de la vida en la tierra.<\/p>\n<p>Pendientes inspirados en la naturaleza que he querido resaltar con un ba\u00f1o de oro de 18 quilates que aporta a\u00fan m\u00e1s luz. Color en garant\u00eda, consulte nuestra p\u00e1gina de garant\u00eda.<\/p>\n<p>Radiantes motivos florales ligeramente grabados gracias a una t\u00e9cnica experimentada por m\u00ed con la herramienta de punta de trazar.<\/p>\n<p>Edici\u00f3n muy limitada.<\/p>\n<p><strong>\u00bfC\u00f3mo llevar los pendientes de inspiraci\u00f3n floral?<\/strong><\/p>\n<p>A pesar de su tama\u00f1o, son muy ligeros de llevar. Puedes llevar los pendientes flor con el pelo recogido para resaltar tu rostro de forma r\u00e1pida y sencilla. Tambi\u00e9n puedes llevarlos con el pelo suelto, as\u00ed algunas de las flores aparecer\u00e1n m\u00e1s discretamente al moverte.<\/p>\n","protected":false},"featured_media":5060,"comment_status":"open","ping_status":"closed","template":"","meta":{"_acf_changed":false},"product_cat":[244],"product_tag":[],"class_list":{"0":"post-7814","1":"product","2":"type-product","3":"status-publish","4":"has-post-thumbnail","6":"product_cat-life-es","7":"pa_modele-pendientes","8":"pa_theme-joyas-naturaleza","9":"pa_theme-estilo-vintage","11":"first","12":"outofstock","13":"sale","14":"shipping-taxable","15":"purchasable","16":"product-type-simple"},"acf":[],"yoast_head":"<!-- This site is optimized with the Yoast SEO plugin v23.3 - https:\/\/yoast.com\/wordpress\/plugins\/seo\/ -->\n<title>Pendientes de inspiraci\u00f3n floral - La Jungle Bijoux<\/title>\n<meta name=\"description\" content=\"Ilumina tu cara con los Pendientes de inspiraci\u00f3n floral de oro. Se convertir\u00e1n en el accesorio imprescindible de todos tus conjuntos.\" \/>\n<meta name=\"robots\" content=\"index, follow, max-snippet:-1, max-image-preview:large, max-video-preview:-1\" \/>\n<link rel=\"canonical\" href=\"http:\/\/recover.lajunglebijoux.com\/es\/producto\/pendientes-inspiracion-floral\/\" \/>\n<meta property=\"og:locale\" content=\"es_ES\" \/>\n<meta property=\"og:type\" content=\"article\" \/>\n<meta property=\"og:title\" content=\"Pendientes de inspiraci\u00f3n floral - La Jungle Bijoux\" \/>\n<meta property=\"og:description\" content=\"Ilumina tu cara con los Pendientes de inspiraci\u00f3n floral de oro. Se convertir\u00e1n en el accesorio imprescindible de todos tus conjuntos.\" \/>\n<meta property=\"og:url\" content=\"http:\/\/recover.lajunglebijoux.com\/es\/producto\/pendientes-inspiracion-floral\/\" \/>\n<meta property=\"og:site_name\" content=\"La Jungle Bijoux\" \/>\n<meta property=\"article:modified_time\" content=\"2023-04-15T14:18:35+00:00\" \/>\n<meta property=\"og:image\" content=\"http:\/\/recover.lajunglebijoux.com\/wp-content\/uploads\/2023\/01\/IMG_20221111_091816.jpg\" \/>\n\t<meta property=\"og:image:width\" content=\"3355\" \/>\n\t<meta property=\"og:image:height\" content=\"3355\" \/>\n\t<meta property=\"og:image:type\" content=\"image\/jpeg\" \/>\n<meta name=\"twitter:card\" content=\"summary_large_image\" \/>\n<script type=\"application\/ld+json\" class=\"yoast-schema-graph\">{\"@context\":\"https:\/\/schema.org\",\"@graph\":[{\"@type\":\"WebPage\",\"@id\":\"http:\/\/recover.lajunglebijoux.com\/es\/producto\/pendientes-inspiracion-floral\/\",\"url\":\"http:\/\/recover.lajunglebijoux.com\/es\/producto\/pendientes-inspiracion-floral\/\",\"name\":\"Pendientes de inspiraci\u00f3n floral - La Jungle Bijoux\",\"isPartOf\":{\"@id\":\"https:\/\/recover.lajunglebijoux.com\/es\/#website\"},\"primaryImageOfPage\":{\"@id\":\"http:\/\/recover.lajunglebijoux.com\/es\/producto\/pendientes-inspiracion-floral\/#primaryimage\"},\"image\":{\"@id\":\"http:\/\/recover.lajunglebijoux.com\/es\/producto\/pendientes-inspiracion-floral\/#primaryimage\"},\"thumbnailUrl\":\"http:\/\/recover.lajunglebijoux.com\/wp-content\/uploads\/2023\/01\/IMG_20221111_091816.jpg\",\"datePublished\":\"2023-01-12T06:54:36+00:00\",\"dateModified\":\"2023-04-15T14:18:35+00:00\",\"description\":\"Ilumina tu cara con los Pendientes de inspiraci\u00f3n floral de oro. Se convertir\u00e1n en el accesorio imprescindible de todos tus conjuntos.\",\"breadcrumb\":{\"@id\":\"http:\/\/recover.lajunglebijoux.com\/es\/producto\/pendientes-inspiracion-floral\/#breadcrumb\"},\"inLanguage\":\"es\",\"potentialAction\":[{\"@type\":\"ReadAction\",\"target\":[\"http:\/\/recover.lajunglebijoux.com\/es\/producto\/pendientes-inspiracion-floral\/\"]}]},{\"@type\":\"ImageObject\",\"inLanguage\":\"es\",\"@id\":\"http:\/\/recover.lajunglebijoux.com\/es\/producto\/pendientes-inspiracion-floral\/#primaryimage\",\"url\":\"http:\/\/recover.lajunglebijoux.com\/wp-content\/uploads\/2023\/01\/IMG_20221111_091816.jpg\",\"contentUrl\":\"http:\/\/recover.lajunglebijoux.com\/wp-content\/uploads\/2023\/01\/IMG_20221111_091816.jpg\",\"width\":3355,\"height\":3355,\"caption\":\"boucles oreilles fleur or\"},{\"@type\":\"BreadcrumbList\",\"@id\":\"http:\/\/recover.lajunglebijoux.com\/es\/producto\/pendientes-inspiracion-floral\/#breadcrumb\",\"itemListElement\":[{\"@type\":\"ListItem\",\"position\":1,\"name\":\"Portada\",\"item\":\"https:\/\/recover.lajunglebijoux.com\/es\/\"},{\"@type\":\"ListItem\",\"position\":2,\"name\":\"Tienda\",\"item\":\"https:\/\/recover.lajunglebijoux.com\/es\/tienda\/\"},{\"@type\":\"ListItem\",\"position\":3,\"name\":\"Pendientes de inspiraci\u00f3n floral\"}]},{\"@type\":\"WebSite\",\"@id\":\"https:\/\/recover.lajunglebijoux.com\/es\/#website\",\"url\":\"https:\/\/recover.lajunglebijoux.com\/es\/\",\"name\":\"La Jungle Bijoux\",\"description\":\"\",\"publisher\":{\"@id\":\"https:\/\/recover.lajunglebijoux.com\/es\/#organization\"},\"potentialAction\":[{\"@type\":\"SearchAction\",\"target\":{\"@type\":\"EntryPoint\",\"urlTemplate\":\"https:\/\/recover.lajunglebijoux.com\/es\/?s={search_term_string}\"},\"query-input\":\"required name=search_term_string\"}],\"inLanguage\":\"es\"},{\"@type\":\"Organization\",\"@id\":\"https:\/\/recover.lajunglebijoux.com\/es\/#organization\",\"name\":\"La Jungle Bijoux\",\"url\":\"https:\/\/recover.lajunglebijoux.com\/es\/\",\"logo\":{\"@type\":\"ImageObject\",\"inLanguage\":\"es\",\"@id\":\"https:\/\/recover.lajunglebijoux.com\/es\/#\/schema\/logo\/image\/\",\"url\":\"http:\/\/recover.lajunglebijoux.com\/wp-content\/uploads\/2023\/01\/LOGO-FINAL-Fonce.jpg\",\"contentUrl\":\"http:\/\/recover.lajunglebijoux.com\/wp-content\/uploads\/2023\/01\/LOGO-FINAL-Fonce.jpg\",\"width\":900,\"height\":900,\"caption\":\"La Jungle Bijoux\"},\"image\":{\"@id\":\"https:\/\/recover.lajunglebijoux.com\/es\/#\/schema\/logo\/image\/\"}}]}<\/script>\n<!-- \/ Yoast SEO plugin. -->","yoast_head_json":{"title":"Pendientes de inspiraci\u00f3n floral - La Jungle Bijoux","description":"Ilumina tu cara con los Pendientes de inspiraci\u00f3n floral de oro. Se convertir\u00e1n en el accesorio imprescindible de todos tus conjuntos.","robots":{"index":"index","follow":"follow","max-snippet":"max-snippet:-1","max-image-preview":"max-image-preview:large","max-video-preview":"max-video-preview:-1"},"canonical":"http:\/\/recover.lajunglebijoux.com\/es\/producto\/pendientes-inspiracion-floral\/","og_locale":"es_ES","og_type":"article","og_title":"Pendientes de inspiraci\u00f3n floral - La Jungle Bijoux","og_description":"Ilumina tu cara con los Pendientes de inspiraci\u00f3n floral de oro. Se convertir\u00e1n en el accesorio imprescindible de todos tus conjuntos.","og_url":"http:\/\/recover.lajunglebijoux.com\/es\/producto\/pendientes-inspiracion-floral\/","og_site_name":"La Jungle Bijoux","article_modified_time":"2023-04-15T14:18:35+00:00","og_image":[{"width":3355,"height":3355,"url":"http:\/\/recover.lajunglebijoux.com\/wp-content\/uploads\/2023\/01\/IMG_20221111_091816.jpg","type":"image\/jpeg"}],"twitter_card":"summary_large_image","schema":{"@context":"https:\/\/schema.org","@graph":[{"@type":"WebPage","@id":"http:\/\/recover.lajunglebijoux.com\/es\/producto\/pendientes-inspiracion-floral\/","url":"http:\/\/recover.lajunglebijoux.com\/es\/producto\/pendientes-inspiracion-floral\/","name":"Pendientes de inspiraci\u00f3n floral - La Jungle Bijoux","isPartOf":{"@id":"https:\/\/recover.lajunglebijoux.com\/es\/#website"},"primaryImageOfPage":{"@id":"http:\/\/recover.lajunglebijoux.com\/es\/producto\/pendientes-inspiracion-floral\/#primaryimage"},"image":{"@id":"http:\/\/recover.lajunglebijoux.com\/es\/producto\/pendientes-inspiracion-floral\/#primaryimage"},"thumbnailUrl":"http:\/\/recover.lajunglebijoux.com\/wp-content\/uploads\/2023\/01\/IMG_20221111_091816.jpg","datePublished":"2023-01-12T06:54:36+00:00","dateModified":"2023-04-15T14:18:35+00:00","description":"Ilumina tu cara con los Pendientes de inspiraci\u00f3n floral de oro. Se convertir\u00e1n en el accesorio imprescindible de todos tus conjuntos.","breadcrumb":{"@id":"http:\/\/recover.lajunglebijoux.com\/es\/producto\/pendientes-inspiracion-floral\/#breadcrumb"},"inLanguage":"es","potentialAction":[{"@type":"ReadAction","target":["http:\/\/recover.lajunglebijoux.com\/es\/producto\/pendientes-inspiracion-floral\/"]}]},{"@type":"ImageObject","inLanguage":"es","@id":"http:\/\/recover.lajunglebijoux.com\/es\/producto\/pendientes-inspiracion-floral\/#primaryimage","url":"http:\/\/recover.lajunglebijoux.com\/wp-content\/uploads\/2023\/01\/IMG_20221111_091816.jpg","contentUrl":"http:\/\/recover.lajunglebijoux.com\/wp-content\/uploads\/2023\/01\/IMG_20221111_091816.jpg","width":3355,"height":3355,"caption":"boucles oreilles fleur or"},{"@type":"BreadcrumbList","@id":"http:\/\/recover.lajunglebijoux.com\/es\/producto\/pendientes-inspiracion-floral\/#breadcrumb","itemListElement":[{"@type":"ListItem","position":1,"name":"Portada","item":"https:\/\/recover.lajunglebijoux.com\/es\/"},{"@type":"ListItem","position":2,"name":"Tienda","item":"https:\/\/recover.lajunglebijoux.com\/es\/tienda\/"},{"@type":"ListItem","position":3,"name":"Pendientes de inspiraci\u00f3n floral"}]},{"@type":"WebSite","@id":"https:\/\/recover.lajunglebijoux.com\/es\/#website","url":"https:\/\/recover.lajunglebijoux.com\/es\/","name":"La Jungle Bijoux","description":"","publisher":{"@id":"https:\/\/recover.lajunglebijoux.com\/es\/#organization"},"potentialAction":[{"@type":"SearchAction","target":{"@type":"EntryPoint","urlTemplate":"https:\/\/recover.lajunglebijoux.com\/es\/?s={search_term_string}"},"query-input":"required name=search_term_string"}],"inLanguage":"es"},{"@type":"Organization","@id":"https:\/\/recover.lajunglebijoux.com\/es\/#organization","name":"La Jungle Bijoux","url":"https:\/\/recover.lajunglebijoux.com\/es\/","logo":{"@type":"ImageObject","inLanguage":"es","@id":"https:\/\/recover.lajunglebijoux.com\/es\/#\/schema\/logo\/image\/","url":"http:\/\/recover.lajunglebijoux.com\/wp-content\/uploads\/2023\/01\/LOGO-FINAL-Fonce.jpg","contentUrl":"http:\/\/recover.lajunglebijoux.com\/wp-content\/uploads\/2023\/01\/LOGO-FINAL-Fonce.jpg","width":900,"height":900,"caption":"La Jungle Bijoux"},"image":{"@id":"https:\/\/recover.lajunglebijoux.com\/es\/#\/schema\/logo\/image\/"}}]}},"_links":{"self":[{"href":"http:\/\/recover.lajunglebijoux.com\/es\/wp-json\/wp\/v2\/product\/7814","targetHints":{"allow":["GET"]}}],"collection":[{"href":"http:\/\/recover.lajunglebijoux.com\/es\/wp-json\/wp\/v2\/product"}],"about":[{"href":"http:\/\/recover.lajunglebijoux.com\/es\/wp-json\/wp\/v2\/types\/product"}],"replies":[{"embeddable":true,"href":"http:\/\/recover.lajunglebijoux.com\/es\/wp-json\/wp\/v2\/comments?post=7814"}],"wp:featuredmedia":[{"embeddable":true,"href":"http:\/\/recover.lajunglebijoux.com\/es\/wp-json\/wp\/v2\/media\/5060"}],"wp:attachment":[{"href":"http:\/\/recover.lajunglebijoux.com\/es\/wp-json\/wp\/v2\/media?parent=7814"}],"wp:term":[{"taxonomy":"product_cat","embeddable":true,"href":"http:\/\/recover.lajunglebijoux.com\/es\/wp-json\/wp\/v2\/product_cat?post=7814"},{"taxonomy":"product_tag","embeddable":true,"href":"http:\/\/recover.lajunglebijoux.com\/es\/wp-json\/wp\/v2\/product_tag?post=7814"}],"curies":[{"name":"wp","href":"https:\/\/api.w.org\/{rel}","templated":true}]}}