{"id":7806,"date":"2022-12-27T10:08:33","date_gmt":"2022-12-27T08:08:33","guid":{"rendered":"http:\/\/jkjpwtk.cluster026.hosting.ovh.net\/product\/collier-tarot-arcane-sans-nom\/"},"modified":"2023-04-15T13:27:42","modified_gmt":"2023-04-15T13:27:42","slug":"collar-tarot-muerte","status":"publish","type":"product","link":"http:\/\/recover.lajunglebijoux.com\/es\/producto\/collar-tarot-muerte\/","title":{"rendered":"Collar tarot La Muerte oro o plata"},"content":{"rendered":"<h3>Unas palabras de Jen, creadora de La Jungle Joyas<\/h3>\n<p>He creado el collar de cartas del tarot la Muerte en colaboraci\u00f3n con la talentosa tarotista y escritora Ludivine Labb\u00e9 y la ilustradora y especialista en energ\u00eda Myriam. La joya viene acompa\u00f1ada de una carta ilustrada.<\/p>\n<p>Elegimos la Muerte porque representa una transformaci\u00f3n profunda, como el ave f\u00e9nix que renace de sus cenizas. Con su guada\u00f1a, la muerte poda, ordena los h\u00e1bitos, las creencias, las relaciones, para crear un terreno f\u00e9rtil para la renovaci\u00f3n. Con la carta de la Muerte, se trata de romper con el pasado, de hacer el duelo, para experimentar una poderosa liberaci\u00f3n.<\/p>\n<p>El collar del tarot de la Muerte es para ti si&#8230;<\/p>\n<ul>\n<li>Est\u00e1 atravesando una crisis emocional y desea ser apoyado en su proceso de desprendimiento;<\/li>\n<li>Deseas liberarte de ciertas creencias;<\/li>\n<li>Tiene miedo al cambio;<\/li>\n<li>Se cuestiona su \u00abherencia\u00bb y sus recuerdos.<\/li>\n<\/ul>\n","protected":false},"excerpt":{"rendered":"<p>La carta de la Muerte del Tarot de Marsella es la carta del cambio, y el collar de Tarot te guiar\u00e1 en esta nueva vida. Echa un vistazo a la colecci\u00f3n Empowering Tarot, de la que procede este collar, para descubrir las diferentes cartas del Tarot de Marsella en forma de colgantes que podr\u00edan corresponder a la vida que deseas crear para ti.<\/p>\n<p>El collar Tarot de la Muerte est\u00e1 disponible en 2 colores:<\/p>\n<p>Oro: chapado en oro de 24 quilates de 3 micras de alta resistencia con una cadena de acero inoxidable chapada en oro.<br \/>\nPlata: plata de ley rodiada (un material que ofrece una mayor resistencia que la plata), y su cadena es de acero inoxidable plateado.<\/p>\n<p>Longitud: el collar mide 45 cm de largo y tiene una cadena extensible de 5 cm para que puedas ajustarlo a tu gusto.<\/p>\n<p>Puedes convertir este collar de tarot en un aut\u00e9ntico talism\u00e1n a\u00f1adiendo un colgante amuleto de turmalina negra. Se trata de una piedra de litoterapia elegida para estar en armon\u00eda con la energ\u00eda de la carta de la Muerte.<\/p>\n<p>Es la joya que debes regalarte para que te sirva de gu\u00eda y te recuerde el poder y la fuerza que puedes mostrar para salir adelante en la vida.<\/p>\n","protected":false},"featured_media":4190,"comment_status":"open","ping_status":"closed","template":"","meta":{"_acf_changed":false},"product_cat":[327],"product_tag":[],"class_list":{"0":"post-7806","1":"product","2":"type-product","3":"status-publish","4":"has-post-thumbnail","6":"product_cat-empowering-tarot-es","7":"pa_modele-collares","8":"pa_modele-joyas-plata","9":"pa_theme-joyas-astral-tarot","10":"pa_theme-piedras-litoterapia","12":"first","13":"instock","14":"sale","15":"shipping-taxable","16":"purchasable","17":"product-type-variable"},"acf":[],"yoast_head":"<!-- This site is optimized with the Yoast SEO plugin v23.3 - https:\/\/yoast.com\/wordpress\/plugins\/seo\/ -->\n<title>Collar tarot La Muerte oro o plata - La Jungle Bijoux<\/title>\n<meta name=\"description\" content=\"Lectura de cartas: \u00a1el collar de la muerte! Lleva este s\u00edmbolo de renacimiento del tarot con esta joya energ\u00e9tica. Hecha a mano en Barcelona.\" \/>\n<meta name=\"robots\" content=\"index, follow, max-snippet:-1, max-image-preview:large, max-video-preview:-1\" \/>\n<link rel=\"canonical\" href=\"http:\/\/recover.lajunglebijoux.com\/es\/producto\/collar-tarot-muerte\/\" \/>\n<meta property=\"og:locale\" content=\"es_ES\" \/>\n<meta property=\"og:type\" content=\"article\" \/>\n<meta property=\"og:title\" content=\"Collar tarot La Muerte oro o plata - La Jungle Bijoux\" \/>\n<meta property=\"og:description\" content=\"Lectura de cartas: \u00a1el collar de la muerte! Lleva este s\u00edmbolo de renacimiento del tarot con esta joya energ\u00e9tica. Hecha a mano en Barcelona.\" \/>\n<meta property=\"og:url\" content=\"http:\/\/recover.lajunglebijoux.com\/es\/producto\/collar-tarot-muerte\/\" \/>\n<meta property=\"og:site_name\" content=\"La Jungle Bijoux\" \/>\n<meta property=\"article:modified_time\" content=\"2023-04-15T13:27:42+00:00\" \/>\n<meta property=\"og:image\" content=\"http:\/\/recover.lajunglebijoux.com\/wp-content\/uploads\/2022\/12\/IMG_20221115_121446-scaled.jpg\" \/>\n\t<meta property=\"og:image:width\" content=\"1920\" \/>\n\t<meta property=\"og:image:height\" content=\"2560\" \/>\n\t<meta property=\"og:image:type\" content=\"image\/jpeg\" \/>\n<meta name=\"twitter:card\" content=\"summary_large_image\" \/>\n<meta name=\"twitter:label1\" content=\"Tiempo de lectura\" \/>\n\t<meta name=\"twitter:data1\" content=\"1 minuto\" \/>\n<script type=\"application\/ld+json\" class=\"yoast-schema-graph\">{\"@context\":\"https:\/\/schema.org\",\"@graph\":[{\"@type\":\"WebPage\",\"@id\":\"http:\/\/recover.lajunglebijoux.com\/es\/producto\/collar-tarot-muerte\/\",\"url\":\"http:\/\/recover.lajunglebijoux.com\/es\/producto\/collar-tarot-muerte\/\",\"name\":\"Collar tarot La Muerte oro o plata - La Jungle Bijoux\",\"isPartOf\":{\"@id\":\"https:\/\/recover.lajunglebijoux.com\/es\/#website\"},\"primaryImageOfPage\":{\"@id\":\"http:\/\/recover.lajunglebijoux.com\/es\/producto\/collar-tarot-muerte\/#primaryimage\"},\"image\":{\"@id\":\"http:\/\/recover.lajunglebijoux.com\/es\/producto\/collar-tarot-muerte\/#primaryimage\"},\"thumbnailUrl\":\"http:\/\/recover.lajunglebijoux.com\/wp-content\/uploads\/2022\/12\/IMG_20221115_121446-scaled.jpg\",\"datePublished\":\"2022-12-27T08:08:33+00:00\",\"dateModified\":\"2023-04-15T13:27:42+00:00\",\"description\":\"Lectura de cartas: \u00a1el collar de la muerte! Lleva este s\u00edmbolo de renacimiento del tarot con esta joya energ\u00e9tica. Hecha a mano en Barcelona.\",\"breadcrumb\":{\"@id\":\"http:\/\/recover.lajunglebijoux.com\/es\/producto\/collar-tarot-muerte\/#breadcrumb\"},\"inLanguage\":\"es\",\"potentialAction\":[{\"@type\":\"ReadAction\",\"target\":[\"http:\/\/recover.lajunglebijoux.com\/es\/producto\/collar-tarot-muerte\/\"]}]},{\"@type\":\"ImageObject\",\"inLanguage\":\"es\",\"@id\":\"http:\/\/recover.lajunglebijoux.com\/es\/producto\/collar-tarot-muerte\/#primaryimage\",\"url\":\"http:\/\/recover.lajunglebijoux.com\/wp-content\/uploads\/2022\/12\/IMG_20221115_121446-scaled.jpg\",\"contentUrl\":\"http:\/\/recover.lajunglebijoux.com\/wp-content\/uploads\/2022\/12\/IMG_20221115_121446-scaled.jpg\",\"width\":1920,\"height\":2560,\"caption\":\"collier\"},{\"@type\":\"BreadcrumbList\",\"@id\":\"http:\/\/recover.lajunglebijoux.com\/es\/producto\/collar-tarot-muerte\/#breadcrumb\",\"itemListElement\":[{\"@type\":\"ListItem\",\"position\":1,\"name\":\"Portada\",\"item\":\"https:\/\/recover.lajunglebijoux.com\/es\/\"},{\"@type\":\"ListItem\",\"position\":2,\"name\":\"Tienda\",\"item\":\"https:\/\/recover.lajunglebijoux.com\/es\/tienda\/\"},{\"@type\":\"ListItem\",\"position\":3,\"name\":\"Collar tarot La Muerte oro o plata\"}]},{\"@type\":\"WebSite\",\"@id\":\"https:\/\/recover.lajunglebijoux.com\/es\/#website\",\"url\":\"https:\/\/recover.lajunglebijoux.com\/es\/\",\"name\":\"La Jungle Bijoux\",\"description\":\"\",\"publisher\":{\"@id\":\"https:\/\/recover.lajunglebijoux.com\/es\/#organization\"},\"potentialAction\":[{\"@type\":\"SearchAction\",\"target\":{\"@type\":\"EntryPoint\",\"urlTemplate\":\"https:\/\/recover.lajunglebijoux.com\/es\/?s={search_term_string}\"},\"query-input\":\"required name=search_term_string\"}],\"inLanguage\":\"es\"},{\"@type\":\"Organization\",\"@id\":\"https:\/\/recover.lajunglebijoux.com\/es\/#organization\",\"name\":\"La Jungle Bijoux\",\"url\":\"https:\/\/recover.lajunglebijoux.com\/es\/\",\"logo\":{\"@type\":\"ImageObject\",\"inLanguage\":\"es\",\"@id\":\"https:\/\/recover.lajunglebijoux.com\/es\/#\/schema\/logo\/image\/\",\"url\":\"http:\/\/recover.lajunglebijoux.com\/wp-content\/uploads\/2023\/01\/LOGO-FINAL-Fonce.jpg\",\"contentUrl\":\"http:\/\/recover.lajunglebijoux.com\/wp-content\/uploads\/2023\/01\/LOGO-FINAL-Fonce.jpg\",\"width\":900,\"height\":900,\"caption\":\"La Jungle Bijoux\"},\"image\":{\"@id\":\"https:\/\/recover.lajunglebijoux.com\/es\/#\/schema\/logo\/image\/\"}}]}<\/script>\n<!-- \/ Yoast SEO plugin. -->","yoast_head_json":{"title":"Collar tarot La Muerte oro o plata - La Jungle Bijoux","description":"Lectura de cartas: \u00a1el collar de la muerte! Lleva este s\u00edmbolo de renacimiento del tarot con esta joya energ\u00e9tica. Hecha a mano en Barcelona.","robots":{"index":"index","follow":"follow","max-snippet":"max-snippet:-1","max-image-preview":"max-image-preview:large","max-video-preview":"max-video-preview:-1"},"canonical":"http:\/\/recover.lajunglebijoux.com\/es\/producto\/collar-tarot-muerte\/","og_locale":"es_ES","og_type":"article","og_title":"Collar tarot La Muerte oro o plata - La Jungle Bijoux","og_description":"Lectura de cartas: \u00a1el collar de la muerte! Lleva este s\u00edmbolo de renacimiento del tarot con esta joya energ\u00e9tica. Hecha a mano en Barcelona.","og_url":"http:\/\/recover.lajunglebijoux.com\/es\/producto\/collar-tarot-muerte\/","og_site_name":"La Jungle Bijoux","article_modified_time":"2023-04-15T13:27:42+00:00","og_image":[{"width":1920,"height":2560,"url":"http:\/\/recover.lajunglebijoux.com\/wp-content\/uploads\/2022\/12\/IMG_20221115_121446-scaled.jpg","type":"image\/jpeg"}],"twitter_card":"summary_large_image","twitter_misc":{"Tiempo de lectura":"1 minuto"},"schema":{"@context":"https:\/\/schema.org","@graph":[{"@type":"WebPage","@id":"http:\/\/recover.lajunglebijoux.com\/es\/producto\/collar-tarot-muerte\/","url":"http:\/\/recover.lajunglebijoux.com\/es\/producto\/collar-tarot-muerte\/","name":"Collar tarot La Muerte oro o plata - La Jungle Bijoux","isPartOf":{"@id":"https:\/\/recover.lajunglebijoux.com\/es\/#website"},"primaryImageOfPage":{"@id":"http:\/\/recover.lajunglebijoux.com\/es\/producto\/collar-tarot-muerte\/#primaryimage"},"image":{"@id":"http:\/\/recover.lajunglebijoux.com\/es\/producto\/collar-tarot-muerte\/#primaryimage"},"thumbnailUrl":"http:\/\/recover.lajunglebijoux.com\/wp-content\/uploads\/2022\/12\/IMG_20221115_121446-scaled.jpg","datePublished":"2022-12-27T08:08:33+00:00","dateModified":"2023-04-15T13:27:42+00:00","description":"Lectura de cartas: \u00a1el collar de la muerte! Lleva este s\u00edmbolo de renacimiento del tarot con esta joya energ\u00e9tica. Hecha a mano en Barcelona.","breadcrumb":{"@id":"http:\/\/recover.lajunglebijoux.com\/es\/producto\/collar-tarot-muerte\/#breadcrumb"},"inLanguage":"es","potentialAction":[{"@type":"ReadAction","target":["http:\/\/recover.lajunglebijoux.com\/es\/producto\/collar-tarot-muerte\/"]}]},{"@type":"ImageObject","inLanguage":"es","@id":"http:\/\/recover.lajunglebijoux.com\/es\/producto\/collar-tarot-muerte\/#primaryimage","url":"http:\/\/recover.lajunglebijoux.com\/wp-content\/uploads\/2022\/12\/IMG_20221115_121446-scaled.jpg","contentUrl":"http:\/\/recover.lajunglebijoux.com\/wp-content\/uploads\/2022\/12\/IMG_20221115_121446-scaled.jpg","width":1920,"height":2560,"caption":"collier"},{"@type":"BreadcrumbList","@id":"http:\/\/recover.lajunglebijoux.com\/es\/producto\/collar-tarot-muerte\/#breadcrumb","itemListElement":[{"@type":"ListItem","position":1,"name":"Portada","item":"https:\/\/recover.lajunglebijoux.com\/es\/"},{"@type":"ListItem","position":2,"name":"Tienda","item":"https:\/\/recover.lajunglebijoux.com\/es\/tienda\/"},{"@type":"ListItem","position":3,"name":"Collar tarot La Muerte oro o plata"}]},{"@type":"WebSite","@id":"https:\/\/recover.lajunglebijoux.com\/es\/#website","url":"https:\/\/recover.lajunglebijoux.com\/es\/","name":"La Jungle Bijoux","description":"","publisher":{"@id":"https:\/\/recover.lajunglebijoux.com\/es\/#organization"},"potentialAction":[{"@type":"SearchAction","target":{"@type":"EntryPoint","urlTemplate":"https:\/\/recover.lajunglebijoux.com\/es\/?s={search_term_string}"},"query-input":"required name=search_term_string"}],"inLanguage":"es"},{"@type":"Organization","@id":"https:\/\/recover.lajunglebijoux.com\/es\/#organization","name":"La Jungle Bijoux","url":"https:\/\/recover.lajunglebijoux.com\/es\/","logo":{"@type":"ImageObject","inLanguage":"es","@id":"https:\/\/recover.lajunglebijoux.com\/es\/#\/schema\/logo\/image\/","url":"http:\/\/recover.lajunglebijoux.com\/wp-content\/uploads\/2023\/01\/LOGO-FINAL-Fonce.jpg","contentUrl":"http:\/\/recover.lajunglebijoux.com\/wp-content\/uploads\/2023\/01\/LOGO-FINAL-Fonce.jpg","width":900,"height":900,"caption":"La Jungle Bijoux"},"image":{"@id":"https:\/\/recover.lajunglebijoux.com\/es\/#\/schema\/logo\/image\/"}}]}},"_links":{"self":[{"href":"http:\/\/recover.lajunglebijoux.com\/es\/wp-json\/wp\/v2\/product\/7806","targetHints":{"allow":["GET"]}}],"collection":[{"href":"http:\/\/recover.lajunglebijoux.com\/es\/wp-json\/wp\/v2\/product"}],"about":[{"href":"http:\/\/recover.lajunglebijoux.com\/es\/wp-json\/wp\/v2\/types\/product"}],"replies":[{"embeddable":true,"href":"http:\/\/recover.lajunglebijoux.com\/es\/wp-json\/wp\/v2\/comments?post=7806"}],"wp:featuredmedia":[{"embeddable":true,"href":"http:\/\/recover.lajunglebijoux.com\/es\/wp-json\/wp\/v2\/media\/4190"}],"wp:attachment":[{"href":"http:\/\/recover.lajunglebijoux.com\/es\/wp-json\/wp\/v2\/media?parent=7806"}],"wp:term":[{"taxonomy":"product_cat","embeddable":true,"href":"http:\/\/recover.lajunglebijoux.com\/es\/wp-json\/wp\/v2\/product_cat?post=7806"},{"taxonomy":"product_tag","embeddable":true,"href":"http:\/\/recover.lajunglebijoux.com\/es\/wp-json\/wp\/v2\/product_tag?post=7806"}],"curies":[{"name":"wp","href":"https:\/\/api.w.org\/{rel}","templated":true}]}}