{"id":7793,"date":"2023-01-02T09:26:39","date_gmt":"2023-01-02T07:26:39","guid":{"rendered":"http:\/\/jkjpwtk.cluster026.hosting.ovh.net\/product\/collier-tarot-temperance\/"},"modified":"2023-04-15T12:51:17","modified_gmt":"2023-04-15T12:51:17","slug":"collar-tarot-templanza","status":"publish","type":"product","link":"http:\/\/recover.lajunglebijoux.com\/es\/producto\/collar-tarot-templanza\/","title":{"rendered":"Collar tarot carta Templanza oro o plata"},"content":{"rendered":"<h2><b>Unas palabras de Jen, creadora de La Jungle Bijoux<\/b><\/h2>\n<p><span style=\"font-weight: 400;\">El collar Templanza en oro o plata ha sido creado en colaboraci\u00f3n con Ludivine Labb\u00e9, tarotista y escritora, y Myriam, ilustradora y especialista en energ\u00eda, que han aportado su experiencia a la creaci\u00f3n de esta joya. Tambi\u00e9n han preparado una carta ilustrada para que puedas hacer tuyo tu collar de tarot.<\/span><\/p>\n<p><span style=\"font-weight: 400;\">Para este collar, hemos elegido el Arcano de la Templanza que representa la dulzura y la comunicaci\u00f3n ben\u00e9vola. Es una figura sanadora que te invita a fluir y a conectar con el mundo. Con la joya de la Templanza, nunca estar\u00e1s sola. Esta carta del tarot apoya a los corazones heridos con energ\u00edas reconfortantes y calmantes.<\/span><\/p>\n<p><span style=\"font-weight: 400;\">El collar de la carta del tarot de la Templanza es para ti si&#8230;<\/span><\/p>\n<ul>\n<li style=\"font-weight: 400;\" aria-level=\"1\"><span style=\"font-weight: 400;\">Tienes heridas emocionales que est\u00e1n resurgiendo;<\/span><\/li>\n<li style=\"font-weight: 400;\" aria-level=\"1\"><span style=\"font-weight: 400;\">Necesitas comunicarte con m\u00e1s empat\u00eda, ya sea hacia ti misma o hacia los dem\u00e1s;<\/span><\/li>\n<li style=\"font-weight: 400;\" aria-level=\"1\"><span style=\"font-weight: 400;\">Te sientes sola;<\/span><\/li>\n<li style=\"font-weight: 400;\" aria-level=\"1\"><span style=\"font-weight: 400;\">Est\u00e1 atravesando un momento dif\u00edcil y necesita apoyo y consuelo.<\/span><\/li>\n<\/ul>\n","protected":false},"excerpt":{"rendered":"<p><span style=\"font-weight: 400;\">\u00a1Nunca m\u00e1s estar\u00e1s sola con el collar de cartas del tarot de la Templanza en oro o plata! Este arcana mayor del Tarot de Marsella es un s\u00edmbolo de protecci\u00f3n que te ayudar\u00e1 a curar tus heridas emocionales o tu soledad.<\/span><\/p>\n<p><span style=\"font-weight: 400;\">Est\u00e1 disponible en 2 colores:<\/span><\/p>\n<p><span style=\"font-weight: 400;\">Versi\u00f3n oro: colgante de alta resistencia chapado en oro de 18 quilates de 3 micras sobre una base de lat\u00f3n con una cadena de acero inoxidable dorada con oro fino.<\/span><\/p>\n<p><span style=\"font-weight: 400;\">Versi\u00f3n plateada: colgante de tarot de plata 925 rodiada de alta resistencia con cadena de acero inoxidable plateada.<\/span><\/p>\n<p><span style=\"font-weight: 400;\">El collar Templanza mide 45 cm de largo y su cadena ajustable le permite alargarlo 5 cm.<\/span><\/p>\n<p><span style=\"font-weight: 400;\">A\u00f1ada su propia piedra: este collar puede combinarse con un colgante de piedra litoter\u00e1pica amazonita elegida por su perfecta combinaci\u00f3n con el arcano de la Templanza.<\/span><\/p>\n<p><span style=\"font-weight: 400;\">Este es el regalo de la colecci\u00f3n Tarot Empoderador para ofrecer a alguien a quien quieras apoyar en una prueba, o para ofrec\u00e9rtelo a ti misma para que te aporte serenidad y protecci\u00f3n.<\/span><\/p>\n","protected":false},"featured_media":4251,"comment_status":"open","ping_status":"closed","template":"","meta":{"_acf_changed":false},"product_cat":[327],"product_tag":[],"class_list":{"0":"post-7793","1":"product","2":"type-product","3":"status-publish","4":"has-post-thumbnail","6":"product_cat-empowering-tarot-es","7":"pa_modele-collares","8":"pa_modele-joyas-plata","9":"pa_theme-joyas-astral-tarot","10":"pa_theme-piedras-litoterapia","12":"first","13":"instock","14":"sale","15":"shipping-taxable","16":"purchasable","17":"product-type-variable"},"acf":[],"yoast_head":"<!-- This site is optimized with the Yoast SEO plugin v23.3 - https:\/\/yoast.com\/wordpress\/plugins\/seo\/ -->\n<title>Collar tarot carta Templanza oro o plata - La Jungle Bijoux<\/title>\n<meta name=\"description\" content=\"Adopta el collar Templanza, la carta del tarot de Marsella asociada a la curaci\u00f3n. Disponible en chapado en oro o plata, con piedras de amazonita.\" \/>\n<meta name=\"robots\" content=\"index, follow, max-snippet:-1, max-image-preview:large, max-video-preview:-1\" \/>\n<link rel=\"canonical\" href=\"http:\/\/recover.lajunglebijoux.com\/es\/producto\/collar-tarot-templanza\/\" \/>\n<meta property=\"og:locale\" content=\"es_ES\" \/>\n<meta property=\"og:type\" content=\"article\" \/>\n<meta property=\"og:title\" content=\"Collar tarot carta Templanza oro o plata - La Jungle Bijoux\" \/>\n<meta property=\"og:description\" content=\"Adopta el collar Templanza, la carta del tarot de Marsella asociada a la curaci\u00f3n. Disponible en chapado en oro o plata, con piedras de amazonita.\" \/>\n<meta property=\"og:url\" content=\"http:\/\/recover.lajunglebijoux.com\/es\/producto\/collar-tarot-templanza\/\" \/>\n<meta property=\"og:site_name\" content=\"La Jungle Bijoux\" \/>\n<meta property=\"article:modified_time\" content=\"2023-04-15T12:51:17+00:00\" \/>\n<meta property=\"og:image\" content=\"http:\/\/recover.lajunglebijoux.com\/wp-content\/uploads\/2023\/01\/IMG_20221115_121619.jpg\" \/>\n\t<meta property=\"og:image:width\" content=\"2577\" \/>\n\t<meta property=\"og:image:height\" content=\"2574\" \/>\n\t<meta property=\"og:image:type\" content=\"image\/jpeg\" \/>\n<meta name=\"twitter:card\" content=\"summary_large_image\" \/>\n<meta name=\"twitter:label1\" content=\"Tiempo de lectura\" \/>\n\t<meta name=\"twitter:data1\" content=\"1 minuto\" \/>\n<script type=\"application\/ld+json\" class=\"yoast-schema-graph\">{\"@context\":\"https:\/\/schema.org\",\"@graph\":[{\"@type\":\"WebPage\",\"@id\":\"http:\/\/recover.lajunglebijoux.com\/es\/producto\/collar-tarot-templanza\/\",\"url\":\"http:\/\/recover.lajunglebijoux.com\/es\/producto\/collar-tarot-templanza\/\",\"name\":\"Collar tarot carta Templanza oro o plata - La Jungle Bijoux\",\"isPartOf\":{\"@id\":\"https:\/\/recover.lajunglebijoux.com\/es\/#website\"},\"primaryImageOfPage\":{\"@id\":\"http:\/\/recover.lajunglebijoux.com\/es\/producto\/collar-tarot-templanza\/#primaryimage\"},\"image\":{\"@id\":\"http:\/\/recover.lajunglebijoux.com\/es\/producto\/collar-tarot-templanza\/#primaryimage\"},\"thumbnailUrl\":\"http:\/\/recover.lajunglebijoux.com\/wp-content\/uploads\/2023\/01\/IMG_20221115_121619.jpg\",\"datePublished\":\"2023-01-02T07:26:39+00:00\",\"dateModified\":\"2023-04-15T12:51:17+00:00\",\"description\":\"Adopta el collar Templanza, la carta del tarot de Marsella asociada a la curaci\u00f3n. Disponible en chapado en oro o plata, con piedras de amazonita.\",\"breadcrumb\":{\"@id\":\"http:\/\/recover.lajunglebijoux.com\/es\/producto\/collar-tarot-templanza\/#breadcrumb\"},\"inLanguage\":\"es\",\"potentialAction\":[{\"@type\":\"ReadAction\",\"target\":[\"http:\/\/recover.lajunglebijoux.com\/es\/producto\/collar-tarot-templanza\/\"]}]},{\"@type\":\"ImageObject\",\"inLanguage\":\"es\",\"@id\":\"http:\/\/recover.lajunglebijoux.com\/es\/producto\/collar-tarot-templanza\/#primaryimage\",\"url\":\"http:\/\/recover.lajunglebijoux.com\/wp-content\/uploads\/2023\/01\/IMG_20221115_121619.jpg\",\"contentUrl\":\"http:\/\/recover.lajunglebijoux.com\/wp-content\/uploads\/2023\/01\/IMG_20221115_121619.jpg\",\"width\":2577,\"height\":2574,\"caption\":\"collier carte de tarot temp\u00e9rance or ou argent\"},{\"@type\":\"BreadcrumbList\",\"@id\":\"http:\/\/recover.lajunglebijoux.com\/es\/producto\/collar-tarot-templanza\/#breadcrumb\",\"itemListElement\":[{\"@type\":\"ListItem\",\"position\":1,\"name\":\"Portada\",\"item\":\"https:\/\/recover.lajunglebijoux.com\/es\/\"},{\"@type\":\"ListItem\",\"position\":2,\"name\":\"Tienda\",\"item\":\"https:\/\/recover.lajunglebijoux.com\/es\/tienda\/\"},{\"@type\":\"ListItem\",\"position\":3,\"name\":\"Collar tarot carta Templanza oro o plata\"}]},{\"@type\":\"WebSite\",\"@id\":\"https:\/\/recover.lajunglebijoux.com\/es\/#website\",\"url\":\"https:\/\/recover.lajunglebijoux.com\/es\/\",\"name\":\"La Jungle Bijoux\",\"description\":\"\",\"publisher\":{\"@id\":\"https:\/\/recover.lajunglebijoux.com\/es\/#organization\"},\"potentialAction\":[{\"@type\":\"SearchAction\",\"target\":{\"@type\":\"EntryPoint\",\"urlTemplate\":\"https:\/\/recover.lajunglebijoux.com\/es\/?s={search_term_string}\"},\"query-input\":\"required name=search_term_string\"}],\"inLanguage\":\"es\"},{\"@type\":\"Organization\",\"@id\":\"https:\/\/recover.lajunglebijoux.com\/es\/#organization\",\"name\":\"La Jungle Bijoux\",\"url\":\"https:\/\/recover.lajunglebijoux.com\/es\/\",\"logo\":{\"@type\":\"ImageObject\",\"inLanguage\":\"es\",\"@id\":\"https:\/\/recover.lajunglebijoux.com\/es\/#\/schema\/logo\/image\/\",\"url\":\"http:\/\/recover.lajunglebijoux.com\/wp-content\/uploads\/2023\/01\/LOGO-FINAL-Fonce.jpg\",\"contentUrl\":\"http:\/\/recover.lajunglebijoux.com\/wp-content\/uploads\/2023\/01\/LOGO-FINAL-Fonce.jpg\",\"width\":900,\"height\":900,\"caption\":\"La Jungle Bijoux\"},\"image\":{\"@id\":\"https:\/\/recover.lajunglebijoux.com\/es\/#\/schema\/logo\/image\/\"}}]}<\/script>\n<!-- \/ Yoast SEO plugin. -->","yoast_head_json":{"title":"Collar tarot carta Templanza oro o plata - La Jungle Bijoux","description":"Adopta el collar Templanza, la carta del tarot de Marsella asociada a la curaci\u00f3n. Disponible en chapado en oro o plata, con piedras de amazonita.","robots":{"index":"index","follow":"follow","max-snippet":"max-snippet:-1","max-image-preview":"max-image-preview:large","max-video-preview":"max-video-preview:-1"},"canonical":"http:\/\/recover.lajunglebijoux.com\/es\/producto\/collar-tarot-templanza\/","og_locale":"es_ES","og_type":"article","og_title":"Collar tarot carta Templanza oro o plata - La Jungle Bijoux","og_description":"Adopta el collar Templanza, la carta del tarot de Marsella asociada a la curaci\u00f3n. Disponible en chapado en oro o plata, con piedras de amazonita.","og_url":"http:\/\/recover.lajunglebijoux.com\/es\/producto\/collar-tarot-templanza\/","og_site_name":"La Jungle Bijoux","article_modified_time":"2023-04-15T12:51:17+00:00","og_image":[{"width":2577,"height":2574,"url":"http:\/\/recover.lajunglebijoux.com\/wp-content\/uploads\/2023\/01\/IMG_20221115_121619.jpg","type":"image\/jpeg"}],"twitter_card":"summary_large_image","twitter_misc":{"Tiempo de lectura":"1 minuto"},"schema":{"@context":"https:\/\/schema.org","@graph":[{"@type":"WebPage","@id":"http:\/\/recover.lajunglebijoux.com\/es\/producto\/collar-tarot-templanza\/","url":"http:\/\/recover.lajunglebijoux.com\/es\/producto\/collar-tarot-templanza\/","name":"Collar tarot carta Templanza oro o plata - La Jungle Bijoux","isPartOf":{"@id":"https:\/\/recover.lajunglebijoux.com\/es\/#website"},"primaryImageOfPage":{"@id":"http:\/\/recover.lajunglebijoux.com\/es\/producto\/collar-tarot-templanza\/#primaryimage"},"image":{"@id":"http:\/\/recover.lajunglebijoux.com\/es\/producto\/collar-tarot-templanza\/#primaryimage"},"thumbnailUrl":"http:\/\/recover.lajunglebijoux.com\/wp-content\/uploads\/2023\/01\/IMG_20221115_121619.jpg","datePublished":"2023-01-02T07:26:39+00:00","dateModified":"2023-04-15T12:51:17+00:00","description":"Adopta el collar Templanza, la carta del tarot de Marsella asociada a la curaci\u00f3n. Disponible en chapado en oro o plata, con piedras de amazonita.","breadcrumb":{"@id":"http:\/\/recover.lajunglebijoux.com\/es\/producto\/collar-tarot-templanza\/#breadcrumb"},"inLanguage":"es","potentialAction":[{"@type":"ReadAction","target":["http:\/\/recover.lajunglebijoux.com\/es\/producto\/collar-tarot-templanza\/"]}]},{"@type":"ImageObject","inLanguage":"es","@id":"http:\/\/recover.lajunglebijoux.com\/es\/producto\/collar-tarot-templanza\/#primaryimage","url":"http:\/\/recover.lajunglebijoux.com\/wp-content\/uploads\/2023\/01\/IMG_20221115_121619.jpg","contentUrl":"http:\/\/recover.lajunglebijoux.com\/wp-content\/uploads\/2023\/01\/IMG_20221115_121619.jpg","width":2577,"height":2574,"caption":"collier carte de tarot temp\u00e9rance or ou argent"},{"@type":"BreadcrumbList","@id":"http:\/\/recover.lajunglebijoux.com\/es\/producto\/collar-tarot-templanza\/#breadcrumb","itemListElement":[{"@type":"ListItem","position":1,"name":"Portada","item":"https:\/\/recover.lajunglebijoux.com\/es\/"},{"@type":"ListItem","position":2,"name":"Tienda","item":"https:\/\/recover.lajunglebijoux.com\/es\/tienda\/"},{"@type":"ListItem","position":3,"name":"Collar tarot carta Templanza oro o plata"}]},{"@type":"WebSite","@id":"https:\/\/recover.lajunglebijoux.com\/es\/#website","url":"https:\/\/recover.lajunglebijoux.com\/es\/","name":"La Jungle Bijoux","description":"","publisher":{"@id":"https:\/\/recover.lajunglebijoux.com\/es\/#organization"},"potentialAction":[{"@type":"SearchAction","target":{"@type":"EntryPoint","urlTemplate":"https:\/\/recover.lajunglebijoux.com\/es\/?s={search_term_string}"},"query-input":"required name=search_term_string"}],"inLanguage":"es"},{"@type":"Organization","@id":"https:\/\/recover.lajunglebijoux.com\/es\/#organization","name":"La Jungle Bijoux","url":"https:\/\/recover.lajunglebijoux.com\/es\/","logo":{"@type":"ImageObject","inLanguage":"es","@id":"https:\/\/recover.lajunglebijoux.com\/es\/#\/schema\/logo\/image\/","url":"http:\/\/recover.lajunglebijoux.com\/wp-content\/uploads\/2023\/01\/LOGO-FINAL-Fonce.jpg","contentUrl":"http:\/\/recover.lajunglebijoux.com\/wp-content\/uploads\/2023\/01\/LOGO-FINAL-Fonce.jpg","width":900,"height":900,"caption":"La Jungle Bijoux"},"image":{"@id":"https:\/\/recover.lajunglebijoux.com\/es\/#\/schema\/logo\/image\/"}}]}},"_links":{"self":[{"href":"http:\/\/recover.lajunglebijoux.com\/es\/wp-json\/wp\/v2\/product\/7793","targetHints":{"allow":["GET"]}}],"collection":[{"href":"http:\/\/recover.lajunglebijoux.com\/es\/wp-json\/wp\/v2\/product"}],"about":[{"href":"http:\/\/recover.lajunglebijoux.com\/es\/wp-json\/wp\/v2\/types\/product"}],"replies":[{"embeddable":true,"href":"http:\/\/recover.lajunglebijoux.com\/es\/wp-json\/wp\/v2\/comments?post=7793"}],"wp:featuredmedia":[{"embeddable":true,"href":"http:\/\/recover.lajunglebijoux.com\/es\/wp-json\/wp\/v2\/media\/4251"}],"wp:attachment":[{"href":"http:\/\/recover.lajunglebijoux.com\/es\/wp-json\/wp\/v2\/media?parent=7793"}],"wp:term":[{"taxonomy":"product_cat","embeddable":true,"href":"http:\/\/recover.lajunglebijoux.com\/es\/wp-json\/wp\/v2\/product_cat?post=7793"},{"taxonomy":"product_tag","embeddable":true,"href":"http:\/\/recover.lajunglebijoux.com\/es\/wp-json\/wp\/v2\/product_tag?post=7793"}],"curies":[{"name":"wp","href":"https:\/\/api.w.org\/{rel}","templated":true}]}}