{"id":7772,"date":"2023-01-02T09:44:30","date_gmt":"2023-01-02T07:44:30","guid":{"rendered":"http:\/\/jkjpwtk.cluster026.hosting.ovh.net\/product\/collier-tarot-imperatrice\/"},"modified":"2023-04-15T12:06:59","modified_gmt":"2023-04-15T12:06:59","slug":"collar-tarot-emperatriz","status":"publish","type":"product","link":"http:\/\/recover.lajunglebijoux.com\/es\/producto\/collar-tarot-emperatriz\/","title":{"rendered":"Collar tarot carta La Emperatriz oro o plata"},"content":{"rendered":"<h2><span style=\"font-weight: 400;\">Unas palabras de Jen, creadora de La Jungle Bijoux<\/span><\/h2>\n<p><span style=\"font-weight: 400;\">Para la creaci\u00f3n de este collar de cartas del tarot, elegimos la Emperatriz porque representa a la mujer poderosa, segura de s\u00ed misma y de su poder creativo. Seductora, la Emperatriz representa a la mujer que est\u00e1 a gusto con su cuerpo y su feminidad. Tambi\u00e9n en el amor, afirma su lugar y su independencia y busca una pareja que est\u00e9 en su misma onda. Los proyectos y las ideas de la Emperatriz son f\u00e9rtiles. Inspirada e inspiradora, \u00a1nunca le faltan ideas!<\/span><\/p>\n<p><span style=\"font-weight: 400;\">El Collar de la Emperatriz es para ti si&#8230;<\/span><\/p>\n<ul>\n<li><span style=\"font-weight: 400;\">Te falta confianza en ti misma;<\/span><\/li>\n<li><span style=\"font-weight: 400;\">Te gustar\u00eda construir una bella relaci\u00f3n con tu cuerpo;<\/span><\/li>\n<li><span style=\"font-weight: 400;\">Deseas desarrollar tu poder de seducci\u00f3n, tu carisma o tu aura;<\/span><\/li>\n<li><span style=\"font-weight: 400;\">Tienes un proyecto que requiere que desarrolles o concretes tus ideas creativas.<\/span><\/li>\n<\/ul>\n","protected":false},"excerpt":{"rendered":"<p>El collar de cartas del tarot de la Emperatriz es una carta cuyo poder te recordar\u00e1 al tuyo propio. Es el s\u00edmbolo de la mujer poderosa que te guiar\u00e1 para afrontar la vida con creatividad.<\/p>\n<p>Fabricado a mano en el taller La Jungle de Barcelona, el collar Emperatriz est\u00e1 disponible en dos colores:<\/p>\n<p>Color oro: la cadena es de acero inoxidable con ba\u00f1o de oro fino, y el colgante est\u00e1 chapado en oro de 24 quilates de 3 micras de alta resistencia.<br \/>\nColor plata: la cadena es de acero inoxidable chapado en plata, y el colgante es de plata 925 rodiada, que ofrece una calidad superior a la plata.<\/p>\n<p>El collar de cartas del tarot mide 45 cm de largo y tiene una cadena de extensi\u00f3n de 5 cm.<\/p>\n<p>A\u00f1ada su propia piedra: este collar tambi\u00e9n se puede combinar con un colgante amuleto de piedra litoter\u00e1pica citrina que multiplica por diez el poder de su collar.<\/p>\n<p>El collar de cartas Empowering Tarot, as\u00ed como toda la colecci\u00f3n Empowering Tarot, ha sido creado en colaboraci\u00f3n con Ludivine Labb\u00e9, tarotista y escritora, y Myriam, ilustradora y especialista en energ\u00eda. El collar de la Emperatriz viene con una carta ilustrada por Myriam.<\/p>\n","protected":false},"featured_media":4275,"comment_status":"open","ping_status":"closed","template":"","meta":{"_acf_changed":false},"product_cat":[327],"product_tag":[],"class_list":{"0":"post-7772","1":"product","2":"type-product","3":"status-publish","4":"has-post-thumbnail","6":"product_cat-empowering-tarot-es","7":"pa_modele-collares","8":"pa_modele-joyas-plata","9":"pa_modele-joyas-hombres","10":"pa_theme-joyas-astral-tarot","11":"pa_theme-piedras-litoterapia","13":"first","14":"instock","15":"sale","16":"shipping-taxable","17":"purchasable","18":"product-type-variable"},"acf":[],"yoast_head":"<!-- This site is optimized with the Yoast SEO plugin v23.3 - https:\/\/yoast.com\/wordpress\/plugins\/seo\/ -->\n<title>Collar tarot carta La Emperatriz oro o plata - La Jungle Bijoux<\/title>\n<meta name=\"description\" content=\"Libera el poder que hay en ti con el collar de carta del Tarot Emperatriz. Disponible en oro o plata con piedras de citrino.\" \/>\n<meta name=\"robots\" content=\"index, follow, max-snippet:-1, max-image-preview:large, max-video-preview:-1\" \/>\n<link rel=\"canonical\" href=\"http:\/\/recover.lajunglebijoux.com\/es\/producto\/collar-tarot-emperatriz\/\" \/>\n<meta property=\"og:locale\" content=\"es_ES\" \/>\n<meta property=\"og:type\" content=\"article\" \/>\n<meta property=\"og:title\" content=\"Collar tarot carta La Emperatriz oro o plata - La Jungle Bijoux\" \/>\n<meta property=\"og:description\" content=\"Libera el poder que hay en ti con el collar de carta del Tarot Emperatriz. Disponible en oro o plata con piedras de citrino.\" \/>\n<meta property=\"og:url\" content=\"http:\/\/recover.lajunglebijoux.com\/es\/producto\/collar-tarot-emperatriz\/\" \/>\n<meta property=\"og:site_name\" content=\"La Jungle Bijoux\" \/>\n<meta property=\"article:modified_time\" content=\"2023-04-15T12:06:59+00:00\" \/>\n<meta property=\"og:image\" content=\"http:\/\/recover.lajunglebijoux.com\/wp-content\/uploads\/2023\/01\/IMG_20221115_115201-scaled.jpg\" \/>\n\t<meta property=\"og:image:width\" content=\"1920\" \/>\n\t<meta property=\"og:image:height\" content=\"2560\" \/>\n\t<meta property=\"og:image:type\" content=\"image\/jpeg\" \/>\n<meta name=\"twitter:card\" content=\"summary_large_image\" \/>\n<meta name=\"twitter:label1\" content=\"Tiempo de lectura\" \/>\n\t<meta name=\"twitter:data1\" content=\"1 minuto\" \/>\n<script type=\"application\/ld+json\" class=\"yoast-schema-graph\">{\"@context\":\"https:\/\/schema.org\",\"@graph\":[{\"@type\":\"WebPage\",\"@id\":\"http:\/\/recover.lajunglebijoux.com\/es\/producto\/collar-tarot-emperatriz\/\",\"url\":\"http:\/\/recover.lajunglebijoux.com\/es\/producto\/collar-tarot-emperatriz\/\",\"name\":\"Collar tarot carta La Emperatriz oro o plata - La Jungle Bijoux\",\"isPartOf\":{\"@id\":\"https:\/\/recover.lajunglebijoux.com\/es\/#website\"},\"primaryImageOfPage\":{\"@id\":\"http:\/\/recover.lajunglebijoux.com\/es\/producto\/collar-tarot-emperatriz\/#primaryimage\"},\"image\":{\"@id\":\"http:\/\/recover.lajunglebijoux.com\/es\/producto\/collar-tarot-emperatriz\/#primaryimage\"},\"thumbnailUrl\":\"http:\/\/recover.lajunglebijoux.com\/wp-content\/uploads\/2023\/01\/IMG_20221115_115201-scaled.jpg\",\"datePublished\":\"2023-01-02T07:44:30+00:00\",\"dateModified\":\"2023-04-15T12:06:59+00:00\",\"description\":\"Libera el poder que hay en ti con el collar de carta del Tarot Emperatriz. Disponible en oro o plata con piedras de citrino.\",\"breadcrumb\":{\"@id\":\"http:\/\/recover.lajunglebijoux.com\/es\/producto\/collar-tarot-emperatriz\/#breadcrumb\"},\"inLanguage\":\"es\",\"potentialAction\":[{\"@type\":\"ReadAction\",\"target\":[\"http:\/\/recover.lajunglebijoux.com\/es\/producto\/collar-tarot-emperatriz\/\"]}]},{\"@type\":\"ImageObject\",\"inLanguage\":\"es\",\"@id\":\"http:\/\/recover.lajunglebijoux.com\/es\/producto\/collar-tarot-emperatriz\/#primaryimage\",\"url\":\"http:\/\/recover.lajunglebijoux.com\/wp-content\/uploads\/2023\/01\/IMG_20221115_115201-scaled.jpg\",\"contentUrl\":\"http:\/\/recover.lajunglebijoux.com\/wp-content\/uploads\/2023\/01\/IMG_20221115_115201-scaled.jpg\",\"width\":1920,\"height\":2560,\"caption\":\"collier carte de tarot l'imp\u00e9ratrice en or ou argent\"},{\"@type\":\"BreadcrumbList\",\"@id\":\"http:\/\/recover.lajunglebijoux.com\/es\/producto\/collar-tarot-emperatriz\/#breadcrumb\",\"itemListElement\":[{\"@type\":\"ListItem\",\"position\":1,\"name\":\"Portada\",\"item\":\"https:\/\/recover.lajunglebijoux.com\/es\/\"},{\"@type\":\"ListItem\",\"position\":2,\"name\":\"Tienda\",\"item\":\"https:\/\/recover.lajunglebijoux.com\/es\/tienda\/\"},{\"@type\":\"ListItem\",\"position\":3,\"name\":\"Collar tarot carta La Emperatriz oro o plata\"}]},{\"@type\":\"WebSite\",\"@id\":\"https:\/\/recover.lajunglebijoux.com\/es\/#website\",\"url\":\"https:\/\/recover.lajunglebijoux.com\/es\/\",\"name\":\"La Jungle Bijoux\",\"description\":\"\",\"publisher\":{\"@id\":\"https:\/\/recover.lajunglebijoux.com\/es\/#organization\"},\"potentialAction\":[{\"@type\":\"SearchAction\",\"target\":{\"@type\":\"EntryPoint\",\"urlTemplate\":\"https:\/\/recover.lajunglebijoux.com\/es\/?s={search_term_string}\"},\"query-input\":\"required name=search_term_string\"}],\"inLanguage\":\"es\"},{\"@type\":\"Organization\",\"@id\":\"https:\/\/recover.lajunglebijoux.com\/es\/#organization\",\"name\":\"La Jungle Bijoux\",\"url\":\"https:\/\/recover.lajunglebijoux.com\/es\/\",\"logo\":{\"@type\":\"ImageObject\",\"inLanguage\":\"es\",\"@id\":\"https:\/\/recover.lajunglebijoux.com\/es\/#\/schema\/logo\/image\/\",\"url\":\"http:\/\/recover.lajunglebijoux.com\/wp-content\/uploads\/2023\/01\/LOGO-FINAL-Fonce.jpg\",\"contentUrl\":\"http:\/\/recover.lajunglebijoux.com\/wp-content\/uploads\/2023\/01\/LOGO-FINAL-Fonce.jpg\",\"width\":900,\"height\":900,\"caption\":\"La Jungle Bijoux\"},\"image\":{\"@id\":\"https:\/\/recover.lajunglebijoux.com\/es\/#\/schema\/logo\/image\/\"}}]}<\/script>\n<!-- \/ Yoast SEO plugin. -->","yoast_head_json":{"title":"Collar tarot carta La Emperatriz oro o plata - La Jungle Bijoux","description":"Libera el poder que hay en ti con el collar de carta del Tarot Emperatriz. Disponible en oro o plata con piedras de citrino.","robots":{"index":"index","follow":"follow","max-snippet":"max-snippet:-1","max-image-preview":"max-image-preview:large","max-video-preview":"max-video-preview:-1"},"canonical":"http:\/\/recover.lajunglebijoux.com\/es\/producto\/collar-tarot-emperatriz\/","og_locale":"es_ES","og_type":"article","og_title":"Collar tarot carta La Emperatriz oro o plata - La Jungle Bijoux","og_description":"Libera el poder que hay en ti con el collar de carta del Tarot Emperatriz. Disponible en oro o plata con piedras de citrino.","og_url":"http:\/\/recover.lajunglebijoux.com\/es\/producto\/collar-tarot-emperatriz\/","og_site_name":"La Jungle Bijoux","article_modified_time":"2023-04-15T12:06:59+00:00","og_image":[{"width":1920,"height":2560,"url":"http:\/\/recover.lajunglebijoux.com\/wp-content\/uploads\/2023\/01\/IMG_20221115_115201-scaled.jpg","type":"image\/jpeg"}],"twitter_card":"summary_large_image","twitter_misc":{"Tiempo de lectura":"1 minuto"},"schema":{"@context":"https:\/\/schema.org","@graph":[{"@type":"WebPage","@id":"http:\/\/recover.lajunglebijoux.com\/es\/producto\/collar-tarot-emperatriz\/","url":"http:\/\/recover.lajunglebijoux.com\/es\/producto\/collar-tarot-emperatriz\/","name":"Collar tarot carta La Emperatriz oro o plata - La Jungle Bijoux","isPartOf":{"@id":"https:\/\/recover.lajunglebijoux.com\/es\/#website"},"primaryImageOfPage":{"@id":"http:\/\/recover.lajunglebijoux.com\/es\/producto\/collar-tarot-emperatriz\/#primaryimage"},"image":{"@id":"http:\/\/recover.lajunglebijoux.com\/es\/producto\/collar-tarot-emperatriz\/#primaryimage"},"thumbnailUrl":"http:\/\/recover.lajunglebijoux.com\/wp-content\/uploads\/2023\/01\/IMG_20221115_115201-scaled.jpg","datePublished":"2023-01-02T07:44:30+00:00","dateModified":"2023-04-15T12:06:59+00:00","description":"Libera el poder que hay en ti con el collar de carta del Tarot Emperatriz. Disponible en oro o plata con piedras de citrino.","breadcrumb":{"@id":"http:\/\/recover.lajunglebijoux.com\/es\/producto\/collar-tarot-emperatriz\/#breadcrumb"},"inLanguage":"es","potentialAction":[{"@type":"ReadAction","target":["http:\/\/recover.lajunglebijoux.com\/es\/producto\/collar-tarot-emperatriz\/"]}]},{"@type":"ImageObject","inLanguage":"es","@id":"http:\/\/recover.lajunglebijoux.com\/es\/producto\/collar-tarot-emperatriz\/#primaryimage","url":"http:\/\/recover.lajunglebijoux.com\/wp-content\/uploads\/2023\/01\/IMG_20221115_115201-scaled.jpg","contentUrl":"http:\/\/recover.lajunglebijoux.com\/wp-content\/uploads\/2023\/01\/IMG_20221115_115201-scaled.jpg","width":1920,"height":2560,"caption":"collier carte de tarot l'imp\u00e9ratrice en or ou argent"},{"@type":"BreadcrumbList","@id":"http:\/\/recover.lajunglebijoux.com\/es\/producto\/collar-tarot-emperatriz\/#breadcrumb","itemListElement":[{"@type":"ListItem","position":1,"name":"Portada","item":"https:\/\/recover.lajunglebijoux.com\/es\/"},{"@type":"ListItem","position":2,"name":"Tienda","item":"https:\/\/recover.lajunglebijoux.com\/es\/tienda\/"},{"@type":"ListItem","position":3,"name":"Collar tarot carta La Emperatriz oro o plata"}]},{"@type":"WebSite","@id":"https:\/\/recover.lajunglebijoux.com\/es\/#website","url":"https:\/\/recover.lajunglebijoux.com\/es\/","name":"La Jungle Bijoux","description":"","publisher":{"@id":"https:\/\/recover.lajunglebijoux.com\/es\/#organization"},"potentialAction":[{"@type":"SearchAction","target":{"@type":"EntryPoint","urlTemplate":"https:\/\/recover.lajunglebijoux.com\/es\/?s={search_term_string}"},"query-input":"required name=search_term_string"}],"inLanguage":"es"},{"@type":"Organization","@id":"https:\/\/recover.lajunglebijoux.com\/es\/#organization","name":"La Jungle Bijoux","url":"https:\/\/recover.lajunglebijoux.com\/es\/","logo":{"@type":"ImageObject","inLanguage":"es","@id":"https:\/\/recover.lajunglebijoux.com\/es\/#\/schema\/logo\/image\/","url":"http:\/\/recover.lajunglebijoux.com\/wp-content\/uploads\/2023\/01\/LOGO-FINAL-Fonce.jpg","contentUrl":"http:\/\/recover.lajunglebijoux.com\/wp-content\/uploads\/2023\/01\/LOGO-FINAL-Fonce.jpg","width":900,"height":900,"caption":"La Jungle Bijoux"},"image":{"@id":"https:\/\/recover.lajunglebijoux.com\/es\/#\/schema\/logo\/image\/"}}]}},"_links":{"self":[{"href":"http:\/\/recover.lajunglebijoux.com\/es\/wp-json\/wp\/v2\/product\/7772","targetHints":{"allow":["GET"]}}],"collection":[{"href":"http:\/\/recover.lajunglebijoux.com\/es\/wp-json\/wp\/v2\/product"}],"about":[{"href":"http:\/\/recover.lajunglebijoux.com\/es\/wp-json\/wp\/v2\/types\/product"}],"replies":[{"embeddable":true,"href":"http:\/\/recover.lajunglebijoux.com\/es\/wp-json\/wp\/v2\/comments?post=7772"}],"wp:featuredmedia":[{"embeddable":true,"href":"http:\/\/recover.lajunglebijoux.com\/es\/wp-json\/wp\/v2\/media\/4275"}],"wp:attachment":[{"href":"http:\/\/recover.lajunglebijoux.com\/es\/wp-json\/wp\/v2\/media?parent=7772"}],"wp:term":[{"taxonomy":"product_cat","embeddable":true,"href":"http:\/\/recover.lajunglebijoux.com\/es\/wp-json\/wp\/v2\/product_cat?post=7772"},{"taxonomy":"product_tag","embeddable":true,"href":"http:\/\/recover.lajunglebijoux.com\/es\/wp-json\/wp\/v2\/product_tag?post=7772"}],"curies":[{"name":"wp","href":"https:\/\/api.w.org\/{rel}","templated":true}]}}