{"id":7533,"date":"2022-11-18T09:07:28","date_gmt":"2022-11-18T07:07:28","guid":{"rendered":"http:\/\/jkjpwtk.cluster026.hosting.ovh.net\/product\/bague-fleurs-roses-or\/"},"modified":"2023-04-06T11:28:42","modified_gmt":"2023-04-06T11:28:42","slug":"anillo-flores-rosa-oro","status":"publish","type":"product","link":"http:\/\/recover.lajunglebijoux.com\/es\/producto\/anillo-flores-rosa-oro\/","title":{"rendered":"Anillo con rosas \u00abCelebrar con flores\u00bb"},"content":{"rendered":"","protected":false},"excerpt":{"rendered":"<p><span style=\"font-weight: 400;\">Estos anillos con dise\u00f1os de rosas se inspiran en la mujer y la naturaleza. Esta creaci\u00f3n tan femenina es ideal para celebrar un nacimiento, un cumplea\u00f1os, el D\u00eda de la Madre, San Valent\u00edn o Sant Jordi en Catalu\u00f1a&#8230;<\/span><\/p>\n<p><span style=\"font-weight: 400;\">Ya no tendr\u00e1 que elegir entre una joya o unas flores para complacerte o complacer a los dem\u00e1s.<\/span><\/p>\n<p><span style=\"font-weight: 400;\">Este anillo est\u00e1 disponible en dos versiones: en plata de ley o en lat\u00f3n chapado en oro de 24 quilates de 3 micras. Es ajustable y, por tanto, \u00a1apto para todo el mundo!<\/span><\/p>\n<h2><span style=\"font-weight: 400;\">Consejos de mantenimiento<\/span><\/h2>\n<p><span style=\"font-weight: 400;\">Guarde los anillos en su bolsita y evite el contacto repetido con el agua, la transpiraci\u00f3n o el alcohol (presente en perfumes y ciertos productos de belleza).<\/span><\/p>\n<p><span style=\"font-weight: 400;\">Quita los anillos cuando te laves las manos o utilices un gel hidroalcoh\u00f3lico.<\/span><\/p>\n","protected":false},"featured_media":3103,"comment_status":"open","ping_status":"closed","template":"","meta":{"_acf_changed":false},"product_cat":[137],"product_tag":[],"class_list":{"0":"post-7533","1":"product","2":"type-product","3":"status-publish","4":"has-post-thumbnail","6":"product_cat-celebrar-con-flores","7":"pa_modele-anillos","8":"pa_theme-joyas-naturaleza","9":"pa_theme-joyas-amor","10":"pa_theme-estilo-vintage","12":"first","13":"instock","14":"sale","15":"shipping-taxable","16":"purchasable","17":"product-type-variable"},"acf":[],"yoast_head":"<!-- This site is optimized with the Yoast SEO plugin v23.3 - https:\/\/yoast.com\/wordpress\/plugins\/seo\/ -->\n<title>Anillo con rosas &quot;Celebrar con flores&quot; - La Jungle Bijoux<\/title>\n<meta name=\"description\" content=\"\u00bfQuiere regalar una joya? Celebra todas las ocasiones con este anillo floreado en oro o plata. Hecho a mano en Barcelona.\" \/>\n<meta name=\"robots\" content=\"index, follow, max-snippet:-1, max-image-preview:large, max-video-preview:-1\" \/>\n<link rel=\"canonical\" href=\"http:\/\/recover.lajunglebijoux.com\/es\/producto\/anillo-flores-rosa-oro\/\" \/>\n<meta property=\"og:locale\" content=\"es_ES\" \/>\n<meta property=\"og:type\" content=\"article\" \/>\n<meta property=\"og:title\" content=\"Anillo con rosas &quot;Celebrar con flores&quot; - La Jungle Bijoux\" \/>\n<meta property=\"og:description\" content=\"\u00bfQuiere regalar una joya? Celebra todas las ocasiones con este anillo floreado en oro o plata. Hecho a mano en Barcelona.\" \/>\n<meta property=\"og:url\" content=\"http:\/\/recover.lajunglebijoux.com\/es\/producto\/anillo-flores-rosa-oro\/\" \/>\n<meta property=\"og:site_name\" content=\"La Jungle Bijoux\" \/>\n<meta property=\"article:modified_time\" content=\"2023-04-06T11:28:42+00:00\" \/>\n<meta property=\"og:image\" content=\"http:\/\/recover.lajunglebijoux.com\/wp-content\/uploads\/2022\/11\/IMG_20220510_090338.jpg\" \/>\n\t<meta property=\"og:image:width\" content=\"3239\" \/>\n\t<meta property=\"og:image:height\" content=\"3239\" \/>\n\t<meta property=\"og:image:type\" content=\"image\/jpeg\" \/>\n<meta name=\"twitter:card\" content=\"summary_large_image\" \/>\n<script type=\"application\/ld+json\" class=\"yoast-schema-graph\">{\"@context\":\"https:\/\/schema.org\",\"@graph\":[{\"@type\":\"WebPage\",\"@id\":\"http:\/\/recover.lajunglebijoux.com\/es\/producto\/anillo-flores-rosa-oro\/\",\"url\":\"http:\/\/recover.lajunglebijoux.com\/es\/producto\/anillo-flores-rosa-oro\/\",\"name\":\"Anillo con rosas \\\"Celebrar con flores\\\" - La Jungle Bijoux\",\"isPartOf\":{\"@id\":\"https:\/\/recover.lajunglebijoux.com\/es\/#website\"},\"primaryImageOfPage\":{\"@id\":\"http:\/\/recover.lajunglebijoux.com\/es\/producto\/anillo-flores-rosa-oro\/#primaryimage\"},\"image\":{\"@id\":\"http:\/\/recover.lajunglebijoux.com\/es\/producto\/anillo-flores-rosa-oro\/#primaryimage\"},\"thumbnailUrl\":\"http:\/\/recover.lajunglebijoux.com\/wp-content\/uploads\/2022\/11\/IMG_20220510_090338.jpg\",\"datePublished\":\"2022-11-18T07:07:28+00:00\",\"dateModified\":\"2023-04-06T11:28:42+00:00\",\"description\":\"\u00bfQuiere regalar una joya? Celebra todas las ocasiones con este anillo floreado en oro o plata. Hecho a mano en Barcelona.\",\"breadcrumb\":{\"@id\":\"http:\/\/recover.lajunglebijoux.com\/es\/producto\/anillo-flores-rosa-oro\/#breadcrumb\"},\"inLanguage\":\"es\",\"potentialAction\":[{\"@type\":\"ReadAction\",\"target\":[\"http:\/\/recover.lajunglebijoux.com\/es\/producto\/anillo-flores-rosa-oro\/\"]}]},{\"@type\":\"ImageObject\",\"inLanguage\":\"es\",\"@id\":\"http:\/\/recover.lajunglebijoux.com\/es\/producto\/anillo-flores-rosa-oro\/#primaryimage\",\"url\":\"http:\/\/recover.lajunglebijoux.com\/wp-content\/uploads\/2022\/11\/IMG_20220510_090338.jpg\",\"contentUrl\":\"http:\/\/recover.lajunglebijoux.com\/wp-content\/uploads\/2022\/11\/IMG_20220510_090338.jpg\",\"width\":3239,\"height\":3239,\"caption\":\"bague c\u00e9l\u00e9brer avec des fleurs\"},{\"@type\":\"BreadcrumbList\",\"@id\":\"http:\/\/recover.lajunglebijoux.com\/es\/producto\/anillo-flores-rosa-oro\/#breadcrumb\",\"itemListElement\":[{\"@type\":\"ListItem\",\"position\":1,\"name\":\"Portada\",\"item\":\"http:\/\/recover.lajunglebijoux.com\/es\/\"},{\"@type\":\"ListItem\",\"position\":2,\"name\":\"Tienda\",\"item\":\"http:\/\/recover.lajunglebijoux.com\/es\/tienda\/\"},{\"@type\":\"ListItem\",\"position\":3,\"name\":\"Anillo con rosas \u00abCelebrar con flores\u00bb\"}]},{\"@type\":\"WebSite\",\"@id\":\"https:\/\/recover.lajunglebijoux.com\/es\/#website\",\"url\":\"https:\/\/recover.lajunglebijoux.com\/es\/\",\"name\":\"La Jungle Bijoux\",\"description\":\"\",\"publisher\":{\"@id\":\"https:\/\/recover.lajunglebijoux.com\/es\/#organization\"},\"potentialAction\":[{\"@type\":\"SearchAction\",\"target\":{\"@type\":\"EntryPoint\",\"urlTemplate\":\"https:\/\/recover.lajunglebijoux.com\/es\/?s={search_term_string}\"},\"query-input\":\"required name=search_term_string\"}],\"inLanguage\":\"es\"},{\"@type\":\"Organization\",\"@id\":\"https:\/\/recover.lajunglebijoux.com\/es\/#organization\",\"name\":\"La Jungle Bijoux\",\"url\":\"https:\/\/recover.lajunglebijoux.com\/es\/\",\"logo\":{\"@type\":\"ImageObject\",\"inLanguage\":\"es\",\"@id\":\"https:\/\/recover.lajunglebijoux.com\/es\/#\/schema\/logo\/image\/\",\"url\":\"http:\/\/recover.lajunglebijoux.com\/wp-content\/uploads\/2023\/01\/LOGO-FINAL-Fonce.jpg\",\"contentUrl\":\"http:\/\/recover.lajunglebijoux.com\/wp-content\/uploads\/2023\/01\/LOGO-FINAL-Fonce.jpg\",\"width\":900,\"height\":900,\"caption\":\"La Jungle Bijoux\"},\"image\":{\"@id\":\"https:\/\/recover.lajunglebijoux.com\/es\/#\/schema\/logo\/image\/\"}}]}<\/script>\n<!-- \/ Yoast SEO plugin. -->","yoast_head_json":{"title":"Anillo con rosas \"Celebrar con flores\" - La Jungle Bijoux","description":"\u00bfQuiere regalar una joya? Celebra todas las ocasiones con este anillo floreado en oro o plata. Hecho a mano en Barcelona.","robots":{"index":"index","follow":"follow","max-snippet":"max-snippet:-1","max-image-preview":"max-image-preview:large","max-video-preview":"max-video-preview:-1"},"canonical":"http:\/\/recover.lajunglebijoux.com\/es\/producto\/anillo-flores-rosa-oro\/","og_locale":"es_ES","og_type":"article","og_title":"Anillo con rosas \"Celebrar con flores\" - La Jungle Bijoux","og_description":"\u00bfQuiere regalar una joya? Celebra todas las ocasiones con este anillo floreado en oro o plata. Hecho a mano en Barcelona.","og_url":"http:\/\/recover.lajunglebijoux.com\/es\/producto\/anillo-flores-rosa-oro\/","og_site_name":"La Jungle Bijoux","article_modified_time":"2023-04-06T11:28:42+00:00","og_image":[{"width":3239,"height":3239,"url":"http:\/\/recover.lajunglebijoux.com\/wp-content\/uploads\/2022\/11\/IMG_20220510_090338.jpg","type":"image\/jpeg"}],"twitter_card":"summary_large_image","schema":{"@context":"https:\/\/schema.org","@graph":[{"@type":"WebPage","@id":"http:\/\/recover.lajunglebijoux.com\/es\/producto\/anillo-flores-rosa-oro\/","url":"http:\/\/recover.lajunglebijoux.com\/es\/producto\/anillo-flores-rosa-oro\/","name":"Anillo con rosas \"Celebrar con flores\" - La Jungle Bijoux","isPartOf":{"@id":"https:\/\/recover.lajunglebijoux.com\/es\/#website"},"primaryImageOfPage":{"@id":"http:\/\/recover.lajunglebijoux.com\/es\/producto\/anillo-flores-rosa-oro\/#primaryimage"},"image":{"@id":"http:\/\/recover.lajunglebijoux.com\/es\/producto\/anillo-flores-rosa-oro\/#primaryimage"},"thumbnailUrl":"http:\/\/recover.lajunglebijoux.com\/wp-content\/uploads\/2022\/11\/IMG_20220510_090338.jpg","datePublished":"2022-11-18T07:07:28+00:00","dateModified":"2023-04-06T11:28:42+00:00","description":"\u00bfQuiere regalar una joya? Celebra todas las ocasiones con este anillo floreado en oro o plata. Hecho a mano en Barcelona.","breadcrumb":{"@id":"http:\/\/recover.lajunglebijoux.com\/es\/producto\/anillo-flores-rosa-oro\/#breadcrumb"},"inLanguage":"es","potentialAction":[{"@type":"ReadAction","target":["http:\/\/recover.lajunglebijoux.com\/es\/producto\/anillo-flores-rosa-oro\/"]}]},{"@type":"ImageObject","inLanguage":"es","@id":"http:\/\/recover.lajunglebijoux.com\/es\/producto\/anillo-flores-rosa-oro\/#primaryimage","url":"http:\/\/recover.lajunglebijoux.com\/wp-content\/uploads\/2022\/11\/IMG_20220510_090338.jpg","contentUrl":"http:\/\/recover.lajunglebijoux.com\/wp-content\/uploads\/2022\/11\/IMG_20220510_090338.jpg","width":3239,"height":3239,"caption":"bague c\u00e9l\u00e9brer avec des fleurs"},{"@type":"BreadcrumbList","@id":"http:\/\/recover.lajunglebijoux.com\/es\/producto\/anillo-flores-rosa-oro\/#breadcrumb","itemListElement":[{"@type":"ListItem","position":1,"name":"Portada","item":"http:\/\/recover.lajunglebijoux.com\/es\/"},{"@type":"ListItem","position":2,"name":"Tienda","item":"http:\/\/recover.lajunglebijoux.com\/es\/tienda\/"},{"@type":"ListItem","position":3,"name":"Anillo con rosas \u00abCelebrar con flores\u00bb"}]},{"@type":"WebSite","@id":"https:\/\/recover.lajunglebijoux.com\/es\/#website","url":"https:\/\/recover.lajunglebijoux.com\/es\/","name":"La Jungle Bijoux","description":"","publisher":{"@id":"https:\/\/recover.lajunglebijoux.com\/es\/#organization"},"potentialAction":[{"@type":"SearchAction","target":{"@type":"EntryPoint","urlTemplate":"https:\/\/recover.lajunglebijoux.com\/es\/?s={search_term_string}"},"query-input":"required name=search_term_string"}],"inLanguage":"es"},{"@type":"Organization","@id":"https:\/\/recover.lajunglebijoux.com\/es\/#organization","name":"La Jungle Bijoux","url":"https:\/\/recover.lajunglebijoux.com\/es\/","logo":{"@type":"ImageObject","inLanguage":"es","@id":"https:\/\/recover.lajunglebijoux.com\/es\/#\/schema\/logo\/image\/","url":"http:\/\/recover.lajunglebijoux.com\/wp-content\/uploads\/2023\/01\/LOGO-FINAL-Fonce.jpg","contentUrl":"http:\/\/recover.lajunglebijoux.com\/wp-content\/uploads\/2023\/01\/LOGO-FINAL-Fonce.jpg","width":900,"height":900,"caption":"La Jungle Bijoux"},"image":{"@id":"https:\/\/recover.lajunglebijoux.com\/es\/#\/schema\/logo\/image\/"}}]}},"_links":{"self":[{"href":"http:\/\/recover.lajunglebijoux.com\/es\/wp-json\/wp\/v2\/product\/7533","targetHints":{"allow":["GET"]}}],"collection":[{"href":"http:\/\/recover.lajunglebijoux.com\/es\/wp-json\/wp\/v2\/product"}],"about":[{"href":"http:\/\/recover.lajunglebijoux.com\/es\/wp-json\/wp\/v2\/types\/product"}],"replies":[{"embeddable":true,"href":"http:\/\/recover.lajunglebijoux.com\/es\/wp-json\/wp\/v2\/comments?post=7533"}],"wp:featuredmedia":[{"embeddable":true,"href":"http:\/\/recover.lajunglebijoux.com\/es\/wp-json\/wp\/v2\/media\/3103"}],"wp:attachment":[{"href":"http:\/\/recover.lajunglebijoux.com\/es\/wp-json\/wp\/v2\/media?parent=7533"}],"wp:term":[{"taxonomy":"product_cat","embeddable":true,"href":"http:\/\/recover.lajunglebijoux.com\/es\/wp-json\/wp\/v2\/product_cat?post=7533"},{"taxonomy":"product_tag","embeddable":true,"href":"http:\/\/recover.lajunglebijoux.com\/es\/wp-json\/wp\/v2\/product_tag?post=7533"}],"curies":[{"name":"wp","href":"https:\/\/api.w.org\/{rel}","templated":true}]}}