{"id":7529,"date":"2022-12-07T11:46:59","date_gmt":"2022-12-07T09:46:59","guid":{"rendered":"http:\/\/jkjpwtk.cluster026.hosting.ovh.net\/product\/bracelet-fleur-or\/"},"modified":"2023-04-06T11:12:38","modified_gmt":"2023-04-06T11:12:38","slug":"pusera-flor-oro-plata","status":"publish","type":"product","link":"http:\/\/recover.lajunglebijoux.com\/es\/producto\/pusera-flor-oro-plata\/","title":{"rendered":"Pulsera Flor de Oro o Plata"},"content":{"rendered":"","protected":false},"excerpt":{"rendered":"<p><span style=\"font-weight: 400;\">La rosa es la flor del amor. La pulsera \u00abCelebra con flores\u00bb es una oportunidad para celebrar tu amor propio o el de la persona a la que la regalas.<\/span><\/p>\n<p><span style=\"font-weight: 400;\">\u00bfElegir entre un ramo de flores o una joya? \u00a1No queremos elegir! Esta pulsera, adornada con una flor chapada en oro de 3 micras de 24 quilates sobre una base de lat\u00f3n o directamente en plata de ley, es una joya elegante y discreta para regalar en un cumplea\u00f1os, el D\u00eda de San Valent\u00edn, Sant Jordi en Catalu\u00f1a o el D\u00eda de la Madre.<\/span><\/p>\n<p><span style=\"font-weight: 400;\">Esta pulsera est\u00e1 disponible en dos versiones:<\/span><\/p>\n<ul>\n<li style=\"font-weight: 400;\" aria-level=\"1\"><span style=\"font-weight: 400;\">Lat\u00f3n chapado en oro de 24 quilates de 3 micras<\/span><\/li>\n<li style=\"font-weight: 400;\" aria-level=\"1\"><span style=\"font-weight: 400;\">Plata de ley<\/span><\/li>\n<\/ul>\n<p><span style=\"font-weight: 400;\">Tambi\u00e9n puede combinar esta pulsera rosa con los pendientes, anillos y collar a juego de la colecci\u00f3n \u00abCelebra con flores\u00bb.<\/span><\/p>\n<p><span style=\"font-weight: 400;\">Hecho a mano en el taller La Jungle de Barcelona.<\/span><\/p>\n<h2>Consejos de mantenimiento<\/h2>\n<p><span style=\"font-weight: 400;\">Para conservar tu pulsera rosa el mayor tiempo posible, gu\u00e1rdala en la bolsita textil reciclada que recibir\u00e1s con tu pedido. Te recomendamos que evites el contacto con el agua, perfumes o productos de limpieza. No olvides quit\u00e1rtela antes de ir a dormir o hacer deporte, para que no se rompa.<\/span><\/p>\n","protected":false},"featured_media":7526,"comment_status":"open","ping_status":"closed","template":"","meta":{"_acf_changed":false},"product_cat":[137],"product_tag":[],"class_list":{"0":"post-7529","1":"product","2":"type-product","3":"status-publish","4":"has-post-thumbnail","6":"product_cat-celebrar-con-flores","7":"pa_modele-pulseras","8":"pa_theme-joyas-naturaleza","9":"pa_theme-joyas-amor","11":"first","12":"instock","13":"shipping-taxable","14":"purchasable","15":"product-type-variable"},"acf":[],"yoast_head":"<!-- This site is optimized with the Yoast SEO plugin v23.3 - https:\/\/yoast.com\/wordpress\/plugins\/seo\/ -->\n<title>Pulsera Flor de Oro o Plata - La Jungle Bijoux<\/title>\n<meta name=\"description\" content=\"\u00a1Ofr\u00e9zca o reg\u00e1late nuestra pulsera rosa en oro o plata! Una joya fina y discreta, hecha a mano en Barcelona, que te dar\u00e1 un look \u00fanico.\" \/>\n<meta name=\"robots\" content=\"index, follow, max-snippet:-1, max-image-preview:large, max-video-preview:-1\" \/>\n<link rel=\"canonical\" href=\"http:\/\/recover.lajunglebijoux.com\/es\/producto\/pusera-flor-oro-plata\/\" \/>\n<meta property=\"og:locale\" content=\"es_ES\" \/>\n<meta property=\"og:type\" content=\"article\" \/>\n<meta property=\"og:title\" content=\"Pulsera Flor de Oro o Plata - La Jungle Bijoux\" \/>\n<meta property=\"og:description\" content=\"\u00a1Ofr\u00e9zca o reg\u00e1late nuestra pulsera rosa en oro o plata! Una joya fina y discreta, hecha a mano en Barcelona, que te dar\u00e1 un look \u00fanico.\" \/>\n<meta property=\"og:url\" content=\"http:\/\/recover.lajunglebijoux.com\/es\/producto\/pusera-flor-oro-plata\/\" \/>\n<meta property=\"og:site_name\" content=\"La Jungle Bijoux\" \/>\n<meta property=\"article:modified_time\" content=\"2023-04-06T11:12:38+00:00\" \/>\n<meta property=\"og:image\" content=\"http:\/\/recover.lajunglebijoux.com\/wp-content\/uploads\/2022\/12\/bracelet-or-ou-argent.jpg\" \/>\n\t<meta property=\"og:image:width\" content=\"2560\" \/>\n\t<meta property=\"og:image:height\" content=\"2560\" \/>\n\t<meta property=\"og:image:type\" content=\"image\/jpeg\" \/>\n<meta name=\"twitter:card\" content=\"summary_large_image\" \/>\n<script type=\"application\/ld+json\" class=\"yoast-schema-graph\">{\"@context\":\"https:\/\/schema.org\",\"@graph\":[{\"@type\":\"WebPage\",\"@id\":\"http:\/\/recover.lajunglebijoux.com\/es\/producto\/pusera-flor-oro-plata\/\",\"url\":\"http:\/\/recover.lajunglebijoux.com\/es\/producto\/pusera-flor-oro-plata\/\",\"name\":\"Pulsera Flor de Oro o Plata - La Jungle Bijoux\",\"isPartOf\":{\"@id\":\"https:\/\/recover.lajunglebijoux.com\/es\/#website\"},\"primaryImageOfPage\":{\"@id\":\"http:\/\/recover.lajunglebijoux.com\/es\/producto\/pusera-flor-oro-plata\/#primaryimage\"},\"image\":{\"@id\":\"http:\/\/recover.lajunglebijoux.com\/es\/producto\/pusera-flor-oro-plata\/#primaryimage\"},\"thumbnailUrl\":\"http:\/\/recover.lajunglebijoux.com\/wp-content\/uploads\/2022\/12\/bracelet-or-ou-argent.jpg\",\"datePublished\":\"2022-12-07T09:46:59+00:00\",\"dateModified\":\"2023-04-06T11:12:38+00:00\",\"description\":\"\u00a1Ofr\u00e9zca o reg\u00e1late nuestra pulsera rosa en oro o plata! Una joya fina y discreta, hecha a mano en Barcelona, que te dar\u00e1 un look \u00fanico.\",\"breadcrumb\":{\"@id\":\"http:\/\/recover.lajunglebijoux.com\/es\/producto\/pusera-flor-oro-plata\/#breadcrumb\"},\"inLanguage\":\"es\",\"potentialAction\":[{\"@type\":\"ReadAction\",\"target\":[\"http:\/\/recover.lajunglebijoux.com\/es\/producto\/pusera-flor-oro-plata\/\"]}]},{\"@type\":\"ImageObject\",\"inLanguage\":\"es\",\"@id\":\"http:\/\/recover.lajunglebijoux.com\/es\/producto\/pusera-flor-oro-plata\/#primaryimage\",\"url\":\"http:\/\/recover.lajunglebijoux.com\/wp-content\/uploads\/2022\/12\/bracelet-or-ou-argent.jpg\",\"contentUrl\":\"http:\/\/recover.lajunglebijoux.com\/wp-content\/uploads\/2022\/12\/bracelet-or-ou-argent.jpg\",\"width\":2560,\"height\":2560},{\"@type\":\"BreadcrumbList\",\"@id\":\"http:\/\/recover.lajunglebijoux.com\/es\/producto\/pusera-flor-oro-plata\/#breadcrumb\",\"itemListElement\":[{\"@type\":\"ListItem\",\"position\":1,\"name\":\"Portada\",\"item\":\"http:\/\/recover.lajunglebijoux.com\/es\/\"},{\"@type\":\"ListItem\",\"position\":2,\"name\":\"Tienda\",\"item\":\"http:\/\/recover.lajunglebijoux.com\/es\/tienda\/\"},{\"@type\":\"ListItem\",\"position\":3,\"name\":\"Pulsera Flor de Oro o Plata\"}]},{\"@type\":\"WebSite\",\"@id\":\"https:\/\/recover.lajunglebijoux.com\/es\/#website\",\"url\":\"https:\/\/recover.lajunglebijoux.com\/es\/\",\"name\":\"La Jungle Bijoux\",\"description\":\"\",\"publisher\":{\"@id\":\"https:\/\/recover.lajunglebijoux.com\/es\/#organization\"},\"potentialAction\":[{\"@type\":\"SearchAction\",\"target\":{\"@type\":\"EntryPoint\",\"urlTemplate\":\"https:\/\/recover.lajunglebijoux.com\/es\/?s={search_term_string}\"},\"query-input\":\"required name=search_term_string\"}],\"inLanguage\":\"es\"},{\"@type\":\"Organization\",\"@id\":\"https:\/\/recover.lajunglebijoux.com\/es\/#organization\",\"name\":\"La Jungle Bijoux\",\"url\":\"https:\/\/recover.lajunglebijoux.com\/es\/\",\"logo\":{\"@type\":\"ImageObject\",\"inLanguage\":\"es\",\"@id\":\"https:\/\/recover.lajunglebijoux.com\/es\/#\/schema\/logo\/image\/\",\"url\":\"http:\/\/recover.lajunglebijoux.com\/wp-content\/uploads\/2023\/01\/LOGO-FINAL-Fonce.jpg\",\"contentUrl\":\"http:\/\/recover.lajunglebijoux.com\/wp-content\/uploads\/2023\/01\/LOGO-FINAL-Fonce.jpg\",\"width\":900,\"height\":900,\"caption\":\"La Jungle Bijoux\"},\"image\":{\"@id\":\"https:\/\/recover.lajunglebijoux.com\/es\/#\/schema\/logo\/image\/\"}}]}<\/script>\n<!-- \/ Yoast SEO plugin. -->","yoast_head_json":{"title":"Pulsera Flor de Oro o Plata - La Jungle Bijoux","description":"\u00a1Ofr\u00e9zca o reg\u00e1late nuestra pulsera rosa en oro o plata! Una joya fina y discreta, hecha a mano en Barcelona, que te dar\u00e1 un look \u00fanico.","robots":{"index":"index","follow":"follow","max-snippet":"max-snippet:-1","max-image-preview":"max-image-preview:large","max-video-preview":"max-video-preview:-1"},"canonical":"http:\/\/recover.lajunglebijoux.com\/es\/producto\/pusera-flor-oro-plata\/","og_locale":"es_ES","og_type":"article","og_title":"Pulsera Flor de Oro o Plata - La Jungle Bijoux","og_description":"\u00a1Ofr\u00e9zca o reg\u00e1late nuestra pulsera rosa en oro o plata! Una joya fina y discreta, hecha a mano en Barcelona, que te dar\u00e1 un look \u00fanico.","og_url":"http:\/\/recover.lajunglebijoux.com\/es\/producto\/pusera-flor-oro-plata\/","og_site_name":"La Jungle Bijoux","article_modified_time":"2023-04-06T11:12:38+00:00","og_image":[{"width":2560,"height":2560,"url":"http:\/\/recover.lajunglebijoux.com\/wp-content\/uploads\/2022\/12\/bracelet-or-ou-argent.jpg","type":"image\/jpeg"}],"twitter_card":"summary_large_image","schema":{"@context":"https:\/\/schema.org","@graph":[{"@type":"WebPage","@id":"http:\/\/recover.lajunglebijoux.com\/es\/producto\/pusera-flor-oro-plata\/","url":"http:\/\/recover.lajunglebijoux.com\/es\/producto\/pusera-flor-oro-plata\/","name":"Pulsera Flor de Oro o Plata - La Jungle Bijoux","isPartOf":{"@id":"https:\/\/recover.lajunglebijoux.com\/es\/#website"},"primaryImageOfPage":{"@id":"http:\/\/recover.lajunglebijoux.com\/es\/producto\/pusera-flor-oro-plata\/#primaryimage"},"image":{"@id":"http:\/\/recover.lajunglebijoux.com\/es\/producto\/pusera-flor-oro-plata\/#primaryimage"},"thumbnailUrl":"http:\/\/recover.lajunglebijoux.com\/wp-content\/uploads\/2022\/12\/bracelet-or-ou-argent.jpg","datePublished":"2022-12-07T09:46:59+00:00","dateModified":"2023-04-06T11:12:38+00:00","description":"\u00a1Ofr\u00e9zca o reg\u00e1late nuestra pulsera rosa en oro o plata! Una joya fina y discreta, hecha a mano en Barcelona, que te dar\u00e1 un look \u00fanico.","breadcrumb":{"@id":"http:\/\/recover.lajunglebijoux.com\/es\/producto\/pusera-flor-oro-plata\/#breadcrumb"},"inLanguage":"es","potentialAction":[{"@type":"ReadAction","target":["http:\/\/recover.lajunglebijoux.com\/es\/producto\/pusera-flor-oro-plata\/"]}]},{"@type":"ImageObject","inLanguage":"es","@id":"http:\/\/recover.lajunglebijoux.com\/es\/producto\/pusera-flor-oro-plata\/#primaryimage","url":"http:\/\/recover.lajunglebijoux.com\/wp-content\/uploads\/2022\/12\/bracelet-or-ou-argent.jpg","contentUrl":"http:\/\/recover.lajunglebijoux.com\/wp-content\/uploads\/2022\/12\/bracelet-or-ou-argent.jpg","width":2560,"height":2560},{"@type":"BreadcrumbList","@id":"http:\/\/recover.lajunglebijoux.com\/es\/producto\/pusera-flor-oro-plata\/#breadcrumb","itemListElement":[{"@type":"ListItem","position":1,"name":"Portada","item":"http:\/\/recover.lajunglebijoux.com\/es\/"},{"@type":"ListItem","position":2,"name":"Tienda","item":"http:\/\/recover.lajunglebijoux.com\/es\/tienda\/"},{"@type":"ListItem","position":3,"name":"Pulsera Flor de Oro o Plata"}]},{"@type":"WebSite","@id":"https:\/\/recover.lajunglebijoux.com\/es\/#website","url":"https:\/\/recover.lajunglebijoux.com\/es\/","name":"La Jungle Bijoux","description":"","publisher":{"@id":"https:\/\/recover.lajunglebijoux.com\/es\/#organization"},"potentialAction":[{"@type":"SearchAction","target":{"@type":"EntryPoint","urlTemplate":"https:\/\/recover.lajunglebijoux.com\/es\/?s={search_term_string}"},"query-input":"required name=search_term_string"}],"inLanguage":"es"},{"@type":"Organization","@id":"https:\/\/recover.lajunglebijoux.com\/es\/#organization","name":"La Jungle Bijoux","url":"https:\/\/recover.lajunglebijoux.com\/es\/","logo":{"@type":"ImageObject","inLanguage":"es","@id":"https:\/\/recover.lajunglebijoux.com\/es\/#\/schema\/logo\/image\/","url":"http:\/\/recover.lajunglebijoux.com\/wp-content\/uploads\/2023\/01\/LOGO-FINAL-Fonce.jpg","contentUrl":"http:\/\/recover.lajunglebijoux.com\/wp-content\/uploads\/2023\/01\/LOGO-FINAL-Fonce.jpg","width":900,"height":900,"caption":"La Jungle Bijoux"},"image":{"@id":"https:\/\/recover.lajunglebijoux.com\/es\/#\/schema\/logo\/image\/"}}]}},"_links":{"self":[{"href":"http:\/\/recover.lajunglebijoux.com\/es\/wp-json\/wp\/v2\/product\/7529","targetHints":{"allow":["GET"]}}],"collection":[{"href":"http:\/\/recover.lajunglebijoux.com\/es\/wp-json\/wp\/v2\/product"}],"about":[{"href":"http:\/\/recover.lajunglebijoux.com\/es\/wp-json\/wp\/v2\/types\/product"}],"replies":[{"embeddable":true,"href":"http:\/\/recover.lajunglebijoux.com\/es\/wp-json\/wp\/v2\/comments?post=7529"}],"wp:featuredmedia":[{"embeddable":true,"href":"http:\/\/recover.lajunglebijoux.com\/es\/wp-json\/wp\/v2\/media\/7526"}],"wp:attachment":[{"href":"http:\/\/recover.lajunglebijoux.com\/es\/wp-json\/wp\/v2\/media?parent=7529"}],"wp:term":[{"taxonomy":"product_cat","embeddable":true,"href":"http:\/\/recover.lajunglebijoux.com\/es\/wp-json\/wp\/v2\/product_cat?post=7529"},{"taxonomy":"product_tag","embeddable":true,"href":"http:\/\/recover.lajunglebijoux.com\/es\/wp-json\/wp\/v2\/product_tag?post=7529"}],"curies":[{"name":"wp","href":"https:\/\/api.w.org\/{rel}","templated":true}]}}