{"id":7282,"date":"2023-03-13T11:27:37","date_gmt":"2023-03-13T11:27:37","guid":{"rendered":"http:\/\/jkjpwtk.cluster026.hosting.ovh.net\/product\/atelier-bijou-matiere\/"},"modified":"2024-08-16T15:25:21","modified_gmt":"2024-08-16T13:25:21","slug":"taller-joya-textura","status":"publish","type":"product","link":"http:\/\/recover.lajunglebijoux.com\/es\/producto\/taller-joya-textura\/","title":{"rendered":"TALLER &#8211; Crea tu joya con textura de principio a fin"},"content":{"rendered":"<p><strong>Detalles pr\u00e1cticos: <\/strong>Para crear una joya con la calidad necesaria para que dure, es necesario ba\u00f1arlas en oro de 24 kilates. Este proceso lleva unos 10 d\u00edas hasta 2 semanas. Te avisar\u00e9 cuando est\u00e9 lista para que pases a recogerla, o si lo prefieres tambi\u00e9n puedo envi\u00e1rtela (contra reembolso).<\/p>\n<h2><strong>Bienvenidos al taller de La Jungle Joyas<\/strong><\/h2>\n<p>Estoy encantada de abrirte las puertas de mi taller de joyer\u00eda artesanal en pleno centro de Barcelona.<\/p>\n<p>Llevo casi 10 a\u00f1os creando mis joyas para transmitir emociones y poder ser parte de momentos importantes de la vida de mis clientes.<\/p>\n<p>En este taller quiero ense\u00f1arte un poco m\u00e1s sobre mi trabajo y transmitirte un poco de mi pasi\u00f3n. Aviso \u00a1es contagiosa!<\/p>\n<p>Este taller es la oportunidad perfecta para que aprendas m\u00e1s sobre la joyer\u00eda artesanal, sus t\u00e9cnicas y desaf\u00edos. Tambi\u00e9n te ayudar\u00e1 a apreciar mejor el trabajo que hay detr\u00e1s de cada pieza.<\/p>\n<h2><strong>Crea tus propias joyas con textura durante el taller.<\/strong><\/h2>\n<p>Las texturas son una de las se\u00f1as de identidad de La Jungle Bijoux. Todas mis texturas est\u00e1n hechas a mano, y le aportan un car\u00e1cter \u00fanico a cada pieza.<\/p>\n<p>Arenado, cepillado, martillado&#8230; Durante el taller podr\u00e1s familiarizarte con las herramientas de la joyer\u00eda artesanal y \u00a1aprender\u00e1s a crear estas texturas tu misma!<\/p>\n<p>\u00a1Es la oportunidad perfecta para aprender y a la vez crear una pieza de joyer\u00eda \u00fanica que poder usar y de la que estar\u00e1s orgullosa!<\/p>\n","protected":false},"excerpt":{"rendered":"<p>Taller de iniciaci\u00f3n y creaci\u00f3n de joyas en grupos reducidos de m\u00e1ximo 6 personas.<\/p>\n<p>Durante el taller, te abro las puertas de mi taller de joyer\u00eda en Barcelona para que descubras todos los detalles de mi profesi\u00f3n, y a la vez puedas llevarte tu propia joya artesanal a casa.<\/p>\n<p>Te guiar\u00e9 paso a paso para crear una joya <strong>ba\u00f1ada en oro fino de 24 kilates o chapada de oro (m\u00e1s resistente)<\/strong> a la que daremos la textura que t\u00fa elijas.<\/p>\n<p><strong>El dia del taller de joyas, podr\u00e1s elegir:<\/strong><\/p>\n<ul>\n<li>El tipo de joya que quieres crear, entre un anillo, collar o pulsera.<\/li>\n<li>Su forma (redondo, rectangular, irregular&#8230; lo que t\u00fa imaginaci\u00f3n te pida).<\/li>\n<li>La textura final que prefieras (martillado o cepillado).<\/li>\n<\/ul>\n<p>No te preocupes, puedes tomar estas decisiones el mismo d\u00eda en el taller, viendo ejemplos de cada una.<\/p>\n<p><strong>Duraci\u00f3n del taller:<\/strong> Entre 1H30 y 2 horas aproximadamente.<\/p>\n<p><strong>Ubicaci\u00f3n del taller:<\/strong> Mi taller est\u00e1 ubicado en el Carrer de la Reina Amalia, en el centro de Barcelona, entre el Paralel y Sant Antoni (Te proporcionar\u00e9 la direcci\u00f3n exacta junto con la confirmaci\u00f3n de la clase).<\/p>\n<p><strong>Fechas disponibles para el taller de joyer\u00eda:<\/strong><\/p>\n<ul>\n<li><strong>Si ninguna de las fechas te conviene<\/strong>, puedes reservar tu taller directamente con la opci\u00f3n \u00ab<strong>otra fecha<\/strong>\u00bb y me pondr\u00e9 en contacto contigo lo antes posible para acordar juntos una fecha y una hora.<\/li>\n<li>Para <strong>un bono regalo<\/strong>, le env\u00edo en 48 horas por correo electr\u00f3nico, un cheque regalo a imprimir para ofrecer a la(s) persona(s) con toda la informaci\u00f3n para ponerse en contacto conmigo y elegir la fecha de su taller.<\/li>\n<li><strong>El vale del taller de joyas estara valido un a\u00f1o, puedes cambiar la fecha <\/strong>avisandome con minimo 48h de antelacion, gracias.<\/li>\n<\/ul>\n","protected":false},"featured_media":10722,"comment_status":"open","ping_status":"closed","template":"","meta":{"_acf_changed":false},"product_cat":[16],"product_tag":[],"class_list":{"0":"post-7282","1":"product","2":"type-product","3":"status-publish","4":"has-post-thumbnail","6":"product_cat-uncategorized","8":"first","9":"instock","10":"shipping-taxable","11":"purchasable","12":"product-type-variable"},"acf":[],"yoast_head":"<!-- This site is optimized with the Yoast SEO plugin v23.3 - https:\/\/yoast.com\/wordpress\/plugins\/seo\/ -->\n<title>TALLER - Crea tu joya con textura de principio a fin - La Jungle Bijoux<\/title>\n<meta name=\"description\" content=\"\u00bfPrefiere una textura martillada, cepillada o estriada? Aprenda a crear un efecto en tus joyas artesanales en un taller de joyer\u00eda de principio a fin\" \/>\n<meta name=\"robots\" content=\"index, follow, max-snippet:-1, max-image-preview:large, max-video-preview:-1\" \/>\n<link rel=\"canonical\" href=\"http:\/\/recover.lajunglebijoux.com\/es\/producto\/taller-joya-textura\/\" \/>\n<meta property=\"og:locale\" content=\"es_ES\" \/>\n<meta property=\"og:type\" content=\"article\" \/>\n<meta property=\"og:title\" content=\"TALLER - Crea tu joya con textura de principio a fin - La Jungle Bijoux\" \/>\n<meta property=\"og:description\" content=\"\u00bfPrefiere una textura martillada, cepillada o estriada? Aprenda a crear un efecto en tus joyas artesanales en un taller de joyer\u00eda de principio a fin\" \/>\n<meta property=\"og:url\" content=\"http:\/\/recover.lajunglebijoux.com\/es\/producto\/taller-joya-textura\/\" \/>\n<meta property=\"og:site_name\" content=\"La Jungle Bijoux\" \/>\n<meta property=\"article:modified_time\" content=\"2024-08-16T13:25:21+00:00\" \/>\n<meta property=\"og:image\" content=\"http:\/\/recover.lajunglebijoux.com\/wp-content\/uploads\/2023\/03\/Atelier-bijoux-effet-de-matiere-1.jpg\" \/>\n\t<meta property=\"og:image:width\" content=\"1080\" \/>\n\t<meta property=\"og:image:height\" content=\"1080\" \/>\n\t<meta property=\"og:image:type\" content=\"image\/jpeg\" \/>\n<meta name=\"twitter:card\" content=\"summary_large_image\" \/>\n<meta name=\"twitter:label1\" content=\"Tiempo de lectura\" \/>\n\t<meta name=\"twitter:data1\" content=\"2 minutos\" \/>\n<script type=\"application\/ld+json\" class=\"yoast-schema-graph\">{\"@context\":\"https:\/\/schema.org\",\"@graph\":[{\"@type\":\"WebPage\",\"@id\":\"http:\/\/recover.lajunglebijoux.com\/es\/producto\/taller-joya-textura\/\",\"url\":\"http:\/\/recover.lajunglebijoux.com\/es\/producto\/taller-joya-textura\/\",\"name\":\"TALLER - Crea tu joya con textura de principio a fin - La Jungle Bijoux\",\"isPartOf\":{\"@id\":\"https:\/\/recover.lajunglebijoux.com\/es\/#website\"},\"primaryImageOfPage\":{\"@id\":\"http:\/\/recover.lajunglebijoux.com\/es\/producto\/taller-joya-textura\/#primaryimage\"},\"image\":{\"@id\":\"http:\/\/recover.lajunglebijoux.com\/es\/producto\/taller-joya-textura\/#primaryimage\"},\"thumbnailUrl\":\"http:\/\/recover.lajunglebijoux.com\/wp-content\/uploads\/2023\/03\/Atelier-bijoux-effet-de-matiere-1.jpg\",\"datePublished\":\"2023-03-13T11:27:37+00:00\",\"dateModified\":\"2024-08-16T13:25:21+00:00\",\"description\":\"\u00bfPrefiere una textura martillada, cepillada o estriada? Aprenda a crear un efecto en tus joyas artesanales en un taller de joyer\u00eda de principio a fin\",\"breadcrumb\":{\"@id\":\"http:\/\/recover.lajunglebijoux.com\/es\/producto\/taller-joya-textura\/#breadcrumb\"},\"inLanguage\":\"es\",\"potentialAction\":[{\"@type\":\"ReadAction\",\"target\":[\"http:\/\/recover.lajunglebijoux.com\/es\/producto\/taller-joya-textura\/\"]}]},{\"@type\":\"ImageObject\",\"inLanguage\":\"es\",\"@id\":\"http:\/\/recover.lajunglebijoux.com\/es\/producto\/taller-joya-textura\/#primaryimage\",\"url\":\"http:\/\/recover.lajunglebijoux.com\/wp-content\/uploads\/2023\/03\/Atelier-bijoux-effet-de-matiere-1.jpg\",\"contentUrl\":\"http:\/\/recover.lajunglebijoux.com\/wp-content\/uploads\/2023\/03\/Atelier-bijoux-effet-de-matiere-1.jpg\",\"width\":1080,\"height\":1080,\"caption\":\"Taller joyeria Barcelona joyas original mujeres\"},{\"@type\":\"BreadcrumbList\",\"@id\":\"http:\/\/recover.lajunglebijoux.com\/es\/producto\/taller-joya-textura\/#breadcrumb\",\"itemListElement\":[{\"@type\":\"ListItem\",\"position\":1,\"name\":\"Portada\",\"item\":\"http:\/\/recover.lajunglebijoux.com\/es\/\"},{\"@type\":\"ListItem\",\"position\":2,\"name\":\"Tienda\",\"item\":\"http:\/\/recover.lajunglebijoux.com\/es\/tienda\/\"},{\"@type\":\"ListItem\",\"position\":3,\"name\":\"TALLER &#8211; Crea tu joya con textura de principio a fin\"}]},{\"@type\":\"WebSite\",\"@id\":\"https:\/\/recover.lajunglebijoux.com\/es\/#website\",\"url\":\"https:\/\/recover.lajunglebijoux.com\/es\/\",\"name\":\"La Jungle Bijoux\",\"description\":\"\",\"publisher\":{\"@id\":\"https:\/\/recover.lajunglebijoux.com\/es\/#organization\"},\"potentialAction\":[{\"@type\":\"SearchAction\",\"target\":{\"@type\":\"EntryPoint\",\"urlTemplate\":\"https:\/\/recover.lajunglebijoux.com\/es\/?s={search_term_string}\"},\"query-input\":\"required name=search_term_string\"}],\"inLanguage\":\"es\"},{\"@type\":\"Organization\",\"@id\":\"https:\/\/recover.lajunglebijoux.com\/es\/#organization\",\"name\":\"La Jungle Bijoux\",\"url\":\"https:\/\/recover.lajunglebijoux.com\/es\/\",\"logo\":{\"@type\":\"ImageObject\",\"inLanguage\":\"es\",\"@id\":\"https:\/\/recover.lajunglebijoux.com\/es\/#\/schema\/logo\/image\/\",\"url\":\"http:\/\/recover.lajunglebijoux.com\/wp-content\/uploads\/2023\/01\/LOGO-FINAL-Fonce.jpg\",\"contentUrl\":\"http:\/\/recover.lajunglebijoux.com\/wp-content\/uploads\/2023\/01\/LOGO-FINAL-Fonce.jpg\",\"width\":900,\"height\":900,\"caption\":\"La Jungle Bijoux\"},\"image\":{\"@id\":\"https:\/\/recover.lajunglebijoux.com\/es\/#\/schema\/logo\/image\/\"}}]}<\/script>\n<!-- \/ Yoast SEO plugin. -->","yoast_head_json":{"title":"TALLER - Crea tu joya con textura de principio a fin - La Jungle Bijoux","description":"\u00bfPrefiere una textura martillada, cepillada o estriada? Aprenda a crear un efecto en tus joyas artesanales en un taller de joyer\u00eda de principio a fin","robots":{"index":"index","follow":"follow","max-snippet":"max-snippet:-1","max-image-preview":"max-image-preview:large","max-video-preview":"max-video-preview:-1"},"canonical":"http:\/\/recover.lajunglebijoux.com\/es\/producto\/taller-joya-textura\/","og_locale":"es_ES","og_type":"article","og_title":"TALLER - Crea tu joya con textura de principio a fin - La Jungle Bijoux","og_description":"\u00bfPrefiere una textura martillada, cepillada o estriada? Aprenda a crear un efecto en tus joyas artesanales en un taller de joyer\u00eda de principio a fin","og_url":"http:\/\/recover.lajunglebijoux.com\/es\/producto\/taller-joya-textura\/","og_site_name":"La Jungle Bijoux","article_modified_time":"2024-08-16T13:25:21+00:00","og_image":[{"width":1080,"height":1080,"url":"http:\/\/recover.lajunglebijoux.com\/wp-content\/uploads\/2023\/03\/Atelier-bijoux-effet-de-matiere-1.jpg","type":"image\/jpeg"}],"twitter_card":"summary_large_image","twitter_misc":{"Tiempo de lectura":"2 minutos"},"schema":{"@context":"https:\/\/schema.org","@graph":[{"@type":"WebPage","@id":"http:\/\/recover.lajunglebijoux.com\/es\/producto\/taller-joya-textura\/","url":"http:\/\/recover.lajunglebijoux.com\/es\/producto\/taller-joya-textura\/","name":"TALLER - Crea tu joya con textura de principio a fin - La Jungle Bijoux","isPartOf":{"@id":"https:\/\/recover.lajunglebijoux.com\/es\/#website"},"primaryImageOfPage":{"@id":"http:\/\/recover.lajunglebijoux.com\/es\/producto\/taller-joya-textura\/#primaryimage"},"image":{"@id":"http:\/\/recover.lajunglebijoux.com\/es\/producto\/taller-joya-textura\/#primaryimage"},"thumbnailUrl":"http:\/\/recover.lajunglebijoux.com\/wp-content\/uploads\/2023\/03\/Atelier-bijoux-effet-de-matiere-1.jpg","datePublished":"2023-03-13T11:27:37+00:00","dateModified":"2024-08-16T13:25:21+00:00","description":"\u00bfPrefiere una textura martillada, cepillada o estriada? Aprenda a crear un efecto en tus joyas artesanales en un taller de joyer\u00eda de principio a fin","breadcrumb":{"@id":"http:\/\/recover.lajunglebijoux.com\/es\/producto\/taller-joya-textura\/#breadcrumb"},"inLanguage":"es","potentialAction":[{"@type":"ReadAction","target":["http:\/\/recover.lajunglebijoux.com\/es\/producto\/taller-joya-textura\/"]}]},{"@type":"ImageObject","inLanguage":"es","@id":"http:\/\/recover.lajunglebijoux.com\/es\/producto\/taller-joya-textura\/#primaryimage","url":"http:\/\/recover.lajunglebijoux.com\/wp-content\/uploads\/2023\/03\/Atelier-bijoux-effet-de-matiere-1.jpg","contentUrl":"http:\/\/recover.lajunglebijoux.com\/wp-content\/uploads\/2023\/03\/Atelier-bijoux-effet-de-matiere-1.jpg","width":1080,"height":1080,"caption":"Taller joyeria Barcelona joyas original mujeres"},{"@type":"BreadcrumbList","@id":"http:\/\/recover.lajunglebijoux.com\/es\/producto\/taller-joya-textura\/#breadcrumb","itemListElement":[{"@type":"ListItem","position":1,"name":"Portada","item":"http:\/\/recover.lajunglebijoux.com\/es\/"},{"@type":"ListItem","position":2,"name":"Tienda","item":"http:\/\/recover.lajunglebijoux.com\/es\/tienda\/"},{"@type":"ListItem","position":3,"name":"TALLER &#8211; Crea tu joya con textura de principio a fin"}]},{"@type":"WebSite","@id":"https:\/\/recover.lajunglebijoux.com\/es\/#website","url":"https:\/\/recover.lajunglebijoux.com\/es\/","name":"La Jungle Bijoux","description":"","publisher":{"@id":"https:\/\/recover.lajunglebijoux.com\/es\/#organization"},"potentialAction":[{"@type":"SearchAction","target":{"@type":"EntryPoint","urlTemplate":"https:\/\/recover.lajunglebijoux.com\/es\/?s={search_term_string}"},"query-input":"required name=search_term_string"}],"inLanguage":"es"},{"@type":"Organization","@id":"https:\/\/recover.lajunglebijoux.com\/es\/#organization","name":"La Jungle Bijoux","url":"https:\/\/recover.lajunglebijoux.com\/es\/","logo":{"@type":"ImageObject","inLanguage":"es","@id":"https:\/\/recover.lajunglebijoux.com\/es\/#\/schema\/logo\/image\/","url":"http:\/\/recover.lajunglebijoux.com\/wp-content\/uploads\/2023\/01\/LOGO-FINAL-Fonce.jpg","contentUrl":"http:\/\/recover.lajunglebijoux.com\/wp-content\/uploads\/2023\/01\/LOGO-FINAL-Fonce.jpg","width":900,"height":900,"caption":"La Jungle Bijoux"},"image":{"@id":"https:\/\/recover.lajunglebijoux.com\/es\/#\/schema\/logo\/image\/"}}]}},"_links":{"self":[{"href":"http:\/\/recover.lajunglebijoux.com\/es\/wp-json\/wp\/v2\/product\/7282","targetHints":{"allow":["GET"]}}],"collection":[{"href":"http:\/\/recover.lajunglebijoux.com\/es\/wp-json\/wp\/v2\/product"}],"about":[{"href":"http:\/\/recover.lajunglebijoux.com\/es\/wp-json\/wp\/v2\/types\/product"}],"replies":[{"embeddable":true,"href":"http:\/\/recover.lajunglebijoux.com\/es\/wp-json\/wp\/v2\/comments?post=7282"}],"wp:featuredmedia":[{"embeddable":true,"href":"http:\/\/recover.lajunglebijoux.com\/es\/wp-json\/wp\/v2\/media\/10722"}],"wp:attachment":[{"href":"http:\/\/recover.lajunglebijoux.com\/es\/wp-json\/wp\/v2\/media?parent=7282"}],"wp:term":[{"taxonomy":"product_cat","embeddable":true,"href":"http:\/\/recover.lajunglebijoux.com\/es\/wp-json\/wp\/v2\/product_cat?post=7282"},{"taxonomy":"product_tag","embeddable":true,"href":"http:\/\/recover.lajunglebijoux.com\/es\/wp-json\/wp\/v2\/product_tag?post=7282"}],"curies":[{"name":"wp","href":"https:\/\/api.w.org\/{rel}","templated":true}]}}