{"id":4701,"date":"2023-01-02T11:16:30","date_gmt":"2023-01-02T09:16:30","guid":{"rendered":"http:\/\/jkjpwtk.cluster026.hosting.ovh.net\/product\/boucles-oreilles-soleil-oeil\/"},"modified":"2023-05-05T21:33:43","modified_gmt":"2023-05-05T21:33:43","slug":"pendientes-sol-ojo","status":"publish","type":"product","link":"http:\/\/recover.lajunglebijoux.com\/es\/producto\/pendientes-sol-ojo\/","title":{"rendered":"Pendientes sol y ojo Camino de la Vida oro"},"content":{"rendered":"<h2><b>Unas palabras de Jen, dise\u00f1adora de La Jungle Joyas<\/b><\/h2>\n<p><span style=\"font-weight: 400;\">Para crear estos pendientes, eleg\u00ed dos s\u00edmbolos que me encanta utilizar en mis joyas, ya que son universales pero encierran significados muy interesantes: el sol y el tercer ojo.<\/span><\/p>\n<p><span style=\"font-weight: 400;\">El sol es un elemento divino, s\u00edmbolo de la creaci\u00f3n. Es el origen de la vida, es la esperanza de una renovaci\u00f3n que comienza cada d\u00eda.<\/span><\/p>\n<p><span style=\"font-weight: 400;\">El tercer ojo es una met\u00e1fora oriental para designar, m\u00e1s all\u00e1 de nuestros ojos, un ojo suplementario: el del autoconocimiento. Llevarlo y mirar a trav\u00e9s de \u00e9l con regularidad nos invita a conocernos mejor para poder responder perfectamente a nuestras necesidades y as\u00ed florecer, brillar y compartir nuestra hermosa energ\u00eda a nuestro alrededor. El tercer ojo es una puerta a nuestro mundo interior, a nuestra verdad \u00fanica.<\/span><\/p>\n<p><span style=\"font-weight: 400;\">Los pendientes de sol y ojo son un recordatorio de que, conoci\u00e9ndote a ti misma, podr\u00e1s crear una vida plena. El camino hacia tu nueva vida no tiene l\u00ednea de meta, ya que est\u00e1s en constante cambio y evoluci\u00f3n, por lo que nunca terminar\u00e1s de conocerte a la perfecci\u00f3n.<\/span><\/p>\n<p><span style=\"font-weight: 400;\">Para que camines por tu vida con ligereza, he energizado los pendientes de sol y ojo con una intenci\u00f3n de alegr\u00eda y gratitud. Es una verdadera joya talism\u00e1n, pero si s\u00f3lo te gusta por la est\u00e9tica, tambi\u00e9n est\u00e1 perfecto as\u00ed.<\/span><\/p>\n<p>&nbsp;<\/p>\n","protected":false},"excerpt":{"rendered":"<p><span style=\"font-weight: 400;\">Los pendientes Camino de la Vida presentan dos s\u00edmbolos populares de Jungle Joyas : el ojo y el sol. Muy ligeros de llevar a pesar de su imponente tama\u00f1o, los pendientes sol y ojo iluminan su rostro y aportan un toque de luz a su atuendo.<\/span><\/p>\n<p><span style=\"font-weight: 400;\">Los pendientes Chemin de Vie se fabrican artesanalmente en el taller La Jungle de Barcelona, en oro fino de 24 quilates de alta resistencia sobre una base de lat\u00f3n.<\/span><\/p>\n<p><span style=\"font-weight: 400;\">Est\u00e1n disponibles en cantidades muy reducidas, \u00a1as\u00ed que no dudes si te gustan!<\/span><\/p>\n","protected":false},"featured_media":4317,"comment_status":"open","ping_status":"closed","template":"","meta":{"_acf_changed":false},"product_cat":[244],"product_tag":[],"class_list":{"0":"post-4701","1":"product","2":"type-product","3":"status-publish","4":"has-post-thumbnail","6":"product_cat-life-es","7":"pa_modele-pendientes","8":"pa_theme-joyas-energeticas","9":"pa_theme-joyas-astral-tarot","10":"pa_theme-estilo-vintage","12":"first","13":"outofstock","14":"sale","15":"shipping-taxable","16":"purchasable","17":"product-type-simple"},"acf":[],"yoast_head":"<!-- This site is optimized with the Yoast SEO plugin v23.3 - https:\/\/yoast.com\/wordpress\/plugins\/seo\/ -->\n<title>Pendientes sol y ojo Camino de la Vida oro - La Jungle Bijoux<\/title>\n<meta name=\"description\" content=\"Nos encantan los pendientes sol y ojo, Camino de vida. Una joya impresionante que ilumina tu rostro, hecha en Barcelona. Disponibles en peque\u00f1as cantidades.\" \/>\n<meta name=\"robots\" content=\"index, follow, max-snippet:-1, max-image-preview:large, max-video-preview:-1\" \/>\n<link rel=\"canonical\" href=\"http:\/\/recover.lajunglebijoux.com\/es\/producto\/pendientes-sol-ojo\/\" \/>\n<meta property=\"og:locale\" content=\"es_ES\" \/>\n<meta property=\"og:type\" content=\"article\" \/>\n<meta property=\"og:title\" content=\"Pendientes sol y ojo Camino de la Vida oro - La Jungle Bijoux\" \/>\n<meta property=\"og:description\" content=\"Nos encantan los pendientes sol y ojo, Camino de vida. Una joya impresionante que ilumina tu rostro, hecha en Barcelona. Disponibles en peque\u00f1as cantidades.\" \/>\n<meta property=\"og:url\" content=\"http:\/\/recover.lajunglebijoux.com\/es\/producto\/pendientes-sol-ojo\/\" \/>\n<meta property=\"og:site_name\" content=\"La Jungle Bijoux\" \/>\n<meta property=\"article:modified_time\" content=\"2023-05-05T21:33:43+00:00\" \/>\n<meta property=\"og:image\" content=\"http:\/\/recover.lajunglebijoux.com\/wp-content\/uploads\/2023\/01\/IMG_20221111_092853-scaled.jpg\" \/>\n\t<meta property=\"og:image:width\" content=\"3456\" \/>\n\t<meta property=\"og:image:height\" content=\"4608\" \/>\n\t<meta property=\"og:image:type\" content=\"image\/jpeg\" \/>\n<meta name=\"twitter:card\" content=\"summary_large_image\" \/>\n<meta name=\"twitter:label1\" content=\"Tiempo de lectura\" \/>\n\t<meta name=\"twitter:data1\" content=\"2 minutos\" \/>\n<script type=\"application\/ld+json\" class=\"yoast-schema-graph\">{\"@context\":\"https:\/\/schema.org\",\"@graph\":[{\"@type\":\"WebPage\",\"@id\":\"http:\/\/recover.lajunglebijoux.com\/es\/producto\/pendientes-sol-ojo\/\",\"url\":\"http:\/\/recover.lajunglebijoux.com\/es\/producto\/pendientes-sol-ojo\/\",\"name\":\"Pendientes sol y ojo Camino de la Vida oro - La Jungle Bijoux\",\"isPartOf\":{\"@id\":\"https:\/\/recover.lajunglebijoux.com\/es\/#website\"},\"primaryImageOfPage\":{\"@id\":\"http:\/\/recover.lajunglebijoux.com\/es\/producto\/pendientes-sol-ojo\/#primaryimage\"},\"image\":{\"@id\":\"http:\/\/recover.lajunglebijoux.com\/es\/producto\/pendientes-sol-ojo\/#primaryimage\"},\"thumbnailUrl\":\"http:\/\/recover.lajunglebijoux.com\/wp-content\/uploads\/2023\/01\/IMG_20221111_092853-scaled.jpg\",\"datePublished\":\"2023-01-02T09:16:30+00:00\",\"dateModified\":\"2023-05-05T21:33:43+00:00\",\"description\":\"Nos encantan los pendientes sol y ojo, Camino de vida. Una joya impresionante que ilumina tu rostro, hecha en Barcelona. Disponibles en peque\u00f1as cantidades.\",\"breadcrumb\":{\"@id\":\"http:\/\/recover.lajunglebijoux.com\/es\/producto\/pendientes-sol-ojo\/#breadcrumb\"},\"inLanguage\":\"es\",\"potentialAction\":[{\"@type\":\"ReadAction\",\"target\":[\"http:\/\/recover.lajunglebijoux.com\/es\/producto\/pendientes-sol-ojo\/\"]}]},{\"@type\":\"ImageObject\",\"inLanguage\":\"es\",\"@id\":\"http:\/\/recover.lajunglebijoux.com\/es\/producto\/pendientes-sol-ojo\/#primaryimage\",\"url\":\"http:\/\/recover.lajunglebijoux.com\/wp-content\/uploads\/2023\/01\/IMG_20221111_092853-scaled.jpg\",\"contentUrl\":\"http:\/\/recover.lajunglebijoux.com\/wp-content\/uploads\/2023\/01\/IMG_20221111_092853-scaled.jpg\",\"width\":3456,\"height\":4608,\"caption\":\"boucles oreilles troisieme oeil soleil\"},{\"@type\":\"BreadcrumbList\",\"@id\":\"http:\/\/recover.lajunglebijoux.com\/es\/producto\/pendientes-sol-ojo\/#breadcrumb\",\"itemListElement\":[{\"@type\":\"ListItem\",\"position\":1,\"name\":\"Portada\",\"item\":\"https:\/\/recover.lajunglebijoux.com\/es\/\"},{\"@type\":\"ListItem\",\"position\":2,\"name\":\"Tienda\",\"item\":\"https:\/\/recover.lajunglebijoux.com\/es\/tienda\/\"},{\"@type\":\"ListItem\",\"position\":3,\"name\":\"Pendientes sol y ojo Camino de la Vida oro\"}]},{\"@type\":\"WebSite\",\"@id\":\"https:\/\/recover.lajunglebijoux.com\/es\/#website\",\"url\":\"https:\/\/recover.lajunglebijoux.com\/es\/\",\"name\":\"La Jungle Bijoux\",\"description\":\"\",\"publisher\":{\"@id\":\"https:\/\/recover.lajunglebijoux.com\/es\/#organization\"},\"potentialAction\":[{\"@type\":\"SearchAction\",\"target\":{\"@type\":\"EntryPoint\",\"urlTemplate\":\"https:\/\/recover.lajunglebijoux.com\/es\/?s={search_term_string}\"},\"query-input\":\"required name=search_term_string\"}],\"inLanguage\":\"es\"},{\"@type\":\"Organization\",\"@id\":\"https:\/\/recover.lajunglebijoux.com\/es\/#organization\",\"name\":\"La Jungle Bijoux\",\"url\":\"https:\/\/recover.lajunglebijoux.com\/es\/\",\"logo\":{\"@type\":\"ImageObject\",\"inLanguage\":\"es\",\"@id\":\"https:\/\/recover.lajunglebijoux.com\/es\/#\/schema\/logo\/image\/\",\"url\":\"http:\/\/recover.lajunglebijoux.com\/wp-content\/uploads\/2023\/01\/LOGO-FINAL-Fonce.jpg\",\"contentUrl\":\"http:\/\/recover.lajunglebijoux.com\/wp-content\/uploads\/2023\/01\/LOGO-FINAL-Fonce.jpg\",\"width\":900,\"height\":900,\"caption\":\"La Jungle Bijoux\"},\"image\":{\"@id\":\"https:\/\/recover.lajunglebijoux.com\/es\/#\/schema\/logo\/image\/\"}}]}<\/script>\n<!-- \/ Yoast SEO plugin. -->","yoast_head_json":{"title":"Pendientes sol y ojo Camino de la Vida oro - La Jungle Bijoux","description":"Nos encantan los pendientes sol y ojo, Camino de vida. Una joya impresionante que ilumina tu rostro, hecha en Barcelona. Disponibles en peque\u00f1as cantidades.","robots":{"index":"index","follow":"follow","max-snippet":"max-snippet:-1","max-image-preview":"max-image-preview:large","max-video-preview":"max-video-preview:-1"},"canonical":"http:\/\/recover.lajunglebijoux.com\/es\/producto\/pendientes-sol-ojo\/","og_locale":"es_ES","og_type":"article","og_title":"Pendientes sol y ojo Camino de la Vida oro - La Jungle Bijoux","og_description":"Nos encantan los pendientes sol y ojo, Camino de vida. Una joya impresionante que ilumina tu rostro, hecha en Barcelona. Disponibles en peque\u00f1as cantidades.","og_url":"http:\/\/recover.lajunglebijoux.com\/es\/producto\/pendientes-sol-ojo\/","og_site_name":"La Jungle Bijoux","article_modified_time":"2023-05-05T21:33:43+00:00","og_image":[{"width":3456,"height":4608,"url":"http:\/\/recover.lajunglebijoux.com\/wp-content\/uploads\/2023\/01\/IMG_20221111_092853-scaled.jpg","type":"image\/jpeg"}],"twitter_card":"summary_large_image","twitter_misc":{"Tiempo de lectura":"2 minutos"},"schema":{"@context":"https:\/\/schema.org","@graph":[{"@type":"WebPage","@id":"http:\/\/recover.lajunglebijoux.com\/es\/producto\/pendientes-sol-ojo\/","url":"http:\/\/recover.lajunglebijoux.com\/es\/producto\/pendientes-sol-ojo\/","name":"Pendientes sol y ojo Camino de la Vida oro - La Jungle Bijoux","isPartOf":{"@id":"https:\/\/recover.lajunglebijoux.com\/es\/#website"},"primaryImageOfPage":{"@id":"http:\/\/recover.lajunglebijoux.com\/es\/producto\/pendientes-sol-ojo\/#primaryimage"},"image":{"@id":"http:\/\/recover.lajunglebijoux.com\/es\/producto\/pendientes-sol-ojo\/#primaryimage"},"thumbnailUrl":"http:\/\/recover.lajunglebijoux.com\/wp-content\/uploads\/2023\/01\/IMG_20221111_092853-scaled.jpg","datePublished":"2023-01-02T09:16:30+00:00","dateModified":"2023-05-05T21:33:43+00:00","description":"Nos encantan los pendientes sol y ojo, Camino de vida. Una joya impresionante que ilumina tu rostro, hecha en Barcelona. Disponibles en peque\u00f1as cantidades.","breadcrumb":{"@id":"http:\/\/recover.lajunglebijoux.com\/es\/producto\/pendientes-sol-ojo\/#breadcrumb"},"inLanguage":"es","potentialAction":[{"@type":"ReadAction","target":["http:\/\/recover.lajunglebijoux.com\/es\/producto\/pendientes-sol-ojo\/"]}]},{"@type":"ImageObject","inLanguage":"es","@id":"http:\/\/recover.lajunglebijoux.com\/es\/producto\/pendientes-sol-ojo\/#primaryimage","url":"http:\/\/recover.lajunglebijoux.com\/wp-content\/uploads\/2023\/01\/IMG_20221111_092853-scaled.jpg","contentUrl":"http:\/\/recover.lajunglebijoux.com\/wp-content\/uploads\/2023\/01\/IMG_20221111_092853-scaled.jpg","width":3456,"height":4608,"caption":"boucles oreilles troisieme oeil soleil"},{"@type":"BreadcrumbList","@id":"http:\/\/recover.lajunglebijoux.com\/es\/producto\/pendientes-sol-ojo\/#breadcrumb","itemListElement":[{"@type":"ListItem","position":1,"name":"Portada","item":"https:\/\/recover.lajunglebijoux.com\/es\/"},{"@type":"ListItem","position":2,"name":"Tienda","item":"https:\/\/recover.lajunglebijoux.com\/es\/tienda\/"},{"@type":"ListItem","position":3,"name":"Pendientes sol y ojo Camino de la Vida oro"}]},{"@type":"WebSite","@id":"https:\/\/recover.lajunglebijoux.com\/es\/#website","url":"https:\/\/recover.lajunglebijoux.com\/es\/","name":"La Jungle Bijoux","description":"","publisher":{"@id":"https:\/\/recover.lajunglebijoux.com\/es\/#organization"},"potentialAction":[{"@type":"SearchAction","target":{"@type":"EntryPoint","urlTemplate":"https:\/\/recover.lajunglebijoux.com\/es\/?s={search_term_string}"},"query-input":"required name=search_term_string"}],"inLanguage":"es"},{"@type":"Organization","@id":"https:\/\/recover.lajunglebijoux.com\/es\/#organization","name":"La Jungle Bijoux","url":"https:\/\/recover.lajunglebijoux.com\/es\/","logo":{"@type":"ImageObject","inLanguage":"es","@id":"https:\/\/recover.lajunglebijoux.com\/es\/#\/schema\/logo\/image\/","url":"http:\/\/recover.lajunglebijoux.com\/wp-content\/uploads\/2023\/01\/LOGO-FINAL-Fonce.jpg","contentUrl":"http:\/\/recover.lajunglebijoux.com\/wp-content\/uploads\/2023\/01\/LOGO-FINAL-Fonce.jpg","width":900,"height":900,"caption":"La Jungle Bijoux"},"image":{"@id":"https:\/\/recover.lajunglebijoux.com\/es\/#\/schema\/logo\/image\/"}}]}},"_links":{"self":[{"href":"http:\/\/recover.lajunglebijoux.com\/es\/wp-json\/wp\/v2\/product\/4701","targetHints":{"allow":["GET"]}}],"collection":[{"href":"http:\/\/recover.lajunglebijoux.com\/es\/wp-json\/wp\/v2\/product"}],"about":[{"href":"http:\/\/recover.lajunglebijoux.com\/es\/wp-json\/wp\/v2\/types\/product"}],"replies":[{"embeddable":true,"href":"http:\/\/recover.lajunglebijoux.com\/es\/wp-json\/wp\/v2\/comments?post=4701"}],"wp:featuredmedia":[{"embeddable":true,"href":"http:\/\/recover.lajunglebijoux.com\/es\/wp-json\/wp\/v2\/media\/4317"}],"wp:attachment":[{"href":"http:\/\/recover.lajunglebijoux.com\/es\/wp-json\/wp\/v2\/media?parent=4701"}],"wp:term":[{"taxonomy":"product_cat","embeddable":true,"href":"http:\/\/recover.lajunglebijoux.com\/es\/wp-json\/wp\/v2\/product_cat?post=4701"},{"taxonomy":"product_tag","embeddable":true,"href":"http:\/\/recover.lajunglebijoux.com\/es\/wp-json\/wp\/v2\/product_tag?post=4701"}],"curies":[{"name":"wp","href":"https:\/\/api.w.org\/{rel}","templated":true}]}}